{"id":5926,"date":"2022-02-22T08:28:02","date_gmt":"2022-02-22T08:28:02","guid":{"rendered":"https:\/\/medicinasinc.com\/pt\/?post_type=product&#038;p=5926"},"modified":"2022-07-05T22:44:30","modified_gmt":"2022-07-05T22:44:30","slug":"comprar-thj-018","status":"publish","type":"product","link":"https:\/\/medicinasinc.com\/pt\/product\/comprar-thj-018\/","title":{"rendered":"Compre THJ-018"},"content":{"rendered":"<p>Apesar da crescente preval\u00eancia de novos compostos psicoativos, atualmente n\u00e3o h\u00e1 dados dispon\u00edveis sobre o metabolismo humano, dificultando a documenta\u00e7\u00e3o laboratorial da ingest\u00e3o em amostras de urina e a avalia\u00e7\u00e3o das caracter\u00edsticas farmacodin\u00e2micas, farmacocin\u00e9ticas e toxicol\u00f3gicas dos medicamentos.<\/p>\n<p>An\u00e1logos sint\u00e9ticos de indazol de cannabis de JWH-018 e THJ-2201 foram lan\u00e7ados em 2014 como THJ-018 e THJ-2201.<\/p>\n<p>THJ 018 \u00e9 um novo medicamento sint\u00e9tico dispon\u00edvel para compra. \u00c9 classificado como um canabin\u00f3ide. Este composto \u00e9 um derivado do conhecido f\u00e1rmaco jwh 018.<\/p>\n<p>O National Forensic Laboratory Information System tem 220 relat\u00f3rios THJ-2201, de acordo com o AM-2201. Em janeiro de 2015, a Drug Enforcement Administration classificou o THJ-2201 como Schedule I devido a muitas ocorr\u00eancias adversas.<\/p>\n<p>M\u00c9TODOS: Ap\u00f3s incubar 10 mol\/L de THJ-018 e THJ-2201 em hepat\u00f3citos humanos por 3 h, empregamos espectrometria de massa de alta resolu\u00e7\u00e3o (HR-MS) (TripleTOF 5600+) para descobrir marcadores metab\u00f3litos ideais. As varreduras de \u00edons do produto com filtros de defeitos de massa foram ativadas por varredura completa e aquisi\u00e7\u00e3o dependente de informa\u00e7\u00f5es. MetaSite foi usado para fazer previs\u00f5es de metab\u00f3litos in silico, que foram ent\u00e3o comparados com metab\u00f3litos encontrados em hepat\u00f3citos humanos.<\/p>\n<p>RESULTADOS: Treze metab\u00f3litos THJ-018 foram encontrados, com hidroxila\u00e7\u00e3o na cadeia N-pentil e subsequente oxida\u00e7\u00e3o ou sendo a glucuronida\u00e7\u00e3o as vias metab\u00f3licas predominantes. Foram encontrados 27 metab\u00f3litos no THJ-2201, sendo a maioria defluora\u00e7\u00e3o oxidativa seguida de carboxila\u00e7\u00e3o ou glucuronida\u00e7\u00e3o, bem como glucuronida\u00e7\u00e3o de metab\u00f3litos hidroxilados.<\/p>\n<p>Ambos os compostos mostraram s\u00edntese de diidrodiol na por\u00e7\u00e3o de naftaleno. A previs\u00e3o do MetaSite foi precisa para metab\u00f3litos de hepat\u00f3citos THJ-018, enquanto a desfluora\u00e7\u00e3o oxidativa de THJ-2201 foi subestimada.<\/p>\n<p>CONCLUS\u00d5ES: Investigamos o metabolismo de THJ-018 e THJ-2201 em hepat\u00f3citos humanos usando HR-MS para aquisi\u00e7\u00e3o de dados e processamento e recomendamos indicadores relevantes para os laborat\u00f3rios identificarem a ingest\u00e3o de THJ-018 e THJ-2201 e relacionarem resultados adversos documentados a esses novos canabin\u00f3ides sint\u00e9ticos.<\/p>\n<p>As SCs se ligam a receptores canabin\u00f3ides end\u00f3genos e produzem efeitos canabim\u00e9ticos compar\u00e1veis \u200b\u200ba 9 -tetra-hidrocanabinol (1, 2). O abuso de SC3 leva a efeitos colaterais importantes, como dano renal agudo, infarto do mioc\u00e1rdio e morte (3, 4).<\/p>\n<p>Apesar desses riscos, as pessoas continuam consumindo SC. Muitos SCs foram programados nos Estados Unidos, Jap\u00e3o e na maioria dos pa\u00edses europeus (por exemplo, JWH018, JWH-073, AKB48 e XLR-11); no entanto, compostos estruturalmente variados adicionais est\u00e3o surgindo constantemente.<\/p>\n","protected":false},"excerpt":{"rendered":"<p>Compre THJ-018 (SGT-17) para venda Europa, Reino Unido \u00e9 um canabin\u00f3ide sint\u00e9tico que \u00e9 o an\u00e1logo indazol de JWH-018 e foi vendido online como uma droga de design. Pedido por atacado dispon\u00edvel<\/p>\n","protected":false},"featured_media":5940,"comment_status":"open","ping_status":"closed","template":"","meta":[],"product_brand":[],"product_cat":[2596],"product_tag":[4103,4104,4106,4105,4107,4109,4108],"class_list":{"0":"post-5926","1":"product","2":"type-product","3":"status-publish","4":"has-post-thumbnail","6":"product_cat-canabinoides-a-venda","7":"product_tag-buy-thj-018-online","8":"product_tag-como-comprar-thj-018-online","9":"product_tag-compra-thj-018-online","10":"product_tag-pedido-thj-018-online","11":"product_tag-o-melhor-lugar-para-comprar-thj-018-online","12":"product_tag-onde-comprar-thj-018-online","13":"product_tag-thj-018--venda","15":"first","16":"instock","17":"shipping-taxable","18":"purchasable","19":"product-type-variable"},"yoast_head":"<!-- This site is optimized with the Yoast SEO plugin v27.3 - https:\/\/yoast.com\/product\/yoast-seo-wordpress\/ -->\n<title>Compre THJ-018 - SGT-17 - Best Best Global Meds<\/title>\n<meta name=\"description\" content=\"Comprar THJ-018 (SGT-17) para venda Europa, Reino Unido \u00e9 um canabin\u00f3ide sint\u00e9tico que \u00e9 o an\u00e1logo indazol de JWH-018 e foi vendido online como uma droga de design. Pedido por atacado dispon\u00edvel\" \/>\n<meta name=\"robots\" content=\"index, follow, max-snippet:-1, max-image-preview:large, max-video-preview:-1\" \/>\n<link rel=\"canonical\" href=\"https:\/\/medicinasinc.com\/pt\/product\/comprar-thj-018\/\" \/>\n<meta property=\"og:locale\" content=\"pt_PT\" \/>\n<meta property=\"og:type\" content=\"article\" \/>\n<meta property=\"og:title\" content=\"Compre THJ-018 - SGT-17 - Best Best Global Meds\" \/>\n<meta property=\"og:description\" content=\"Comprar THJ-018 (SGT-17) para venda Europa, Reino Unido \u00e9 um canabin\u00f3ide sint\u00e9tico que \u00e9 o an\u00e1logo indazol de JWH-018 e foi vendido online como uma droga de design. Pedido por atacado dispon\u00edvel\" \/>\n<meta property=\"og:url\" content=\"https:\/\/medicinasinc.com\/pt\/product\/comprar-thj-018\/\" \/>\n<meta property=\"og:site_name\" content=\"Medicinas Inc\" \/>\n<meta property=\"article:modified_time\" content=\"2022-07-05T22:44:30+00:00\" \/>\n<meta property=\"og:image\" content=\"https:\/\/medicinasinc.com\/pt\/wp-content\/uploads\/sites\/20\/2022\/02\/Buy-THJ-018.jpeg\" \/>\n\t<meta property=\"og:image:width\" content=\"751\" \/>\n\t<meta property=\"og:image:height\" content=\"800\" \/>\n\t<meta property=\"og:image:type\" content=\"image\/jpeg\" \/>\n<meta name=\"twitter:card\" content=\"summary_large_image\" \/>\n<meta name=\"twitter:label1\" content=\"Tempo estimado de leitura\" \/>\n\t<meta name=\"twitter:data1\" content=\"2 minutos\" \/>\n<script type=\"application\/ld+json\" class=\"yoast-schema-graph\">{\"@context\":\"https:\\\/\\\/schema.org\",\"@graph\":[{\"@type\":\"WebPage\",\"@id\":\"https:\\\/\\\/medicinasinc.com\\\/pt\\\/product\\\/comprar-thj-018\\\/\",\"url\":\"https:\\\/\\\/medicinasinc.com\\\/pt\\\/product\\\/comprar-thj-018\\\/\",\"name\":\"Compre THJ-018 - SGT-17 - Best Best Global Meds\",\"isPartOf\":{\"@id\":\"https:\\\/\\\/medicinasinc.com\\\/pt\\\/#website\"},\"primaryImageOfPage\":{\"@id\":\"https:\\\/\\\/medicinasinc.com\\\/pt\\\/product\\\/comprar-thj-018\\\/#primaryimage\"},\"image\":{\"@id\":\"https:\\\/\\\/medicinasinc.com\\\/pt\\\/product\\\/comprar-thj-018\\\/#primaryimage\"},\"thumbnailUrl\":\"https:\\\/\\\/medicinasinc.com\\\/pt\\\/wp-content\\\/uploads\\\/sites\\\/20\\\/2022\\\/02\\\/Buy-THJ-018.jpeg\",\"datePublished\":\"2022-02-22T08:28:02+00:00\",\"dateModified\":\"2022-07-05T22:44:30+00:00\",\"description\":\"Comprar THJ-018 (SGT-17) para venda Europa, Reino Unido \u00e9 um canabin\u00f3ide sint\u00e9tico que \u00e9 o an\u00e1logo indazol de JWH-018 e foi vendido online como uma droga de design. Pedido por atacado dispon\u00edvel\",\"breadcrumb\":{\"@id\":\"https:\\\/\\\/medicinasinc.com\\\/pt\\\/product\\\/comprar-thj-018\\\/#breadcrumb\"},\"inLanguage\":\"pt-PT\",\"potentialAction\":[{\"@type\":\"ReadAction\",\"target\":[\"https:\\\/\\\/medicinasinc.com\\\/pt\\\/product\\\/comprar-thj-018\\\/\"]}]},{\"@type\":\"ImageObject\",\"inLanguage\":\"pt-PT\",\"@id\":\"https:\\\/\\\/medicinasinc.com\\\/pt\\\/product\\\/comprar-thj-018\\\/#primaryimage\",\"url\":\"https:\\\/\\\/medicinasinc.com\\\/pt\\\/wp-content\\\/uploads\\\/sites\\\/20\\\/2022\\\/02\\\/Buy-THJ-018.jpeg\",\"contentUrl\":\"https:\\\/\\\/medicinasinc.com\\\/pt\\\/wp-content\\\/uploads\\\/sites\\\/20\\\/2022\\\/02\\\/Buy-THJ-018.jpeg\",\"width\":751,\"height\":800},{\"@type\":\"BreadcrumbList\",\"@id\":\"https:\\\/\\\/medicinasinc.com\\\/pt\\\/product\\\/comprar-thj-018\\\/#breadcrumb\",\"itemListElement\":[{\"@type\":\"ListItem\",\"position\":1,\"name\":\"Comprar\",\"item\":\"https:\\\/\\\/medicinasinc.com\\\/pt\\\/comprar\\\/\"},{\"@type\":\"ListItem\",\"position\":2,\"name\":\"Compre THJ-018\"}]},{\"@type\":\"WebSite\",\"@id\":\"https:\\\/\\\/medicinasinc.com\\\/pt\\\/#website\",\"url\":\"https:\\\/\\\/medicinasinc.com\\\/pt\\\/\",\"name\":\"Medicinas Inc\",\"description\":\"Health Medical Clinic\",\"potentialAction\":[{\"@type\":\"SearchAction\",\"target\":{\"@type\":\"EntryPoint\",\"urlTemplate\":\"https:\\\/\\\/medicinasinc.com\\\/pt\\\/?s={search_term_string}\"},\"query-input\":{\"@type\":\"PropertyValueSpecification\",\"valueRequired\":true,\"valueName\":\"search_term_string\"}}],\"inLanguage\":\"pt-PT\"}]}<\/script>\n<!-- \/ Yoast SEO plugin. -->","yoast_head_json":{"title":"Compre THJ-018 - SGT-17 - Best Best Global Meds","description":"Comprar THJ-018 (SGT-17) para venda Europa, Reino Unido \u00e9 um canabin\u00f3ide sint\u00e9tico que \u00e9 o an\u00e1logo indazol de JWH-018 e foi vendido online como uma droga de design. Pedido por atacado dispon\u00edvel","robots":{"index":"index","follow":"follow","max-snippet":"max-snippet:-1","max-image-preview":"max-image-preview:large","max-video-preview":"max-video-preview:-1"},"canonical":"https:\/\/medicinasinc.com\/pt\/product\/comprar-thj-018\/","og_locale":"pt_PT","og_type":"article","og_title":"Compre THJ-018 - SGT-17 - Best Best Global Meds","og_description":"Comprar THJ-018 (SGT-17) para venda Europa, Reino Unido \u00e9 um canabin\u00f3ide sint\u00e9tico que \u00e9 o an\u00e1logo indazol de JWH-018 e foi vendido online como uma droga de design. Pedido por atacado dispon\u00edvel","og_url":"https:\/\/medicinasinc.com\/pt\/product\/comprar-thj-018\/","og_site_name":"Medicinas Inc","article_modified_time":"2022-07-05T22:44:30+00:00","og_image":[{"width":751,"height":800,"url":"https:\/\/medicinasinc.com\/pt\/wp-content\/uploads\/sites\/20\/2022\/02\/Buy-THJ-018.jpeg","type":"image\/jpeg"}],"twitter_card":"summary_large_image","twitter_misc":{"Tempo estimado de leitura":"2 minutos"},"schema":{"@context":"https:\/\/schema.org","@graph":[{"@type":"WebPage","@id":"https:\/\/medicinasinc.com\/pt\/product\/comprar-thj-018\/","url":"https:\/\/medicinasinc.com\/pt\/product\/comprar-thj-018\/","name":"Compre THJ-018 - SGT-17 - Best Best Global Meds","isPartOf":{"@id":"https:\/\/medicinasinc.com\/pt\/#website"},"primaryImageOfPage":{"@id":"https:\/\/medicinasinc.com\/pt\/product\/comprar-thj-018\/#primaryimage"},"image":{"@id":"https:\/\/medicinasinc.com\/pt\/product\/comprar-thj-018\/#primaryimage"},"thumbnailUrl":"https:\/\/medicinasinc.com\/pt\/wp-content\/uploads\/sites\/20\/2022\/02\/Buy-THJ-018.jpeg","datePublished":"2022-02-22T08:28:02+00:00","dateModified":"2022-07-05T22:44:30+00:00","description":"Comprar THJ-018 (SGT-17) para venda Europa, Reino Unido \u00e9 um canabin\u00f3ide sint\u00e9tico que \u00e9 o an\u00e1logo indazol de JWH-018 e foi vendido online como uma droga de design. Pedido por atacado dispon\u00edvel","breadcrumb":{"@id":"https:\/\/medicinasinc.com\/pt\/product\/comprar-thj-018\/#breadcrumb"},"inLanguage":"pt-PT","potentialAction":[{"@type":"ReadAction","target":["https:\/\/medicinasinc.com\/pt\/product\/comprar-thj-018\/"]}]},{"@type":"ImageObject","inLanguage":"pt-PT","@id":"https:\/\/medicinasinc.com\/pt\/product\/comprar-thj-018\/#primaryimage","url":"https:\/\/medicinasinc.com\/pt\/wp-content\/uploads\/sites\/20\/2022\/02\/Buy-THJ-018.jpeg","contentUrl":"https:\/\/medicinasinc.com\/pt\/wp-content\/uploads\/sites\/20\/2022\/02\/Buy-THJ-018.jpeg","width":751,"height":800},{"@type":"BreadcrumbList","@id":"https:\/\/medicinasinc.com\/pt\/product\/comprar-thj-018\/#breadcrumb","itemListElement":[{"@type":"ListItem","position":1,"name":"Comprar","item":"https:\/\/medicinasinc.com\/pt\/comprar\/"},{"@type":"ListItem","position":2,"name":"Compre THJ-018"}]},{"@type":"WebSite","@id":"https:\/\/medicinasinc.com\/pt\/#website","url":"https:\/\/medicinasinc.com\/pt\/","name":"Medicinas Inc","description":"Health Medical Clinic","potentialAction":[{"@type":"SearchAction","target":{"@type":"EntryPoint","urlTemplate":"https:\/\/medicinasinc.com\/pt\/?s={search_term_string}"},"query-input":{"@type":"PropertyValueSpecification","valueRequired":true,"valueName":"search_term_string"}}],"inLanguage":"pt-PT"}]}},"_links":{"self":[{"href":"https:\/\/medicinasinc.com\/pt\/wp-json\/wp\/v2\/product\/5926","targetHints":{"allow":["GET"]}}],"collection":[{"href":"https:\/\/medicinasinc.com\/pt\/wp-json\/wp\/v2\/product"}],"about":[{"href":"https:\/\/medicinasinc.com\/pt\/wp-json\/wp\/v2\/types\/product"}],"replies":[{"embeddable":true,"href":"https:\/\/medicinasinc.com\/pt\/wp-json\/wp\/v2\/comments?post=5926"}],"wp:featuredmedia":[{"embeddable":true,"href":"https:\/\/medicinasinc.com\/pt\/wp-json\/wp\/v2\/media\/5940"}],"wp:attachment":[{"href":"https:\/\/medicinasinc.com\/pt\/wp-json\/wp\/v2\/media?parent=5926"}],"wp:term":[{"taxonomy":"product_brand","embeddable":true,"href":"https:\/\/medicinasinc.com\/pt\/wp-json\/wp\/v2\/product_brand?post=5926"},{"taxonomy":"product_cat","embeddable":true,"href":"https:\/\/medicinasinc.com\/pt\/wp-json\/wp\/v2\/product_cat?post=5926"},{"taxonomy":"product_tag","embeddable":true,"href":"https:\/\/medicinasinc.com\/pt\/wp-json\/wp\/v2\/product_tag?post=5926"}],"curies":[{"name":"wp","href":"https:\/\/api.w.org\/{rel}","templated":true}]}}