{"id":5921,"date":"2022-02-22T08:23:15","date_gmt":"2022-02-22T08:23:15","guid":{"rendered":"https:\/\/medicinasinc.com\/pt\/?post_type=product&#038;p=5921"},"modified":"2022-07-05T22:44:47","modified_gmt":"2022-07-05T22:44:47","slug":"comprar-sdb-005","status":"publish","type":"product","link":"https:\/\/medicinasinc.com\/pt\/product\/comprar-sdb-005\/","title":{"rendered":"Compre SDB-005"},"content":{"rendered":"<p>SDB-005 \u00e9 uma cannabis sint\u00e9tica baseada em indazoles que tem sido oferecida online como droga de designer. Acredita-se que seja um agonista do receptor canabin\u00f3ide para CB1 e CB2. SDB-005 \u00e9 um an\u00e1logo de n\u00facleo indazol de PB-22 com um grupo naftaleno no lugar da 8-hidroxiquinolina. SDB-005 foi anteriormente atribu\u00eddo a um produto qu\u00edmico diferente, o an\u00e1logo N-fenil de SDB- 006, em vez da contraparte N-benzil de SDB-006. Este produto qu\u00edmico \u00e9 um forte agonista dos receptores CB1 (Ki = 21 nM) e CB2 (Ki = 140 nM).<\/p>\n<p>SDB-005 \u00e9 uma cannabis sint\u00e9tica baseada em indazoles que foi oferecida como droga de designer conectados. Acredita-se que seja um agonista do receptor canabin\u00f3ide para CB1 e CB2. SDB-005 \u00e9 um an\u00e1logo do n\u00facleo indazol de PB-22 com um grupo naftaleno no lugar da 8-hidroxiquinolina.<\/p>\n","protected":false},"excerpt":{"rendered":"<p>Compre SDB-005 para venda Europa, Reino Unido\u00a0\u00e9 um\u00a0canabin\u00f3ide sint\u00e9tico\u00a0baseado em indazol\u00a0que foi vendido on-line como uma\u00a0droga de grife<\/p>\n","protected":false},"featured_media":5939,"comment_status":"open","ping_status":"closed","template":"","meta":[],"product_brand":[],"product_cat":[2596],"product_tag":[4096,4097,4099,4098,4101,4102,4100],"class_list":{"0":"post-5921","1":"product","2":"type-product","3":"status-publish","4":"has-post-thumbnail","6":"product_cat-canabinoides-a-venda","7":"product_tag-buy-sdb005-online","8":"product_tag-como-comprar-sdb005-online","9":"product_tag-compra-sdb005-online","10":"product_tag-pedido-sdb005-online","11":"product_tag-o-melhor-lugar-para-comprar-sdb005-online","12":"product_tag-onde-comprar-sdb005-online","13":"product_tag-sdb005-para-venda","15":"first","16":"instock","17":"shipping-taxable","18":"purchasable","19":"product-type-variable"},"yoast_head":"<!-- This site is optimized with the Yoast SEO plugin v27.3 - https:\/\/yoast.com\/product\/yoast-seo-wordpress\/ -->\n<title>Compre SDB-005 - SDB005 - Melhores Medicamentos Globais<\/title>\n<meta name=\"description\" content=\"Compre SDB-005 para venda Europa, Reino Unido\u00a0\u00e9 um\u00a0canabin\u00f3ide sint\u00e9tico\u00a0baseado em indazol\u00a0que foi vendido on-line como uma\u00a0droga de grife.\" \/>\n<meta name=\"robots\" content=\"index, follow, max-snippet:-1, max-image-preview:large, max-video-preview:-1\" \/>\n<link rel=\"canonical\" href=\"https:\/\/medicinasinc.com\/pt\/product\/comprar-sdb-005\/\" \/>\n<meta property=\"og:locale\" content=\"pt_PT\" \/>\n<meta property=\"og:type\" content=\"article\" \/>\n<meta property=\"og:title\" content=\"Compre SDB-005 - SDB005 - Melhores Medicamentos Globais\" \/>\n<meta property=\"og:description\" content=\"Compre SDB-005 para venda Europa, Reino Unido\u00a0\u00e9 um\u00a0canabin\u00f3ide sint\u00e9tico\u00a0baseado em indazol\u00a0que foi vendido on-line como uma\u00a0droga de grife.\" \/>\n<meta property=\"og:url\" content=\"https:\/\/medicinasinc.com\/pt\/product\/comprar-sdb-005\/\" \/>\n<meta property=\"og:site_name\" content=\"Medicinas Inc\" \/>\n<meta property=\"article:modified_time\" content=\"2022-07-05T22:44:47+00:00\" \/>\n<meta property=\"og:image\" content=\"https:\/\/medicinasinc.com\/pt\/wp-content\/uploads\/sites\/20\/2022\/02\/Buy-SDB-005.jpeg\" \/>\n\t<meta property=\"og:image:width\" content=\"600\" \/>\n\t<meta property=\"og:image:height\" content=\"451\" \/>\n\t<meta property=\"og:image:type\" content=\"image\/jpeg\" \/>\n<meta name=\"twitter:card\" content=\"summary_large_image\" \/>\n<meta name=\"twitter:label1\" content=\"Tempo estimado de leitura\" \/>\n\t<meta name=\"twitter:data1\" content=\"1 minuto\" \/>\n<script type=\"application\/ld+json\" class=\"yoast-schema-graph\">{\"@context\":\"https:\\\/\\\/schema.org\",\"@graph\":[{\"@type\":\"WebPage\",\"@id\":\"https:\\\/\\\/medicinasinc.com\\\/pt\\\/product\\\/comprar-sdb-005\\\/\",\"url\":\"https:\\\/\\\/medicinasinc.com\\\/pt\\\/product\\\/comprar-sdb-005\\\/\",\"name\":\"Compre SDB-005 - SDB005 - Melhores Medicamentos Globais\",\"isPartOf\":{\"@id\":\"https:\\\/\\\/medicinasinc.com\\\/pt\\\/#website\"},\"primaryImageOfPage\":{\"@id\":\"https:\\\/\\\/medicinasinc.com\\\/pt\\\/product\\\/comprar-sdb-005\\\/#primaryimage\"},\"image\":{\"@id\":\"https:\\\/\\\/medicinasinc.com\\\/pt\\\/product\\\/comprar-sdb-005\\\/#primaryimage\"},\"thumbnailUrl\":\"https:\\\/\\\/medicinasinc.com\\\/pt\\\/wp-content\\\/uploads\\\/sites\\\/20\\\/2022\\\/02\\\/Buy-SDB-005.jpeg\",\"datePublished\":\"2022-02-22T08:23:15+00:00\",\"dateModified\":\"2022-07-05T22:44:47+00:00\",\"description\":\"Compre SDB-005 para venda Europa, Reino Unido\u00a0\u00e9 um\u00a0canabin\u00f3ide sint\u00e9tico\u00a0baseado em indazol\u00a0que foi vendido on-line como uma\u00a0droga de grife.\",\"breadcrumb\":{\"@id\":\"https:\\\/\\\/medicinasinc.com\\\/pt\\\/product\\\/comprar-sdb-005\\\/#breadcrumb\"},\"inLanguage\":\"pt-PT\",\"potentialAction\":[{\"@type\":\"ReadAction\",\"target\":[\"https:\\\/\\\/medicinasinc.com\\\/pt\\\/product\\\/comprar-sdb-005\\\/\"]}]},{\"@type\":\"ImageObject\",\"inLanguage\":\"pt-PT\",\"@id\":\"https:\\\/\\\/medicinasinc.com\\\/pt\\\/product\\\/comprar-sdb-005\\\/#primaryimage\",\"url\":\"https:\\\/\\\/medicinasinc.com\\\/pt\\\/wp-content\\\/uploads\\\/sites\\\/20\\\/2022\\\/02\\\/Buy-SDB-005.jpeg\",\"contentUrl\":\"https:\\\/\\\/medicinasinc.com\\\/pt\\\/wp-content\\\/uploads\\\/sites\\\/20\\\/2022\\\/02\\\/Buy-SDB-005.jpeg\",\"width\":600,\"height\":451},{\"@type\":\"BreadcrumbList\",\"@id\":\"https:\\\/\\\/medicinasinc.com\\\/pt\\\/product\\\/comprar-sdb-005\\\/#breadcrumb\",\"itemListElement\":[{\"@type\":\"ListItem\",\"position\":1,\"name\":\"Comprar\",\"item\":\"https:\\\/\\\/medicinasinc.com\\\/pt\\\/comprar\\\/\"},{\"@type\":\"ListItem\",\"position\":2,\"name\":\"Compre SDB-005\"}]},{\"@type\":\"WebSite\",\"@id\":\"https:\\\/\\\/medicinasinc.com\\\/pt\\\/#website\",\"url\":\"https:\\\/\\\/medicinasinc.com\\\/pt\\\/\",\"name\":\"Medicinas Inc\",\"description\":\"Health Medical Clinic\",\"potentialAction\":[{\"@type\":\"SearchAction\",\"target\":{\"@type\":\"EntryPoint\",\"urlTemplate\":\"https:\\\/\\\/medicinasinc.com\\\/pt\\\/?s={search_term_string}\"},\"query-input\":{\"@type\":\"PropertyValueSpecification\",\"valueRequired\":true,\"valueName\":\"search_term_string\"}}],\"inLanguage\":\"pt-PT\"}]}<\/script>\n<!-- \/ Yoast SEO plugin. -->","yoast_head_json":{"title":"Compre SDB-005 - SDB005 - Melhores Medicamentos Globais","description":"Compre SDB-005 para venda Europa, Reino Unido\u00a0\u00e9 um\u00a0canabin\u00f3ide sint\u00e9tico\u00a0baseado em indazol\u00a0que foi vendido on-line como uma\u00a0droga de grife.","robots":{"index":"index","follow":"follow","max-snippet":"max-snippet:-1","max-image-preview":"max-image-preview:large","max-video-preview":"max-video-preview:-1"},"canonical":"https:\/\/medicinasinc.com\/pt\/product\/comprar-sdb-005\/","og_locale":"pt_PT","og_type":"article","og_title":"Compre SDB-005 - SDB005 - Melhores Medicamentos Globais","og_description":"Compre SDB-005 para venda Europa, Reino Unido\u00a0\u00e9 um\u00a0canabin\u00f3ide sint\u00e9tico\u00a0baseado em indazol\u00a0que foi vendido on-line como uma\u00a0droga de grife.","og_url":"https:\/\/medicinasinc.com\/pt\/product\/comprar-sdb-005\/","og_site_name":"Medicinas Inc","article_modified_time":"2022-07-05T22:44:47+00:00","og_image":[{"width":600,"height":451,"url":"https:\/\/medicinasinc.com\/pt\/wp-content\/uploads\/sites\/20\/2022\/02\/Buy-SDB-005.jpeg","type":"image\/jpeg"}],"twitter_card":"summary_large_image","twitter_misc":{"Tempo estimado de leitura":"1 minuto"},"schema":{"@context":"https:\/\/schema.org","@graph":[{"@type":"WebPage","@id":"https:\/\/medicinasinc.com\/pt\/product\/comprar-sdb-005\/","url":"https:\/\/medicinasinc.com\/pt\/product\/comprar-sdb-005\/","name":"Compre SDB-005 - SDB005 - Melhores Medicamentos Globais","isPartOf":{"@id":"https:\/\/medicinasinc.com\/pt\/#website"},"primaryImageOfPage":{"@id":"https:\/\/medicinasinc.com\/pt\/product\/comprar-sdb-005\/#primaryimage"},"image":{"@id":"https:\/\/medicinasinc.com\/pt\/product\/comprar-sdb-005\/#primaryimage"},"thumbnailUrl":"https:\/\/medicinasinc.com\/pt\/wp-content\/uploads\/sites\/20\/2022\/02\/Buy-SDB-005.jpeg","datePublished":"2022-02-22T08:23:15+00:00","dateModified":"2022-07-05T22:44:47+00:00","description":"Compre SDB-005 para venda Europa, Reino Unido\u00a0\u00e9 um\u00a0canabin\u00f3ide sint\u00e9tico\u00a0baseado em indazol\u00a0que foi vendido on-line como uma\u00a0droga de grife.","breadcrumb":{"@id":"https:\/\/medicinasinc.com\/pt\/product\/comprar-sdb-005\/#breadcrumb"},"inLanguage":"pt-PT","potentialAction":[{"@type":"ReadAction","target":["https:\/\/medicinasinc.com\/pt\/product\/comprar-sdb-005\/"]}]},{"@type":"ImageObject","inLanguage":"pt-PT","@id":"https:\/\/medicinasinc.com\/pt\/product\/comprar-sdb-005\/#primaryimage","url":"https:\/\/medicinasinc.com\/pt\/wp-content\/uploads\/sites\/20\/2022\/02\/Buy-SDB-005.jpeg","contentUrl":"https:\/\/medicinasinc.com\/pt\/wp-content\/uploads\/sites\/20\/2022\/02\/Buy-SDB-005.jpeg","width":600,"height":451},{"@type":"BreadcrumbList","@id":"https:\/\/medicinasinc.com\/pt\/product\/comprar-sdb-005\/#breadcrumb","itemListElement":[{"@type":"ListItem","position":1,"name":"Comprar","item":"https:\/\/medicinasinc.com\/pt\/comprar\/"},{"@type":"ListItem","position":2,"name":"Compre SDB-005"}]},{"@type":"WebSite","@id":"https:\/\/medicinasinc.com\/pt\/#website","url":"https:\/\/medicinasinc.com\/pt\/","name":"Medicinas Inc","description":"Health Medical Clinic","potentialAction":[{"@type":"SearchAction","target":{"@type":"EntryPoint","urlTemplate":"https:\/\/medicinasinc.com\/pt\/?s={search_term_string}"},"query-input":{"@type":"PropertyValueSpecification","valueRequired":true,"valueName":"search_term_string"}}],"inLanguage":"pt-PT"}]}},"_links":{"self":[{"href":"https:\/\/medicinasinc.com\/pt\/wp-json\/wp\/v2\/product\/5921","targetHints":{"allow":["GET"]}}],"collection":[{"href":"https:\/\/medicinasinc.com\/pt\/wp-json\/wp\/v2\/product"}],"about":[{"href":"https:\/\/medicinasinc.com\/pt\/wp-json\/wp\/v2\/types\/product"}],"replies":[{"embeddable":true,"href":"https:\/\/medicinasinc.com\/pt\/wp-json\/wp\/v2\/comments?post=5921"}],"wp:featuredmedia":[{"embeddable":true,"href":"https:\/\/medicinasinc.com\/pt\/wp-json\/wp\/v2\/media\/5939"}],"wp:attachment":[{"href":"https:\/\/medicinasinc.com\/pt\/wp-json\/wp\/v2\/media?parent=5921"}],"wp:term":[{"taxonomy":"product_brand","embeddable":true,"href":"https:\/\/medicinasinc.com\/pt\/wp-json\/wp\/v2\/product_brand?post=5921"},{"taxonomy":"product_cat","embeddable":true,"href":"https:\/\/medicinasinc.com\/pt\/wp-json\/wp\/v2\/product_cat?post=5921"},{"taxonomy":"product_tag","embeddable":true,"href":"https:\/\/medicinasinc.com\/pt\/wp-json\/wp\/v2\/product_tag?post=5921"}],"curies":[{"name":"wp","href":"https:\/\/api.w.org\/{rel}","templated":true}]}}