{"id":5917,"date":"2022-02-22T08:19:52","date_gmt":"2022-02-22T08:19:52","guid":{"rendered":"https:\/\/medicinasinc.com\/pt\/?post_type=product&#038;p=5917"},"modified":"2022-07-05T22:45:08","modified_gmt":"2022-07-05T22:45:08","slug":"comprar-nm-2201","status":"publish","type":"product","link":"https:\/\/medicinasinc.com\/pt\/product\/comprar-nm-2201\/","title":{"rendered":"Compre NM-2201"},"content":{"rendered":"<p>\u00c9 um canabin\u00f3ide sint\u00e9tico \u00e0 base de indol chamado CBL-2201. Provavelmente tem as mesmas propriedades que o 5F-PB-22 e o NNE1, que s\u00e3o agonistas totais e se ligam aos receptores CB1 e CB2 com baixa afinidade nanomolar.<\/p>\n<p>Compre NM-2201 Online \u00e9 um bom lugar para comprar Produtos Qu\u00edmicos de Pesquisa. Voc\u00ea pode comprar o NM-2201 online de um fornecedor confi\u00e1vel com desconto. Globalhomemed.com \u00e9 o lugar para compr\u00e1-lo. \u00c9 seguro enviar NM-2201 da Europa para os Estados Unidos e outros lugares.<\/p>\n<p>Este \u00e9 um canabin\u00f3ide sint\u00e9tico chamado NM-2201. Tem muitas das mesmas propriedades que seus parentes pr\u00f3ximos, 5F-PB-22 e NNE1, que s\u00e3o agonistas totais e se ligam aos receptores CB1 e CB2 com baixa afinidade nanomolar.<\/p>\n<p>Apenas para pesquisa. Ele n\u00e3o pode ser usado para qualquer outra coisa, como diagn\u00f3sticos in vivo, alimentos, medicamentos, dispositivos m\u00e9dicos e cosm\u00e9ticos para humanos e\/ou animais, e n\u00e3o pode ser usado em humanos ou animais.<\/p>\n<p>5F -PB-22 e NNE1 s\u00e3o canabin\u00f3ides sint\u00e9ticos baseados em indol. Ambos s\u00e3o agonistas totais e se ligam aos receptores CB1 e CB2 com baixa afinidade nanomolar.<\/p>\n<p>1. 1-(5-Fluoro-pentil)-1H, \u00e1cido 3-carbox\u00edlico N-naftaleno-1-il \u00e9ster N-naftaleno-1-il \u00e9ster N-naftaleno-1-il \u00e9ster N-naftaleno-1-1-il \u00e9ster O NM-2201 tem a f\u00f3rmula qu\u00edmica C24H22FNO2 e pesa 375,16 gramas. Ainda \u00e9 muito cedo no processo de estudo do NM-2201. Ainda n\u00e3o h\u00e1 dados suficientes para mostrar o que ele pode fazer. No entanto, \u00e9 o mesmo que AM-2201. Isso significa que as caracter\u00edsticas s\u00e3o as mesmas.<\/p>\n<p>Este \u00e9 um canabin\u00f3ide sint\u00e9tico chamado NM-2201. Tem muitas das mesmas propriedades que seus parentes pr\u00f3ximos, 5F-PB-22 e NNE1, que s\u00e3o agonistas totais e se ligam aos receptores CB1 e CB2 com baixa afinidade nanomolar.<\/p>\n<p>Apenas para pesquisa. Ele n\u00e3o pode ser usado para qualquer outra coisa, como diagn\u00f3sticos in vivo, alimentos, medicamentos, dispositivos m\u00e9dicos e cosm\u00e9ticos para humanos e\/ou animais, e n\u00e3o pode ser usado em humanos ou animais.<\/p>\n<p>5F -PB-22 e NNE1 s\u00e3o canabin\u00f3ides sint\u00e9ticos baseados em indol. Ambos s\u00e3o agonistas totais e se ligam aos receptores CB1 e CB2 com baixa afinidade nanomolar.<\/p>\n<p>1. 1-(5-Fluoro-pentil)-1H, \u00e1cido 3-carbox\u00edlico N-naftaleno-1-il \u00e9ster N-naftaleno-1-il \u00e9ster N-naftaleno-1-il \u00e9ster N-naftaleno-1-1-il \u00e9ster O NM-2201 tem a f\u00f3rmula qu\u00edmica C24H22FNO2 e pesa 375,16 gramas. Ainda \u00e9 muito cedo no processo de estudo do NM-2201. Ainda n\u00e3o h\u00e1 dados suficientes para mostrar o que ele pode fazer. No entanto, \u00e9 o mesmo que AM-2201. Isso significa que as caracter\u00edsticas s\u00e3o as mesmas.<\/p>\n","protected":false},"excerpt":{"rendered":"<p><b>Compre NM-2201 <\/b>para venda Europa, Reino Unido (tamb\u00e9m conhecido como\u00a0<b>CBL-2201<\/b>) \u00e9 um\u00a0<a class=\"mw-redirect\" title=\"baseado\" href=\"https:\/\/en.wikipedia.org\/wiki\/Synthetic_cannabinoid\">canabin\u00f3ide sint\u00e9tico<\/a>\u00a0que presumivelmente tem propriedades semelhantes aos 5F-PB-22\u00a0e\u00a0NNE1 intimamente relacionados, que s\u00e3o ambos\u00a0agonistas completos e\u00a0ligar\u00a0de forma n\u00e3o seletiva\u00a0aos receptores\u00a0CB<sub>1<\/sub>\u00a0e\u00a0CB<sub>2<\/sub> com baixa afinidade nanomolar, dispon\u00edvel no atacado<\/p>\n","protected":false},"featured_media":5938,"comment_status":"open","ping_status":"closed","template":"","meta":[],"product_brand":[],"product_cat":[2596],"product_tag":[4093,4090,4091,4094,4095,4092],"class_list":{"0":"post-5917","1":"product","2":"type-product","3":"status-publish","4":"has-post-thumbnail","6":"product_cat-canabinoides-a-venda","7":"product_tag-compra-nm2201-online","8":"product_tag-compre-nm2201-online","9":"product_tag-nm2201-for-sale","10":"product_tag-o-melhor-lugar-para-comprar-nm2201-online","11":"product_tag-onde-comprar-nm2201-online","12":"product_tag-order-nm2201-online","14":"first","15":"instock","16":"shipping-taxable","17":"purchasable","18":"product-type-variable"},"yoast_head":"<!-- This site is optimized with the Yoast SEO plugin v27.3 - https:\/\/yoast.com\/product\/yoast-seo-wordpress\/ -->\n<title>Compre NM-2201\u00a0- CBL-2201 - Best Best Global Meds<\/title>\n<meta name=\"description\" content=\"Compre NM-2201 para venda Europa, Reino Unido (tamb\u00e9m conhecido como\u00a0CBL-2201) \u00e9 um\u00a0canabin\u00f3ide sint\u00e9tico\u00a0baseado em indol\u00a0que presumivelmente tem propriedades semelhantes aos\u00a05F-PB-22\u00a0e\u00a0NNE1 intimamente relacionados, que s\u00e3o ambos\u00a0agonistas completos\u00a0e\u00a0ligam-se de forma n\u00e3o seletiva a Receptores CB1\u00a0e\u00a0CB2 com baixa afinidade nanomolar, dispon\u00edvel no atacado\" \/>\n<meta name=\"robots\" content=\"index, follow, max-snippet:-1, max-image-preview:large, max-video-preview:-1\" \/>\n<link rel=\"canonical\" href=\"https:\/\/medicinasinc.com\/pt\/product\/comprar-nm-2201\/\" \/>\n<meta property=\"og:locale\" content=\"pt_PT\" \/>\n<meta property=\"og:type\" content=\"article\" \/>\n<meta property=\"og:title\" content=\"Compre NM-2201\u00a0- CBL-2201 - Best Best Global Meds\" \/>\n<meta property=\"og:description\" content=\"Compre NM-2201 para venda Europa, Reino Unido (tamb\u00e9m conhecido como\u00a0CBL-2201) \u00e9 um\u00a0canabin\u00f3ide sint\u00e9tico\u00a0baseado em indol\u00a0que presumivelmente tem propriedades semelhantes aos\u00a05F-PB-22\u00a0e\u00a0NNE1 intimamente relacionados, que s\u00e3o ambos\u00a0agonistas completos\u00a0e\u00a0ligam-se de forma n\u00e3o seletiva a Receptores CB1\u00a0e\u00a0CB2 com baixa afinidade nanomolar, dispon\u00edvel no atacado\" \/>\n<meta property=\"og:url\" content=\"https:\/\/medicinasinc.com\/pt\/product\/comprar-nm-2201\/\" \/>\n<meta property=\"og:site_name\" content=\"Medicinas Inc\" \/>\n<meta property=\"article:modified_time\" content=\"2022-07-05T22:45:08+00:00\" \/>\n<meta property=\"og:image\" content=\"https:\/\/medicinasinc.com\/pt\/wp-content\/uploads\/sites\/20\/2022\/02\/Buy-NM-2201.jpg\" \/>\n\t<meta property=\"og:image:width\" content=\"458\" \/>\n\t<meta property=\"og:image:height\" content=\"458\" \/>\n\t<meta property=\"og:image:type\" content=\"image\/jpeg\" \/>\n<meta name=\"twitter:card\" content=\"summary_large_image\" \/>\n<meta name=\"twitter:label1\" content=\"Tempo estimado de leitura\" \/>\n\t<meta name=\"twitter:data1\" content=\"2 minutos\" \/>\n<script type=\"application\/ld+json\" class=\"yoast-schema-graph\">{\"@context\":\"https:\\\/\\\/schema.org\",\"@graph\":[{\"@type\":\"WebPage\",\"@id\":\"https:\\\/\\\/medicinasinc.com\\\/pt\\\/product\\\/comprar-nm-2201\\\/\",\"url\":\"https:\\\/\\\/medicinasinc.com\\\/pt\\\/product\\\/comprar-nm-2201\\\/\",\"name\":\"Compre NM-2201\u00a0- CBL-2201 - Best Best Global Meds\",\"isPartOf\":{\"@id\":\"https:\\\/\\\/medicinasinc.com\\\/pt\\\/#website\"},\"primaryImageOfPage\":{\"@id\":\"https:\\\/\\\/medicinasinc.com\\\/pt\\\/product\\\/comprar-nm-2201\\\/#primaryimage\"},\"image\":{\"@id\":\"https:\\\/\\\/medicinasinc.com\\\/pt\\\/product\\\/comprar-nm-2201\\\/#primaryimage\"},\"thumbnailUrl\":\"https:\\\/\\\/medicinasinc.com\\\/pt\\\/wp-content\\\/uploads\\\/sites\\\/20\\\/2022\\\/02\\\/Buy-NM-2201.jpg\",\"datePublished\":\"2022-02-22T08:19:52+00:00\",\"dateModified\":\"2022-07-05T22:45:08+00:00\",\"description\":\"Compre NM-2201 para venda Europa, Reino Unido (tamb\u00e9m conhecido como\u00a0CBL-2201) \u00e9 um\u00a0canabin\u00f3ide sint\u00e9tico\u00a0baseado em indol\u00a0que presumivelmente tem propriedades semelhantes aos\u00a05F-PB-22\u00a0e\u00a0NNE1 intimamente relacionados, que s\u00e3o ambos\u00a0agonistas completos\u00a0e\u00a0ligam-se de forma n\u00e3o seletiva a Receptores CB1\u00a0e\u00a0CB2 com baixa afinidade nanomolar, dispon\u00edvel no atacado\",\"breadcrumb\":{\"@id\":\"https:\\\/\\\/medicinasinc.com\\\/pt\\\/product\\\/comprar-nm-2201\\\/#breadcrumb\"},\"inLanguage\":\"pt-PT\",\"potentialAction\":[{\"@type\":\"ReadAction\",\"target\":[\"https:\\\/\\\/medicinasinc.com\\\/pt\\\/product\\\/comprar-nm-2201\\\/\"]}]},{\"@type\":\"ImageObject\",\"inLanguage\":\"pt-PT\",\"@id\":\"https:\\\/\\\/medicinasinc.com\\\/pt\\\/product\\\/comprar-nm-2201\\\/#primaryimage\",\"url\":\"https:\\\/\\\/medicinasinc.com\\\/pt\\\/wp-content\\\/uploads\\\/sites\\\/20\\\/2022\\\/02\\\/Buy-NM-2201.jpg\",\"contentUrl\":\"https:\\\/\\\/medicinasinc.com\\\/pt\\\/wp-content\\\/uploads\\\/sites\\\/20\\\/2022\\\/02\\\/Buy-NM-2201.jpg\",\"width\":458,\"height\":458},{\"@type\":\"BreadcrumbList\",\"@id\":\"https:\\\/\\\/medicinasinc.com\\\/pt\\\/product\\\/comprar-nm-2201\\\/#breadcrumb\",\"itemListElement\":[{\"@type\":\"ListItem\",\"position\":1,\"name\":\"Comprar\",\"item\":\"https:\\\/\\\/medicinasinc.com\\\/pt\\\/comprar\\\/\"},{\"@type\":\"ListItem\",\"position\":2,\"name\":\"Compre NM-2201\"}]},{\"@type\":\"WebSite\",\"@id\":\"https:\\\/\\\/medicinasinc.com\\\/pt\\\/#website\",\"url\":\"https:\\\/\\\/medicinasinc.com\\\/pt\\\/\",\"name\":\"Medicinas Inc\",\"description\":\"Health Medical Clinic\",\"potentialAction\":[{\"@type\":\"SearchAction\",\"target\":{\"@type\":\"EntryPoint\",\"urlTemplate\":\"https:\\\/\\\/medicinasinc.com\\\/pt\\\/?s={search_term_string}\"},\"query-input\":{\"@type\":\"PropertyValueSpecification\",\"valueRequired\":true,\"valueName\":\"search_term_string\"}}],\"inLanguage\":\"pt-PT\"}]}<\/script>\n<!-- \/ Yoast SEO plugin. -->","yoast_head_json":{"title":"Compre NM-2201\u00a0- CBL-2201 - Best Best Global Meds","description":"Compre NM-2201 para venda Europa, Reino Unido (tamb\u00e9m conhecido como\u00a0CBL-2201) \u00e9 um\u00a0canabin\u00f3ide sint\u00e9tico\u00a0baseado em indol\u00a0que presumivelmente tem propriedades semelhantes aos\u00a05F-PB-22\u00a0e\u00a0NNE1 intimamente relacionados, que s\u00e3o ambos\u00a0agonistas completos\u00a0e\u00a0ligam-se de forma n\u00e3o seletiva a Receptores CB1\u00a0e\u00a0CB2 com baixa afinidade nanomolar, dispon\u00edvel no atacado","robots":{"index":"index","follow":"follow","max-snippet":"max-snippet:-1","max-image-preview":"max-image-preview:large","max-video-preview":"max-video-preview:-1"},"canonical":"https:\/\/medicinasinc.com\/pt\/product\/comprar-nm-2201\/","og_locale":"pt_PT","og_type":"article","og_title":"Compre NM-2201\u00a0- CBL-2201 - Best Best Global Meds","og_description":"Compre NM-2201 para venda Europa, Reino Unido (tamb\u00e9m conhecido como\u00a0CBL-2201) \u00e9 um\u00a0canabin\u00f3ide sint\u00e9tico\u00a0baseado em indol\u00a0que presumivelmente tem propriedades semelhantes aos\u00a05F-PB-22\u00a0e\u00a0NNE1 intimamente relacionados, que s\u00e3o ambos\u00a0agonistas completos\u00a0e\u00a0ligam-se de forma n\u00e3o seletiva a Receptores CB1\u00a0e\u00a0CB2 com baixa afinidade nanomolar, dispon\u00edvel no atacado","og_url":"https:\/\/medicinasinc.com\/pt\/product\/comprar-nm-2201\/","og_site_name":"Medicinas Inc","article_modified_time":"2022-07-05T22:45:08+00:00","og_image":[{"width":458,"height":458,"url":"https:\/\/medicinasinc.com\/pt\/wp-content\/uploads\/sites\/20\/2022\/02\/Buy-NM-2201.jpg","type":"image\/jpeg"}],"twitter_card":"summary_large_image","twitter_misc":{"Tempo estimado de leitura":"2 minutos"},"schema":{"@context":"https:\/\/schema.org","@graph":[{"@type":"WebPage","@id":"https:\/\/medicinasinc.com\/pt\/product\/comprar-nm-2201\/","url":"https:\/\/medicinasinc.com\/pt\/product\/comprar-nm-2201\/","name":"Compre NM-2201\u00a0- CBL-2201 - Best Best Global Meds","isPartOf":{"@id":"https:\/\/medicinasinc.com\/pt\/#website"},"primaryImageOfPage":{"@id":"https:\/\/medicinasinc.com\/pt\/product\/comprar-nm-2201\/#primaryimage"},"image":{"@id":"https:\/\/medicinasinc.com\/pt\/product\/comprar-nm-2201\/#primaryimage"},"thumbnailUrl":"https:\/\/medicinasinc.com\/pt\/wp-content\/uploads\/sites\/20\/2022\/02\/Buy-NM-2201.jpg","datePublished":"2022-02-22T08:19:52+00:00","dateModified":"2022-07-05T22:45:08+00:00","description":"Compre NM-2201 para venda Europa, Reino Unido (tamb\u00e9m conhecido como\u00a0CBL-2201) \u00e9 um\u00a0canabin\u00f3ide sint\u00e9tico\u00a0baseado em indol\u00a0que presumivelmente tem propriedades semelhantes aos\u00a05F-PB-22\u00a0e\u00a0NNE1 intimamente relacionados, que s\u00e3o ambos\u00a0agonistas completos\u00a0e\u00a0ligam-se de forma n\u00e3o seletiva a Receptores CB1\u00a0e\u00a0CB2 com baixa afinidade nanomolar, dispon\u00edvel no atacado","breadcrumb":{"@id":"https:\/\/medicinasinc.com\/pt\/product\/comprar-nm-2201\/#breadcrumb"},"inLanguage":"pt-PT","potentialAction":[{"@type":"ReadAction","target":["https:\/\/medicinasinc.com\/pt\/product\/comprar-nm-2201\/"]}]},{"@type":"ImageObject","inLanguage":"pt-PT","@id":"https:\/\/medicinasinc.com\/pt\/product\/comprar-nm-2201\/#primaryimage","url":"https:\/\/medicinasinc.com\/pt\/wp-content\/uploads\/sites\/20\/2022\/02\/Buy-NM-2201.jpg","contentUrl":"https:\/\/medicinasinc.com\/pt\/wp-content\/uploads\/sites\/20\/2022\/02\/Buy-NM-2201.jpg","width":458,"height":458},{"@type":"BreadcrumbList","@id":"https:\/\/medicinasinc.com\/pt\/product\/comprar-nm-2201\/#breadcrumb","itemListElement":[{"@type":"ListItem","position":1,"name":"Comprar","item":"https:\/\/medicinasinc.com\/pt\/comprar\/"},{"@type":"ListItem","position":2,"name":"Compre NM-2201"}]},{"@type":"WebSite","@id":"https:\/\/medicinasinc.com\/pt\/#website","url":"https:\/\/medicinasinc.com\/pt\/","name":"Medicinas Inc","description":"Health Medical Clinic","potentialAction":[{"@type":"SearchAction","target":{"@type":"EntryPoint","urlTemplate":"https:\/\/medicinasinc.com\/pt\/?s={search_term_string}"},"query-input":{"@type":"PropertyValueSpecification","valueRequired":true,"valueName":"search_term_string"}}],"inLanguage":"pt-PT"}]}},"_links":{"self":[{"href":"https:\/\/medicinasinc.com\/pt\/wp-json\/wp\/v2\/product\/5917","targetHints":{"allow":["GET"]}}],"collection":[{"href":"https:\/\/medicinasinc.com\/pt\/wp-json\/wp\/v2\/product"}],"about":[{"href":"https:\/\/medicinasinc.com\/pt\/wp-json\/wp\/v2\/types\/product"}],"replies":[{"embeddable":true,"href":"https:\/\/medicinasinc.com\/pt\/wp-json\/wp\/v2\/comments?post=5917"}],"wp:featuredmedia":[{"embeddable":true,"href":"https:\/\/medicinasinc.com\/pt\/wp-json\/wp\/v2\/media\/5938"}],"wp:attachment":[{"href":"https:\/\/medicinasinc.com\/pt\/wp-json\/wp\/v2\/media?parent=5917"}],"wp:term":[{"taxonomy":"product_brand","embeddable":true,"href":"https:\/\/medicinasinc.com\/pt\/wp-json\/wp\/v2\/product_brand?post=5917"},{"taxonomy":"product_cat","embeddable":true,"href":"https:\/\/medicinasinc.com\/pt\/wp-json\/wp\/v2\/product_cat?post=5917"},{"taxonomy":"product_tag","embeddable":true,"href":"https:\/\/medicinasinc.com\/pt\/wp-json\/wp\/v2\/product_tag?post=5917"}],"curies":[{"name":"wp","href":"https:\/\/api.w.org\/{rel}","templated":true}]}}