{"id":5912,"date":"2022-02-22T08:15:30","date_gmt":"2022-02-22T08:15:30","guid":{"rendered":"https:\/\/medicinasinc.com\/pt\/?post_type=product&#038;p=5912"},"modified":"2022-07-05T22:45:29","modified_gmt":"2022-07-05T22:45:29","slug":"comprar-mdmb-chmica","status":"publish","type":"product","link":"https:\/\/medicinasinc.com\/pt\/product\/comprar-mdmb-chmica\/","title":{"rendered":"Compre MDMB-CHMICA"},"content":{"rendered":"<p>MDMB-CHMICA (ou MMB-CHMINACA) \u00e9 uma cannabis sint\u00e9tica \u00e0 base de indol que foi oferecida on-line como uma droga de design. Embora o MDMB-CHMINACA tenha sido inicialmente comercializado como &#8220;MMB-CHMINACA&#8221;, o an\u00e1logo isoprop\u00edlico do MDMB-CHMINACA (AMB-CHMINACA) foi descoberto no mercado de medicamentos de designer em 2015.<\/p>\n<p>MMB-CHMINACA<\/p>\n<p>MDMB-CHMINACA<\/p>\n<p>MMB-CHMINACA (MDMB-CHMINACA) \u00e9 uma cannabis sint\u00e9tica \u00e0 base de indol que foi oferecida on-line como uma droga de designer.<\/p>\n<p>MMB-CHMINACA<\/p>\n<p> p&gt; <\/p>\n<p>MDMB-CHMINACA<\/p>\n<p>Nome IUPAC: (2S)<\/p>\n<p>2,3-dimetilbutanoato<br \/> CAS: N\/A<br \/> N\/A ChemSpider <br \/> C23H32N2O3<br \/> 384,5 g\/mol MMB<br \/> MDMB-CHMINACA<\/p>\n<p>(2S)-metil<\/p>\n<p>1H-indol-3-ilcarbonilamino-2 ,3-dimetilbutanoato<\/p>\n<p>MMB-CHMINACA (MDMB-CHMINACA) \u00e9 um canabin\u00f3ide \u00e0 base de indol com um grupo dimetilbutanoato. Este produto qu\u00edmico parece ter maior afinidade de liga\u00e7\u00e3o in vitro do que muitos canabin\u00f3ides atuais, e os pesquisadores devem ter isso em mente ao projetar estudos e implantar material em substratos celulares.<\/p>\n<p>Os canabin\u00f3ides sint\u00e9ticos s\u00e3o uma grande cole\u00e7\u00e3o de compostos que s\u00e3o constantemente evoluindo e sendo apresentado ao p\u00fablico. No entanto, a introdu\u00e7\u00e3o de MMB-CHMINACA atraiu um interesse not\u00e1vel devido \u00e0s suas propriedades \u00fanicas. Sua influ\u00eancia hipot\u00e9tica nos receptores CB1 e CB2 \u00e9 consideravelmente maior por unidade do que AB-CHMINACA, necessitando de menos quantidades de material ativo para satisfazer o objetivo do experimento.<\/p>\n<p>MMB-CHMINACA \u00e9 um p\u00f3 branco que pode ser armazenado com seguran\u00e7a e manuseado em laborat\u00f3rio. Este canabin\u00f3ide sint\u00e9tico tem a complicada f\u00f3rmula qu\u00edmica (2S)-metil-2-(1-(ciclohexilmetil)-1H-indol-3-ilcarbonilamino)-3,3-dimetilbutanoato. Sua massa molecular \u00e9 de 384,5 g\/mol e sua f\u00f3rmula \u00e9 C23H32N2O3.<\/p>\n<p>MMB-CHMINACA \u00e9 um novo produto qu\u00edmico que deve ser manuseado com a m\u00e1xima aten\u00e7\u00e3o e medido com precis\u00e3o devido \u00e0 sua pureza excepcional. Pedimos a todos que examinem o estado das restri\u00e7\u00f5es locais antes de obter cannabis sint\u00e9tica e outras subst\u00e2ncias em nossa loja online.<\/p>\n","protected":false},"excerpt":{"rendered":"<p>Compre MDMB-CHMICA, MMB2101\u00a0\u00e0 venda Europa, Reino Unido (tamb\u00e9m incorretamente conhecido como MMB-CHMINACA) \u00e9 um\u00a0canabin\u00f3ide sint\u00e9tico\u00a0baseado em indole\u00a0que \u00e9 um potente\u00a0agonista\u00a0do\u00a0receptor\u00a0CB1\u00a0e foi vendido on-line como um\u00a0medicamento de grife, atacado Pedido dispon\u00edvel<\/p>\n","protected":false},"featured_media":5937,"comment_status":"open","ping_status":"closed","template":"","meta":[],"product_brand":[],"product_cat":[2596],"product_tag":[4083,4084,4087,4085,4088,4089,4086],"class_list":{"0":"post-5912","1":"product","2":"type-product","3":"status-publish","4":"has-post-thumbnail","6":"product_cat-canabinoides-a-venda","7":"product_tag-buy-mmb-chminaca-online","8":"product_tag-como-comprar-mmb-chminaca-online","9":"product_tag-pedido-mmb-chminaca-online","10":"product_tag-mmb-chminaca","11":"product_tag-o-melhor-lugar-para-comprar-mmb-chminaca-online","12":"product_tag-onde-comprar-mmb-chminaca-online","13":"product_tag-mmb-chminaca-para-venda","15":"first","16":"instock","17":"shipping-taxable","18":"purchasable","19":"product-type-variable"},"yoast_head":"<!-- This site is optimized with the Yoast SEO plugin v27.3 - https:\/\/yoast.com\/product\/yoast-seo-wordpress\/ -->\n<title>Compre MMB-Chminaca - MMB-CHMINACA - Melhores Medicamentos Globais<\/title>\n<meta name=\"description\" content=\"Comprar MDMB-CHMICA, MMB2101\u00a0\u00e0 venda Europa, Reino Unido (tamb\u00e9m incorretamente conhecido como MMB-CHMINACA) \u00e9 um\u00a0canabin\u00f3ide sint\u00e9tico\u00a0baseado em indole\u00a0que \u00e9 um potente\u00a0agonista\u00a0do\u00a0receptor CB1\u00a0e foi vendido on-line como um\u00a0medicamento de grife, pedido por atacado dispon\u00edvel\" \/>\n<meta name=\"robots\" content=\"index, follow, max-snippet:-1, max-image-preview:large, max-video-preview:-1\" \/>\n<link rel=\"canonical\" href=\"https:\/\/medicinasinc.com\/pt\/product\/comprar-mdmb-chmica\/\" \/>\n<meta property=\"og:locale\" content=\"pt_PT\" \/>\n<meta property=\"og:type\" content=\"article\" \/>\n<meta property=\"og:title\" content=\"Compre MMB-Chminaca - MMB-CHMINACA - Melhores Medicamentos Globais\" \/>\n<meta property=\"og:description\" content=\"Comprar MDMB-CHMICA, MMB2101\u00a0\u00e0 venda Europa, Reino Unido (tamb\u00e9m incorretamente conhecido como MMB-CHMINACA) \u00e9 um\u00a0canabin\u00f3ide sint\u00e9tico\u00a0baseado em indole\u00a0que \u00e9 um potente\u00a0agonista\u00a0do\u00a0receptor CB1\u00a0e foi vendido on-line como um\u00a0medicamento de grife, pedido por atacado dispon\u00edvel\" \/>\n<meta property=\"og:url\" content=\"https:\/\/medicinasinc.com\/pt\/product\/comprar-mdmb-chmica\/\" \/>\n<meta property=\"og:site_name\" content=\"Medicinas Inc\" \/>\n<meta property=\"article:modified_time\" content=\"2022-07-05T22:45:29+00:00\" \/>\n<meta property=\"og:image\" content=\"https:\/\/medicinasinc.com\/pt\/wp-content\/uploads\/sites\/20\/2022\/02\/Buy-MDMB-CHMICA.jpg\" \/>\n\t<meta property=\"og:image:width\" content=\"459\" \/>\n\t<meta property=\"og:image:height\" content=\"443\" \/>\n\t<meta property=\"og:image:type\" content=\"image\/jpeg\" \/>\n<meta name=\"twitter:card\" content=\"summary_large_image\" \/>\n<meta name=\"twitter:label1\" content=\"Tempo estimado de leitura\" \/>\n\t<meta name=\"twitter:data1\" content=\"2 minutos\" \/>\n<script type=\"application\/ld+json\" class=\"yoast-schema-graph\">{\"@context\":\"https:\\\/\\\/schema.org\",\"@graph\":[{\"@type\":\"WebPage\",\"@id\":\"https:\\\/\\\/medicinasinc.com\\\/pt\\\/product\\\/comprar-mdmb-chmica\\\/\",\"url\":\"https:\\\/\\\/medicinasinc.com\\\/pt\\\/product\\\/comprar-mdmb-chmica\\\/\",\"name\":\"Compre MMB-Chminaca - MMB-CHMINACA - Melhores Medicamentos Globais\",\"isPartOf\":{\"@id\":\"https:\\\/\\\/medicinasinc.com\\\/pt\\\/#website\"},\"primaryImageOfPage\":{\"@id\":\"https:\\\/\\\/medicinasinc.com\\\/pt\\\/product\\\/comprar-mdmb-chmica\\\/#primaryimage\"},\"image\":{\"@id\":\"https:\\\/\\\/medicinasinc.com\\\/pt\\\/product\\\/comprar-mdmb-chmica\\\/#primaryimage\"},\"thumbnailUrl\":\"https:\\\/\\\/medicinasinc.com\\\/pt\\\/wp-content\\\/uploads\\\/sites\\\/20\\\/2022\\\/02\\\/Buy-MDMB-CHMICA.jpg\",\"datePublished\":\"2022-02-22T08:15:30+00:00\",\"dateModified\":\"2022-07-05T22:45:29+00:00\",\"description\":\"Comprar MDMB-CHMICA, MMB2101\u00a0\u00e0 venda Europa, Reino Unido (tamb\u00e9m incorretamente conhecido como MMB-CHMINACA) \u00e9 um\u00a0canabin\u00f3ide sint\u00e9tico\u00a0baseado em indole\u00a0que \u00e9 um potente\u00a0agonista\u00a0do\u00a0receptor CB1\u00a0e foi vendido on-line como um\u00a0medicamento de grife, pedido por atacado dispon\u00edvel\",\"breadcrumb\":{\"@id\":\"https:\\\/\\\/medicinasinc.com\\\/pt\\\/product\\\/comprar-mdmb-chmica\\\/#breadcrumb\"},\"inLanguage\":\"pt-PT\",\"potentialAction\":[{\"@type\":\"ReadAction\",\"target\":[\"https:\\\/\\\/medicinasinc.com\\\/pt\\\/product\\\/comprar-mdmb-chmica\\\/\"]}]},{\"@type\":\"ImageObject\",\"inLanguage\":\"pt-PT\",\"@id\":\"https:\\\/\\\/medicinasinc.com\\\/pt\\\/product\\\/comprar-mdmb-chmica\\\/#primaryimage\",\"url\":\"https:\\\/\\\/medicinasinc.com\\\/pt\\\/wp-content\\\/uploads\\\/sites\\\/20\\\/2022\\\/02\\\/Buy-MDMB-CHMICA.jpg\",\"contentUrl\":\"https:\\\/\\\/medicinasinc.com\\\/pt\\\/wp-content\\\/uploads\\\/sites\\\/20\\\/2022\\\/02\\\/Buy-MDMB-CHMICA.jpg\",\"width\":459,\"height\":443},{\"@type\":\"BreadcrumbList\",\"@id\":\"https:\\\/\\\/medicinasinc.com\\\/pt\\\/product\\\/comprar-mdmb-chmica\\\/#breadcrumb\",\"itemListElement\":[{\"@type\":\"ListItem\",\"position\":1,\"name\":\"Comprar\",\"item\":\"https:\\\/\\\/medicinasinc.com\\\/pt\\\/comprar\\\/\"},{\"@type\":\"ListItem\",\"position\":2,\"name\":\"Compre MDMB-CHMICA\"}]},{\"@type\":\"WebSite\",\"@id\":\"https:\\\/\\\/medicinasinc.com\\\/pt\\\/#website\",\"url\":\"https:\\\/\\\/medicinasinc.com\\\/pt\\\/\",\"name\":\"Medicinas Inc\",\"description\":\"Health Medical Clinic\",\"potentialAction\":[{\"@type\":\"SearchAction\",\"target\":{\"@type\":\"EntryPoint\",\"urlTemplate\":\"https:\\\/\\\/medicinasinc.com\\\/pt\\\/?s={search_term_string}\"},\"query-input\":{\"@type\":\"PropertyValueSpecification\",\"valueRequired\":true,\"valueName\":\"search_term_string\"}}],\"inLanguage\":\"pt-PT\"}]}<\/script>\n<!-- \/ Yoast SEO plugin. -->","yoast_head_json":{"title":"Compre MMB-Chminaca - MMB-CHMINACA - Melhores Medicamentos Globais","description":"Comprar MDMB-CHMICA, MMB2101\u00a0\u00e0 venda Europa, Reino Unido (tamb\u00e9m incorretamente conhecido como MMB-CHMINACA) \u00e9 um\u00a0canabin\u00f3ide sint\u00e9tico\u00a0baseado em indole\u00a0que \u00e9 um potente\u00a0agonista\u00a0do\u00a0receptor CB1\u00a0e foi vendido on-line como um\u00a0medicamento de grife, pedido por atacado dispon\u00edvel","robots":{"index":"index","follow":"follow","max-snippet":"max-snippet:-1","max-image-preview":"max-image-preview:large","max-video-preview":"max-video-preview:-1"},"canonical":"https:\/\/medicinasinc.com\/pt\/product\/comprar-mdmb-chmica\/","og_locale":"pt_PT","og_type":"article","og_title":"Compre MMB-Chminaca - MMB-CHMINACA - Melhores Medicamentos Globais","og_description":"Comprar MDMB-CHMICA, MMB2101\u00a0\u00e0 venda Europa, Reino Unido (tamb\u00e9m incorretamente conhecido como MMB-CHMINACA) \u00e9 um\u00a0canabin\u00f3ide sint\u00e9tico\u00a0baseado em indole\u00a0que \u00e9 um potente\u00a0agonista\u00a0do\u00a0receptor CB1\u00a0e foi vendido on-line como um\u00a0medicamento de grife, pedido por atacado dispon\u00edvel","og_url":"https:\/\/medicinasinc.com\/pt\/product\/comprar-mdmb-chmica\/","og_site_name":"Medicinas Inc","article_modified_time":"2022-07-05T22:45:29+00:00","og_image":[{"width":459,"height":443,"url":"https:\/\/medicinasinc.com\/pt\/wp-content\/uploads\/sites\/20\/2022\/02\/Buy-MDMB-CHMICA.jpg","type":"image\/jpeg"}],"twitter_card":"summary_large_image","twitter_misc":{"Tempo estimado de leitura":"2 minutos"},"schema":{"@context":"https:\/\/schema.org","@graph":[{"@type":"WebPage","@id":"https:\/\/medicinasinc.com\/pt\/product\/comprar-mdmb-chmica\/","url":"https:\/\/medicinasinc.com\/pt\/product\/comprar-mdmb-chmica\/","name":"Compre MMB-Chminaca - MMB-CHMINACA - Melhores Medicamentos Globais","isPartOf":{"@id":"https:\/\/medicinasinc.com\/pt\/#website"},"primaryImageOfPage":{"@id":"https:\/\/medicinasinc.com\/pt\/product\/comprar-mdmb-chmica\/#primaryimage"},"image":{"@id":"https:\/\/medicinasinc.com\/pt\/product\/comprar-mdmb-chmica\/#primaryimage"},"thumbnailUrl":"https:\/\/medicinasinc.com\/pt\/wp-content\/uploads\/sites\/20\/2022\/02\/Buy-MDMB-CHMICA.jpg","datePublished":"2022-02-22T08:15:30+00:00","dateModified":"2022-07-05T22:45:29+00:00","description":"Comprar MDMB-CHMICA, MMB2101\u00a0\u00e0 venda Europa, Reino Unido (tamb\u00e9m incorretamente conhecido como MMB-CHMINACA) \u00e9 um\u00a0canabin\u00f3ide sint\u00e9tico\u00a0baseado em indole\u00a0que \u00e9 um potente\u00a0agonista\u00a0do\u00a0receptor CB1\u00a0e foi vendido on-line como um\u00a0medicamento de grife, pedido por atacado dispon\u00edvel","breadcrumb":{"@id":"https:\/\/medicinasinc.com\/pt\/product\/comprar-mdmb-chmica\/#breadcrumb"},"inLanguage":"pt-PT","potentialAction":[{"@type":"ReadAction","target":["https:\/\/medicinasinc.com\/pt\/product\/comprar-mdmb-chmica\/"]}]},{"@type":"ImageObject","inLanguage":"pt-PT","@id":"https:\/\/medicinasinc.com\/pt\/product\/comprar-mdmb-chmica\/#primaryimage","url":"https:\/\/medicinasinc.com\/pt\/wp-content\/uploads\/sites\/20\/2022\/02\/Buy-MDMB-CHMICA.jpg","contentUrl":"https:\/\/medicinasinc.com\/pt\/wp-content\/uploads\/sites\/20\/2022\/02\/Buy-MDMB-CHMICA.jpg","width":459,"height":443},{"@type":"BreadcrumbList","@id":"https:\/\/medicinasinc.com\/pt\/product\/comprar-mdmb-chmica\/#breadcrumb","itemListElement":[{"@type":"ListItem","position":1,"name":"Comprar","item":"https:\/\/medicinasinc.com\/pt\/comprar\/"},{"@type":"ListItem","position":2,"name":"Compre MDMB-CHMICA"}]},{"@type":"WebSite","@id":"https:\/\/medicinasinc.com\/pt\/#website","url":"https:\/\/medicinasinc.com\/pt\/","name":"Medicinas Inc","description":"Health Medical Clinic","potentialAction":[{"@type":"SearchAction","target":{"@type":"EntryPoint","urlTemplate":"https:\/\/medicinasinc.com\/pt\/?s={search_term_string}"},"query-input":{"@type":"PropertyValueSpecification","valueRequired":true,"valueName":"search_term_string"}}],"inLanguage":"pt-PT"}]}},"_links":{"self":[{"href":"https:\/\/medicinasinc.com\/pt\/wp-json\/wp\/v2\/product\/5912","targetHints":{"allow":["GET"]}}],"collection":[{"href":"https:\/\/medicinasinc.com\/pt\/wp-json\/wp\/v2\/product"}],"about":[{"href":"https:\/\/medicinasinc.com\/pt\/wp-json\/wp\/v2\/types\/product"}],"replies":[{"embeddable":true,"href":"https:\/\/medicinasinc.com\/pt\/wp-json\/wp\/v2\/comments?post=5912"}],"wp:featuredmedia":[{"embeddable":true,"href":"https:\/\/medicinasinc.com\/pt\/wp-json\/wp\/v2\/media\/5937"}],"wp:attachment":[{"href":"https:\/\/medicinasinc.com\/pt\/wp-json\/wp\/v2\/media?parent=5912"}],"wp:term":[{"taxonomy":"product_brand","embeddable":true,"href":"https:\/\/medicinasinc.com\/pt\/wp-json\/wp\/v2\/product_brand?post=5912"},{"taxonomy":"product_cat","embeddable":true,"href":"https:\/\/medicinasinc.com\/pt\/wp-json\/wp\/v2\/product_cat?post=5912"},{"taxonomy":"product_tag","embeddable":true,"href":"https:\/\/medicinasinc.com\/pt\/wp-json\/wp\/v2\/product_tag?post=5912"}],"curies":[{"name":"wp","href":"https:\/\/api.w.org\/{rel}","templated":true}]}}