{"id":5902,"date":"2022-02-22T08:09:55","date_gmt":"2022-02-22T08:09:55","guid":{"rendered":"https:\/\/medicinasinc.com\/pt\/?post_type=product&#038;p=5902"},"modified":"2022-07-05T22:46:20","modified_gmt":"2022-07-05T22:46:20","slug":"buy-5f-adb","status":"publish","type":"product","link":"https:\/\/medicinasinc.com\/pt\/product\/buy-5f-adb\/","title":{"rendered":"Compre 5F-ADB"},"content":{"rendered":"<p>5F-ADB (alternativamente escrito 5F-MDMB-PINACA) \u00e9 um canabin\u00f3ide sint\u00e9tico derivado do indazol que tem sido utilizado como ingrediente ativo em produtos sint\u00e9ticos de cannabis e vendido on-line como droga de designer.<\/p>\n<p>5F -ADB \u00e9 um forte agonista do receptor CB1, embora sua seletividade para este receptor seja desconhecida. O 5F-ADB foi encontrado pela primeira vez em novembro de 2014 usando amostras post mortem adquiridas de uma pessoa que morreu ap\u00f3s tomar um produto contendo esse medicamento. Testes subsequentes revelaram que o 5F-ADB foi detectado em um total de dez pessoas que morreram no Jap\u00e3o entre setembro e dezembro de 2014 por overdose de drogas inexplic\u00e1veis. Com base nos n\u00edveis relativamente baixos descobertos em testes de tecidos, acredita-se que o 5F-ADB seja extraordinariamente forte e parece ser substancialmente mais perigoso do que os medicamentos sint\u00e9ticos de cannabis vendidos anteriormente.<\/p>\n<p>N-[[1-(5-5- fluoropentil)-1H-indazol-3-il]carbonil]<\/p>\n<p>-3-metil-D-valina metil \u00e9ster (5F-ADB) \u00e9 uma cannabis sint\u00e9tica altamente forte que causa sintomas psic\u00f3ticos graves em humanos, ocasionalmente fatalmente.<\/p>\n<p>Para elucidar os mecanismos neuronais por tr\u00e1s da toxicidade do 5F, os ADBs estudamos seus efeitos nos circuitos dopamin\u00e9rgicos e serotonin\u00e9rgicos do mesenc\u00e9falo, que regulam uma variedade de fun\u00e7\u00f5es cerebrais fundamentais, incluindo aquelas associadas ao comportamento relacionado \u00e0 recompensa. T\u00e9cnicas eletrofisiol\u00f3gicas ex vivo foram usadas para registrar altera\u00e7\u00f5es na atividade de disparo espont\u00e2neo de neur\u00f4nios dopamin\u00e9rgicos e serotonin\u00e9rgicos produzidos por 5F-ADB.<\/p>\n<p>5F-ADB (1 M) aumentou drasticamente a taxa de disparo espont\u00e2neo de neur\u00f4nios dopamin\u00e9rgicos, mas falhou em ativ\u00e1-los na presen\u00e7a do antagonista CB1 AM251 (1 M). A mesma concentra\u00e7\u00e3o de 5F-ADB, por outro lado, n\u00e3o teve efeito sobre a atividade dos neur\u00f4nios serotonin\u00e9rgicos. Esses achados mostram que o 5F-ADB ativa os receptores CB1 locais e melhora os sistemas dopamin\u00e9rgicos no mesenc\u00e9falo, sem afetar os sistemas serotonin\u00e9rgicos no mesenc\u00e9falo.<\/p>\n","protected":false},"excerpt":{"rendered":"<p>Compre 5F-ADB para venda Reino Unido, Europa, China (tamb\u00e9m conhecido como 5F-MDMB-PINACA) \u00e9 um canabin\u00f3ide sint\u00e9tico \u00e0 base de indazol da fam\u00edlia indazol-3-carboxamida, pedido no atacado dispon\u00edvel<\/p>\n","protected":false},"featured_media":5933,"comment_status":"open","ping_status":"closed","template":"","meta":[],"product_brand":[],"product_cat":[2596],"product_tag":[4066,4067,4069,4070,4071,4072,4073,4074,4076,4068,4075],"class_list":{"0":"post-5902","1":"product","2":"type-product","3":"status-publish","4":"has-post-thumbnail","6":"product_cat-canabinoides-a-venda","7":"product_tag-5f-adb","8":"product_tag-5f-adb-para-venda","9":"product_tag-5f-mdmb-pinaca","10":"product_tag-buy-5f-adb-online","11":"product_tag-c20h28fn3o3","12":"product_tag-como-comprar-5f-adb-online","13":"product_tag-pedido-5f-adb-online","14":"product_tag-o-melhor-lugar-para-comprar-5f-adb-online","15":"product_tag-onde-comprar-5f-adb-online","16":"product_tag-5f-adb-p","17":"product_tag-v1715016-75-3","19":"first","20":"instock","21":"shipping-taxable","22":"purchasable","23":"product-type-variable"},"yoast_head":"<!-- This site is optimized with the Yoast SEO plugin v27.3 - https:\/\/yoast.com\/product\/yoast-seo-wordpress\/ -->\n<title>Compre 5F-ADB - 5F-MDMB-PINACA - Best Best Global Meds<\/title>\n<meta name=\"description\" content=\"Comprar 5F-ADB para venda Reino Unido, Europa\u00a0(tamb\u00e9m conhecido como\u00a05F-MDMB-PINACA) \u00e9 um\u00a0canabin\u00f3ide sint\u00e9tico\u00a0\u00e0 base de indazol\u00a0da fam\u00edlia indazol-3-carboxamida, pedido no atacado dispon\u00edvel\" \/>\n<meta name=\"robots\" content=\"index, follow, max-snippet:-1, max-image-preview:large, max-video-preview:-1\" \/>\n<link rel=\"canonical\" href=\"https:\/\/medicinasinc.com\/pt\/product\/buy-5f-adb\/\" \/>\n<meta property=\"og:locale\" content=\"pt_PT\" \/>\n<meta property=\"og:type\" content=\"article\" \/>\n<meta property=\"og:title\" content=\"Compre 5F-ADB - 5F-MDMB-PINACA - Best Best Global Meds\" \/>\n<meta property=\"og:description\" content=\"Comprar 5F-ADB para venda Reino Unido, Europa\u00a0(tamb\u00e9m conhecido como\u00a05F-MDMB-PINACA) \u00e9 um\u00a0canabin\u00f3ide sint\u00e9tico\u00a0\u00e0 base de indazol\u00a0da fam\u00edlia indazol-3-carboxamida, pedido no atacado dispon\u00edvel\" \/>\n<meta property=\"og:url\" content=\"https:\/\/medicinasinc.com\/pt\/product\/buy-5f-adb\/\" \/>\n<meta property=\"og:site_name\" content=\"Medicinas Inc\" \/>\n<meta property=\"article:modified_time\" content=\"2022-07-05T22:46:20+00:00\" \/>\n<meta property=\"og:image\" content=\"https:\/\/medicinasinc.com\/pt\/wp-content\/uploads\/sites\/20\/2022\/02\/Buy-5F-ADB.jpeg\" \/>\n\t<meta property=\"og:image:width\" content=\"800\" \/>\n\t<meta property=\"og:image:height\" content=\"450\" \/>\n\t<meta property=\"og:image:type\" content=\"image\/jpeg\" \/>\n<meta name=\"twitter:card\" content=\"summary_large_image\" \/>\n<meta name=\"twitter:label1\" content=\"Tempo estimado de leitura\" \/>\n\t<meta name=\"twitter:data1\" content=\"2 minutos\" \/>\n<script type=\"application\/ld+json\" class=\"yoast-schema-graph\">{\"@context\":\"https:\\\/\\\/schema.org\",\"@graph\":[{\"@type\":\"WebPage\",\"@id\":\"https:\\\/\\\/medicinasinc.com\\\/pt\\\/product\\\/buy-5f-adb\\\/\",\"url\":\"https:\\\/\\\/medicinasinc.com\\\/pt\\\/product\\\/buy-5f-adb\\\/\",\"name\":\"Compre 5F-ADB - 5F-MDMB-PINACA - Best Best Global Meds\",\"isPartOf\":{\"@id\":\"https:\\\/\\\/medicinasinc.com\\\/pt\\\/#website\"},\"primaryImageOfPage\":{\"@id\":\"https:\\\/\\\/medicinasinc.com\\\/pt\\\/product\\\/buy-5f-adb\\\/#primaryimage\"},\"image\":{\"@id\":\"https:\\\/\\\/medicinasinc.com\\\/pt\\\/product\\\/buy-5f-adb\\\/#primaryimage\"},\"thumbnailUrl\":\"https:\\\/\\\/medicinasinc.com\\\/pt\\\/wp-content\\\/uploads\\\/sites\\\/20\\\/2022\\\/02\\\/Buy-5F-ADB.jpeg\",\"datePublished\":\"2022-02-22T08:09:55+00:00\",\"dateModified\":\"2022-07-05T22:46:20+00:00\",\"description\":\"Comprar 5F-ADB para venda Reino Unido, Europa\u00a0(tamb\u00e9m conhecido como\u00a05F-MDMB-PINACA) \u00e9 um\u00a0canabin\u00f3ide sint\u00e9tico\u00a0\u00e0 base de indazol\u00a0da fam\u00edlia indazol-3-carboxamida, pedido no atacado dispon\u00edvel\",\"breadcrumb\":{\"@id\":\"https:\\\/\\\/medicinasinc.com\\\/pt\\\/product\\\/buy-5f-adb\\\/#breadcrumb\"},\"inLanguage\":\"pt-PT\",\"potentialAction\":[{\"@type\":\"ReadAction\",\"target\":[\"https:\\\/\\\/medicinasinc.com\\\/pt\\\/product\\\/buy-5f-adb\\\/\"]}]},{\"@type\":\"ImageObject\",\"inLanguage\":\"pt-PT\",\"@id\":\"https:\\\/\\\/medicinasinc.com\\\/pt\\\/product\\\/buy-5f-adb\\\/#primaryimage\",\"url\":\"https:\\\/\\\/medicinasinc.com\\\/pt\\\/wp-content\\\/uploads\\\/sites\\\/20\\\/2022\\\/02\\\/Buy-5F-ADB.jpeg\",\"contentUrl\":\"https:\\\/\\\/medicinasinc.com\\\/pt\\\/wp-content\\\/uploads\\\/sites\\\/20\\\/2022\\\/02\\\/Buy-5F-ADB.jpeg\",\"width\":800,\"height\":450},{\"@type\":\"BreadcrumbList\",\"@id\":\"https:\\\/\\\/medicinasinc.com\\\/pt\\\/product\\\/buy-5f-adb\\\/#breadcrumb\",\"itemListElement\":[{\"@type\":\"ListItem\",\"position\":1,\"name\":\"Comprar\",\"item\":\"https:\\\/\\\/medicinasinc.com\\\/pt\\\/comprar\\\/\"},{\"@type\":\"ListItem\",\"position\":2,\"name\":\"Compre 5F-ADB\"}]},{\"@type\":\"WebSite\",\"@id\":\"https:\\\/\\\/medicinasinc.com\\\/pt\\\/#website\",\"url\":\"https:\\\/\\\/medicinasinc.com\\\/pt\\\/\",\"name\":\"Medicinas Inc\",\"description\":\"Health Medical Clinic\",\"potentialAction\":[{\"@type\":\"SearchAction\",\"target\":{\"@type\":\"EntryPoint\",\"urlTemplate\":\"https:\\\/\\\/medicinasinc.com\\\/pt\\\/?s={search_term_string}\"},\"query-input\":{\"@type\":\"PropertyValueSpecification\",\"valueRequired\":true,\"valueName\":\"search_term_string\"}}],\"inLanguage\":\"pt-PT\"}]}<\/script>\n<!-- \/ Yoast SEO plugin. -->","yoast_head_json":{"title":"Compre 5F-ADB - 5F-MDMB-PINACA - Best Best Global Meds","description":"Comprar 5F-ADB para venda Reino Unido, Europa\u00a0(tamb\u00e9m conhecido como\u00a05F-MDMB-PINACA) \u00e9 um\u00a0canabin\u00f3ide sint\u00e9tico\u00a0\u00e0 base de indazol\u00a0da fam\u00edlia indazol-3-carboxamida, pedido no atacado dispon\u00edvel","robots":{"index":"index","follow":"follow","max-snippet":"max-snippet:-1","max-image-preview":"max-image-preview:large","max-video-preview":"max-video-preview:-1"},"canonical":"https:\/\/medicinasinc.com\/pt\/product\/buy-5f-adb\/","og_locale":"pt_PT","og_type":"article","og_title":"Compre 5F-ADB - 5F-MDMB-PINACA - Best Best Global Meds","og_description":"Comprar 5F-ADB para venda Reino Unido, Europa\u00a0(tamb\u00e9m conhecido como\u00a05F-MDMB-PINACA) \u00e9 um\u00a0canabin\u00f3ide sint\u00e9tico\u00a0\u00e0 base de indazol\u00a0da fam\u00edlia indazol-3-carboxamida, pedido no atacado dispon\u00edvel","og_url":"https:\/\/medicinasinc.com\/pt\/product\/buy-5f-adb\/","og_site_name":"Medicinas Inc","article_modified_time":"2022-07-05T22:46:20+00:00","og_image":[{"width":800,"height":450,"url":"https:\/\/medicinasinc.com\/pt\/wp-content\/uploads\/sites\/20\/2022\/02\/Buy-5F-ADB.jpeg","type":"image\/jpeg"}],"twitter_card":"summary_large_image","twitter_misc":{"Tempo estimado de leitura":"2 minutos"},"schema":{"@context":"https:\/\/schema.org","@graph":[{"@type":"WebPage","@id":"https:\/\/medicinasinc.com\/pt\/product\/buy-5f-adb\/","url":"https:\/\/medicinasinc.com\/pt\/product\/buy-5f-adb\/","name":"Compre 5F-ADB - 5F-MDMB-PINACA - Best Best Global Meds","isPartOf":{"@id":"https:\/\/medicinasinc.com\/pt\/#website"},"primaryImageOfPage":{"@id":"https:\/\/medicinasinc.com\/pt\/product\/buy-5f-adb\/#primaryimage"},"image":{"@id":"https:\/\/medicinasinc.com\/pt\/product\/buy-5f-adb\/#primaryimage"},"thumbnailUrl":"https:\/\/medicinasinc.com\/pt\/wp-content\/uploads\/sites\/20\/2022\/02\/Buy-5F-ADB.jpeg","datePublished":"2022-02-22T08:09:55+00:00","dateModified":"2022-07-05T22:46:20+00:00","description":"Comprar 5F-ADB para venda Reino Unido, Europa\u00a0(tamb\u00e9m conhecido como\u00a05F-MDMB-PINACA) \u00e9 um\u00a0canabin\u00f3ide sint\u00e9tico\u00a0\u00e0 base de indazol\u00a0da fam\u00edlia indazol-3-carboxamida, pedido no atacado dispon\u00edvel","breadcrumb":{"@id":"https:\/\/medicinasinc.com\/pt\/product\/buy-5f-adb\/#breadcrumb"},"inLanguage":"pt-PT","potentialAction":[{"@type":"ReadAction","target":["https:\/\/medicinasinc.com\/pt\/product\/buy-5f-adb\/"]}]},{"@type":"ImageObject","inLanguage":"pt-PT","@id":"https:\/\/medicinasinc.com\/pt\/product\/buy-5f-adb\/#primaryimage","url":"https:\/\/medicinasinc.com\/pt\/wp-content\/uploads\/sites\/20\/2022\/02\/Buy-5F-ADB.jpeg","contentUrl":"https:\/\/medicinasinc.com\/pt\/wp-content\/uploads\/sites\/20\/2022\/02\/Buy-5F-ADB.jpeg","width":800,"height":450},{"@type":"BreadcrumbList","@id":"https:\/\/medicinasinc.com\/pt\/product\/buy-5f-adb\/#breadcrumb","itemListElement":[{"@type":"ListItem","position":1,"name":"Comprar","item":"https:\/\/medicinasinc.com\/pt\/comprar\/"},{"@type":"ListItem","position":2,"name":"Compre 5F-ADB"}]},{"@type":"WebSite","@id":"https:\/\/medicinasinc.com\/pt\/#website","url":"https:\/\/medicinasinc.com\/pt\/","name":"Medicinas Inc","description":"Health Medical Clinic","potentialAction":[{"@type":"SearchAction","target":{"@type":"EntryPoint","urlTemplate":"https:\/\/medicinasinc.com\/pt\/?s={search_term_string}"},"query-input":{"@type":"PropertyValueSpecification","valueRequired":true,"valueName":"search_term_string"}}],"inLanguage":"pt-PT"}]}},"_links":{"self":[{"href":"https:\/\/medicinasinc.com\/pt\/wp-json\/wp\/v2\/product\/5902","targetHints":{"allow":["GET"]}}],"collection":[{"href":"https:\/\/medicinasinc.com\/pt\/wp-json\/wp\/v2\/product"}],"about":[{"href":"https:\/\/medicinasinc.com\/pt\/wp-json\/wp\/v2\/types\/product"}],"replies":[{"embeddable":true,"href":"https:\/\/medicinasinc.com\/pt\/wp-json\/wp\/v2\/comments?post=5902"}],"wp:featuredmedia":[{"embeddable":true,"href":"https:\/\/medicinasinc.com\/pt\/wp-json\/wp\/v2\/media\/5933"}],"wp:attachment":[{"href":"https:\/\/medicinasinc.com\/pt\/wp-json\/wp\/v2\/media?parent=5902"}],"wp:term":[{"taxonomy":"product_brand","embeddable":true,"href":"https:\/\/medicinasinc.com\/pt\/wp-json\/wp\/v2\/product_brand?post=5902"},{"taxonomy":"product_cat","embeddable":true,"href":"https:\/\/medicinasinc.com\/pt\/wp-json\/wp\/v2\/product_cat?post=5902"},{"taxonomy":"product_tag","embeddable":true,"href":"https:\/\/medicinasinc.com\/pt\/wp-json\/wp\/v2\/product_tag?post=5902"}],"curies":[{"name":"wp","href":"https:\/\/api.w.org\/{rel}","templated":true}]}}