{"id":5890,"date":"2022-02-22T08:03:24","date_gmt":"2022-02-22T08:03:24","guid":{"rendered":"https:\/\/medicinasinc.com\/pt\/?post_type=product&#038;p=5890"},"modified":"2022-07-05T22:47:39","modified_gmt":"2022-07-05T22:47:39","slug":"comprar-apaan-online-alfa-fenilacetoacetonitrila","status":"publish","type":"product","link":"https:\/\/medicinasinc.com\/pt\/product\/comprar-apaan-online-alfa-fenilacetoacetonitrila\/","title":{"rendered":"Compre APAAN Online (Alfa-Fenilacetoacetonitrila)"},"content":{"rendered":"<p>Compre APAAN de uma farm\u00e1cia on-line respeit\u00e1vel.<\/p>\n<p>APAAN, n\u00famero de registro CAS 4468-48-8, \u00e9 um p\u00f3 cristalino que varia de branco a amarelo claro, sintetizado a partir de benzilcianeto.<\/p>\n<p>O que \u00e9 APAAN (Alfa-Fenilacetoacetonitrila)?<\/p>\n<p>Alfa-Fenilacetoacetonitrila \u00e9 um produto qu\u00edmico com o n\u00famero CAS 4468-48-8 que a Lei de Subst\u00e2ncias Controladas classifica como uma subst\u00e2ncia de programa\u00e7\u00e3o I (CSA). Descobre-se que est\u00e1 sendo usado em laborat\u00f3rios qu\u00edmicos clandestinos para fabricar ilicitamente uma subst\u00e2ncia restrita de programa\u00e7\u00e3o II conhecida como fenil-2-propanona ou P2P), metanfetamina e anfetamina. Como resultado, a DEA solicitou que fosse classificada como subst\u00e2ncia controlada.<\/p>\n<p>Qualquer mistura qu\u00edmica contendo alfa-fenilacetatoacetonitrila \u00e9 regulamentada pela CSA, salvo em circunst\u00e2ncias limitadas.<\/p>\n<p>O que s\u00e3o alguns sin\u00f4nimos de Alfa Fenilacetoacetonitrila?<\/p>\n<p>Al\u00e9m disso, alfa Fenilacetoacetonitrila \u00e9 referido pelos seguintes nomes:<\/p>\n<p>NSC 11777 NSC 25183 NSC 55206 APAAN 2-Fenilacetoacetonitrila<br \/> Quais s\u00e3o os muitos tipos de Alfa Fenilacetoacetonitrila dispon\u00edveis?<\/p>\n<p>Este produto qu\u00edmico \u00e9 acess\u00edvel em formas em p\u00f3, amarelo, marrom ou branco, bem como formas cristalinas com um leve tom amarelo palha.<\/p>\n<p>Como posso comprar Alfa Fenilacetoacetonitrila?<\/p>\n<p>A Alfa Fenilacetoacetonitrila est\u00e1 dispon\u00edvel para compra em nossa loja online. Nosso produto qu\u00edmico \u00e9 extremamente puro. Al\u00e9m disso, voc\u00ea tamb\u00e9m o receber\u00e1 de n\u00f3s a um pre\u00e7o significativamente mais baixo do que a maioria dos outros fornecedores no mercado. Outro incentivo atraente para comprar em nossa loja on-line \u00e9 que o distribu\u00edmos de forma discreta e segura para nossos clientes em muitos lugares do mundo por meio de nossos parceiros de entrega confi\u00e1veis.<\/p>\n<p>Quais as qualidades do Alfa Fenilacetoacetonitrila?<br \/> A seguir est\u00e3o as caracter\u00edsticas espec\u00edficas deste produto qu\u00edmico:<\/p>\n<p>Use uma tabela para esta parte (ponto de fus\u00e3o, ponto de ebuli\u00e7\u00e3o, densidade, n\u00famero CAS, pureza e peso molecular, por exemplo).<\/p>\n<p>Quais aplica\u00e7\u00f5es o Alpha Phenylacetoacetonitrile tem?<\/p>\n<p>Alpha Phenylacetoacetonitrile n\u00e3o tem uso autorizado, exceto para fins de pesquisa e desenvolvimento, bem como para fins anal\u00edticos em laborat\u00f3rios.<\/p>\n<p>V\u00e1rios fornecedores conhecidos de este produto qu\u00edmico inclui o seguinte:<br \/> A seguir est\u00e1 uma lista de fornecedores de Alpha Phenylacetoacetonitrile:<br \/> Aurum Pharmatech LLC Activate Scientific<br \/> Heterocyclics Research Chemicals and Building Blocks MolPort<br \/> Chemical pesquisa e desenvolvimento por Lobos<br \/> AK Scienti fic, Inc. (AKSCI) Alfa Qu\u00edmica Produtos Oakwood<br \/> APIChem Technology Vitas-M Laboratory LabNetwork, uma empresa WuXi AppTec Chemieliva Pharmaceutical Co., Ltd Hangzhou APIChem Technology Vitas-M Laboratory<br \/> Como a Alfa Fenilacetoacetonitrila \u00e9 sintetizada ou preparado?<\/p>\n<p>60 g de s\u00f3dio puro com uma massa de 2,6 gramas de \u00e1tomos s\u00e3o combinados com 700 cc de \u00e1lcool absoluto. Uma solu\u00e7\u00e3o de et\u00f3xido de s\u00f3dio \u00e9 preparada usando este m\u00e9todo em um bal\u00e3o de fundo redondo 2-1 equipado com um condensador de refluxo. A esta solu\u00e7\u00e3o aquecida adiciona-se 234 g ou 2 moles de cianeto de benzilo puro e 264 g ou 3 moles de acetato de etilo seco e agita-se adequadamente. O condensador \u00e9 selado com um tubo de cloreto de c\u00e1lcio. A solu\u00e7\u00e3o \u00e9 cozida em banho de vapor por duas horas e depois deixada durante a noite. Na manh\u00e3 seguinte, voc\u00ea notar\u00e1 que se formaram grumos na mistura. Como resultado, uma haste de madeira \u00e9 usada para agitar o l\u00edquido, fazendo com que os peda\u00e7os se quebrem. Em seguida, uma mistura de congelamento \u00e9 usada para resfri\u00e1-lo a uma temperatura de 10\u00b0. A temperatura \u00e9 ent\u00e3o mantida a este n\u00edvel durante duas horas. Um 6 pol. O funil de B\u00fcchner \u00e9 usado para coletar o sal de s\u00f3dio, que \u00e9 enxaguado quatro vezes no funil com 250 cc. partes de \u00e9ter. Voc\u00ea descobrir\u00e1 um bolo de filtro incolor equivalente a 250\u2013275 g. de sal de s\u00f3dio seco, ou 69-76% da quantidade prevista. Combine os filtrados e adicione-os \u00e0 mistura de congelamento.<\/p>\n<p>\u00c0 temperatura ambiente, dissolva o sal de s\u00f3dio ainda \u00famido com \u00e9ter em 1,3 l de destilado \u00e1gua e depois arrefecer a solu\u00e7\u00e3o a 0\u00b0. Precipite o nitrilo adicionando suavemente 90 cc de \u00e1cido ac\u00e9tico glacial e agitando vigorosamente. Separar o precipitado por filtra\u00e7\u00e3o por suc\u00e7\u00e3o e lav\u00e1-lo quatro vezes em 250 cc de \u00e1gua usando um funil. Agora voc\u00ea deve ter um bolo \u00famido de -Fenilacetoacetonitrila com um peso de 300 g (188-206 g). \u00c9 59\u201364 por cento seco e tem um ponto de fus\u00e3o de 87\u201389\u00b0, que \u00e9 adequado para a maioria das aplica\u00e7\u00f5es.<\/p>\n<p>Se a recristaliza\u00e7\u00e3o do produto qu\u00edmico bruto for desejada, dissolva a torta \u00famida em 100cc de \u00e1lcool met\u00edlico em ebuli\u00e7\u00e3o. Filtrar a solu\u00e7\u00e3o e resfri\u00e1-la a uma temperatura de 10\u00b0 por agita\u00e7\u00e3o. Filtre os cristais por suc\u00e7\u00e3o e lave-os uma vez com 40cc de \u00e1lcool met\u00edlico resfriado a 10\u00b0. O produto pesa 173\u2013191 g (54%\u201360%) quando seco e tem um ponto de fus\u00e3o de 88,5\u201389,5\u00b0. Em 5 a 1. frasco, combinar os filtrados e lavagens da separa\u00e7\u00e3o do sal de s\u00f3dio. Voc\u00ea pode diluir com \u00e1gua gelada at\u00e9 o ponto em que o frasco esteja completamente cheio. Por sifonagem, remova totalmente a camada inferior. Uma por\u00e7\u00e3o significativa do \u00e9ter pode ser removida por decanta\u00e7\u00e3o e o restante separado usando um funil de separa\u00e7\u00e3o.<\/p>\n<p>Extraia a camada aquosa mais duas vezes usando partes de 500 cc de \u00e9ter, depois descarte os extratos de \u00e9ter.<\/p>\n<p> &gt; <\/p>\n<p>Em press\u00e3o reduzida, voc\u00ea pode remover qualquer resto de \u00e9ter na camada aquosa sugando o ar atrav\u00e9s da solu\u00e7\u00e3o por uma hora usando uma bomba de suc\u00e7\u00e3o. Adicionando 60 cc de \u00e1cido ac\u00e9tico glacial, precipite o -Fenilacetoacetonitrila.<\/p>\n<p>Se o \u00f3leo for descartado, mergulhe o frasco em um banho de gelo at\u00e9 que o precipitado cristalize. Separe os cristais usando filtra\u00e7\u00e3o por suc\u00e7\u00e3o e lave-os quatro vezes em um funil cheio de 50cc de \u00e1gua. O material de cor castanha pesa 50\u201355g e tem um ponto de fus\u00e3o de 83\u201386\u00b0 quando seco. Em seguida, dissolva-o nos licores-m\u00e3e de \u00e1lcool met\u00edlico que sobraram da cristaliza\u00e7\u00e3o do lote anterior. A solu\u00e7\u00e3o resultante \u00e9 ent\u00e3o aquecida na presen\u00e7a de um tra\u00e7o de Norite. \u00c9 filtrado e resfriado a uma temperatura de 10\u00b0. Recolher os cristais criados com um filtro e lav\u00e1-los com 10cc de \u00e1lcool met\u00edlico frio, seguido de secagem. Em seguida, \u00e9 obtida uma subst\u00e2ncia de 43 a 48 gramas com uma cor de palha clara e um ponto de fus\u00e3o de 87 a 89\u00b0. \u00c9 recristalizado a partir de uma solu\u00e7\u00e3o de 25cc de \u00e1lcool met\u00edlico puro e 10cc de \u00e1lcool met\u00edlico frio. Um material de 37 a 41 g com um ponto de fus\u00e3o de 88,5 a 89,5\u00b0 \u00e9 produzido. Isso resulta em um material total dessa pureza pesando entre 210 e 232 g, ou 66 a 73 por cento da quantidade te\u00f3rica.<\/p>\n<p>Quais qualidades o Alfa Fenilacetoacetonitrila possui?<\/p>\n<p>A seguir est\u00e3o as caracter\u00edsticas espec\u00edficas deste produto qu\u00edmico:<\/p>\n<p>Peso Molecular: 159,188 g\/mol Massa Exata: 159,068 g\/mol CAS: 4468-48-8<br \/> 99,8% de pureza<br \/> Quanto Alfa Custo do fenilacetatoacetonitrila?<\/p>\n<p>O custo deste produto qu\u00edmico varia de acordo com o fornecedor. O pre\u00e7o real \u00e9 determinado pelo desconto concedido por um varejista online e pela quantidade de produto qu\u00edmico adquirido. Podemos garantir-lhe que o encontrar\u00e1 ao melhor pre\u00e7o do mercado na nossa loja. Al\u00e9m disso, garantimos a qualidade do produto e entrega r\u00e1pida em sua casa.<\/p>\n<p>Como a Alfa Fenilacetoacetonitrila \u00e9 classificada legalmente?<\/p>\n<p>Devido ao fato de Alfa Fenilacetoacetonitrila ser um produto qu\u00edmico de Classe I, todas as transa\u00e7\u00f5es que o envolvam, independentemente de sua quantidade, s\u00e3o controlados.<\/p>\n<p>Os fabricantes de misturas que contenham este produto qu\u00edmico que n\u00e3o se qualifiquem para isen\u00e7\u00e3o autom\u00e1tica devem apresentar um pedido de isen\u00e7\u00e3o, pois todas as misturas qu\u00edmicas que o incluam em qualquer concentra\u00e7\u00e3o s\u00e3o regulamentadas. <\/p>\n<p>Quais s\u00e3o os avisos associados a este produto qu\u00edmico que voc\u00ea deve seguir?<\/p>\n<p>Certos cuidados devem ser tomados para proteger sua seguran\u00e7a ao manusear esta subst\u00e2ncia. A seguir est\u00e3o os avisos e precau\u00e7\u00f5es:<\/p>\n<p>Se ingerido por via oral, este produto qu\u00edmico \u00e9 extremamente perigoso. Portanto, evite-o a todo custo.<br \/> Como \u00e9 perigoso se entrar em contato com sua carne, voc\u00ea deve manuse\u00e1-los com extrema cautela e usar luvas para proteger sua pele.<br \/> Voc\u00ea vai sentir irrita\u00e7\u00e3o na pele e pode at\u00e9 corroer, portanto, evite o toque pr\u00f3ximo.<br \/> Como o produto qu\u00edmico \u00e9 conhecido por causar irrita\u00e7\u00e3o grave e danos aos olhos, \u00e9 fundamental usar \u00f3culos de prote\u00e7\u00e3o que cubram completamente os olhos, evitando assim o contato inadvertido com os olhos.<br \/> Foi considerado extremamente perigoso quando inalado. Assim, o rosto deve ser coberto para evitar a inala\u00e7\u00e3o inadvertida do produto qu\u00edmico durante a realiza\u00e7\u00e3o de pesquisa, desenvolvimento ou an\u00e1lise.<br \/> O medicamento \u00e9 suficientemente poderoso para produzir desconforto respirat\u00f3rio. Mesmo uma \u00fanica exposi\u00e7\u00e3o a ele pode produzir toxicidade para o \u00f3rg\u00e3o-alvo. Inflama\u00e7\u00e3o grave, particularmente no trato respirat\u00f3rio, \u00e9 poss\u00edvel.<\/p>\n<p>Compre APAAN Online | Compra APAAN Para Venda | Compre APAAN Online | Compre APAAN Online (EUA, CHINA, REINO UNIDO, MUNDIAL)<\/p>\n","protected":false},"excerpt":{"rendered":"<p>Compre APAAN (alfa-fenilacetoacetonitrila) para venda na Europa, Reino Unido online sem receita m\u00e9dica. Encomende APAAN (alfa-fenilacetoacetonitrila) on-line.<\/p>\n<p>APAAN (alfa-fenilacetoacetonitrila) \u00e9 um padr\u00e3o anal\u00edtico de refer\u00eancia com semelhan\u00e7a estrutural com a anfetamina.<\/p>\n<p>-acetilbenzenoacetonitrila<\/p>\n<p> 4468-48-8 N\u00ba CAS<\/p>\n<p>Sin\u00f4nimos: APAAN, 2-Fenilacetoacetonitrila<\/p>\n<p>F\u00f3rmula molecular: C10H9NO<\/p>\n<p>Peso da f\u00f3rmula: 159,2<\/p>\n<p>Pureza:\u226598%<\/p>\n<p>Formula\u00e7\u00e3o: Um s\u00f3lido cristalino<\/p>\n<p>\u03bbmax: 264 nm<\/p>\n<p>Armazenamento:-20\u00b0C<\/p>\n<p>Estabilidade :\u2265 2 anos<\/p>\n","protected":false},"featured_media":5916,"comment_status":"open","ping_status":"closed","template":"","meta":[],"product_brand":[],"product_cat":[703],"product_tag":[],"class_list":{"0":"post-5890","1":"product","2":"type-product","3":"status-publish","4":"has-post-thumbnail","6":"product_cat-compre-drogas-psicodelicas","8":"first","9":"instock","10":"shipping-taxable","11":"purchasable","12":"product-type-variable"},"yoast_head":"<!-- This site is optimized with the Yoast SEO plugin v27.3 - https:\/\/yoast.com\/product\/yoast-seo-wordpress\/ -->\n<title>Compre APAAN Online (Alfa-Fenilacetoacetonitrila) - Melhores Medicamentos Globais<\/title>\n<meta name=\"description\" content=\"Compre APAAN (alfa-fenilacetoacetonitrila) para venda na Europa, Reino Unido online sem receita m\u00e9dica. Encomende APAAN (alfa-fenilacetoacetonitrila) Online.\" \/>\n<meta name=\"robots\" content=\"index, follow, max-snippet:-1, max-image-preview:large, max-video-preview:-1\" \/>\n<link rel=\"canonical\" href=\"https:\/\/medicinasinc.com\/pt\/product\/comprar-apaan-online-alfa-fenilacetoacetonitrila\/\" \/>\n<meta property=\"og:locale\" content=\"pt_PT\" \/>\n<meta property=\"og:type\" content=\"article\" \/>\n<meta property=\"og:title\" content=\"Compre APAAN Online (Alfa-Fenilacetoacetonitrila) - Melhores Medicamentos Globais\" \/>\n<meta property=\"og:description\" content=\"Compre APAAN (alfa-fenilacetoacetonitrila) para venda na Europa, Reino Unido online sem receita m\u00e9dica. Encomende APAAN (alfa-fenilacetoacetonitrila) Online.\" \/>\n<meta property=\"og:url\" content=\"https:\/\/medicinasinc.com\/pt\/product\/comprar-apaan-online-alfa-fenilacetoacetonitrila\/\" \/>\n<meta property=\"og:site_name\" content=\"Medicinas Inc\" \/>\n<meta property=\"article:modified_time\" content=\"2022-07-05T22:47:39+00:00\" \/>\n<meta property=\"og:image\" content=\"https:\/\/medicinasinc.com\/pt\/wp-content\/uploads\/sites\/20\/2022\/02\/buy-apaan-alpha-phenylacetoacetonitrile.jpg\" \/>\n\t<meta property=\"og:image:width\" content=\"600\" \/>\n\t<meta property=\"og:image:height\" content=\"600\" \/>\n\t<meta property=\"og:image:type\" content=\"image\/jpeg\" \/>\n<meta name=\"twitter:card\" content=\"summary_large_image\" \/>\n<meta name=\"twitter:label1\" content=\"Tempo estimado de leitura\" \/>\n\t<meta name=\"twitter:data1\" content=\"6 minutos\" \/>\n<script type=\"application\/ld+json\" class=\"yoast-schema-graph\">{\"@context\":\"https:\\\/\\\/schema.org\",\"@graph\":[{\"@type\":\"WebPage\",\"@id\":\"https:\\\/\\\/medicinasinc.com\\\/pt\\\/product\\\/comprar-apaan-online-alfa-fenilacetoacetonitrila\\\/\",\"url\":\"https:\\\/\\\/medicinasinc.com\\\/pt\\\/product\\\/comprar-apaan-online-alfa-fenilacetoacetonitrila\\\/\",\"name\":\"Compre APAAN Online (Alfa-Fenilacetoacetonitrila) - Melhores Medicamentos Globais\",\"isPartOf\":{\"@id\":\"https:\\\/\\\/medicinasinc.com\\\/pt\\\/#website\"},\"primaryImageOfPage\":{\"@id\":\"https:\\\/\\\/medicinasinc.com\\\/pt\\\/product\\\/comprar-apaan-online-alfa-fenilacetoacetonitrila\\\/#primaryimage\"},\"image\":{\"@id\":\"https:\\\/\\\/medicinasinc.com\\\/pt\\\/product\\\/comprar-apaan-online-alfa-fenilacetoacetonitrila\\\/#primaryimage\"},\"thumbnailUrl\":\"https:\\\/\\\/medicinasinc.com\\\/pt\\\/wp-content\\\/uploads\\\/sites\\\/20\\\/2022\\\/02\\\/buy-apaan-alpha-phenylacetoacetonitrile.jpg\",\"datePublished\":\"2022-02-22T08:03:24+00:00\",\"dateModified\":\"2022-07-05T22:47:39+00:00\",\"description\":\"Compre APAAN (alfa-fenilacetoacetonitrila) para venda na Europa, Reino Unido online sem receita m\u00e9dica. Encomende APAAN (alfa-fenilacetoacetonitrila) Online.\",\"breadcrumb\":{\"@id\":\"https:\\\/\\\/medicinasinc.com\\\/pt\\\/product\\\/comprar-apaan-online-alfa-fenilacetoacetonitrila\\\/#breadcrumb\"},\"inLanguage\":\"pt-PT\",\"potentialAction\":[{\"@type\":\"ReadAction\",\"target\":[\"https:\\\/\\\/medicinasinc.com\\\/pt\\\/product\\\/comprar-apaan-online-alfa-fenilacetoacetonitrila\\\/\"]}]},{\"@type\":\"ImageObject\",\"inLanguage\":\"pt-PT\",\"@id\":\"https:\\\/\\\/medicinasinc.com\\\/pt\\\/product\\\/comprar-apaan-online-alfa-fenilacetoacetonitrila\\\/#primaryimage\",\"url\":\"https:\\\/\\\/medicinasinc.com\\\/pt\\\/wp-content\\\/uploads\\\/sites\\\/20\\\/2022\\\/02\\\/buy-apaan-alpha-phenylacetoacetonitrile.jpg\",\"contentUrl\":\"https:\\\/\\\/medicinasinc.com\\\/pt\\\/wp-content\\\/uploads\\\/sites\\\/20\\\/2022\\\/02\\\/buy-apaan-alpha-phenylacetoacetonitrile.jpg\",\"width\":600,\"height\":600},{\"@type\":\"BreadcrumbList\",\"@id\":\"https:\\\/\\\/medicinasinc.com\\\/pt\\\/product\\\/comprar-apaan-online-alfa-fenilacetoacetonitrila\\\/#breadcrumb\",\"itemListElement\":[{\"@type\":\"ListItem\",\"position\":1,\"name\":\"Comprar\",\"item\":\"https:\\\/\\\/medicinasinc.com\\\/pt\\\/comprar\\\/\"},{\"@type\":\"ListItem\",\"position\":2,\"name\":\"Compre APAAN Online (Alfa-Fenilacetoacetonitrila)\"}]},{\"@type\":\"WebSite\",\"@id\":\"https:\\\/\\\/medicinasinc.com\\\/pt\\\/#website\",\"url\":\"https:\\\/\\\/medicinasinc.com\\\/pt\\\/\",\"name\":\"Medicinas Inc\",\"description\":\"Health Medical Clinic\",\"potentialAction\":[{\"@type\":\"SearchAction\",\"target\":{\"@type\":\"EntryPoint\",\"urlTemplate\":\"https:\\\/\\\/medicinasinc.com\\\/pt\\\/?s={search_term_string}\"},\"query-input\":{\"@type\":\"PropertyValueSpecification\",\"valueRequired\":true,\"valueName\":\"search_term_string\"}}],\"inLanguage\":\"pt-PT\"}]}<\/script>\n<!-- \/ Yoast SEO plugin. -->","yoast_head_json":{"title":"Compre APAAN Online (Alfa-Fenilacetoacetonitrila) - Melhores Medicamentos Globais","description":"Compre APAAN (alfa-fenilacetoacetonitrila) para venda na Europa, Reino Unido online sem receita m\u00e9dica. Encomende APAAN (alfa-fenilacetoacetonitrila) Online.","robots":{"index":"index","follow":"follow","max-snippet":"max-snippet:-1","max-image-preview":"max-image-preview:large","max-video-preview":"max-video-preview:-1"},"canonical":"https:\/\/medicinasinc.com\/pt\/product\/comprar-apaan-online-alfa-fenilacetoacetonitrila\/","og_locale":"pt_PT","og_type":"article","og_title":"Compre APAAN Online (Alfa-Fenilacetoacetonitrila) - Melhores Medicamentos Globais","og_description":"Compre APAAN (alfa-fenilacetoacetonitrila) para venda na Europa, Reino Unido online sem receita m\u00e9dica. Encomende APAAN (alfa-fenilacetoacetonitrila) Online.","og_url":"https:\/\/medicinasinc.com\/pt\/product\/comprar-apaan-online-alfa-fenilacetoacetonitrila\/","og_site_name":"Medicinas Inc","article_modified_time":"2022-07-05T22:47:39+00:00","og_image":[{"width":600,"height":600,"url":"https:\/\/medicinasinc.com\/pt\/wp-content\/uploads\/sites\/20\/2022\/02\/buy-apaan-alpha-phenylacetoacetonitrile.jpg","type":"image\/jpeg"}],"twitter_card":"summary_large_image","twitter_misc":{"Tempo estimado de leitura":"6 minutos"},"schema":{"@context":"https:\/\/schema.org","@graph":[{"@type":"WebPage","@id":"https:\/\/medicinasinc.com\/pt\/product\/comprar-apaan-online-alfa-fenilacetoacetonitrila\/","url":"https:\/\/medicinasinc.com\/pt\/product\/comprar-apaan-online-alfa-fenilacetoacetonitrila\/","name":"Compre APAAN Online (Alfa-Fenilacetoacetonitrila) - Melhores Medicamentos Globais","isPartOf":{"@id":"https:\/\/medicinasinc.com\/pt\/#website"},"primaryImageOfPage":{"@id":"https:\/\/medicinasinc.com\/pt\/product\/comprar-apaan-online-alfa-fenilacetoacetonitrila\/#primaryimage"},"image":{"@id":"https:\/\/medicinasinc.com\/pt\/product\/comprar-apaan-online-alfa-fenilacetoacetonitrila\/#primaryimage"},"thumbnailUrl":"https:\/\/medicinasinc.com\/pt\/wp-content\/uploads\/sites\/20\/2022\/02\/buy-apaan-alpha-phenylacetoacetonitrile.jpg","datePublished":"2022-02-22T08:03:24+00:00","dateModified":"2022-07-05T22:47:39+00:00","description":"Compre APAAN (alfa-fenilacetoacetonitrila) para venda na Europa, Reino Unido online sem receita m\u00e9dica. Encomende APAAN (alfa-fenilacetoacetonitrila) Online.","breadcrumb":{"@id":"https:\/\/medicinasinc.com\/pt\/product\/comprar-apaan-online-alfa-fenilacetoacetonitrila\/#breadcrumb"},"inLanguage":"pt-PT","potentialAction":[{"@type":"ReadAction","target":["https:\/\/medicinasinc.com\/pt\/product\/comprar-apaan-online-alfa-fenilacetoacetonitrila\/"]}]},{"@type":"ImageObject","inLanguage":"pt-PT","@id":"https:\/\/medicinasinc.com\/pt\/product\/comprar-apaan-online-alfa-fenilacetoacetonitrila\/#primaryimage","url":"https:\/\/medicinasinc.com\/pt\/wp-content\/uploads\/sites\/20\/2022\/02\/buy-apaan-alpha-phenylacetoacetonitrile.jpg","contentUrl":"https:\/\/medicinasinc.com\/pt\/wp-content\/uploads\/sites\/20\/2022\/02\/buy-apaan-alpha-phenylacetoacetonitrile.jpg","width":600,"height":600},{"@type":"BreadcrumbList","@id":"https:\/\/medicinasinc.com\/pt\/product\/comprar-apaan-online-alfa-fenilacetoacetonitrila\/#breadcrumb","itemListElement":[{"@type":"ListItem","position":1,"name":"Comprar","item":"https:\/\/medicinasinc.com\/pt\/comprar\/"},{"@type":"ListItem","position":2,"name":"Compre APAAN Online (Alfa-Fenilacetoacetonitrila)"}]},{"@type":"WebSite","@id":"https:\/\/medicinasinc.com\/pt\/#website","url":"https:\/\/medicinasinc.com\/pt\/","name":"Medicinas Inc","description":"Health Medical Clinic","potentialAction":[{"@type":"SearchAction","target":{"@type":"EntryPoint","urlTemplate":"https:\/\/medicinasinc.com\/pt\/?s={search_term_string}"},"query-input":{"@type":"PropertyValueSpecification","valueRequired":true,"valueName":"search_term_string"}}],"inLanguage":"pt-PT"}]}},"_links":{"self":[{"href":"https:\/\/medicinasinc.com\/pt\/wp-json\/wp\/v2\/product\/5890","targetHints":{"allow":["GET"]}}],"collection":[{"href":"https:\/\/medicinasinc.com\/pt\/wp-json\/wp\/v2\/product"}],"about":[{"href":"https:\/\/medicinasinc.com\/pt\/wp-json\/wp\/v2\/types\/product"}],"replies":[{"embeddable":true,"href":"https:\/\/medicinasinc.com\/pt\/wp-json\/wp\/v2\/comments?post=5890"}],"wp:featuredmedia":[{"embeddable":true,"href":"https:\/\/medicinasinc.com\/pt\/wp-json\/wp\/v2\/media\/5916"}],"wp:attachment":[{"href":"https:\/\/medicinasinc.com\/pt\/wp-json\/wp\/v2\/media?parent=5890"}],"wp:term":[{"taxonomy":"product_brand","embeddable":true,"href":"https:\/\/medicinasinc.com\/pt\/wp-json\/wp\/v2\/product_brand?post=5890"},{"taxonomy":"product_cat","embeddable":true,"href":"https:\/\/medicinasinc.com\/pt\/wp-json\/wp\/v2\/product_cat?post=5890"},{"taxonomy":"product_tag","embeddable":true,"href":"https:\/\/medicinasinc.com\/pt\/wp-json\/wp\/v2\/product_tag?post=5890"}],"curies":[{"name":"wp","href":"https:\/\/api.w.org\/{rel}","templated":true}]}}