{"id":5886,"date":"2022-02-22T07:58:50","date_gmt":"2022-02-22T07:58:50","guid":{"rendered":"https:\/\/medicinasinc.com\/pt\/?post_type=product&#038;p=5886"},"modified":"2022-07-05T22:47:56","modified_gmt":"2022-07-05T22:47:56","slug":"comprar-dilaudid-4-mg","status":"publish","type":"product","link":"https:\/\/medicinasinc.com\/pt\/product\/comprar-dilaudid-4-mg\/","title":{"rendered":"Compre Dilaudid 4 mg"},"content":{"rendered":"<p>Compre dilaudid 4 mg no Reino Unido e na Europa na nossa farm\u00e1cia on-line Global med com entrega internacional r\u00e1pida! Voc\u00ea obter\u00e1 o melhor Dilaudid 4 mg para compra aqui!<\/p>\n<p>Dilaudid 4 mg, Hydromorphone \u00e9 um analg\u00e9sico narc\u00f3tico. Um opi\u00f3ide \u00e9 ocasionalmente referido como um narc\u00f3tico.<\/p>\n<p>Dilaudid 4 mg \u00e9 um medicamento de prescri\u00e7\u00e3o usado para tratar dor moderada a intensa.<\/p>\n<p>Se voc\u00ea adquirir Dilaudid on-line, tamb\u00e9m poder\u00e1 obter a dose em forma\u00e7\u00e3o. Voc\u00ea deve tomar 2mg a 4mg conforme prescrito para o tratamento inicial.<\/p>\n<p>Este medicamento est\u00e1 dispon\u00edvel em uma formula\u00e7\u00e3o de libera\u00e7\u00e3o prolongada para o tratamento de dor moderada a intensa 24 horas por dia. Esta forma de dosagem de Dilaudid 4 mg n\u00e3o se destina ao uso conforme necess\u00e1rio para a dor.<\/p>\n<p>Hidromorfona Dilaudid 4 mg tamb\u00e9m pode ser usada para outros usos n\u00e3o inclu\u00eddos neste guia de medicamentos.<\/p>\n<p>O que \u00e9 a informa\u00e7\u00e3o mais importante que eu deveria estar ciente sobre hidromorfona?<\/p>\n<p>Se voc\u00ea tiver problemas respirat\u00f3rios graves ou um bloqueio no est\u00f4mago ou intestino, voc\u00ea n\u00e3o deve usar hidromorfona.<\/p>\n<p>4 mg dilaudid Hidromorfona pode causar parada respirat\u00f3ria r\u00e1pida ou completa e pode ser o h\u00e1bito de desenvolver. Para evitar uma dose potencialmente letal, tome apenas a dose prescrita e engula uma p\u00edlula de libera\u00e7\u00e3o prolongada inteira. Nunca d\u00ea a outra pessoa Dilaudid 4 mg.<\/p>\n<p>&nbsp;<\/p>\n<p>O USO INADEQUADO DE MEDICAMENTOS NARC\u00d3TICOS PODE RESULTAR EM V\u00cdCIO, SUPERDOSE OU MORTE, particularmente em crian\u00e7as ou outros indiv\u00edduos que obt\u00eam o medicamento sem uma receita m\u00e9dica.<\/p>\n<p>Se a m\u00e3e tomou Dilaudid 4 mg durante a gravidez, o rec\u00e9m-nascido pode apresentar sintomas de abstin\u00eancia com risco de vida.<\/p>\n<p>N\u00e3o consuma bebidas alco\u00f3licas.<\/p>\n<p>N\u00e3o existe a possibilidade de efeitos adversos perigosos, incluindo a morte.<\/p>\n<p>O que devo discutir com meu m\u00e9dico antes de iniciar o tratamento com hidromorfona?<\/p>\n<p>Voc\u00ea n\u00e3o deve tomar este medicamento se j\u00e1 teve uma resposta adversa \u00e0 hidromorfona ou a qualquer outro medicamento narc\u00f3tico, ou se voc\u00ea tiver alguma das seguintes condi\u00e7\u00f5es:<\/p>\n<p>asma grave ou dificuldades respirat\u00f3rias; um bloqueio no est\u00f4mago ou intestinos; ou \u00edleo paral\u00edtico, obstru\u00e7\u00e3o intestinal.<\/p>\n<p>Se voc\u00ea usou um inibidor da MAO nos \u00faltimos 14 dias, n\u00e3o tome Dilaudid 4 mg de hidromorfona. Pode ocorrer uma intera\u00e7\u00e3o medicamentosa potencialmente prejudicial. Isocarboxazida, linezolida, inje\u00e7\u00e3o de azul de metileno, fenelzina, rasagilina, selegilina e tranilcipromina s\u00e3o todos inibidores da MAO.<\/p>\n<p>Certos medicamentos podem interagir com a hidromorfona, resultando em uma doen\u00e7a potencialmente fatal chamada s\u00edndrome serotonin\u00e9rgica. Verifique se o seu m\u00e9dico est\u00e1 ciente de quaisquer medicamentos que voc\u00ea esteja tomando para depress\u00e3o, doen\u00e7a mental, doen\u00e7a de Parkinson, enxaquecas, infec\u00e7\u00f5es graves ou preven\u00e7\u00e3o de n\u00e1useas e v\u00f4mitos. Consulte seu m\u00e9dico antes de fazer qualquer altera\u00e7\u00e3o na maneira ou na frequ\u00eancia com que voc\u00ea toma seus medicamentos.<\/p>\n<p>Voc\u00ea pode n\u00e3o conseguir tomar Dilaudid 4 mg de hidromorfona se n\u00e3o estiver usando um analg\u00e9sico opi\u00f3ide (narc\u00f3ticos) e s\u00e3o tolerantes com isso. Consulte seu m\u00e9dico se n\u00e3o tiver certeza se \u00e9 tolerante a opi\u00f3ides.<\/p>\n<p>Para garantir que a hidromorfona seja segura para voc\u00ea, informe seu m\u00e9dico se tiver algum dos seguintes:<\/p>\n<p>qualquer tipo de dificuldade respirat\u00f3ria ou doen\u00e7a pulmonar; hist\u00f3ria de concuss\u00e3o, tumor cerebral ou convuls\u00f5es; hist\u00f3ria de abuso de subst\u00e2ncias, alcoolismo ou doen\u00e7a mental; problemas de mic\u00e7\u00e3o; doen\u00e7a hep\u00e1tica ou renal; alergia ao sulfito; doen\u00e7a de Addison ou outros dist\u00farbios da gl\u00e2ndula adrenal; problemas com sua ves\u00edcula biliar, p\u00e2ncreas ou tire\u00f3ide; ou se estiver tomando um sedativo como Valium (diazepam, alprazolam, lorazepam, Ativan, Klonopin, Restoril, Tranxene, Versed, Xanax e outros).<\/p>\n","protected":false},"excerpt":{"rendered":"<p>Compre dilaudid 4 mg \u00e0 venda no Reino Unido, Europa na nossa loja online Best Global meds com entrega r\u00e1pida em todo o mundo! O melhor Dilaudid 4 mg para encomendar voc\u00ea encontrar\u00e1 aqui!<\/p>\n<p>Dilaudid 4 mg, Hidromorfona pode causar respira\u00e7\u00e3o lenta ou parada e pode se tornar um h\u00e1bito. Para evitar uma dose potencialmente letal, tome apenas a dose prescrita e engula uma p\u00edlula de libera\u00e7\u00e3o prolongada inteira. Nunca d\u00ea a outra pessoa Dilaudid 4 mg.<\/p>\n","protected":false},"featured_media":5911,"comment_status":"open","ping_status":"closed","template":"","meta":[],"product_brand":[],"product_cat":[1117],"product_tag":[4046,4045,4047,4049,4048,4050,4051],"class_list":{"0":"post-5886","1":"product","2":"type-product","3":"status-publish","4":"has-post-thumbnail","6":"product_cat-compre-pilulas-para-dor-sono-e-sexo","7":"product_tag-dilaud-4-mg-para-venda","8":"product_tag-buy-dilaudid-4-mg-online","9":"product_tag-como-comprar-dilaudid-4-mg-on-line","10":"product_tag-compra-dilaudid-4-mg-online","11":"product_tag-ordem-dilaudid-4-mg-online","12":"product_tag-o-melhor-lugar-para-comprar-dilaudid-4-mg-on-line","13":"product_tag-onde-comprar-dilaudid-4-mg-on-line","15":"first","16":"instock","17":"featured","18":"shipping-taxable","19":"purchasable","20":"product-type-variable","21":"has-default-attributes"},"yoast_head":"<!-- This site is optimized with the Yoast SEO plugin v27.3 - https:\/\/yoast.com\/product\/yoast-seo-wordpress\/ -->\n<title>Compre Dilaudid 4 mg - Best Best Global Meds<\/title>\n<meta name=\"description\" content=\"Compre dilaudid 4 mg \u00e0 venda no Reino Unido, Europa na nossa loja online Best Global meds com entrega r\u00e1pida em todo o mundo! O melhor Dilaudid 4mg para pedir voc\u00ea encontra aqui!\" \/>\n<meta name=\"robots\" content=\"index, follow, max-snippet:-1, max-image-preview:large, max-video-preview:-1\" \/>\n<link rel=\"canonical\" href=\"https:\/\/medicinasinc.com\/pt\/product\/comprar-dilaudid-4-mg\/\" \/>\n<meta property=\"og:locale\" content=\"pt_PT\" \/>\n<meta property=\"og:type\" content=\"article\" \/>\n<meta property=\"og:title\" content=\"Compre Dilaudid 4 mg - Best Best Global Meds\" \/>\n<meta property=\"og:description\" content=\"Compre dilaudid 4 mg \u00e0 venda no Reino Unido, Europa na nossa loja online Best Global meds com entrega r\u00e1pida em todo o mundo! O melhor Dilaudid 4mg para pedir voc\u00ea encontra aqui!\" \/>\n<meta property=\"og:url\" content=\"https:\/\/medicinasinc.com\/pt\/product\/comprar-dilaudid-4-mg\/\" \/>\n<meta property=\"og:site_name\" content=\"Medicinas Inc\" \/>\n<meta property=\"article:modified_time\" content=\"2022-07-05T22:47:56+00:00\" \/>\n<meta property=\"og:image\" content=\"https:\/\/medicinasinc.com\/pt\/wp-content\/uploads\/sites\/20\/2022\/02\/Buy-Dilaudid-4-mg.jpg\" \/>\n\t<meta property=\"og:image:width\" content=\"720\" \/>\n\t<meta property=\"og:image:height\" content=\"445\" \/>\n\t<meta property=\"og:image:type\" content=\"image\/jpeg\" \/>\n<meta name=\"twitter:card\" content=\"summary_large_image\" \/>\n<meta name=\"twitter:label1\" content=\"Tempo estimado de leitura\" \/>\n\t<meta name=\"twitter:data1\" content=\"3 minutos\" \/>\n<script type=\"application\/ld+json\" class=\"yoast-schema-graph\">{\"@context\":\"https:\\\/\\\/schema.org\",\"@graph\":[{\"@type\":\"WebPage\",\"@id\":\"https:\\\/\\\/medicinasinc.com\\\/pt\\\/product\\\/comprar-dilaudid-4-mg\\\/\",\"url\":\"https:\\\/\\\/medicinasinc.com\\\/pt\\\/product\\\/comprar-dilaudid-4-mg\\\/\",\"name\":\"Compre Dilaudid 4 mg - Best Best Global Meds\",\"isPartOf\":{\"@id\":\"https:\\\/\\\/medicinasinc.com\\\/pt\\\/#website\"},\"primaryImageOfPage\":{\"@id\":\"https:\\\/\\\/medicinasinc.com\\\/pt\\\/product\\\/comprar-dilaudid-4-mg\\\/#primaryimage\"},\"image\":{\"@id\":\"https:\\\/\\\/medicinasinc.com\\\/pt\\\/product\\\/comprar-dilaudid-4-mg\\\/#primaryimage\"},\"thumbnailUrl\":\"https:\\\/\\\/medicinasinc.com\\\/pt\\\/wp-content\\\/uploads\\\/sites\\\/20\\\/2022\\\/02\\\/Buy-Dilaudid-4-mg.jpg\",\"datePublished\":\"2022-02-22T07:58:50+00:00\",\"dateModified\":\"2022-07-05T22:47:56+00:00\",\"description\":\"Compre dilaudid 4 mg \u00e0 venda no Reino Unido, Europa na nossa loja online Best Global meds com entrega r\u00e1pida em todo o mundo! O melhor Dilaudid 4mg para pedir voc\u00ea encontra aqui!\",\"breadcrumb\":{\"@id\":\"https:\\\/\\\/medicinasinc.com\\\/pt\\\/product\\\/comprar-dilaudid-4-mg\\\/#breadcrumb\"},\"inLanguage\":\"pt-PT\",\"potentialAction\":[{\"@type\":\"ReadAction\",\"target\":[\"https:\\\/\\\/medicinasinc.com\\\/pt\\\/product\\\/comprar-dilaudid-4-mg\\\/\"]}]},{\"@type\":\"ImageObject\",\"inLanguage\":\"pt-PT\",\"@id\":\"https:\\\/\\\/medicinasinc.com\\\/pt\\\/product\\\/comprar-dilaudid-4-mg\\\/#primaryimage\",\"url\":\"https:\\\/\\\/medicinasinc.com\\\/pt\\\/wp-content\\\/uploads\\\/sites\\\/20\\\/2022\\\/02\\\/Buy-Dilaudid-4-mg.jpg\",\"contentUrl\":\"https:\\\/\\\/medicinasinc.com\\\/pt\\\/wp-content\\\/uploads\\\/sites\\\/20\\\/2022\\\/02\\\/Buy-Dilaudid-4-mg.jpg\",\"width\":720,\"height\":445},{\"@type\":\"BreadcrumbList\",\"@id\":\"https:\\\/\\\/medicinasinc.com\\\/pt\\\/product\\\/comprar-dilaudid-4-mg\\\/#breadcrumb\",\"itemListElement\":[{\"@type\":\"ListItem\",\"position\":1,\"name\":\"Comprar\",\"item\":\"https:\\\/\\\/medicinasinc.com\\\/pt\\\/comprar\\\/\"},{\"@type\":\"ListItem\",\"position\":2,\"name\":\"Compre Dilaudid 4 mg\"}]},{\"@type\":\"WebSite\",\"@id\":\"https:\\\/\\\/medicinasinc.com\\\/pt\\\/#website\",\"url\":\"https:\\\/\\\/medicinasinc.com\\\/pt\\\/\",\"name\":\"Medicinas Inc\",\"description\":\"Health Medical Clinic\",\"potentialAction\":[{\"@type\":\"SearchAction\",\"target\":{\"@type\":\"EntryPoint\",\"urlTemplate\":\"https:\\\/\\\/medicinasinc.com\\\/pt\\\/?s={search_term_string}\"},\"query-input\":{\"@type\":\"PropertyValueSpecification\",\"valueRequired\":true,\"valueName\":\"search_term_string\"}}],\"inLanguage\":\"pt-PT\"}]}<\/script>\n<!-- \/ Yoast SEO plugin. -->","yoast_head_json":{"title":"Compre Dilaudid 4 mg - Best Best Global Meds","description":"Compre dilaudid 4 mg \u00e0 venda no Reino Unido, Europa na nossa loja online Best Global meds com entrega r\u00e1pida em todo o mundo! O melhor Dilaudid 4mg para pedir voc\u00ea encontra aqui!","robots":{"index":"index","follow":"follow","max-snippet":"max-snippet:-1","max-image-preview":"max-image-preview:large","max-video-preview":"max-video-preview:-1"},"canonical":"https:\/\/medicinasinc.com\/pt\/product\/comprar-dilaudid-4-mg\/","og_locale":"pt_PT","og_type":"article","og_title":"Compre Dilaudid 4 mg - Best Best Global Meds","og_description":"Compre dilaudid 4 mg \u00e0 venda no Reino Unido, Europa na nossa loja online Best Global meds com entrega r\u00e1pida em todo o mundo! O melhor Dilaudid 4mg para pedir voc\u00ea encontra aqui!","og_url":"https:\/\/medicinasinc.com\/pt\/product\/comprar-dilaudid-4-mg\/","og_site_name":"Medicinas Inc","article_modified_time":"2022-07-05T22:47:56+00:00","og_image":[{"width":720,"height":445,"url":"https:\/\/medicinasinc.com\/pt\/wp-content\/uploads\/sites\/20\/2022\/02\/Buy-Dilaudid-4-mg.jpg","type":"image\/jpeg"}],"twitter_card":"summary_large_image","twitter_misc":{"Tempo estimado de leitura":"3 minutos"},"schema":{"@context":"https:\/\/schema.org","@graph":[{"@type":"WebPage","@id":"https:\/\/medicinasinc.com\/pt\/product\/comprar-dilaudid-4-mg\/","url":"https:\/\/medicinasinc.com\/pt\/product\/comprar-dilaudid-4-mg\/","name":"Compre Dilaudid 4 mg - Best Best Global Meds","isPartOf":{"@id":"https:\/\/medicinasinc.com\/pt\/#website"},"primaryImageOfPage":{"@id":"https:\/\/medicinasinc.com\/pt\/product\/comprar-dilaudid-4-mg\/#primaryimage"},"image":{"@id":"https:\/\/medicinasinc.com\/pt\/product\/comprar-dilaudid-4-mg\/#primaryimage"},"thumbnailUrl":"https:\/\/medicinasinc.com\/pt\/wp-content\/uploads\/sites\/20\/2022\/02\/Buy-Dilaudid-4-mg.jpg","datePublished":"2022-02-22T07:58:50+00:00","dateModified":"2022-07-05T22:47:56+00:00","description":"Compre dilaudid 4 mg \u00e0 venda no Reino Unido, Europa na nossa loja online Best Global meds com entrega r\u00e1pida em todo o mundo! O melhor Dilaudid 4mg para pedir voc\u00ea encontra aqui!","breadcrumb":{"@id":"https:\/\/medicinasinc.com\/pt\/product\/comprar-dilaudid-4-mg\/#breadcrumb"},"inLanguage":"pt-PT","potentialAction":[{"@type":"ReadAction","target":["https:\/\/medicinasinc.com\/pt\/product\/comprar-dilaudid-4-mg\/"]}]},{"@type":"ImageObject","inLanguage":"pt-PT","@id":"https:\/\/medicinasinc.com\/pt\/product\/comprar-dilaudid-4-mg\/#primaryimage","url":"https:\/\/medicinasinc.com\/pt\/wp-content\/uploads\/sites\/20\/2022\/02\/Buy-Dilaudid-4-mg.jpg","contentUrl":"https:\/\/medicinasinc.com\/pt\/wp-content\/uploads\/sites\/20\/2022\/02\/Buy-Dilaudid-4-mg.jpg","width":720,"height":445},{"@type":"BreadcrumbList","@id":"https:\/\/medicinasinc.com\/pt\/product\/comprar-dilaudid-4-mg\/#breadcrumb","itemListElement":[{"@type":"ListItem","position":1,"name":"Comprar","item":"https:\/\/medicinasinc.com\/pt\/comprar\/"},{"@type":"ListItem","position":2,"name":"Compre Dilaudid 4 mg"}]},{"@type":"WebSite","@id":"https:\/\/medicinasinc.com\/pt\/#website","url":"https:\/\/medicinasinc.com\/pt\/","name":"Medicinas Inc","description":"Health Medical Clinic","potentialAction":[{"@type":"SearchAction","target":{"@type":"EntryPoint","urlTemplate":"https:\/\/medicinasinc.com\/pt\/?s={search_term_string}"},"query-input":{"@type":"PropertyValueSpecification","valueRequired":true,"valueName":"search_term_string"}}],"inLanguage":"pt-PT"}]}},"_links":{"self":[{"href":"https:\/\/medicinasinc.com\/pt\/wp-json\/wp\/v2\/product\/5886","targetHints":{"allow":["GET"]}}],"collection":[{"href":"https:\/\/medicinasinc.com\/pt\/wp-json\/wp\/v2\/product"}],"about":[{"href":"https:\/\/medicinasinc.com\/pt\/wp-json\/wp\/v2\/types\/product"}],"replies":[{"embeddable":true,"href":"https:\/\/medicinasinc.com\/pt\/wp-json\/wp\/v2\/comments?post=5886"}],"wp:featuredmedia":[{"embeddable":true,"href":"https:\/\/medicinasinc.com\/pt\/wp-json\/wp\/v2\/media\/5911"}],"wp:attachment":[{"href":"https:\/\/medicinasinc.com\/pt\/wp-json\/wp\/v2\/media?parent=5886"}],"wp:term":[{"taxonomy":"product_brand","embeddable":true,"href":"https:\/\/medicinasinc.com\/pt\/wp-json\/wp\/v2\/product_brand?post=5886"},{"taxonomy":"product_cat","embeddable":true,"href":"https:\/\/medicinasinc.com\/pt\/wp-json\/wp\/v2\/product_cat?post=5886"},{"taxonomy":"product_tag","embeddable":true,"href":"https:\/\/medicinasinc.com\/pt\/wp-json\/wp\/v2\/product_tag?post=5886"}],"curies":[{"name":"wp","href":"https:\/\/api.w.org\/{rel}","templated":true}]}}