{"id":5875,"date":"2022-02-22T07:46:55","date_gmt":"2022-02-22T07:46:55","guid":{"rendered":"https:\/\/medicinasinc.com\/pt\/?post_type=product&#038;p=5875"},"modified":"2022-07-05T22:48:32","modified_gmt":"2022-07-05T22:48:32","slug":"comprar-gama-butirolactona","status":"publish","type":"product","link":"https:\/\/medicinasinc.com\/pt\/product\/comprar-gama-butirolactona\/","title":{"rendered":"Compre Gama-Butirolactona"},"content":{"rendered":"<p>A gama-butirolactona (-butirolactona ou GBL) \u00e9 um l\u00edquido higrosc\u00f3pico branco com um odor caracter\u00edstico fraco que \u00e9 sol\u00favel em \u00e1gua. GBL \u00e9 um solvente e reagente amplamente utilizado em qu\u00edmica, bem como um agente aromatizante, um solvente de limpeza, um removedor de supercola e um solvente em alguns capacitores eletrol\u00edticos de alum\u00ednio \u00famidos.<\/p>\n<p>Compre gama-butirolactona (GBL) 1,0 mg\/ml em padr\u00f5es de refer\u00eancia de acetonitrila derivados de GHB e compostos semelhantes. Adquir\u00edvel online<\/p>\n<p>Gamma butirolactona para venda online, gbl (gamma-butirolactona) para venda, gama butirolactona para venda no Reino Unido, gama butirolactona limpador para venda<\/p>\n<p>Funciona como um precursor para GHB em humanos e \u00e9 usado como intoxicante recreativo com efeitos compar\u00e1veis \u200b\u200bao \u00e1lcool.<\/p>\n<p>GBL foi detectado em extratos de amostras de vinho puro. Esta pesquisa implica que GBL ocorre naturalmente em alguns vinhos e pode estar presente em produtos compar\u00e1veis. A concentra\u00e7\u00e3o descoberta foi de cerca de 5 g\/mL, que foi simplesmente determinada usando uma abordagem de extra\u00e7\u00e3o simples seguida de an\u00e1lise GC\/MS.<\/p>\n<p>GBL pode ser detectado em aromas de queijo, no entanto, o produto alimentar final normalmente tem menos de 0,0002 por cento de GBL.<\/p>\n<p>GBL \u00e9 classificado como uma lactona. \u00c9 hidrolisado em gama-hidroxibutirato de s\u00f3dio, o sal de s\u00f3dio do \u00e1cido gama-hidroxibut\u00edrico, sob condi\u00e7\u00f5es b\u00e1sicas, por exemplo, em uma solu\u00e7\u00e3o de hidr\u00f3xido de s\u00f3dio. Gera uma combina\u00e7\u00e3o de equil\u00edbrio de ambos os produtos qu\u00edmicos em circunst\u00e2ncias \u00e1cidas. Depois disso, esses produtos qu\u00edmicos podem se combinar para criar um pol\u00edmero. Quando uma base n\u00e3o nucleof\u00edlica, como diisopropilamida de l\u00edtio, \u00e9 usada, GBL tem o potencial de atuar como um nucle\u00f3filo de carbono alfa. A caprolactona, um produto qu\u00edmico similar, pode ser utilizada desta maneira para criar um poli\u00e9ster.<\/p>\n<p>GBL n\u00e3o \u00e9 uma subst\u00e2ncia ativa por si s\u00f3; seu mecanismo de a\u00e7\u00e3o \u00e9 derivado de seu status como pr\u00f3-droga do GHB. O efeito hipn\u00f3tico do GHB \u00e9 amplificado quando combinado com \u00e1lcool. Em um estudo com ratos de 2003, descobriu-se que o GBL tem um efeito hipn\u00f3tico potencializado quando combinado com etanol, pois a medida do tempo de sono era maior que a soma dos dois componentes independentes.<\/p>\n","protected":false},"excerpt":{"rendered":"<p>Voc\u00ea pode comprar Gamma-Butirolactona de fornecedores em que confiamos, e trabalhamos com esses fornecedores para fazer o acesso para comprar Gamma-Butirolactona \u00e0 venda no Reino Unido, Europa<\/p>\n<p>Todas as pirrolidonas s\u00e3o sintetizadas usando GBL como intermedi\u00e1rio qu\u00edmico . Ele pode ser usado para fazer inseticidas, herbicidas e reguladores de crescimento para plantas.<\/p>\n","protected":false},"featured_media":5885,"comment_status":"open","ping_status":"closed","template":"","meta":[],"product_brand":[],"product_cat":[2014],"product_tag":[4033,4035,4031,4034,4032,4036,4037],"class_list":{"0":"post-5875","1":"product","2":"type-product","3":"status-publish","4":"has-post-thumbnail","6":"product_cat-compre-produtos-quimicos-de-pesquisa","7":"product_tag-como-comprar-gama-butirolactona-online","8":"product_tag-compra-gama-butirolactona-online","9":"product_tag-comprar-gama-butirolactona-online","10":"product_tag-ordem-gama-butirolactona-online","11":"product_tag-gamma-butyrolactone-for-sale","12":"product_tag-o-melhor-lugar-para-comprar-gama-butirolactona-on-line","13":"product_tag-onde-comprar-gama-butirolactona-online","15":"first","16":"instock","17":"featured","18":"shipping-taxable","19":"purchasable","20":"product-type-variable"},"yoast_head":"<!-- This site is optimized with the Yoast SEO plugin v27.3 - https:\/\/yoast.com\/product\/yoast-seo-wordpress\/ -->\n<title>Compre Gamma-Butyrolactone - Best Best Best Global Meds<\/title>\n<meta name=\"description\" content=\"Voc\u00ea pode comprar Gamma-Butyrolactone de fornecedores em que confiamos, e trabalhamos com esses fornecedores para fazer o acesso para comprar Gamma-Butyrolactone for Sale Reino Unido, Europa\" \/>\n<meta name=\"robots\" content=\"index, follow, max-snippet:-1, max-image-preview:large, max-video-preview:-1\" \/>\n<link rel=\"canonical\" href=\"https:\/\/medicinasinc.com\/pt\/product\/comprar-gama-butirolactona\/\" \/>\n<meta property=\"og:locale\" content=\"pt_PT\" \/>\n<meta property=\"og:type\" content=\"article\" \/>\n<meta property=\"og:title\" content=\"Compre Gamma-Butyrolactone - Best Best Best Global Meds\" \/>\n<meta property=\"og:description\" content=\"Voc\u00ea pode comprar Gamma-Butyrolactone de fornecedores em que confiamos, e trabalhamos com esses fornecedores para fazer o acesso para comprar Gamma-Butyrolactone for Sale Reino Unido, Europa\" \/>\n<meta property=\"og:url\" content=\"https:\/\/medicinasinc.com\/pt\/product\/comprar-gama-butirolactona\/\" \/>\n<meta property=\"og:site_name\" content=\"Medicinas Inc\" \/>\n<meta property=\"article:modified_time\" content=\"2022-07-05T22:48:32+00:00\" \/>\n<meta property=\"og:image\" content=\"https:\/\/medicinasinc.com\/pt\/wp-content\/uploads\/sites\/20\/2022\/02\/Buy-Gamma-Butyrolactone.jpg\" \/>\n\t<meta property=\"og:image:width\" content=\"500\" \/>\n\t<meta property=\"og:image:height\" content=\"500\" \/>\n\t<meta property=\"og:image:type\" content=\"image\/jpeg\" \/>\n<meta name=\"twitter:card\" content=\"summary_large_image\" \/>\n<meta name=\"twitter:label1\" content=\"Tempo estimado de leitura\" \/>\n\t<meta name=\"twitter:data1\" content=\"2 minutos\" \/>\n<script type=\"application\/ld+json\" class=\"yoast-schema-graph\">{\"@context\":\"https:\\\/\\\/schema.org\",\"@graph\":[{\"@type\":\"WebPage\",\"@id\":\"https:\\\/\\\/medicinasinc.com\\\/pt\\\/product\\\/comprar-gama-butirolactona\\\/\",\"url\":\"https:\\\/\\\/medicinasinc.com\\\/pt\\\/product\\\/comprar-gama-butirolactona\\\/\",\"name\":\"Compre Gamma-Butyrolactone - Best Best Best Global Meds\",\"isPartOf\":{\"@id\":\"https:\\\/\\\/medicinasinc.com\\\/pt\\\/#website\"},\"primaryImageOfPage\":{\"@id\":\"https:\\\/\\\/medicinasinc.com\\\/pt\\\/product\\\/comprar-gama-butirolactona\\\/#primaryimage\"},\"image\":{\"@id\":\"https:\\\/\\\/medicinasinc.com\\\/pt\\\/product\\\/comprar-gama-butirolactona\\\/#primaryimage\"},\"thumbnailUrl\":\"https:\\\/\\\/medicinasinc.com\\\/pt\\\/wp-content\\\/uploads\\\/sites\\\/20\\\/2022\\\/02\\\/Buy-Gamma-Butyrolactone.jpg\",\"datePublished\":\"2022-02-22T07:46:55+00:00\",\"dateModified\":\"2022-07-05T22:48:32+00:00\",\"description\":\"Voc\u00ea pode comprar Gamma-Butyrolactone de fornecedores em que confiamos, e trabalhamos com esses fornecedores para fazer o acesso para comprar Gamma-Butyrolactone for Sale Reino Unido, Europa\",\"breadcrumb\":{\"@id\":\"https:\\\/\\\/medicinasinc.com\\\/pt\\\/product\\\/comprar-gama-butirolactona\\\/#breadcrumb\"},\"inLanguage\":\"pt-PT\",\"potentialAction\":[{\"@type\":\"ReadAction\",\"target\":[\"https:\\\/\\\/medicinasinc.com\\\/pt\\\/product\\\/comprar-gama-butirolactona\\\/\"]}]},{\"@type\":\"ImageObject\",\"inLanguage\":\"pt-PT\",\"@id\":\"https:\\\/\\\/medicinasinc.com\\\/pt\\\/product\\\/comprar-gama-butirolactona\\\/#primaryimage\",\"url\":\"https:\\\/\\\/medicinasinc.com\\\/pt\\\/wp-content\\\/uploads\\\/sites\\\/20\\\/2022\\\/02\\\/Buy-Gamma-Butyrolactone.jpg\",\"contentUrl\":\"https:\\\/\\\/medicinasinc.com\\\/pt\\\/wp-content\\\/uploads\\\/sites\\\/20\\\/2022\\\/02\\\/Buy-Gamma-Butyrolactone.jpg\",\"width\":500,\"height\":500},{\"@type\":\"BreadcrumbList\",\"@id\":\"https:\\\/\\\/medicinasinc.com\\\/pt\\\/product\\\/comprar-gama-butirolactona\\\/#breadcrumb\",\"itemListElement\":[{\"@type\":\"ListItem\",\"position\":1,\"name\":\"Comprar\",\"item\":\"https:\\\/\\\/medicinasinc.com\\\/pt\\\/comprar\\\/\"},{\"@type\":\"ListItem\",\"position\":2,\"name\":\"Compre Gama-Butirolactona\"}]},{\"@type\":\"WebSite\",\"@id\":\"https:\\\/\\\/medicinasinc.com\\\/pt\\\/#website\",\"url\":\"https:\\\/\\\/medicinasinc.com\\\/pt\\\/\",\"name\":\"Medicinas Inc\",\"description\":\"Health Medical Clinic\",\"potentialAction\":[{\"@type\":\"SearchAction\",\"target\":{\"@type\":\"EntryPoint\",\"urlTemplate\":\"https:\\\/\\\/medicinasinc.com\\\/pt\\\/?s={search_term_string}\"},\"query-input\":{\"@type\":\"PropertyValueSpecification\",\"valueRequired\":true,\"valueName\":\"search_term_string\"}}],\"inLanguage\":\"pt-PT\"}]}<\/script>\n<!-- \/ Yoast SEO plugin. -->","yoast_head_json":{"title":"Compre Gamma-Butyrolactone - Best Best Best Global Meds","description":"Voc\u00ea pode comprar Gamma-Butyrolactone de fornecedores em que confiamos, e trabalhamos com esses fornecedores para fazer o acesso para comprar Gamma-Butyrolactone for Sale Reino Unido, Europa","robots":{"index":"index","follow":"follow","max-snippet":"max-snippet:-1","max-image-preview":"max-image-preview:large","max-video-preview":"max-video-preview:-1"},"canonical":"https:\/\/medicinasinc.com\/pt\/product\/comprar-gama-butirolactona\/","og_locale":"pt_PT","og_type":"article","og_title":"Compre Gamma-Butyrolactone - Best Best Best Global Meds","og_description":"Voc\u00ea pode comprar Gamma-Butyrolactone de fornecedores em que confiamos, e trabalhamos com esses fornecedores para fazer o acesso para comprar Gamma-Butyrolactone for Sale Reino Unido, Europa","og_url":"https:\/\/medicinasinc.com\/pt\/product\/comprar-gama-butirolactona\/","og_site_name":"Medicinas Inc","article_modified_time":"2022-07-05T22:48:32+00:00","og_image":[{"width":500,"height":500,"url":"https:\/\/medicinasinc.com\/pt\/wp-content\/uploads\/sites\/20\/2022\/02\/Buy-Gamma-Butyrolactone.jpg","type":"image\/jpeg"}],"twitter_card":"summary_large_image","twitter_misc":{"Tempo estimado de leitura":"2 minutos"},"schema":{"@context":"https:\/\/schema.org","@graph":[{"@type":"WebPage","@id":"https:\/\/medicinasinc.com\/pt\/product\/comprar-gama-butirolactona\/","url":"https:\/\/medicinasinc.com\/pt\/product\/comprar-gama-butirolactona\/","name":"Compre Gamma-Butyrolactone - Best Best Best Global Meds","isPartOf":{"@id":"https:\/\/medicinasinc.com\/pt\/#website"},"primaryImageOfPage":{"@id":"https:\/\/medicinasinc.com\/pt\/product\/comprar-gama-butirolactona\/#primaryimage"},"image":{"@id":"https:\/\/medicinasinc.com\/pt\/product\/comprar-gama-butirolactona\/#primaryimage"},"thumbnailUrl":"https:\/\/medicinasinc.com\/pt\/wp-content\/uploads\/sites\/20\/2022\/02\/Buy-Gamma-Butyrolactone.jpg","datePublished":"2022-02-22T07:46:55+00:00","dateModified":"2022-07-05T22:48:32+00:00","description":"Voc\u00ea pode comprar Gamma-Butyrolactone de fornecedores em que confiamos, e trabalhamos com esses fornecedores para fazer o acesso para comprar Gamma-Butyrolactone for Sale Reino Unido, Europa","breadcrumb":{"@id":"https:\/\/medicinasinc.com\/pt\/product\/comprar-gama-butirolactona\/#breadcrumb"},"inLanguage":"pt-PT","potentialAction":[{"@type":"ReadAction","target":["https:\/\/medicinasinc.com\/pt\/product\/comprar-gama-butirolactona\/"]}]},{"@type":"ImageObject","inLanguage":"pt-PT","@id":"https:\/\/medicinasinc.com\/pt\/product\/comprar-gama-butirolactona\/#primaryimage","url":"https:\/\/medicinasinc.com\/pt\/wp-content\/uploads\/sites\/20\/2022\/02\/Buy-Gamma-Butyrolactone.jpg","contentUrl":"https:\/\/medicinasinc.com\/pt\/wp-content\/uploads\/sites\/20\/2022\/02\/Buy-Gamma-Butyrolactone.jpg","width":500,"height":500},{"@type":"BreadcrumbList","@id":"https:\/\/medicinasinc.com\/pt\/product\/comprar-gama-butirolactona\/#breadcrumb","itemListElement":[{"@type":"ListItem","position":1,"name":"Comprar","item":"https:\/\/medicinasinc.com\/pt\/comprar\/"},{"@type":"ListItem","position":2,"name":"Compre Gama-Butirolactona"}]},{"@type":"WebSite","@id":"https:\/\/medicinasinc.com\/pt\/#website","url":"https:\/\/medicinasinc.com\/pt\/","name":"Medicinas Inc","description":"Health Medical Clinic","potentialAction":[{"@type":"SearchAction","target":{"@type":"EntryPoint","urlTemplate":"https:\/\/medicinasinc.com\/pt\/?s={search_term_string}"},"query-input":{"@type":"PropertyValueSpecification","valueRequired":true,"valueName":"search_term_string"}}],"inLanguage":"pt-PT"}]}},"_links":{"self":[{"href":"https:\/\/medicinasinc.com\/pt\/wp-json\/wp\/v2\/product\/5875","targetHints":{"allow":["GET"]}}],"collection":[{"href":"https:\/\/medicinasinc.com\/pt\/wp-json\/wp\/v2\/product"}],"about":[{"href":"https:\/\/medicinasinc.com\/pt\/wp-json\/wp\/v2\/types\/product"}],"replies":[{"embeddable":true,"href":"https:\/\/medicinasinc.com\/pt\/wp-json\/wp\/v2\/comments?post=5875"}],"wp:featuredmedia":[{"embeddable":true,"href":"https:\/\/medicinasinc.com\/pt\/wp-json\/wp\/v2\/media\/5885"}],"wp:attachment":[{"href":"https:\/\/medicinasinc.com\/pt\/wp-json\/wp\/v2\/media?parent=5875"}],"wp:term":[{"taxonomy":"product_brand","embeddable":true,"href":"https:\/\/medicinasinc.com\/pt\/wp-json\/wp\/v2\/product_brand?post=5875"},{"taxonomy":"product_cat","embeddable":true,"href":"https:\/\/medicinasinc.com\/pt\/wp-json\/wp\/v2\/product_cat?post=5875"},{"taxonomy":"product_tag","embeddable":true,"href":"https:\/\/medicinasinc.com\/pt\/wp-json\/wp\/v2\/product_tag?post=5875"}],"curies":[{"name":"wp","href":"https:\/\/api.w.org\/{rel}","templated":true}]}}