{"id":5863,"date":"2022-02-22T07:36:01","date_gmt":"2022-02-22T07:36:01","guid":{"rendered":"https:\/\/medicinasinc.com\/pt\/?post_type=product&#038;p=5863"},"modified":"2022-07-05T22:49:09","modified_gmt":"2022-07-05T22:49:09","slug":"comprar-gama-hidroxibutirato-ghb-po","status":"publish","type":"product","link":"https:\/\/medicinasinc.com\/pt\/product\/comprar-gama-hidroxibutirato-ghb-po\/","title":{"rendered":"Compre o p\u00f3 de hidroxibutirato gama (GHB)"},"content":{"rendered":"<p>Compra online de GHB Powder<\/p>\n<p>Compre GHB Powder Online. O GHB \u00e9 um anest\u00e9sico sint\u00e9tico. Est\u00e1 dispon\u00edvel como um l\u00edquido transparente ou em p\u00f3 e tem um sabor levemente salgado. Como a pot\u00eancia varia, n\u00e3o existe uma &#8216;dose segura&#8217;. GBL (gama-butirolactona) e 1,4-butanodiol est\u00e3o comercialmente dispon\u00edveis como alternativas ao GHB. Estes est\u00e3o legalmente dispon\u00edveis como solventes de limpeza e, quando ingeridos, transformam-se naturalmente em GHB.<\/p>\n<p>A gama butirolactona \u00e9 usada para melhorar o desempenho atl\u00e9tico, a qualidade do sono e o desempenho e prazer sexual. Al\u00e9m disso, eles o usam para tratar a depress\u00e3o e o estresse, prolongar a vida, promover o pensamento claro, induzir o relaxamento e liberar o horm\u00f4nio do crescimento. Al\u00e9m disso, o GBL \u00e9 utilizado para reduzir a gordura corporal e como construtor de corpo ou m\u00fasculo. Certos indiv\u00edduos o usam para fins recreativos.<\/p>\n<p>GHB ou GBL Chemicals for Research<\/p>\n<p>(nomes alternativos: gama-hidroxibutirato, ecstasy l\u00edquido, l\u00edquido X, gama-hidroxibutirato)<\/p>\n<p>Normalmente, GHB \u00e9 oferecido em pequenos frascos como um l\u00edquido claro com uma consist\u00eancia um pouco mais espessa que a \u00e1gua.<br \/> As doses s\u00e3o administradas em pequenas quantidades, chamadas de &#8220;caps&#8221; ou &#8220;caps of G&#8221;.<br \/> Embora possa ser consumido inteiro, normalmente \u00e9 dilu\u00eddo em \u00e1gua ou suco e bebido.<br \/> O GHB n\u00e3o tem odor e n\u00e3o tem sabor discern\u00edvel.<br \/> O GBL tem um sabor e odor qu\u00edmico levemente salgado que \u00e9 facilmente mascar\u00e1vel quando misturado com outros l\u00edquidos . GBL \u00e9 uma vers\u00e3o mais potente do medicamento.<br \/> Restrinja-se a doses extremamente baixas de GHB. \u00c9 bastante potente e a pot\u00eancia pode variar significativamente entre os lotes, mesmo entre usu\u00e1rios experientes. \u00c9 aconselh\u00e1vel esperar entre as doses. Certas fontes recomendam esperar at\u00e9 duas horas entre as dosagens para evitar Ging Out.<\/p>\n<p>Efeitos do GHB<\/p>\n<p>Os efeitos come\u00e7am aproximadamente vinte minutos ap\u00f3s o consumo e podem durar at\u00e9 quatro horas.<br \/> Quantidades menores e mais suaves induzem relaxamento e calma.<br \/> Se voc\u00ea tomar quantidades maiores, poder\u00e1 ter sonol\u00eancia, tontura e confus\u00e3o. Al\u00e9m disso, voc\u00ea pode sentir n\u00e1useas, v\u00f4mitos e espasmos musculares.<br \/> Pode resultar em convuls\u00f5es, perda de consci\u00eancia, coma e dificuldade para respirar<br \/> Possibilidade de aumentar o crescimento muscular em fisiculturistas<\/p>\n<p>Sexo com GHB<\/p>\n<p>Semelhante ao \u00e1lcool, reduz as inibi\u00e7\u00f5es enquanto aumenta a confian\u00e7a e a sociabilidade.<br \/> Maior sensibilidade t\u00e1til e sensibilidade aos est\u00edmulos<br \/> Certos homens t\u00eam ere\u00e7\u00f5es mais fortes.<br \/> Orgasmos que s\u00e3o bastante intenso, embora seja dependente da dose<br \/> GHB em excesso pode causar cansa\u00e7o e desmaio durante o sexo.<br \/> GHB \u00e9 referido como um medicamento de &#8220;estupro&#8221; porque aumenta sua vontade de se envolver em rela\u00e7\u00f5es sexuais atividades e prejudica sua capacidade de estabelecer e afirmar limites sexuais. \u00c9 especialmente importante confirmar o consentimento com os parceiros que est\u00e3o em G. Manter contato durante uma sess\u00e3o sexual. O contato sexual com algu\u00e9m inconsciente pode ser interpretado como agress\u00e3o sexual.<\/p>\n","protected":false},"excerpt":{"rendered":"<p>Compre Gamma-Hydroxybutyric\u00a0GHB Powder para venda\u00a0no Reino Unido, Europa, Jap\u00e3o, Emirados \u00c1rabes Unidos, China, \u00c1sia do melhor fornecedor de atacado de GHB, garantimos entrega discreta em todo o mundo<\/p>\n","protected":false},"featured_media":5873,"comment_status":"open","ping_status":"closed","template":"","meta":[],"product_brand":[],"product_cat":[2014],"product_tag":[4018,4019,4015,4016,4023,4014,4022,4017,4020,4021],"class_list":{"0":"post-5863","1":"product","2":"type-product","3":"status-publish","4":"has-post-thumbnail","6":"product_cat-compre-produtos-quimicos-de-pesquisa","7":"product_tag-cido-gama-hidroxibutrico-e-hormnio-de-crescimento","8":"product_tag-gama-hidroxibutrico-cido-antidepressivo","9":"product_tag-buy-ghb","10":"product_tag-buy-ghb-online","11":"product_tag-buy-ghb-powder","12":"product_tag-comprar-gama-hidroxibutirato-online","13":"product_tag-ghb-for-sale","14":"product_tag-medicamento","15":"product_tag-musculaocido-gama-hidroxibutrico","16":"product_tag-preo-do-cido-gama-hidroxibutrico","18":"first","19":"instock","20":"shipping-taxable","21":"purchasable","22":"product-type-variable"},"yoast_head":"<!-- This site is optimized with the Yoast SEO plugin v27.3 - https:\/\/yoast.com\/product\/yoast-seo-wordpress\/ -->\n<title>Compre o p\u00f3 de hidroxibutirato gama (GHB) - Best Best Global Meds<\/title>\n<meta name=\"description\" content=\"Compre Gamma-Hydroxybutyric\u00a0GHB Powder para venda\u00a0no Reino Unido, Europa, Jap\u00e3o, Emirados \u00c1rabes Unidos, China, \u00c1sia do melhor fornecedor de atacado de GHB, garantimos entrega discreta em todo o mundo\" \/>\n<meta name=\"robots\" content=\"index, follow, max-snippet:-1, max-image-preview:large, max-video-preview:-1\" \/>\n<link rel=\"canonical\" href=\"https:\/\/medicinasinc.com\/pt\/product\/comprar-gama-hidroxibutirato-ghb-po\/\" \/>\n<meta property=\"og:locale\" content=\"pt_PT\" \/>\n<meta property=\"og:type\" content=\"article\" \/>\n<meta property=\"og:title\" content=\"Compre o p\u00f3 de hidroxibutirato gama (GHB) - Best Best Global Meds\" \/>\n<meta property=\"og:description\" content=\"Compre Gamma-Hydroxybutyric\u00a0GHB Powder para venda\u00a0no Reino Unido, Europa, Jap\u00e3o, Emirados \u00c1rabes Unidos, China, \u00c1sia do melhor fornecedor de atacado de GHB, garantimos entrega discreta em todo o mundo\" \/>\n<meta property=\"og:url\" content=\"https:\/\/medicinasinc.com\/pt\/product\/comprar-gama-hidroxibutirato-ghb-po\/\" \/>\n<meta property=\"og:site_name\" content=\"Medicinas Inc\" \/>\n<meta property=\"article:modified_time\" content=\"2022-07-05T22:49:09+00:00\" \/>\n<meta property=\"og:image\" content=\"https:\/\/medicinasinc.com\/pt\/wp-content\/uploads\/sites\/20\/2022\/02\/buy-GHB-powder-1.jpg\" \/>\n\t<meta property=\"og:image:width\" content=\"612\" \/>\n\t<meta property=\"og:image:height\" content=\"408\" \/>\n\t<meta property=\"og:image:type\" content=\"image\/jpeg\" \/>\n<meta name=\"twitter:card\" content=\"summary_large_image\" \/>\n<meta name=\"twitter:label1\" content=\"Tempo estimado de leitura\" \/>\n\t<meta name=\"twitter:data1\" content=\"2 minutos\" \/>\n<script type=\"application\/ld+json\" class=\"yoast-schema-graph\">{\"@context\":\"https:\\\/\\\/schema.org\",\"@graph\":[{\"@type\":\"WebPage\",\"@id\":\"https:\\\/\\\/medicinasinc.com\\\/pt\\\/product\\\/comprar-gama-hidroxibutirato-ghb-po\\\/\",\"url\":\"https:\\\/\\\/medicinasinc.com\\\/pt\\\/product\\\/comprar-gama-hidroxibutirato-ghb-po\\\/\",\"name\":\"Compre o p\u00f3 de hidroxibutirato gama (GHB) - Best Best Global Meds\",\"isPartOf\":{\"@id\":\"https:\\\/\\\/medicinasinc.com\\\/pt\\\/#website\"},\"primaryImageOfPage\":{\"@id\":\"https:\\\/\\\/medicinasinc.com\\\/pt\\\/product\\\/comprar-gama-hidroxibutirato-ghb-po\\\/#primaryimage\"},\"image\":{\"@id\":\"https:\\\/\\\/medicinasinc.com\\\/pt\\\/product\\\/comprar-gama-hidroxibutirato-ghb-po\\\/#primaryimage\"},\"thumbnailUrl\":\"https:\\\/\\\/medicinasinc.com\\\/pt\\\/wp-content\\\/uploads\\\/sites\\\/20\\\/2022\\\/02\\\/buy-GHB-powder-1.jpg\",\"datePublished\":\"2022-02-22T07:36:01+00:00\",\"dateModified\":\"2022-07-05T22:49:09+00:00\",\"description\":\"Compre Gamma-Hydroxybutyric\u00a0GHB Powder para venda\u00a0no Reino Unido, Europa, Jap\u00e3o, Emirados \u00c1rabes Unidos, China, \u00c1sia do melhor fornecedor de atacado de GHB, garantimos entrega discreta em todo o mundo\",\"breadcrumb\":{\"@id\":\"https:\\\/\\\/medicinasinc.com\\\/pt\\\/product\\\/comprar-gama-hidroxibutirato-ghb-po\\\/#breadcrumb\"},\"inLanguage\":\"pt-PT\",\"potentialAction\":[{\"@type\":\"ReadAction\",\"target\":[\"https:\\\/\\\/medicinasinc.com\\\/pt\\\/product\\\/comprar-gama-hidroxibutirato-ghb-po\\\/\"]}]},{\"@type\":\"ImageObject\",\"inLanguage\":\"pt-PT\",\"@id\":\"https:\\\/\\\/medicinasinc.com\\\/pt\\\/product\\\/comprar-gama-hidroxibutirato-ghb-po\\\/#primaryimage\",\"url\":\"https:\\\/\\\/medicinasinc.com\\\/pt\\\/wp-content\\\/uploads\\\/sites\\\/20\\\/2022\\\/02\\\/buy-GHB-powder-1.jpg\",\"contentUrl\":\"https:\\\/\\\/medicinasinc.com\\\/pt\\\/wp-content\\\/uploads\\\/sites\\\/20\\\/2022\\\/02\\\/buy-GHB-powder-1.jpg\",\"width\":612,\"height\":408},{\"@type\":\"BreadcrumbList\",\"@id\":\"https:\\\/\\\/medicinasinc.com\\\/pt\\\/product\\\/comprar-gama-hidroxibutirato-ghb-po\\\/#breadcrumb\",\"itemListElement\":[{\"@type\":\"ListItem\",\"position\":1,\"name\":\"Comprar\",\"item\":\"https:\\\/\\\/medicinasinc.com\\\/pt\\\/comprar\\\/\"},{\"@type\":\"ListItem\",\"position\":2,\"name\":\"Compre o p\u00f3 de hidroxibutirato gama (GHB)\"}]},{\"@type\":\"WebSite\",\"@id\":\"https:\\\/\\\/medicinasinc.com\\\/pt\\\/#website\",\"url\":\"https:\\\/\\\/medicinasinc.com\\\/pt\\\/\",\"name\":\"Medicinas Inc\",\"description\":\"Health Medical Clinic\",\"potentialAction\":[{\"@type\":\"SearchAction\",\"target\":{\"@type\":\"EntryPoint\",\"urlTemplate\":\"https:\\\/\\\/medicinasinc.com\\\/pt\\\/?s={search_term_string}\"},\"query-input\":{\"@type\":\"PropertyValueSpecification\",\"valueRequired\":true,\"valueName\":\"search_term_string\"}}],\"inLanguage\":\"pt-PT\"}]}<\/script>\n<!-- \/ Yoast SEO plugin. -->","yoast_head_json":{"title":"Compre o p\u00f3 de hidroxibutirato gama (GHB) - Best Best Global Meds","description":"Compre Gamma-Hydroxybutyric\u00a0GHB Powder para venda\u00a0no Reino Unido, Europa, Jap\u00e3o, Emirados \u00c1rabes Unidos, China, \u00c1sia do melhor fornecedor de atacado de GHB, garantimos entrega discreta em todo o mundo","robots":{"index":"index","follow":"follow","max-snippet":"max-snippet:-1","max-image-preview":"max-image-preview:large","max-video-preview":"max-video-preview:-1"},"canonical":"https:\/\/medicinasinc.com\/pt\/product\/comprar-gama-hidroxibutirato-ghb-po\/","og_locale":"pt_PT","og_type":"article","og_title":"Compre o p\u00f3 de hidroxibutirato gama (GHB) - Best Best Global Meds","og_description":"Compre Gamma-Hydroxybutyric\u00a0GHB Powder para venda\u00a0no Reino Unido, Europa, Jap\u00e3o, Emirados \u00c1rabes Unidos, China, \u00c1sia do melhor fornecedor de atacado de GHB, garantimos entrega discreta em todo o mundo","og_url":"https:\/\/medicinasinc.com\/pt\/product\/comprar-gama-hidroxibutirato-ghb-po\/","og_site_name":"Medicinas Inc","article_modified_time":"2022-07-05T22:49:09+00:00","og_image":[{"width":612,"height":408,"url":"https:\/\/medicinasinc.com\/pt\/wp-content\/uploads\/sites\/20\/2022\/02\/buy-GHB-powder-1.jpg","type":"image\/jpeg"}],"twitter_card":"summary_large_image","twitter_misc":{"Tempo estimado de leitura":"2 minutos"},"schema":{"@context":"https:\/\/schema.org","@graph":[{"@type":"WebPage","@id":"https:\/\/medicinasinc.com\/pt\/product\/comprar-gama-hidroxibutirato-ghb-po\/","url":"https:\/\/medicinasinc.com\/pt\/product\/comprar-gama-hidroxibutirato-ghb-po\/","name":"Compre o p\u00f3 de hidroxibutirato gama (GHB) - Best Best Global Meds","isPartOf":{"@id":"https:\/\/medicinasinc.com\/pt\/#website"},"primaryImageOfPage":{"@id":"https:\/\/medicinasinc.com\/pt\/product\/comprar-gama-hidroxibutirato-ghb-po\/#primaryimage"},"image":{"@id":"https:\/\/medicinasinc.com\/pt\/product\/comprar-gama-hidroxibutirato-ghb-po\/#primaryimage"},"thumbnailUrl":"https:\/\/medicinasinc.com\/pt\/wp-content\/uploads\/sites\/20\/2022\/02\/buy-GHB-powder-1.jpg","datePublished":"2022-02-22T07:36:01+00:00","dateModified":"2022-07-05T22:49:09+00:00","description":"Compre Gamma-Hydroxybutyric\u00a0GHB Powder para venda\u00a0no Reino Unido, Europa, Jap\u00e3o, Emirados \u00c1rabes Unidos, China, \u00c1sia do melhor fornecedor de atacado de GHB, garantimos entrega discreta em todo o mundo","breadcrumb":{"@id":"https:\/\/medicinasinc.com\/pt\/product\/comprar-gama-hidroxibutirato-ghb-po\/#breadcrumb"},"inLanguage":"pt-PT","potentialAction":[{"@type":"ReadAction","target":["https:\/\/medicinasinc.com\/pt\/product\/comprar-gama-hidroxibutirato-ghb-po\/"]}]},{"@type":"ImageObject","inLanguage":"pt-PT","@id":"https:\/\/medicinasinc.com\/pt\/product\/comprar-gama-hidroxibutirato-ghb-po\/#primaryimage","url":"https:\/\/medicinasinc.com\/pt\/wp-content\/uploads\/sites\/20\/2022\/02\/buy-GHB-powder-1.jpg","contentUrl":"https:\/\/medicinasinc.com\/pt\/wp-content\/uploads\/sites\/20\/2022\/02\/buy-GHB-powder-1.jpg","width":612,"height":408},{"@type":"BreadcrumbList","@id":"https:\/\/medicinasinc.com\/pt\/product\/comprar-gama-hidroxibutirato-ghb-po\/#breadcrumb","itemListElement":[{"@type":"ListItem","position":1,"name":"Comprar","item":"https:\/\/medicinasinc.com\/pt\/comprar\/"},{"@type":"ListItem","position":2,"name":"Compre o p\u00f3 de hidroxibutirato gama (GHB)"}]},{"@type":"WebSite","@id":"https:\/\/medicinasinc.com\/pt\/#website","url":"https:\/\/medicinasinc.com\/pt\/","name":"Medicinas Inc","description":"Health Medical Clinic","potentialAction":[{"@type":"SearchAction","target":{"@type":"EntryPoint","urlTemplate":"https:\/\/medicinasinc.com\/pt\/?s={search_term_string}"},"query-input":{"@type":"PropertyValueSpecification","valueRequired":true,"valueName":"search_term_string"}}],"inLanguage":"pt-PT"}]}},"_links":{"self":[{"href":"https:\/\/medicinasinc.com\/pt\/wp-json\/wp\/v2\/product\/5863","targetHints":{"allow":["GET"]}}],"collection":[{"href":"https:\/\/medicinasinc.com\/pt\/wp-json\/wp\/v2\/product"}],"about":[{"href":"https:\/\/medicinasinc.com\/pt\/wp-json\/wp\/v2\/types\/product"}],"replies":[{"embeddable":true,"href":"https:\/\/medicinasinc.com\/pt\/wp-json\/wp\/v2\/comments?post=5863"}],"wp:featuredmedia":[{"embeddable":true,"href":"https:\/\/medicinasinc.com\/pt\/wp-json\/wp\/v2\/media\/5873"}],"wp:attachment":[{"href":"https:\/\/medicinasinc.com\/pt\/wp-json\/wp\/v2\/media?parent=5863"}],"wp:term":[{"taxonomy":"product_brand","embeddable":true,"href":"https:\/\/medicinasinc.com\/pt\/wp-json\/wp\/v2\/product_brand?post=5863"},{"taxonomy":"product_cat","embeddable":true,"href":"https:\/\/medicinasinc.com\/pt\/wp-json\/wp\/v2\/product_cat?post=5863"},{"taxonomy":"product_tag","embeddable":true,"href":"https:\/\/medicinasinc.com\/pt\/wp-json\/wp\/v2\/product_tag?post=5863"}],"curies":[{"name":"wp","href":"https:\/\/api.w.org\/{rel}","templated":true}]}}