{"id":5858,"date":"2022-02-22T07:31:17","date_gmt":"2022-02-22T07:31:17","guid":{"rendered":"https:\/\/medicinasinc.com\/pt\/?post_type=product&#038;p=5858"},"modified":"2022-07-05T22:49:25","modified_gmt":"2022-07-05T22:49:25","slug":"comprar-gama-hidroxibutirato-ghb-liquido","status":"publish","type":"product","link":"https:\/\/medicinasinc.com\/pt\/product\/comprar-gama-hidroxibutirato-ghb-liquido\/","title":{"rendered":"Compre gama hidroxibutirato (GHB) l\u00edquido"},"content":{"rendered":"<p>Gamma-Hydroxybutyric GHB \u00e0 venda no Reino Unido, Europa, Jap\u00e3o, Emirados \u00c1rabes Unidos, China e \u00c1sia da principal fonte de atacado de GHB. Prometemos envios internacionais discretos.<\/p>\n<p>-O \u00e1cido hidroxibut\u00edrico (GHB), tamb\u00e9m conhecido como \u00e1cido 4-hidroxibutan\u00f3ico, \u00e9 um neurotransmissor natural e uma subst\u00e2ncia alucin\u00f3gena. Em locais espec\u00edficos do c\u00e9rebro, atua como precursor de GABA, glutamato e glicina. \u00c9 um agonista modesto no receptor GABAB e atua no receptor GHB. O GHB tem sido usado como anest\u00e9sico geral e como tratamento para cataplexia, narcolepsia e alcoolismo no ambiente m\u00e9dico. Al\u00e9m disso, \u00e9 usado ilegalmente como intoxicante, melhorador de desempenho, droga de estupro e subst\u00e2ncia recreativa.<\/p>\n<p>\u00c9 frequentemente utilizado como um sal na forma de -hidroxibutirato de s\u00f3dio (NaGHB, s\u00f3dio oxibato, ou Xyrem) ou hidroxibutirato de pot\u00e1ssio (KGHB, oxibato de pot\u00e1ssio). O GHB tamb\u00e9m \u00e9 criado durante a fermenta\u00e7\u00e3o e \u00e9 encontrado em pequenas quantidades em uma variedade de cervejas e vinhos, bem como carne bovina e pequenas frutas c\u00edtricas.<\/p>\n<p>O GHB \u00e9 usado clinicamente para tratar narcolepsia e, mais raramente, alcoolismo, embora sua efic\u00e1cia em compara\u00e7\u00e3o com outras farmacoterapias para o alcoolismo permane\u00e7a desconhecida.<\/p>\n<p>\u00c9 ocasionalmente usado off-label para tratar a fibromialgia.<\/p>\n<p>O oxibato de s\u00f3dio \u00e9 um medicamento de prescri\u00e7\u00e3o que cont\u00e9m o componente ativo GHB (Xyrem). A Food and Drug Administration dos EUA aprovou o oxibato de s\u00f3dio para o tratamento de cataplexia associada \u00e0 narcolepsia e sonol\u00eancia diurna excessiva (EDS) associada \u00e0 narcolepsia. sono de ondas lentas e diminuir a inclina\u00e7\u00e3o para o sono REM.<\/p>\n<p>A rotulagem aprovada pela FDA para oxibato de s\u00f3dio indica que n\u00e3o h\u00e1 evid\u00eancias de que o GHB seja carcinog\u00eanico, teratog\u00eanico ou hepatot\u00f3xico. Seu perfil de seguran\u00e7a superior ao etanol pode explicar por que o GHB ainda est\u00e1 sendo explorado] como um poss\u00edvel substituto do \u00e1lcool.<\/p>\n","protected":false},"excerpt":{"rendered":"<p>Compre Gamma-Hydroxybutyric GHB Liquid para venda no Reino Unido, Europa, Jap\u00e3o, Emirados \u00c1rabes Unidos, China, \u00c1sia do melhor fornecedor de atacado de GHB, garantimos entrega discreta em todo o mundo<\/p>\n<p>Quantidade m\u00ednima\u00a0 200ml<\/p>\n","protected":false},"featured_media":5868,"comment_status":"open","ping_status":"closed","template":"","meta":[],"product_brand":[],"product_cat":[2014],"product_tag":[4018,4019,4015,4016,4014,4022,4017,4020,4021],"class_list":{"0":"post-5858","1":"product","2":"type-product","3":"status-publish","4":"has-post-thumbnail","6":"product_cat-compre-produtos-quimicos-de-pesquisa","7":"product_tag-cido-gama-hidroxibutrico-e-hormnio-de-crescimento","8":"product_tag-gama-hidroxibutrico-cido-antidepressivo","9":"product_tag-buy-ghb","10":"product_tag-buy-ghb-online","11":"product_tag-comprar-gama-hidroxibutirato-online","12":"product_tag-ghb-for-sale","13":"product_tag-medicamento","14":"product_tag-musculaocido-gama-hidroxibutrico","15":"product_tag-preo-do-cido-gama-hidroxibutrico","17":"first","18":"instock","19":"shipping-taxable","20":"purchasable","21":"product-type-variable"},"yoast_head":"<!-- This site is optimized with the Yoast SEO plugin v27.3 - https:\/\/yoast.com\/product\/yoast-seo-wordpress\/ -->\n<title>Compre gama hidroxibutirato (GHB) - Best Best Global Meds<\/title>\n<meta name=\"description\" content=\"Compre Gamma-Hydroxybutyric GHB Liquid para venda no Reino Unido, Europa, Jap\u00e3o, Emirados \u00c1rabes Unidos, China, \u00c1sia do melhor fornecedor de atacado GHB, garantimos uma entrega discreta em todo o mundo\" \/>\n<meta name=\"robots\" content=\"index, follow, max-snippet:-1, max-image-preview:large, max-video-preview:-1\" \/>\n<link rel=\"canonical\" href=\"https:\/\/medicinasinc.com\/pt\/product\/comprar-gama-hidroxibutirato-ghb-liquido\/\" \/>\n<meta property=\"og:locale\" content=\"pt_PT\" \/>\n<meta property=\"og:type\" content=\"article\" \/>\n<meta property=\"og:title\" content=\"Compre gama hidroxibutirato (GHB) - Best Best Global Meds\" \/>\n<meta property=\"og:description\" content=\"Compre Gamma-Hydroxybutyric GHB Liquid para venda no Reino Unido, Europa, Jap\u00e3o, Emirados \u00c1rabes Unidos, China, \u00c1sia do melhor fornecedor de atacado GHB, garantimos uma entrega discreta em todo o mundo\" \/>\n<meta property=\"og:url\" content=\"https:\/\/medicinasinc.com\/pt\/product\/comprar-gama-hidroxibutirato-ghb-liquido\/\" \/>\n<meta property=\"og:site_name\" content=\"Medicinas Inc\" \/>\n<meta property=\"article:modified_time\" content=\"2022-07-05T22:49:25+00:00\" \/>\n<meta property=\"og:image\" content=\"https:\/\/medicinasinc.com\/pt\/wp-content\/uploads\/sites\/20\/2022\/02\/Buy-gamma-hydroxybutyrate.jpg\" \/>\n\t<meta property=\"og:image:width\" content=\"600\" \/>\n\t<meta property=\"og:image:height\" content=\"450\" \/>\n\t<meta property=\"og:image:type\" content=\"image\/jpeg\" \/>\n<meta name=\"twitter:card\" content=\"summary_large_image\" \/>\n<meta name=\"twitter:label1\" content=\"Tempo estimado de leitura\" \/>\n\t<meta name=\"twitter:data1\" content=\"2 minutos\" \/>\n<script type=\"application\/ld+json\" class=\"yoast-schema-graph\">{\"@context\":\"https:\\\/\\\/schema.org\",\"@graph\":[{\"@type\":\"WebPage\",\"@id\":\"https:\\\/\\\/medicinasinc.com\\\/pt\\\/product\\\/comprar-gama-hidroxibutirato-ghb-liquido\\\/\",\"url\":\"https:\\\/\\\/medicinasinc.com\\\/pt\\\/product\\\/comprar-gama-hidroxibutirato-ghb-liquido\\\/\",\"name\":\"Compre gama hidroxibutirato (GHB) - Best Best Global Meds\",\"isPartOf\":{\"@id\":\"https:\\\/\\\/medicinasinc.com\\\/pt\\\/#website\"},\"primaryImageOfPage\":{\"@id\":\"https:\\\/\\\/medicinasinc.com\\\/pt\\\/product\\\/comprar-gama-hidroxibutirato-ghb-liquido\\\/#primaryimage\"},\"image\":{\"@id\":\"https:\\\/\\\/medicinasinc.com\\\/pt\\\/product\\\/comprar-gama-hidroxibutirato-ghb-liquido\\\/#primaryimage\"},\"thumbnailUrl\":\"https:\\\/\\\/medicinasinc.com\\\/pt\\\/wp-content\\\/uploads\\\/sites\\\/20\\\/2022\\\/02\\\/Buy-gamma-hydroxybutyrate.jpg\",\"datePublished\":\"2022-02-22T07:31:17+00:00\",\"dateModified\":\"2022-07-05T22:49:25+00:00\",\"description\":\"Compre Gamma-Hydroxybutyric GHB Liquid para venda no Reino Unido, Europa, Jap\u00e3o, Emirados \u00c1rabes Unidos, China, \u00c1sia do melhor fornecedor de atacado GHB, garantimos uma entrega discreta em todo o mundo\",\"breadcrumb\":{\"@id\":\"https:\\\/\\\/medicinasinc.com\\\/pt\\\/product\\\/comprar-gama-hidroxibutirato-ghb-liquido\\\/#breadcrumb\"},\"inLanguage\":\"pt-PT\",\"potentialAction\":[{\"@type\":\"ReadAction\",\"target\":[\"https:\\\/\\\/medicinasinc.com\\\/pt\\\/product\\\/comprar-gama-hidroxibutirato-ghb-liquido\\\/\"]}]},{\"@type\":\"ImageObject\",\"inLanguage\":\"pt-PT\",\"@id\":\"https:\\\/\\\/medicinasinc.com\\\/pt\\\/product\\\/comprar-gama-hidroxibutirato-ghb-liquido\\\/#primaryimage\",\"url\":\"https:\\\/\\\/medicinasinc.com\\\/pt\\\/wp-content\\\/uploads\\\/sites\\\/20\\\/2022\\\/02\\\/Buy-gamma-hydroxybutyrate.jpg\",\"contentUrl\":\"https:\\\/\\\/medicinasinc.com\\\/pt\\\/wp-content\\\/uploads\\\/sites\\\/20\\\/2022\\\/02\\\/Buy-gamma-hydroxybutyrate.jpg\",\"width\":600,\"height\":450},{\"@type\":\"BreadcrumbList\",\"@id\":\"https:\\\/\\\/medicinasinc.com\\\/pt\\\/product\\\/comprar-gama-hidroxibutirato-ghb-liquido\\\/#breadcrumb\",\"itemListElement\":[{\"@type\":\"ListItem\",\"position\":1,\"name\":\"Comprar\",\"item\":\"https:\\\/\\\/medicinasinc.com\\\/pt\\\/comprar\\\/\"},{\"@type\":\"ListItem\",\"position\":2,\"name\":\"Compre gama hidroxibutirato (GHB) l\u00edquido\"}]},{\"@type\":\"WebSite\",\"@id\":\"https:\\\/\\\/medicinasinc.com\\\/pt\\\/#website\",\"url\":\"https:\\\/\\\/medicinasinc.com\\\/pt\\\/\",\"name\":\"Medicinas Inc\",\"description\":\"Health Medical Clinic\",\"potentialAction\":[{\"@type\":\"SearchAction\",\"target\":{\"@type\":\"EntryPoint\",\"urlTemplate\":\"https:\\\/\\\/medicinasinc.com\\\/pt\\\/?s={search_term_string}\"},\"query-input\":{\"@type\":\"PropertyValueSpecification\",\"valueRequired\":true,\"valueName\":\"search_term_string\"}}],\"inLanguage\":\"pt-PT\"}]}<\/script>\n<!-- \/ Yoast SEO plugin. -->","yoast_head_json":{"title":"Compre gama hidroxibutirato (GHB) - Best Best Global Meds","description":"Compre Gamma-Hydroxybutyric GHB Liquid para venda no Reino Unido, Europa, Jap\u00e3o, Emirados \u00c1rabes Unidos, China, \u00c1sia do melhor fornecedor de atacado GHB, garantimos uma entrega discreta em todo o mundo","robots":{"index":"index","follow":"follow","max-snippet":"max-snippet:-1","max-image-preview":"max-image-preview:large","max-video-preview":"max-video-preview:-1"},"canonical":"https:\/\/medicinasinc.com\/pt\/product\/comprar-gama-hidroxibutirato-ghb-liquido\/","og_locale":"pt_PT","og_type":"article","og_title":"Compre gama hidroxibutirato (GHB) - Best Best Global Meds","og_description":"Compre Gamma-Hydroxybutyric GHB Liquid para venda no Reino Unido, Europa, Jap\u00e3o, Emirados \u00c1rabes Unidos, China, \u00c1sia do melhor fornecedor de atacado GHB, garantimos uma entrega discreta em todo o mundo","og_url":"https:\/\/medicinasinc.com\/pt\/product\/comprar-gama-hidroxibutirato-ghb-liquido\/","og_site_name":"Medicinas Inc","article_modified_time":"2022-07-05T22:49:25+00:00","og_image":[{"width":600,"height":450,"url":"https:\/\/medicinasinc.com\/pt\/wp-content\/uploads\/sites\/20\/2022\/02\/Buy-gamma-hydroxybutyrate.jpg","type":"image\/jpeg"}],"twitter_card":"summary_large_image","twitter_misc":{"Tempo estimado de leitura":"2 minutos"},"schema":{"@context":"https:\/\/schema.org","@graph":[{"@type":"WebPage","@id":"https:\/\/medicinasinc.com\/pt\/product\/comprar-gama-hidroxibutirato-ghb-liquido\/","url":"https:\/\/medicinasinc.com\/pt\/product\/comprar-gama-hidroxibutirato-ghb-liquido\/","name":"Compre gama hidroxibutirato (GHB) - Best Best Global Meds","isPartOf":{"@id":"https:\/\/medicinasinc.com\/pt\/#website"},"primaryImageOfPage":{"@id":"https:\/\/medicinasinc.com\/pt\/product\/comprar-gama-hidroxibutirato-ghb-liquido\/#primaryimage"},"image":{"@id":"https:\/\/medicinasinc.com\/pt\/product\/comprar-gama-hidroxibutirato-ghb-liquido\/#primaryimage"},"thumbnailUrl":"https:\/\/medicinasinc.com\/pt\/wp-content\/uploads\/sites\/20\/2022\/02\/Buy-gamma-hydroxybutyrate.jpg","datePublished":"2022-02-22T07:31:17+00:00","dateModified":"2022-07-05T22:49:25+00:00","description":"Compre Gamma-Hydroxybutyric GHB Liquid para venda no Reino Unido, Europa, Jap\u00e3o, Emirados \u00c1rabes Unidos, China, \u00c1sia do melhor fornecedor de atacado GHB, garantimos uma entrega discreta em todo o mundo","breadcrumb":{"@id":"https:\/\/medicinasinc.com\/pt\/product\/comprar-gama-hidroxibutirato-ghb-liquido\/#breadcrumb"},"inLanguage":"pt-PT","potentialAction":[{"@type":"ReadAction","target":["https:\/\/medicinasinc.com\/pt\/product\/comprar-gama-hidroxibutirato-ghb-liquido\/"]}]},{"@type":"ImageObject","inLanguage":"pt-PT","@id":"https:\/\/medicinasinc.com\/pt\/product\/comprar-gama-hidroxibutirato-ghb-liquido\/#primaryimage","url":"https:\/\/medicinasinc.com\/pt\/wp-content\/uploads\/sites\/20\/2022\/02\/Buy-gamma-hydroxybutyrate.jpg","contentUrl":"https:\/\/medicinasinc.com\/pt\/wp-content\/uploads\/sites\/20\/2022\/02\/Buy-gamma-hydroxybutyrate.jpg","width":600,"height":450},{"@type":"BreadcrumbList","@id":"https:\/\/medicinasinc.com\/pt\/product\/comprar-gama-hidroxibutirato-ghb-liquido\/#breadcrumb","itemListElement":[{"@type":"ListItem","position":1,"name":"Comprar","item":"https:\/\/medicinasinc.com\/pt\/comprar\/"},{"@type":"ListItem","position":2,"name":"Compre gama hidroxibutirato (GHB) l\u00edquido"}]},{"@type":"WebSite","@id":"https:\/\/medicinasinc.com\/pt\/#website","url":"https:\/\/medicinasinc.com\/pt\/","name":"Medicinas Inc","description":"Health Medical Clinic","potentialAction":[{"@type":"SearchAction","target":{"@type":"EntryPoint","urlTemplate":"https:\/\/medicinasinc.com\/pt\/?s={search_term_string}"},"query-input":{"@type":"PropertyValueSpecification","valueRequired":true,"valueName":"search_term_string"}}],"inLanguage":"pt-PT"}]}},"_links":{"self":[{"href":"https:\/\/medicinasinc.com\/pt\/wp-json\/wp\/v2\/product\/5858","targetHints":{"allow":["GET"]}}],"collection":[{"href":"https:\/\/medicinasinc.com\/pt\/wp-json\/wp\/v2\/product"}],"about":[{"href":"https:\/\/medicinasinc.com\/pt\/wp-json\/wp\/v2\/types\/product"}],"replies":[{"embeddable":true,"href":"https:\/\/medicinasinc.com\/pt\/wp-json\/wp\/v2\/comments?post=5858"}],"wp:featuredmedia":[{"embeddable":true,"href":"https:\/\/medicinasinc.com\/pt\/wp-json\/wp\/v2\/media\/5868"}],"wp:attachment":[{"href":"https:\/\/medicinasinc.com\/pt\/wp-json\/wp\/v2\/media?parent=5858"}],"wp:term":[{"taxonomy":"product_brand","embeddable":true,"href":"https:\/\/medicinasinc.com\/pt\/wp-json\/wp\/v2\/product_brand?post=5858"},{"taxonomy":"product_cat","embeddable":true,"href":"https:\/\/medicinasinc.com\/pt\/wp-json\/wp\/v2\/product_cat?post=5858"},{"taxonomy":"product_tag","embeddable":true,"href":"https:\/\/medicinasinc.com\/pt\/wp-json\/wp\/v2\/product_tag?post=5858"}],"curies":[{"name":"wp","href":"https:\/\/api.w.org\/{rel}","templated":true}]}}