{"id":5852,"date":"2022-02-22T07:25:44","date_gmt":"2022-02-22T07:25:44","guid":{"rendered":"https:\/\/medicinasinc.com\/pt\/?post_type=product&#038;p=5852"},"modified":"2022-08-03T06:19:17","modified_gmt":"2022-08-03T06:19:17","slug":"comprar-anfetamina-po","status":"publish","type":"product","link":"https:\/\/medicinasinc.com\/pt\/product\/comprar-anfetamina-po\/","title":{"rendered":"Compre anfetamina em p\u00f3"},"content":{"rendered":"<p>Anfetamina em p\u00f3 pode ser comprada on-line.<\/p>\n<p>Anfetamina em p\u00f3 on-line no Reino Unido, Europa e Uni\u00e3o Europeia, Anfetamina em p\u00f3 por correio, As anfetaminas s\u00e3o medicamentos estimulantes, o que significa que aceleram a transmiss\u00e3o de mensagens entre o c\u00e9rebro e o corpo.<\/p>\n<p>As anfetaminas s\u00e3o medicamentos estimulantes, que aceleram a transmiss\u00e3o de informa\u00e7\u00f5es entre o c\u00e9rebro e o corpo.<\/p>\n<p>Voc\u00ea tamb\u00e9m pode estar interessado em aprender mais sobre os efeitos e riscos para a sa\u00fade associados ao p\u00f3 de anfetaminas. Pode se manifestar da mesma forma que v\u00e1rios outros medicamentos.<\/p>\n<p>Certas classes de anfetaminas s\u00e3o legitimamente recomendadas pelos m\u00e9dicos para o tratamento de doen\u00e7as como transtorno de d\u00e9ficit de aten\u00e7\u00e3o e hiperatividade (TDAH) e narcolepsia (em que uma pessoa tem uma vontade incontrol\u00e1vel de dormir). Outros tipos de anfetaminas, como o speed, s\u00e3o fabricados e vendidos de forma il\u00edcita. Uma ficha t\u00e9cnica separada \u00e9 dedicada \u00e0 forma mais potente de metanfetamina, a metanfetamina cristal (gelo).<\/p>\n<p>As anfetaminas existem em uma variedade de formas. Esses medicamentos est\u00e3o dispon\u00edveis na forma de p\u00f3, comprimido, cristal e c\u00e1psula. Quando vendidos ilegalmente, eles podem ser embalados em &#8216;folhas&#8217; (folha de alum\u00ednio), sacos pl\u00e1sticos ou bal\u00f5es em miniatura.<\/p>\n<p>O p\u00f3 de anfetamina varia em cor de branco a marrom e ocasionalmente cont\u00e9m tra\u00e7os de cinza ou rosa. Tem um aroma pungente e um sabor amargo. C\u00e1psulas e comprimidos contendo anfetaminas variam significativamente em tamanho e cor.<\/p>\n<p>Anfetaminas &#8211; As anfetaminas fabricadas ilegalmente podem conter uma combina\u00e7\u00e3o de drogas, aglutinantes, cafe\u00edna e a\u00e7\u00facar. Al\u00e9m disso, novas drogas psicoativas podem ser adicionadas.<\/p>\n<p>Termos de g\u00edria<\/p>\n<p>Velocidade, r\u00e1pido, ascendente, superior, louee, goey e whiz.<\/p>\n<p>Qual \u200b\u200b\u00e9 a finalidade eles servem?<\/p>\n<p>Geralmente, as anfetaminas s\u00e3o ingeridas, injetadas ou fumadas. Al\u00e9m disso, eles s\u00e3o cheirados.<\/p>\n<p>Efeitos das anfetaminas<\/p>\n<p>As anfetaminas t\u00eam um efeito vari\u00e1vel em cada indiv\u00edduo, dependendo de:<\/p>\n<p>\u00cdndice de massa corporal, peso e sa\u00fade<br \/>\nSe o indiv\u00edduo est\u00e1 acostumado a tom\u00e1-lo<br \/>\nSe outros medicamentos s\u00e3o tomados concomitantemente<br \/>\nA soma retirada<br \/>\nA pot\u00eancia da droga (varia de lote para lote com drogas produzidas ilegalmente)<\/p>\n<p>As anfetaminas exercem seus efeitos instantaneamente (se injetadas ou fumadas) ou em 30 minutos (se cheiradas ou ingeridas).<\/p>\n<p>Os seguintes impactos podem ocorrer:<\/p>\n<p>Felicidade e auto -garantia<br \/>\nFalando mais e sentindo-se mais energizado<br \/>\nRepeti\u00e7\u00e3o de a\u00e7\u00f5es simples, como coceira e arranh\u00f5es<br \/>\nAlunos grandes e boca seca<br \/>\nBatimento card\u00edaco e respira\u00e7\u00e3o r\u00e1pidos<br \/>\nRanger dos dentes<br \/>\nSupress\u00e3o do apetite<br \/>\nSudorese excessiva<br \/>\nAumento da excita\u00e7\u00e3o sexual<br \/>\nOverdose<\/p>\n<p>Se uma quantidade significativa ou um lote particularmente potente for consumido, pode tamb\u00e9m resultar em overdose. Se ocorrer algum dos seguintes sintomas, uma ambul\u00e2ncia deve ser chamada imediatamente discando o triplo zero (000). Oficiais de ambul\u00e2ncia n\u00e3o s\u00e3o obrigados a consultar a pol\u00edcia.<\/p>\n<p>Cabe um batimento card\u00edaco acelerado<br \/>\nAVC, ataque card\u00edaco e morte<\/p>\n<p>Anfetaminas aspiradas podem irritar as vias nasais e resultar em hemorragias nasais.<\/p>\n<p>Injetar anfetaminas e compartilhar agulhas pode aumentar o risco de contrair o seguinte:<\/p>\n<p>V\u00edrus da Hepatite B<br \/>\nHIV\/AIDS Hepatite C<br \/>\nT\u00e9tano<br \/>\nDescendente<\/p>\n<p>Ap\u00f3s o uso de anfetaminas, os seguintes efeitos podem ocorrer:<\/p>\n<p>Ins\u00f4nia e exaust\u00e3o<br \/>\nDores de cabe\u00e7a<br \/>\nDesorienta\u00e7\u00e3o e vis\u00e3o obscurecida<br \/>\nConfus\u00e3o, paran\u00f3ia, e alucina\u00e7\u00f5es<br \/>\nIrritabilidade, mudan\u00e7as de humor e depress\u00e3o s\u00e3o todos sintomas de depress\u00e3o.<\/p>\n<p>Utilizar um depressor como \u00e1lcool, benzodiazep\u00ednicos ou cannabis para ajudar no processo de &#8216;descer&#8217; pode culminar em um ciclo de depend\u00eancia de ambos os tipos de subst\u00e2ncias.<\/p>\n<p>Consequ\u00eancias a longo prazo<\/p>\n<p>O uso regular de anfetaminas pode eventualmente resultar no seguinte:<\/p>\n<p>Supress\u00e3o do apetite e r\u00e1pida perda de peso<br \/>\nSono insone<br \/>\nProblemas dent\u00e1rios e boca seca<br \/>\nResfriados e gripes s\u00e3o comuns.<br \/>\nDificuldades de concentra\u00e7\u00e3o<br \/>\nDificuldades respirat\u00f3rias<br \/>\nRigidez muscular<br \/>\nAtaques de p\u00e2nico e paran\u00f3ia<br \/>\nDepress\u00e3o<br \/>\n\/&gt; Problemas cardiovasculares e renais<br \/>\nO risco de AVC aumenta<br \/>\nTer que usar mais para alcan\u00e7ar o impacto desejado<br \/>\nDepend\u00eancia de anfetaminas<br \/>\nDificuldades financeiras, ocupacionais e sociais<br \/>\nPsicose causada por anfetaminas<\/p>\n<p>Al\u00e9m disso, altas doses e uso pesado repetido podem resultar em uma &#8216;psicose de anfetaminas&#8217;, que \u00e9 caracterizada por del\u00edrios paran\u00f3ides, alucina\u00e7\u00f5es e comportamento agressivo ou violento fora de car\u00e1ter. Esses sintomas geralmente desaparecem dentro de alguns dias ap\u00f3s o indiv\u00edduo parar de usar anfetaminas.<\/p>\n<p>Anfetaminas em combina\u00e7\u00e3o com outros medicamentos<\/p>\n<p>As intera\u00e7\u00f5es entre anfetaminas e outras subst\u00e2ncias, como over-the- medicamentos de venda livre ou de receita m\u00e9dica, podem ser imprevis\u00edveis e mortais e podem resultar no seguinte:<\/p>\n<p>Anfetaminas e certos antidepressivos causam hipertens\u00e3o, o que pode resultar em pulso irregular, insufici\u00eancia card\u00edaca e acidente vascular cerebral.<\/p>\n<p>4<\/p>\n<p>Anfetaminas usadas com \u00e1lcool, cannabis ou benzodiazep\u00ednicos colocam o corpo sob estresse extremo, pois ele tenta lidar com os efeitos contradit\u00f3rios das duas drogas, o que pode resultar em overdose.<\/p>\n<p>Retirada<\/p>\n<p>Abandonar as anfetaminas ap\u00f3s um per\u00edodo prolongado de uso \u00e9 dif\u00edcil, pois o corpo deve se ajustar a operar sem elas. Os sintomas de abstin\u00eancia devem diminuir dentro de uma semana e devem desaparecer completamente ap\u00f3s um m\u00eas. Os sintomas incluem o seguinte:<\/p>\n<p>Desejos de anfetamina<br \/>\nEstimula\u00e7\u00e3o do apetite<br \/>\nPerplexidade e irrita\u00e7\u00e3o<br \/>\nContus\u00f5es e dores<br \/>\nExaust\u00e3o<br \/>\nIns\u00f4nia e pesadelos<br \/>\nDist\u00farbios afetivos, como ansiedade, depress\u00e3o e paran\u00f3ia<\/p>\n","protected":false},"excerpt":{"rendered":"<p>Compre anfetamina em p\u00f3 para venda Reino Unido, Europa barato gen\u00e9rico e p\u00edlulas de marca em Sapporo, voc\u00ea pode comprar anfetamina em p\u00f3 para venda online usando Bitcoin (BTC)<\/p>\n<p>A anfetamina em p\u00f3 \u00e9 um forte estimulante do sistema nervoso central (neur\u00f4nios do c\u00e9rebro e da medula espinhal) e tem sido usado medicinalmente para tratar uma variedade de condi\u00e7\u00f5es. Al\u00e9m disso, \u00e9 extremamente viciante e tem um hist\u00f3rico de abuso.<\/p>\n<p>Anfetamina em p\u00f3 \u00e9 um medicamento prescrito usado para tratar o transtorno de d\u00e9ficit de aten\u00e7\u00e3o e hiperatividade (TDAH).<\/p>\n","protected":false},"featured_media":5862,"comment_status":"open","ping_status":"closed","template":"","meta":[],"product_brand":[],"product_cat":[703,2014],"product_tag":[4008,4009,4011,4012,4013,4010,4007],"class_list":{"0":"post-5852","1":"product","2":"type-product","3":"status-publish","4":"has-post-thumbnail","6":"product_cat-compre-drogas-psicodelicas","7":"product_cat-compre-produtos-quimicos-de-pesquisa","8":"product_tag-anfetamina-p-para-venda","9":"product_tag-buy-amphetamine-powder-online","10":"product_tag-comprar-anfetamina-p-online","11":"product_tag-o-melhor-lugar-para-comprar-anfetamina-p-on-line","12":"product_tag-onde-comprar-anfetamina-em-p-online","13":"product_tag-order-amphetamine-powder-online","14":"product_tag-anfetamina-em-p","16":"first","17":"instock","18":"shipping-taxable","19":"purchasable","20":"product-type-variable"},"yoast_head":"<!-- This site is optimized with the Yoast SEO plugin v27.3 - https:\/\/yoast.com\/product\/yoast-seo-wordpress\/ -->\n<title>Comprar p\u00f3 de anfetamina - Best Best Global Meds<\/title>\n<meta name=\"description\" content=\"Compre P\u00f3 de Anfetamina para venda no Reino Unido, p\u00edlulas gen\u00e9ricas e de marca baratas na Europa em Sapporo, voc\u00ea pode encomendar P\u00f3 de Anfetamina para venda on-line usando Bitcoin (BTC)\" \/>\n<meta name=\"robots\" content=\"index, follow, max-snippet:-1, max-image-preview:large, max-video-preview:-1\" \/>\n<link rel=\"canonical\" href=\"https:\/\/medicinasinc.com\/pt\/product\/comprar-anfetamina-po\/\" \/>\n<meta property=\"og:locale\" content=\"pt_PT\" \/>\n<meta property=\"og:type\" content=\"article\" \/>\n<meta property=\"og:title\" content=\"Comprar p\u00f3 de anfetamina - Best Best Global Meds\" \/>\n<meta property=\"og:description\" content=\"Compre P\u00f3 de Anfetamina para venda no Reino Unido, p\u00edlulas gen\u00e9ricas e de marca baratas na Europa em Sapporo, voc\u00ea pode encomendar P\u00f3 de Anfetamina para venda on-line usando Bitcoin (BTC)\" \/>\n<meta property=\"og:url\" content=\"https:\/\/medicinasinc.com\/pt\/product\/comprar-anfetamina-po\/\" \/>\n<meta property=\"og:site_name\" content=\"Medicinas Inc\" \/>\n<meta property=\"article:modified_time\" content=\"2022-08-03T06:19:17+00:00\" \/>\n<meta property=\"og:image\" content=\"https:\/\/medicinasinc.com\/pt\/wp-content\/uploads\/sites\/20\/2022\/02\/Buy-Amphetamine-Powder.png\" \/>\n\t<meta property=\"og:image:width\" content=\"412\" \/>\n\t<meta property=\"og:image:height\" content=\"550\" \/>\n\t<meta property=\"og:image:type\" content=\"image\/png\" \/>\n<meta name=\"twitter:card\" content=\"summary_large_image\" \/>\n<meta name=\"twitter:label1\" content=\"Tempo estimado de leitura\" \/>\n\t<meta name=\"twitter:data1\" content=\"5 minutos\" \/>\n<script type=\"application\/ld+json\" class=\"yoast-schema-graph\">{\"@context\":\"https:\\\/\\\/schema.org\",\"@graph\":[{\"@type\":\"WebPage\",\"@id\":\"https:\\\/\\\/medicinasinc.com\\\/pt\\\/product\\\/comprar-anfetamina-po\\\/\",\"url\":\"https:\\\/\\\/medicinasinc.com\\\/pt\\\/product\\\/comprar-anfetamina-po\\\/\",\"name\":\"Comprar p\u00f3 de anfetamina - Best Best Global Meds\",\"isPartOf\":{\"@id\":\"https:\\\/\\\/medicinasinc.com\\\/pt\\\/#website\"},\"primaryImageOfPage\":{\"@id\":\"https:\\\/\\\/medicinasinc.com\\\/pt\\\/product\\\/comprar-anfetamina-po\\\/#primaryimage\"},\"image\":{\"@id\":\"https:\\\/\\\/medicinasinc.com\\\/pt\\\/product\\\/comprar-anfetamina-po\\\/#primaryimage\"},\"thumbnailUrl\":\"https:\\\/\\\/medicinasinc.com\\\/pt\\\/wp-content\\\/uploads\\\/sites\\\/20\\\/2022\\\/02\\\/Buy-Amphetamine-Powder.png\",\"datePublished\":\"2022-02-22T07:25:44+00:00\",\"dateModified\":\"2022-08-03T06:19:17+00:00\",\"description\":\"Compre P\u00f3 de Anfetamina para venda no Reino Unido, p\u00edlulas gen\u00e9ricas e de marca baratas na Europa em Sapporo, voc\u00ea pode encomendar P\u00f3 de Anfetamina para venda on-line usando Bitcoin (BTC)\",\"breadcrumb\":{\"@id\":\"https:\\\/\\\/medicinasinc.com\\\/pt\\\/product\\\/comprar-anfetamina-po\\\/#breadcrumb\"},\"inLanguage\":\"pt-PT\",\"potentialAction\":[{\"@type\":\"ReadAction\",\"target\":[\"https:\\\/\\\/medicinasinc.com\\\/pt\\\/product\\\/comprar-anfetamina-po\\\/\"]}]},{\"@type\":\"ImageObject\",\"inLanguage\":\"pt-PT\",\"@id\":\"https:\\\/\\\/medicinasinc.com\\\/pt\\\/product\\\/comprar-anfetamina-po\\\/#primaryimage\",\"url\":\"https:\\\/\\\/medicinasinc.com\\\/pt\\\/wp-content\\\/uploads\\\/sites\\\/20\\\/2022\\\/02\\\/Buy-Amphetamine-Powder.png\",\"contentUrl\":\"https:\\\/\\\/medicinasinc.com\\\/pt\\\/wp-content\\\/uploads\\\/sites\\\/20\\\/2022\\\/02\\\/Buy-Amphetamine-Powder.png\",\"width\":412,\"height\":550},{\"@type\":\"BreadcrumbList\",\"@id\":\"https:\\\/\\\/medicinasinc.com\\\/pt\\\/product\\\/comprar-anfetamina-po\\\/#breadcrumb\",\"itemListElement\":[{\"@type\":\"ListItem\",\"position\":1,\"name\":\"Comprar\",\"item\":\"https:\\\/\\\/medicinasinc.com\\\/pt\\\/comprar\\\/\"},{\"@type\":\"ListItem\",\"position\":2,\"name\":\"Compre anfetamina em p\u00f3\"}]},{\"@type\":\"WebSite\",\"@id\":\"https:\\\/\\\/medicinasinc.com\\\/pt\\\/#website\",\"url\":\"https:\\\/\\\/medicinasinc.com\\\/pt\\\/\",\"name\":\"Medicinas Inc\",\"description\":\"Health Medical Clinic\",\"potentialAction\":[{\"@type\":\"SearchAction\",\"target\":{\"@type\":\"EntryPoint\",\"urlTemplate\":\"https:\\\/\\\/medicinasinc.com\\\/pt\\\/?s={search_term_string}\"},\"query-input\":{\"@type\":\"PropertyValueSpecification\",\"valueRequired\":true,\"valueName\":\"search_term_string\"}}],\"inLanguage\":\"pt-PT\"}]}<\/script>\n<!-- \/ Yoast SEO plugin. -->","yoast_head_json":{"title":"Comprar p\u00f3 de anfetamina - Best Best Global Meds","description":"Compre P\u00f3 de Anfetamina para venda no Reino Unido, p\u00edlulas gen\u00e9ricas e de marca baratas na Europa em Sapporo, voc\u00ea pode encomendar P\u00f3 de Anfetamina para venda on-line usando Bitcoin (BTC)","robots":{"index":"index","follow":"follow","max-snippet":"max-snippet:-1","max-image-preview":"max-image-preview:large","max-video-preview":"max-video-preview:-1"},"canonical":"https:\/\/medicinasinc.com\/pt\/product\/comprar-anfetamina-po\/","og_locale":"pt_PT","og_type":"article","og_title":"Comprar p\u00f3 de anfetamina - Best Best Global Meds","og_description":"Compre P\u00f3 de Anfetamina para venda no Reino Unido, p\u00edlulas gen\u00e9ricas e de marca baratas na Europa em Sapporo, voc\u00ea pode encomendar P\u00f3 de Anfetamina para venda on-line usando Bitcoin (BTC)","og_url":"https:\/\/medicinasinc.com\/pt\/product\/comprar-anfetamina-po\/","og_site_name":"Medicinas Inc","article_modified_time":"2022-08-03T06:19:17+00:00","og_image":[{"width":412,"height":550,"url":"https:\/\/medicinasinc.com\/pt\/wp-content\/uploads\/sites\/20\/2022\/02\/Buy-Amphetamine-Powder.png","type":"image\/png"}],"twitter_card":"summary_large_image","twitter_misc":{"Tempo estimado de leitura":"5 minutos"},"schema":{"@context":"https:\/\/schema.org","@graph":[{"@type":"WebPage","@id":"https:\/\/medicinasinc.com\/pt\/product\/comprar-anfetamina-po\/","url":"https:\/\/medicinasinc.com\/pt\/product\/comprar-anfetamina-po\/","name":"Comprar p\u00f3 de anfetamina - Best Best Global Meds","isPartOf":{"@id":"https:\/\/medicinasinc.com\/pt\/#website"},"primaryImageOfPage":{"@id":"https:\/\/medicinasinc.com\/pt\/product\/comprar-anfetamina-po\/#primaryimage"},"image":{"@id":"https:\/\/medicinasinc.com\/pt\/product\/comprar-anfetamina-po\/#primaryimage"},"thumbnailUrl":"https:\/\/medicinasinc.com\/pt\/wp-content\/uploads\/sites\/20\/2022\/02\/Buy-Amphetamine-Powder.png","datePublished":"2022-02-22T07:25:44+00:00","dateModified":"2022-08-03T06:19:17+00:00","description":"Compre P\u00f3 de Anfetamina para venda no Reino Unido, p\u00edlulas gen\u00e9ricas e de marca baratas na Europa em Sapporo, voc\u00ea pode encomendar P\u00f3 de Anfetamina para venda on-line usando Bitcoin (BTC)","breadcrumb":{"@id":"https:\/\/medicinasinc.com\/pt\/product\/comprar-anfetamina-po\/#breadcrumb"},"inLanguage":"pt-PT","potentialAction":[{"@type":"ReadAction","target":["https:\/\/medicinasinc.com\/pt\/product\/comprar-anfetamina-po\/"]}]},{"@type":"ImageObject","inLanguage":"pt-PT","@id":"https:\/\/medicinasinc.com\/pt\/product\/comprar-anfetamina-po\/#primaryimage","url":"https:\/\/medicinasinc.com\/pt\/wp-content\/uploads\/sites\/20\/2022\/02\/Buy-Amphetamine-Powder.png","contentUrl":"https:\/\/medicinasinc.com\/pt\/wp-content\/uploads\/sites\/20\/2022\/02\/Buy-Amphetamine-Powder.png","width":412,"height":550},{"@type":"BreadcrumbList","@id":"https:\/\/medicinasinc.com\/pt\/product\/comprar-anfetamina-po\/#breadcrumb","itemListElement":[{"@type":"ListItem","position":1,"name":"Comprar","item":"https:\/\/medicinasinc.com\/pt\/comprar\/"},{"@type":"ListItem","position":2,"name":"Compre anfetamina em p\u00f3"}]},{"@type":"WebSite","@id":"https:\/\/medicinasinc.com\/pt\/#website","url":"https:\/\/medicinasinc.com\/pt\/","name":"Medicinas Inc","description":"Health Medical Clinic","potentialAction":[{"@type":"SearchAction","target":{"@type":"EntryPoint","urlTemplate":"https:\/\/medicinasinc.com\/pt\/?s={search_term_string}"},"query-input":{"@type":"PropertyValueSpecification","valueRequired":true,"valueName":"search_term_string"}}],"inLanguage":"pt-PT"}]}},"_links":{"self":[{"href":"https:\/\/medicinasinc.com\/pt\/wp-json\/wp\/v2\/product\/5852","targetHints":{"allow":["GET"]}}],"collection":[{"href":"https:\/\/medicinasinc.com\/pt\/wp-json\/wp\/v2\/product"}],"about":[{"href":"https:\/\/medicinasinc.com\/pt\/wp-json\/wp\/v2\/types\/product"}],"replies":[{"embeddable":true,"href":"https:\/\/medicinasinc.com\/pt\/wp-json\/wp\/v2\/comments?post=5852"}],"wp:featuredmedia":[{"embeddable":true,"href":"https:\/\/medicinasinc.com\/pt\/wp-json\/wp\/v2\/media\/5862"}],"wp:attachment":[{"href":"https:\/\/medicinasinc.com\/pt\/wp-json\/wp\/v2\/media?parent=5852"}],"wp:term":[{"taxonomy":"product_brand","embeddable":true,"href":"https:\/\/medicinasinc.com\/pt\/wp-json\/wp\/v2\/product_brand?post=5852"},{"taxonomy":"product_cat","embeddable":true,"href":"https:\/\/medicinasinc.com\/pt\/wp-json\/wp\/v2\/product_cat?post=5852"},{"taxonomy":"product_tag","embeddable":true,"href":"https:\/\/medicinasinc.com\/pt\/wp-json\/wp\/v2\/product_tag?post=5852"}],"curies":[{"name":"wp","href":"https:\/\/api.w.org\/{rel}","templated":true}]}}