{"id":5846,"date":"2022-02-22T07:19:31","date_gmt":"2022-02-22T07:19:31","guid":{"rendered":"https:\/\/medicinasinc.com\/pt\/?post_type=product&#038;p=5846"},"modified":"2022-07-05T22:49:58","modified_gmt":"2022-07-05T22:49:58","slug":"aprovadorbitona","status":"publish","type":"product","link":"https:\/\/medicinasinc.com\/pt\/product\/aprovadorbitona\/","title":{"rendered":"Aprobarbitona"},"content":{"rendered":"<p>Aprobarbitona pode ser comprada on-line de uma farm\u00e1cia Nembutal on-line de primeira linha<\/p>\n<p>A Farm\u00e1cia Nembutal on-line est\u00e1 no mercado h\u00e1 muito tempo. Agora temos uma compreens\u00e3o completa dos pontos de vista e expectativas dos clientes em todo o mundo. Estamos aqui para atender a todos os seus requisitos de Aprobarbitona. Se voc\u00ea deseja comprar Aprobarbitona online, nossa farm\u00e1cia \u00e9 o melhor lugar para faz\u00ea-lo. Oferecemos este medicamento terap\u00eautico a um pre\u00e7o razo\u00e1vel. Voc\u00ea pode compr\u00e1-lo facilmente conosco e n\u00f3s o entregaremos dentro do prazo especificado.<\/p>\n<p>Qual \u200b\u200b\u00e9 o papel da aprobarbitona na sua sa\u00fade?<\/p>\n<p>Aprobarbitona pode ajud\u00e1-lo a ter uma boa noite de sono . Em poucas palavras, \u00e9 uma cura ideal para insones. \u00c9 bem conhecido por suas extraordin\u00e1rias qualidades sedativas, hipn\u00f3ticas e anticonvulsivantes.<\/p>\n<p>Por que voc\u00ea deve comprar aprobarbital online conosco?<\/p>\n<p>Somos um grupo altamente especializado de indiv\u00edduos com vasta experi\u00eancia na \u00e1rea de medicamentos e drogas. Al\u00e9m disso, estamos expandindo o acesso \u00e0 Aprobarbitona e outros medicamentos em todo o mundo. Agora voc\u00ea pode obter Aprobarbitona online pelo pre\u00e7o mais barato no conforto da sua casa. Estamos a apenas um clique do mouse de dist\u00e2ncia. Envie seu pedido para comprar o Aprobarbitone online hoje e ele ser\u00e1 entregue no endere\u00e7o especificado em breve.<\/p>\n","protected":false},"excerpt":{"rendered":"<p>Como comprar aprobarbitona on-line de uma farm\u00e1cia Nembutal?<\/p>\n<p>A farm\u00e1cia on-line Nembutal \u00e9 o local ideal para atender a todas as suas necessidades e requisitos de aprobarbitona. Basta adicionar seu medicamento ao carrinho, prosseguir com o processo de pagamento e fazer seu pedido em nosso site. Agora \u00e9 a hora de entrar em contato com nossa farm\u00e1cia e receber o melhor atendimento poss\u00edvel para sua sa\u00fade. Compre o Aprobarbital agora!<\/p>\n","protected":false},"featured_media":5856,"comment_status":"open","ping_status":"closed","template":"","meta":[],"product_brand":[],"product_cat":[3818],"product_tag":[],"class_list":{"0":"post-5846","1":"product","2":"type-product","3":"status-publish","4":"has-post-thumbnail","6":"product_cat-pentobarbital-a-venda","8":"first","9":"instock","10":"featured","11":"shipping-taxable","12":"purchasable","13":"product-type-variable"},"yoast_head":"<!-- This site is optimized with the Yoast SEO plugin v27.3 - https:\/\/yoast.com\/product\/yoast-seo-wordpress\/ -->\n<title>Compre Aprobarbitona - Best Best Global Meds<\/title>\n<meta name=\"robots\" content=\"index, follow, max-snippet:-1, max-image-preview:large, max-video-preview:-1\" \/>\n<link rel=\"canonical\" href=\"https:\/\/medicinasinc.com\/pt\/product\/aprovadorbitona\/\" \/>\n<meta property=\"og:locale\" content=\"pt_PT\" \/>\n<meta property=\"og:type\" content=\"article\" \/>\n<meta property=\"og:title\" content=\"Compre Aprobarbitona - Best Best Global Meds\" \/>\n<meta property=\"og:description\" content=\"Como comprar aprobarbitona on-line de uma farm\u00e1cia Nembutal? A farm\u00e1cia on-line Nembutal \u00e9 o local ideal para atender a todas as suas necessidades e requisitos de aprobarbitona. Basta adicionar seu medicamento ao carrinho, prosseguir com o processo de pagamento e fazer seu pedido em nosso site. Agora \u00e9 a hora de entrar em contato com nossa farm\u00e1cia e receber o melhor atendimento poss\u00edvel para sua sa\u00fade. Compre o Aprobarbital agora!\" \/>\n<meta property=\"og:url\" content=\"https:\/\/medicinasinc.com\/pt\/product\/aprovadorbitona\/\" \/>\n<meta property=\"og:site_name\" content=\"Medicinas Inc\" \/>\n<meta property=\"article:modified_time\" content=\"2022-07-05T22:49:58+00:00\" \/>\n<meta property=\"og:image\" content=\"https:\/\/medicinasinc.com\/pt\/wp-content\/uploads\/sites\/20\/2022\/02\/Aprobarbitone.jpg\" \/>\n\t<meta property=\"og:image:width\" content=\"600\" \/>\n\t<meta property=\"og:image:height\" content=\"600\" \/>\n\t<meta property=\"og:image:type\" content=\"image\/jpeg\" \/>\n<meta name=\"twitter:card\" content=\"summary_large_image\" \/>\n<meta name=\"twitter:label1\" content=\"Tempo estimado de leitura\" \/>\n\t<meta name=\"twitter:data1\" content=\"1 minuto\" \/>\n<script type=\"application\/ld+json\" class=\"yoast-schema-graph\">{\"@context\":\"https:\\\/\\\/schema.org\",\"@graph\":[{\"@type\":\"WebPage\",\"@id\":\"https:\\\/\\\/medicinasinc.com\\\/pt\\\/product\\\/aprovadorbitona\\\/\",\"url\":\"https:\\\/\\\/medicinasinc.com\\\/pt\\\/product\\\/aprovadorbitona\\\/\",\"name\":\"Compre Aprobarbitona - Best Best Global Meds\",\"isPartOf\":{\"@id\":\"https:\\\/\\\/medicinasinc.com\\\/pt\\\/#website\"},\"primaryImageOfPage\":{\"@id\":\"https:\\\/\\\/medicinasinc.com\\\/pt\\\/product\\\/aprovadorbitona\\\/#primaryimage\"},\"image\":{\"@id\":\"https:\\\/\\\/medicinasinc.com\\\/pt\\\/product\\\/aprovadorbitona\\\/#primaryimage\"},\"thumbnailUrl\":\"https:\\\/\\\/medicinasinc.com\\\/pt\\\/wp-content\\\/uploads\\\/sites\\\/20\\\/2022\\\/02\\\/Aprobarbitone.jpg\",\"datePublished\":\"2022-02-22T07:19:31+00:00\",\"dateModified\":\"2022-07-05T22:49:58+00:00\",\"breadcrumb\":{\"@id\":\"https:\\\/\\\/medicinasinc.com\\\/pt\\\/product\\\/aprovadorbitona\\\/#breadcrumb\"},\"inLanguage\":\"pt-PT\",\"potentialAction\":[{\"@type\":\"ReadAction\",\"target\":[\"https:\\\/\\\/medicinasinc.com\\\/pt\\\/product\\\/aprovadorbitona\\\/\"]}]},{\"@type\":\"ImageObject\",\"inLanguage\":\"pt-PT\",\"@id\":\"https:\\\/\\\/medicinasinc.com\\\/pt\\\/product\\\/aprovadorbitona\\\/#primaryimage\",\"url\":\"https:\\\/\\\/medicinasinc.com\\\/pt\\\/wp-content\\\/uploads\\\/sites\\\/20\\\/2022\\\/02\\\/Aprobarbitone.jpg\",\"contentUrl\":\"https:\\\/\\\/medicinasinc.com\\\/pt\\\/wp-content\\\/uploads\\\/sites\\\/20\\\/2022\\\/02\\\/Aprobarbitone.jpg\",\"width\":600,\"height\":600},{\"@type\":\"BreadcrumbList\",\"@id\":\"https:\\\/\\\/medicinasinc.com\\\/pt\\\/product\\\/aprovadorbitona\\\/#breadcrumb\",\"itemListElement\":[{\"@type\":\"ListItem\",\"position\":1,\"name\":\"Comprar\",\"item\":\"https:\\\/\\\/medicinasinc.com\\\/pt\\\/comprar\\\/\"},{\"@type\":\"ListItem\",\"position\":2,\"name\":\"Aprobarbitona\"}]},{\"@type\":\"WebSite\",\"@id\":\"https:\\\/\\\/medicinasinc.com\\\/pt\\\/#website\",\"url\":\"https:\\\/\\\/medicinasinc.com\\\/pt\\\/\",\"name\":\"Medicinas Inc\",\"description\":\"Health Medical Clinic\",\"potentialAction\":[{\"@type\":\"SearchAction\",\"target\":{\"@type\":\"EntryPoint\",\"urlTemplate\":\"https:\\\/\\\/medicinasinc.com\\\/pt\\\/?s={search_term_string}\"},\"query-input\":{\"@type\":\"PropertyValueSpecification\",\"valueRequired\":true,\"valueName\":\"search_term_string\"}}],\"inLanguage\":\"pt-PT\"}]}<\/script>\n<!-- \/ Yoast SEO plugin. -->","yoast_head_json":{"title":"Compre Aprobarbitona - Best Best Global Meds","robots":{"index":"index","follow":"follow","max-snippet":"max-snippet:-1","max-image-preview":"max-image-preview:large","max-video-preview":"max-video-preview:-1"},"canonical":"https:\/\/medicinasinc.com\/pt\/product\/aprovadorbitona\/","og_locale":"pt_PT","og_type":"article","og_title":"Compre Aprobarbitona - Best Best Global Meds","og_description":"Como comprar aprobarbitona on-line de uma farm\u00e1cia Nembutal? A farm\u00e1cia on-line Nembutal \u00e9 o local ideal para atender a todas as suas necessidades e requisitos de aprobarbitona. Basta adicionar seu medicamento ao carrinho, prosseguir com o processo de pagamento e fazer seu pedido em nosso site. Agora \u00e9 a hora de entrar em contato com nossa farm\u00e1cia e receber o melhor atendimento poss\u00edvel para sua sa\u00fade. Compre o Aprobarbital agora!","og_url":"https:\/\/medicinasinc.com\/pt\/product\/aprovadorbitona\/","og_site_name":"Medicinas Inc","article_modified_time":"2022-07-05T22:49:58+00:00","og_image":[{"width":600,"height":600,"url":"https:\/\/medicinasinc.com\/pt\/wp-content\/uploads\/sites\/20\/2022\/02\/Aprobarbitone.jpg","type":"image\/jpeg"}],"twitter_card":"summary_large_image","twitter_misc":{"Tempo estimado de leitura":"1 minuto"},"schema":{"@context":"https:\/\/schema.org","@graph":[{"@type":"WebPage","@id":"https:\/\/medicinasinc.com\/pt\/product\/aprovadorbitona\/","url":"https:\/\/medicinasinc.com\/pt\/product\/aprovadorbitona\/","name":"Compre Aprobarbitona - Best Best Global Meds","isPartOf":{"@id":"https:\/\/medicinasinc.com\/pt\/#website"},"primaryImageOfPage":{"@id":"https:\/\/medicinasinc.com\/pt\/product\/aprovadorbitona\/#primaryimage"},"image":{"@id":"https:\/\/medicinasinc.com\/pt\/product\/aprovadorbitona\/#primaryimage"},"thumbnailUrl":"https:\/\/medicinasinc.com\/pt\/wp-content\/uploads\/sites\/20\/2022\/02\/Aprobarbitone.jpg","datePublished":"2022-02-22T07:19:31+00:00","dateModified":"2022-07-05T22:49:58+00:00","breadcrumb":{"@id":"https:\/\/medicinasinc.com\/pt\/product\/aprovadorbitona\/#breadcrumb"},"inLanguage":"pt-PT","potentialAction":[{"@type":"ReadAction","target":["https:\/\/medicinasinc.com\/pt\/product\/aprovadorbitona\/"]}]},{"@type":"ImageObject","inLanguage":"pt-PT","@id":"https:\/\/medicinasinc.com\/pt\/product\/aprovadorbitona\/#primaryimage","url":"https:\/\/medicinasinc.com\/pt\/wp-content\/uploads\/sites\/20\/2022\/02\/Aprobarbitone.jpg","contentUrl":"https:\/\/medicinasinc.com\/pt\/wp-content\/uploads\/sites\/20\/2022\/02\/Aprobarbitone.jpg","width":600,"height":600},{"@type":"BreadcrumbList","@id":"https:\/\/medicinasinc.com\/pt\/product\/aprovadorbitona\/#breadcrumb","itemListElement":[{"@type":"ListItem","position":1,"name":"Comprar","item":"https:\/\/medicinasinc.com\/pt\/comprar\/"},{"@type":"ListItem","position":2,"name":"Aprobarbitona"}]},{"@type":"WebSite","@id":"https:\/\/medicinasinc.com\/pt\/#website","url":"https:\/\/medicinasinc.com\/pt\/","name":"Medicinas Inc","description":"Health Medical Clinic","potentialAction":[{"@type":"SearchAction","target":{"@type":"EntryPoint","urlTemplate":"https:\/\/medicinasinc.com\/pt\/?s={search_term_string}"},"query-input":{"@type":"PropertyValueSpecification","valueRequired":true,"valueName":"search_term_string"}}],"inLanguage":"pt-PT"}]}},"_links":{"self":[{"href":"https:\/\/medicinasinc.com\/pt\/wp-json\/wp\/v2\/product\/5846","targetHints":{"allow":["GET"]}}],"collection":[{"href":"https:\/\/medicinasinc.com\/pt\/wp-json\/wp\/v2\/product"}],"about":[{"href":"https:\/\/medicinasinc.com\/pt\/wp-json\/wp\/v2\/types\/product"}],"replies":[{"embeddable":true,"href":"https:\/\/medicinasinc.com\/pt\/wp-json\/wp\/v2\/comments?post=5846"}],"wp:featuredmedia":[{"embeddable":true,"href":"https:\/\/medicinasinc.com\/pt\/wp-json\/wp\/v2\/media\/5856"}],"wp:attachment":[{"href":"https:\/\/medicinasinc.com\/pt\/wp-json\/wp\/v2\/media?parent=5846"}],"wp:term":[{"taxonomy":"product_brand","embeddable":true,"href":"https:\/\/medicinasinc.com\/pt\/wp-json\/wp\/v2\/product_brand?post=5846"},{"taxonomy":"product_cat","embeddable":true,"href":"https:\/\/medicinasinc.com\/pt\/wp-json\/wp\/v2\/product_cat?post=5846"},{"taxonomy":"product_tag","embeddable":true,"href":"https:\/\/medicinasinc.com\/pt\/wp-json\/wp\/v2\/product_tag?post=5846"}],"curies":[{"name":"wp","href":"https:\/\/api.w.org\/{rel}","templated":true}]}}