{"id":5840,"date":"2022-02-22T07:12:38","date_gmt":"2022-02-22T07:12:38","guid":{"rendered":"https:\/\/medicinasinc.com\/pt\/?post_type=product&#038;p=5840"},"modified":"2022-07-05T22:50:14","modified_gmt":"2022-07-05T22:50:14","slug":"bralobarbital-vesparax","status":"publish","type":"product","link":"https:\/\/medicinasinc.com\/pt\/product\/bralobarbital-vesparax\/","title":{"rendered":"Bralobarbital (Vesparax)"},"content":{"rendered":"<p>Brallobarbital (Vesparax) Compre on-line de uma farm\u00e1cia respeit\u00e1vel<\/p>\n<p>A farm\u00e1cia Nembutal na Internet lida com o Brallobarbital (Vesparax) na plataforma on-line e o entrega aos consumidores que fizeram um pedido dentro do prazo especificado. Somos uma farm\u00e1cia on-line respeit\u00e1vel de onde voc\u00ea pode obter Vesparax pelo menor pre\u00e7o poss\u00edvel. Nossos pre\u00e7os s\u00e3o incompar\u00e1veis \u200b\u200be acess\u00edveis a todos. Al\u00e9m disso, temos uma equipe que atender\u00e1 suas demandas e especifica\u00e7\u00f5es para Nembutal Brallobarbital em tempo h\u00e1bil. Agora voc\u00ea pode facilmente encomendar Nembutal Brallobarbital da nossa farm\u00e1cia e receb\u00ea-lo em sua casa dentro de alguns dias.<\/p>\n<p>Como \u00e9 usado o Brallobarbital (Vesparax)?<\/p>\n<p>Vesparax \u00e9 frequentemente referido como um antipsic\u00f3tico at\u00edpico. Ele opera modificando a atividade dos neurotransmissores do c\u00e9rebro. Este medicamento foi considerado adequado para uso apenas por adultos e n\u00e3o deve ser administrado a menores de 18 anos.<\/p>\n<p>Vesparax tem uma variedade de aplica\u00e7\u00f5es, incluindo as seguintes:<\/p>\n<p>Contribui para o tratamento de adultos e crian\u00e7as com esquizofrenia<br \/> Indicado para o tratamento do transtorno bipolar em adultos e crian\u00e7as, bem como para o tratamento do transtorno depressivo maior em adultos quando combinado com antidepressivos.<\/p>\n","protected":false},"excerpt":{"rendered":"<p>Contacte uma Farm\u00e1cia Nembutal Online<\/p>\n<p>A Farm\u00e1cia Nembutal Online j\u00e1 est\u00e1 dispon\u00edvel com apenas alguns cliques! Voc\u00ea pode entrar em contato conosco por telefone, mensagem ou e-mail para tirar suas d\u00favidas. Garantimos que concluiremos sua solicita\u00e7\u00e3o dentro do prazo especificado. Fa\u00e7a seu pedido para comprar Vesparax online agora mesmo!<\/p>\n","protected":false},"featured_media":5850,"comment_status":"open","ping_status":"closed","template":"","meta":[],"product_brand":[],"product_cat":[3818],"product_tag":[],"class_list":{"0":"post-5840","1":"product","2":"type-product","3":"status-publish","4":"has-post-thumbnail","6":"product_cat-pentobarbital-a-venda","8":"first","9":"instock","10":"shipping-taxable","11":"purchasable","12":"product-type-variable"},"yoast_head":"<!-- This site is optimized with the Yoast SEO plugin v27.3 - https:\/\/yoast.com\/product\/yoast-seo-wordpress\/ -->\n<title>Bralobarbital (Vesparax) - Melhores Medicamentos Globais<\/title>\n<meta name=\"robots\" content=\"index, follow, max-snippet:-1, max-image-preview:large, max-video-preview:-1\" \/>\n<link rel=\"canonical\" href=\"https:\/\/medicinasinc.com\/pt\/product\/bralobarbital-vesparax\/\" \/>\n<meta property=\"og:locale\" content=\"pt_PT\" \/>\n<meta property=\"og:type\" content=\"article\" \/>\n<meta property=\"og:title\" content=\"Bralobarbital (Vesparax) - Melhores Medicamentos Globais\" \/>\n<meta property=\"og:description\" content=\"Contacte uma Farm\u00e1cia Nembutal Online A Farm\u00e1cia Nembutal Online j\u00e1 est\u00e1 dispon\u00edvel com apenas alguns cliques! Voc\u00ea pode entrar em contato conosco por telefone, mensagem ou e-mail para tirar suas d\u00favidas. Garantimos que concluiremos sua solicita\u00e7\u00e3o dentro do prazo especificado. Fa\u00e7a seu pedido para comprar Vesparax online agora mesmo!\" \/>\n<meta property=\"og:url\" content=\"https:\/\/medicinasinc.com\/pt\/product\/bralobarbital-vesparax\/\" \/>\n<meta property=\"og:site_name\" content=\"Medicinas Inc\" \/>\n<meta property=\"article:modified_time\" content=\"2022-07-05T22:50:14+00:00\" \/>\n<meta property=\"og:image\" content=\"https:\/\/medicinasinc.com\/pt\/wp-content\/uploads\/sites\/20\/2022\/02\/Brallobarbital-Vesparax.jpg\" \/>\n\t<meta property=\"og:image:width\" content=\"600\" \/>\n\t<meta property=\"og:image:height\" content=\"600\" \/>\n\t<meta property=\"og:image:type\" content=\"image\/jpeg\" \/>\n<meta name=\"twitter:card\" content=\"summary_large_image\" \/>\n<meta name=\"twitter:label1\" content=\"Tempo estimado de leitura\" \/>\n\t<meta name=\"twitter:data1\" content=\"1 minuto\" \/>\n<script type=\"application\/ld+json\" class=\"yoast-schema-graph\">{\"@context\":\"https:\\\/\\\/schema.org\",\"@graph\":[{\"@type\":\"WebPage\",\"@id\":\"https:\\\/\\\/medicinasinc.com\\\/pt\\\/product\\\/bralobarbital-vesparax\\\/\",\"url\":\"https:\\\/\\\/medicinasinc.com\\\/pt\\\/product\\\/bralobarbital-vesparax\\\/\",\"name\":\"Bralobarbital (Vesparax) - Melhores Medicamentos Globais\",\"isPartOf\":{\"@id\":\"https:\\\/\\\/medicinasinc.com\\\/pt\\\/#website\"},\"primaryImageOfPage\":{\"@id\":\"https:\\\/\\\/medicinasinc.com\\\/pt\\\/product\\\/bralobarbital-vesparax\\\/#primaryimage\"},\"image\":{\"@id\":\"https:\\\/\\\/medicinasinc.com\\\/pt\\\/product\\\/bralobarbital-vesparax\\\/#primaryimage\"},\"thumbnailUrl\":\"https:\\\/\\\/medicinasinc.com\\\/pt\\\/wp-content\\\/uploads\\\/sites\\\/20\\\/2022\\\/02\\\/Brallobarbital-Vesparax.jpg\",\"datePublished\":\"2022-02-22T07:12:38+00:00\",\"dateModified\":\"2022-07-05T22:50:14+00:00\",\"breadcrumb\":{\"@id\":\"https:\\\/\\\/medicinasinc.com\\\/pt\\\/product\\\/bralobarbital-vesparax\\\/#breadcrumb\"},\"inLanguage\":\"pt-PT\",\"potentialAction\":[{\"@type\":\"ReadAction\",\"target\":[\"https:\\\/\\\/medicinasinc.com\\\/pt\\\/product\\\/bralobarbital-vesparax\\\/\"]}]},{\"@type\":\"ImageObject\",\"inLanguage\":\"pt-PT\",\"@id\":\"https:\\\/\\\/medicinasinc.com\\\/pt\\\/product\\\/bralobarbital-vesparax\\\/#primaryimage\",\"url\":\"https:\\\/\\\/medicinasinc.com\\\/pt\\\/wp-content\\\/uploads\\\/sites\\\/20\\\/2022\\\/02\\\/Brallobarbital-Vesparax.jpg\",\"contentUrl\":\"https:\\\/\\\/medicinasinc.com\\\/pt\\\/wp-content\\\/uploads\\\/sites\\\/20\\\/2022\\\/02\\\/Brallobarbital-Vesparax.jpg\",\"width\":600,\"height\":600},{\"@type\":\"BreadcrumbList\",\"@id\":\"https:\\\/\\\/medicinasinc.com\\\/pt\\\/product\\\/bralobarbital-vesparax\\\/#breadcrumb\",\"itemListElement\":[{\"@type\":\"ListItem\",\"position\":1,\"name\":\"Comprar\",\"item\":\"https:\\\/\\\/medicinasinc.com\\\/pt\\\/comprar\\\/\"},{\"@type\":\"ListItem\",\"position\":2,\"name\":\"Bralobarbital (Vesparax)\"}]},{\"@type\":\"WebSite\",\"@id\":\"https:\\\/\\\/medicinasinc.com\\\/pt\\\/#website\",\"url\":\"https:\\\/\\\/medicinasinc.com\\\/pt\\\/\",\"name\":\"Medicinas Inc\",\"description\":\"Health Medical Clinic\",\"potentialAction\":[{\"@type\":\"SearchAction\",\"target\":{\"@type\":\"EntryPoint\",\"urlTemplate\":\"https:\\\/\\\/medicinasinc.com\\\/pt\\\/?s={search_term_string}\"},\"query-input\":{\"@type\":\"PropertyValueSpecification\",\"valueRequired\":true,\"valueName\":\"search_term_string\"}}],\"inLanguage\":\"pt-PT\"}]}<\/script>\n<!-- \/ Yoast SEO plugin. -->","yoast_head_json":{"title":"Bralobarbital (Vesparax) - Melhores Medicamentos Globais","robots":{"index":"index","follow":"follow","max-snippet":"max-snippet:-1","max-image-preview":"max-image-preview:large","max-video-preview":"max-video-preview:-1"},"canonical":"https:\/\/medicinasinc.com\/pt\/product\/bralobarbital-vesparax\/","og_locale":"pt_PT","og_type":"article","og_title":"Bralobarbital (Vesparax) - Melhores Medicamentos Globais","og_description":"Contacte uma Farm\u00e1cia Nembutal Online A Farm\u00e1cia Nembutal Online j\u00e1 est\u00e1 dispon\u00edvel com apenas alguns cliques! Voc\u00ea pode entrar em contato conosco por telefone, mensagem ou e-mail para tirar suas d\u00favidas. Garantimos que concluiremos sua solicita\u00e7\u00e3o dentro do prazo especificado. Fa\u00e7a seu pedido para comprar Vesparax online agora mesmo!","og_url":"https:\/\/medicinasinc.com\/pt\/product\/bralobarbital-vesparax\/","og_site_name":"Medicinas Inc","article_modified_time":"2022-07-05T22:50:14+00:00","og_image":[{"width":600,"height":600,"url":"https:\/\/medicinasinc.com\/pt\/wp-content\/uploads\/sites\/20\/2022\/02\/Brallobarbital-Vesparax.jpg","type":"image\/jpeg"}],"twitter_card":"summary_large_image","twitter_misc":{"Tempo estimado de leitura":"1 minuto"},"schema":{"@context":"https:\/\/schema.org","@graph":[{"@type":"WebPage","@id":"https:\/\/medicinasinc.com\/pt\/product\/bralobarbital-vesparax\/","url":"https:\/\/medicinasinc.com\/pt\/product\/bralobarbital-vesparax\/","name":"Bralobarbital (Vesparax) - Melhores Medicamentos Globais","isPartOf":{"@id":"https:\/\/medicinasinc.com\/pt\/#website"},"primaryImageOfPage":{"@id":"https:\/\/medicinasinc.com\/pt\/product\/bralobarbital-vesparax\/#primaryimage"},"image":{"@id":"https:\/\/medicinasinc.com\/pt\/product\/bralobarbital-vesparax\/#primaryimage"},"thumbnailUrl":"https:\/\/medicinasinc.com\/pt\/wp-content\/uploads\/sites\/20\/2022\/02\/Brallobarbital-Vesparax.jpg","datePublished":"2022-02-22T07:12:38+00:00","dateModified":"2022-07-05T22:50:14+00:00","breadcrumb":{"@id":"https:\/\/medicinasinc.com\/pt\/product\/bralobarbital-vesparax\/#breadcrumb"},"inLanguage":"pt-PT","potentialAction":[{"@type":"ReadAction","target":["https:\/\/medicinasinc.com\/pt\/product\/bralobarbital-vesparax\/"]}]},{"@type":"ImageObject","inLanguage":"pt-PT","@id":"https:\/\/medicinasinc.com\/pt\/product\/bralobarbital-vesparax\/#primaryimage","url":"https:\/\/medicinasinc.com\/pt\/wp-content\/uploads\/sites\/20\/2022\/02\/Brallobarbital-Vesparax.jpg","contentUrl":"https:\/\/medicinasinc.com\/pt\/wp-content\/uploads\/sites\/20\/2022\/02\/Brallobarbital-Vesparax.jpg","width":600,"height":600},{"@type":"BreadcrumbList","@id":"https:\/\/medicinasinc.com\/pt\/product\/bralobarbital-vesparax\/#breadcrumb","itemListElement":[{"@type":"ListItem","position":1,"name":"Comprar","item":"https:\/\/medicinasinc.com\/pt\/comprar\/"},{"@type":"ListItem","position":2,"name":"Bralobarbital (Vesparax)"}]},{"@type":"WebSite","@id":"https:\/\/medicinasinc.com\/pt\/#website","url":"https:\/\/medicinasinc.com\/pt\/","name":"Medicinas Inc","description":"Health Medical Clinic","potentialAction":[{"@type":"SearchAction","target":{"@type":"EntryPoint","urlTemplate":"https:\/\/medicinasinc.com\/pt\/?s={search_term_string}"},"query-input":{"@type":"PropertyValueSpecification","valueRequired":true,"valueName":"search_term_string"}}],"inLanguage":"pt-PT"}]}},"_links":{"self":[{"href":"https:\/\/medicinasinc.com\/pt\/wp-json\/wp\/v2\/product\/5840","targetHints":{"allow":["GET"]}}],"collection":[{"href":"https:\/\/medicinasinc.com\/pt\/wp-json\/wp\/v2\/product"}],"about":[{"href":"https:\/\/medicinasinc.com\/pt\/wp-json\/wp\/v2\/types\/product"}],"replies":[{"embeddable":true,"href":"https:\/\/medicinasinc.com\/pt\/wp-json\/wp\/v2\/comments?post=5840"}],"wp:featuredmedia":[{"embeddable":true,"href":"https:\/\/medicinasinc.com\/pt\/wp-json\/wp\/v2\/media\/5850"}],"wp:attachment":[{"href":"https:\/\/medicinasinc.com\/pt\/wp-json\/wp\/v2\/media?parent=5840"}],"wp:term":[{"taxonomy":"product_brand","embeddable":true,"href":"https:\/\/medicinasinc.com\/pt\/wp-json\/wp\/v2\/product_brand?post=5840"},{"taxonomy":"product_cat","embeddable":true,"href":"https:\/\/medicinasinc.com\/pt\/wp-json\/wp\/v2\/product_cat?post=5840"},{"taxonomy":"product_tag","embeddable":true,"href":"https:\/\/medicinasinc.com\/pt\/wp-json\/wp\/v2\/product_tag?post=5840"}],"curies":[{"name":"wp","href":"https:\/\/api.w.org\/{rel}","templated":true}]}}