{"id":5834,"date":"2022-02-22T07:05:31","date_gmt":"2022-02-22T07:05:31","guid":{"rendered":"https:\/\/medicinasinc.com\/pt\/?post_type=product&#038;p=5834"},"modified":"2022-07-05T22:50:31","modified_gmt":"2022-07-05T22:50:31","slug":"comprar-butabarbital-online","status":"publish","type":"product","link":"https:\/\/medicinasinc.com\/pt\/product\/comprar-butabarbital-online\/","title":{"rendered":"Compre Butabarbital Online"},"content":{"rendered":"<p>Compre comprimidos de butabarbital de s\u00f3dio 50 mg da melhor farm\u00e1cia on-line.<\/p>\n<p>A farm\u00e1cia on-line de Nembutal \u00e9 o melhor lugar para comprar comprimidos de butabarbital de s\u00f3dio 50 mg com os menores custos. Estamos na ind\u00fastria farmac\u00eautica h\u00e1 muito tempo. Voc\u00ea pode contar conosco para fornecer o melhor cuidado poss\u00edvel para sua sa\u00fade. Nossa equipe qualificada far\u00e1 todo o poss\u00edvel para superar suas expectativas. Compre imediatamente!<\/p>\n<p>Como voc\u00ea deve usar o Butabarbital Sodium depois de compr\u00e1-lo?<\/p>\n<p>O Butabarbital Sodium \u00e9 um excelente medicamento para tratar a ins\u00f4nia em humanos. Normalmente, \u00e9 um medicamento de curto prazo. Esta subst\u00e2ncia pode ser usada na ind\u00fastria m\u00e9dica como sedativo antes de qualquer cirurgia.<\/p>\n<p>Para garantir a administra\u00e7\u00e3o adequada de Butabarbital S\u00f3dio, fornecemos aos nossos clientes um guia manual. Este guia manual cont\u00e9m todas as instru\u00e7\u00f5es do medicamento. Voc\u00ea pode l\u00ea-los facilmente um por um e us\u00e1-los pelas raz\u00f5es para as quais foram destinados. Voc\u00ea pode ter total confian\u00e7a em nossa respeit\u00e1vel farm\u00e1cia on-line. Consideramos consistentemente os melhores interesses de nossos valiosos consumidores. Estamos constantemente preocupados com a sa\u00fade de nossos clientes e inspecionamos todos os produtos antes da entrega.<\/p>\n<p>Voc\u00ea pode entrar em contato conosco para obter o melhor pre\u00e7o do Butabarbital S\u00f3dio. Nossos especialistas traduzir\u00e3o seu pedido e providenciar\u00e3o a entrega imediata. Seus medicamentos ser\u00e3o enviados a voc\u00ea dentro do prazo especificado pela nossa farm\u00e1cia online. Nembutal est\u00e1 dispon\u00edvel com desconto agora mesmo!<\/p>\n","protected":false},"excerpt":{"rendered":"<p>Como posso obter Butabarbital Sodium de uma Farm\u00e1cia Online Nembutal?<\/p>\n<p>A Farm\u00e1cia Nembutal Online j\u00e1 est\u00e1 dispon\u00edvel. Envie os detalhes do seu pedido e pagamento para Butabarbital Sodium 50 mg Comprimidos em nosso site oficial. Uma vez que um pedido tenha sido feito, ele ser\u00e1 processado dentro do prazo especificado. Fa\u00e7a seu pedido hoje!<\/p>\n","protected":false},"featured_media":5844,"comment_status":"open","ping_status":"closed","template":"","meta":[],"product_brand":[],"product_cat":[3818],"product_tag":[],"class_list":{"0":"post-5834","1":"product","2":"type-product","3":"status-publish","4":"has-post-thumbnail","6":"product_cat-pentobarbital-a-venda","8":"first","9":"instock","10":"shipping-taxable","11":"purchasable","12":"product-type-variable"},"yoast_head":"<!-- This site is optimized with the Yoast SEO plugin v27.3 - https:\/\/yoast.com\/product\/yoast-seo-wordpress\/ -->\n<title>Compre Butabarbital Online - Melhores Melhores Medicamentos Globais<\/title>\n<meta name=\"robots\" content=\"index, follow, max-snippet:-1, max-image-preview:large, max-video-preview:-1\" \/>\n<link rel=\"canonical\" href=\"https:\/\/medicinasinc.com\/pt\/product\/comprar-butabarbital-online\/\" \/>\n<meta property=\"og:locale\" content=\"pt_PT\" \/>\n<meta property=\"og:type\" content=\"article\" \/>\n<meta property=\"og:title\" content=\"Compre Butabarbital Online - Melhores Melhores Medicamentos Globais\" \/>\n<meta property=\"og:description\" content=\"Como posso obter Butabarbital Sodium de uma Farm\u00e1cia Online Nembutal? A Farm\u00e1cia Nembutal Online j\u00e1 est\u00e1 dispon\u00edvel. Envie os detalhes do seu pedido e pagamento para Butabarbital Sodium 50 mg Comprimidos em nosso site oficial. Uma vez que um pedido tenha sido feito, ele ser\u00e1 processado dentro do prazo especificado. Fa\u00e7a seu pedido hoje!\" \/>\n<meta property=\"og:url\" content=\"https:\/\/medicinasinc.com\/pt\/product\/comprar-butabarbital-online\/\" \/>\n<meta property=\"og:site_name\" content=\"Medicinas Inc\" \/>\n<meta property=\"article:modified_time\" content=\"2022-07-05T22:50:31+00:00\" \/>\n<meta property=\"og:image\" content=\"https:\/\/medicinasinc.com\/pt\/wp-content\/uploads\/sites\/20\/2022\/02\/Buy-Butabarbital.jpg\" \/>\n\t<meta property=\"og:image:width\" content=\"600\" \/>\n\t<meta property=\"og:image:height\" content=\"600\" \/>\n\t<meta property=\"og:image:type\" content=\"image\/jpeg\" \/>\n<meta name=\"twitter:card\" content=\"summary_large_image\" \/>\n<meta name=\"twitter:label1\" content=\"Tempo estimado de leitura\" \/>\n\t<meta name=\"twitter:data1\" content=\"2 minutos\" \/>\n<script type=\"application\/ld+json\" class=\"yoast-schema-graph\">{\"@context\":\"https:\\\/\\\/schema.org\",\"@graph\":[{\"@type\":\"WebPage\",\"@id\":\"https:\\\/\\\/medicinasinc.com\\\/pt\\\/product\\\/comprar-butabarbital-online\\\/\",\"url\":\"https:\\\/\\\/medicinasinc.com\\\/pt\\\/product\\\/comprar-butabarbital-online\\\/\",\"name\":\"Compre Butabarbital Online - Melhores Melhores Medicamentos Globais\",\"isPartOf\":{\"@id\":\"https:\\\/\\\/medicinasinc.com\\\/pt\\\/#website\"},\"primaryImageOfPage\":{\"@id\":\"https:\\\/\\\/medicinasinc.com\\\/pt\\\/product\\\/comprar-butabarbital-online\\\/#primaryimage\"},\"image\":{\"@id\":\"https:\\\/\\\/medicinasinc.com\\\/pt\\\/product\\\/comprar-butabarbital-online\\\/#primaryimage\"},\"thumbnailUrl\":\"https:\\\/\\\/medicinasinc.com\\\/pt\\\/wp-content\\\/uploads\\\/sites\\\/20\\\/2022\\\/02\\\/Buy-Butabarbital.jpg\",\"datePublished\":\"2022-02-22T07:05:31+00:00\",\"dateModified\":\"2022-07-05T22:50:31+00:00\",\"breadcrumb\":{\"@id\":\"https:\\\/\\\/medicinasinc.com\\\/pt\\\/product\\\/comprar-butabarbital-online\\\/#breadcrumb\"},\"inLanguage\":\"pt-PT\",\"potentialAction\":[{\"@type\":\"ReadAction\",\"target\":[\"https:\\\/\\\/medicinasinc.com\\\/pt\\\/product\\\/comprar-butabarbital-online\\\/\"]}]},{\"@type\":\"ImageObject\",\"inLanguage\":\"pt-PT\",\"@id\":\"https:\\\/\\\/medicinasinc.com\\\/pt\\\/product\\\/comprar-butabarbital-online\\\/#primaryimage\",\"url\":\"https:\\\/\\\/medicinasinc.com\\\/pt\\\/wp-content\\\/uploads\\\/sites\\\/20\\\/2022\\\/02\\\/Buy-Butabarbital.jpg\",\"contentUrl\":\"https:\\\/\\\/medicinasinc.com\\\/pt\\\/wp-content\\\/uploads\\\/sites\\\/20\\\/2022\\\/02\\\/Buy-Butabarbital.jpg\",\"width\":600,\"height\":600},{\"@type\":\"BreadcrumbList\",\"@id\":\"https:\\\/\\\/medicinasinc.com\\\/pt\\\/product\\\/comprar-butabarbital-online\\\/#breadcrumb\",\"itemListElement\":[{\"@type\":\"ListItem\",\"position\":1,\"name\":\"Comprar\",\"item\":\"https:\\\/\\\/medicinasinc.com\\\/pt\\\/comprar\\\/\"},{\"@type\":\"ListItem\",\"position\":2,\"name\":\"Compre Butabarbital Online\"}]},{\"@type\":\"WebSite\",\"@id\":\"https:\\\/\\\/medicinasinc.com\\\/pt\\\/#website\",\"url\":\"https:\\\/\\\/medicinasinc.com\\\/pt\\\/\",\"name\":\"Medicinas Inc\",\"description\":\"Health Medical Clinic\",\"potentialAction\":[{\"@type\":\"SearchAction\",\"target\":{\"@type\":\"EntryPoint\",\"urlTemplate\":\"https:\\\/\\\/medicinasinc.com\\\/pt\\\/?s={search_term_string}\"},\"query-input\":{\"@type\":\"PropertyValueSpecification\",\"valueRequired\":true,\"valueName\":\"search_term_string\"}}],\"inLanguage\":\"pt-PT\"}]}<\/script>\n<!-- \/ Yoast SEO plugin. -->","yoast_head_json":{"title":"Compre Butabarbital Online - Melhores Melhores Medicamentos Globais","robots":{"index":"index","follow":"follow","max-snippet":"max-snippet:-1","max-image-preview":"max-image-preview:large","max-video-preview":"max-video-preview:-1"},"canonical":"https:\/\/medicinasinc.com\/pt\/product\/comprar-butabarbital-online\/","og_locale":"pt_PT","og_type":"article","og_title":"Compre Butabarbital Online - Melhores Melhores Medicamentos Globais","og_description":"Como posso obter Butabarbital Sodium de uma Farm\u00e1cia Online Nembutal? A Farm\u00e1cia Nembutal Online j\u00e1 est\u00e1 dispon\u00edvel. Envie os detalhes do seu pedido e pagamento para Butabarbital Sodium 50 mg Comprimidos em nosso site oficial. Uma vez que um pedido tenha sido feito, ele ser\u00e1 processado dentro do prazo especificado. Fa\u00e7a seu pedido hoje!","og_url":"https:\/\/medicinasinc.com\/pt\/product\/comprar-butabarbital-online\/","og_site_name":"Medicinas Inc","article_modified_time":"2022-07-05T22:50:31+00:00","og_image":[{"width":600,"height":600,"url":"https:\/\/medicinasinc.com\/pt\/wp-content\/uploads\/sites\/20\/2022\/02\/Buy-Butabarbital.jpg","type":"image\/jpeg"}],"twitter_card":"summary_large_image","twitter_misc":{"Tempo estimado de leitura":"2 minutos"},"schema":{"@context":"https:\/\/schema.org","@graph":[{"@type":"WebPage","@id":"https:\/\/medicinasinc.com\/pt\/product\/comprar-butabarbital-online\/","url":"https:\/\/medicinasinc.com\/pt\/product\/comprar-butabarbital-online\/","name":"Compre Butabarbital Online - Melhores Melhores Medicamentos Globais","isPartOf":{"@id":"https:\/\/medicinasinc.com\/pt\/#website"},"primaryImageOfPage":{"@id":"https:\/\/medicinasinc.com\/pt\/product\/comprar-butabarbital-online\/#primaryimage"},"image":{"@id":"https:\/\/medicinasinc.com\/pt\/product\/comprar-butabarbital-online\/#primaryimage"},"thumbnailUrl":"https:\/\/medicinasinc.com\/pt\/wp-content\/uploads\/sites\/20\/2022\/02\/Buy-Butabarbital.jpg","datePublished":"2022-02-22T07:05:31+00:00","dateModified":"2022-07-05T22:50:31+00:00","breadcrumb":{"@id":"https:\/\/medicinasinc.com\/pt\/product\/comprar-butabarbital-online\/#breadcrumb"},"inLanguage":"pt-PT","potentialAction":[{"@type":"ReadAction","target":["https:\/\/medicinasinc.com\/pt\/product\/comprar-butabarbital-online\/"]}]},{"@type":"ImageObject","inLanguage":"pt-PT","@id":"https:\/\/medicinasinc.com\/pt\/product\/comprar-butabarbital-online\/#primaryimage","url":"https:\/\/medicinasinc.com\/pt\/wp-content\/uploads\/sites\/20\/2022\/02\/Buy-Butabarbital.jpg","contentUrl":"https:\/\/medicinasinc.com\/pt\/wp-content\/uploads\/sites\/20\/2022\/02\/Buy-Butabarbital.jpg","width":600,"height":600},{"@type":"BreadcrumbList","@id":"https:\/\/medicinasinc.com\/pt\/product\/comprar-butabarbital-online\/#breadcrumb","itemListElement":[{"@type":"ListItem","position":1,"name":"Comprar","item":"https:\/\/medicinasinc.com\/pt\/comprar\/"},{"@type":"ListItem","position":2,"name":"Compre Butabarbital Online"}]},{"@type":"WebSite","@id":"https:\/\/medicinasinc.com\/pt\/#website","url":"https:\/\/medicinasinc.com\/pt\/","name":"Medicinas Inc","description":"Health Medical Clinic","potentialAction":[{"@type":"SearchAction","target":{"@type":"EntryPoint","urlTemplate":"https:\/\/medicinasinc.com\/pt\/?s={search_term_string}"},"query-input":{"@type":"PropertyValueSpecification","valueRequired":true,"valueName":"search_term_string"}}],"inLanguage":"pt-PT"}]}},"_links":{"self":[{"href":"https:\/\/medicinasinc.com\/pt\/wp-json\/wp\/v2\/product\/5834","targetHints":{"allow":["GET"]}}],"collection":[{"href":"https:\/\/medicinasinc.com\/pt\/wp-json\/wp\/v2\/product"}],"about":[{"href":"https:\/\/medicinasinc.com\/pt\/wp-json\/wp\/v2\/types\/product"}],"replies":[{"embeddable":true,"href":"https:\/\/medicinasinc.com\/pt\/wp-json\/wp\/v2\/comments?post=5834"}],"wp:featuredmedia":[{"embeddable":true,"href":"https:\/\/medicinasinc.com\/pt\/wp-json\/wp\/v2\/media\/5844"}],"wp:attachment":[{"href":"https:\/\/medicinasinc.com\/pt\/wp-json\/wp\/v2\/media?parent=5834"}],"wp:term":[{"taxonomy":"product_brand","embeddable":true,"href":"https:\/\/medicinasinc.com\/pt\/wp-json\/wp\/v2\/product_brand?post=5834"},{"taxonomy":"product_cat","embeddable":true,"href":"https:\/\/medicinasinc.com\/pt\/wp-json\/wp\/v2\/product_cat?post=5834"},{"taxonomy":"product_tag","embeddable":true,"href":"https:\/\/medicinasinc.com\/pt\/wp-json\/wp\/v2\/product_tag?post=5834"}],"curies":[{"name":"wp","href":"https:\/\/api.w.org\/{rel}","templated":true}]}}