{"id":5828,"date":"2022-02-22T06:59:00","date_gmt":"2022-02-22T06:59:00","guid":{"rendered":"https:\/\/medicinasinc.com\/pt\/?post_type=product&#038;p=5828"},"modified":"2022-07-05T22:50:51","modified_gmt":"2022-07-05T22:50:51","slug":"comprar-butalbital-online","status":"publish","type":"product","link":"https:\/\/medicinasinc.com\/pt\/product\/comprar-butalbital-online\/","title":{"rendered":"Compre Butalbital Online"},"content":{"rendered":"<div class=\"mkdf-single-product-content\">\n<div class=\"mkdf-single-product-summary\">\n<div class=\"summary entry-summary\">\n<div class=\"woocommerce-tabs wc-tabs -wrapper\">\n<div id=\"tab-description\" class=\"woocommerce-Tabs-panel woocommerce-Tabs-panel--description panel entry-content wc-tab\" role=\"tabpanel\" aria-labelledby=\"tab-title -description\">\n<div id=\"ftwp-postcontent\">\n<p>Sem receita m\u00e9dica, compre Nembutal Butalbital da melhor farm\u00e1cia on-line<\/p>\n<p>Online Nembutal Pharmacy \u00e9 uma farm\u00e1cia on-line respeit\u00e1vel que \u00e9 bem conhecida por seu profissionalismo e medicamentos de alta qualidade. Voc\u00ea pode facilmente obter o Nembutal Butalbital online sem receita m\u00e9dica neste site. Estamos comprometidos em fornecer um produto de alta qualidade para clientes em todo o mundo. Atendemos a necessidade e necessidade de cada cliente e sempre os atendemos no prazo.<\/p>\n<p>Voc\u00ea pode entrar em contato conosco rapidamente pela plataforma da internet e adquirir os medicamentos desejados em um curto espa\u00e7o de tempo. Hoje, voc\u00ea pode encomendar Butalbital online!<\/p>\n<p>Quais s\u00e3o os benef\u00edcios do Nembutal Butalbital?<\/p>\n<p>Butalbital \u00e9 um medicamento prescrito usado por um breve per\u00edodo de tempo. Este medicamento pode ser usado em conjunto com outros medicamentos, como paracetamol (acetaminofeno) ou aspirina, para aliviar a dor e as dores de cabe\u00e7a. Al\u00e9m disso, foi aprovado para tratar dores de cabe\u00e7a tensionais.<\/p>\n<p>Para comprar Butalbital online ao melhor pre\u00e7o, comece adicionando-o ao seu carrinho. Depois de concluir a adi\u00e7\u00e3o, voc\u00ea pode prosseguir com a conclus\u00e3o do pagamento. Inclu\u00edmos uma variedade de gateways de pagamento. Voc\u00ea pode selecionar o mais adequado e concluir o processo de pagamento do seu pedido.<\/p>\n<p>Onde posso comprar o Nembutal Butalbital Online ao melhor pre\u00e7o?<\/p>\n<p>Se voc\u00ea recebeu Butalbital, ele \u00e9 hora de comprar Butalbital online na nossa Farm\u00e1cia Nembutal.<\/p>\n<p>Ligar com a nossa farm\u00e1cia online nunca foi t\u00e3o f\u00e1cil. Nosso site \u00e9 extremamente b\u00e1sico e f\u00e1cil de usar, o que ajuda nossos consumidores a se sentirem \u00e0 vontade ao fazer o pedido de seus produtos.<\/p>\n<\/p><\/div><\/div><\/div><\/div><\/div><\/div>\n","protected":false},"excerpt":{"rendered":"<p>Nossa farm\u00e1cia on-line receber\u00e1 seu pedido imediatamente ap\u00f3s a coloca\u00e7\u00e3o. Vamos prioriz\u00e1-lo e conclu\u00ed-lo o mais r\u00e1pido poss\u00edvel. Normalmente levamos 5 dias para entregar a mercadoria, o que abrange apenas dias \u00fateis. Dentro de uma semana, voc\u00ea receber\u00e1 Nembutal Butalbital nas melhores condi\u00e7\u00f5es poss\u00edveis. Fa\u00e7a sua compra imediatamente!<\/p>\n","protected":false},"featured_media":5838,"comment_status":"open","ping_status":"closed","template":"","meta":[],"product_brand":[],"product_cat":[3818],"product_tag":[1051,3974,3840,3981,3982,3983,3976,3975,3977,3928,3865,3987,3988,3972,3979,3978,3986,3845,3992,3984,3985,3934,3936,3989,3990,3991,3993,3996,3997,3998,3999,4004,4001,4006,4005,4002,3994,3995,3980,3973,4003,4000,3847],"class_list":{"0":"post-5828","1":"product","2":"type-product","3":"status-publish","4":"has-post-thumbnail","6":"product_cat-pentobarbital-a-venda","7":"product_tag-buy-nembutal","8":"product_tag-buy-nembutal-canada","9":"product_tag-como-adquirir-nembutal","10":"product_tag-como-obter-nembutal","11":"product_tag-como-fazer-nembutal","12":"product_tag-como-tomar-nembutal-para-morrer","13":"product_tag-compra-nembutal","14":"product_tag-compre-nembutal-m-c3-a9xico","15":"product_tag-compra-nembutal-online","16":"product_tag-compre-nembutal-online","17":"product_tag-nembutal-plulas-para-venda","18":"product_tag-definio-de-nembutal","19":"product_tag-nembutal-letal-dose","20":"product_tag-e-amytal","21":"product_tag-how-much-does-nembutal-cost","22":"product_tag-medicamentos-prescritos-para-reduzir-a-insnia","23":"product_tag-nembutal-morte","24":"product_tag-nembutal","25":"product_tag-nembutal-de-balco","26":"product_tag-nembutal-capsules","27":"product_tag-nembutal-china","28":"product_tag-nembutal-compre-online","29":"product_tag-nembutal-em-p","30":"product_tag-nembutal-mxico","31":"product_tag-nembutal-mxico-2018","32":"product_tag-nembutal-online","33":"product_tag-nembutal-pentobarbital","34":"product_tag-nembutal-reddit","35":"product_tag-nembutal-schedule","36":"product_tag-nembutal-side-effects","37":"product_tag-nembutal-sdico","38":"product_tag-o-que--nembutal","39":"product_tag-obteno-nembutal","40":"product_tag-onde-comprar-nembutal-no-mxico","41":"product_tag-onde-comprar-nembutal","42":"product_tag-order-nembutal-online","43":"product_tag-plula-de-nembutal","44":"product_tag-preo-nembutal","45":"product_tag-quanto-nembutal-fatal","46":"product_tag-so","47":"product_tag-secundrio","48":"product_tag-nembutal-suposto-c3-b3rio","49":"product_tag-nembutal-para-venda","51":"first","52":"instock","53":"shipping-taxable","54":"purchasable","55":"product-type-variable"},"yoast_head":"<!-- This site is optimized with the Yoast SEO plugin v27.3 - https:\/\/yoast.com\/product\/yoast-seo-wordpress\/ -->\n<title>Compre Butalbital Online - Melhores Melhores Medicamentos Globais<\/title>\n<meta name=\"robots\" content=\"index, follow, max-snippet:-1, max-image-preview:large, max-video-preview:-1\" \/>\n<link rel=\"canonical\" href=\"https:\/\/medicinasinc.com\/pt\/product\/comprar-butalbital-online\/\" \/>\n<meta property=\"og:locale\" content=\"pt_PT\" \/>\n<meta property=\"og:type\" content=\"article\" \/>\n<meta property=\"og:title\" content=\"Compre Butalbital Online - Melhores Melhores Medicamentos Globais\" \/>\n<meta property=\"og:description\" content=\"Nossa farm\u00e1cia on-line receber\u00e1 seu pedido imediatamente ap\u00f3s a coloca\u00e7\u00e3o. Vamos prioriz\u00e1-lo e conclu\u00ed-lo o mais r\u00e1pido poss\u00edvel. Normalmente levamos 5 dias para entregar a mercadoria, o que abrange apenas dias \u00fateis. Dentro de uma semana, voc\u00ea receber\u00e1 Nembutal Butalbital nas melhores condi\u00e7\u00f5es poss\u00edveis. Fa\u00e7a sua compra imediatamente!\" \/>\n<meta property=\"og:url\" content=\"https:\/\/medicinasinc.com\/pt\/product\/comprar-butalbital-online\/\" \/>\n<meta property=\"og:site_name\" content=\"Medicinas Inc\" \/>\n<meta property=\"article:modified_time\" content=\"2022-07-05T22:50:51+00:00\" \/>\n<meta property=\"og:image\" content=\"https:\/\/medicinasinc.com\/pt\/wp-content\/uploads\/sites\/20\/2022\/02\/Buy-Butalbital-Online.jpg\" \/>\n\t<meta property=\"og:image:width\" content=\"600\" \/>\n\t<meta property=\"og:image:height\" content=\"600\" \/>\n\t<meta property=\"og:image:type\" content=\"image\/jpeg\" \/>\n<meta name=\"twitter:card\" content=\"summary_large_image\" \/>\n<meta name=\"twitter:label1\" content=\"Tempo estimado de leitura\" \/>\n\t<meta name=\"twitter:data1\" content=\"2 minutos\" \/>\n<script type=\"application\/ld+json\" class=\"yoast-schema-graph\">{\"@context\":\"https:\\\/\\\/schema.org\",\"@graph\":[{\"@type\":\"WebPage\",\"@id\":\"https:\\\/\\\/medicinasinc.com\\\/pt\\\/product\\\/comprar-butalbital-online\\\/\",\"url\":\"https:\\\/\\\/medicinasinc.com\\\/pt\\\/product\\\/comprar-butalbital-online\\\/\",\"name\":\"Compre Butalbital Online - Melhores Melhores Medicamentos Globais\",\"isPartOf\":{\"@id\":\"https:\\\/\\\/medicinasinc.com\\\/pt\\\/#website\"},\"primaryImageOfPage\":{\"@id\":\"https:\\\/\\\/medicinasinc.com\\\/pt\\\/product\\\/comprar-butalbital-online\\\/#primaryimage\"},\"image\":{\"@id\":\"https:\\\/\\\/medicinasinc.com\\\/pt\\\/product\\\/comprar-butalbital-online\\\/#primaryimage\"},\"thumbnailUrl\":\"https:\\\/\\\/medicinasinc.com\\\/pt\\\/wp-content\\\/uploads\\\/sites\\\/20\\\/2022\\\/02\\\/Buy-Butalbital-Online.jpg\",\"datePublished\":\"2022-02-22T06:59:00+00:00\",\"dateModified\":\"2022-07-05T22:50:51+00:00\",\"breadcrumb\":{\"@id\":\"https:\\\/\\\/medicinasinc.com\\\/pt\\\/product\\\/comprar-butalbital-online\\\/#breadcrumb\"},\"inLanguage\":\"pt-PT\",\"potentialAction\":[{\"@type\":\"ReadAction\",\"target\":[\"https:\\\/\\\/medicinasinc.com\\\/pt\\\/product\\\/comprar-butalbital-online\\\/\"]}]},{\"@type\":\"ImageObject\",\"inLanguage\":\"pt-PT\",\"@id\":\"https:\\\/\\\/medicinasinc.com\\\/pt\\\/product\\\/comprar-butalbital-online\\\/#primaryimage\",\"url\":\"https:\\\/\\\/medicinasinc.com\\\/pt\\\/wp-content\\\/uploads\\\/sites\\\/20\\\/2022\\\/02\\\/Buy-Butalbital-Online.jpg\",\"contentUrl\":\"https:\\\/\\\/medicinasinc.com\\\/pt\\\/wp-content\\\/uploads\\\/sites\\\/20\\\/2022\\\/02\\\/Buy-Butalbital-Online.jpg\",\"width\":600,\"height\":600},{\"@type\":\"BreadcrumbList\",\"@id\":\"https:\\\/\\\/medicinasinc.com\\\/pt\\\/product\\\/comprar-butalbital-online\\\/#breadcrumb\",\"itemListElement\":[{\"@type\":\"ListItem\",\"position\":1,\"name\":\"Comprar\",\"item\":\"https:\\\/\\\/medicinasinc.com\\\/pt\\\/comprar\\\/\"},{\"@type\":\"ListItem\",\"position\":2,\"name\":\"Compre Butalbital Online\"}]},{\"@type\":\"WebSite\",\"@id\":\"https:\\\/\\\/medicinasinc.com\\\/pt\\\/#website\",\"url\":\"https:\\\/\\\/medicinasinc.com\\\/pt\\\/\",\"name\":\"Medicinas Inc\",\"description\":\"Health Medical Clinic\",\"potentialAction\":[{\"@type\":\"SearchAction\",\"target\":{\"@type\":\"EntryPoint\",\"urlTemplate\":\"https:\\\/\\\/medicinasinc.com\\\/pt\\\/?s={search_term_string}\"},\"query-input\":{\"@type\":\"PropertyValueSpecification\",\"valueRequired\":true,\"valueName\":\"search_term_string\"}}],\"inLanguage\":\"pt-PT\"}]}<\/script>\n<!-- \/ Yoast SEO plugin. -->","yoast_head_json":{"title":"Compre Butalbital Online - Melhores Melhores Medicamentos Globais","robots":{"index":"index","follow":"follow","max-snippet":"max-snippet:-1","max-image-preview":"max-image-preview:large","max-video-preview":"max-video-preview:-1"},"canonical":"https:\/\/medicinasinc.com\/pt\/product\/comprar-butalbital-online\/","og_locale":"pt_PT","og_type":"article","og_title":"Compre Butalbital Online - Melhores Melhores Medicamentos Globais","og_description":"Nossa farm\u00e1cia on-line receber\u00e1 seu pedido imediatamente ap\u00f3s a coloca\u00e7\u00e3o. Vamos prioriz\u00e1-lo e conclu\u00ed-lo o mais r\u00e1pido poss\u00edvel. Normalmente levamos 5 dias para entregar a mercadoria, o que abrange apenas dias \u00fateis. Dentro de uma semana, voc\u00ea receber\u00e1 Nembutal Butalbital nas melhores condi\u00e7\u00f5es poss\u00edveis. Fa\u00e7a sua compra imediatamente!","og_url":"https:\/\/medicinasinc.com\/pt\/product\/comprar-butalbital-online\/","og_site_name":"Medicinas Inc","article_modified_time":"2022-07-05T22:50:51+00:00","og_image":[{"width":600,"height":600,"url":"https:\/\/medicinasinc.com\/pt\/wp-content\/uploads\/sites\/20\/2022\/02\/Buy-Butalbital-Online.jpg","type":"image\/jpeg"}],"twitter_card":"summary_large_image","twitter_misc":{"Tempo estimado de leitura":"2 minutos"},"schema":{"@context":"https:\/\/schema.org","@graph":[{"@type":"WebPage","@id":"https:\/\/medicinasinc.com\/pt\/product\/comprar-butalbital-online\/","url":"https:\/\/medicinasinc.com\/pt\/product\/comprar-butalbital-online\/","name":"Compre Butalbital Online - Melhores Melhores Medicamentos Globais","isPartOf":{"@id":"https:\/\/medicinasinc.com\/pt\/#website"},"primaryImageOfPage":{"@id":"https:\/\/medicinasinc.com\/pt\/product\/comprar-butalbital-online\/#primaryimage"},"image":{"@id":"https:\/\/medicinasinc.com\/pt\/product\/comprar-butalbital-online\/#primaryimage"},"thumbnailUrl":"https:\/\/medicinasinc.com\/pt\/wp-content\/uploads\/sites\/20\/2022\/02\/Buy-Butalbital-Online.jpg","datePublished":"2022-02-22T06:59:00+00:00","dateModified":"2022-07-05T22:50:51+00:00","breadcrumb":{"@id":"https:\/\/medicinasinc.com\/pt\/product\/comprar-butalbital-online\/#breadcrumb"},"inLanguage":"pt-PT","potentialAction":[{"@type":"ReadAction","target":["https:\/\/medicinasinc.com\/pt\/product\/comprar-butalbital-online\/"]}]},{"@type":"ImageObject","inLanguage":"pt-PT","@id":"https:\/\/medicinasinc.com\/pt\/product\/comprar-butalbital-online\/#primaryimage","url":"https:\/\/medicinasinc.com\/pt\/wp-content\/uploads\/sites\/20\/2022\/02\/Buy-Butalbital-Online.jpg","contentUrl":"https:\/\/medicinasinc.com\/pt\/wp-content\/uploads\/sites\/20\/2022\/02\/Buy-Butalbital-Online.jpg","width":600,"height":600},{"@type":"BreadcrumbList","@id":"https:\/\/medicinasinc.com\/pt\/product\/comprar-butalbital-online\/#breadcrumb","itemListElement":[{"@type":"ListItem","position":1,"name":"Comprar","item":"https:\/\/medicinasinc.com\/pt\/comprar\/"},{"@type":"ListItem","position":2,"name":"Compre Butalbital Online"}]},{"@type":"WebSite","@id":"https:\/\/medicinasinc.com\/pt\/#website","url":"https:\/\/medicinasinc.com\/pt\/","name":"Medicinas Inc","description":"Health Medical Clinic","potentialAction":[{"@type":"SearchAction","target":{"@type":"EntryPoint","urlTemplate":"https:\/\/medicinasinc.com\/pt\/?s={search_term_string}"},"query-input":{"@type":"PropertyValueSpecification","valueRequired":true,"valueName":"search_term_string"}}],"inLanguage":"pt-PT"}]}},"_links":{"self":[{"href":"https:\/\/medicinasinc.com\/pt\/wp-json\/wp\/v2\/product\/5828","targetHints":{"allow":["GET"]}}],"collection":[{"href":"https:\/\/medicinasinc.com\/pt\/wp-json\/wp\/v2\/product"}],"about":[{"href":"https:\/\/medicinasinc.com\/pt\/wp-json\/wp\/v2\/types\/product"}],"replies":[{"embeddable":true,"href":"https:\/\/medicinasinc.com\/pt\/wp-json\/wp\/v2\/comments?post=5828"}],"wp:featuredmedia":[{"embeddable":true,"href":"https:\/\/medicinasinc.com\/pt\/wp-json\/wp\/v2\/media\/5838"}],"wp:attachment":[{"href":"https:\/\/medicinasinc.com\/pt\/wp-json\/wp\/v2\/media?parent=5828"}],"wp:term":[{"taxonomy":"product_brand","embeddable":true,"href":"https:\/\/medicinasinc.com\/pt\/wp-json\/wp\/v2\/product_brand?post=5828"},{"taxonomy":"product_cat","embeddable":true,"href":"https:\/\/medicinasinc.com\/pt\/wp-json\/wp\/v2\/product_cat?post=5828"},{"taxonomy":"product_tag","embeddable":true,"href":"https:\/\/medicinasinc.com\/pt\/wp-json\/wp\/v2\/product_tag?post=5828"}],"curies":[{"name":"wp","href":"https:\/\/api.w.org\/{rel}","templated":true}]}}