{"id":5822,"date":"2022-02-22T06:52:56","date_gmt":"2022-02-22T06:52:56","guid":{"rendered":"https:\/\/medicinasinc.com\/pt\/?post_type=product&#038;p=5822"},"modified":"2022-07-05T22:51:13","modified_gmt":"2022-07-05T22:51:13","slug":"comprar-nembutal-pentobarbital","status":"publish","type":"product","link":"https:\/\/medicinasinc.com\/pt\/product\/comprar-nembutal-pentobarbital\/","title":{"rendered":"Compre Nembutal Pentobarbital"},"content":{"rendered":"<p>Compra online de Nembutal Pentobarbital da The Best Global Meds<\/p>\n<p>Online Nembutal Pharmacy \u00e9 a \u00fanica fonte respeit\u00e1vel para comprar Nembutal Pentobarbital online com os custos mais baixos poss\u00edveis.<\/p>\n<p>Assim que n\u00f3s receber os dados do seu pedido, iniciaremos o processo de prepara\u00e7\u00e3o, seguido da entrega. Os membros da nossa equipe ir\u00e3o embalar seus medicamentos com seguran\u00e7a e entreg\u00e1-los rapidamente a voc\u00ea. Voc\u00ea pode esperar nada menos do que o melhor de n\u00f3s em termos de qualidade e pontualidade do Nembutal Pentobarbital.<\/p>\n<p>O que voc\u00ea deve comprar ao comprar Nembutal Pentobarbital? Qual \u00e9 o local apropriado para compr\u00e1-lo?<\/p>\n<p>Nembutal Pentobarbital \u00e9 um medicamento eficaz para convuls\u00f5es que normalmente \u00e9 usado em conjunto com outros medicamentos prescritos. Se voc\u00ea tem um dist\u00farbio convulsivo, este medicamento \u00e9 perfeito para voc\u00ea. Voc\u00ea pode continuar o seu dia com total vitalidade, despreocupado com o epis\u00f3dio de convuls\u00e3o. Tem um efeito em v\u00e1rias \u00e1reas do c\u00e9rebro, resultando em um estado de serenidade no corpo.<\/p>\n<p>Nembutal Pentobarbital Online Pharmacy \u00e9 o melhor site para comprar Nembutal Pentobarbital online pelo menor pre\u00e7o. Este medicamento \u00e9 vendido aqui nas melhores condi\u00e7\u00f5es poss\u00edveis e com o m\u00e1ximo cuidado. Todos os nossos medicamentos s\u00e3o testados em laborat\u00f3rio e submetidos a uma bateria de testes. Temos parceria com os principais fabricantes de produtos farmac\u00eauticos do mundo. Se voc\u00ea receber medicamentos de n\u00f3s, n\u00e3o h\u00e1 necessidade de se preocupar com nada. Voc\u00ea, sem d\u00favida, receber\u00e1 o maior cuidado poss\u00edvel para sua sa\u00fade!<\/p>\n","protected":false},"excerpt":{"rendered":"<p>Quais formas de dosagem de fenobarbital de Nembutal voc\u00ea precisa?<\/p>\n<p>Qualquer pessoa no mundo pode comprar Nembutal on-line em uma farm\u00e1cia on-line. A qualquer momento, de qualquer lugar, entre em contato conosco. Quaisquer d\u00favidas ou preocupa\u00e7\u00f5es de nossos clientes ser\u00e3o prontamente abordadas por um de nossos representantes de atendimento ao cliente. A qualidade de seus medicamentos ou o status de sua entrega nunca s\u00e3o uma preocupa\u00e7\u00e3o quando voc\u00ea trabalha conosco. O Nembutal Fenobarbital \u00e0 venda pode ser adquirido por telefone, e-mail ou mensagem de texto. Agora \u00e9 a hora de se conectar!<\/p>\n","protected":false},"featured_media":5832,"comment_status":"open","ping_status":"closed","template":"","meta":[],"product_brand":[],"product_cat":[3818],"product_tag":[],"class_list":{"0":"post-5822","1":"product","2":"type-product","3":"status-publish","4":"has-post-thumbnail","6":"product_cat-pentobarbital-a-venda","8":"first","9":"instock","10":"shipping-taxable","11":"purchasable","12":"product-type-variable"},"yoast_head":"<!-- This site is optimized with the Yoast SEO plugin v27.3 - https:\/\/yoast.com\/product\/yoast-seo-wordpress\/ -->\n<title>Compre Nembutal Pentobarbital - Melhores Medicamentos Globais<\/title>\n<meta name=\"robots\" content=\"index, follow, max-snippet:-1, max-image-preview:large, max-video-preview:-1\" \/>\n<link rel=\"canonical\" href=\"https:\/\/medicinasinc.com\/pt\/product\/comprar-nembutal-pentobarbital\/\" \/>\n<meta property=\"og:locale\" content=\"pt_PT\" \/>\n<meta property=\"og:type\" content=\"article\" \/>\n<meta property=\"og:title\" content=\"Compre Nembutal Pentobarbital - Melhores Medicamentos Globais\" \/>\n<meta property=\"og:description\" content=\"Quais formas de dosagem de fenobarbital de Nembutal voc\u00ea precisa? Qualquer pessoa no mundo pode comprar Nembutal on-line em uma farm\u00e1cia on-line. A qualquer momento, de qualquer lugar, entre em contato conosco. Quaisquer d\u00favidas ou preocupa\u00e7\u00f5es de nossos clientes ser\u00e3o prontamente abordadas por um de nossos representantes de atendimento ao cliente. A qualidade de seus medicamentos ou o status de sua entrega nunca s\u00e3o uma preocupa\u00e7\u00e3o quando voc\u00ea trabalha conosco. O Nembutal Fenobarbital \u00e0 venda pode ser adquirido por telefone, e-mail ou mensagem de texto. Agora \u00e9 a hora de se conectar!\" \/>\n<meta property=\"og:url\" content=\"https:\/\/medicinasinc.com\/pt\/product\/comprar-nembutal-pentobarbital\/\" \/>\n<meta property=\"og:site_name\" content=\"Medicinas Inc\" \/>\n<meta property=\"article:modified_time\" content=\"2022-07-05T22:51:13+00:00\" \/>\n<meta property=\"og:image\" content=\"https:\/\/medicinasinc.com\/pt\/wp-content\/uploads\/sites\/20\/2022\/02\/buy-Nembutal-Pentobarbital-1.jpg\" \/>\n\t<meta property=\"og:image:width\" content=\"600\" \/>\n\t<meta property=\"og:image:height\" content=\"600\" \/>\n\t<meta property=\"og:image:type\" content=\"image\/jpeg\" \/>\n<meta name=\"twitter:card\" content=\"summary_large_image\" \/>\n<meta name=\"twitter:label1\" content=\"Tempo estimado de leitura\" \/>\n\t<meta name=\"twitter:data1\" content=\"2 minutos\" \/>\n<script type=\"application\/ld+json\" class=\"yoast-schema-graph\">{\"@context\":\"https:\\\/\\\/schema.org\",\"@graph\":[{\"@type\":\"WebPage\",\"@id\":\"https:\\\/\\\/medicinasinc.com\\\/pt\\\/product\\\/comprar-nembutal-pentobarbital\\\/\",\"url\":\"https:\\\/\\\/medicinasinc.com\\\/pt\\\/product\\\/comprar-nembutal-pentobarbital\\\/\",\"name\":\"Compre Nembutal Pentobarbital - Melhores Medicamentos Globais\",\"isPartOf\":{\"@id\":\"https:\\\/\\\/medicinasinc.com\\\/pt\\\/#website\"},\"primaryImageOfPage\":{\"@id\":\"https:\\\/\\\/medicinasinc.com\\\/pt\\\/product\\\/comprar-nembutal-pentobarbital\\\/#primaryimage\"},\"image\":{\"@id\":\"https:\\\/\\\/medicinasinc.com\\\/pt\\\/product\\\/comprar-nembutal-pentobarbital\\\/#primaryimage\"},\"thumbnailUrl\":\"https:\\\/\\\/medicinasinc.com\\\/pt\\\/wp-content\\\/uploads\\\/sites\\\/20\\\/2022\\\/02\\\/buy-Nembutal-Pentobarbital-1.jpg\",\"datePublished\":\"2022-02-22T06:52:56+00:00\",\"dateModified\":\"2022-07-05T22:51:13+00:00\",\"breadcrumb\":{\"@id\":\"https:\\\/\\\/medicinasinc.com\\\/pt\\\/product\\\/comprar-nembutal-pentobarbital\\\/#breadcrumb\"},\"inLanguage\":\"pt-PT\",\"potentialAction\":[{\"@type\":\"ReadAction\",\"target\":[\"https:\\\/\\\/medicinasinc.com\\\/pt\\\/product\\\/comprar-nembutal-pentobarbital\\\/\"]}]},{\"@type\":\"ImageObject\",\"inLanguage\":\"pt-PT\",\"@id\":\"https:\\\/\\\/medicinasinc.com\\\/pt\\\/product\\\/comprar-nembutal-pentobarbital\\\/#primaryimage\",\"url\":\"https:\\\/\\\/medicinasinc.com\\\/pt\\\/wp-content\\\/uploads\\\/sites\\\/20\\\/2022\\\/02\\\/buy-Nembutal-Pentobarbital-1.jpg\",\"contentUrl\":\"https:\\\/\\\/medicinasinc.com\\\/pt\\\/wp-content\\\/uploads\\\/sites\\\/20\\\/2022\\\/02\\\/buy-Nembutal-Pentobarbital-1.jpg\",\"width\":600,\"height\":600},{\"@type\":\"BreadcrumbList\",\"@id\":\"https:\\\/\\\/medicinasinc.com\\\/pt\\\/product\\\/comprar-nembutal-pentobarbital\\\/#breadcrumb\",\"itemListElement\":[{\"@type\":\"ListItem\",\"position\":1,\"name\":\"Comprar\",\"item\":\"https:\\\/\\\/medicinasinc.com\\\/pt\\\/comprar\\\/\"},{\"@type\":\"ListItem\",\"position\":2,\"name\":\"Compre Nembutal Pentobarbital\"}]},{\"@type\":\"WebSite\",\"@id\":\"https:\\\/\\\/medicinasinc.com\\\/pt\\\/#website\",\"url\":\"https:\\\/\\\/medicinasinc.com\\\/pt\\\/\",\"name\":\"Medicinas Inc\",\"description\":\"Health Medical Clinic\",\"potentialAction\":[{\"@type\":\"SearchAction\",\"target\":{\"@type\":\"EntryPoint\",\"urlTemplate\":\"https:\\\/\\\/medicinasinc.com\\\/pt\\\/?s={search_term_string}\"},\"query-input\":{\"@type\":\"PropertyValueSpecification\",\"valueRequired\":true,\"valueName\":\"search_term_string\"}}],\"inLanguage\":\"pt-PT\"}]}<\/script>\n<!-- \/ Yoast SEO plugin. -->","yoast_head_json":{"title":"Compre Nembutal Pentobarbital - Melhores Medicamentos Globais","robots":{"index":"index","follow":"follow","max-snippet":"max-snippet:-1","max-image-preview":"max-image-preview:large","max-video-preview":"max-video-preview:-1"},"canonical":"https:\/\/medicinasinc.com\/pt\/product\/comprar-nembutal-pentobarbital\/","og_locale":"pt_PT","og_type":"article","og_title":"Compre Nembutal Pentobarbital - Melhores Medicamentos Globais","og_description":"Quais formas de dosagem de fenobarbital de Nembutal voc\u00ea precisa? Qualquer pessoa no mundo pode comprar Nembutal on-line em uma farm\u00e1cia on-line. A qualquer momento, de qualquer lugar, entre em contato conosco. Quaisquer d\u00favidas ou preocupa\u00e7\u00f5es de nossos clientes ser\u00e3o prontamente abordadas por um de nossos representantes de atendimento ao cliente. A qualidade de seus medicamentos ou o status de sua entrega nunca s\u00e3o uma preocupa\u00e7\u00e3o quando voc\u00ea trabalha conosco. O Nembutal Fenobarbital \u00e0 venda pode ser adquirido por telefone, e-mail ou mensagem de texto. Agora \u00e9 a hora de se conectar!","og_url":"https:\/\/medicinasinc.com\/pt\/product\/comprar-nembutal-pentobarbital\/","og_site_name":"Medicinas Inc","article_modified_time":"2022-07-05T22:51:13+00:00","og_image":[{"width":600,"height":600,"url":"https:\/\/medicinasinc.com\/pt\/wp-content\/uploads\/sites\/20\/2022\/02\/buy-Nembutal-Pentobarbital-1.jpg","type":"image\/jpeg"}],"twitter_card":"summary_large_image","twitter_misc":{"Tempo estimado de leitura":"2 minutos"},"schema":{"@context":"https:\/\/schema.org","@graph":[{"@type":"WebPage","@id":"https:\/\/medicinasinc.com\/pt\/product\/comprar-nembutal-pentobarbital\/","url":"https:\/\/medicinasinc.com\/pt\/product\/comprar-nembutal-pentobarbital\/","name":"Compre Nembutal Pentobarbital - Melhores Medicamentos Globais","isPartOf":{"@id":"https:\/\/medicinasinc.com\/pt\/#website"},"primaryImageOfPage":{"@id":"https:\/\/medicinasinc.com\/pt\/product\/comprar-nembutal-pentobarbital\/#primaryimage"},"image":{"@id":"https:\/\/medicinasinc.com\/pt\/product\/comprar-nembutal-pentobarbital\/#primaryimage"},"thumbnailUrl":"https:\/\/medicinasinc.com\/pt\/wp-content\/uploads\/sites\/20\/2022\/02\/buy-Nembutal-Pentobarbital-1.jpg","datePublished":"2022-02-22T06:52:56+00:00","dateModified":"2022-07-05T22:51:13+00:00","breadcrumb":{"@id":"https:\/\/medicinasinc.com\/pt\/product\/comprar-nembutal-pentobarbital\/#breadcrumb"},"inLanguage":"pt-PT","potentialAction":[{"@type":"ReadAction","target":["https:\/\/medicinasinc.com\/pt\/product\/comprar-nembutal-pentobarbital\/"]}]},{"@type":"ImageObject","inLanguage":"pt-PT","@id":"https:\/\/medicinasinc.com\/pt\/product\/comprar-nembutal-pentobarbital\/#primaryimage","url":"https:\/\/medicinasinc.com\/pt\/wp-content\/uploads\/sites\/20\/2022\/02\/buy-Nembutal-Pentobarbital-1.jpg","contentUrl":"https:\/\/medicinasinc.com\/pt\/wp-content\/uploads\/sites\/20\/2022\/02\/buy-Nembutal-Pentobarbital-1.jpg","width":600,"height":600},{"@type":"BreadcrumbList","@id":"https:\/\/medicinasinc.com\/pt\/product\/comprar-nembutal-pentobarbital\/#breadcrumb","itemListElement":[{"@type":"ListItem","position":1,"name":"Comprar","item":"https:\/\/medicinasinc.com\/pt\/comprar\/"},{"@type":"ListItem","position":2,"name":"Compre Nembutal Pentobarbital"}]},{"@type":"WebSite","@id":"https:\/\/medicinasinc.com\/pt\/#website","url":"https:\/\/medicinasinc.com\/pt\/","name":"Medicinas Inc","description":"Health Medical Clinic","potentialAction":[{"@type":"SearchAction","target":{"@type":"EntryPoint","urlTemplate":"https:\/\/medicinasinc.com\/pt\/?s={search_term_string}"},"query-input":{"@type":"PropertyValueSpecification","valueRequired":true,"valueName":"search_term_string"}}],"inLanguage":"pt-PT"}]}},"_links":{"self":[{"href":"https:\/\/medicinasinc.com\/pt\/wp-json\/wp\/v2\/product\/5822","targetHints":{"allow":["GET"]}}],"collection":[{"href":"https:\/\/medicinasinc.com\/pt\/wp-json\/wp\/v2\/product"}],"about":[{"href":"https:\/\/medicinasinc.com\/pt\/wp-json\/wp\/v2\/types\/product"}],"replies":[{"embeddable":true,"href":"https:\/\/medicinasinc.com\/pt\/wp-json\/wp\/v2\/comments?post=5822"}],"wp:featuredmedia":[{"embeddable":true,"href":"https:\/\/medicinasinc.com\/pt\/wp-json\/wp\/v2\/media\/5832"}],"wp:attachment":[{"href":"https:\/\/medicinasinc.com\/pt\/wp-json\/wp\/v2\/media?parent=5822"}],"wp:term":[{"taxonomy":"product_brand","embeddable":true,"href":"https:\/\/medicinasinc.com\/pt\/wp-json\/wp\/v2\/product_brand?post=5822"},{"taxonomy":"product_cat","embeddable":true,"href":"https:\/\/medicinasinc.com\/pt\/wp-json\/wp\/v2\/product_cat?post=5822"},{"taxonomy":"product_tag","embeddable":true,"href":"https:\/\/medicinasinc.com\/pt\/wp-json\/wp\/v2\/product_tag?post=5822"}],"curies":[{"name":"wp","href":"https:\/\/api.w.org\/{rel}","templated":true}]}}