{"id":5816,"date":"2022-02-22T06:47:51","date_gmt":"2022-02-22T06:47:51","guid":{"rendered":"https:\/\/medicinasinc.com\/pt\/?post_type=product&#038;p=5816"},"modified":"2022-07-05T22:51:43","modified_gmt":"2022-07-05T22:51:43","slug":"comprar-comprimidos-de-nembutal","status":"publish","type":"product","link":"https:\/\/medicinasinc.com\/pt\/product\/comprar-comprimidos-de-nembutal\/","title":{"rendered":"Compre p\u00edlulas de Nembutal"},"content":{"rendered":"<p>P\u00edlulas de Nembutal \u00e0 venda na melhor farm\u00e1cia on-line a pre\u00e7os de baixo custo<\/p>\n<p>Agora voc\u00ea pode comprar comprimidos de Nembutal na Best Global Meds e us\u00e1-los em todo o seu potencial para sua sa\u00fade. Levaremos seu pedido em considera\u00e7\u00e3o e garantiremos que ele chegue onde deveria ir. Se voc\u00ea deseja adquirir comprimidos de Nembutal para venda, entre em contato conosco hoje.<\/p>\n<p>Podemos fornecer comprimidos de Nembutal de maneira precisa devido \u00e0 nossa excelente reputa\u00e7\u00e3o no mercado. Para garantir que nossos clientes recebam seus pedidos o mais r\u00e1pido poss\u00edvel, empregamos um processo de envio simples e r\u00e1pido. Fazemos todos os esfor\u00e7os para garantir que nossos clientes n\u00e3o tenham que esperar por seus produtos.<\/p>\n<p>Como uma farm\u00e1cia on-line profissional, n\u00e3o perdemos nada quando se trata de garantir que seu pedido chegue a tempo . Para garantir que nada seja esquecido, um membro de nossa equipe monitora tudo 24 horas por dia. Queremos que nossos consumidores tenham o maior cuidado poss\u00edvel com seu bem-estar.<\/p>\n<p>Qual \u200b\u200b\u00e9 o objetivo das p\u00edlulas de Nembutal?<\/p>\n<p>Comprar p\u00edlulas de Nembutal de um dispens\u00e1rio ou farm\u00e1cia local n\u00e3o obter\u00e1 voc\u00ea simplesmente qualquer droga velha. No tratamento da priva\u00e7\u00e3o do sono, \u00e9 um narc\u00f3tico usado em altas doses. Pacientes em hospitais e cl\u00ednicas m\u00e9dicas s\u00e3o colocados para dormir usando Nembutal Pills por m\u00e9dicos e cirurgi\u00f5es para prosseguir com o processo. Para aqueles que precisam de p\u00edlulas de Nembutal, voc\u00ea pode entrar em contato com a Farm\u00e1cia Nembutal Online, uma farm\u00e1cia de primeira linha na Internet. Aqui, voc\u00ea encontrar\u00e1 o melhor dos melhores. Entre em contato conosco imediatamente!<\/p>\n","protected":false},"excerpt":{"rendered":"<p>Como encontrar a melhor farm\u00e1cia on-line para comprar comprimidos de Nembutal?<\/p>\n<p>Compre Nembutal [P\u00edlulas da nossa sele\u00e7\u00e3o de p\u00edlulas e inje\u00e7\u00f5es de pentobarbital de s\u00f3dio, medicamentos barbit\u00faricos e Nembutal \u00e0 venda perto de mim com transporte seguro.<\/p>\n<p>Se voc\u00ea n\u00e3o tiver certeza de como se conectar com a melhor farm\u00e1cia on-line para comprar comprimidos de Nembutal on-line, o Pentobarbital Global Meds est\u00e1 sempre dispon\u00edvel para ajud\u00e1-lo. Estamos aqui para ajud\u00e1-lo a comprar p\u00edlulas de Nembutal online pelo menor pre\u00e7o poss\u00edvel. Voc\u00ea pode fazer seu pedido aqui e esperar que ele seja conclu\u00eddo em tempo h\u00e1bil. N\u00e3o atrasaremos a entrega de forma desnecess\u00e1ria. Contacte-nos imediatamente!<\/p>\n","protected":false},"featured_media":5826,"comment_status":"open","ping_status":"closed","template":"","meta":[],"product_brand":[],"product_cat":[3818],"product_tag":[3825,3832,3837,3839,3862,3865,3864,3871,3868,3859,3860,3861,3915,3867,3857,3858,3863],"class_list":{"0":"post-5816","1":"product","2":"type-product","3":"status-publish","4":"has-post-thumbnail","6":"product_cat-pentobarbital-a-venda","7":"product_tag-buy-nembutal-pills-online","8":"product_tag-can-i-order-nembutal-online","9":"product_tag-como-pedir-plulas-de-nembutal","10":"product_tag-como-posso-tomar-nembutal","11":"product_tag-nembutal-plulas-comprar-online","12":"product_tag-nembutal-plulas-para-venda","13":"product_tag-nembutal-plulas-dose","14":"product_tag-ordem-plulas-de-nembutal","15":"product_tag-nembutal-plulas-fornecedor","16":"product_tag-nembutal-pills-buy-australia","17":"product_tag-nembutal-pills-buy-austria","18":"product_tag-nembutal-pills-buy-europe","19":"product_tag-onde-comprar-plulas-de-nembutal","20":"product_tag-nembutal-plulas-overdose","21":"product_tag-p-c3-adlulas-de-nembutal","22":"product_tag-nembutal-plulas-comprar","23":"product_tag-nembutal-pills-buy-uk","25":"first","26":"instock","27":"shipping-taxable","28":"purchasable","29":"product-type-variable"},"yoast_head":"<!-- This site is optimized with the Yoast SEO plugin v27.3 - https:\/\/yoast.com\/product\/yoast-seo-wordpress\/ -->\n<title>Compre Nembutal Pills - Melhores Melhores Medicamentos Globais<\/title>\n<meta name=\"description\" content=\"Compre Nembutal [P\u00edlulas de nossas p\u00edlulas de Pentobarbital S\u00f3dio &amp; inje\u00e7\u00f5es, drogas Barbit\u00faricas e Nembutal \u00e0 venda perto de mim com envio seguro.\" \/>\n<meta name=\"robots\" content=\"index, follow, max-snippet:-1, max-image-preview:large, max-video-preview:-1\" \/>\n<link rel=\"canonical\" href=\"https:\/\/medicinasinc.com\/pt\/product\/comprar-comprimidos-de-nembutal\/\" \/>\n<meta property=\"og:locale\" content=\"pt_PT\" \/>\n<meta property=\"og:type\" content=\"article\" \/>\n<meta property=\"og:title\" content=\"Compre Nembutal Pills - Melhores Melhores Medicamentos Globais\" \/>\n<meta property=\"og:description\" content=\"Compre Nembutal [P\u00edlulas de nossas p\u00edlulas de Pentobarbital S\u00f3dio &amp; inje\u00e7\u00f5es, drogas Barbit\u00faricas e Nembutal \u00e0 venda perto de mim com envio seguro.\" \/>\n<meta property=\"og:url\" content=\"https:\/\/medicinasinc.com\/pt\/product\/comprar-comprimidos-de-nembutal\/\" \/>\n<meta property=\"og:site_name\" content=\"Medicinas Inc\" \/>\n<meta property=\"article:modified_time\" content=\"2022-07-05T22:51:43+00:00\" \/>\n<meta property=\"og:image\" content=\"https:\/\/medicinasinc.com\/pt\/wp-content\/uploads\/sites\/20\/2022\/02\/Buy-Nembutal-Pills.jpg\" \/>\n\t<meta property=\"og:image:width\" content=\"600\" \/>\n\t<meta property=\"og:image:height\" content=\"600\" \/>\n\t<meta property=\"og:image:type\" content=\"image\/jpeg\" \/>\n<meta name=\"twitter:card\" content=\"summary_large_image\" \/>\n<meta name=\"twitter:label1\" content=\"Tempo estimado de leitura\" \/>\n\t<meta name=\"twitter:data1\" content=\"2 minutos\" \/>\n<script type=\"application\/ld+json\" class=\"yoast-schema-graph\">{\"@context\":\"https:\\\/\\\/schema.org\",\"@graph\":[{\"@type\":\"WebPage\",\"@id\":\"https:\\\/\\\/medicinasinc.com\\\/pt\\\/product\\\/comprar-comprimidos-de-nembutal\\\/\",\"url\":\"https:\\\/\\\/medicinasinc.com\\\/pt\\\/product\\\/comprar-comprimidos-de-nembutal\\\/\",\"name\":\"Compre Nembutal Pills - Melhores Melhores Medicamentos Globais\",\"isPartOf\":{\"@id\":\"https:\\\/\\\/medicinasinc.com\\\/pt\\\/#website\"},\"primaryImageOfPage\":{\"@id\":\"https:\\\/\\\/medicinasinc.com\\\/pt\\\/product\\\/comprar-comprimidos-de-nembutal\\\/#primaryimage\"},\"image\":{\"@id\":\"https:\\\/\\\/medicinasinc.com\\\/pt\\\/product\\\/comprar-comprimidos-de-nembutal\\\/#primaryimage\"},\"thumbnailUrl\":\"https:\\\/\\\/medicinasinc.com\\\/pt\\\/wp-content\\\/uploads\\\/sites\\\/20\\\/2022\\\/02\\\/Buy-Nembutal-Pills.jpg\",\"datePublished\":\"2022-02-22T06:47:51+00:00\",\"dateModified\":\"2022-07-05T22:51:43+00:00\",\"description\":\"Compre Nembutal [P\u00edlulas de nossas p\u00edlulas de Pentobarbital S\u00f3dio &amp; inje\u00e7\u00f5es, drogas Barbit\u00faricas e Nembutal \u00e0 venda perto de mim com envio seguro.\",\"breadcrumb\":{\"@id\":\"https:\\\/\\\/medicinasinc.com\\\/pt\\\/product\\\/comprar-comprimidos-de-nembutal\\\/#breadcrumb\"},\"inLanguage\":\"pt-PT\",\"potentialAction\":[{\"@type\":\"ReadAction\",\"target\":[\"https:\\\/\\\/medicinasinc.com\\\/pt\\\/product\\\/comprar-comprimidos-de-nembutal\\\/\"]}]},{\"@type\":\"ImageObject\",\"inLanguage\":\"pt-PT\",\"@id\":\"https:\\\/\\\/medicinasinc.com\\\/pt\\\/product\\\/comprar-comprimidos-de-nembutal\\\/#primaryimage\",\"url\":\"https:\\\/\\\/medicinasinc.com\\\/pt\\\/wp-content\\\/uploads\\\/sites\\\/20\\\/2022\\\/02\\\/Buy-Nembutal-Pills.jpg\",\"contentUrl\":\"https:\\\/\\\/medicinasinc.com\\\/pt\\\/wp-content\\\/uploads\\\/sites\\\/20\\\/2022\\\/02\\\/Buy-Nembutal-Pills.jpg\",\"width\":600,\"height\":600},{\"@type\":\"BreadcrumbList\",\"@id\":\"https:\\\/\\\/medicinasinc.com\\\/pt\\\/product\\\/comprar-comprimidos-de-nembutal\\\/#breadcrumb\",\"itemListElement\":[{\"@type\":\"ListItem\",\"position\":1,\"name\":\"Comprar\",\"item\":\"https:\\\/\\\/medicinasinc.com\\\/pt\\\/comprar\\\/\"},{\"@type\":\"ListItem\",\"position\":2,\"name\":\"Compre p\u00edlulas de Nembutal\"}]},{\"@type\":\"WebSite\",\"@id\":\"https:\\\/\\\/medicinasinc.com\\\/pt\\\/#website\",\"url\":\"https:\\\/\\\/medicinasinc.com\\\/pt\\\/\",\"name\":\"Medicinas Inc\",\"description\":\"Health Medical Clinic\",\"potentialAction\":[{\"@type\":\"SearchAction\",\"target\":{\"@type\":\"EntryPoint\",\"urlTemplate\":\"https:\\\/\\\/medicinasinc.com\\\/pt\\\/?s={search_term_string}\"},\"query-input\":{\"@type\":\"PropertyValueSpecification\",\"valueRequired\":true,\"valueName\":\"search_term_string\"}}],\"inLanguage\":\"pt-PT\"}]}<\/script>\n<!-- \/ Yoast SEO plugin. -->","yoast_head_json":{"title":"Compre Nembutal Pills - Melhores Melhores Medicamentos Globais","description":"Compre Nembutal [P\u00edlulas de nossas p\u00edlulas de Pentobarbital S\u00f3dio &amp; inje\u00e7\u00f5es, drogas Barbit\u00faricas e Nembutal \u00e0 venda perto de mim com envio seguro.","robots":{"index":"index","follow":"follow","max-snippet":"max-snippet:-1","max-image-preview":"max-image-preview:large","max-video-preview":"max-video-preview:-1"},"canonical":"https:\/\/medicinasinc.com\/pt\/product\/comprar-comprimidos-de-nembutal\/","og_locale":"pt_PT","og_type":"article","og_title":"Compre Nembutal Pills - Melhores Melhores Medicamentos Globais","og_description":"Compre Nembutal [P\u00edlulas de nossas p\u00edlulas de Pentobarbital S\u00f3dio &amp; inje\u00e7\u00f5es, drogas Barbit\u00faricas e Nembutal \u00e0 venda perto de mim com envio seguro.","og_url":"https:\/\/medicinasinc.com\/pt\/product\/comprar-comprimidos-de-nembutal\/","og_site_name":"Medicinas Inc","article_modified_time":"2022-07-05T22:51:43+00:00","og_image":[{"width":600,"height":600,"url":"https:\/\/medicinasinc.com\/pt\/wp-content\/uploads\/sites\/20\/2022\/02\/Buy-Nembutal-Pills.jpg","type":"image\/jpeg"}],"twitter_card":"summary_large_image","twitter_misc":{"Tempo estimado de leitura":"2 minutos"},"schema":{"@context":"https:\/\/schema.org","@graph":[{"@type":"WebPage","@id":"https:\/\/medicinasinc.com\/pt\/product\/comprar-comprimidos-de-nembutal\/","url":"https:\/\/medicinasinc.com\/pt\/product\/comprar-comprimidos-de-nembutal\/","name":"Compre Nembutal Pills - Melhores Melhores Medicamentos Globais","isPartOf":{"@id":"https:\/\/medicinasinc.com\/pt\/#website"},"primaryImageOfPage":{"@id":"https:\/\/medicinasinc.com\/pt\/product\/comprar-comprimidos-de-nembutal\/#primaryimage"},"image":{"@id":"https:\/\/medicinasinc.com\/pt\/product\/comprar-comprimidos-de-nembutal\/#primaryimage"},"thumbnailUrl":"https:\/\/medicinasinc.com\/pt\/wp-content\/uploads\/sites\/20\/2022\/02\/Buy-Nembutal-Pills.jpg","datePublished":"2022-02-22T06:47:51+00:00","dateModified":"2022-07-05T22:51:43+00:00","description":"Compre Nembutal [P\u00edlulas de nossas p\u00edlulas de Pentobarbital S\u00f3dio &amp; inje\u00e7\u00f5es, drogas Barbit\u00faricas e Nembutal \u00e0 venda perto de mim com envio seguro.","breadcrumb":{"@id":"https:\/\/medicinasinc.com\/pt\/product\/comprar-comprimidos-de-nembutal\/#breadcrumb"},"inLanguage":"pt-PT","potentialAction":[{"@type":"ReadAction","target":["https:\/\/medicinasinc.com\/pt\/product\/comprar-comprimidos-de-nembutal\/"]}]},{"@type":"ImageObject","inLanguage":"pt-PT","@id":"https:\/\/medicinasinc.com\/pt\/product\/comprar-comprimidos-de-nembutal\/#primaryimage","url":"https:\/\/medicinasinc.com\/pt\/wp-content\/uploads\/sites\/20\/2022\/02\/Buy-Nembutal-Pills.jpg","contentUrl":"https:\/\/medicinasinc.com\/pt\/wp-content\/uploads\/sites\/20\/2022\/02\/Buy-Nembutal-Pills.jpg","width":600,"height":600},{"@type":"BreadcrumbList","@id":"https:\/\/medicinasinc.com\/pt\/product\/comprar-comprimidos-de-nembutal\/#breadcrumb","itemListElement":[{"@type":"ListItem","position":1,"name":"Comprar","item":"https:\/\/medicinasinc.com\/pt\/comprar\/"},{"@type":"ListItem","position":2,"name":"Compre p\u00edlulas de Nembutal"}]},{"@type":"WebSite","@id":"https:\/\/medicinasinc.com\/pt\/#website","url":"https:\/\/medicinasinc.com\/pt\/","name":"Medicinas Inc","description":"Health Medical Clinic","potentialAction":[{"@type":"SearchAction","target":{"@type":"EntryPoint","urlTemplate":"https:\/\/medicinasinc.com\/pt\/?s={search_term_string}"},"query-input":{"@type":"PropertyValueSpecification","valueRequired":true,"valueName":"search_term_string"}}],"inLanguage":"pt-PT"}]}},"_links":{"self":[{"href":"https:\/\/medicinasinc.com\/pt\/wp-json\/wp\/v2\/product\/5816","targetHints":{"allow":["GET"]}}],"collection":[{"href":"https:\/\/medicinasinc.com\/pt\/wp-json\/wp\/v2\/product"}],"about":[{"href":"https:\/\/medicinasinc.com\/pt\/wp-json\/wp\/v2\/types\/product"}],"replies":[{"embeddable":true,"href":"https:\/\/medicinasinc.com\/pt\/wp-json\/wp\/v2\/comments?post=5816"}],"wp:featuredmedia":[{"embeddable":true,"href":"https:\/\/medicinasinc.com\/pt\/wp-json\/wp\/v2\/media\/5826"}],"wp:attachment":[{"href":"https:\/\/medicinasinc.com\/pt\/wp-json\/wp\/v2\/media?parent=5816"}],"wp:term":[{"taxonomy":"product_brand","embeddable":true,"href":"https:\/\/medicinasinc.com\/pt\/wp-json\/wp\/v2\/product_brand?post=5816"},{"taxonomy":"product_cat","embeddable":true,"href":"https:\/\/medicinasinc.com\/pt\/wp-json\/wp\/v2\/product_cat?post=5816"},{"taxonomy":"product_tag","embeddable":true,"href":"https:\/\/medicinasinc.com\/pt\/wp-json\/wp\/v2\/product_tag?post=5816"}],"curies":[{"name":"wp","href":"https:\/\/api.w.org\/{rel}","templated":true}]}}