{"id":5810,"date":"2022-02-22T06:41:43","date_gmt":"2022-02-22T06:41:43","guid":{"rendered":"https:\/\/medicinasinc.com\/pt\/?post_type=product&#038;p=5810"},"modified":"2022-07-05T22:52:07","modified_gmt":"2022-07-05T22:52:07","slug":"compre-nembutal-comprimidos","status":"publish","type":"product","link":"https:\/\/medicinasinc.com\/pt\/product\/compre-nembutal-comprimidos\/","title":{"rendered":"Compre comprimidos de Nembutal"},"content":{"rendered":"<p>Comprimidos de Nembutal \u00e0 venda on-line aos pre\u00e7os mais baixos de nossa respeit\u00e1vel farm\u00e1cia on-line<\/p>\n<p>A plataforma on-line tornou simples e direto para todos adquirir comprimidos de Nembutal. Se voc\u00ea tamb\u00e9m estiver interessado em comprar comprimidos Nembutal on-line, conecte-se \u00e0 Farm\u00e1cia Nembutal Online. Nossa farm\u00e1cia \u00e9 um local comprometido, confi\u00e1vel e econ\u00f4mico para voc\u00ea atender \u00e0s suas necessidades de Nembutal.<\/p>\n<p>Acreditamos na import\u00e2ncia de itens de alta qualidade e nos esfor\u00e7amos para oferec\u00ea-los aos nossos clientes. Completaremos imediatamente o seu pedido de compra de comprimidos Nembutal online ao melhor pre\u00e7o. N\u00e3o o deixaremos esperando indefinidamente. Nossa farm\u00e1cia on-line enviar\u00e1 seus produtos prontamente. Nosso sistema de distribui\u00e7\u00e3o \u00e9 discreto e seguro. N\u00e3o deixamos margem para erro. Todos os pedidos s\u00e3o habilmente conclu\u00eddos aqui. Compre imediatamente!<\/p>\n<p>Comprimidos de Nembutal &#8211; Eduque-se sobre seus usos seguros com a ajuda de nossa equipe profissional<\/p>\n<p>Os comprimidos de Nembutal s\u00e3o amplamente prescritos para o tratamento de ins\u00f4nia, seda\u00e7\u00e3o e dist\u00farbios convulsivos. Por um longo per\u00edodo de tempo, fornecemos comprimidos de Nembutal em todo o mundo. Em certos casos, os cirurgi\u00f5es utilizam este medicamento para sedar os pacientes antes de realizar a cirurgia neles. Realizamos testes peri\u00f3dicos nesses comprimidos para garantir sua efic\u00e1cia.<\/p>\n<p>Estamos incluindo um guia de medicamentos com os comprimidos de Nembutal. Isso ajuda nossos clientes a administrar o medicamento corretamente e compreender a dose apropriada com base em seu peso, idade e condi\u00e7\u00e3o m\u00e9dica. Al\u00e9m disso, acreditamos que os comprimidos de Nembutal s\u00e3o a medica\u00e7\u00e3o mais f\u00e1cil e eficaz para pessoas que t\u00eam dificuldade para dormir.<\/p>\n<p>Nossos profissionais est\u00e3o dispon\u00edveis 24 horas por dia para ajud\u00e1-lo a compreender tudo sobre os comprimidos de Nembutal. Nossos comprimidos Nembutal t\u00eam pre\u00e7os razo\u00e1veis. No entanto, voc\u00ea n\u00e3o precisa se preocupar com o custo deste produto. Fa\u00e7a seu pedido imediatamente!<\/p>\n","protected":false},"excerpt":{"rendered":"<p>Como podemos ajud\u00e1-lo a comprar comprimidos de Nembutal Fenobarbital para venda no Reino Unido, Europa Online? A Farm\u00e1cia Nembutal Online est\u00e1 dispon\u00edvel para todas as pessoas em todo o mundo. Voc\u00ea pode entrar em contato conosco a qualquer hora, em qualquer lugar.<\/p>\n<p>Na Farm\u00e1cia Online Nembutal, voc\u00ea pode comprar comprimidos de Nembutal e receb\u00ea-los no endere\u00e7o especificado em poucos dias. Os comprimidos Nembutal devem ser adicionados ao seu carrinho de compras online para concluir a transa\u00e7\u00e3o. V\u00e1 para a se\u00e7\u00e3o de pagamento e pague depois de adicion\u00e1-lo. Voc\u00ea poder\u00e1 fazer seu pedido assim que fizer seu pagamento. Entregaremos seu pedido assim que for recebido em nossa farm\u00e1cia on-line. Fa\u00e7a seu pedido neste momento!<\/p>\n","protected":false},"featured_media":5820,"comment_status":"open","ping_status":"closed","template":"","meta":[],"product_brand":[],"product_cat":[3818],"product_tag":[],"class_list":{"0":"post-5810","1":"product","2":"type-product","3":"status-publish","4":"has-post-thumbnail","6":"product_cat-pentobarbital-a-venda","8":"first","9":"instock","10":"shipping-taxable","11":"purchasable","12":"product-type-variable"},"yoast_head":"<!-- This site is optimized with the Yoast SEO plugin v27.3 - https:\/\/yoast.com\/product\/yoast-seo-wordpress\/ -->\n<title>Compre Nembutal Tablets - Melhores Medicamentos Globais<\/title>\n<meta name=\"description\" content=\"Como podemos ajud\u00e1-lo a comprar comprimidos de Nembutal Fenobarbital para venda no Reino Unido, Europa Online? A Farm\u00e1cia Nembutal Online est\u00e1 dispon\u00edvel para todas as pessoas em todo o mundo. Voc\u00ea pode chegar at\u00e9 n\u00f3s a qualquer hora, em qualquer lugar.\" \/>\n<meta name=\"robots\" content=\"index, follow, max-snippet:-1, max-image-preview:large, max-video-preview:-1\" \/>\n<link rel=\"canonical\" href=\"https:\/\/medicinasinc.com\/pt\/product\/compre-nembutal-comprimidos\/\" \/>\n<meta property=\"og:locale\" content=\"pt_PT\" \/>\n<meta property=\"og:type\" content=\"article\" \/>\n<meta property=\"og:title\" content=\"Compre Nembutal Tablets - Melhores Medicamentos Globais\" \/>\n<meta property=\"og:description\" content=\"Como podemos ajud\u00e1-lo a comprar comprimidos de Nembutal Fenobarbital para venda no Reino Unido, Europa Online? A Farm\u00e1cia Nembutal Online est\u00e1 dispon\u00edvel para todas as pessoas em todo o mundo. Voc\u00ea pode chegar at\u00e9 n\u00f3s a qualquer hora, em qualquer lugar.\" \/>\n<meta property=\"og:url\" content=\"https:\/\/medicinasinc.com\/pt\/product\/compre-nembutal-comprimidos\/\" \/>\n<meta property=\"og:site_name\" content=\"Medicinas Inc\" \/>\n<meta property=\"article:modified_time\" content=\"2022-07-05T22:52:07+00:00\" \/>\n<meta property=\"og:image\" content=\"https:\/\/medicinasinc.com\/pt\/wp-content\/uploads\/sites\/20\/2022\/02\/Buy-Nembutal-Tablets.jpg\" \/>\n\t<meta property=\"og:image:width\" content=\"600\" \/>\n\t<meta property=\"og:image:height\" content=\"600\" \/>\n\t<meta property=\"og:image:type\" content=\"image\/jpeg\" \/>\n<meta name=\"twitter:card\" content=\"summary_large_image\" \/>\n<meta name=\"twitter:label1\" content=\"Tempo estimado de leitura\" \/>\n\t<meta name=\"twitter:data1\" content=\"2 minutos\" \/>\n<script type=\"application\/ld+json\" class=\"yoast-schema-graph\">{\"@context\":\"https:\\\/\\\/schema.org\",\"@graph\":[{\"@type\":\"WebPage\",\"@id\":\"https:\\\/\\\/medicinasinc.com\\\/pt\\\/product\\\/compre-nembutal-comprimidos\\\/\",\"url\":\"https:\\\/\\\/medicinasinc.com\\\/pt\\\/product\\\/compre-nembutal-comprimidos\\\/\",\"name\":\"Compre Nembutal Tablets - Melhores Medicamentos Globais\",\"isPartOf\":{\"@id\":\"https:\\\/\\\/medicinasinc.com\\\/pt\\\/#website\"},\"primaryImageOfPage\":{\"@id\":\"https:\\\/\\\/medicinasinc.com\\\/pt\\\/product\\\/compre-nembutal-comprimidos\\\/#primaryimage\"},\"image\":{\"@id\":\"https:\\\/\\\/medicinasinc.com\\\/pt\\\/product\\\/compre-nembutal-comprimidos\\\/#primaryimage\"},\"thumbnailUrl\":\"https:\\\/\\\/medicinasinc.com\\\/pt\\\/wp-content\\\/uploads\\\/sites\\\/20\\\/2022\\\/02\\\/Buy-Nembutal-Tablets.jpg\",\"datePublished\":\"2022-02-22T06:41:43+00:00\",\"dateModified\":\"2022-07-05T22:52:07+00:00\",\"description\":\"Como podemos ajud\u00e1-lo a comprar comprimidos de Nembutal Fenobarbital para venda no Reino Unido, Europa Online? A Farm\u00e1cia Nembutal Online est\u00e1 dispon\u00edvel para todas as pessoas em todo o mundo. Voc\u00ea pode chegar at\u00e9 n\u00f3s a qualquer hora, em qualquer lugar.\",\"breadcrumb\":{\"@id\":\"https:\\\/\\\/medicinasinc.com\\\/pt\\\/product\\\/compre-nembutal-comprimidos\\\/#breadcrumb\"},\"inLanguage\":\"pt-PT\",\"potentialAction\":[{\"@type\":\"ReadAction\",\"target\":[\"https:\\\/\\\/medicinasinc.com\\\/pt\\\/product\\\/compre-nembutal-comprimidos\\\/\"]}]},{\"@type\":\"ImageObject\",\"inLanguage\":\"pt-PT\",\"@id\":\"https:\\\/\\\/medicinasinc.com\\\/pt\\\/product\\\/compre-nembutal-comprimidos\\\/#primaryimage\",\"url\":\"https:\\\/\\\/medicinasinc.com\\\/pt\\\/wp-content\\\/uploads\\\/sites\\\/20\\\/2022\\\/02\\\/Buy-Nembutal-Tablets.jpg\",\"contentUrl\":\"https:\\\/\\\/medicinasinc.com\\\/pt\\\/wp-content\\\/uploads\\\/sites\\\/20\\\/2022\\\/02\\\/Buy-Nembutal-Tablets.jpg\",\"width\":600,\"height\":600},{\"@type\":\"BreadcrumbList\",\"@id\":\"https:\\\/\\\/medicinasinc.com\\\/pt\\\/product\\\/compre-nembutal-comprimidos\\\/#breadcrumb\",\"itemListElement\":[{\"@type\":\"ListItem\",\"position\":1,\"name\":\"Comprar\",\"item\":\"https:\\\/\\\/medicinasinc.com\\\/pt\\\/comprar\\\/\"},{\"@type\":\"ListItem\",\"position\":2,\"name\":\"Compre comprimidos de Nembutal\"}]},{\"@type\":\"WebSite\",\"@id\":\"https:\\\/\\\/medicinasinc.com\\\/pt\\\/#website\",\"url\":\"https:\\\/\\\/medicinasinc.com\\\/pt\\\/\",\"name\":\"Medicinas Inc\",\"description\":\"Health Medical Clinic\",\"potentialAction\":[{\"@type\":\"SearchAction\",\"target\":{\"@type\":\"EntryPoint\",\"urlTemplate\":\"https:\\\/\\\/medicinasinc.com\\\/pt\\\/?s={search_term_string}\"},\"query-input\":{\"@type\":\"PropertyValueSpecification\",\"valueRequired\":true,\"valueName\":\"search_term_string\"}}],\"inLanguage\":\"pt-PT\"}]}<\/script>\n<!-- \/ Yoast SEO plugin. -->","yoast_head_json":{"title":"Compre Nembutal Tablets - Melhores Medicamentos Globais","description":"Como podemos ajud\u00e1-lo a comprar comprimidos de Nembutal Fenobarbital para venda no Reino Unido, Europa Online? A Farm\u00e1cia Nembutal Online est\u00e1 dispon\u00edvel para todas as pessoas em todo o mundo. Voc\u00ea pode chegar at\u00e9 n\u00f3s a qualquer hora, em qualquer lugar.","robots":{"index":"index","follow":"follow","max-snippet":"max-snippet:-1","max-image-preview":"max-image-preview:large","max-video-preview":"max-video-preview:-1"},"canonical":"https:\/\/medicinasinc.com\/pt\/product\/compre-nembutal-comprimidos\/","og_locale":"pt_PT","og_type":"article","og_title":"Compre Nembutal Tablets - Melhores Medicamentos Globais","og_description":"Como podemos ajud\u00e1-lo a comprar comprimidos de Nembutal Fenobarbital para venda no Reino Unido, Europa Online? A Farm\u00e1cia Nembutal Online est\u00e1 dispon\u00edvel para todas as pessoas em todo o mundo. Voc\u00ea pode chegar at\u00e9 n\u00f3s a qualquer hora, em qualquer lugar.","og_url":"https:\/\/medicinasinc.com\/pt\/product\/compre-nembutal-comprimidos\/","og_site_name":"Medicinas Inc","article_modified_time":"2022-07-05T22:52:07+00:00","og_image":[{"width":600,"height":600,"url":"https:\/\/medicinasinc.com\/pt\/wp-content\/uploads\/sites\/20\/2022\/02\/Buy-Nembutal-Tablets.jpg","type":"image\/jpeg"}],"twitter_card":"summary_large_image","twitter_misc":{"Tempo estimado de leitura":"2 minutos"},"schema":{"@context":"https:\/\/schema.org","@graph":[{"@type":"WebPage","@id":"https:\/\/medicinasinc.com\/pt\/product\/compre-nembutal-comprimidos\/","url":"https:\/\/medicinasinc.com\/pt\/product\/compre-nembutal-comprimidos\/","name":"Compre Nembutal Tablets - Melhores Medicamentos Globais","isPartOf":{"@id":"https:\/\/medicinasinc.com\/pt\/#website"},"primaryImageOfPage":{"@id":"https:\/\/medicinasinc.com\/pt\/product\/compre-nembutal-comprimidos\/#primaryimage"},"image":{"@id":"https:\/\/medicinasinc.com\/pt\/product\/compre-nembutal-comprimidos\/#primaryimage"},"thumbnailUrl":"https:\/\/medicinasinc.com\/pt\/wp-content\/uploads\/sites\/20\/2022\/02\/Buy-Nembutal-Tablets.jpg","datePublished":"2022-02-22T06:41:43+00:00","dateModified":"2022-07-05T22:52:07+00:00","description":"Como podemos ajud\u00e1-lo a comprar comprimidos de Nembutal Fenobarbital para venda no Reino Unido, Europa Online? A Farm\u00e1cia Nembutal Online est\u00e1 dispon\u00edvel para todas as pessoas em todo o mundo. Voc\u00ea pode chegar at\u00e9 n\u00f3s a qualquer hora, em qualquer lugar.","breadcrumb":{"@id":"https:\/\/medicinasinc.com\/pt\/product\/compre-nembutal-comprimidos\/#breadcrumb"},"inLanguage":"pt-PT","potentialAction":[{"@type":"ReadAction","target":["https:\/\/medicinasinc.com\/pt\/product\/compre-nembutal-comprimidos\/"]}]},{"@type":"ImageObject","inLanguage":"pt-PT","@id":"https:\/\/medicinasinc.com\/pt\/product\/compre-nembutal-comprimidos\/#primaryimage","url":"https:\/\/medicinasinc.com\/pt\/wp-content\/uploads\/sites\/20\/2022\/02\/Buy-Nembutal-Tablets.jpg","contentUrl":"https:\/\/medicinasinc.com\/pt\/wp-content\/uploads\/sites\/20\/2022\/02\/Buy-Nembutal-Tablets.jpg","width":600,"height":600},{"@type":"BreadcrumbList","@id":"https:\/\/medicinasinc.com\/pt\/product\/compre-nembutal-comprimidos\/#breadcrumb","itemListElement":[{"@type":"ListItem","position":1,"name":"Comprar","item":"https:\/\/medicinasinc.com\/pt\/comprar\/"},{"@type":"ListItem","position":2,"name":"Compre comprimidos de Nembutal"}]},{"@type":"WebSite","@id":"https:\/\/medicinasinc.com\/pt\/#website","url":"https:\/\/medicinasinc.com\/pt\/","name":"Medicinas Inc","description":"Health Medical Clinic","potentialAction":[{"@type":"SearchAction","target":{"@type":"EntryPoint","urlTemplate":"https:\/\/medicinasinc.com\/pt\/?s={search_term_string}"},"query-input":{"@type":"PropertyValueSpecification","valueRequired":true,"valueName":"search_term_string"}}],"inLanguage":"pt-PT"}]}},"_links":{"self":[{"href":"https:\/\/medicinasinc.com\/pt\/wp-json\/wp\/v2\/product\/5810","targetHints":{"allow":["GET"]}}],"collection":[{"href":"https:\/\/medicinasinc.com\/pt\/wp-json\/wp\/v2\/product"}],"about":[{"href":"https:\/\/medicinasinc.com\/pt\/wp-json\/wp\/v2\/types\/product"}],"replies":[{"embeddable":true,"href":"https:\/\/medicinasinc.com\/pt\/wp-json\/wp\/v2\/comments?post=5810"}],"wp:featuredmedia":[{"embeddable":true,"href":"https:\/\/medicinasinc.com\/pt\/wp-json\/wp\/v2\/media\/5820"}],"wp:attachment":[{"href":"https:\/\/medicinasinc.com\/pt\/wp-json\/wp\/v2\/media?parent=5810"}],"wp:term":[{"taxonomy":"product_brand","embeddable":true,"href":"https:\/\/medicinasinc.com\/pt\/wp-json\/wp\/v2\/product_brand?post=5810"},{"taxonomy":"product_cat","embeddable":true,"href":"https:\/\/medicinasinc.com\/pt\/wp-json\/wp\/v2\/product_cat?post=5810"},{"taxonomy":"product_tag","embeddable":true,"href":"https:\/\/medicinasinc.com\/pt\/wp-json\/wp\/v2\/product_tag?post=5810"}],"curies":[{"name":"wp","href":"https:\/\/api.w.org\/{rel}","templated":true}]}}