{"id":5804,"date":"2022-02-22T06:35:00","date_gmt":"2022-02-22T06:35:00","guid":{"rendered":"https:\/\/medicinasinc.com\/pt\/?post_type=product&#038;p=5804"},"modified":"2022-07-05T22:52:25","modified_gmt":"2022-07-05T22:52:25","slug":"comprar-pentobarbital-sodio-online","status":"publish","type":"product","link":"https:\/\/medicinasinc.com\/pt\/product\/comprar-pentobarbital-sodio-online\/","title":{"rendered":"Compre Pentobarbital S\u00f3dico Online"},"content":{"rendered":"<p>Compre Pentobarbital S\u00f3dico online.<\/p>\n<p>Uma inje\u00e7\u00e3o intravenosa ou intramuscular de Solu\u00e7\u00e3o de S\u00f3dio NEMBUTAL (inje\u00e7\u00e3o de pentobarbital s\u00f3dico) \u00e9 segura e f\u00e1cil usando esta solu\u00e7\u00e3o est\u00e9ril. Para inje\u00e7\u00e3o, cada mililitro compreende 50 miligramas de pentobarbital s\u00f3dico dissolvido em propilenoglicol 40%, etanol 10% e \u00e1gua. Com \u00e1cido clor\u00eddrico ou hidr\u00f3xido de s\u00f3dio, o pH pode ser aumentado para 9,5. Pode ser injetado no m\u00fasculo ou na veia do paciente. Compra online de pentobarbital s\u00f3dico para a eutan\u00e1sia de animais, pentobarbital s\u00f3dico para eutan\u00e1sia animal, pentobarbital s\u00f3dico grupo, pentobarbital s\u00f3dico l\u00edquido.<\/p>\n<p>Na Best Global Meds, agora voc\u00ea pode comprar pentobarbital s\u00f3dico online. Encomende a inje\u00e7\u00e3o de s\u00f3dio de pentobarbital online e receba-a \u00e0 sua porta no prazo determinado.. Por favor, entre em contato conosco imediatamente! Pentobarbital s\u00f3dico para eutan\u00e1sia animal, Pentobarbital s\u00f3dico l\u00edquido<\/p>\n<p>Pentobarbital: o que \u00e9 e como \u00e9 usado?<\/p>\n<p>O uso a curto prazo de pentobarbital, um barbit\u00farico, \u00e9 usado para tratar a ins\u00f4nia. Para colocar os pacientes para dormir para a cirurgia, o pentobarbital tamb\u00e9m pode ser usado como terapia de emerg\u00eancia. A compra online de pentobarbital s\u00f3dico, pentobarbital s\u00f3dico para eutan\u00e1sia animal e pentobarbital s\u00f3dico<\/p>\n<p>O pentobarbital s\u00f3dico pode causar parada respirat\u00f3ria em altas doses, levando \u00e0 morte. Alguns estados e o governo federal dos Estados Unidos o empregam para a execu\u00e7\u00e3o de criminosos, bem como para a eutan\u00e1sia de animais. Compre Pentobarbital S\u00f3dio online.<\/p>\n<p>Quando administrado em quantidades letais, o pentobarbital \u00e9 letal. A eutan\u00e1sia animal e humana pode ser realizada com esta droga. Em inje\u00e7\u00f5es de eutan\u00e1sia em animais comerciais, ele pode ser usado sozinho ou em conjunto com outras drogas, como a fenito\u00edna.<\/p>\n<p>Eutan\u00e1sia com pentobarbital<\/p>\n<p>Um dos barbit\u00faricos mais usados \u200b\u200bpara anestesia e eutan\u00e1sia na \u00e1rea veterin\u00e1ria \u00e9 o pentobarbital (Nembutal). Se voc\u00ea deseja morrer em paz, esta \u00e9 uma excelente op\u00e7\u00e3o para eutan\u00e1sia ou suic\u00eddio assistido. Compre Pentobarbital S\u00f3dico online.<\/p>\n<p>O Pentobarbital S\u00f3dico \u00e9 administrado de que maneira?<br \/> O Pentobarbital \u00e9 um sedativo que pode ser administrado por via intravenosa ou intraperitoneal. O pentobarbital pode ser administrado em bolus (Borkowski et al., 1990) ou CRI quando usado como anest\u00e9sico geral. Desconforto de inje\u00e7\u00e3o e tromboflebite s\u00e3o poss\u00edveis efeitos colaterais do propilenoglicol, um ingrediente frequente em tratamentos comerciais. Compre Pentobarbital S\u00f3dico online.<\/p>\n<p>&nbsp;<\/p>\n<p>Comprar pentobarbital s\u00f3dico no Reino Unido, obter pentobarbital s\u00f3dico para c\u00e3es, obter p\u00edlulas para dormir contendo pentobarbital s\u00f3dico, obter nembutal s\u00f3dico pentobarbital e obter pentobarbital s\u00f3dico ao balc\u00e3o s\u00e3o todas as op\u00e7\u00f5es poss\u00edveis. A compra de pentobarbital de s\u00f3dio no Reino Unido tamb\u00e9m \u00e9 uma op\u00e7\u00e3o. O uso do medicamento pentobarbital, tamb\u00e9m conhecido como sal de pentobarbital, \u00e9 um sedativo usado para tratar convuls\u00f5es em c\u00e3es. Pentobarbital Sodium Online, Pentobarbital Sodium Buy, Pentobarbital Sodium China, Pentobarbital Sodium Death, Pentobarbital Sodium Dosage, Pentobarbital Sodium Injection for Dogs, Pentobarbital Sodium Injection for Humans, Pentobarbital Sodium Group, Pentobarbital Sodium Injection for Dogs, Pentobarbital Sodium Injection for Humans, Pentobarb<\/p>\n","protected":false},"excerpt":{"rendered":"<p>Nembutal Pentobarbital \u00e0 venda no Reino Unido, Europa on-line com os melhores pre\u00e7os s\u00f3 pode ser encontrado na Farm\u00e1cia Nembutal Online.<\/p>\n<p>Para uso intravenoso ou intramuscular, a inje\u00e7\u00e3o de pentobarbital s\u00f3dico \u00e9 est\u00e9ril. Para inje\u00e7\u00e3o, cada mililitro compreende 50 miligramas de pentobarbital s\u00f3dico dissolvido em propilenoglicol 40%, etanol 10% e \u00e1gua. Com \u00e1cido clor\u00eddrico ou hidr\u00f3xido de s\u00f3dio, o pH pode ser aumentado para 9,5.<\/p>\n","protected":false},"featured_media":5814,"comment_status":"open","ping_status":"closed","template":"","meta":[],"product_brand":[],"product_cat":[3818],"product_tag":[],"class_list":{"0":"post-5804","1":"product","2":"type-product","3":"status-publish","4":"has-post-thumbnail","6":"product_cat-pentobarbital-a-venda","8":"first","9":"instock","10":"shipping-taxable","11":"purchasable","12":"product-type-variable"},"yoast_head":"<!-- This site is optimized with the Yoast SEO plugin v27.3 - https:\/\/yoast.com\/product\/yoast-seo-wordpress\/ -->\n<title>Compre Pentobarbital S\u00f3dio Online - Melhores Medicamentos Globais<\/title>\n<meta name=\"description\" content=\"A Farm\u00e1cia Nembutal Online \u00e9 o \u00fanico destino confi\u00e1vel de onde voc\u00ea pode comprar Nembutal Pentobarbital para venda no Reino Unido, Europa online com os melhores pre\u00e7os dispon\u00edveis.\" \/>\n<meta name=\"robots\" content=\"index, follow, max-snippet:-1, max-image-preview:large, max-video-preview:-1\" \/>\n<link rel=\"canonical\" href=\"https:\/\/medicinasinc.com\/pt\/product\/comprar-pentobarbital-sodio-online\/\" \/>\n<meta property=\"og:locale\" content=\"pt_PT\" \/>\n<meta property=\"og:type\" content=\"article\" \/>\n<meta property=\"og:title\" content=\"Compre Pentobarbital S\u00f3dio Online - Melhores Medicamentos Globais\" \/>\n<meta property=\"og:description\" content=\"A Farm\u00e1cia Nembutal Online \u00e9 o \u00fanico destino confi\u00e1vel de onde voc\u00ea pode comprar Nembutal Pentobarbital para venda no Reino Unido, Europa online com os melhores pre\u00e7os dispon\u00edveis.\" \/>\n<meta property=\"og:url\" content=\"https:\/\/medicinasinc.com\/pt\/product\/comprar-pentobarbital-sodio-online\/\" \/>\n<meta property=\"og:site_name\" content=\"Medicinas Inc\" \/>\n<meta property=\"article:modified_time\" content=\"2022-07-05T22:52:25+00:00\" \/>\n<meta property=\"og:image\" content=\"https:\/\/medicinasinc.com\/pt\/wp-content\/uploads\/sites\/20\/2022\/02\/buy-Nembutal-Pentobarbital.jpg\" \/>\n\t<meta property=\"og:image:width\" content=\"600\" \/>\n\t<meta property=\"og:image:height\" content=\"600\" \/>\n\t<meta property=\"og:image:type\" content=\"image\/jpeg\" \/>\n<meta name=\"twitter:card\" content=\"summary_large_image\" \/>\n<meta name=\"twitter:label1\" content=\"Tempo estimado de leitura\" \/>\n\t<meta name=\"twitter:data1\" content=\"3 minutos\" \/>\n<script type=\"application\/ld+json\" class=\"yoast-schema-graph\">{\"@context\":\"https:\\\/\\\/schema.org\",\"@graph\":[{\"@type\":\"WebPage\",\"@id\":\"https:\\\/\\\/medicinasinc.com\\\/pt\\\/product\\\/comprar-pentobarbital-sodio-online\\\/\",\"url\":\"https:\\\/\\\/medicinasinc.com\\\/pt\\\/product\\\/comprar-pentobarbital-sodio-online\\\/\",\"name\":\"Compre Pentobarbital S\u00f3dio Online - Melhores Medicamentos Globais\",\"isPartOf\":{\"@id\":\"https:\\\/\\\/medicinasinc.com\\\/pt\\\/#website\"},\"primaryImageOfPage\":{\"@id\":\"https:\\\/\\\/medicinasinc.com\\\/pt\\\/product\\\/comprar-pentobarbital-sodio-online\\\/#primaryimage\"},\"image\":{\"@id\":\"https:\\\/\\\/medicinasinc.com\\\/pt\\\/product\\\/comprar-pentobarbital-sodio-online\\\/#primaryimage\"},\"thumbnailUrl\":\"https:\\\/\\\/medicinasinc.com\\\/pt\\\/wp-content\\\/uploads\\\/sites\\\/20\\\/2022\\\/02\\\/buy-Nembutal-Pentobarbital.jpg\",\"datePublished\":\"2022-02-22T06:35:00+00:00\",\"dateModified\":\"2022-07-05T22:52:25+00:00\",\"description\":\"A Farm\u00e1cia Nembutal Online \u00e9 o \u00fanico destino confi\u00e1vel de onde voc\u00ea pode comprar Nembutal Pentobarbital para venda no Reino Unido, Europa online com os melhores pre\u00e7os dispon\u00edveis.\",\"breadcrumb\":{\"@id\":\"https:\\\/\\\/medicinasinc.com\\\/pt\\\/product\\\/comprar-pentobarbital-sodio-online\\\/#breadcrumb\"},\"inLanguage\":\"pt-PT\",\"potentialAction\":[{\"@type\":\"ReadAction\",\"target\":[\"https:\\\/\\\/medicinasinc.com\\\/pt\\\/product\\\/comprar-pentobarbital-sodio-online\\\/\"]}]},{\"@type\":\"ImageObject\",\"inLanguage\":\"pt-PT\",\"@id\":\"https:\\\/\\\/medicinasinc.com\\\/pt\\\/product\\\/comprar-pentobarbital-sodio-online\\\/#primaryimage\",\"url\":\"https:\\\/\\\/medicinasinc.com\\\/pt\\\/wp-content\\\/uploads\\\/sites\\\/20\\\/2022\\\/02\\\/buy-Nembutal-Pentobarbital.jpg\",\"contentUrl\":\"https:\\\/\\\/medicinasinc.com\\\/pt\\\/wp-content\\\/uploads\\\/sites\\\/20\\\/2022\\\/02\\\/buy-Nembutal-Pentobarbital.jpg\",\"width\":600,\"height\":600,\"caption\":\"Buy Nembutal Online\"},{\"@type\":\"BreadcrumbList\",\"@id\":\"https:\\\/\\\/medicinasinc.com\\\/pt\\\/product\\\/comprar-pentobarbital-sodio-online\\\/#breadcrumb\",\"itemListElement\":[{\"@type\":\"ListItem\",\"position\":1,\"name\":\"Comprar\",\"item\":\"https:\\\/\\\/medicinasinc.com\\\/pt\\\/comprar\\\/\"},{\"@type\":\"ListItem\",\"position\":2,\"name\":\"Compre Pentobarbital S\u00f3dico Online\"}]},{\"@type\":\"WebSite\",\"@id\":\"https:\\\/\\\/medicinasinc.com\\\/pt\\\/#website\",\"url\":\"https:\\\/\\\/medicinasinc.com\\\/pt\\\/\",\"name\":\"Medicinas Inc\",\"description\":\"Health Medical Clinic\",\"potentialAction\":[{\"@type\":\"SearchAction\",\"target\":{\"@type\":\"EntryPoint\",\"urlTemplate\":\"https:\\\/\\\/medicinasinc.com\\\/pt\\\/?s={search_term_string}\"},\"query-input\":{\"@type\":\"PropertyValueSpecification\",\"valueRequired\":true,\"valueName\":\"search_term_string\"}}],\"inLanguage\":\"pt-PT\"}]}<\/script>\n<!-- \/ Yoast SEO plugin. -->","yoast_head_json":{"title":"Compre Pentobarbital S\u00f3dio Online - Melhores Medicamentos Globais","description":"A Farm\u00e1cia Nembutal Online \u00e9 o \u00fanico destino confi\u00e1vel de onde voc\u00ea pode comprar Nembutal Pentobarbital para venda no Reino Unido, Europa online com os melhores pre\u00e7os dispon\u00edveis.","robots":{"index":"index","follow":"follow","max-snippet":"max-snippet:-1","max-image-preview":"max-image-preview:large","max-video-preview":"max-video-preview:-1"},"canonical":"https:\/\/medicinasinc.com\/pt\/product\/comprar-pentobarbital-sodio-online\/","og_locale":"pt_PT","og_type":"article","og_title":"Compre Pentobarbital S\u00f3dio Online - Melhores Medicamentos Globais","og_description":"A Farm\u00e1cia Nembutal Online \u00e9 o \u00fanico destino confi\u00e1vel de onde voc\u00ea pode comprar Nembutal Pentobarbital para venda no Reino Unido, Europa online com os melhores pre\u00e7os dispon\u00edveis.","og_url":"https:\/\/medicinasinc.com\/pt\/product\/comprar-pentobarbital-sodio-online\/","og_site_name":"Medicinas Inc","article_modified_time":"2022-07-05T22:52:25+00:00","og_image":[{"width":600,"height":600,"url":"https:\/\/medicinasinc.com\/pt\/wp-content\/uploads\/sites\/20\/2022\/02\/buy-Nembutal-Pentobarbital.jpg","type":"image\/jpeg"}],"twitter_card":"summary_large_image","twitter_misc":{"Tempo estimado de leitura":"3 minutos"},"schema":{"@context":"https:\/\/schema.org","@graph":[{"@type":"WebPage","@id":"https:\/\/medicinasinc.com\/pt\/product\/comprar-pentobarbital-sodio-online\/","url":"https:\/\/medicinasinc.com\/pt\/product\/comprar-pentobarbital-sodio-online\/","name":"Compre Pentobarbital S\u00f3dio Online - Melhores Medicamentos Globais","isPartOf":{"@id":"https:\/\/medicinasinc.com\/pt\/#website"},"primaryImageOfPage":{"@id":"https:\/\/medicinasinc.com\/pt\/product\/comprar-pentobarbital-sodio-online\/#primaryimage"},"image":{"@id":"https:\/\/medicinasinc.com\/pt\/product\/comprar-pentobarbital-sodio-online\/#primaryimage"},"thumbnailUrl":"https:\/\/medicinasinc.com\/pt\/wp-content\/uploads\/sites\/20\/2022\/02\/buy-Nembutal-Pentobarbital.jpg","datePublished":"2022-02-22T06:35:00+00:00","dateModified":"2022-07-05T22:52:25+00:00","description":"A Farm\u00e1cia Nembutal Online \u00e9 o \u00fanico destino confi\u00e1vel de onde voc\u00ea pode comprar Nembutal Pentobarbital para venda no Reino Unido, Europa online com os melhores pre\u00e7os dispon\u00edveis.","breadcrumb":{"@id":"https:\/\/medicinasinc.com\/pt\/product\/comprar-pentobarbital-sodio-online\/#breadcrumb"},"inLanguage":"pt-PT","potentialAction":[{"@type":"ReadAction","target":["https:\/\/medicinasinc.com\/pt\/product\/comprar-pentobarbital-sodio-online\/"]}]},{"@type":"ImageObject","inLanguage":"pt-PT","@id":"https:\/\/medicinasinc.com\/pt\/product\/comprar-pentobarbital-sodio-online\/#primaryimage","url":"https:\/\/medicinasinc.com\/pt\/wp-content\/uploads\/sites\/20\/2022\/02\/buy-Nembutal-Pentobarbital.jpg","contentUrl":"https:\/\/medicinasinc.com\/pt\/wp-content\/uploads\/sites\/20\/2022\/02\/buy-Nembutal-Pentobarbital.jpg","width":600,"height":600,"caption":"Buy Nembutal Online"},{"@type":"BreadcrumbList","@id":"https:\/\/medicinasinc.com\/pt\/product\/comprar-pentobarbital-sodio-online\/#breadcrumb","itemListElement":[{"@type":"ListItem","position":1,"name":"Comprar","item":"https:\/\/medicinasinc.com\/pt\/comprar\/"},{"@type":"ListItem","position":2,"name":"Compre Pentobarbital S\u00f3dico Online"}]},{"@type":"WebSite","@id":"https:\/\/medicinasinc.com\/pt\/#website","url":"https:\/\/medicinasinc.com\/pt\/","name":"Medicinas Inc","description":"Health Medical Clinic","potentialAction":[{"@type":"SearchAction","target":{"@type":"EntryPoint","urlTemplate":"https:\/\/medicinasinc.com\/pt\/?s={search_term_string}"},"query-input":{"@type":"PropertyValueSpecification","valueRequired":true,"valueName":"search_term_string"}}],"inLanguage":"pt-PT"}]}},"_links":{"self":[{"href":"https:\/\/medicinasinc.com\/pt\/wp-json\/wp\/v2\/product\/5804","targetHints":{"allow":["GET"]}}],"collection":[{"href":"https:\/\/medicinasinc.com\/pt\/wp-json\/wp\/v2\/product"}],"about":[{"href":"https:\/\/medicinasinc.com\/pt\/wp-json\/wp\/v2\/types\/product"}],"replies":[{"embeddable":true,"href":"https:\/\/medicinasinc.com\/pt\/wp-json\/wp\/v2\/comments?post=5804"}],"wp:featuredmedia":[{"embeddable":true,"href":"https:\/\/medicinasinc.com\/pt\/wp-json\/wp\/v2\/media\/5814"}],"wp:attachment":[{"href":"https:\/\/medicinasinc.com\/pt\/wp-json\/wp\/v2\/media?parent=5804"}],"wp:term":[{"taxonomy":"product_brand","embeddable":true,"href":"https:\/\/medicinasinc.com\/pt\/wp-json\/wp\/v2\/product_brand?post=5804"},{"taxonomy":"product_cat","embeddable":true,"href":"https:\/\/medicinasinc.com\/pt\/wp-json\/wp\/v2\/product_cat?post=5804"},{"taxonomy":"product_tag","embeddable":true,"href":"https:\/\/medicinasinc.com\/pt\/wp-json\/wp\/v2\/product_tag?post=5804"}],"curies":[{"name":"wp","href":"https:\/\/api.w.org\/{rel}","templated":true}]}}