{"id":5798,"date":"2022-02-22T06:27:38","date_gmt":"2022-02-22T06:27:38","guid":{"rendered":"https:\/\/medicinasinc.com\/pt\/?post_type=product&#038;p=5798"},"modified":"2022-07-05T22:52:46","modified_gmt":"2022-07-05T22:52:46","slug":"comprar-fenobarbital-fenobarbital-luminal","status":"publish","type":"product","link":"https:\/\/medicinasinc.com\/pt\/product\/comprar-fenobarbital-fenobarbital-luminal\/","title":{"rendered":"Compre Fenobarbital (fenobarbital) \/ Luminal"},"content":{"rendered":"<p>Compre barato fenobarbital Luminal Fenobarbital Luminal on-line de uma farm\u00e1cia respeit\u00e1vel pelo melhor pre\u00e7o<\/p>\n<p>Usar uma farm\u00e1cia on-line como a Nembutal Pharmacy \u00e9 uma maneira conveniente para os consumidores obterem suas prescri\u00e7\u00f5es e medicamentos. O Fenobarbital Luminal online pode ser adquirido em nosso site a qualquer momento, ent\u00e3o n\u00e3o perca. Aqui, voc\u00ea pode comprar este medicamento a um pre\u00e7o razo\u00e1vel.<\/p>\n<p>Com nossa farm\u00e1cia on-line, voc\u00ea pode ter certeza de que sempre obter\u00e1 medicamentos de alta qualidade. Os clientes podem esperar que suas prescri\u00e7\u00f5es cheguem a tempo nesta farm\u00e1cia. N\u00e3o toleramos nenhum tipo de lentid\u00e3o em nosso trabalho e conclu\u00edmos todas as tarefas rapidamente. Conecte-se conosco imediatamente para encomendar Fenobarbital Luminal on-line ao melhor pre\u00e7o e receba-o rapidamente se estiver procurando por uma farm\u00e1cia on-line como a nossa!<\/p>\n<p>Luminal Fenobarbital: o que podemos fazer para garantir que voc\u00ea o use Com seguran\u00e7a?<\/p>\n<p>O fenobarbital Luminal \u00e9 um medicamento bem estabelecido para o tratamento de crises epil\u00e9pticas. Voc\u00ea tamb\u00e9m pode tomar este medicamento para tratar ansiedade, ins\u00f4nia e outras condi\u00e7\u00f5es. Antes de tomar este medicamento, voc\u00ea deve consultar o seu m\u00e9dico. Fenobarbital Luminal deve ser iniciado somente ap\u00f3s uma discuss\u00e3o completa com seu m\u00e9dico.<\/p>\n<p>A cada pedido, nossa farm\u00e1cia on-line fornece um guia detalhado de medicamentos. Por isso, voc\u00ea pode seguir com seguran\u00e7a as instru\u00e7\u00f5es do medicamento e utiliz\u00e1-lo. Estamos aqui para simplificar ao m\u00e1ximo o pedido de Fenobarbital Luminal online. Aproveite os benef\u00edcios deste medicamento entrando em contato conosco imediatamente. Estamos aqui para ajud\u00e1-lo o tempo todo.<\/p>\n","protected":false},"excerpt":{"rendered":"<p>Qual \u200b\u200bfarm\u00e1cia on-line oferece o Fenobarbital Luminal mais barato?<\/p>\n<p>Nossa farm\u00e1cia on-line est\u00e1 atualmente vendendo p\u00edlulas Fenobarbital Luminal. Fenobarbital Luminal para pedidos de venda s\u00e3o processados \u200b\u200bo mais r\u00e1pido poss\u00edvel. Basta entrar em contato conosco hoje e enviaremos seu medicamento para voc\u00ea o mais r\u00e1pido poss\u00edvel. Agora \u00e9 a hora de se conectar!<\/p>\n","protected":false},"featured_media":5808,"comment_status":"open","ping_status":"closed","template":"","meta":[],"product_brand":[],"product_cat":[3818],"product_tag":[3967,3956,3960,3961,3955,3966,3962,3958,3964,3968,3970,3971,3965,3957,3969,3963,3959],"class_list":{"0":"post-5798","1":"product","2":"type-product","3":"status-publish","4":"has-post-thumbnail","6":"product_cat-pentobarbital-a-venda","7":"product_tag-fenobarbital-efeitos-colaterais-ces","8":"product_tag-custo-de-fenobarbital-para-ces","9":"product_tag-dosagem-de-fenobarbital","10":"product_tag-doses-de-fenobarbital","11":"product_tag-efeito-colateral-do-barbitrico","12":"product_tag-efeitos-colaterais-do-fenobarbital","13":"product_tag-dosagem-de-fenobarbital-para-ces","14":"product_tag-fenobarbital-marca-nome","15":"product_tag-nvel-de-fenobarbital","16":"product_tag-nvel-de-fenobarbitona","17":"product_tag-o-que--fenobarbital","18":"product_tag-o-que--po-em-termos-mdicos","19":"product_tag-overdose-de-fenobarbital","20":"product_tag-fenobarbo-overdose","21":"product_tag-para-que-serve-o-fenobarbo","22":"product_tag-phenobarbital-for-dogs-side-effects","23":"product_tag-substncia-controlado-por-fenobarbital","25":"first","26":"instock","27":"shipping-taxable","28":"purchasable","29":"product-type-variable"},"yoast_head":"<!-- This site is optimized with the Yoast SEO plugin v27.3 - https:\/\/yoast.com\/product\/yoast-seo-wordpress\/ -->\n<title>Compre Fenobarbital (Fenobarbital) \/ Luminal - Melhores Medicamentos Globais<\/title>\n<meta name=\"description\" content=\"J\u00e1 pode comprar os comprimidos de Fenobarbital Luminal na Farm\u00e1cia Nembutal Online. O seu pedido para venda \u00e0 Fenobarbital Luminal ser\u00e1 conclu\u00eddo no menor tempo poss\u00edvel. Tudo o que voc\u00ea precisa fazer \u00e9 nos ligar, enviar uma mensagem de texto ou e-mail hoje e receber seus medicamentos em breve. Conecte agora!\" \/>\n<meta name=\"robots\" content=\"index, follow, max-snippet:-1, max-image-preview:large, max-video-preview:-1\" \/>\n<link rel=\"canonical\" href=\"https:\/\/medicinasinc.com\/pt\/product\/comprar-fenobarbital-fenobarbital-luminal\/\" \/>\n<meta property=\"og:locale\" content=\"pt_PT\" \/>\n<meta property=\"og:type\" content=\"article\" \/>\n<meta property=\"og:title\" content=\"Compre Fenobarbital (Fenobarbital) \/ Luminal - Melhores Medicamentos Globais\" \/>\n<meta property=\"og:description\" content=\"J\u00e1 pode comprar os comprimidos de Fenobarbital Luminal na Farm\u00e1cia Nembutal Online. O seu pedido para venda \u00e0 Fenobarbital Luminal ser\u00e1 conclu\u00eddo no menor tempo poss\u00edvel. Tudo o que voc\u00ea precisa fazer \u00e9 nos ligar, enviar uma mensagem de texto ou e-mail hoje e receber seus medicamentos em breve. Conecte agora!\" \/>\n<meta property=\"og:url\" content=\"https:\/\/medicinasinc.com\/pt\/product\/comprar-fenobarbital-fenobarbital-luminal\/\" \/>\n<meta property=\"og:site_name\" content=\"Medicinas Inc\" \/>\n<meta property=\"article:modified_time\" content=\"2022-07-05T22:52:46+00:00\" \/>\n<meta property=\"og:image\" content=\"https:\/\/medicinasinc.com\/pt\/wp-content\/uploads\/sites\/20\/2022\/02\/Buy-Phenobarbital-Tablets.jpg\" \/>\n\t<meta property=\"og:image:width\" content=\"600\" \/>\n\t<meta property=\"og:image:height\" content=\"600\" \/>\n\t<meta property=\"og:image:type\" content=\"image\/jpeg\" \/>\n<meta name=\"twitter:card\" content=\"summary_large_image\" \/>\n<meta name=\"twitter:label1\" content=\"Tempo estimado de leitura\" \/>\n\t<meta name=\"twitter:data1\" content=\"2 minutos\" \/>\n<script type=\"application\/ld+json\" class=\"yoast-schema-graph\">{\"@context\":\"https:\\\/\\\/schema.org\",\"@graph\":[{\"@type\":\"WebPage\",\"@id\":\"https:\\\/\\\/medicinasinc.com\\\/pt\\\/product\\\/comprar-fenobarbital-fenobarbital-luminal\\\/\",\"url\":\"https:\\\/\\\/medicinasinc.com\\\/pt\\\/product\\\/comprar-fenobarbital-fenobarbital-luminal\\\/\",\"name\":\"Compre Fenobarbital (Fenobarbital) \\\/ Luminal - Melhores Medicamentos Globais\",\"isPartOf\":{\"@id\":\"https:\\\/\\\/medicinasinc.com\\\/pt\\\/#website\"},\"primaryImageOfPage\":{\"@id\":\"https:\\\/\\\/medicinasinc.com\\\/pt\\\/product\\\/comprar-fenobarbital-fenobarbital-luminal\\\/#primaryimage\"},\"image\":{\"@id\":\"https:\\\/\\\/medicinasinc.com\\\/pt\\\/product\\\/comprar-fenobarbital-fenobarbital-luminal\\\/#primaryimage\"},\"thumbnailUrl\":\"https:\\\/\\\/medicinasinc.com\\\/pt\\\/wp-content\\\/uploads\\\/sites\\\/20\\\/2022\\\/02\\\/Buy-Phenobarbital-Tablets.jpg\",\"datePublished\":\"2022-02-22T06:27:38+00:00\",\"dateModified\":\"2022-07-05T22:52:46+00:00\",\"description\":\"J\u00e1 pode comprar os comprimidos de Fenobarbital Luminal na Farm\u00e1cia Nembutal Online. O seu pedido para venda \u00e0 Fenobarbital Luminal ser\u00e1 conclu\u00eddo no menor tempo poss\u00edvel. Tudo o que voc\u00ea precisa fazer \u00e9 nos ligar, enviar uma mensagem de texto ou e-mail hoje e receber seus medicamentos em breve. Conecte agora!\",\"breadcrumb\":{\"@id\":\"https:\\\/\\\/medicinasinc.com\\\/pt\\\/product\\\/comprar-fenobarbital-fenobarbital-luminal\\\/#breadcrumb\"},\"inLanguage\":\"pt-PT\",\"potentialAction\":[{\"@type\":\"ReadAction\",\"target\":[\"https:\\\/\\\/medicinasinc.com\\\/pt\\\/product\\\/comprar-fenobarbital-fenobarbital-luminal\\\/\"]}]},{\"@type\":\"ImageObject\",\"inLanguage\":\"pt-PT\",\"@id\":\"https:\\\/\\\/medicinasinc.com\\\/pt\\\/product\\\/comprar-fenobarbital-fenobarbital-luminal\\\/#primaryimage\",\"url\":\"https:\\\/\\\/medicinasinc.com\\\/pt\\\/wp-content\\\/uploads\\\/sites\\\/20\\\/2022\\\/02\\\/Buy-Phenobarbital-Tablets.jpg\",\"contentUrl\":\"https:\\\/\\\/medicinasinc.com\\\/pt\\\/wp-content\\\/uploads\\\/sites\\\/20\\\/2022\\\/02\\\/Buy-Phenobarbital-Tablets.jpg\",\"width\":600,\"height\":600},{\"@type\":\"BreadcrumbList\",\"@id\":\"https:\\\/\\\/medicinasinc.com\\\/pt\\\/product\\\/comprar-fenobarbital-fenobarbital-luminal\\\/#breadcrumb\",\"itemListElement\":[{\"@type\":\"ListItem\",\"position\":1,\"name\":\"Comprar\",\"item\":\"https:\\\/\\\/medicinasinc.com\\\/pt\\\/comprar\\\/\"},{\"@type\":\"ListItem\",\"position\":2,\"name\":\"Compre Fenobarbital (fenobarbital) \\\/ Luminal\"}]},{\"@type\":\"WebSite\",\"@id\":\"https:\\\/\\\/medicinasinc.com\\\/pt\\\/#website\",\"url\":\"https:\\\/\\\/medicinasinc.com\\\/pt\\\/\",\"name\":\"Medicinas Inc\",\"description\":\"Health Medical Clinic\",\"potentialAction\":[{\"@type\":\"SearchAction\",\"target\":{\"@type\":\"EntryPoint\",\"urlTemplate\":\"https:\\\/\\\/medicinasinc.com\\\/pt\\\/?s={search_term_string}\"},\"query-input\":{\"@type\":\"PropertyValueSpecification\",\"valueRequired\":true,\"valueName\":\"search_term_string\"}}],\"inLanguage\":\"pt-PT\"}]}<\/script>\n<!-- \/ Yoast SEO plugin. -->","yoast_head_json":{"title":"Compre Fenobarbital (Fenobarbital) \/ Luminal - Melhores Medicamentos Globais","description":"J\u00e1 pode comprar os comprimidos de Fenobarbital Luminal na Farm\u00e1cia Nembutal Online. O seu pedido para venda \u00e0 Fenobarbital Luminal ser\u00e1 conclu\u00eddo no menor tempo poss\u00edvel. Tudo o que voc\u00ea precisa fazer \u00e9 nos ligar, enviar uma mensagem de texto ou e-mail hoje e receber seus medicamentos em breve. Conecte agora!","robots":{"index":"index","follow":"follow","max-snippet":"max-snippet:-1","max-image-preview":"max-image-preview:large","max-video-preview":"max-video-preview:-1"},"canonical":"https:\/\/medicinasinc.com\/pt\/product\/comprar-fenobarbital-fenobarbital-luminal\/","og_locale":"pt_PT","og_type":"article","og_title":"Compre Fenobarbital (Fenobarbital) \/ Luminal - Melhores Medicamentos Globais","og_description":"J\u00e1 pode comprar os comprimidos de Fenobarbital Luminal na Farm\u00e1cia Nembutal Online. O seu pedido para venda \u00e0 Fenobarbital Luminal ser\u00e1 conclu\u00eddo no menor tempo poss\u00edvel. Tudo o que voc\u00ea precisa fazer \u00e9 nos ligar, enviar uma mensagem de texto ou e-mail hoje e receber seus medicamentos em breve. Conecte agora!","og_url":"https:\/\/medicinasinc.com\/pt\/product\/comprar-fenobarbital-fenobarbital-luminal\/","og_site_name":"Medicinas Inc","article_modified_time":"2022-07-05T22:52:46+00:00","og_image":[{"width":600,"height":600,"url":"https:\/\/medicinasinc.com\/pt\/wp-content\/uploads\/sites\/20\/2022\/02\/Buy-Phenobarbital-Tablets.jpg","type":"image\/jpeg"}],"twitter_card":"summary_large_image","twitter_misc":{"Tempo estimado de leitura":"2 minutos"},"schema":{"@context":"https:\/\/schema.org","@graph":[{"@type":"WebPage","@id":"https:\/\/medicinasinc.com\/pt\/product\/comprar-fenobarbital-fenobarbital-luminal\/","url":"https:\/\/medicinasinc.com\/pt\/product\/comprar-fenobarbital-fenobarbital-luminal\/","name":"Compre Fenobarbital (Fenobarbital) \/ Luminal - Melhores Medicamentos Globais","isPartOf":{"@id":"https:\/\/medicinasinc.com\/pt\/#website"},"primaryImageOfPage":{"@id":"https:\/\/medicinasinc.com\/pt\/product\/comprar-fenobarbital-fenobarbital-luminal\/#primaryimage"},"image":{"@id":"https:\/\/medicinasinc.com\/pt\/product\/comprar-fenobarbital-fenobarbital-luminal\/#primaryimage"},"thumbnailUrl":"https:\/\/medicinasinc.com\/pt\/wp-content\/uploads\/sites\/20\/2022\/02\/Buy-Phenobarbital-Tablets.jpg","datePublished":"2022-02-22T06:27:38+00:00","dateModified":"2022-07-05T22:52:46+00:00","description":"J\u00e1 pode comprar os comprimidos de Fenobarbital Luminal na Farm\u00e1cia Nembutal Online. O seu pedido para venda \u00e0 Fenobarbital Luminal ser\u00e1 conclu\u00eddo no menor tempo poss\u00edvel. Tudo o que voc\u00ea precisa fazer \u00e9 nos ligar, enviar uma mensagem de texto ou e-mail hoje e receber seus medicamentos em breve. Conecte agora!","breadcrumb":{"@id":"https:\/\/medicinasinc.com\/pt\/product\/comprar-fenobarbital-fenobarbital-luminal\/#breadcrumb"},"inLanguage":"pt-PT","potentialAction":[{"@type":"ReadAction","target":["https:\/\/medicinasinc.com\/pt\/product\/comprar-fenobarbital-fenobarbital-luminal\/"]}]},{"@type":"ImageObject","inLanguage":"pt-PT","@id":"https:\/\/medicinasinc.com\/pt\/product\/comprar-fenobarbital-fenobarbital-luminal\/#primaryimage","url":"https:\/\/medicinasinc.com\/pt\/wp-content\/uploads\/sites\/20\/2022\/02\/Buy-Phenobarbital-Tablets.jpg","contentUrl":"https:\/\/medicinasinc.com\/pt\/wp-content\/uploads\/sites\/20\/2022\/02\/Buy-Phenobarbital-Tablets.jpg","width":600,"height":600},{"@type":"BreadcrumbList","@id":"https:\/\/medicinasinc.com\/pt\/product\/comprar-fenobarbital-fenobarbital-luminal\/#breadcrumb","itemListElement":[{"@type":"ListItem","position":1,"name":"Comprar","item":"https:\/\/medicinasinc.com\/pt\/comprar\/"},{"@type":"ListItem","position":2,"name":"Compre Fenobarbital (fenobarbital) \/ Luminal"}]},{"@type":"WebSite","@id":"https:\/\/medicinasinc.com\/pt\/#website","url":"https:\/\/medicinasinc.com\/pt\/","name":"Medicinas Inc","description":"Health Medical Clinic","potentialAction":[{"@type":"SearchAction","target":{"@type":"EntryPoint","urlTemplate":"https:\/\/medicinasinc.com\/pt\/?s={search_term_string}"},"query-input":{"@type":"PropertyValueSpecification","valueRequired":true,"valueName":"search_term_string"}}],"inLanguage":"pt-PT"}]}},"_links":{"self":[{"href":"https:\/\/medicinasinc.com\/pt\/wp-json\/wp\/v2\/product\/5798","targetHints":{"allow":["GET"]}}],"collection":[{"href":"https:\/\/medicinasinc.com\/pt\/wp-json\/wp\/v2\/product"}],"about":[{"href":"https:\/\/medicinasinc.com\/pt\/wp-json\/wp\/v2\/types\/product"}],"replies":[{"embeddable":true,"href":"https:\/\/medicinasinc.com\/pt\/wp-json\/wp\/v2\/comments?post=5798"}],"wp:featuredmedia":[{"embeddable":true,"href":"https:\/\/medicinasinc.com\/pt\/wp-json\/wp\/v2\/media\/5808"}],"wp:attachment":[{"href":"https:\/\/medicinasinc.com\/pt\/wp-json\/wp\/v2\/media?parent=5798"}],"wp:term":[{"taxonomy":"product_brand","embeddable":true,"href":"https:\/\/medicinasinc.com\/pt\/wp-json\/wp\/v2\/product_brand?post=5798"},{"taxonomy":"product_cat","embeddable":true,"href":"https:\/\/medicinasinc.com\/pt\/wp-json\/wp\/v2\/product_cat?post=5798"},{"taxonomy":"product_tag","embeddable":true,"href":"https:\/\/medicinasinc.com\/pt\/wp-json\/wp\/v2\/product_tag?post=5798"}],"curies":[{"name":"wp","href":"https:\/\/api.w.org\/{rel}","templated":true}]}}