{"id":5792,"date":"2022-02-22T06:20:38","date_gmt":"2022-02-22T06:20:38","guid":{"rendered":"https:\/\/medicinasinc.com\/pt\/?post_type=product&#038;p=5792"},"modified":"2022-07-05T22:53:03","modified_gmt":"2022-07-05T22:53:03","slug":"comprar-seconal-sodio","status":"publish","type":"product","link":"https:\/\/medicinasinc.com\/pt\/product\/comprar-seconal-sodio\/","title":{"rendered":"Compre Seconal S\u00f3dio"},"content":{"rendered":"<p>Encomende Seconal Sodium Online na Melhor Farm\u00e1cia. \u2013<\/p>\n<p>Agora \u00e9 poss\u00edvel comprar Nembutal online com Seconal Sodium com os menores custos. Na nossa farm\u00e1cia online, pode encomendar Seconal Sodium e receb\u00ea-lo \u00e0 sua porta em quest\u00e3o de dias. Para receber a pronta entrega do seu Seconal Sodium, basta fazer um pedido conosco e um dos membros de nossa equipe ir\u00e1 prepar\u00e1-lo e embal\u00e1-lo para voc\u00ea. Como estamos neste neg\u00f3cio h\u00e1 tanto tempo, constru\u00edmos uma s\u00f3lida reputa\u00e7\u00e3o como uma farm\u00e1cia confi\u00e1vel. Em termos de aquisi\u00e7\u00e3o dos medicamentos da melhor qualidade, voc\u00ea pode confiar em n\u00f3s para entreg\u00e1-los no prazo.<\/p>\n<p>Quais s\u00e3o os benef\u00edcios do Seconal Sodium? Por que voc\u00ea deve compr\u00e1-lo conosco?<\/p>\n<p>Antes da opera\u00e7\u00e3o, o Seconal Sodium \u00e9 usado para ajud\u00e1-lo a relaxar. Pertence \u00e0 classe de medicamentos conhecidos como hipn\u00f3ticos barbit\u00faricos, que inclui o Seconal. Ele te acalma influenciando se\u00e7\u00f5es espec\u00edficas do seu c\u00e9rebro. Os idosos devem discutir os benef\u00edcios e perigos deste medicamento, bem como os de medicamentos mais potentes, mas possivelmente mais seguros, com seu m\u00e9dico ou especialista em drogas. Antes de come\u00e7ar a tomar Seconal Sodium e cada vez que receber uma recarga, leia o Guia de Medica\u00e7\u00e3o fornecido pela nossa farm\u00e1cia online. Consulte o seu m\u00e9dico ou um especialista em medicamentos se tiver alguma d\u00favida. Antes da cirurgia, siga as instru\u00e7\u00f5es do seu m\u00e9dico e tome esta receita por via oral com um copo de \u00e1gua com o est\u00f4mago vazio.<\/p>\n<p>Uma doen\u00e7a para a qual Seconal Sodium \u00e9 usado exclusivamente \u00e9 a listada abaixo:<\/p>\n<p>inje\u00e7\u00f5es anest\u00e9sicas extras<br \/> agente indutor de anestesia extra<\/p>\n<p>Nossa Farm\u00e1cia Online Nembutal vende e entrega Secobarbital S\u00f3dico Seconal no local desejado o mais r\u00e1pido poss\u00edvel. A melhor maneira de atend\u00ea-lo \u00e9 nos permitir faz\u00ea-lo. \u00c9 seguro confiar na nossa farm\u00e1cia Nembutal Online. Estamos constantemente aqui para ajudar nossos importantes clientes a atingir seus objetivos e cumprir seus crit\u00e9rios. Por favor, entre em contato conosco o mais r\u00e1pido poss\u00edvel!<\/p>\n","protected":false},"excerpt":{"rendered":"<p>Entre em contato com uma farm\u00e1cia on-line nembutal para obter assist\u00eancia<\/p>\n<p>Compre Seconal Sodium para venda no Reino Unido, Europa e no resto do mundo ao melhor pre\u00e7o poss\u00edvel, fazendo o pedido on-line. Nossa farm\u00e1cia online Seconal Sodium oferece uma ampla variedade de vitaminas e produtos farmac\u00eauticos de alta qualidade. Para fazer um pedido, acesse o site.<\/p>\n<p>Qualquer pessoa no mundo pode comprar Nembutal online em uma farm\u00e1cia online. A qualquer momento, de qualquer lugar, entre em contato conosco. Quaisquer d\u00favidas ou preocupa\u00e7\u00f5es de nossos clientes ser\u00e3o prontamente abordadas por um de nossos representantes de atendimento ao cliente. Come\u00e7amos a embalar o seu produto assim que recebemos os dados do seu pedido. Garantimos que todos os nossos clientes&#8217; medicamentos chegam em embalagens seguras e adequadas, e que nenhum deles foi adulterado. A qualidade de seus medicamentos ou o status de sua entrega nunca s\u00e3o uma preocupa\u00e7\u00e3o quando voc\u00ea trabalha conosco. Estamos aqui para assumir total responsabilidade por tudo. A partir daqui, voc\u00ea n\u00e3o pode esperar nada al\u00e9m do melhor para o seu bem-estar. Voc\u00ea pode entrar em contato conosco por telefone, e-mail ou mensagem. Compre Seconal Secobarbital S\u00f3dico 100 mg na Farm\u00e1cia Nembutal Online hoje e receba em um curto espa\u00e7o de tempo.<\/p>\n","protected":false},"featured_media":5802,"comment_status":"open","ping_status":"closed","template":"","meta":[],"product_brand":[],"product_cat":[3818,59],"product_tag":[3820,3821,3822,3826,3827,3828,3829,3830,3831,3834,3835,3840,3948,3841,3842,3904,3824,3823,3952,3901,3894,3907,3882,3869,3843,3950,3910,3951,3885,3886,3887,3844,3819,3845,3949,3866,3923,3954,3925,3922,3926,3927,3921,3916,3920,3918,3919,3874,3875,3876,3906,3878,3879,3893,3895,3890,3881,3891,3902,3892,3883,3909,3908,3884,3880,3889,3898,3899,3900,3911,3897,3896,3913,3953,3888,3903],"class_list":{"0":"post-5792","1":"product","2":"type-product","3":"status-publish","4":"has-post-thumbnail","6":"product_cat-pentobarbital-a-venda","7":"product_cat-uncategorized","8":"product_tag-buy-cheap-nembutal-liquid-online","9":"product_tag-buy-cheap-nembutal-online","10":"product_tag-buy-nembutal-here","11":"product_tag-buy-nembutal-sodium-online","12":"product_tag-buy-pentobarbital-sodium","13":"product_tag-buy-pentobarbital-sodium-2021","14":"product_tag-buy-pentobarbital-sodium-pentobarbital-sodium-salt","15":"product_tag-buy-sodium-pentobarbital-uk","16":"product_tag-can-i-buy-pentobarbital","17":"product_tag-can-you-buy-pentobarbital-sodium-over-the-counter","18":"product_tag-can-you-buy-sodium-pentobarbital","19":"product_tag-como-adquirir-nembutal","20":"product_tag-como-comprar-nembutal-liquid-online","21":"product_tag-como-comprar-nembutal-online","22":"product_tag-como-pedir-nembutal-por-mail","23":"product_tag-comprar-nembutal-online","24":"product_tag-comprar-nembutal-pentobarbital-s-c3-b3dio","25":"product_tag-compre-nembutal-liquid-online","26":"product_tag-comprar-nembutal-liquid-online","27":"product_tag-comprimidos-de-pentobarbital-de-sdio","28":"product_tag-pentobarbital-comprimidos-de-sdio","29":"product_tag-sdio-pentobarbital-custo","30":"product_tag-pentobarbital-sdio-dosagem","31":"product_tag-nembutal-dose-suicida","32":"product_tag--fcil-de-comprar-nembutal-online","33":"product_tag-pedido-nembutal-liquid-online","34":"product_tag-fabricantes-de-pentobarbital-de-sdio","35":"product_tag-fenobarbital-sdio-intravenoso","36":"product_tag-pentobarbital-grupo-de-sdio","37":"product_tag-pentobarbital-injeo-de-sdio-para-ces","38":"product_tag-pentobarbital-injeo-de-sdio-para-humanos","39":"product_tag-lethal-injection-buy-online","40":"product_tag-melhor-droga-para-overdose-de-suicdio","41":"product_tag-nembutal","42":"product_tag-nembutal-lquido-para-venda","43":"product_tag-nembutal-pills-online","44":"product_tag-onde-comprar-barato-nembutal-online","45":"product_tag-onde-comprar-nembutal-liquid-online","46":"product_tag-onde-comprar-pentobarbital-sdio","47":"product_tag-onde-voc-pode-comprar-pentobarbital-sdio","48":"product_tag-onde-comprar-pentobarbital-sdio-para-ces","49":"product_tag-onde-obter-pentobarbital-sdio","50":"product_tag-onde-posso-comprar-nembutal","51":"product_tag-onde-posso-comprar-nembutal-sdio-pentobarbital","52":"product_tag-onde-posso-comprar-pentobarbital-de-sdio","53":"product_tag-onde-posso-comprar-pentobarbital-sdio","54":"product_tag-onde-comprar-pentobarbital-sdio-plulas-para-dormir","55":"product_tag-pentobarbital","56":"product_tag-pentobarbital-de-sodium-dose-letale","57":"product_tag-pentobarbital-para-eutansia","58":"product_tag-sdio-pentobarbital-nembutal","59":"product_tag-pentobarbital-sdio-anestesia","60":"product_tag-pentobarbital-sdio-comprar","61":"product_tag-pentobarbital-sdio-de-venda-livre","62":"product_tag-pentobarbital-sdio-p","63":"product_tag-pentobarbital-sdio-lquido","64":"product_tag-pentobarbital-sdio-morte","65":"product_tag-pentobarbital-sdio-nz","66":"product_tag-pentobarbital-sdio-onde-comprar","67":"product_tag-pentobarbital-sdio-oral","68":"product_tag-pentobarbital-sdio-para-ces","69":"product_tag-sdio-pentobarbital-para-eutansia","70":"product_tag-sdio-pentobarbital-para-animal-eutansia","71":"product_tag-pentobarbital-sdio-para-humanos","72":"product_tag-pentobarbital-sdio-china","73":"product_tag-pentobarbital-sodium-injection-usp","74":"product_tag-pentobarbital-sodium-salt","75":"product_tag-pentobarbital-sodium-sleeping-pills","76":"product_tag-pentobarbital-sdio-comprimidos-para-dormir-sem-receita","77":"product_tag-sdio-pentobarbital-vida-de-prateleira","78":"product_tag-pentobarbital-sdio-preo","79":"product_tag-pentobarbital-sdio-prescrio","80":"product_tag-quero-comprar-nembutal","81":"product_tag-sdio","82":"product_tag-pentobarbital-sdio-injeo-soluo","83":"product_tag-pentobarbital-uso","85":"first","86":"instock","87":"shipping-taxable","88":"purchasable","89":"product-type-variable"},"yoast_head":"<!-- This site is optimized with the Yoast SEO plugin v27.3 - https:\/\/yoast.com\/product\/yoast-seo-wordpress\/ -->\n<title>Compre Seconal Sodium - Best Best Global Meds<\/title>\n<meta name=\"description\" content=\"Compre Seconal Sodium para venda no Reino Unido, Europa 100mg online ao melhor pre\u00e7o. Enorme sele\u00e7\u00e3o de suplementos e medicamentos de alta qualidade em nossa farm\u00e1cia online Seconal Sodium. Pe\u00e7a online.\" \/>\n<meta name=\"robots\" content=\"index, follow, max-snippet:-1, max-image-preview:large, max-video-preview:-1\" \/>\n<link rel=\"canonical\" href=\"https:\/\/medicinasinc.com\/pt\/product\/comprar-seconal-sodio\/\" \/>\n<meta property=\"og:locale\" content=\"pt_PT\" \/>\n<meta property=\"og:type\" content=\"article\" \/>\n<meta property=\"og:title\" content=\"Compre Seconal Sodium - Best Best Global Meds\" \/>\n<meta property=\"og:description\" content=\"Compre Seconal Sodium para venda no Reino Unido, Europa 100mg online ao melhor pre\u00e7o. Enorme sele\u00e7\u00e3o de suplementos e medicamentos de alta qualidade em nossa farm\u00e1cia online Seconal Sodium. Pe\u00e7a online.\" \/>\n<meta property=\"og:url\" content=\"https:\/\/medicinasinc.com\/pt\/product\/comprar-seconal-sodio\/\" \/>\n<meta property=\"og:site_name\" content=\"Medicinas Inc\" \/>\n<meta property=\"article:modified_time\" content=\"2022-07-05T22:53:03+00:00\" \/>\n<meta property=\"og:image\" content=\"https:\/\/medicinasinc.com\/pt\/wp-content\/uploads\/sites\/20\/2022\/02\/Buy-Seconal-Sodium.jpg\" \/>\n\t<meta property=\"og:image:width\" content=\"600\" \/>\n\t<meta property=\"og:image:height\" content=\"600\" \/>\n\t<meta property=\"og:image:type\" content=\"image\/jpeg\" \/>\n<meta name=\"twitter:card\" content=\"summary_large_image\" \/>\n<meta name=\"twitter:label1\" content=\"Tempo estimado de leitura\" \/>\n\t<meta name=\"twitter:data1\" content=\"2 minutos\" \/>\n<script type=\"application\/ld+json\" class=\"yoast-schema-graph\">{\"@context\":\"https:\\\/\\\/schema.org\",\"@graph\":[{\"@type\":\"WebPage\",\"@id\":\"https:\\\/\\\/medicinasinc.com\\\/pt\\\/product\\\/comprar-seconal-sodio\\\/\",\"url\":\"https:\\\/\\\/medicinasinc.com\\\/pt\\\/product\\\/comprar-seconal-sodio\\\/\",\"name\":\"Compre Seconal Sodium - Best Best Global Meds\",\"isPartOf\":{\"@id\":\"https:\\\/\\\/medicinasinc.com\\\/pt\\\/#website\"},\"primaryImageOfPage\":{\"@id\":\"https:\\\/\\\/medicinasinc.com\\\/pt\\\/product\\\/comprar-seconal-sodio\\\/#primaryimage\"},\"image\":{\"@id\":\"https:\\\/\\\/medicinasinc.com\\\/pt\\\/product\\\/comprar-seconal-sodio\\\/#primaryimage\"},\"thumbnailUrl\":\"https:\\\/\\\/medicinasinc.com\\\/pt\\\/wp-content\\\/uploads\\\/sites\\\/20\\\/2022\\\/02\\\/Buy-Seconal-Sodium.jpg\",\"datePublished\":\"2022-02-22T06:20:38+00:00\",\"dateModified\":\"2022-07-05T22:53:03+00:00\",\"description\":\"Compre Seconal Sodium para venda no Reino Unido, Europa 100mg online ao melhor pre\u00e7o. Enorme sele\u00e7\u00e3o de suplementos e medicamentos de alta qualidade em nossa farm\u00e1cia online Seconal Sodium. Pe\u00e7a online.\",\"breadcrumb\":{\"@id\":\"https:\\\/\\\/medicinasinc.com\\\/pt\\\/product\\\/comprar-seconal-sodio\\\/#breadcrumb\"},\"inLanguage\":\"pt-PT\",\"potentialAction\":[{\"@type\":\"ReadAction\",\"target\":[\"https:\\\/\\\/medicinasinc.com\\\/pt\\\/product\\\/comprar-seconal-sodio\\\/\"]}]},{\"@type\":\"ImageObject\",\"inLanguage\":\"pt-PT\",\"@id\":\"https:\\\/\\\/medicinasinc.com\\\/pt\\\/product\\\/comprar-seconal-sodio\\\/#primaryimage\",\"url\":\"https:\\\/\\\/medicinasinc.com\\\/pt\\\/wp-content\\\/uploads\\\/sites\\\/20\\\/2022\\\/02\\\/Buy-Seconal-Sodium.jpg\",\"contentUrl\":\"https:\\\/\\\/medicinasinc.com\\\/pt\\\/wp-content\\\/uploads\\\/sites\\\/20\\\/2022\\\/02\\\/Buy-Seconal-Sodium.jpg\",\"width\":600,\"height\":600},{\"@type\":\"BreadcrumbList\",\"@id\":\"https:\\\/\\\/medicinasinc.com\\\/pt\\\/product\\\/comprar-seconal-sodio\\\/#breadcrumb\",\"itemListElement\":[{\"@type\":\"ListItem\",\"position\":1,\"name\":\"Comprar\",\"item\":\"https:\\\/\\\/medicinasinc.com\\\/pt\\\/comprar\\\/\"},{\"@type\":\"ListItem\",\"position\":2,\"name\":\"Compre Seconal S\u00f3dio\"}]},{\"@type\":\"WebSite\",\"@id\":\"https:\\\/\\\/medicinasinc.com\\\/pt\\\/#website\",\"url\":\"https:\\\/\\\/medicinasinc.com\\\/pt\\\/\",\"name\":\"Medicinas Inc\",\"description\":\"Health Medical Clinic\",\"potentialAction\":[{\"@type\":\"SearchAction\",\"target\":{\"@type\":\"EntryPoint\",\"urlTemplate\":\"https:\\\/\\\/medicinasinc.com\\\/pt\\\/?s={search_term_string}\"},\"query-input\":{\"@type\":\"PropertyValueSpecification\",\"valueRequired\":true,\"valueName\":\"search_term_string\"}}],\"inLanguage\":\"pt-PT\"}]}<\/script>\n<!-- \/ Yoast SEO plugin. -->","yoast_head_json":{"title":"Compre Seconal Sodium - Best Best Global Meds","description":"Compre Seconal Sodium para venda no Reino Unido, Europa 100mg online ao melhor pre\u00e7o. Enorme sele\u00e7\u00e3o de suplementos e medicamentos de alta qualidade em nossa farm\u00e1cia online Seconal Sodium. Pe\u00e7a online.","robots":{"index":"index","follow":"follow","max-snippet":"max-snippet:-1","max-image-preview":"max-image-preview:large","max-video-preview":"max-video-preview:-1"},"canonical":"https:\/\/medicinasinc.com\/pt\/product\/comprar-seconal-sodio\/","og_locale":"pt_PT","og_type":"article","og_title":"Compre Seconal Sodium - Best Best Global Meds","og_description":"Compre Seconal Sodium para venda no Reino Unido, Europa 100mg online ao melhor pre\u00e7o. Enorme sele\u00e7\u00e3o de suplementos e medicamentos de alta qualidade em nossa farm\u00e1cia online Seconal Sodium. Pe\u00e7a online.","og_url":"https:\/\/medicinasinc.com\/pt\/product\/comprar-seconal-sodio\/","og_site_name":"Medicinas Inc","article_modified_time":"2022-07-05T22:53:03+00:00","og_image":[{"width":600,"height":600,"url":"https:\/\/medicinasinc.com\/pt\/wp-content\/uploads\/sites\/20\/2022\/02\/Buy-Seconal-Sodium.jpg","type":"image\/jpeg"}],"twitter_card":"summary_large_image","twitter_misc":{"Tempo estimado de leitura":"2 minutos"},"schema":{"@context":"https:\/\/schema.org","@graph":[{"@type":"WebPage","@id":"https:\/\/medicinasinc.com\/pt\/product\/comprar-seconal-sodio\/","url":"https:\/\/medicinasinc.com\/pt\/product\/comprar-seconal-sodio\/","name":"Compre Seconal Sodium - Best Best Global Meds","isPartOf":{"@id":"https:\/\/medicinasinc.com\/pt\/#website"},"primaryImageOfPage":{"@id":"https:\/\/medicinasinc.com\/pt\/product\/comprar-seconal-sodio\/#primaryimage"},"image":{"@id":"https:\/\/medicinasinc.com\/pt\/product\/comprar-seconal-sodio\/#primaryimage"},"thumbnailUrl":"https:\/\/medicinasinc.com\/pt\/wp-content\/uploads\/sites\/20\/2022\/02\/Buy-Seconal-Sodium.jpg","datePublished":"2022-02-22T06:20:38+00:00","dateModified":"2022-07-05T22:53:03+00:00","description":"Compre Seconal Sodium para venda no Reino Unido, Europa 100mg online ao melhor pre\u00e7o. Enorme sele\u00e7\u00e3o de suplementos e medicamentos de alta qualidade em nossa farm\u00e1cia online Seconal Sodium. Pe\u00e7a online.","breadcrumb":{"@id":"https:\/\/medicinasinc.com\/pt\/product\/comprar-seconal-sodio\/#breadcrumb"},"inLanguage":"pt-PT","potentialAction":[{"@type":"ReadAction","target":["https:\/\/medicinasinc.com\/pt\/product\/comprar-seconal-sodio\/"]}]},{"@type":"ImageObject","inLanguage":"pt-PT","@id":"https:\/\/medicinasinc.com\/pt\/product\/comprar-seconal-sodio\/#primaryimage","url":"https:\/\/medicinasinc.com\/pt\/wp-content\/uploads\/sites\/20\/2022\/02\/Buy-Seconal-Sodium.jpg","contentUrl":"https:\/\/medicinasinc.com\/pt\/wp-content\/uploads\/sites\/20\/2022\/02\/Buy-Seconal-Sodium.jpg","width":600,"height":600},{"@type":"BreadcrumbList","@id":"https:\/\/medicinasinc.com\/pt\/product\/comprar-seconal-sodio\/#breadcrumb","itemListElement":[{"@type":"ListItem","position":1,"name":"Comprar","item":"https:\/\/medicinasinc.com\/pt\/comprar\/"},{"@type":"ListItem","position":2,"name":"Compre Seconal S\u00f3dio"}]},{"@type":"WebSite","@id":"https:\/\/medicinasinc.com\/pt\/#website","url":"https:\/\/medicinasinc.com\/pt\/","name":"Medicinas Inc","description":"Health Medical Clinic","potentialAction":[{"@type":"SearchAction","target":{"@type":"EntryPoint","urlTemplate":"https:\/\/medicinasinc.com\/pt\/?s={search_term_string}"},"query-input":{"@type":"PropertyValueSpecification","valueRequired":true,"valueName":"search_term_string"}}],"inLanguage":"pt-PT"}]}},"_links":{"self":[{"href":"https:\/\/medicinasinc.com\/pt\/wp-json\/wp\/v2\/product\/5792","targetHints":{"allow":["GET"]}}],"collection":[{"href":"https:\/\/medicinasinc.com\/pt\/wp-json\/wp\/v2\/product"}],"about":[{"href":"https:\/\/medicinasinc.com\/pt\/wp-json\/wp\/v2\/types\/product"}],"replies":[{"embeddable":true,"href":"https:\/\/medicinasinc.com\/pt\/wp-json\/wp\/v2\/comments?post=5792"}],"wp:featuredmedia":[{"embeddable":true,"href":"https:\/\/medicinasinc.com\/pt\/wp-json\/wp\/v2\/media\/5802"}],"wp:attachment":[{"href":"https:\/\/medicinasinc.com\/pt\/wp-json\/wp\/v2\/media?parent=5792"}],"wp:term":[{"taxonomy":"product_brand","embeddable":true,"href":"https:\/\/medicinasinc.com\/pt\/wp-json\/wp\/v2\/product_brand?post=5792"},{"taxonomy":"product_cat","embeddable":true,"href":"https:\/\/medicinasinc.com\/pt\/wp-json\/wp\/v2\/product_cat?post=5792"},{"taxonomy":"product_tag","embeddable":true,"href":"https:\/\/medicinasinc.com\/pt\/wp-json\/wp\/v2\/product_tag?post=5792"}],"curies":[{"name":"wp","href":"https:\/\/api.w.org\/{rel}","templated":true}]}}