{"id":5785,"date":"2022-02-22T06:12:06","date_gmt":"2022-02-22T06:12:06","guid":{"rendered":"https:\/\/medicinasinc.com\/pt\/?post_type=product&#038;p=5785"},"modified":"2022-07-05T22:53:20","modified_gmt":"2022-07-05T22:53:20","slug":"comprar-nembutal-pentobarbital-sodio","status":"publish","type":"product","link":"https:\/\/medicinasinc.com\/pt\/product\/comprar-nembutal-pentobarbital-sodio\/","title":{"rendered":"Compre Nembutal Pentobarbital S\u00f3dio"},"content":{"rendered":"<p>Best Global Med oferece o melhor pre\u00e7o e qualidade em Nembutal Pentobarbital Sodium para venda. Fa\u00e7a uma solicita\u00e7\u00e3o on-line em nosso site.<\/p>\n<p>H\u00e1 v\u00e1rias raz\u00f5es pelas quais as pessoas escolhem Nembutal Pentobarbital para uso oral, mas uma das mais comuns \u00e9 a forma l\u00edquida.<\/p>\n<p>Uma forma l\u00edquida de Nembutal Fenobarbital (tamb\u00e9m conhecido como Nembutal) \u00e9 um medicamento barbit\u00farico. Embora amplamente utilizado como um aux\u00edlio para dormir nas d\u00e9cadas de 1940 e 1950, hipnotizar tamb\u00e9m foi usado como uma forma de droga anti-ansiedade (por exemplo, narc\u00f3tico). A overdose de Nembutal \u00e9 muito mais letal do que com os son\u00edferos atuais. \u00c9 uma das melhores drogas para suic\u00eddio assistido porque \u00e9 s\u00f3lida e silenciosa. Nembutal \u00e9 usado por organiza\u00e7\u00f5es de exterm\u00ednio deliberado nos Estados Unidos (Oregon Death With Dignity Act), Su\u00ed\u00e7a (Dignitas) e Holanda.<\/p>\n<p>Nembutal foi removido do mercado porque era muito f\u00e1cil ter overdose dele (seja acidental ou planejada), assim foi substitu\u00eddo por medicamentos para dormir mais seguros. Para o ano de 1998, Nembutal foi removido da lista de medicamentos recomendados do governo australiano. O Nembutal, por outro lado, ainda est\u00e1 sendo usado por veterin\u00e1rios para acabar com a vida de animais maiores. Muitas pessoas conseguiram obter Nembutal veterin\u00e1rio para acabar com suas vidas. Marilyn Monroe, a lend\u00e1ria atriz e cantora americana, aparentemente se matou com uma dose letal de Nembutal.<\/p>\n<p>Quando o Dr. John S. Lundy come\u00e7ou a usar a equa\u00e7\u00e3o do sal de s\u00f3dio\u2014Na (s\u00f3dio) + etil + metil + butil + al &#8211; em 1930, foi dado o nome de marca &#8220;Nembutal&#8221; (posfixo normal para barbit\u00faricos). Na Dinamarca, a Lundbeck det\u00e9m a marca registrada e fabrica Nembutal.<\/p>\n<p>Barbit\u00faricos de a\u00e7\u00e3o curta incluem fenobarbital (ingl\u00eas dos EUA) e pentobarbital (ingl\u00eas do Reino Unido). Quando se trata de fenobarbital, ele vem em uma variedade de formas, incluindo corrosivo livre e sais de v\u00e1rios constituintes, como s\u00f3dio e c\u00e1lcio. Em \u00e1gua e etanol, o corrosivo livre \u00e9 apenas ligeiramente sol\u00favel. Nembutal \u00e9 uma das marcas do medicamento.<\/p>\n<p>A f\u00f3rmula qu\u00edmica do C11H18N2O3 \u00e9 a seguinte:<\/p>\n<p>O f\u00edgado est\u00e1 envolvido em processos metab\u00f3licos.<\/p>\n<p>Meia-vida de compostos org\u00e2nicos: 15\u201348 horas. L\u00edquido em p\u00f3, p\u00edlulas<\/p>\n","protected":false},"excerpt":{"rendered":"<p>Compre o Nembutal Pentobarbital S\u00f3dio online na nossa loja medicinasinc.com\/pt e receba-o imediatamente \u00e0 sua porta! Voc\u00ea encontrar\u00e1 o melhor lugar para comprar Nembutal online aqui!<\/p>\n<p>Voc\u00ea pode comprar Nembutal online da Best Global Meds, que entrega \u00e0 sua porta. Nembutal sem receita est\u00e1 dispon\u00edvel aqui com os custos mais baixos.<\/p>\n<p>Como as overdoses de Nembutal eram t\u00e3o comuns, a droga foi retirada do mercado e substitu\u00edda por son\u00edferos mais seguros. Os australianos n\u00e3o foram mais autorizados a recomendar Nembutal como uma op\u00e7\u00e3o de tratamento em 1998. De qualquer forma, os veteranos continuam a tomar Nembutal.<\/p>\n","protected":false},"featured_media":5796,"comment_status":"open","ping_status":"closed","template":"","meta":[],"product_brand":[],"product_cat":[3818],"product_tag":[3820,3821,3822,3826,3827,3828,3829,3830,3831,3834,3835,3840,3948,3841,3842,3904,3824,3823,3952,3901,3894,3907,3882,3869,3843,3950,3910,3951,3885,3886,3887,3844,3819,3845,3949,3866,3923,3954,3922,3925,3926,3927,3921,3916,3920,3918,3919,3874,3875,3876,3906,3878,3879,3893,3895,3890,3881,3891,3902,3892,3883,3909,3908,3884,3880,3889,3898,3899,3900,3911,3897,3896,3913,3953,3888,3903],"class_list":{"0":"post-5785","1":"product","2":"type-product","3":"status-publish","4":"has-post-thumbnail","6":"product_cat-pentobarbital-a-venda","7":"product_tag-buy-cheap-nembutal-liquid-online","8":"product_tag-buy-cheap-nembutal-online","9":"product_tag-buy-nembutal-here","10":"product_tag-buy-nembutal-sodium-online","11":"product_tag-buy-pentobarbital-sodium","12":"product_tag-buy-pentobarbital-sodium-2021","13":"product_tag-buy-pentobarbital-sodium-pentobarbital-sodium-salt","14":"product_tag-buy-sodium-pentobarbital-uk","15":"product_tag-can-i-buy-pentobarbital","16":"product_tag-can-you-buy-pentobarbital-sodium-over-the-counter","17":"product_tag-can-you-buy-sodium-pentobarbital","18":"product_tag-como-adquirir-nembutal","19":"product_tag-como-comprar-nembutal-liquid-online","20":"product_tag-como-comprar-nembutal-online","21":"product_tag-como-pedir-nembutal-por-mail","22":"product_tag-comprar-nembutal-online","23":"product_tag-comprar-nembutal-pentobarbital-s-c3-b3dio","24":"product_tag-compre-nembutal-liquid-online","25":"product_tag-comprar-nembutal-liquid-online","26":"product_tag-comprimidos-de-pentobarbital-de-sdio","27":"product_tag-pentobarbital-comprimidos-de-sdio","28":"product_tag-sdio-pentobarbital-custo","29":"product_tag-pentobarbital-sdio-dosagem","30":"product_tag-nembutal-dose-suicida","31":"product_tag--fcil-de-comprar-nembutal-online","32":"product_tag-pedido-nembutal-liquid-online","33":"product_tag-fabricantes-de-pentobarbital-de-sdio","34":"product_tag-fenobarbital-sdio-intravenoso","35":"product_tag-pentobarbital-grupo-de-sdio","36":"product_tag-pentobarbital-injeo-de-sdio-para-ces","37":"product_tag-pentobarbital-injeo-de-sdio-para-humanos","38":"product_tag-lethal-injection-buy-online","39":"product_tag-melhor-droga-para-overdose-de-suicdio","40":"product_tag-nembutal","41":"product_tag-nembutal-lquido-para-venda","42":"product_tag-nembutal-pills-online","43":"product_tag-onde-comprar-barato-nembutal-online","44":"product_tag-onde-comprar-nembutal-liquid-online","45":"product_tag-onde-voc-pode-comprar-pentobarbital-sdio","46":"product_tag-onde-comprar-pentobarbital-sdio","47":"product_tag-onde-comprar-pentobarbital-sdio-para-ces","48":"product_tag-onde-obter-pentobarbital-sdio","49":"product_tag-onde-posso-comprar-nembutal","50":"product_tag-onde-posso-comprar-nembutal-sdio-pentobarbital","51":"product_tag-onde-posso-comprar-pentobarbital-de-sdio","52":"product_tag-onde-posso-comprar-pentobarbital-sdio","53":"product_tag-onde-comprar-pentobarbital-sdio-plulas-para-dormir","54":"product_tag-pentobarbital","55":"product_tag-pentobarbital-de-sodium-dose-letale","56":"product_tag-pentobarbital-para-eutansia","57":"product_tag-sdio-pentobarbital-nembutal","58":"product_tag-pentobarbital-sdio-anestesia","59":"product_tag-pentobarbital-sdio-comprar","60":"product_tag-pentobarbital-sdio-de-venda-livre","61":"product_tag-pentobarbital-sdio-p","62":"product_tag-pentobarbital-sdio-lquido","63":"product_tag-pentobarbital-sdio-morte","64":"product_tag-pentobarbital-sdio-nz","65":"product_tag-pentobarbital-sdio-onde-comprar","66":"product_tag-pentobarbital-sdio-oral","67":"product_tag-pentobarbital-sdio-para-ces","68":"product_tag-sdio-pentobarbital-para-eutansia","69":"product_tag-sdio-pentobarbital-para-animal-eutansia","70":"product_tag-pentobarbital-sdio-para-humanos","71":"product_tag-pentobarbital-sdio-china","72":"product_tag-pentobarbital-sodium-injection-usp","73":"product_tag-pentobarbital-sodium-salt","74":"product_tag-pentobarbital-sodium-sleeping-pills","75":"product_tag-pentobarbital-sdio-comprimidos-para-dormir-sem-receita","76":"product_tag-sdio-pentobarbital-vida-de-prateleira","77":"product_tag-pentobarbital-sdio-preo","78":"product_tag-pentobarbital-sdio-prescrio","79":"product_tag-quero-comprar-nembutal","80":"product_tag-sdio","81":"product_tag-pentobarbital-sdio-injeo-soluo","82":"product_tag-pentobarbital-uso","84":"first","85":"instock","86":"shipping-taxable","87":"purchasable","88":"product-type-variable"},"yoast_head":"<!-- This site is optimized with the Yoast SEO plugin v27.3 - https:\/\/yoast.com\/product\/yoast-seo-wordpress\/ -->\n<title>Compre Nembutal Pentobarbital S\u00f3dio - Melhores Medicamentos Globais<\/title>\n<meta name=\"description\" content=\"Compre Nembutal Pentobarbital Sodium UK, Europa, \u00c1sia, China na nossa loja online medicinasinc.com\/pt com entrega r\u00e1pida em todo o mundo! O melhor Nembutal para pedir voc\u00ea encontra aqui!\" \/>\n<meta name=\"robots\" content=\"index, follow, max-snippet:-1, max-image-preview:large, max-video-preview:-1\" \/>\n<link rel=\"canonical\" href=\"https:\/\/medicinasinc.com\/pt\/product\/comprar-nembutal-pentobarbital-sodio\/\" \/>\n<meta property=\"og:locale\" content=\"pt_PT\" \/>\n<meta property=\"og:type\" content=\"article\" \/>\n<meta property=\"og:title\" content=\"Compre Nembutal Pentobarbital S\u00f3dio - Melhores Medicamentos Globais\" \/>\n<meta property=\"og:description\" content=\"Compre Nembutal Pentobarbital Sodium UK, Europa, \u00c1sia, China na nossa loja online medicinasinc.com\/pt com entrega r\u00e1pida em todo o mundo! O melhor Nembutal para pedir voc\u00ea encontra aqui!\" \/>\n<meta property=\"og:url\" content=\"https:\/\/medicinasinc.com\/pt\/product\/comprar-nembutal-pentobarbital-sodio\/\" \/>\n<meta property=\"og:site_name\" content=\"Medicinas Inc\" \/>\n<meta property=\"article:modified_time\" content=\"2022-07-05T22:53:20+00:00\" \/>\n<meta property=\"og:image\" content=\"https:\/\/medicinasinc.com\/pt\/wp-content\/uploads\/sites\/20\/2022\/02\/Buy-Pentobarbital-Sodium-1.jpg\" \/>\n\t<meta property=\"og:image:width\" content=\"356\" \/>\n\t<meta property=\"og:image:height\" content=\"540\" \/>\n\t<meta property=\"og:image:type\" content=\"image\/jpeg\" \/>\n<meta name=\"twitter:card\" content=\"summary_large_image\" \/>\n<meta name=\"twitter:label1\" content=\"Tempo estimado de leitura\" \/>\n\t<meta name=\"twitter:data1\" content=\"2 minutos\" \/>\n<script type=\"application\/ld+json\" class=\"yoast-schema-graph\">{\"@context\":\"https:\\\/\\\/schema.org\",\"@graph\":[{\"@type\":\"WebPage\",\"@id\":\"https:\\\/\\\/medicinasinc.com\\\/pt\\\/product\\\/comprar-nembutal-pentobarbital-sodio\\\/\",\"url\":\"https:\\\/\\\/medicinasinc.com\\\/pt\\\/product\\\/comprar-nembutal-pentobarbital-sodio\\\/\",\"name\":\"Compre Nembutal Pentobarbital S\u00f3dio - Melhores Medicamentos Globais\",\"isPartOf\":{\"@id\":\"https:\\\/\\\/medicinasinc.com\\\/pt\\\/#website\"},\"primaryImageOfPage\":{\"@id\":\"https:\\\/\\\/medicinasinc.com\\\/pt\\\/product\\\/comprar-nembutal-pentobarbital-sodio\\\/#primaryimage\"},\"image\":{\"@id\":\"https:\\\/\\\/medicinasinc.com\\\/pt\\\/product\\\/comprar-nembutal-pentobarbital-sodio\\\/#primaryimage\"},\"thumbnailUrl\":\"https:\\\/\\\/medicinasinc.com\\\/pt\\\/wp-content\\\/uploads\\\/sites\\\/20\\\/2022\\\/02\\\/Buy-Pentobarbital-Sodium-1.jpg\",\"datePublished\":\"2022-02-22T06:12:06+00:00\",\"dateModified\":\"2022-07-05T22:53:20+00:00\",\"description\":\"Compre Nembutal Pentobarbital Sodium UK, Europa, \u00c1sia, China na nossa loja online medicinasinc.com\\\/pt com entrega r\u00e1pida em todo o mundo! O melhor Nembutal para pedir voc\u00ea encontra aqui!\",\"breadcrumb\":{\"@id\":\"https:\\\/\\\/medicinasinc.com\\\/pt\\\/product\\\/comprar-nembutal-pentobarbital-sodio\\\/#breadcrumb\"},\"inLanguage\":\"pt-PT\",\"potentialAction\":[{\"@type\":\"ReadAction\",\"target\":[\"https:\\\/\\\/medicinasinc.com\\\/pt\\\/product\\\/comprar-nembutal-pentobarbital-sodio\\\/\"]}]},{\"@type\":\"ImageObject\",\"inLanguage\":\"pt-PT\",\"@id\":\"https:\\\/\\\/medicinasinc.com\\\/pt\\\/product\\\/comprar-nembutal-pentobarbital-sodio\\\/#primaryimage\",\"url\":\"https:\\\/\\\/medicinasinc.com\\\/pt\\\/wp-content\\\/uploads\\\/sites\\\/20\\\/2022\\\/02\\\/Buy-Pentobarbital-Sodium-1.jpg\",\"contentUrl\":\"https:\\\/\\\/medicinasinc.com\\\/pt\\\/wp-content\\\/uploads\\\/sites\\\/20\\\/2022\\\/02\\\/Buy-Pentobarbital-Sodium-1.jpg\",\"width\":356,\"height\":540},{\"@type\":\"BreadcrumbList\",\"@id\":\"https:\\\/\\\/medicinasinc.com\\\/pt\\\/product\\\/comprar-nembutal-pentobarbital-sodio\\\/#breadcrumb\",\"itemListElement\":[{\"@type\":\"ListItem\",\"position\":1,\"name\":\"Comprar\",\"item\":\"https:\\\/\\\/medicinasinc.com\\\/pt\\\/comprar\\\/\"},{\"@type\":\"ListItem\",\"position\":2,\"name\":\"Compre Nembutal Pentobarbital S\u00f3dio\"}]},{\"@type\":\"WebSite\",\"@id\":\"https:\\\/\\\/medicinasinc.com\\\/pt\\\/#website\",\"url\":\"https:\\\/\\\/medicinasinc.com\\\/pt\\\/\",\"name\":\"Medicinas Inc\",\"description\":\"Health Medical Clinic\",\"potentialAction\":[{\"@type\":\"SearchAction\",\"target\":{\"@type\":\"EntryPoint\",\"urlTemplate\":\"https:\\\/\\\/medicinasinc.com\\\/pt\\\/?s={search_term_string}\"},\"query-input\":{\"@type\":\"PropertyValueSpecification\",\"valueRequired\":true,\"valueName\":\"search_term_string\"}}],\"inLanguage\":\"pt-PT\"}]}<\/script>\n<!-- \/ Yoast SEO plugin. -->","yoast_head_json":{"title":"Compre Nembutal Pentobarbital S\u00f3dio - Melhores Medicamentos Globais","description":"Compre Nembutal Pentobarbital Sodium UK, Europa, \u00c1sia, China na nossa loja online medicinasinc.com\/pt com entrega r\u00e1pida em todo o mundo! O melhor Nembutal para pedir voc\u00ea encontra aqui!","robots":{"index":"index","follow":"follow","max-snippet":"max-snippet:-1","max-image-preview":"max-image-preview:large","max-video-preview":"max-video-preview:-1"},"canonical":"https:\/\/medicinasinc.com\/pt\/product\/comprar-nembutal-pentobarbital-sodio\/","og_locale":"pt_PT","og_type":"article","og_title":"Compre Nembutal Pentobarbital S\u00f3dio - Melhores Medicamentos Globais","og_description":"Compre Nembutal Pentobarbital Sodium UK, Europa, \u00c1sia, China na nossa loja online medicinasinc.com\/pt com entrega r\u00e1pida em todo o mundo! O melhor Nembutal para pedir voc\u00ea encontra aqui!","og_url":"https:\/\/medicinasinc.com\/pt\/product\/comprar-nembutal-pentobarbital-sodio\/","og_site_name":"Medicinas Inc","article_modified_time":"2022-07-05T22:53:20+00:00","og_image":[{"width":356,"height":540,"url":"https:\/\/medicinasinc.com\/pt\/wp-content\/uploads\/sites\/20\/2022\/02\/Buy-Pentobarbital-Sodium-1.jpg","type":"image\/jpeg"}],"twitter_card":"summary_large_image","twitter_misc":{"Tempo estimado de leitura":"2 minutos"},"schema":{"@context":"https:\/\/schema.org","@graph":[{"@type":"WebPage","@id":"https:\/\/medicinasinc.com\/pt\/product\/comprar-nembutal-pentobarbital-sodio\/","url":"https:\/\/medicinasinc.com\/pt\/product\/comprar-nembutal-pentobarbital-sodio\/","name":"Compre Nembutal Pentobarbital S\u00f3dio - Melhores Medicamentos Globais","isPartOf":{"@id":"https:\/\/medicinasinc.com\/pt\/#website"},"primaryImageOfPage":{"@id":"https:\/\/medicinasinc.com\/pt\/product\/comprar-nembutal-pentobarbital-sodio\/#primaryimage"},"image":{"@id":"https:\/\/medicinasinc.com\/pt\/product\/comprar-nembutal-pentobarbital-sodio\/#primaryimage"},"thumbnailUrl":"https:\/\/medicinasinc.com\/pt\/wp-content\/uploads\/sites\/20\/2022\/02\/Buy-Pentobarbital-Sodium-1.jpg","datePublished":"2022-02-22T06:12:06+00:00","dateModified":"2022-07-05T22:53:20+00:00","description":"Compre Nembutal Pentobarbital Sodium UK, Europa, \u00c1sia, China na nossa loja online medicinasinc.com\/pt com entrega r\u00e1pida em todo o mundo! O melhor Nembutal para pedir voc\u00ea encontra aqui!","breadcrumb":{"@id":"https:\/\/medicinasinc.com\/pt\/product\/comprar-nembutal-pentobarbital-sodio\/#breadcrumb"},"inLanguage":"pt-PT","potentialAction":[{"@type":"ReadAction","target":["https:\/\/medicinasinc.com\/pt\/product\/comprar-nembutal-pentobarbital-sodio\/"]}]},{"@type":"ImageObject","inLanguage":"pt-PT","@id":"https:\/\/medicinasinc.com\/pt\/product\/comprar-nembutal-pentobarbital-sodio\/#primaryimage","url":"https:\/\/medicinasinc.com\/pt\/wp-content\/uploads\/sites\/20\/2022\/02\/Buy-Pentobarbital-Sodium-1.jpg","contentUrl":"https:\/\/medicinasinc.com\/pt\/wp-content\/uploads\/sites\/20\/2022\/02\/Buy-Pentobarbital-Sodium-1.jpg","width":356,"height":540},{"@type":"BreadcrumbList","@id":"https:\/\/medicinasinc.com\/pt\/product\/comprar-nembutal-pentobarbital-sodio\/#breadcrumb","itemListElement":[{"@type":"ListItem","position":1,"name":"Comprar","item":"https:\/\/medicinasinc.com\/pt\/comprar\/"},{"@type":"ListItem","position":2,"name":"Compre Nembutal Pentobarbital S\u00f3dio"}]},{"@type":"WebSite","@id":"https:\/\/medicinasinc.com\/pt\/#website","url":"https:\/\/medicinasinc.com\/pt\/","name":"Medicinas Inc","description":"Health Medical Clinic","potentialAction":[{"@type":"SearchAction","target":{"@type":"EntryPoint","urlTemplate":"https:\/\/medicinasinc.com\/pt\/?s={search_term_string}"},"query-input":{"@type":"PropertyValueSpecification","valueRequired":true,"valueName":"search_term_string"}}],"inLanguage":"pt-PT"}]}},"_links":{"self":[{"href":"https:\/\/medicinasinc.com\/pt\/wp-json\/wp\/v2\/product\/5785","targetHints":{"allow":["GET"]}}],"collection":[{"href":"https:\/\/medicinasinc.com\/pt\/wp-json\/wp\/v2\/product"}],"about":[{"href":"https:\/\/medicinasinc.com\/pt\/wp-json\/wp\/v2\/types\/product"}],"replies":[{"embeddable":true,"href":"https:\/\/medicinasinc.com\/pt\/wp-json\/wp\/v2\/comments?post=5785"}],"wp:featuredmedia":[{"embeddable":true,"href":"https:\/\/medicinasinc.com\/pt\/wp-json\/wp\/v2\/media\/5796"}],"wp:attachment":[{"href":"https:\/\/medicinasinc.com\/pt\/wp-json\/wp\/v2\/media?parent=5785"}],"wp:term":[{"taxonomy":"product_brand","embeddable":true,"href":"https:\/\/medicinasinc.com\/pt\/wp-json\/wp\/v2\/product_brand?post=5785"},{"taxonomy":"product_cat","embeddable":true,"href":"https:\/\/medicinasinc.com\/pt\/wp-json\/wp\/v2\/product_cat?post=5785"},{"taxonomy":"product_tag","embeddable":true,"href":"https:\/\/medicinasinc.com\/pt\/wp-json\/wp\/v2\/product_tag?post=5785"}],"curies":[{"name":"wp","href":"https:\/\/api.w.org\/{rel}","templated":true}]}}