{"id":5781,"date":"2022-02-22T06:07:08","date_gmt":"2022-02-22T06:07:08","guid":{"rendered":"https:\/\/medicinasinc.com\/pt\/?post_type=product&#038;p=5781"},"modified":"2022-07-05T22:53:39","modified_gmt":"2022-07-05T22:53:39","slug":"comprar-nembutal-po","status":"publish","type":"product","link":"https:\/\/medicinasinc.com\/pt\/product\/comprar-nembutal-po\/","title":{"rendered":"Compre Nembutal em p\u00f3"},"content":{"rendered":"<p>P\u00f3 de Nembutal dos melhores fornecedores aos pre\u00e7os mais baixos<\/p>\n<p>No mercado online, voc\u00ea pode encontrar medicamentos e medicamentos de alta qualidade na Farm\u00e1cia Nembutal Online. Para obter Nembutal Powder dos melhores fornecedores de Nembutal Powder, voc\u00ea deve vir \u00e0 nossa farm\u00e1cia. Entre em contato conosco hoje e faremos seu trabalho imediatamente. Seu medicamento ser\u00e1 entregue no endere\u00e7o que voc\u00ea especificar. Para obter o melhor neg\u00f3cio em p\u00f3 de Nembutal, fa\u00e7a seu pedido imediatamente!<\/p>\n<p>Usando o p\u00f3 de Nembutal, o que voc\u00ea pode esperar ganhar?<\/p>\n<p>O p\u00f3 de Nembutal \u00e9 conhecido por ajudar insones e aqueles que encontram \u00e9 dif\u00edcil dormir obter alguns olhos fechados. Em muitas circunst\u00e2ncias, \u00e9 utilizado como um medicamento anti-ansiedade. Nossa farm\u00e1cia on-line \u00e9 o melhor lugar para adquirir o Nembutal Powder se voc\u00ea tiver os mesmos objetivos em mente.<\/p>\n<p>Qual \u200b\u200bloja on-line vende o melhor p\u00f3 de Nembutal?<\/p>\n<p>Qualquer que seja o motivo para encomendar o Nembutal Powder , voc\u00ea sempre pode confiar na Farm\u00e1cia Nembutal Online para fazer o trabalho certo para voc\u00ea.<\/p>\n<p>Entendemos as necessidades e expectativas de nossos clientes devido aos nossos anos de experi\u00eancia. N\u00f3s nunca temos acesso ou armazenamos qualquer informa\u00e7\u00e3o pessoal ou de seu cart\u00e3o de cr\u00e9dito. Todas as informa\u00e7\u00f5es s\u00e3o mantidas em sigilo. Isso significa que voc\u00ea pode comprar o p\u00f3 Nembutal on-line conosco pelo melhor pre\u00e7o.<\/p>\n<p>Fazer uma compra em nossa farm\u00e1cia on-line o colocar\u00e1 um passo \u00e0 frente da concorr\u00eancia. Com o tempo, ganhamos muitos consumidores em potencial. Se voc\u00ea est\u00e1 procurando o melhor, n\u00e3o hesite em nos contatar a qualquer momento.<\/p>\n","protected":false},"excerpt":{"rendered":"<p>Existem v\u00e1rias farm\u00e1cias online que vendem Nembutal Powder pentobarbital s\u00f3dico para venda, incluindo medicinasinc.com\/pt. Voc\u00ea encontrar\u00e1 o melhor lugar para comprar Nembutal online aqui! Agora \u00e9 poss\u00edvel obter uma Farm\u00e1cia Nembutal online no conforto da sua casa. O Nembutal Powder para venda ao menor custo poss\u00edvel pode ser encontrado aqui.<\/p>\n<p>medicinasinc.com\/pt oferece Nembutal Powder para venda online a pre\u00e7os acess\u00edveis. Comprimidos, comprimidos e c\u00e1psulas de Nembutal da mais alta qualidade podem ser adquiridos com os maiores custos. N\u00e3o hesite em entrar em contato conosco imediatamente!<\/p>\n","protected":false},"featured_media":5791,"comment_status":"open","ping_status":"closed","template":"","meta":[],"product_brand":[],"product_cat":[3818],"product_tag":[3929,3832,3931,3930,3839,3928,3944,3943,3941,3845,3935,3932,3933,3934,3936,3937,3938,3945,3947,3946,3940,3942,3939],"class_list":{"0":"post-5781","1":"product","2":"type-product","3":"status-publish","4":"has-post-thumbnail","6":"product_cat-pentobarbital-a-venda","7":"product_tag-buy-nembutal-powder-online","8":"product_tag-can-i-order-nembutal-online","9":"product_tag-como-comprar-p-de-nembutal-online","10":"product_tag-como-pedir-nembutal-p","11":"product_tag-como-posso-tomar-nembutal","12":"product_tag-compre-nembutal-online","13":"product_tag-comprar-nembutal-powder-online","14":"product_tag-ordem-nembutal-p-online","15":"product_tag-nembutal-p-fornecedor","16":"product_tag-nembutal","17":"product_tag-nembutal-buy-uk","18":"product_tag-nembutal-buy-australia","19":"product_tag-nembutal-buy-austria","20":"product_tag-nembutal-compre-online","21":"product_tag-nembutal-em-p","22":"product_tag-nembutal-p-comprar","23":"product_tag-nembutal-powder-dose","24":"product_tag-o-melhor-lugar-para-comprar-p-de-nembutal-online","25":"product_tag-onde-comprar-nembutal-p-online","26":"product_tag-onde-comprar-nembutal-p","27":"product_tag-nembutal-p-overdose","28":"product_tag-ordem-nembutal-p","29":"product_tag-nembutal-p-venda","31":"first","32":"instock","33":"shipping-taxable","34":"purchasable","35":"product-type-variable"},"yoast_head":"<!-- This site is optimized with the Yoast SEO plugin v27.3 - https:\/\/yoast.com\/product\/yoast-seo-wordpress\/ -->\n<title>Compre Nembutal Powder - Pentobarbital s\u00f3dico - Best Global Meds<\/title>\n<meta name=\"description\" content=\"Compre Nembutal Powder pentobarbital s\u00f3dico para venda Reino Unido, Emirados \u00c1rabes Unidos, Europa, China em nossa loja online medicinasinc.com\/pt com entrega r\u00e1pida em todo o mundo! O melhor Nembutal para pedir voc\u00ea encontra aqui!\" \/>\n<meta name=\"robots\" content=\"index, follow, max-snippet:-1, max-image-preview:large, max-video-preview:-1\" \/>\n<link rel=\"canonical\" href=\"https:\/\/medicinasinc.com\/pt\/product\/comprar-nembutal-po\/\" \/>\n<meta property=\"og:locale\" content=\"pt_PT\" \/>\n<meta property=\"og:type\" content=\"article\" \/>\n<meta property=\"og:title\" content=\"Compre Nembutal Powder - Pentobarbital s\u00f3dico - Best Global Meds\" \/>\n<meta property=\"og:description\" content=\"Compre Nembutal Powder pentobarbital s\u00f3dico para venda Reino Unido, Emirados \u00c1rabes Unidos, Europa, China em nossa loja online medicinasinc.com\/pt com entrega r\u00e1pida em todo o mundo! O melhor Nembutal para pedir voc\u00ea encontra aqui!\" \/>\n<meta property=\"og:url\" content=\"https:\/\/medicinasinc.com\/pt\/product\/comprar-nembutal-po\/\" \/>\n<meta property=\"og:site_name\" content=\"Medicinas Inc\" \/>\n<meta property=\"article:modified_time\" content=\"2022-07-05T22:53:39+00:00\" \/>\n<meta property=\"og:image\" content=\"https:\/\/medicinasinc.com\/pt\/wp-content\/uploads\/sites\/20\/2022\/02\/Buy-Nembutal-Powder-2.jpg\" \/>\n\t<meta property=\"og:image:width\" content=\"600\" \/>\n\t<meta property=\"og:image:height\" content=\"600\" \/>\n\t<meta property=\"og:image:type\" content=\"image\/jpeg\" \/>\n<meta name=\"twitter:card\" content=\"summary_large_image\" \/>\n<meta name=\"twitter:label1\" content=\"Tempo estimado de leitura\" \/>\n\t<meta name=\"twitter:data1\" content=\"2 minutos\" \/>\n<script type=\"application\/ld+json\" class=\"yoast-schema-graph\">{\"@context\":\"https:\\\/\\\/schema.org\",\"@graph\":[{\"@type\":\"WebPage\",\"@id\":\"https:\\\/\\\/medicinasinc.com\\\/pt\\\/product\\\/comprar-nembutal-po\\\/\",\"url\":\"https:\\\/\\\/medicinasinc.com\\\/pt\\\/product\\\/comprar-nembutal-po\\\/\",\"name\":\"Compre Nembutal Powder - Pentobarbital s\u00f3dico - Best Global Meds\",\"isPartOf\":{\"@id\":\"https:\\\/\\\/medicinasinc.com\\\/pt\\\/#website\"},\"primaryImageOfPage\":{\"@id\":\"https:\\\/\\\/medicinasinc.com\\\/pt\\\/product\\\/comprar-nembutal-po\\\/#primaryimage\"},\"image\":{\"@id\":\"https:\\\/\\\/medicinasinc.com\\\/pt\\\/product\\\/comprar-nembutal-po\\\/#primaryimage\"},\"thumbnailUrl\":\"https:\\\/\\\/medicinasinc.com\\\/pt\\\/wp-content\\\/uploads\\\/sites\\\/20\\\/2022\\\/02\\\/Buy-Nembutal-Powder-2.jpg\",\"datePublished\":\"2022-02-22T06:07:08+00:00\",\"dateModified\":\"2022-07-05T22:53:39+00:00\",\"description\":\"Compre Nembutal Powder pentobarbital s\u00f3dico para venda Reino Unido, Emirados \u00c1rabes Unidos, Europa, China em nossa loja online medicinasinc.com\\\/pt com entrega r\u00e1pida em todo o mundo! O melhor Nembutal para pedir voc\u00ea encontra aqui!\",\"breadcrumb\":{\"@id\":\"https:\\\/\\\/medicinasinc.com\\\/pt\\\/product\\\/comprar-nembutal-po\\\/#breadcrumb\"},\"inLanguage\":\"pt-PT\",\"potentialAction\":[{\"@type\":\"ReadAction\",\"target\":[\"https:\\\/\\\/medicinasinc.com\\\/pt\\\/product\\\/comprar-nembutal-po\\\/\"]}]},{\"@type\":\"ImageObject\",\"inLanguage\":\"pt-PT\",\"@id\":\"https:\\\/\\\/medicinasinc.com\\\/pt\\\/product\\\/comprar-nembutal-po\\\/#primaryimage\",\"url\":\"https:\\\/\\\/medicinasinc.com\\\/pt\\\/wp-content\\\/uploads\\\/sites\\\/20\\\/2022\\\/02\\\/Buy-Nembutal-Powder-2.jpg\",\"contentUrl\":\"https:\\\/\\\/medicinasinc.com\\\/pt\\\/wp-content\\\/uploads\\\/sites\\\/20\\\/2022\\\/02\\\/Buy-Nembutal-Powder-2.jpg\",\"width\":600,\"height\":600},{\"@type\":\"BreadcrumbList\",\"@id\":\"https:\\\/\\\/medicinasinc.com\\\/pt\\\/product\\\/comprar-nembutal-po\\\/#breadcrumb\",\"itemListElement\":[{\"@type\":\"ListItem\",\"position\":1,\"name\":\"Comprar\",\"item\":\"https:\\\/\\\/medicinasinc.com\\\/pt\\\/comprar\\\/\"},{\"@type\":\"ListItem\",\"position\":2,\"name\":\"Compre Nembutal em p\u00f3\"}]},{\"@type\":\"WebSite\",\"@id\":\"https:\\\/\\\/medicinasinc.com\\\/pt\\\/#website\",\"url\":\"https:\\\/\\\/medicinasinc.com\\\/pt\\\/\",\"name\":\"Medicinas Inc\",\"description\":\"Health Medical Clinic\",\"potentialAction\":[{\"@type\":\"SearchAction\",\"target\":{\"@type\":\"EntryPoint\",\"urlTemplate\":\"https:\\\/\\\/medicinasinc.com\\\/pt\\\/?s={search_term_string}\"},\"query-input\":{\"@type\":\"PropertyValueSpecification\",\"valueRequired\":true,\"valueName\":\"search_term_string\"}}],\"inLanguage\":\"pt-PT\"}]}<\/script>\n<!-- \/ Yoast SEO plugin. -->","yoast_head_json":{"title":"Compre Nembutal Powder - Pentobarbital s\u00f3dico - Best Global Meds","description":"Compre Nembutal Powder pentobarbital s\u00f3dico para venda Reino Unido, Emirados \u00c1rabes Unidos, Europa, China em nossa loja online medicinasinc.com\/pt com entrega r\u00e1pida em todo o mundo! O melhor Nembutal para pedir voc\u00ea encontra aqui!","robots":{"index":"index","follow":"follow","max-snippet":"max-snippet:-1","max-image-preview":"max-image-preview:large","max-video-preview":"max-video-preview:-1"},"canonical":"https:\/\/medicinasinc.com\/pt\/product\/comprar-nembutal-po\/","og_locale":"pt_PT","og_type":"article","og_title":"Compre Nembutal Powder - Pentobarbital s\u00f3dico - Best Global Meds","og_description":"Compre Nembutal Powder pentobarbital s\u00f3dico para venda Reino Unido, Emirados \u00c1rabes Unidos, Europa, China em nossa loja online medicinasinc.com\/pt com entrega r\u00e1pida em todo o mundo! O melhor Nembutal para pedir voc\u00ea encontra aqui!","og_url":"https:\/\/medicinasinc.com\/pt\/product\/comprar-nembutal-po\/","og_site_name":"Medicinas Inc","article_modified_time":"2022-07-05T22:53:39+00:00","og_image":[{"width":600,"height":600,"url":"https:\/\/medicinasinc.com\/pt\/wp-content\/uploads\/sites\/20\/2022\/02\/Buy-Nembutal-Powder-2.jpg","type":"image\/jpeg"}],"twitter_card":"summary_large_image","twitter_misc":{"Tempo estimado de leitura":"2 minutos"},"schema":{"@context":"https:\/\/schema.org","@graph":[{"@type":"WebPage","@id":"https:\/\/medicinasinc.com\/pt\/product\/comprar-nembutal-po\/","url":"https:\/\/medicinasinc.com\/pt\/product\/comprar-nembutal-po\/","name":"Compre Nembutal Powder - Pentobarbital s\u00f3dico - Best Global Meds","isPartOf":{"@id":"https:\/\/medicinasinc.com\/pt\/#website"},"primaryImageOfPage":{"@id":"https:\/\/medicinasinc.com\/pt\/product\/comprar-nembutal-po\/#primaryimage"},"image":{"@id":"https:\/\/medicinasinc.com\/pt\/product\/comprar-nembutal-po\/#primaryimage"},"thumbnailUrl":"https:\/\/medicinasinc.com\/pt\/wp-content\/uploads\/sites\/20\/2022\/02\/Buy-Nembutal-Powder-2.jpg","datePublished":"2022-02-22T06:07:08+00:00","dateModified":"2022-07-05T22:53:39+00:00","description":"Compre Nembutal Powder pentobarbital s\u00f3dico para venda Reino Unido, Emirados \u00c1rabes Unidos, Europa, China em nossa loja online medicinasinc.com\/pt com entrega r\u00e1pida em todo o mundo! O melhor Nembutal para pedir voc\u00ea encontra aqui!","breadcrumb":{"@id":"https:\/\/medicinasinc.com\/pt\/product\/comprar-nembutal-po\/#breadcrumb"},"inLanguage":"pt-PT","potentialAction":[{"@type":"ReadAction","target":["https:\/\/medicinasinc.com\/pt\/product\/comprar-nembutal-po\/"]}]},{"@type":"ImageObject","inLanguage":"pt-PT","@id":"https:\/\/medicinasinc.com\/pt\/product\/comprar-nembutal-po\/#primaryimage","url":"https:\/\/medicinasinc.com\/pt\/wp-content\/uploads\/sites\/20\/2022\/02\/Buy-Nembutal-Powder-2.jpg","contentUrl":"https:\/\/medicinasinc.com\/pt\/wp-content\/uploads\/sites\/20\/2022\/02\/Buy-Nembutal-Powder-2.jpg","width":600,"height":600},{"@type":"BreadcrumbList","@id":"https:\/\/medicinasinc.com\/pt\/product\/comprar-nembutal-po\/#breadcrumb","itemListElement":[{"@type":"ListItem","position":1,"name":"Comprar","item":"https:\/\/medicinasinc.com\/pt\/comprar\/"},{"@type":"ListItem","position":2,"name":"Compre Nembutal em p\u00f3"}]},{"@type":"WebSite","@id":"https:\/\/medicinasinc.com\/pt\/#website","url":"https:\/\/medicinasinc.com\/pt\/","name":"Medicinas Inc","description":"Health Medical Clinic","potentialAction":[{"@type":"SearchAction","target":{"@type":"EntryPoint","urlTemplate":"https:\/\/medicinasinc.com\/pt\/?s={search_term_string}"},"query-input":{"@type":"PropertyValueSpecification","valueRequired":true,"valueName":"search_term_string"}}],"inLanguage":"pt-PT"}]}},"_links":{"self":[{"href":"https:\/\/medicinasinc.com\/pt\/wp-json\/wp\/v2\/product\/5781","targetHints":{"allow":["GET"]}}],"collection":[{"href":"https:\/\/medicinasinc.com\/pt\/wp-json\/wp\/v2\/product"}],"about":[{"href":"https:\/\/medicinasinc.com\/pt\/wp-json\/wp\/v2\/types\/product"}],"replies":[{"embeddable":true,"href":"https:\/\/medicinasinc.com\/pt\/wp-json\/wp\/v2\/comments?post=5781"}],"wp:featuredmedia":[{"embeddable":true,"href":"https:\/\/medicinasinc.com\/pt\/wp-json\/wp\/v2\/media\/5791"}],"wp:attachment":[{"href":"https:\/\/medicinasinc.com\/pt\/wp-json\/wp\/v2\/media?parent=5781"}],"wp:term":[{"taxonomy":"product_brand","embeddable":true,"href":"https:\/\/medicinasinc.com\/pt\/wp-json\/wp\/v2\/product_brand?post=5781"},{"taxonomy":"product_cat","embeddable":true,"href":"https:\/\/medicinasinc.com\/pt\/wp-json\/wp\/v2\/product_cat?post=5781"},{"taxonomy":"product_tag","embeddable":true,"href":"https:\/\/medicinasinc.com\/pt\/wp-json\/wp\/v2\/product_tag?post=5781"}],"curies":[{"name":"wp","href":"https:\/\/api.w.org\/{rel}","templated":true}]}}