{"id":5777,"date":"2022-02-22T05:58:59","date_gmt":"2022-02-22T05:58:59","guid":{"rendered":"https:\/\/medicinasinc.com\/pt\/?post_type=product&#038;p=5777"},"modified":"2022-07-05T22:54:03","modified_gmt":"2022-07-05T22:54:03","slug":"comprar-capsulas-de-nembutal","status":"publish","type":"product","link":"https:\/\/medicinasinc.com\/pt\/product\/comprar-capsulas-de-nembutal\/","title":{"rendered":"Compre c\u00e1psulas de Nembutal"},"content":{"rendered":"<p>Encontre os melhores fornecedores e revendedores de c\u00e1psulas de Nembutal em nossa farm\u00e1cia on-line de Nembutal<\/p>\n<p>Voc\u00ea est\u00e1 tentando localizar uma farm\u00e1cia on-line respeit\u00e1vel onde possa obter o melhor neg\u00f3cio em c\u00e1psulas de Nembutal? Sim? Ent\u00e3o este \u00e9 o local ideal para si. Conhecida como Farm\u00e1cia Nembutal Online, somos uma conhecida farm\u00e1cia online. Conquistamos muitos clientes dedicados gra\u00e7as \u00e0 nossa reputa\u00e7\u00e3o como um dos principais revendedores e fornecedores on-line de C\u00e1psulas de Nembutal.<\/p>\n<p>N\u00e3o se preocupe se esta for a primeira vez que compra C\u00e1psulas de Nembutal em nossa farm\u00e1cia on-line . Voc\u00ea pode esperar nada, mas o melhor aqui. Estamos sempre aqui para ajud\u00e1-lo a encontrar as C\u00e1psulas de Nembutal que voc\u00ea precisa e entreg\u00e1-las o mais r\u00e1pido poss\u00edvel. De acordo com as normas do setor, atendemos ou superamos as expectativas de nossos clientes. As c\u00e1psulas de Nembutal da nossa farm\u00e1cia on-line s\u00e3o da mais alta qualidade, e isso tamb\u00e9m inclui a embalagem e o envio. Entre em contato conosco hoje se estiver interessado em obter C\u00e1psulas de Nembutal e atenderemos \u00e0s suas necessidades em tempo h\u00e1bil.<\/p>\n<p>Por que comprar C\u00e1psulas de Nembutal de uma farm\u00e1cia on-line de Nembutal \u00e9 a melhor escolha?<\/p>\n<p> Nossa empresa \u00e9 a melhor op\u00e7\u00e3o se voc\u00ea deseja C\u00e1psulas de Nembutal de maneira precisa com um servi\u00e7o de entrega r\u00e1pida e com qualidade verificada. As c\u00e1psulas de Nembutal da melhor qualidade est\u00e3o dispon\u00edveis a pre\u00e7os baratos na Farm\u00e1cia Nembutal online. Como n\u00e3o usamos intermedi\u00e1rios, conseguimos manter tudo funcionando sem problemas. O atendimento ao cliente \u00e9 uma prioridade para n\u00f3s e garantimos que os pedidos sejam entregues no prazo.<\/p>\n<p>Recebemos \u00f3timos coment\u00e1rios e avalia\u00e7\u00f5es de nossos consumidores porque trabalhamos neste campo h\u00e1 muito tempo. As C\u00e1psulas Nembutal s\u00e3o enviadas aos clientes de forma segura pela nossa equipa. Inclu\u00edmos um conjunto de instru\u00e7\u00f5es com cada item que voc\u00ea compra de n\u00f3s. Estas instru\u00e7\u00f5es ir\u00e3o mostrar-lhe como tomar com seguran\u00e7a a sua prescri\u00e7\u00e3o de C\u00e1psulas de Nembutal.<\/p>\n<p>Pode sempre contar com os nossos servi\u00e7os de alto n\u00edvel. Nossa farm\u00e1cia on-line pode ajud\u00e1-lo a saber mais sobre o medicamento C\u00e1psulas de Nembutal. As c\u00e1psulas de Nembutal costumavam ser dif\u00edceis de obter no passado. No entanto, com o passar do tempo, nossa farm\u00e1cia on-line conseguiu oferecer itens Nembutal on-line. Voc\u00ea pode obt\u00ea-los sempre que quiser.<\/p>\n","protected":false},"excerpt":{"rendered":"<p>Encomenda de C\u00e1psulas de Nembutal Online: Quais s\u00e3o os passos a seguir?<\/p>\n<p>Voc\u00ea pode enviar sua solicita\u00e7\u00e3o para comprar C\u00e1psulas de Nembutal online ao melhor pre\u00e7o em nosso site oficial e conclu\u00ed-lo em um curto per\u00edodo de tempo. . Estamos encarregados de atender seu pedido. Voc\u00ea pode comprar C\u00e1psulas de Nembutal conosco agora mesmo se entrar em contato conosco hoje!<\/p>\n<p>Na nossa loja online medicinasinc.com\/pt voc\u00ea pode obter C\u00e1psulas de Nembutal, p\u00edlulas Europa e Pentobarbital para venda no Reino Unido com rapidez em todo o mundo Entrega! Voc\u00ea encontrar\u00e1 o melhor lugar para comprar Nembutal online aqui!<\/p>\n","protected":false},"featured_media":5786,"comment_status":"open","ping_status":"closed","template":"","meta":[],"product_brand":[],"product_cat":[3818],"product_tag":[3820,3821,3822,3825,3826,3827,3828,3829,3830,3831,3832,3834,3835,3840,3841,3842,3837,3838,3839,3904,3824,3823,3905,3862,3865,3901,3894,3907,3882,3864,3853,3869,3843,3871,3872,3910,3868,3885,3836,3886,3887,3844,3819,3845,3846,3849,3850,3854,3855,3852,3848,3851,3856,3859,3860,3861,3866,3912,3923,3922,3925,3926,3924,3927,3915,3914,3921,3916,3917,3918,3920,3919,3867,3870,3873,3874,3875,3877,3876,3906,3878,3879,3893,3895,3890,3881,3891,3902,3892,3883,3909,3908,3884,3880,3889,3898,3899,3857,3858,3863,3900,3833,3911,3897,3896,3913,3888,3903,3847],"class_list":{"0":"post-5777","1":"product","2":"type-product","3":"status-publish","4":"has-post-thumbnail","6":"product_cat-pentobarbital-a-venda","7":"product_tag-buy-cheap-nembutal-liquid-online","8":"product_tag-buy-cheap-nembutal-online","9":"product_tag-buy-nembutal-here","10":"product_tag-buy-nembutal-pills-online","11":"product_tag-buy-nembutal-sodium-online","12":"product_tag-buy-pentobarbital-sodium","13":"product_tag-buy-pentobarbital-sodium-2021","14":"product_tag-buy-pentobarbital-sodium-pentobarbital-sodium-salt","15":"product_tag-buy-sodium-pentobarbital-uk","16":"product_tag-can-i-buy-pentobarbital","17":"product_tag-can-i-order-nembutal-online","18":"product_tag-can-you-buy-pentobarbital-sodium-over-the-counter","19":"product_tag-can-you-buy-sodium-pentobarbital","20":"product_tag-como-adquirir-nembutal","21":"product_tag-como-comprar-nembutal-online","22":"product_tag-como-pedir-nembutal-por-mail","23":"product_tag-como-pedir-plulas-de-nembutal","24":"product_tag-como-pedir-pentobarbital-sdio","25":"product_tag-como-posso-tomar-nembutal","26":"product_tag-comprar-nembutal-online","27":"product_tag-comprar-nembutal-pentobarbital-s-c3-b3dio","28":"product_tag-compre-nembutal-liquid-online","29":"product_tag-comprar-nembutal-plulas-online","30":"product_tag-nembutal-plulas-comprar-online","31":"product_tag-nembutal-plulas-para-venda","32":"product_tag-comprimidos-de-pentobarbital-de-sdio","33":"product_tag-pentobarbital-comprimidos-de-sdio","34":"product_tag-sdio-pentobarbital-custo","35":"product_tag-pentobarbital-sdio-dosagem","36":"product_tag-nembutal-plulas-dose","37":"product_tag-nembutal-lquido-dose","38":"product_tag-nembutal-dose-suicida","39":"product_tag--fcil-de-comprar-nembutal-online","40":"product_tag-ordem-plulas-de-nembutal","41":"product_tag-encomendar-plulas-nembutal-online","42":"product_tag-fabricantes-de-pentobarbital-de-sdio","43":"product_tag-nembutal-plulas-fornecedor","44":"product_tag-pentobarbital-grupo-de-sdio","45":"product_tag-how-can-i-order-nembutal-liquid","46":"product_tag-pentobarbital-injeo-de-sdio-para-ces","47":"product_tag-pentobarbital-injeo-de-sdio-para-humanos","48":"product_tag-lethal-injection-buy-online","49":"product_tag-melhor-droga-para-overdose-de-suicdio","50":"product_tag-nembutal","51":"product_tag-nembutal-capsule","52":"product_tag-nembutal-liquid-buy-australia","53":"product_tag-nembutal-liquid-buy-austria","54":"product_tag-nembutal-liquid-overdose","55":"product_tag-nembutal-liquid-supplier","56":"product_tag-nembutal-liquid-buy-uk","57":"product_tag-nembutal-lquido-comprar","58":"product_tag-nembutal-liquid-buy-europe","59":"product_tag-nembutal-pentobarbital-sdio-comprar","60":"product_tag-nembutal-pills-buy-australia","61":"product_tag-nembutal-pills-buy-austria","62":"product_tag-nembutal-pills-buy-europe","63":"product_tag-nembutal-pills-online","64":"product_tag-o-melhor-lugar-para-comprar-plulas-nembutal-on-line","65":"product_tag-onde-comprar-barato-nembutal-online","66":"product_tag-onde-voc-pode-comprar-pentobarbital-sdio","67":"product_tag-onde-comprar-pentobarbital-sdio","68":"product_tag-onde-comprar-pentobarbital-sdio-para-ces","69":"product_tag-onde-comprar-comprimidos-de-nembutal-online","70":"product_tag-onde-obter-pentobarbital-sdio","71":"product_tag-onde-comprar-plulas-de-nembutal","72":"product_tag-onde-posso-comprar-nembutal-lquido","73":"product_tag-onde-posso-comprar-nembutal","74":"product_tag-onde-posso-comprar-nembutal-sdio-pentobarbital","75":"product_tag-onde-comprar-pentobarbital","76":"product_tag-onde-posso-comprar-pentobarbital-sdio","77":"product_tag-onde-posso-comprar-pentobarbital-de-sdio","78":"product_tag-onde-comprar-pentobarbital-sdio-plulas-para-dormir","79":"product_tag-nembutal-plulas-overdose","80":"product_tag-ordem-nembutal-lquido","81":"product_tag-ordem-pentobarbital-sdio","82":"product_tag-pentobarbital","83":"product_tag-pentobarbital-de-sodium-dose-letale","84":"product_tag-pentobarbital-near-me","85":"product_tag-pentobarbital-para-eutansia","86":"product_tag-sdio-pentobarbital-nembutal","87":"product_tag-pentobarbital-sdio-anestesia","88":"product_tag-pentobarbital-sdio-comprar","89":"product_tag-pentobarbital-sdio-de-venda-livre","90":"product_tag-pentobarbital-sdio-p","91":"product_tag-pentobarbital-sdio-lquido","92":"product_tag-pentobarbital-sdio-morte","93":"product_tag-pentobarbital-sdio-nz","94":"product_tag-pentobarbital-sdio-onde-comprar","95":"product_tag-pentobarbital-sdio-oral","96":"product_tag-pentobarbital-sdio-para-ces","97":"product_tag-sdio-pentobarbital-para-eutansia","98":"product_tag-sdio-pentobarbital-para-animal-eutansia","99":"product_tag-pentobarbital-sdio-para-humanos","100":"product_tag-pentobarbital-sdio-china","101":"product_tag-pentobarbital-sodium-injection-usp","102":"product_tag-pentobarbital-sodium-salt","103":"product_tag-pentobarbital-sodium-sleeping-pills","104":"product_tag-p-c3-adlulas-de-nembutal","105":"product_tag-nembutal-plulas-comprar","106":"product_tag-nembutal-pills-buy-uk","107":"product_tag-pentobarbital-sdio-comprimidos-para-dormir-sem-receita","108":"product_tag-posso-pedir-pentobarbital-online","109":"product_tag-sdio-pentobarbital-vida-de-prateleira","110":"product_tag-pentobarbital-sdio-preo","111":"product_tag-pentobarbital-sdio-prescrio","112":"product_tag-quero-comprar-nembutal","113":"product_tag-pentobarbital-sdio-injeo-soluo","114":"product_tag-pentobarbital-uso","115":"product_tag-nembutal-para-venda","117":"first","118":"instock","119":"shipping-taxable","120":"purchasable","121":"product-type-variable"},"yoast_head":"<!-- This site is optimized with the Yoast SEO plugin v27.3 - https:\/\/yoast.com\/product\/yoast-seo-wordpress\/ -->\n<title>Compre C\u00e1psulas de Nembutal - Encomende C\u00e1psulas de Nembutal - Melhores Medicamentos Globais<\/title>\n<meta name=\"description\" content=\"Compre\/encomende c\u00e1psulas de Nembutal, p\u00edlulas para venda no Reino Unido, Europa, China, Jap\u00e3o, Israel de uma farm\u00e1cia on-line respeit\u00e1vel sem receita m\u00e9dica e envio discreto garantido.\" \/>\n<meta name=\"robots\" content=\"index, follow, max-snippet:-1, max-image-preview:large, max-video-preview:-1\" \/>\n<link rel=\"canonical\" href=\"https:\/\/medicinasinc.com\/pt\/product\/comprar-capsulas-de-nembutal\/\" \/>\n<meta property=\"og:locale\" content=\"pt_PT\" \/>\n<meta property=\"og:type\" content=\"article\" \/>\n<meta property=\"og:title\" content=\"Compre C\u00e1psulas de Nembutal - Encomende C\u00e1psulas de Nembutal - Melhores Medicamentos Globais\" \/>\n<meta property=\"og:description\" content=\"Compre\/encomende c\u00e1psulas de Nembutal, p\u00edlulas para venda no Reino Unido, Europa, China, Jap\u00e3o, Israel de uma farm\u00e1cia on-line respeit\u00e1vel sem receita m\u00e9dica e envio discreto garantido.\" \/>\n<meta property=\"og:url\" content=\"https:\/\/medicinasinc.com\/pt\/product\/comprar-capsulas-de-nembutal\/\" \/>\n<meta property=\"og:site_name\" content=\"Medicinas Inc\" \/>\n<meta property=\"article:modified_time\" content=\"2022-07-05T22:54:03+00:00\" \/>\n<meta property=\"og:image\" content=\"https:\/\/medicinasinc.com\/pt\/wp-content\/uploads\/sites\/20\/2022\/02\/Buy-Nembutal-Capsules.jpg\" \/>\n\t<meta property=\"og:image:width\" content=\"600\" \/>\n\t<meta property=\"og:image:height\" content=\"600\" \/>\n\t<meta property=\"og:image:type\" content=\"image\/jpeg\" \/>\n<meta name=\"twitter:card\" content=\"summary_large_image\" \/>\n<meta name=\"twitter:label1\" content=\"Tempo estimado de leitura\" \/>\n\t<meta name=\"twitter:data1\" content=\"2 minutos\" \/>\n<script type=\"application\/ld+json\" class=\"yoast-schema-graph\">{\"@context\":\"https:\\\/\\\/schema.org\",\"@graph\":[{\"@type\":\"WebPage\",\"@id\":\"https:\\\/\\\/medicinasinc.com\\\/pt\\\/product\\\/comprar-capsulas-de-nembutal\\\/\",\"url\":\"https:\\\/\\\/medicinasinc.com\\\/pt\\\/product\\\/comprar-capsulas-de-nembutal\\\/\",\"name\":\"Compre C\u00e1psulas de Nembutal - Encomende C\u00e1psulas de Nembutal - Melhores Medicamentos Globais\",\"isPartOf\":{\"@id\":\"https:\\\/\\\/medicinasinc.com\\\/pt\\\/#website\"},\"primaryImageOfPage\":{\"@id\":\"https:\\\/\\\/medicinasinc.com\\\/pt\\\/product\\\/comprar-capsulas-de-nembutal\\\/#primaryimage\"},\"image\":{\"@id\":\"https:\\\/\\\/medicinasinc.com\\\/pt\\\/product\\\/comprar-capsulas-de-nembutal\\\/#primaryimage\"},\"thumbnailUrl\":\"https:\\\/\\\/medicinasinc.com\\\/pt\\\/wp-content\\\/uploads\\\/sites\\\/20\\\/2022\\\/02\\\/Buy-Nembutal-Capsules.jpg\",\"datePublished\":\"2022-02-22T05:58:59+00:00\",\"dateModified\":\"2022-07-05T22:54:03+00:00\",\"description\":\"Compre\\\/encomende c\u00e1psulas de Nembutal, p\u00edlulas para venda no Reino Unido, Europa, China, Jap\u00e3o, Israel de uma farm\u00e1cia on-line respeit\u00e1vel sem receita m\u00e9dica e envio discreto garantido.\",\"breadcrumb\":{\"@id\":\"https:\\\/\\\/medicinasinc.com\\\/pt\\\/product\\\/comprar-capsulas-de-nembutal\\\/#breadcrumb\"},\"inLanguage\":\"pt-PT\",\"potentialAction\":[{\"@type\":\"ReadAction\",\"target\":[\"https:\\\/\\\/medicinasinc.com\\\/pt\\\/product\\\/comprar-capsulas-de-nembutal\\\/\"]}]},{\"@type\":\"ImageObject\",\"inLanguage\":\"pt-PT\",\"@id\":\"https:\\\/\\\/medicinasinc.com\\\/pt\\\/product\\\/comprar-capsulas-de-nembutal\\\/#primaryimage\",\"url\":\"https:\\\/\\\/medicinasinc.com\\\/pt\\\/wp-content\\\/uploads\\\/sites\\\/20\\\/2022\\\/02\\\/Buy-Nembutal-Capsules.jpg\",\"contentUrl\":\"https:\\\/\\\/medicinasinc.com\\\/pt\\\/wp-content\\\/uploads\\\/sites\\\/20\\\/2022\\\/02\\\/Buy-Nembutal-Capsules.jpg\",\"width\":600,\"height\":600},{\"@type\":\"BreadcrumbList\",\"@id\":\"https:\\\/\\\/medicinasinc.com\\\/pt\\\/product\\\/comprar-capsulas-de-nembutal\\\/#breadcrumb\",\"itemListElement\":[{\"@type\":\"ListItem\",\"position\":1,\"name\":\"Comprar\",\"item\":\"https:\\\/\\\/medicinasinc.com\\\/pt\\\/comprar\\\/\"},{\"@type\":\"ListItem\",\"position\":2,\"name\":\"Compre c\u00e1psulas de Nembutal\"}]},{\"@type\":\"WebSite\",\"@id\":\"https:\\\/\\\/medicinasinc.com\\\/pt\\\/#website\",\"url\":\"https:\\\/\\\/medicinasinc.com\\\/pt\\\/\",\"name\":\"Medicinas Inc\",\"description\":\"Health Medical Clinic\",\"potentialAction\":[{\"@type\":\"SearchAction\",\"target\":{\"@type\":\"EntryPoint\",\"urlTemplate\":\"https:\\\/\\\/medicinasinc.com\\\/pt\\\/?s={search_term_string}\"},\"query-input\":{\"@type\":\"PropertyValueSpecification\",\"valueRequired\":true,\"valueName\":\"search_term_string\"}}],\"inLanguage\":\"pt-PT\"}]}<\/script>\n<!-- \/ Yoast SEO plugin. -->","yoast_head_json":{"title":"Compre C\u00e1psulas de Nembutal - Encomende C\u00e1psulas de Nembutal - Melhores Medicamentos Globais","description":"Compre\/encomende c\u00e1psulas de Nembutal, p\u00edlulas para venda no Reino Unido, Europa, China, Jap\u00e3o, Israel de uma farm\u00e1cia on-line respeit\u00e1vel sem receita m\u00e9dica e envio discreto garantido.","robots":{"index":"index","follow":"follow","max-snippet":"max-snippet:-1","max-image-preview":"max-image-preview:large","max-video-preview":"max-video-preview:-1"},"canonical":"https:\/\/medicinasinc.com\/pt\/product\/comprar-capsulas-de-nembutal\/","og_locale":"pt_PT","og_type":"article","og_title":"Compre C\u00e1psulas de Nembutal - Encomende C\u00e1psulas de Nembutal - Melhores Medicamentos Globais","og_description":"Compre\/encomende c\u00e1psulas de Nembutal, p\u00edlulas para venda no Reino Unido, Europa, China, Jap\u00e3o, Israel de uma farm\u00e1cia on-line respeit\u00e1vel sem receita m\u00e9dica e envio discreto garantido.","og_url":"https:\/\/medicinasinc.com\/pt\/product\/comprar-capsulas-de-nembutal\/","og_site_name":"Medicinas Inc","article_modified_time":"2022-07-05T22:54:03+00:00","og_image":[{"width":600,"height":600,"url":"https:\/\/medicinasinc.com\/pt\/wp-content\/uploads\/sites\/20\/2022\/02\/Buy-Nembutal-Capsules.jpg","type":"image\/jpeg"}],"twitter_card":"summary_large_image","twitter_misc":{"Tempo estimado de leitura":"2 minutos"},"schema":{"@context":"https:\/\/schema.org","@graph":[{"@type":"WebPage","@id":"https:\/\/medicinasinc.com\/pt\/product\/comprar-capsulas-de-nembutal\/","url":"https:\/\/medicinasinc.com\/pt\/product\/comprar-capsulas-de-nembutal\/","name":"Compre C\u00e1psulas de Nembutal - Encomende C\u00e1psulas de Nembutal - Melhores Medicamentos Globais","isPartOf":{"@id":"https:\/\/medicinasinc.com\/pt\/#website"},"primaryImageOfPage":{"@id":"https:\/\/medicinasinc.com\/pt\/product\/comprar-capsulas-de-nembutal\/#primaryimage"},"image":{"@id":"https:\/\/medicinasinc.com\/pt\/product\/comprar-capsulas-de-nembutal\/#primaryimage"},"thumbnailUrl":"https:\/\/medicinasinc.com\/pt\/wp-content\/uploads\/sites\/20\/2022\/02\/Buy-Nembutal-Capsules.jpg","datePublished":"2022-02-22T05:58:59+00:00","dateModified":"2022-07-05T22:54:03+00:00","description":"Compre\/encomende c\u00e1psulas de Nembutal, p\u00edlulas para venda no Reino Unido, Europa, China, Jap\u00e3o, Israel de uma farm\u00e1cia on-line respeit\u00e1vel sem receita m\u00e9dica e envio discreto garantido.","breadcrumb":{"@id":"https:\/\/medicinasinc.com\/pt\/product\/comprar-capsulas-de-nembutal\/#breadcrumb"},"inLanguage":"pt-PT","potentialAction":[{"@type":"ReadAction","target":["https:\/\/medicinasinc.com\/pt\/product\/comprar-capsulas-de-nembutal\/"]}]},{"@type":"ImageObject","inLanguage":"pt-PT","@id":"https:\/\/medicinasinc.com\/pt\/product\/comprar-capsulas-de-nembutal\/#primaryimage","url":"https:\/\/medicinasinc.com\/pt\/wp-content\/uploads\/sites\/20\/2022\/02\/Buy-Nembutal-Capsules.jpg","contentUrl":"https:\/\/medicinasinc.com\/pt\/wp-content\/uploads\/sites\/20\/2022\/02\/Buy-Nembutal-Capsules.jpg","width":600,"height":600},{"@type":"BreadcrumbList","@id":"https:\/\/medicinasinc.com\/pt\/product\/comprar-capsulas-de-nembutal\/#breadcrumb","itemListElement":[{"@type":"ListItem","position":1,"name":"Comprar","item":"https:\/\/medicinasinc.com\/pt\/comprar\/"},{"@type":"ListItem","position":2,"name":"Compre c\u00e1psulas de Nembutal"}]},{"@type":"WebSite","@id":"https:\/\/medicinasinc.com\/pt\/#website","url":"https:\/\/medicinasinc.com\/pt\/","name":"Medicinas Inc","description":"Health Medical Clinic","potentialAction":[{"@type":"SearchAction","target":{"@type":"EntryPoint","urlTemplate":"https:\/\/medicinasinc.com\/pt\/?s={search_term_string}"},"query-input":{"@type":"PropertyValueSpecification","valueRequired":true,"valueName":"search_term_string"}}],"inLanguage":"pt-PT"}]}},"_links":{"self":[{"href":"https:\/\/medicinasinc.com\/pt\/wp-json\/wp\/v2\/product\/5777","targetHints":{"allow":["GET"]}}],"collection":[{"href":"https:\/\/medicinasinc.com\/pt\/wp-json\/wp\/v2\/product"}],"about":[{"href":"https:\/\/medicinasinc.com\/pt\/wp-json\/wp\/v2\/types\/product"}],"replies":[{"embeddable":true,"href":"https:\/\/medicinasinc.com\/pt\/wp-json\/wp\/v2\/comments?post=5777"}],"wp:featuredmedia":[{"embeddable":true,"href":"https:\/\/medicinasinc.com\/pt\/wp-json\/wp\/v2\/media\/5786"}],"wp:attachment":[{"href":"https:\/\/medicinasinc.com\/pt\/wp-json\/wp\/v2\/media?parent=5777"}],"wp:term":[{"taxonomy":"product_brand","embeddable":true,"href":"https:\/\/medicinasinc.com\/pt\/wp-json\/wp\/v2\/product_brand?post=5777"},{"taxonomy":"product_cat","embeddable":true,"href":"https:\/\/medicinasinc.com\/pt\/wp-json\/wp\/v2\/product_cat?post=5777"},{"taxonomy":"product_tag","embeddable":true,"href":"https:\/\/medicinasinc.com\/pt\/wp-json\/wp\/v2\/product_tag?post=5777"}],"curies":[{"name":"wp","href":"https:\/\/api.w.org\/{rel}","templated":true}]}}