{"id":5739,"date":"2022-02-22T05:15:21","date_gmt":"2022-02-22T05:15:21","guid":{"rendered":"https:\/\/medicinasinc.com\/pt\/?post_type=product&#038;p=5739"},"modified":"2022-07-05T22:54:21","modified_gmt":"2022-07-05T22:54:21","slug":"comprar-pirazolam-0-5-mg-pellets","status":"publish","type":"product","link":"https:\/\/medicinasinc.com\/pt\/product\/comprar-pirazolam-0-5-mg-pellets\/","title":{"rendered":"Compre Pyrazolam 0,5 mg pellets"},"content":{"rendered":"<p>Pyrazolam 0,5 mg pellets para venda no Reino Unido, Europa, Austr\u00e1lia e Uni\u00e3o Europeia. Pre\u00e7o de pirazolam, entrega noturna de pirazolam e onde comprar pirazolam de qualidade.<\/p>\n<p>O Bitcoin pode ser usado para comprar 1mg de p\u00edlulas de pirazolam online. C16H12BrN5 \u00e9 a estrutura molecular desta pastilha de prensa. O pirazolam pode ser dif\u00edcil de encontrar.<\/p>\n<p>A classe de medicamentos dos benzodiazep\u00ednicos inclui o pirazolam, um novo depressor. Relaxamento, desinibi\u00e7\u00e3o e euforia s\u00e3o apenas alguns dos efeitos colaterais positivos que as pessoas relatam. Compre e encomende pastilhas de pirazolam baratas 2022 na Internet.<\/p>\n<p>Os benzodiazep\u00ednicos como pirazolam e diazepam t\u00eam menos euforia e s\u00e3o mais sedativos, por isso n\u00e3o s\u00e3o comumente usados \u200b\u200bpara fins recreativos.<\/p>\n<p> Produtos Farmac\u00eauticos Encomendam P\u00edlulas de Pirazolam Baratas 2022 Online<\/p>\n<p>Existem muitos efeitos diferentes que podem ser produzidos ao tomar benzos porque eles se ligam ao local do receptor de benzodiazepina e aumentam a efic\u00e1cia e os efeitos do \u00e1cido gama-aminobut\u00edrico em seus receptores.<\/p>\n<p>Os efeitos sedativos ou calmantes do piazolam no sistema nervoso podem ser atribu\u00eddos \u00e0 sua modula\u00e7\u00e3o deste local, que \u00e9 o conjunto de receptores inibit\u00f3rios mais prol\u00edficos do c\u00e9rebro.<\/p>\n<p>Comprar o piazolam de um fornecedor respeit\u00e1vel garante que voc\u00ea receba seu pedido a tempo para o ano de 2021.<\/p>\n<p>Em vez dos receptores de benzodiazep\u00ednicos, os efeitos anticonvulsivantes dos benzodiazep\u00ednicos podem ser devidos \u00e0 sua liga\u00e7\u00e3o a canais de s\u00f3dio dependentes de voltagem.<\/p>\n<p>Efeitos sobre o Corpo<br \/> Tonturas<br \/> perda de fun\u00e7\u00e3o motora<br \/> Relaxamento dos m\u00fasculos<br \/> Depress\u00e3o do sistema respirat\u00f3rio<br \/> Piazolam \u00e9 menos sedativo do que outros benzodiazep\u00ednicos, a menos que tomado em altas doses, raz\u00e3o pela qual \u00e9 frequentemente prescrito para tratar a ins\u00f4nia.<br \/> Efeitos na Mente<\/p>\n<p>Os efeitos cognitivos do Pyrazolam podem ser divididos em v\u00e1rios componentes que aumentam de intensidade \u00e0 medida que a dosagem \u00e9 aumentada.<\/p>\n<p>A compra de Pyrazolam de um fornecedor respeit\u00e1vel garante que voc\u00ea receber\u00e1 seu ordem a tempo para o ano de 2021.<\/p>\n<p>Muitas pessoas descrevem o efeito geral do pirazolam na mente como seda\u00e7\u00e3o leve, mas com uma redu\u00e7\u00e3o correspondentemente forte na ansiedade. Tem um grande n\u00famero de efeitos cognitivos que s\u00e3o comumente associados \u00e0 depress\u00e3o.<\/p>\n<p>Em geral, os efeitos cognitivos mais percept\u00edveis incluem:<\/p>\n<p>Amn\u00e9sia<br \/> Supress\u00e3o da ansiedade<br \/> Desacelera\u00e7\u00e3o da mente<br \/> Supress\u00e3o da an\u00e1lise de dados<br \/> Desinibi\u00e7\u00e3o<br \/> Repeti\u00e7\u00e3o repetida dos pr\u00f3prios erros<br \/> Del\u00edrio de sobriedade: Apesar das evid\u00eancias \u00f3bvias em contr\u00e1rio, como comprometimento cognitivo grave e uma incapacidade de se comunicar totalmente com os outros, a falsa cren\u00e7a de que se est\u00e1 completamente s\u00f3brio persiste no indiv\u00edduo.<br \/> Aumento dos sonhos<br \/> Contrastes surpreendentes<br \/> Compre Pyrazolam Pellets 2021, compre Pyrazolam Online por Barato 2021<\/p>\n<p>N\u00e3o \u00e9 incomum que as pessoas que tomam benzodiazep\u00ednicos experimentem efeitos colaterais incomuns, como aumento na frequ\u00eancia de convuls\u00f5es, agress\u00e3o, irritabilidade e idea\u00e7\u00e3o suicida.<\/p>\n<p>Usu\u00e1rios de drogas recreativos, pessoas com doen\u00e7as mentais, crian\u00e7as, e pacientes em regimes de altas doses s\u00e3o mais propensos a experimentar e estes efeitos paradoxais.<\/p>\n<p>Potencial de Toler\u00e2ncia e Depend\u00eancia<\/p>\n<p>Pyrazolam tem um alto n\u00edvel de depend\u00eancia f\u00edsica e mental.<br \/> A toler\u00e2ncia aos efeitos sedativo-hipn\u00f3ticos se desenvolver\u00e1 dentro de alguns dias de uso regular do medicamento.<\/p>\n<p>A toler\u00e2ncia volta ao normal dentro de 7 a 14 dias ap\u00f3s a interrup\u00e7\u00e3o. No entanto, \u00e9 poss\u00edvel que, dependendo de quanto tempo e com que intensidade voc\u00ea o use, possa levar muito mais tempo.<\/p>\n<p>Ap\u00f3s algumas semanas ou mais de dosagem constante, podem ocorrer sintomas de abstin\u00eancia ou sintomas de rebote, exigindo um redu\u00e7\u00e3o gradual da dose.<\/p>\n<p>Intera\u00e7\u00f5es que podem ser prejudiciais. Compre Pyrazolam Online, Encomende Pyrazolam Pellets 2022<\/p>\n<p>Muitos medicamentos s\u00e3o seguros por conta pr\u00f3pria, mas quando combinados com outras subst\u00e2ncias, podem ser perigosos e at\u00e9 fatais. Algumas das combina\u00e7\u00f5es mais perigosas est\u00e3o listadas abaixo, mas isso \u00e9 feito por n\u00e3o significa uma lista exaustiva.<\/p>\n<p>No entanto, mesmo em doses baixas, certas combina\u00e7\u00f5es podem aumentar o risco de morte. Antes de consumir uma mistura de duas ou mais subst\u00e2ncias, pesquisas independentes devem ser conduzidas para garantir que seja seguro.<\/p>\n<p>A combina\u00e7\u00e3o de um depressor com outro depressor pode levar a uma depress\u00e3o respirat\u00f3ria perigosa ou mesmo fatal. Em altas doses, o relaxamento muscular, seda\u00e7\u00e3o e amn\u00e9sia que cada uma dessas drogas causa podem ser amplificados a ponto de perda inesperada de consci\u00eancia.<\/p>\n<p>Como resultado dessa combina\u00e7\u00e3o, o risco de v\u00f4mito e morte por asfixia durante a inconsci\u00eancia \u00e9 aumentada. As pessoas que experimentam isso devem tentar dormir na posi\u00e7\u00e3o de recupera\u00e7\u00e3o ou pedir a um amigo que as mova para ela.<\/p>\n<p>Os benzodiazep\u00ednicos e os estimulantes n\u00e3o devem ser combinados devido ao risco de intoxica\u00e7\u00e3o excessiva. O efeito sedativo dos benzodiazep\u00ednicos \u00e9 diminu\u00eddo por estimulantes, que \u00e9 a principal considera\u00e7\u00e3o para a maioria das pessoas ao avaliar seu n\u00edvel de intoxica\u00e7\u00e3o.<\/p>\n","protected":false},"excerpt":{"rendered":"<p>No Reino Unido, Europa, Austr\u00e1lia e UE, Pyrazolam 0,5 mg pellets est\u00e3o dispon\u00edveis para compra. Compre Pyrazolam Online, Frete de Pyrazolam Durante a Noite, Custo de Pyrazolam.<\/p>\n<p>Compre P\u00edlulas de 1mg de Pyrazolam com Bitcoin em uma farm\u00e1cia online. C16H12BrN5 \u00e9 a estrutura molecular deste gr\u00e2nulo de prensa qu\u00edmica. O pirazolam pode ser dif\u00edcil de encontrar.<\/p>\n<p>P\u00edlulas de 0,5 mg de pirazolam est\u00e3o dispon\u00edveis para compra online. De acordo com a teoria, espera-se que o pirazolam cause menos ataxia e seda\u00e7\u00e3o do que outros agentes. Por n\u00e3o possuir metab\u00f3litos ativos, o pirazolam tem uma meia-vida mais longa (6 horas em m\u00e9dia) e um efeito mais linear do que a maioria dos outros benzodiazep\u00ednicos.<\/p>\n","protected":false},"featured_media":5751,"comment_status":"open","ping_status":"closed","template":"","meta":[],"product_brand":[],"product_cat":[2014],"product_tag":[3797,3800,3801,3802,3803,3807,3799,3810,3805,3804,3806,3817,3816,3798,3812,3808,3809,3814,3815,3813,3811],"class_list":{"0":"post-5739","1":"product","2":"type-product","3":"status-publish","4":"has-post-thumbnail","6":"product_cat-compre-produtos-quimicos-de-pesquisa","7":"product_tag-best-place-to-order-pyrazolam-0-5-mg-pallets","8":"product_tag-buy-pyrazolam-0-5-mg-pellets","9":"product_tag-buy-pyrazolam-europe","10":"product_tag-buy-pyrazolam-near-me","11":"product_tag-buy-pyrazolam-online","12":"product_tag-compra-pirazolam","13":"product_tag-comprar-pirazolam-0-5-mg","14":"product_tag-efeito-pirazolam","15":"product_tag-ordem-pirazolam-0-5-paletes","16":"product_tag-ordem-pirazolam","17":"product_tag-ordem-pirazolam-uk","18":"product_tag-onde-comprar-pirazolam-0-5-mg","19":"product_tag-onde-can-i-fino-pirazolam-paletes","20":"product_tag-pirazolam-de-melhor-qualidade","21":"product_tag-preo-do-pirazolam","22":"product_tag-pyrazolam-0-5-mg-for-sale","23":"product_tag-pyrazolam-0-5-mg-review","24":"product_tag-pyrazolam-supplier","25":"product_tag-pyrazolam-wholesale","26":"product_tag-venda-de-pirazolam","27":"product_tag-pirazolam-para-venda","29":"first","30":"instock","31":"shipping-taxable","32":"purchasable","33":"product-type-variable","34":"has-default-attributes"},"yoast_head":"<!-- This site is optimized with the Yoast SEO plugin v27.3 - https:\/\/yoast.com\/product\/yoast-seo-wordpress\/ -->\n<title>Compre Pyrazolam 0,5 mg pellets - Pyrazolam 0,5 mg - Best Global Meds<\/title>\n<meta name=\"description\" content=\"Compre pastilhas de pirazolam 0,5 mg para venda no Reino Unido, Europa, AU, UE, encomende pastilhas de pirazolam baratas 2022, onde comprar pirazolam de alta qualidade entrega noturna, pre\u00e7o de pirazolam.\" \/>\n<meta name=\"robots\" content=\"index, follow, max-snippet:-1, max-image-preview:large, max-video-preview:-1\" \/>\n<link rel=\"canonical\" href=\"https:\/\/medicinasinc.com\/pt\/product\/comprar-pirazolam-0-5-mg-pellets\/\" \/>\n<meta property=\"og:locale\" content=\"pt_PT\" \/>\n<meta property=\"og:type\" content=\"article\" \/>\n<meta property=\"og:title\" content=\"Compre Pyrazolam 0,5 mg pellets - Pyrazolam 0,5 mg - Best Global Meds\" \/>\n<meta property=\"og:description\" content=\"Compre pastilhas de pirazolam 0,5 mg para venda no Reino Unido, Europa, AU, UE, encomende pastilhas de pirazolam baratas 2022, onde comprar pirazolam de alta qualidade entrega noturna, pre\u00e7o de pirazolam.\" \/>\n<meta property=\"og:url\" content=\"https:\/\/medicinasinc.com\/pt\/product\/comprar-pirazolam-0-5-mg-pellets\/\" \/>\n<meta property=\"og:site_name\" content=\"Medicinas Inc\" \/>\n<meta property=\"article:modified_time\" content=\"2022-07-05T22:54:21+00:00\" \/>\n<meta property=\"og:image\" content=\"https:\/\/medicinasinc.com\/pt\/wp-content\/uploads\/sites\/20\/2022\/02\/buy-pyrazolam-0-5-mg-pellets-online.jpg\" \/>\n\t<meta property=\"og:image:width\" content=\"600\" \/>\n\t<meta property=\"og:image:height\" content=\"600\" \/>\n\t<meta property=\"og:image:type\" content=\"image\/jpeg\" \/>\n<meta name=\"twitter:card\" content=\"summary_large_image\" \/>\n<meta name=\"twitter:label1\" content=\"Tempo estimado de leitura\" \/>\n\t<meta name=\"twitter:data1\" content=\"4 minutos\" \/>\n<script type=\"application\/ld+json\" class=\"yoast-schema-graph\">{\"@context\":\"https:\\\/\\\/schema.org\",\"@graph\":[{\"@type\":\"WebPage\",\"@id\":\"https:\\\/\\\/medicinasinc.com\\\/pt\\\/product\\\/comprar-pirazolam-0-5-mg-pellets\\\/\",\"url\":\"https:\\\/\\\/medicinasinc.com\\\/pt\\\/product\\\/comprar-pirazolam-0-5-mg-pellets\\\/\",\"name\":\"Compre Pyrazolam 0,5 mg pellets - Pyrazolam 0,5 mg - Best Global Meds\",\"isPartOf\":{\"@id\":\"https:\\\/\\\/medicinasinc.com\\\/pt\\\/#website\"},\"primaryImageOfPage\":{\"@id\":\"https:\\\/\\\/medicinasinc.com\\\/pt\\\/product\\\/comprar-pirazolam-0-5-mg-pellets\\\/#primaryimage\"},\"image\":{\"@id\":\"https:\\\/\\\/medicinasinc.com\\\/pt\\\/product\\\/comprar-pirazolam-0-5-mg-pellets\\\/#primaryimage\"},\"thumbnailUrl\":\"https:\\\/\\\/medicinasinc.com\\\/pt\\\/wp-content\\\/uploads\\\/sites\\\/20\\\/2022\\\/02\\\/buy-pyrazolam-0-5-mg-pellets-online.jpg\",\"datePublished\":\"2022-02-22T05:15:21+00:00\",\"dateModified\":\"2022-07-05T22:54:21+00:00\",\"description\":\"Compre pastilhas de pirazolam 0,5 mg para venda no Reino Unido, Europa, AU, UE, encomende pastilhas de pirazolam baratas 2022, onde comprar pirazolam de alta qualidade entrega noturna, pre\u00e7o de pirazolam.\",\"breadcrumb\":{\"@id\":\"https:\\\/\\\/medicinasinc.com\\\/pt\\\/product\\\/comprar-pirazolam-0-5-mg-pellets\\\/#breadcrumb\"},\"inLanguage\":\"pt-PT\",\"potentialAction\":[{\"@type\":\"ReadAction\",\"target\":[\"https:\\\/\\\/medicinasinc.com\\\/pt\\\/product\\\/comprar-pirazolam-0-5-mg-pellets\\\/\"]}]},{\"@type\":\"ImageObject\",\"inLanguage\":\"pt-PT\",\"@id\":\"https:\\\/\\\/medicinasinc.com\\\/pt\\\/product\\\/comprar-pirazolam-0-5-mg-pellets\\\/#primaryimage\",\"url\":\"https:\\\/\\\/medicinasinc.com\\\/pt\\\/wp-content\\\/uploads\\\/sites\\\/20\\\/2022\\\/02\\\/buy-pyrazolam-0-5-mg-pellets-online.jpg\",\"contentUrl\":\"https:\\\/\\\/medicinasinc.com\\\/pt\\\/wp-content\\\/uploads\\\/sites\\\/20\\\/2022\\\/02\\\/buy-pyrazolam-0-5-mg-pellets-online.jpg\",\"width\":600,\"height\":600},{\"@type\":\"BreadcrumbList\",\"@id\":\"https:\\\/\\\/medicinasinc.com\\\/pt\\\/product\\\/comprar-pirazolam-0-5-mg-pellets\\\/#breadcrumb\",\"itemListElement\":[{\"@type\":\"ListItem\",\"position\":1,\"name\":\"Comprar\",\"item\":\"https:\\\/\\\/medicinasinc.com\\\/pt\\\/comprar\\\/\"},{\"@type\":\"ListItem\",\"position\":2,\"name\":\"Compre Pyrazolam 0,5 mg pellets\"}]},{\"@type\":\"WebSite\",\"@id\":\"https:\\\/\\\/medicinasinc.com\\\/pt\\\/#website\",\"url\":\"https:\\\/\\\/medicinasinc.com\\\/pt\\\/\",\"name\":\"Medicinas Inc\",\"description\":\"Health Medical Clinic\",\"potentialAction\":[{\"@type\":\"SearchAction\",\"target\":{\"@type\":\"EntryPoint\",\"urlTemplate\":\"https:\\\/\\\/medicinasinc.com\\\/pt\\\/?s={search_term_string}\"},\"query-input\":{\"@type\":\"PropertyValueSpecification\",\"valueRequired\":true,\"valueName\":\"search_term_string\"}}],\"inLanguage\":\"pt-PT\"}]}<\/script>\n<!-- \/ Yoast SEO plugin. -->","yoast_head_json":{"title":"Compre Pyrazolam 0,5 mg pellets - Pyrazolam 0,5 mg - Best Global Meds","description":"Compre pastilhas de pirazolam 0,5 mg para venda no Reino Unido, Europa, AU, UE, encomende pastilhas de pirazolam baratas 2022, onde comprar pirazolam de alta qualidade entrega noturna, pre\u00e7o de pirazolam.","robots":{"index":"index","follow":"follow","max-snippet":"max-snippet:-1","max-image-preview":"max-image-preview:large","max-video-preview":"max-video-preview:-1"},"canonical":"https:\/\/medicinasinc.com\/pt\/product\/comprar-pirazolam-0-5-mg-pellets\/","og_locale":"pt_PT","og_type":"article","og_title":"Compre Pyrazolam 0,5 mg pellets - Pyrazolam 0,5 mg - Best Global Meds","og_description":"Compre pastilhas de pirazolam 0,5 mg para venda no Reino Unido, Europa, AU, UE, encomende pastilhas de pirazolam baratas 2022, onde comprar pirazolam de alta qualidade entrega noturna, pre\u00e7o de pirazolam.","og_url":"https:\/\/medicinasinc.com\/pt\/product\/comprar-pirazolam-0-5-mg-pellets\/","og_site_name":"Medicinas Inc","article_modified_time":"2022-07-05T22:54:21+00:00","og_image":[{"width":600,"height":600,"url":"https:\/\/medicinasinc.com\/pt\/wp-content\/uploads\/sites\/20\/2022\/02\/buy-pyrazolam-0-5-mg-pellets-online.jpg","type":"image\/jpeg"}],"twitter_card":"summary_large_image","twitter_misc":{"Tempo estimado de leitura":"4 minutos"},"schema":{"@context":"https:\/\/schema.org","@graph":[{"@type":"WebPage","@id":"https:\/\/medicinasinc.com\/pt\/product\/comprar-pirazolam-0-5-mg-pellets\/","url":"https:\/\/medicinasinc.com\/pt\/product\/comprar-pirazolam-0-5-mg-pellets\/","name":"Compre Pyrazolam 0,5 mg pellets - Pyrazolam 0,5 mg - Best Global Meds","isPartOf":{"@id":"https:\/\/medicinasinc.com\/pt\/#website"},"primaryImageOfPage":{"@id":"https:\/\/medicinasinc.com\/pt\/product\/comprar-pirazolam-0-5-mg-pellets\/#primaryimage"},"image":{"@id":"https:\/\/medicinasinc.com\/pt\/product\/comprar-pirazolam-0-5-mg-pellets\/#primaryimage"},"thumbnailUrl":"https:\/\/medicinasinc.com\/pt\/wp-content\/uploads\/sites\/20\/2022\/02\/buy-pyrazolam-0-5-mg-pellets-online.jpg","datePublished":"2022-02-22T05:15:21+00:00","dateModified":"2022-07-05T22:54:21+00:00","description":"Compre pastilhas de pirazolam 0,5 mg para venda no Reino Unido, Europa, AU, UE, encomende pastilhas de pirazolam baratas 2022, onde comprar pirazolam de alta qualidade entrega noturna, pre\u00e7o de pirazolam.","breadcrumb":{"@id":"https:\/\/medicinasinc.com\/pt\/product\/comprar-pirazolam-0-5-mg-pellets\/#breadcrumb"},"inLanguage":"pt-PT","potentialAction":[{"@type":"ReadAction","target":["https:\/\/medicinasinc.com\/pt\/product\/comprar-pirazolam-0-5-mg-pellets\/"]}]},{"@type":"ImageObject","inLanguage":"pt-PT","@id":"https:\/\/medicinasinc.com\/pt\/product\/comprar-pirazolam-0-5-mg-pellets\/#primaryimage","url":"https:\/\/medicinasinc.com\/pt\/wp-content\/uploads\/sites\/20\/2022\/02\/buy-pyrazolam-0-5-mg-pellets-online.jpg","contentUrl":"https:\/\/medicinasinc.com\/pt\/wp-content\/uploads\/sites\/20\/2022\/02\/buy-pyrazolam-0-5-mg-pellets-online.jpg","width":600,"height":600},{"@type":"BreadcrumbList","@id":"https:\/\/medicinasinc.com\/pt\/product\/comprar-pirazolam-0-5-mg-pellets\/#breadcrumb","itemListElement":[{"@type":"ListItem","position":1,"name":"Comprar","item":"https:\/\/medicinasinc.com\/pt\/comprar\/"},{"@type":"ListItem","position":2,"name":"Compre Pyrazolam 0,5 mg pellets"}]},{"@type":"WebSite","@id":"https:\/\/medicinasinc.com\/pt\/#website","url":"https:\/\/medicinasinc.com\/pt\/","name":"Medicinas Inc","description":"Health Medical Clinic","potentialAction":[{"@type":"SearchAction","target":{"@type":"EntryPoint","urlTemplate":"https:\/\/medicinasinc.com\/pt\/?s={search_term_string}"},"query-input":{"@type":"PropertyValueSpecification","valueRequired":true,"valueName":"search_term_string"}}],"inLanguage":"pt-PT"}]}},"_links":{"self":[{"href":"https:\/\/medicinasinc.com\/pt\/wp-json\/wp\/v2\/product\/5739","targetHints":{"allow":["GET"]}}],"collection":[{"href":"https:\/\/medicinasinc.com\/pt\/wp-json\/wp\/v2\/product"}],"about":[{"href":"https:\/\/medicinasinc.com\/pt\/wp-json\/wp\/v2\/types\/product"}],"replies":[{"embeddable":true,"href":"https:\/\/medicinasinc.com\/pt\/wp-json\/wp\/v2\/comments?post=5739"}],"wp:featuredmedia":[{"embeddable":true,"href":"https:\/\/medicinasinc.com\/pt\/wp-json\/wp\/v2\/media\/5751"}],"wp:attachment":[{"href":"https:\/\/medicinasinc.com\/pt\/wp-json\/wp\/v2\/media?parent=5739"}],"wp:term":[{"taxonomy":"product_brand","embeddable":true,"href":"https:\/\/medicinasinc.com\/pt\/wp-json\/wp\/v2\/product_brand?post=5739"},{"taxonomy":"product_cat","embeddable":true,"href":"https:\/\/medicinasinc.com\/pt\/wp-json\/wp\/v2\/product_cat?post=5739"},{"taxonomy":"product_tag","embeddable":true,"href":"https:\/\/medicinasinc.com\/pt\/wp-json\/wp\/v2\/product_tag?post=5739"}],"curies":[{"name":"wp","href":"https:\/\/api.w.org\/{rel}","templated":true}]}}