{"id":5735,"date":"2022-02-22T05:09:43","date_gmt":"2022-02-22T05:09:43","guid":{"rendered":"https:\/\/medicinasinc.com\/pt\/?post_type=product&#038;p=5735"},"modified":"2022-07-05T22:54:48","modified_gmt":"2022-07-05T22:54:48","slug":"comprar-al-lad-po","status":"publish","type":"product","link":"https:\/\/medicinasinc.com\/pt\/product\/comprar-al-lad-po\/","title":{"rendered":"Compre p\u00f3 al-lad"},"content":{"rendered":"<p>Compre p\u00f3 al-lad no Reino Unido, Europa, Austr\u00e1lia e UE e obtenha-o at\u00e9 2022 por um pre\u00e7o barato. Vendas de p\u00f3 al-lad, onde comprar p\u00f3 al-lad entrega durante a noite.<\/p>\n<p>AL-LAD em p\u00f3. Atacadista e fornecedor de mat\u00e9rias-primas farmac\u00eauticas 99% puras, produtos qu\u00edmicos de pesquisa e medicamentos gen\u00e9ricos, incluindo AL-LAD Powder. Embalagem segura e discreta, bem como envio rastreado.<\/p>\n<p>Um an\u00e1logo da dietilamida do \u00e1cido lis\u00e9rgico conhecido como AL-LAD, ou 6-alil-6-nor-LSD, \u00e9 um produto qu\u00edmico composto (LSD). Uma droga psicoativa semelhante ao LSD da classe lisergamida, \u00e9 administrada para produzir os mesmos efeitos psicod\u00e9licos.<\/p>\n<p>Informa\u00e7\u00f5es r\u00e1pidas e sujas<\/p>\n<p>AL-LAD \u00e9 o nome do produto.<br \/> 6-6-nor-6-allyl-6-nor, AL-LAD<br \/> -LSD<br \/> N\u00famero CAS: 65527-61-9<br \/> C22H27N3O \u00e9 a f\u00f3rmula molecular<br \/> A Uni\u00e3o Internacional de Qu\u00edmica Pura e Aplicada (6aR,9R)<br \/> -N,N-dietil-7-prop<br \/> -2-enil-6,6a,8,9<br \/> -tetrahidro- 4H-indolo[4,3-fg]<br \/> quinolina-9-carboxamida<br \/> O peso molecular \u00e9 349,5 g\/mol.<br \/> 99,5 por cento livre de impurezas<br \/> Branco ou esbranqui\u00e7ado p\u00f3 cristalino na apar\u00eancia<\/p>\n<p>Fornecedor de AL-LAD Powder<\/p>\n<p>No mercado de mat\u00e9rias-primas farmac\u00eauticas, somos bem conhecidos pela ampla gama de produtos que oferecemos e por fornecer gotas confi\u00e1veis servi\u00e7os de envio de medicamentos gen\u00e9ricos do mais alto calibre. O objetivo do atacadista de p\u00f3 AL-LAD \u00e9 fornecer aos clientes produtos de alta qualidade a pre\u00e7os competitivos.<\/p>\n","protected":false},"excerpt":{"rendered":"<div class=\"woocommerce-product-details__short-description\">\n<p>Compre p\u00f3 al-lad para venda no Reino Unido, Europa, AU, UE, encomende p\u00f3 al-lad barato 2022, onde comprar al-lad de alta qualidade p\u00f3 Entrega noturna, vendas de p\u00f3 al-lad.<\/p>\n<p>Compre AL-LAD Powder Europe de um fornecedor confi\u00e1vel de produtos qu\u00edmicos de pesquisa. O AL-LAD Powder \u00e9 vendido por um atacadista que envia da UE.<\/p>\n<p>As pessoas que desejam comprar o AL-LAD Powder podem obt\u00ea-lo aos melhores pre\u00e7os. Possui lisergamidas de alta qualidade e outros compostos. Os pre\u00e7os mais baixos. H\u00e1 um desconto. O envio mundial \u00e9 r\u00e1pido.<\/p>\n<p>Compre Al-lad Powder Online. A dietilamida do \u00e1cido 6-alil-6-nor-lis\u00e9rgico, tamb\u00e9m conhecida como Aladdin, \u00e9 uma droga alucin\u00f3gena semi-sint\u00e9tica que pode enlouquecer as pessoas.<\/p>\n<table class=\"table\" style=\"height: 249px\" width=\"455\">\n<tbody>\n<tr>\n<th><\/th>\n<td><\/td>\n<\/tr>\n<tr>\n<th>Quantidade do pedido m\u00ednimo:<\/th>\n<td>20 g<\/td>\n<\/tr>\n<tr>\n<th>Capacidade de Fornecimento:<\/th>\n<td>100 Kg\/m\u00eas<\/td>\n<\/tr>\n<tr>\n<th>Porta:<\/th>\n<td> Vars\u00f3via, Holanda<\/td>\n<\/tr>\n<tr>\n<th>Condi\u00e7\u00f5es de pagamento:<\/th>\n<td>Transfer\u00eancia banc\u00e1ria, Bitcoin, WU\/MG, Outros<\/td>\n<\/tr>\n<tr>\n<th>Detalhes da embalagem:<\/th>\n<td>Conforme solicita\u00e7\u00e3o do cliente<\/td>\n<\/tr>\n<tr>\n<th>Detalhes da entrega:<\/th>\n<td>Envio expresso, DPD, Pharma Courier EU<\/td>\n<\/tr>\n<\/tbody>\n<\/table><\/div>\n","protected":false},"featured_media":5747,"comment_status":"open","ping_status":"closed","template":"","meta":[],"product_brand":[],"product_cat":[2014],"product_tag":[3757,3758,3759,3760,3777,3768,3763,3765,3766,3767,3772,3773,3774,3778,3779,3780,3793,3775,3782,3784,3785,3786,3787,3783,3792,3788,3761,3789,3790,3762,3764,3776,3781,3794,3795,3796,3791,3769,3770,3771],"class_list":{"0":"post-5735","1":"product","2":"type-product","3":"status-publish","4":"has-post-thumbnail","6":"product_cat-compre-produtos-quimicos-de-pesquisa","7":"product_tag-al-lad-safety","8":"product_tag-al-lad-supplier","9":"product_tag-al-lad-buy","10":"product_tag-al-lad-dosage","11":"product_tag-al-lad-p-atacado","12":"product_tag-al-lad-powder-europe","13":"product_tag-al-lad-erowid","14":"product_tag-al-lad-powder-buy","15":"product_tag-al-lad-powder-china","16":"product_tag-al-lad-powder-effect","17":"product_tag-al-lad-powder-review","18":"product_tag-al-lad-powder-reviews","19":"product_tag-al-lad-powder-sale","20":"product_tag-al-lad-reddit","21":"product_tag-al-lad-trip-report","22":"product_tag-al-lad-vendor","23":"product_tag-amostra-al-lad-p","24":"product_tag-al-lad-p-c3-b3s-vendas","25":"product_tag-best-quality-al-lad-powder","26":"product_tag-buy-al-lad-powder","27":"product_tag-buy-al-lad-uk","28":"product_tag-buy-al-lad-online","29":"product_tag-buy-al-lad-powder-australia","30":"product_tag-compre-al-lad-canad","31":"product_tag-comprar-al-lad-p","32":"product_tag-buy-al-lad-powder-europe","33":"product_tag-al-lad-droga","34":"product_tag-easy-chems-review","35":"product_tag-easychems-review","36":"product_tag-al-lad-efeitos","37":"product_tag-experincia-de-al-lad","38":"product_tag-al-lad-p-provedor","39":"product_tag-j-deixado-legalidade","40":"product_tag-onde-comprar-al-lad","41":"product_tag-onde-comprar-al-lad-p","42":"product_tag-onde-pedir-al-lad-p","43":"product_tag-ordem-al-lad-p","44":"product_tag-al-lad-p-venda","45":"product_tag-al-lad-p-venda-online","46":"product_tag-al-lad-pow-prices","48":"first","49":"instock","50":"shipping-taxable","51":"purchasable","52":"product-type-variable","53":"has-default-attributes"},"yoast_head":"<!-- This site is optimized with the Yoast SEO plugin v27.3 - https:\/\/yoast.com\/product\/yoast-seo-wordpress\/ -->\n<title>Comprar p\u00f3 al-lad - p\u00f3 Al-lad \u00e0 venda - Best Global Meds<\/title>\n<meta name=\"description\" content=\"Compre p\u00f3 al-lad para venda no Reino Unido, Europa, AU, UE, encomende p\u00f3 al-lad barato 2022, onde comprar p\u00f3 al-lad de alta qualidade Entrega noturna, vendas de p\u00f3 al-lad.\" \/>\n<meta name=\"robots\" content=\"index, follow, max-snippet:-1, max-image-preview:large, max-video-preview:-1\" \/>\n<link rel=\"canonical\" href=\"https:\/\/medicinasinc.com\/pt\/product\/comprar-al-lad-po\/\" \/>\n<meta property=\"og:locale\" content=\"pt_PT\" \/>\n<meta property=\"og:type\" content=\"article\" \/>\n<meta property=\"og:title\" content=\"Comprar p\u00f3 al-lad - p\u00f3 Al-lad \u00e0 venda - Best Global Meds\" \/>\n<meta property=\"og:description\" content=\"Compre p\u00f3 al-lad para venda no Reino Unido, Europa, AU, UE, encomende p\u00f3 al-lad barato 2022, onde comprar p\u00f3 al-lad de alta qualidade Entrega noturna, vendas de p\u00f3 al-lad.\" \/>\n<meta property=\"og:url\" content=\"https:\/\/medicinasinc.com\/pt\/product\/comprar-al-lad-po\/\" \/>\n<meta property=\"og:site_name\" content=\"Medicinas Inc\" \/>\n<meta property=\"article:modified_time\" content=\"2022-07-05T22:54:48+00:00\" \/>\n<meta property=\"og:image\" content=\"https:\/\/medicinasinc.com\/pt\/wp-content\/uploads\/sites\/20\/2022\/02\/Buy-al-lad-powder.jpg\" \/>\n\t<meta property=\"og:image:width\" content=\"931\" \/>\n\t<meta property=\"og:image:height\" content=\"799\" \/>\n\t<meta property=\"og:image:type\" content=\"image\/jpeg\" \/>\n<meta name=\"twitter:card\" content=\"summary_large_image\" \/>\n<meta name=\"twitter:label1\" content=\"Tempo estimado de leitura\" \/>\n\t<meta name=\"twitter:data1\" content=\"1 minuto\" \/>\n<script type=\"application\/ld+json\" class=\"yoast-schema-graph\">{\"@context\":\"https:\\\/\\\/schema.org\",\"@graph\":[{\"@type\":\"WebPage\",\"@id\":\"https:\\\/\\\/medicinasinc.com\\\/pt\\\/product\\\/comprar-al-lad-po\\\/\",\"url\":\"https:\\\/\\\/medicinasinc.com\\\/pt\\\/product\\\/comprar-al-lad-po\\\/\",\"name\":\"Comprar p\u00f3 al-lad - p\u00f3 Al-lad \u00e0 venda - Best Global Meds\",\"isPartOf\":{\"@id\":\"https:\\\/\\\/medicinasinc.com\\\/pt\\\/#website\"},\"primaryImageOfPage\":{\"@id\":\"https:\\\/\\\/medicinasinc.com\\\/pt\\\/product\\\/comprar-al-lad-po\\\/#primaryimage\"},\"image\":{\"@id\":\"https:\\\/\\\/medicinasinc.com\\\/pt\\\/product\\\/comprar-al-lad-po\\\/#primaryimage\"},\"thumbnailUrl\":\"https:\\\/\\\/medicinasinc.com\\\/pt\\\/wp-content\\\/uploads\\\/sites\\\/20\\\/2022\\\/02\\\/Buy-al-lad-powder.jpg\",\"datePublished\":\"2022-02-22T05:09:43+00:00\",\"dateModified\":\"2022-07-05T22:54:48+00:00\",\"description\":\"Compre p\u00f3 al-lad para venda no Reino Unido, Europa, AU, UE, encomende p\u00f3 al-lad barato 2022, onde comprar p\u00f3 al-lad de alta qualidade Entrega noturna, vendas de p\u00f3 al-lad.\",\"breadcrumb\":{\"@id\":\"https:\\\/\\\/medicinasinc.com\\\/pt\\\/product\\\/comprar-al-lad-po\\\/#breadcrumb\"},\"inLanguage\":\"pt-PT\",\"potentialAction\":[{\"@type\":\"ReadAction\",\"target\":[\"https:\\\/\\\/medicinasinc.com\\\/pt\\\/product\\\/comprar-al-lad-po\\\/\"]}]},{\"@type\":\"ImageObject\",\"inLanguage\":\"pt-PT\",\"@id\":\"https:\\\/\\\/medicinasinc.com\\\/pt\\\/product\\\/comprar-al-lad-po\\\/#primaryimage\",\"url\":\"https:\\\/\\\/medicinasinc.com\\\/pt\\\/wp-content\\\/uploads\\\/sites\\\/20\\\/2022\\\/02\\\/Buy-al-lad-powder.jpg\",\"contentUrl\":\"https:\\\/\\\/medicinasinc.com\\\/pt\\\/wp-content\\\/uploads\\\/sites\\\/20\\\/2022\\\/02\\\/Buy-al-lad-powder.jpg\",\"width\":931,\"height\":799},{\"@type\":\"BreadcrumbList\",\"@id\":\"https:\\\/\\\/medicinasinc.com\\\/pt\\\/product\\\/comprar-al-lad-po\\\/#breadcrumb\",\"itemListElement\":[{\"@type\":\"ListItem\",\"position\":1,\"name\":\"Comprar\",\"item\":\"https:\\\/\\\/medicinasinc.com\\\/pt\\\/comprar\\\/\"},{\"@type\":\"ListItem\",\"position\":2,\"name\":\"Compre p\u00f3 al-lad\"}]},{\"@type\":\"WebSite\",\"@id\":\"https:\\\/\\\/medicinasinc.com\\\/pt\\\/#website\",\"url\":\"https:\\\/\\\/medicinasinc.com\\\/pt\\\/\",\"name\":\"Medicinas Inc\",\"description\":\"Health Medical Clinic\",\"potentialAction\":[{\"@type\":\"SearchAction\",\"target\":{\"@type\":\"EntryPoint\",\"urlTemplate\":\"https:\\\/\\\/medicinasinc.com\\\/pt\\\/?s={search_term_string}\"},\"query-input\":{\"@type\":\"PropertyValueSpecification\",\"valueRequired\":true,\"valueName\":\"search_term_string\"}}],\"inLanguage\":\"pt-PT\"}]}<\/script>\n<!-- \/ Yoast SEO plugin. -->","yoast_head_json":{"title":"Comprar p\u00f3 al-lad - p\u00f3 Al-lad \u00e0 venda - Best Global Meds","description":"Compre p\u00f3 al-lad para venda no Reino Unido, Europa, AU, UE, encomende p\u00f3 al-lad barato 2022, onde comprar p\u00f3 al-lad de alta qualidade Entrega noturna, vendas de p\u00f3 al-lad.","robots":{"index":"index","follow":"follow","max-snippet":"max-snippet:-1","max-image-preview":"max-image-preview:large","max-video-preview":"max-video-preview:-1"},"canonical":"https:\/\/medicinasinc.com\/pt\/product\/comprar-al-lad-po\/","og_locale":"pt_PT","og_type":"article","og_title":"Comprar p\u00f3 al-lad - p\u00f3 Al-lad \u00e0 venda - Best Global Meds","og_description":"Compre p\u00f3 al-lad para venda no Reino Unido, Europa, AU, UE, encomende p\u00f3 al-lad barato 2022, onde comprar p\u00f3 al-lad de alta qualidade Entrega noturna, vendas de p\u00f3 al-lad.","og_url":"https:\/\/medicinasinc.com\/pt\/product\/comprar-al-lad-po\/","og_site_name":"Medicinas Inc","article_modified_time":"2022-07-05T22:54:48+00:00","og_image":[{"width":931,"height":799,"url":"https:\/\/medicinasinc.com\/pt\/wp-content\/uploads\/sites\/20\/2022\/02\/Buy-al-lad-powder.jpg","type":"image\/jpeg"}],"twitter_card":"summary_large_image","twitter_misc":{"Tempo estimado de leitura":"1 minuto"},"schema":{"@context":"https:\/\/schema.org","@graph":[{"@type":"WebPage","@id":"https:\/\/medicinasinc.com\/pt\/product\/comprar-al-lad-po\/","url":"https:\/\/medicinasinc.com\/pt\/product\/comprar-al-lad-po\/","name":"Comprar p\u00f3 al-lad - p\u00f3 Al-lad \u00e0 venda - Best Global Meds","isPartOf":{"@id":"https:\/\/medicinasinc.com\/pt\/#website"},"primaryImageOfPage":{"@id":"https:\/\/medicinasinc.com\/pt\/product\/comprar-al-lad-po\/#primaryimage"},"image":{"@id":"https:\/\/medicinasinc.com\/pt\/product\/comprar-al-lad-po\/#primaryimage"},"thumbnailUrl":"https:\/\/medicinasinc.com\/pt\/wp-content\/uploads\/sites\/20\/2022\/02\/Buy-al-lad-powder.jpg","datePublished":"2022-02-22T05:09:43+00:00","dateModified":"2022-07-05T22:54:48+00:00","description":"Compre p\u00f3 al-lad para venda no Reino Unido, Europa, AU, UE, encomende p\u00f3 al-lad barato 2022, onde comprar p\u00f3 al-lad de alta qualidade Entrega noturna, vendas de p\u00f3 al-lad.","breadcrumb":{"@id":"https:\/\/medicinasinc.com\/pt\/product\/comprar-al-lad-po\/#breadcrumb"},"inLanguage":"pt-PT","potentialAction":[{"@type":"ReadAction","target":["https:\/\/medicinasinc.com\/pt\/product\/comprar-al-lad-po\/"]}]},{"@type":"ImageObject","inLanguage":"pt-PT","@id":"https:\/\/medicinasinc.com\/pt\/product\/comprar-al-lad-po\/#primaryimage","url":"https:\/\/medicinasinc.com\/pt\/wp-content\/uploads\/sites\/20\/2022\/02\/Buy-al-lad-powder.jpg","contentUrl":"https:\/\/medicinasinc.com\/pt\/wp-content\/uploads\/sites\/20\/2022\/02\/Buy-al-lad-powder.jpg","width":931,"height":799},{"@type":"BreadcrumbList","@id":"https:\/\/medicinasinc.com\/pt\/product\/comprar-al-lad-po\/#breadcrumb","itemListElement":[{"@type":"ListItem","position":1,"name":"Comprar","item":"https:\/\/medicinasinc.com\/pt\/comprar\/"},{"@type":"ListItem","position":2,"name":"Compre p\u00f3 al-lad"}]},{"@type":"WebSite","@id":"https:\/\/medicinasinc.com\/pt\/#website","url":"https:\/\/medicinasinc.com\/pt\/","name":"Medicinas Inc","description":"Health Medical Clinic","potentialAction":[{"@type":"SearchAction","target":{"@type":"EntryPoint","urlTemplate":"https:\/\/medicinasinc.com\/pt\/?s={search_term_string}"},"query-input":{"@type":"PropertyValueSpecification","valueRequired":true,"valueName":"search_term_string"}}],"inLanguage":"pt-PT"}]}},"_links":{"self":[{"href":"https:\/\/medicinasinc.com\/pt\/wp-json\/wp\/v2\/product\/5735","targetHints":{"allow":["GET"]}}],"collection":[{"href":"https:\/\/medicinasinc.com\/pt\/wp-json\/wp\/v2\/product"}],"about":[{"href":"https:\/\/medicinasinc.com\/pt\/wp-json\/wp\/v2\/types\/product"}],"replies":[{"embeddable":true,"href":"https:\/\/medicinasinc.com\/pt\/wp-json\/wp\/v2\/comments?post=5735"}],"wp:featuredmedia":[{"embeddable":true,"href":"https:\/\/medicinasinc.com\/pt\/wp-json\/wp\/v2\/media\/5747"}],"wp:attachment":[{"href":"https:\/\/medicinasinc.com\/pt\/wp-json\/wp\/v2\/media?parent=5735"}],"wp:term":[{"taxonomy":"product_brand","embeddable":true,"href":"https:\/\/medicinasinc.com\/pt\/wp-json\/wp\/v2\/product_brand?post=5735"},{"taxonomy":"product_cat","embeddable":true,"href":"https:\/\/medicinasinc.com\/pt\/wp-json\/wp\/v2\/product_cat?post=5735"},{"taxonomy":"product_tag","embeddable":true,"href":"https:\/\/medicinasinc.com\/pt\/wp-json\/wp\/v2\/product_tag?post=5735"}],"curies":[{"name":"wp","href":"https:\/\/api.w.org\/{rel}","templated":true}]}}