{"id":5731,"date":"2022-02-22T05:03:24","date_gmt":"2022-02-22T05:03:24","guid":{"rendered":"https:\/\/medicinasinc.com\/pt\/?post_type=product&#038;p=5731"},"modified":"2022-07-05T22:55:04","modified_gmt":"2022-07-05T22:55:04","slug":"comprar-sextacia-po","status":"publish","type":"product","link":"https:\/\/medicinasinc.com\/pt\/product\/comprar-sextacia-po\/","title":{"rendered":"Compre o p\u00f3 de sextacy"},"content":{"rendered":"<p>Certifique-se de comprar Sextacy Powder.<\/p>\n<p>Compre Sextacy Powder on-line a granel e compre-o em grandes quantidades.<\/p>\n<p>Sextacy Powder \u00e9 um produto de marca novo e empolgante que voc\u00ea pode compre.<br \/> Se voc\u00ea quiser usar Sextacy, voc\u00ea tem que compr\u00e1-lo em p\u00f3. O ingrediente principal \u00e9 a-PVP.<\/p>\n<p>A for\u00e7a \u00e9 5\/5. Sextacy O melhor p\u00f3 que \u00e9 legal para usar.<br \/> \u00c9 hora de come\u00e7ar a sua rotina no laborat\u00f3rio com este novo e \u00f3timo produto.<\/p>\n<p>Voc\u00ea pode comprar o Sextacy Powder puro online.<\/p>\n<div class=\"product-next-previous\">\n<div class=\"product-prev\"><\/div><\/div>\n","protected":false},"excerpt":{"rendered":"<p>P\u00f3 de Sextacy Pure Quality \u00e0 venda na Europa, Reino Unido e Austr\u00e1lia pode ser comprado na internet. Se voc\u00ea quiser usar o Sextacy, ter\u00e1 que compr\u00e1-lo em p\u00f3. O ingrediente principal \u00e9 a-PVP.<\/p>\n<p>Compre Sextacy Legal High Powder na internet. Voc\u00ea pode fazer isso<\/p>\n<p>Compre muito de uma vez Sextacy \u00e9 um produto de marca novo e empolgante que voc\u00ea pode comprar. Sextacy \u00e9 um PVP, e \u00e9 isso que \u00e9.<\/p>\n<p>Existem muitos sites onde voc\u00ea pode comprar muitos sais de banho por muito dinheiro.<\/p>\n<p>Online, voc\u00ea pode comprar sais de banho sextacy da Global Medicine. Os pre\u00e7os de venda do sal de banho Sextacy podem ser encontrados lendo este texto<\/p>\n","protected":false},"featured_media":5742,"comment_status":"open","ping_status":"closed","template":"","meta":[],"product_brand":[],"product_cat":[2014],"product_tag":[3732,3735,3750,3545,3737,3734,3733,3744,3736,3753,3754,3756,3745,3748,3747,3749,3746,3731,3755,3738,3740,3742,3741,3751,3743,3739,3752],"class_list":{"0":"post-5731","1":"product","2":"type-product","3":"status-publish","4":"has-post-thumbnail","6":"product_cat-compre-produtos-quimicos-de-pesquisa","7":"product_tag-best-sextacy-powder-online","8":"product_tag-buy-sextacy-powder-online","9":"product_tag-sextacy-p-compra","10":"product_tag-compra-metoxetamina","11":"product_tag-comprar-sextacia-p","12":"product_tag-comprar-sextacia-p-europe","13":"product_tag-comprar-sextacy-p","14":"product_tag-sextacy-p-mail","15":"product_tag-ordem-sextacia-p","16":"product_tag-sextacy-pow-shipping","17":"product_tag-sextacy-p-fornecedor","18":"product_tag-onde-comprar-sextacia-p","19":"product_tag-sextacy-powder-mail-order","20":"product_tag-ordem-de-p-de-sextacy","21":"product_tag-sextacy-p-online","22":"product_tag-sextacy-pow-over-night","23":"product_tag-sextacy-p-perto-de-mim","24":"product_tag-p-de-sextacy-de-melhor-qualidade","25":"product_tag-sextacy-p-atacado","26":"product_tag-compra-p-sextacy","27":"product_tag-sextacy-powder-europe","28":"product_tag-sextacy-p-venda-online","29":"product_tag-sextacy-p-venda","30":"product_tag-sextacy-powder-reviews","31":"product_tag-sextacy-p-google","32":"product_tag-sextacy-powder-effect","33":"product_tag-sextacy-powder-sale","35":"first","36":"instock","37":"shipping-taxable","38":"purchasable","39":"product-type-variable","40":"has-default-attributes"},"yoast_head":"<!-- This site is optimized with the Yoast SEO plugin v27.3 - https:\/\/yoast.com\/product\/yoast-seo-wordpress\/ -->\n<title>Compre Sextacy Powder - Vendas Sextacy Powder - Best Global Meds<\/title>\n<meta name=\"description\" content=\"Compre Pure Quality Sextacy Powder \u00e0 venda na Europa, Reino Unido, AU Online. O ingrediente ativo do Sextacy \u00e9 o a-PVP e este produto vem apenas em p\u00f3! Encomendar P\u00f3 de Sextacia\" \/>\n<meta name=\"robots\" content=\"index, follow, max-snippet:-1, max-image-preview:large, max-video-preview:-1\" \/>\n<link rel=\"canonical\" href=\"https:\/\/medicinasinc.com\/pt\/product\/comprar-sextacia-po\/\" \/>\n<meta property=\"og:locale\" content=\"pt_PT\" \/>\n<meta property=\"og:type\" content=\"article\" \/>\n<meta property=\"og:title\" content=\"Compre Sextacy Powder - Vendas Sextacy Powder - Best Global Meds\" \/>\n<meta property=\"og:description\" content=\"Compre Pure Quality Sextacy Powder \u00e0 venda na Europa, Reino Unido, AU Online. O ingrediente ativo do Sextacy \u00e9 o a-PVP e este produto vem apenas em p\u00f3! Encomendar P\u00f3 de Sextacia\" \/>\n<meta property=\"og:url\" content=\"https:\/\/medicinasinc.com\/pt\/product\/comprar-sextacia-po\/\" \/>\n<meta property=\"og:site_name\" content=\"Medicinas Inc\" \/>\n<meta property=\"article:modified_time\" content=\"2022-07-05T22:55:04+00:00\" \/>\n<meta property=\"og:image\" content=\"https:\/\/medicinasinc.com\/pt\/wp-content\/uploads\/sites\/20\/2022\/02\/Buy-Sextacy-Powder.jpg\" \/>\n\t<meta property=\"og:image:width\" content=\"300\" \/>\n\t<meta property=\"og:image:height\" content=\"300\" \/>\n\t<meta property=\"og:image:type\" content=\"image\/jpeg\" \/>\n<meta name=\"twitter:card\" content=\"summary_large_image\" \/>\n<meta name=\"twitter:label1\" content=\"Tempo estimado de leitura\" \/>\n\t<meta name=\"twitter:data1\" content=\"1 minuto\" \/>\n<script type=\"application\/ld+json\" class=\"yoast-schema-graph\">{\"@context\":\"https:\\\/\\\/schema.org\",\"@graph\":[{\"@type\":\"WebPage\",\"@id\":\"https:\\\/\\\/medicinasinc.com\\\/pt\\\/product\\\/comprar-sextacia-po\\\/\",\"url\":\"https:\\\/\\\/medicinasinc.com\\\/pt\\\/product\\\/comprar-sextacia-po\\\/\",\"name\":\"Compre Sextacy Powder - Vendas Sextacy Powder - Best Global Meds\",\"isPartOf\":{\"@id\":\"https:\\\/\\\/medicinasinc.com\\\/pt\\\/#website\"},\"primaryImageOfPage\":{\"@id\":\"https:\\\/\\\/medicinasinc.com\\\/pt\\\/product\\\/comprar-sextacia-po\\\/#primaryimage\"},\"image\":{\"@id\":\"https:\\\/\\\/medicinasinc.com\\\/pt\\\/product\\\/comprar-sextacia-po\\\/#primaryimage\"},\"thumbnailUrl\":\"https:\\\/\\\/medicinasinc.com\\\/pt\\\/wp-content\\\/uploads\\\/sites\\\/20\\\/2022\\\/02\\\/Buy-Sextacy-Powder.jpg\",\"datePublished\":\"2022-02-22T05:03:24+00:00\",\"dateModified\":\"2022-07-05T22:55:04+00:00\",\"description\":\"Compre Pure Quality Sextacy Powder \u00e0 venda na Europa, Reino Unido, AU Online. O ingrediente ativo do Sextacy \u00e9 o a-PVP e este produto vem apenas em p\u00f3! Encomendar P\u00f3 de Sextacia\",\"breadcrumb\":{\"@id\":\"https:\\\/\\\/medicinasinc.com\\\/pt\\\/product\\\/comprar-sextacia-po\\\/#breadcrumb\"},\"inLanguage\":\"pt-PT\",\"potentialAction\":[{\"@type\":\"ReadAction\",\"target\":[\"https:\\\/\\\/medicinasinc.com\\\/pt\\\/product\\\/comprar-sextacia-po\\\/\"]}]},{\"@type\":\"ImageObject\",\"inLanguage\":\"pt-PT\",\"@id\":\"https:\\\/\\\/medicinasinc.com\\\/pt\\\/product\\\/comprar-sextacia-po\\\/#primaryimage\",\"url\":\"https:\\\/\\\/medicinasinc.com\\\/pt\\\/wp-content\\\/uploads\\\/sites\\\/20\\\/2022\\\/02\\\/Buy-Sextacy-Powder.jpg\",\"contentUrl\":\"https:\\\/\\\/medicinasinc.com\\\/pt\\\/wp-content\\\/uploads\\\/sites\\\/20\\\/2022\\\/02\\\/Buy-Sextacy-Powder.jpg\",\"width\":300,\"height\":300},{\"@type\":\"BreadcrumbList\",\"@id\":\"https:\\\/\\\/medicinasinc.com\\\/pt\\\/product\\\/comprar-sextacia-po\\\/#breadcrumb\",\"itemListElement\":[{\"@type\":\"ListItem\",\"position\":1,\"name\":\"Comprar\",\"item\":\"https:\\\/\\\/medicinasinc.com\\\/pt\\\/comprar\\\/\"},{\"@type\":\"ListItem\",\"position\":2,\"name\":\"Compre o p\u00f3 de sextacy\"}]},{\"@type\":\"WebSite\",\"@id\":\"https:\\\/\\\/medicinasinc.com\\\/pt\\\/#website\",\"url\":\"https:\\\/\\\/medicinasinc.com\\\/pt\\\/\",\"name\":\"Medicinas Inc\",\"description\":\"Health Medical Clinic\",\"potentialAction\":[{\"@type\":\"SearchAction\",\"target\":{\"@type\":\"EntryPoint\",\"urlTemplate\":\"https:\\\/\\\/medicinasinc.com\\\/pt\\\/?s={search_term_string}\"},\"query-input\":{\"@type\":\"PropertyValueSpecification\",\"valueRequired\":true,\"valueName\":\"search_term_string\"}}],\"inLanguage\":\"pt-PT\"}]}<\/script>\n<!-- \/ Yoast SEO plugin. -->","yoast_head_json":{"title":"Compre Sextacy Powder - Vendas Sextacy Powder - Best Global Meds","description":"Compre Pure Quality Sextacy Powder \u00e0 venda na Europa, Reino Unido, AU Online. O ingrediente ativo do Sextacy \u00e9 o a-PVP e este produto vem apenas em p\u00f3! Encomendar P\u00f3 de Sextacia","robots":{"index":"index","follow":"follow","max-snippet":"max-snippet:-1","max-image-preview":"max-image-preview:large","max-video-preview":"max-video-preview:-1"},"canonical":"https:\/\/medicinasinc.com\/pt\/product\/comprar-sextacia-po\/","og_locale":"pt_PT","og_type":"article","og_title":"Compre Sextacy Powder - Vendas Sextacy Powder - Best Global Meds","og_description":"Compre Pure Quality Sextacy Powder \u00e0 venda na Europa, Reino Unido, AU Online. O ingrediente ativo do Sextacy \u00e9 o a-PVP e este produto vem apenas em p\u00f3! Encomendar P\u00f3 de Sextacia","og_url":"https:\/\/medicinasinc.com\/pt\/product\/comprar-sextacia-po\/","og_site_name":"Medicinas Inc","article_modified_time":"2022-07-05T22:55:04+00:00","og_image":[{"width":300,"height":300,"url":"https:\/\/medicinasinc.com\/pt\/wp-content\/uploads\/sites\/20\/2022\/02\/Buy-Sextacy-Powder.jpg","type":"image\/jpeg"}],"twitter_card":"summary_large_image","twitter_misc":{"Tempo estimado de leitura":"1 minuto"},"schema":{"@context":"https:\/\/schema.org","@graph":[{"@type":"WebPage","@id":"https:\/\/medicinasinc.com\/pt\/product\/comprar-sextacia-po\/","url":"https:\/\/medicinasinc.com\/pt\/product\/comprar-sextacia-po\/","name":"Compre Sextacy Powder - Vendas Sextacy Powder - Best Global Meds","isPartOf":{"@id":"https:\/\/medicinasinc.com\/pt\/#website"},"primaryImageOfPage":{"@id":"https:\/\/medicinasinc.com\/pt\/product\/comprar-sextacia-po\/#primaryimage"},"image":{"@id":"https:\/\/medicinasinc.com\/pt\/product\/comprar-sextacia-po\/#primaryimage"},"thumbnailUrl":"https:\/\/medicinasinc.com\/pt\/wp-content\/uploads\/sites\/20\/2022\/02\/Buy-Sextacy-Powder.jpg","datePublished":"2022-02-22T05:03:24+00:00","dateModified":"2022-07-05T22:55:04+00:00","description":"Compre Pure Quality Sextacy Powder \u00e0 venda na Europa, Reino Unido, AU Online. O ingrediente ativo do Sextacy \u00e9 o a-PVP e este produto vem apenas em p\u00f3! Encomendar P\u00f3 de Sextacia","breadcrumb":{"@id":"https:\/\/medicinasinc.com\/pt\/product\/comprar-sextacia-po\/#breadcrumb"},"inLanguage":"pt-PT","potentialAction":[{"@type":"ReadAction","target":["https:\/\/medicinasinc.com\/pt\/product\/comprar-sextacia-po\/"]}]},{"@type":"ImageObject","inLanguage":"pt-PT","@id":"https:\/\/medicinasinc.com\/pt\/product\/comprar-sextacia-po\/#primaryimage","url":"https:\/\/medicinasinc.com\/pt\/wp-content\/uploads\/sites\/20\/2022\/02\/Buy-Sextacy-Powder.jpg","contentUrl":"https:\/\/medicinasinc.com\/pt\/wp-content\/uploads\/sites\/20\/2022\/02\/Buy-Sextacy-Powder.jpg","width":300,"height":300},{"@type":"BreadcrumbList","@id":"https:\/\/medicinasinc.com\/pt\/product\/comprar-sextacia-po\/#breadcrumb","itemListElement":[{"@type":"ListItem","position":1,"name":"Comprar","item":"https:\/\/medicinasinc.com\/pt\/comprar\/"},{"@type":"ListItem","position":2,"name":"Compre o p\u00f3 de sextacy"}]},{"@type":"WebSite","@id":"https:\/\/medicinasinc.com\/pt\/#website","url":"https:\/\/medicinasinc.com\/pt\/","name":"Medicinas Inc","description":"Health Medical Clinic","potentialAction":[{"@type":"SearchAction","target":{"@type":"EntryPoint","urlTemplate":"https:\/\/medicinasinc.com\/pt\/?s={search_term_string}"},"query-input":{"@type":"PropertyValueSpecification","valueRequired":true,"valueName":"search_term_string"}}],"inLanguage":"pt-PT"}]}},"_links":{"self":[{"href":"https:\/\/medicinasinc.com\/pt\/wp-json\/wp\/v2\/product\/5731","targetHints":{"allow":["GET"]}}],"collection":[{"href":"https:\/\/medicinasinc.com\/pt\/wp-json\/wp\/v2\/product"}],"about":[{"href":"https:\/\/medicinasinc.com\/pt\/wp-json\/wp\/v2\/types\/product"}],"replies":[{"embeddable":true,"href":"https:\/\/medicinasinc.com\/pt\/wp-json\/wp\/v2\/comments?post=5731"}],"wp:featuredmedia":[{"embeddable":true,"href":"https:\/\/medicinasinc.com\/pt\/wp-json\/wp\/v2\/media\/5742"}],"wp:attachment":[{"href":"https:\/\/medicinasinc.com\/pt\/wp-json\/wp\/v2\/media?parent=5731"}],"wp:term":[{"taxonomy":"product_brand","embeddable":true,"href":"https:\/\/medicinasinc.com\/pt\/wp-json\/wp\/v2\/product_brand?post=5731"},{"taxonomy":"product_cat","embeddable":true,"href":"https:\/\/medicinasinc.com\/pt\/wp-json\/wp\/v2\/product_cat?post=5731"},{"taxonomy":"product_tag","embeddable":true,"href":"https:\/\/medicinasinc.com\/pt\/wp-json\/wp\/v2\/product_tag?post=5731"}],"curies":[{"name":"wp","href":"https:\/\/api.w.org\/{rel}","templated":true}]}}