{"id":5730,"date":"2022-02-22T05:01:35","date_gmt":"2022-02-22T05:01:35","guid":{"rendered":"https:\/\/medicinasinc.com\/pt\/?post_type=product&#038;p=5730"},"modified":"2022-07-05T22:55:22","modified_gmt":"2022-07-05T22:55:22","slug":"comprar-puro-mdma-po","status":"publish","type":"product","link":"https:\/\/medicinasinc.com\/pt\/product\/comprar-puro-mdma-po\/","title":{"rendered":"Compre p\u00f3 de mdma puro"},"content":{"rendered":"<p>Compre MDMA em forma de p\u00f3<\/p>\n<p>MDMA em p\u00f3, cristais de MDMA e ecstasy<\/p>\n<p>Com suas propriedades estimulantes e alucin\u00f3genas em igual medida, os cristais em p\u00f3 de MDMA s\u00e3o um dos produtos recreativos mais populares subst\u00e2ncias no mercado hoje.<\/p>\n<p>1,2 Normalmente,<\/p>\n<p>MDMA em p\u00f3 pode ser comprado on-line.<\/p>\n<p>MDMA em p\u00f3 \u00e0 venda em sua forma mais pura, on-line. <\/p>\n<p>N\u00f3s s\u00f3 vendemos o p\u00f3 de MDMA (Ecstasy\/Molly) da mais alta qualidade on-line em.<\/p>\n<p>O p\u00f3 de MDMA puro est\u00e1 dispon\u00edvel para compra on-line.<\/p>\n<p>O lugar mais barato comprar Ecstasy\/Molly Powder<\/p>\n<p>Os p\u00f3s de MDMA t\u00eam alguma vantagem ou desvantagem em compara\u00e7\u00e3o com as p\u00edlulas?<\/p>\n<p>Os cristais ou p\u00f3 de MDMA triturados s\u00e3o outra maneira de obter a subst\u00e2ncia.<\/p>\n<p>O MDMA administrado por via oral (abrevia\u00e7\u00e3o de 3,4-metilenodioximetanfetamina), cujo nome qu\u00edmico \u00e9 3,4-metilenodioximetanfetamina, tem meia-vida de 3 a 6 horas. Um a dois comprimidos de MDMA, cada um com 60 a 120 miligramas de MDMA, \u00e9 a dose mais comumente relatada. 1 \u00c0 medida que os efeitos da primeira dose come\u00e7am a desaparecer, n\u00e3o \u00e9 incomum que os usu\u00e1rios tomem uma segunda dose do medicamento.<\/p>\n","protected":false},"excerpt":{"rendered":"<p>Compre Quality Mdma Powder \u00e0 venda no Reino Unido, Europa, AU em nossa loja online medicinasinc.com\/pt com entrega r\u00e1pida em todo o mundo! O melhor p\u00f3 de MDMA para encomendar voc\u00ea encontrar\u00e1 aqui!<\/p>\n<ul>\n<li>Compre o p\u00f3 de MDMA puro online<\/li>\n<li>P\u00f3 de MDMA puro online<\/li>\n<li>Ecstasy\/Molly Powder \u00e0 venda <\/li>\n<li>\u00a0compre Ecstasy\/Molly Powder on-line<\/li>\n<\/ul>\n","protected":false},"featured_media":5740,"comment_status":"open","ping_status":"closed","template":"","meta":[],"product_brand":[],"product_cat":[2014],"product_tag":[3701,3702,3647,3703,3704,3721,3708,3609,3725,3705,3707,3706,3710,3724,3716,3659,3717,3711,3713,3662,3712,3709,3715,3719,3727,3728,3729,3730,3723,3714,3718,3726,3720,3722],"class_list":{"0":"post-5730","1":"product","2":"type-product","3":"status-publish","4":"has-post-thumbnail","6":"product_cat-compre-produtos-quimicos-de-pesquisa","7":"product_tag-best-mdma-powder","8":"product_tag-best-quality-mdma-powder","9":"product_tag-buy-mdma-powder","10":"product_tag-buy-mdma-powder-crystal-online","11":"product_tag-buy-mdma-powder-eu","12":"product_tag-mdma-powder-reviews","13":"product_tag-como-comprar-mdma-p-cristal-online","14":"product_tag-compra-de-p-de-mdma","15":"product_tag-comprar-mdma-p","16":"product_tag-buy-mdma-powder-europe","17":"product_tag-compre-mdma-p-online","18":"product_tag-compre-mdma-p-perto-de-mim","19":"product_tag-efeito-de-p-de-mdma","20":"product_tag-order-mdma-powder-crystal-online","21":"product_tag-mdma-powder-online","22":"product_tag-p-de-mdma","23":"product_tag-p-de-mdma-durante-a-noite","24":"product_tag-mdma-powder-europe","25":"product_tag-mdma-p-google","26":"product_tag-mdma-p-para-venda","27":"product_tag-mdma-p-venda-online","28":"product_tag-mdma-powder-crystal-for-sale","29":"product_tag-mdma-powder-near-me","30":"product_tag-mdma-powder-reddit","31":"product_tag-o-melhor-lugar-para-comprar-mdma-powder-crystal-online","32":"product_tag-onde-comprar-mdma-p","33":"product_tag-onde-comprar-mdma-powder-crystal-online","34":"product_tag-onde-pedir-mdma-p","35":"product_tag-order-mdma-powder","36":"product_tag-mdma-powder-mail-order","37":"product_tag-preo-do-p-de-mdma","38":"product_tag-purchase-mdma-powder-crystal-online","39":"product_tag-mdma-powder-review","40":"product_tag-mdma-powder-shipping","42":"first","43":"instock","44":"shipping-taxable","45":"purchasable","46":"product-type-variable","47":"has-default-attributes"},"yoast_head":"<!-- This site is optimized with the Yoast SEO plugin v27.3 - https:\/\/yoast.com\/product\/yoast-seo-wordpress\/ -->\n<title>Compre p\u00f3 de mdma puro - p\u00f3 de mdma \u00e0 venda - Best Global Meds<\/title>\n<meta name=\"description\" content=\"Compre Quality Mdma Powder \u00e0 venda no Reino Unido, Europa, AU na nossa loja online medicinasinc.com\/pt com entrega r\u00e1pida em todo o mundo! O melhor P\u00f3 Mdma para pedir voc\u00ea encontra aqui!\" \/>\n<meta name=\"robots\" content=\"index, follow, max-snippet:-1, max-image-preview:large, max-video-preview:-1\" \/>\n<link rel=\"canonical\" href=\"https:\/\/medicinasinc.com\/pt\/product\/comprar-puro-mdma-po\/\" \/>\n<meta property=\"og:locale\" content=\"pt_PT\" \/>\n<meta property=\"og:type\" content=\"article\" \/>\n<meta property=\"og:title\" content=\"Compre p\u00f3 de mdma puro - p\u00f3 de mdma \u00e0 venda - Best Global Meds\" \/>\n<meta property=\"og:description\" content=\"Compre Quality Mdma Powder \u00e0 venda no Reino Unido, Europa, AU na nossa loja online medicinasinc.com\/pt com entrega r\u00e1pida em todo o mundo! O melhor P\u00f3 Mdma para pedir voc\u00ea encontra aqui!\" \/>\n<meta property=\"og:url\" content=\"https:\/\/medicinasinc.com\/pt\/product\/comprar-puro-mdma-po\/\" \/>\n<meta property=\"og:site_name\" content=\"Medicinas Inc\" \/>\n<meta property=\"article:modified_time\" content=\"2022-07-05T22:55:22+00:00\" \/>\n<meta property=\"og:image\" content=\"https:\/\/medicinasinc.com\/pt\/wp-content\/uploads\/sites\/20\/2022\/02\/Buy-pure-mdma-powder.jpg\" \/>\n\t<meta property=\"og:image:width\" content=\"1500\" \/>\n\t<meta property=\"og:image:height\" content=\"1496\" \/>\n\t<meta property=\"og:image:type\" content=\"image\/jpeg\" \/>\n<meta name=\"twitter:card\" content=\"summary_large_image\" \/>\n<meta name=\"twitter:label1\" content=\"Tempo estimado de leitura\" \/>\n\t<meta name=\"twitter:data1\" content=\"1 minuto\" \/>\n<script type=\"application\/ld+json\" class=\"yoast-schema-graph\">{\"@context\":\"https:\\\/\\\/schema.org\",\"@graph\":[{\"@type\":\"WebPage\",\"@id\":\"https:\\\/\\\/medicinasinc.com\\\/pt\\\/product\\\/comprar-puro-mdma-po\\\/\",\"url\":\"https:\\\/\\\/medicinasinc.com\\\/pt\\\/product\\\/comprar-puro-mdma-po\\\/\",\"name\":\"Compre p\u00f3 de mdma puro - p\u00f3 de mdma \u00e0 venda - Best Global Meds\",\"isPartOf\":{\"@id\":\"https:\\\/\\\/medicinasinc.com\\\/pt\\\/#website\"},\"primaryImageOfPage\":{\"@id\":\"https:\\\/\\\/medicinasinc.com\\\/pt\\\/product\\\/comprar-puro-mdma-po\\\/#primaryimage\"},\"image\":{\"@id\":\"https:\\\/\\\/medicinasinc.com\\\/pt\\\/product\\\/comprar-puro-mdma-po\\\/#primaryimage\"},\"thumbnailUrl\":\"https:\\\/\\\/medicinasinc.com\\\/pt\\\/wp-content\\\/uploads\\\/sites\\\/20\\\/2022\\\/02\\\/Buy-pure-mdma-powder.jpg\",\"datePublished\":\"2022-02-22T05:01:35+00:00\",\"dateModified\":\"2022-07-05T22:55:22+00:00\",\"description\":\"Compre Quality Mdma Powder \u00e0 venda no Reino Unido, Europa, AU na nossa loja online medicinasinc.com\\\/pt com entrega r\u00e1pida em todo o mundo! O melhor P\u00f3 Mdma para pedir voc\u00ea encontra aqui!\",\"breadcrumb\":{\"@id\":\"https:\\\/\\\/medicinasinc.com\\\/pt\\\/product\\\/comprar-puro-mdma-po\\\/#breadcrumb\"},\"inLanguage\":\"pt-PT\",\"potentialAction\":[{\"@type\":\"ReadAction\",\"target\":[\"https:\\\/\\\/medicinasinc.com\\\/pt\\\/product\\\/comprar-puro-mdma-po\\\/\"]}]},{\"@type\":\"ImageObject\",\"inLanguage\":\"pt-PT\",\"@id\":\"https:\\\/\\\/medicinasinc.com\\\/pt\\\/product\\\/comprar-puro-mdma-po\\\/#primaryimage\",\"url\":\"https:\\\/\\\/medicinasinc.com\\\/pt\\\/wp-content\\\/uploads\\\/sites\\\/20\\\/2022\\\/02\\\/Buy-pure-mdma-powder.jpg\",\"contentUrl\":\"https:\\\/\\\/medicinasinc.com\\\/pt\\\/wp-content\\\/uploads\\\/sites\\\/20\\\/2022\\\/02\\\/Buy-pure-mdma-powder.jpg\",\"width\":1500,\"height\":1496},{\"@type\":\"BreadcrumbList\",\"@id\":\"https:\\\/\\\/medicinasinc.com\\\/pt\\\/product\\\/comprar-puro-mdma-po\\\/#breadcrumb\",\"itemListElement\":[{\"@type\":\"ListItem\",\"position\":1,\"name\":\"Comprar\",\"item\":\"https:\\\/\\\/medicinasinc.com\\\/pt\\\/comprar\\\/\"},{\"@type\":\"ListItem\",\"position\":2,\"name\":\"Compre p\u00f3 de mdma puro\"}]},{\"@type\":\"WebSite\",\"@id\":\"https:\\\/\\\/medicinasinc.com\\\/pt\\\/#website\",\"url\":\"https:\\\/\\\/medicinasinc.com\\\/pt\\\/\",\"name\":\"Medicinas Inc\",\"description\":\"Health Medical Clinic\",\"potentialAction\":[{\"@type\":\"SearchAction\",\"target\":{\"@type\":\"EntryPoint\",\"urlTemplate\":\"https:\\\/\\\/medicinasinc.com\\\/pt\\\/?s={search_term_string}\"},\"query-input\":{\"@type\":\"PropertyValueSpecification\",\"valueRequired\":true,\"valueName\":\"search_term_string\"}}],\"inLanguage\":\"pt-PT\"}]}<\/script>\n<!-- \/ Yoast SEO plugin. -->","yoast_head_json":{"title":"Compre p\u00f3 de mdma puro - p\u00f3 de mdma \u00e0 venda - Best Global Meds","description":"Compre Quality Mdma Powder \u00e0 venda no Reino Unido, Europa, AU na nossa loja online medicinasinc.com\/pt com entrega r\u00e1pida em todo o mundo! O melhor P\u00f3 Mdma para pedir voc\u00ea encontra aqui!","robots":{"index":"index","follow":"follow","max-snippet":"max-snippet:-1","max-image-preview":"max-image-preview:large","max-video-preview":"max-video-preview:-1"},"canonical":"https:\/\/medicinasinc.com\/pt\/product\/comprar-puro-mdma-po\/","og_locale":"pt_PT","og_type":"article","og_title":"Compre p\u00f3 de mdma puro - p\u00f3 de mdma \u00e0 venda - Best Global Meds","og_description":"Compre Quality Mdma Powder \u00e0 venda no Reino Unido, Europa, AU na nossa loja online medicinasinc.com\/pt com entrega r\u00e1pida em todo o mundo! O melhor P\u00f3 Mdma para pedir voc\u00ea encontra aqui!","og_url":"https:\/\/medicinasinc.com\/pt\/product\/comprar-puro-mdma-po\/","og_site_name":"Medicinas Inc","article_modified_time":"2022-07-05T22:55:22+00:00","og_image":[{"width":1500,"height":1496,"url":"https:\/\/medicinasinc.com\/pt\/wp-content\/uploads\/sites\/20\/2022\/02\/Buy-pure-mdma-powder.jpg","type":"image\/jpeg"}],"twitter_card":"summary_large_image","twitter_misc":{"Tempo estimado de leitura":"1 minuto"},"schema":{"@context":"https:\/\/schema.org","@graph":[{"@type":"WebPage","@id":"https:\/\/medicinasinc.com\/pt\/product\/comprar-puro-mdma-po\/","url":"https:\/\/medicinasinc.com\/pt\/product\/comprar-puro-mdma-po\/","name":"Compre p\u00f3 de mdma puro - p\u00f3 de mdma \u00e0 venda - Best Global Meds","isPartOf":{"@id":"https:\/\/medicinasinc.com\/pt\/#website"},"primaryImageOfPage":{"@id":"https:\/\/medicinasinc.com\/pt\/product\/comprar-puro-mdma-po\/#primaryimage"},"image":{"@id":"https:\/\/medicinasinc.com\/pt\/product\/comprar-puro-mdma-po\/#primaryimage"},"thumbnailUrl":"https:\/\/medicinasinc.com\/pt\/wp-content\/uploads\/sites\/20\/2022\/02\/Buy-pure-mdma-powder.jpg","datePublished":"2022-02-22T05:01:35+00:00","dateModified":"2022-07-05T22:55:22+00:00","description":"Compre Quality Mdma Powder \u00e0 venda no Reino Unido, Europa, AU na nossa loja online medicinasinc.com\/pt com entrega r\u00e1pida em todo o mundo! O melhor P\u00f3 Mdma para pedir voc\u00ea encontra aqui!","breadcrumb":{"@id":"https:\/\/medicinasinc.com\/pt\/product\/comprar-puro-mdma-po\/#breadcrumb"},"inLanguage":"pt-PT","potentialAction":[{"@type":"ReadAction","target":["https:\/\/medicinasinc.com\/pt\/product\/comprar-puro-mdma-po\/"]}]},{"@type":"ImageObject","inLanguage":"pt-PT","@id":"https:\/\/medicinasinc.com\/pt\/product\/comprar-puro-mdma-po\/#primaryimage","url":"https:\/\/medicinasinc.com\/pt\/wp-content\/uploads\/sites\/20\/2022\/02\/Buy-pure-mdma-powder.jpg","contentUrl":"https:\/\/medicinasinc.com\/pt\/wp-content\/uploads\/sites\/20\/2022\/02\/Buy-pure-mdma-powder.jpg","width":1500,"height":1496},{"@type":"BreadcrumbList","@id":"https:\/\/medicinasinc.com\/pt\/product\/comprar-puro-mdma-po\/#breadcrumb","itemListElement":[{"@type":"ListItem","position":1,"name":"Comprar","item":"https:\/\/medicinasinc.com\/pt\/comprar\/"},{"@type":"ListItem","position":2,"name":"Compre p\u00f3 de mdma puro"}]},{"@type":"WebSite","@id":"https:\/\/medicinasinc.com\/pt\/#website","url":"https:\/\/medicinasinc.com\/pt\/","name":"Medicinas Inc","description":"Health Medical Clinic","potentialAction":[{"@type":"SearchAction","target":{"@type":"EntryPoint","urlTemplate":"https:\/\/medicinasinc.com\/pt\/?s={search_term_string}"},"query-input":{"@type":"PropertyValueSpecification","valueRequired":true,"valueName":"search_term_string"}}],"inLanguage":"pt-PT"}]}},"_links":{"self":[{"href":"https:\/\/medicinasinc.com\/pt\/wp-json\/wp\/v2\/product\/5730","targetHints":{"allow":["GET"]}}],"collection":[{"href":"https:\/\/medicinasinc.com\/pt\/wp-json\/wp\/v2\/product"}],"about":[{"href":"https:\/\/medicinasinc.com\/pt\/wp-json\/wp\/v2\/types\/product"}],"replies":[{"embeddable":true,"href":"https:\/\/medicinasinc.com\/pt\/wp-json\/wp\/v2\/comments?post=5730"}],"wp:featuredmedia":[{"embeddable":true,"href":"https:\/\/medicinasinc.com\/pt\/wp-json\/wp\/v2\/media\/5740"}],"wp:attachment":[{"href":"https:\/\/medicinasinc.com\/pt\/wp-json\/wp\/v2\/media?parent=5730"}],"wp:term":[{"taxonomy":"product_brand","embeddable":true,"href":"https:\/\/medicinasinc.com\/pt\/wp-json\/wp\/v2\/product_brand?post=5730"},{"taxonomy":"product_cat","embeddable":true,"href":"https:\/\/medicinasinc.com\/pt\/wp-json\/wp\/v2\/product_cat?post=5730"},{"taxonomy":"product_tag","embeddable":true,"href":"https:\/\/medicinasinc.com\/pt\/wp-json\/wp\/v2\/product_tag?post=5730"}],"curies":[{"name":"wp","href":"https:\/\/api.w.org\/{rel}","templated":true}]}}