{"id":5729,"date":"2022-02-22T04:59:37","date_gmt":"2022-02-22T04:59:37","guid":{"rendered":"https:\/\/medicinasinc.com\/pt\/?post_type=product&#038;p=5729"},"modified":"2022-07-05T22:55:40","modified_gmt":"2022-07-05T22:55:40","slug":"comprar-hidrocodona-po","status":"publish","type":"product","link":"https:\/\/medicinasinc.com\/pt\/product\/comprar-hidrocodona-po\/","title":{"rendered":"Compre hidrocodona em p\u00f3"},"content":{"rendered":"<p>Para comprar Hydrocodone Powder online, clique aqui.<br \/> Online, voc\u00ea pode comprar Hydrocodone Powder a granel por um bom pre\u00e7o a pre\u00e7os de atacado. Hydrocodone, que \u00e9 vendido sob a marca Hysingla e outros nomes, \u00e9 um opi\u00f3ide que pode ser usado para tratar a dor que dura muito tempo se outros tratamentos n\u00e3o funcionarem. Como supressor da tosse, tamb\u00e9m \u00e9 usado por pessoas com mais de 18 anos. As pessoas comem. O acetaminofeno e o hidrocodona geralmente s\u00e3o vendidos juntos. O ibuprofeno e a hidrocodona tamb\u00e9m costumam ser vendidos juntos. Por si s\u00f3, ele vem em uma forma de a\u00e7\u00e3o prolongada que voc\u00ea pode comprar.<\/p>\n<p>Existem dois tipos de sal ou p\u00f3 de hidrocodona:<\/p>\n<p>A hidrocodona \u00e9 um opi\u00f3ide semi-sint\u00e9tico que vem de a planta de code\u00edna. Hydrocodone pode ser tomado por via oral para aliviar a dor e parar de tossir, muitas vezes com paracetamol ou ibuprofeno. H\u00e1 muitas prescri\u00e7\u00f5es para hidrocodona nos Estados Unidos.<\/p>\n","protected":false},"excerpt":{"rendered":"<p>P\u00f3 de hidrocodona \u00e0 venda na Europa, Reino Unido e Austr\u00e1lia. A code\u00edna \u00e9 usada para fazer p\u00f3 de hidrocodona, um opi\u00f3ide semi-sint\u00e9tico. Pre\u00e7os mais baratos de Hydrocodone Powder.<\/p>\n<p>Compre Hydrocodone Powder Online de uma fonte confi\u00e1vel.<\/p>\n<p>\u00c9 um opi\u00f3ide semi-sint\u00e9tico derivado da code\u00edna. Hidrocodona em p\u00f3<\/p>\n","protected":false},"featured_media":5738,"comment_status":"open","ping_status":"closed","template":"","meta":[],"product_brand":[],"product_cat":[2014],"product_tag":[3675,3671,3672,3673,3674,3691,3670,3699,3694,3688,3689,3676,3679,3680,3681,3684,3686,3687,3692,3690,3693,3695,3698,3700,3682,3677,3678,3697,3696,3683,3685],"class_list":{"0":"post-5729","1":"product","2":"type-product","3":"status-publish","4":"has-post-thumbnail","6":"product_cat-compre-produtos-quimicos-de-pesquisa","7":"product_tag-faz-hidrocodona-causar-constipao","8":"product_tag-buy-hydrocodone-online-usa","9":"product_tag-buy-hydrocodone-online-without-rx","10":"product_tag-buy-hydrocodone-powder","11":"product_tag-can-hydrocodone-kill-you","12":"product_tag-combinao-de-kratom-e-hidrocodona","13":"product_tag-comprar-hidrocodona-acetaminofeno","14":"product_tag-o-que--composto-de-hidrocodona","15":"product_tag-kratom-vs-hidrocodona-fora","16":"product_tag-hidrocodona-vs-kratom","17":"product_tag-hidrocodona-vs-vicodina","18":"product_tag-hydrocodone-hcl","19":"product_tag-hydrocodone-powder-effect","20":"product_tag-hydrocodone-powder-for-compounding","21":"product_tag-hydrocodone-powder-for-sale","22":"product_tag-hidrocodona-p-reddit","23":"product_tag-hydrocodone-powder-sale","24":"product_tag-hydrocodone-powder-uses","25":"product_tag-kratom-bali-compared-to-hydrocodone","26":"product_tag-kratom-e-hidrocodona","27":"product_tag-kratom-comparado-a-norco","28":"product_tag-mistura-kratom-e-hidrocodona","29":"product_tag-o-que-acontece-quando-voc-cheira-hidrocodona","30":"product_tag-onde-comprar-hidrocodona-plulas","31":"product_tag-ordem-de-p-de-hidrocodona","32":"product_tag-hidrocodona-em-p","33":"product_tag-hidrocodona-p-comprar","34":"product_tag-p-de-hidrocodona-prima","35":"product_tag-p-de-hidrocodona-pura-para-venda","36":"product_tag-hidrocodona-p-preo","37":"product_tag-reviso-de-p-de-hidrocodona","39":"first","40":"instock","41":"shipping-taxable","42":"purchasable","43":"product-type-variable","44":"has-default-attributes"},"yoast_head":"<!-- This site is optimized with the Yoast SEO plugin v27.3 - https:\/\/yoast.com\/product\/yoast-seo-wordpress\/ -->\n<title>Compre Hydrocodone Powder - Hydrocodone Powder- Best Global Meds<\/title>\n<meta name=\"description\" content=\"Compre p\u00f3 de hidrocodona de qualidade para venda na Europa, Reino Unido, AU Online. O p\u00f3 de hidrocodona \u00e9 um opi\u00f3ide semi-sint\u00e9tico derivado da code\u00edna. Encomende Hydrocodone Powder aos melhores pre\u00e7os\" \/>\n<meta name=\"robots\" content=\"index, follow, max-snippet:-1, max-image-preview:large, max-video-preview:-1\" \/>\n<link rel=\"canonical\" href=\"https:\/\/medicinasinc.com\/pt\/product\/comprar-hidrocodona-po\/\" \/>\n<meta property=\"og:locale\" content=\"pt_PT\" \/>\n<meta property=\"og:type\" content=\"article\" \/>\n<meta property=\"og:title\" content=\"Compre Hydrocodone Powder - Hydrocodone Powder- Best Global Meds\" \/>\n<meta property=\"og:description\" content=\"Compre p\u00f3 de hidrocodona de qualidade para venda na Europa, Reino Unido, AU Online. O p\u00f3 de hidrocodona \u00e9 um opi\u00f3ide semi-sint\u00e9tico derivado da code\u00edna. Encomende Hydrocodone Powder aos melhores pre\u00e7os\" \/>\n<meta property=\"og:url\" content=\"https:\/\/medicinasinc.com\/pt\/product\/comprar-hidrocodona-po\/\" \/>\n<meta property=\"og:site_name\" content=\"Medicinas Inc\" \/>\n<meta property=\"article:modified_time\" content=\"2022-07-05T22:55:40+00:00\" \/>\n<meta property=\"og:image\" content=\"https:\/\/medicinasinc.com\/pt\/wp-content\/uploads\/sites\/20\/2022\/02\/Buy-Hydrocodone-Powder.jpg\" \/>\n\t<meta property=\"og:image:width\" content=\"650\" \/>\n\t<meta property=\"og:image:height\" content=\"390\" \/>\n\t<meta property=\"og:image:type\" content=\"image\/jpeg\" \/>\n<meta name=\"twitter:card\" content=\"summary_large_image\" \/>\n<meta name=\"twitter:label1\" content=\"Tempo estimado de leitura\" \/>\n\t<meta name=\"twitter:data1\" content=\"1 minuto\" \/>\n<script type=\"application\/ld+json\" class=\"yoast-schema-graph\">{\"@context\":\"https:\\\/\\\/schema.org\",\"@graph\":[{\"@type\":\"WebPage\",\"@id\":\"https:\\\/\\\/medicinasinc.com\\\/pt\\\/product\\\/comprar-hidrocodona-po\\\/\",\"url\":\"https:\\\/\\\/medicinasinc.com\\\/pt\\\/product\\\/comprar-hidrocodona-po\\\/\",\"name\":\"Compre Hydrocodone Powder - Hydrocodone Powder- Best Global Meds\",\"isPartOf\":{\"@id\":\"https:\\\/\\\/medicinasinc.com\\\/pt\\\/#website\"},\"primaryImageOfPage\":{\"@id\":\"https:\\\/\\\/medicinasinc.com\\\/pt\\\/product\\\/comprar-hidrocodona-po\\\/#primaryimage\"},\"image\":{\"@id\":\"https:\\\/\\\/medicinasinc.com\\\/pt\\\/product\\\/comprar-hidrocodona-po\\\/#primaryimage\"},\"thumbnailUrl\":\"https:\\\/\\\/medicinasinc.com\\\/pt\\\/wp-content\\\/uploads\\\/sites\\\/20\\\/2022\\\/02\\\/Buy-Hydrocodone-Powder.jpg\",\"datePublished\":\"2022-02-22T04:59:37+00:00\",\"dateModified\":\"2022-07-05T22:55:40+00:00\",\"description\":\"Compre p\u00f3 de hidrocodona de qualidade para venda na Europa, Reino Unido, AU Online. O p\u00f3 de hidrocodona \u00e9 um opi\u00f3ide semi-sint\u00e9tico derivado da code\u00edna. Encomende Hydrocodone Powder aos melhores pre\u00e7os\",\"breadcrumb\":{\"@id\":\"https:\\\/\\\/medicinasinc.com\\\/pt\\\/product\\\/comprar-hidrocodona-po\\\/#breadcrumb\"},\"inLanguage\":\"pt-PT\",\"potentialAction\":[{\"@type\":\"ReadAction\",\"target\":[\"https:\\\/\\\/medicinasinc.com\\\/pt\\\/product\\\/comprar-hidrocodona-po\\\/\"]}]},{\"@type\":\"ImageObject\",\"inLanguage\":\"pt-PT\",\"@id\":\"https:\\\/\\\/medicinasinc.com\\\/pt\\\/product\\\/comprar-hidrocodona-po\\\/#primaryimage\",\"url\":\"https:\\\/\\\/medicinasinc.com\\\/pt\\\/wp-content\\\/uploads\\\/sites\\\/20\\\/2022\\\/02\\\/Buy-Hydrocodone-Powder.jpg\",\"contentUrl\":\"https:\\\/\\\/medicinasinc.com\\\/pt\\\/wp-content\\\/uploads\\\/sites\\\/20\\\/2022\\\/02\\\/Buy-Hydrocodone-Powder.jpg\",\"width\":650,\"height\":390},{\"@type\":\"BreadcrumbList\",\"@id\":\"https:\\\/\\\/medicinasinc.com\\\/pt\\\/product\\\/comprar-hidrocodona-po\\\/#breadcrumb\",\"itemListElement\":[{\"@type\":\"ListItem\",\"position\":1,\"name\":\"Comprar\",\"item\":\"https:\\\/\\\/medicinasinc.com\\\/pt\\\/comprar\\\/\"},{\"@type\":\"ListItem\",\"position\":2,\"name\":\"Compre hidrocodona em p\u00f3\"}]},{\"@type\":\"WebSite\",\"@id\":\"https:\\\/\\\/medicinasinc.com\\\/pt\\\/#website\",\"url\":\"https:\\\/\\\/medicinasinc.com\\\/pt\\\/\",\"name\":\"Medicinas Inc\",\"description\":\"Health Medical Clinic\",\"potentialAction\":[{\"@type\":\"SearchAction\",\"target\":{\"@type\":\"EntryPoint\",\"urlTemplate\":\"https:\\\/\\\/medicinasinc.com\\\/pt\\\/?s={search_term_string}\"},\"query-input\":{\"@type\":\"PropertyValueSpecification\",\"valueRequired\":true,\"valueName\":\"search_term_string\"}}],\"inLanguage\":\"pt-PT\"}]}<\/script>\n<!-- \/ Yoast SEO plugin. -->","yoast_head_json":{"title":"Compre Hydrocodone Powder - Hydrocodone Powder- Best Global Meds","description":"Compre p\u00f3 de hidrocodona de qualidade para venda na Europa, Reino Unido, AU Online. O p\u00f3 de hidrocodona \u00e9 um opi\u00f3ide semi-sint\u00e9tico derivado da code\u00edna. Encomende Hydrocodone Powder aos melhores pre\u00e7os","robots":{"index":"index","follow":"follow","max-snippet":"max-snippet:-1","max-image-preview":"max-image-preview:large","max-video-preview":"max-video-preview:-1"},"canonical":"https:\/\/medicinasinc.com\/pt\/product\/comprar-hidrocodona-po\/","og_locale":"pt_PT","og_type":"article","og_title":"Compre Hydrocodone Powder - Hydrocodone Powder- Best Global Meds","og_description":"Compre p\u00f3 de hidrocodona de qualidade para venda na Europa, Reino Unido, AU Online. O p\u00f3 de hidrocodona \u00e9 um opi\u00f3ide semi-sint\u00e9tico derivado da code\u00edna. Encomende Hydrocodone Powder aos melhores pre\u00e7os","og_url":"https:\/\/medicinasinc.com\/pt\/product\/comprar-hidrocodona-po\/","og_site_name":"Medicinas Inc","article_modified_time":"2022-07-05T22:55:40+00:00","og_image":[{"width":650,"height":390,"url":"https:\/\/medicinasinc.com\/pt\/wp-content\/uploads\/sites\/20\/2022\/02\/Buy-Hydrocodone-Powder.jpg","type":"image\/jpeg"}],"twitter_card":"summary_large_image","twitter_misc":{"Tempo estimado de leitura":"1 minuto"},"schema":{"@context":"https:\/\/schema.org","@graph":[{"@type":"WebPage","@id":"https:\/\/medicinasinc.com\/pt\/product\/comprar-hidrocodona-po\/","url":"https:\/\/medicinasinc.com\/pt\/product\/comprar-hidrocodona-po\/","name":"Compre Hydrocodone Powder - Hydrocodone Powder- Best Global Meds","isPartOf":{"@id":"https:\/\/medicinasinc.com\/pt\/#website"},"primaryImageOfPage":{"@id":"https:\/\/medicinasinc.com\/pt\/product\/comprar-hidrocodona-po\/#primaryimage"},"image":{"@id":"https:\/\/medicinasinc.com\/pt\/product\/comprar-hidrocodona-po\/#primaryimage"},"thumbnailUrl":"https:\/\/medicinasinc.com\/pt\/wp-content\/uploads\/sites\/20\/2022\/02\/Buy-Hydrocodone-Powder.jpg","datePublished":"2022-02-22T04:59:37+00:00","dateModified":"2022-07-05T22:55:40+00:00","description":"Compre p\u00f3 de hidrocodona de qualidade para venda na Europa, Reino Unido, AU Online. O p\u00f3 de hidrocodona \u00e9 um opi\u00f3ide semi-sint\u00e9tico derivado da code\u00edna. Encomende Hydrocodone Powder aos melhores pre\u00e7os","breadcrumb":{"@id":"https:\/\/medicinasinc.com\/pt\/product\/comprar-hidrocodona-po\/#breadcrumb"},"inLanguage":"pt-PT","potentialAction":[{"@type":"ReadAction","target":["https:\/\/medicinasinc.com\/pt\/product\/comprar-hidrocodona-po\/"]}]},{"@type":"ImageObject","inLanguage":"pt-PT","@id":"https:\/\/medicinasinc.com\/pt\/product\/comprar-hidrocodona-po\/#primaryimage","url":"https:\/\/medicinasinc.com\/pt\/wp-content\/uploads\/sites\/20\/2022\/02\/Buy-Hydrocodone-Powder.jpg","contentUrl":"https:\/\/medicinasinc.com\/pt\/wp-content\/uploads\/sites\/20\/2022\/02\/Buy-Hydrocodone-Powder.jpg","width":650,"height":390},{"@type":"BreadcrumbList","@id":"https:\/\/medicinasinc.com\/pt\/product\/comprar-hidrocodona-po\/#breadcrumb","itemListElement":[{"@type":"ListItem","position":1,"name":"Comprar","item":"https:\/\/medicinasinc.com\/pt\/comprar\/"},{"@type":"ListItem","position":2,"name":"Compre hidrocodona em p\u00f3"}]},{"@type":"WebSite","@id":"https:\/\/medicinasinc.com\/pt\/#website","url":"https:\/\/medicinasinc.com\/pt\/","name":"Medicinas Inc","description":"Health Medical Clinic","potentialAction":[{"@type":"SearchAction","target":{"@type":"EntryPoint","urlTemplate":"https:\/\/medicinasinc.com\/pt\/?s={search_term_string}"},"query-input":{"@type":"PropertyValueSpecification","valueRequired":true,"valueName":"search_term_string"}}],"inLanguage":"pt-PT"}]}},"_links":{"self":[{"href":"https:\/\/medicinasinc.com\/pt\/wp-json\/wp\/v2\/product\/5729","targetHints":{"allow":["GET"]}}],"collection":[{"href":"https:\/\/medicinasinc.com\/pt\/wp-json\/wp\/v2\/product"}],"about":[{"href":"https:\/\/medicinasinc.com\/pt\/wp-json\/wp\/v2\/types\/product"}],"replies":[{"embeddable":true,"href":"https:\/\/medicinasinc.com\/pt\/wp-json\/wp\/v2\/comments?post=5729"}],"wp:featuredmedia":[{"embeddable":true,"href":"https:\/\/medicinasinc.com\/pt\/wp-json\/wp\/v2\/media\/5738"}],"wp:attachment":[{"href":"https:\/\/medicinasinc.com\/pt\/wp-json\/wp\/v2\/media?parent=5729"}],"wp:term":[{"taxonomy":"product_brand","embeddable":true,"href":"https:\/\/medicinasinc.com\/pt\/wp-json\/wp\/v2\/product_brand?post=5729"},{"taxonomy":"product_cat","embeddable":true,"href":"https:\/\/medicinasinc.com\/pt\/wp-json\/wp\/v2\/product_cat?post=5729"},{"taxonomy":"product_tag","embeddable":true,"href":"https:\/\/medicinasinc.com\/pt\/wp-json\/wp\/v2\/product_tag?post=5729"}],"curies":[{"name":"wp","href":"https:\/\/api.w.org\/{rel}","templated":true}]}}