{"id":5710,"date":"2022-02-22T04:39:11","date_gmt":"2022-02-22T04:39:11","guid":{"rendered":"https:\/\/medicinasinc.com\/pt\/?post_type=product&#038;p=5710"},"modified":"2022-07-05T22:55:59","modified_gmt":"2022-07-05T22:55:59","slug":"comprar-mdma-cristais","status":"publish","type":"product","link":"https:\/\/medicinasinc.com\/pt\/product\/comprar-mdma-cristais\/","title":{"rendered":"Compre cristais de mdma"},"content":{"rendered":"<p>ONDE ENCOMENDAR MDMA EM P\u00d3 E CRYSTAL ONLINE<\/p>\n<p>CRYSTAL MDMA est\u00e1 dispon\u00edvel para compra na Internet. Comprar p\u00f3 de MDMA online \u00e9 simples e conveniente. A 3,4-metilenodioximetanfetamina, mais conhecida como ecstasy, \u00e9 um estimulante e geralmente usado para divers\u00e3o. Para alcan\u00e7ar os resultados desejados, os impactos incluem sentimentos alterados e um aumento de energia, empatia e prazer. O MDMA pode ser adquirido aqui mesmo em nosso site. No in\u00edcio, o MDMA era usado principalmente por aqueles que frequentavam boates e festas noturnas (conhecidas como &#8220;raves&#8221;), mas a droga se espalhou para um p\u00fablico mais amplo e agora \u00e9 chamada de Ecstasy ou Molly.<\/p>\n<p>\u00c9 uma droga sint\u00e9tica que afeta o humor e a percep\u00e7\u00e3o, 3,4-metilenodioxi-metanfetamina (MDMA) (consci\u00eancia dos objetos e condi\u00e7\u00f5es ao redor). Como estimulante e alucin\u00f3geno, produz sensa\u00e7\u00f5es de maior energia, prazer e calor emocional, bem como uma experi\u00eancia sensorial confusa.<\/p>\n<p>Como \u00e9 MDMA CYSTAL | P\u00f3 usado por seus usu\u00e1rios?<\/p>\n<p>O MDMA \u00e9 comumente usado na forma de p\u00edlula ou c\u00e1psula, embora tamb\u00e9m possa ser ingerido como l\u00edquido ou aspirado como p\u00f3. \u00c9 comum chamar isso de MDMA em p\u00f3 (MDMA CRYSTAL) Molly, uma g\u00edria para a forma de p\u00f3 cristalino supostamente &#8220;puro&#8221; da droga. O MDMA pode ser combinado com outras subst\u00e2ncias, como \u00e1lcool ou maconha, por algumas pessoas.<\/p>\n<p>Quais s\u00e3o os efeitos do MDMA no c\u00e9rebro?<\/p>\n<p>Tr\u00eas mol\u00e9culas cerebrais s\u00e3o ativadas pelo MDMA: <\/p>\n<p>O aumento da energia e da atividade s\u00e3o dois dos efeitos da dopamina, que funciona como uma recompensa no sistema de recompensa do c\u00e9rebro.<br \/> Aqueles com problemas cardiovasculares ou vasculares s\u00e3o mais vulner\u00e1veis \u200b\u200baos efeitos da norepinefrina, que eleva a frequ\u00eancia card\u00edaca e a press\u00e3o sangu\u00ednea.<br \/> Existem muitas fun\u00e7\u00f5es que a serotonina influencia, como humor, fome e sono. Tamb\u00e9m tem um efeito na excita\u00e7\u00e3o sexual e na confian\u00e7a, causando a libera\u00e7\u00e3o de horm\u00f4nios. As pessoas que tomam MDMA relatam sentimentos de conex\u00e3o emocional, humor aprimorado e empatia como resultado dos efeitos de libera\u00e7\u00e3o de serotonina da droga. Compre p\u00edlulas de Molly de uma farm\u00e1cia on-line respeit\u00e1vel.<\/p>\n<p>&nbsp;<\/p>\n<p>Quanto a outros efeitos negativos sobre a sa\u00fade:<\/p>\n<p>dor de est\u00f4mago e c\u00f3licas<br \/> apertamento dos dentes causou uma n\u00e9voa na minha vis\u00e3o<br \/> calafrios suando<\/p>\n","protected":false},"excerpt":{"rendered":"<p>Compre cristais de mdma para venda no Reino Unido e na Europa conosco. As pessoas que compram conosco podem ter certeza de que receber\u00e3o o que pagaram. Agora, compre 3,4-Metil enodioxi metanfetamina.<\/p>\n<p>Existem Cristais de Ecstasy\/Molly \u00e0 venda (voc\u00ea pode comprar Cristais de Ecstasy\/Molly online). H\u00e1 muitos lugares onde voc\u00ea pode comprar cristais de MDMA online. Voc\u00ea tamb\u00e9m pode comprar cristais de metilona online.<\/p>\n","protected":false},"featured_media":5720,"comment_status":"open","ping_status":"closed","template":"","meta":[],"product_brand":[],"product_cat":[2014],"product_tag":[3644,3647,3648,3646,3645,3664,501,506,3654,3656,3660,3661,3652,3653,3649,3650,3663,3658,3651,3659,3662,3657,3666,3668,3669,3667,539,3655,3665],"class_list":{"0":"post-5710","1":"product","2":"type-product","3":"status-publish","4":"has-post-thumbnail","6":"product_cat-compre-produtos-quimicos-de-pesquisa","7":"product_tag-buy-mdma-crystal","8":"product_tag-buy-mdma-powder","9":"product_tag-como-comprar-mdma-crystal-online","10":"product_tag-comprar-mdma-cristais","11":"product_tag-compre-mdma-cristal-online","12":"product_tag-compra-mdma-cristal-online","13":"product_tag-compre-mdma-online","14":"product_tag-comprar-puro-mdma-online","15":"product_tag-mdma-cristais-para-venda","16":"product_tag-mdma-cristais-reddit","17":"product_tag-cristais-de-p-de-mdma","18":"product_tag-mdma-powder-crystals-online","19":"product_tag-mdma-cristal-para-venda-online","20":"product_tag-efeito-de-cristais-de-mdma","21":"product_tag-mail-order-mdma","22":"product_tag-mail-order-mdma-crystal","23":"product_tag-pedido-mdma-cristal-online","24":"product_tag-mdma-compra-online","25":"product_tag-mdma-cristal-para-venda","26":"product_tag-p-de-mdma","27":"product_tag-mdma-p-para-venda","28":"product_tag-mdma-for-sale-eua","29":"product_tag-o-melhor-lugar-para-comprar-mdma-crystal-online","30":"product_tag-onde-comprar-mdma-crystal-online","31":"product_tag-onde-obter-mdma-usa","32":"product_tag-onde-posso-comprar-mdma","33":"product_tag-pedido-mdma-online","34":"product_tag-mdma-cristais-preos","35":"product_tag-tags-comprar-ecstasy-eua","37":"first","38":"instock","39":"shipping-taxable","40":"purchasable","41":"product-type-variable","42":"has-default-attributes"},"yoast_head":"<!-- This site is optimized with the Yoast SEO plugin v27.3 - https:\/\/yoast.com\/product\/yoast-seo-wordpress\/ -->\n<title>Compre cristais de mdma - cristais de mdma \u00e0 venda - Best Global Meds<\/title>\n<meta name=\"description\" content=\"Compre cristais de mdma para venda no Reino Unido, Europa. oferecemos a transa\u00e7\u00e3o mais confi\u00e1vel e vendemos a pre\u00e7os muito acess\u00edveis. Encomende 3,4-Metilenodioximetanfetamina agora\" \/>\n<meta name=\"robots\" content=\"index, follow, max-snippet:-1, max-image-preview:large, max-video-preview:-1\" \/>\n<link rel=\"canonical\" href=\"https:\/\/medicinasinc.com\/pt\/product\/comprar-mdma-cristais\/\" \/>\n<meta property=\"og:locale\" content=\"pt_PT\" \/>\n<meta property=\"og:type\" content=\"article\" \/>\n<meta property=\"og:title\" content=\"Compre cristais de mdma - cristais de mdma \u00e0 venda - Best Global Meds\" \/>\n<meta property=\"og:description\" content=\"Compre cristais de mdma para venda no Reino Unido, Europa. oferecemos a transa\u00e7\u00e3o mais confi\u00e1vel e vendemos a pre\u00e7os muito acess\u00edveis. Encomende 3,4-Metilenodioximetanfetamina agora\" \/>\n<meta property=\"og:url\" content=\"https:\/\/medicinasinc.com\/pt\/product\/comprar-mdma-cristais\/\" \/>\n<meta property=\"og:site_name\" content=\"Medicinas Inc\" \/>\n<meta property=\"article:modified_time\" content=\"2022-07-05T22:55:59+00:00\" \/>\n<meta property=\"og:image\" content=\"https:\/\/medicinasinc.com\/pt\/wp-content\/uploads\/sites\/20\/2022\/02\/Buy-mdma-crystals.jpg\" \/>\n\t<meta property=\"og:image:width\" content=\"600\" \/>\n\t<meta property=\"og:image:height\" content=\"600\" \/>\n\t<meta property=\"og:image:type\" content=\"image\/jpeg\" \/>\n<meta name=\"twitter:card\" content=\"summary_large_image\" \/>\n<meta name=\"twitter:label1\" content=\"Tempo estimado de leitura\" \/>\n\t<meta name=\"twitter:data1\" content=\"2 minutos\" \/>\n<script type=\"application\/ld+json\" class=\"yoast-schema-graph\">{\"@context\":\"https:\\\/\\\/schema.org\",\"@graph\":[{\"@type\":\"WebPage\",\"@id\":\"https:\\\/\\\/medicinasinc.com\\\/pt\\\/product\\\/comprar-mdma-cristais\\\/\",\"url\":\"https:\\\/\\\/medicinasinc.com\\\/pt\\\/product\\\/comprar-mdma-cristais\\\/\",\"name\":\"Compre cristais de mdma - cristais de mdma \u00e0 venda - Best Global Meds\",\"isPartOf\":{\"@id\":\"https:\\\/\\\/medicinasinc.com\\\/pt\\\/#website\"},\"primaryImageOfPage\":{\"@id\":\"https:\\\/\\\/medicinasinc.com\\\/pt\\\/product\\\/comprar-mdma-cristais\\\/#primaryimage\"},\"image\":{\"@id\":\"https:\\\/\\\/medicinasinc.com\\\/pt\\\/product\\\/comprar-mdma-cristais\\\/#primaryimage\"},\"thumbnailUrl\":\"https:\\\/\\\/medicinasinc.com\\\/pt\\\/wp-content\\\/uploads\\\/sites\\\/20\\\/2022\\\/02\\\/Buy-mdma-crystals.jpg\",\"datePublished\":\"2022-02-22T04:39:11+00:00\",\"dateModified\":\"2022-07-05T22:55:59+00:00\",\"description\":\"Compre cristais de mdma para venda no Reino Unido, Europa. oferecemos a transa\u00e7\u00e3o mais confi\u00e1vel e vendemos a pre\u00e7os muito acess\u00edveis. Encomende 3,4-Metilenodioximetanfetamina agora\",\"breadcrumb\":{\"@id\":\"https:\\\/\\\/medicinasinc.com\\\/pt\\\/product\\\/comprar-mdma-cristais\\\/#breadcrumb\"},\"inLanguage\":\"pt-PT\",\"potentialAction\":[{\"@type\":\"ReadAction\",\"target\":[\"https:\\\/\\\/medicinasinc.com\\\/pt\\\/product\\\/comprar-mdma-cristais\\\/\"]}]},{\"@type\":\"ImageObject\",\"inLanguage\":\"pt-PT\",\"@id\":\"https:\\\/\\\/medicinasinc.com\\\/pt\\\/product\\\/comprar-mdma-cristais\\\/#primaryimage\",\"url\":\"https:\\\/\\\/medicinasinc.com\\\/pt\\\/wp-content\\\/uploads\\\/sites\\\/20\\\/2022\\\/02\\\/Buy-mdma-crystals.jpg\",\"contentUrl\":\"https:\\\/\\\/medicinasinc.com\\\/pt\\\/wp-content\\\/uploads\\\/sites\\\/20\\\/2022\\\/02\\\/Buy-mdma-crystals.jpg\",\"width\":600,\"height\":600},{\"@type\":\"BreadcrumbList\",\"@id\":\"https:\\\/\\\/medicinasinc.com\\\/pt\\\/product\\\/comprar-mdma-cristais\\\/#breadcrumb\",\"itemListElement\":[{\"@type\":\"ListItem\",\"position\":1,\"name\":\"Comprar\",\"item\":\"https:\\\/\\\/medicinasinc.com\\\/pt\\\/comprar\\\/\"},{\"@type\":\"ListItem\",\"position\":2,\"name\":\"Compre cristais de mdma\"}]},{\"@type\":\"WebSite\",\"@id\":\"https:\\\/\\\/medicinasinc.com\\\/pt\\\/#website\",\"url\":\"https:\\\/\\\/medicinasinc.com\\\/pt\\\/\",\"name\":\"Medicinas Inc\",\"description\":\"Health Medical Clinic\",\"potentialAction\":[{\"@type\":\"SearchAction\",\"target\":{\"@type\":\"EntryPoint\",\"urlTemplate\":\"https:\\\/\\\/medicinasinc.com\\\/pt\\\/?s={search_term_string}\"},\"query-input\":{\"@type\":\"PropertyValueSpecification\",\"valueRequired\":true,\"valueName\":\"search_term_string\"}}],\"inLanguage\":\"pt-PT\"}]}<\/script>\n<!-- \/ Yoast SEO plugin. -->","yoast_head_json":{"title":"Compre cristais de mdma - cristais de mdma \u00e0 venda - Best Global Meds","description":"Compre cristais de mdma para venda no Reino Unido, Europa. oferecemos a transa\u00e7\u00e3o mais confi\u00e1vel e vendemos a pre\u00e7os muito acess\u00edveis. Encomende 3,4-Metilenodioximetanfetamina agora","robots":{"index":"index","follow":"follow","max-snippet":"max-snippet:-1","max-image-preview":"max-image-preview:large","max-video-preview":"max-video-preview:-1"},"canonical":"https:\/\/medicinasinc.com\/pt\/product\/comprar-mdma-cristais\/","og_locale":"pt_PT","og_type":"article","og_title":"Compre cristais de mdma - cristais de mdma \u00e0 venda - Best Global Meds","og_description":"Compre cristais de mdma para venda no Reino Unido, Europa. oferecemos a transa\u00e7\u00e3o mais confi\u00e1vel e vendemos a pre\u00e7os muito acess\u00edveis. Encomende 3,4-Metilenodioximetanfetamina agora","og_url":"https:\/\/medicinasinc.com\/pt\/product\/comprar-mdma-cristais\/","og_site_name":"Medicinas Inc","article_modified_time":"2022-07-05T22:55:59+00:00","og_image":[{"width":600,"height":600,"url":"https:\/\/medicinasinc.com\/pt\/wp-content\/uploads\/sites\/20\/2022\/02\/Buy-mdma-crystals.jpg","type":"image\/jpeg"}],"twitter_card":"summary_large_image","twitter_misc":{"Tempo estimado de leitura":"2 minutos"},"schema":{"@context":"https:\/\/schema.org","@graph":[{"@type":"WebPage","@id":"https:\/\/medicinasinc.com\/pt\/product\/comprar-mdma-cristais\/","url":"https:\/\/medicinasinc.com\/pt\/product\/comprar-mdma-cristais\/","name":"Compre cristais de mdma - cristais de mdma \u00e0 venda - Best Global Meds","isPartOf":{"@id":"https:\/\/medicinasinc.com\/pt\/#website"},"primaryImageOfPage":{"@id":"https:\/\/medicinasinc.com\/pt\/product\/comprar-mdma-cristais\/#primaryimage"},"image":{"@id":"https:\/\/medicinasinc.com\/pt\/product\/comprar-mdma-cristais\/#primaryimage"},"thumbnailUrl":"https:\/\/medicinasinc.com\/pt\/wp-content\/uploads\/sites\/20\/2022\/02\/Buy-mdma-crystals.jpg","datePublished":"2022-02-22T04:39:11+00:00","dateModified":"2022-07-05T22:55:59+00:00","description":"Compre cristais de mdma para venda no Reino Unido, Europa. oferecemos a transa\u00e7\u00e3o mais confi\u00e1vel e vendemos a pre\u00e7os muito acess\u00edveis. Encomende 3,4-Metilenodioximetanfetamina agora","breadcrumb":{"@id":"https:\/\/medicinasinc.com\/pt\/product\/comprar-mdma-cristais\/#breadcrumb"},"inLanguage":"pt-PT","potentialAction":[{"@type":"ReadAction","target":["https:\/\/medicinasinc.com\/pt\/product\/comprar-mdma-cristais\/"]}]},{"@type":"ImageObject","inLanguage":"pt-PT","@id":"https:\/\/medicinasinc.com\/pt\/product\/comprar-mdma-cristais\/#primaryimage","url":"https:\/\/medicinasinc.com\/pt\/wp-content\/uploads\/sites\/20\/2022\/02\/Buy-mdma-crystals.jpg","contentUrl":"https:\/\/medicinasinc.com\/pt\/wp-content\/uploads\/sites\/20\/2022\/02\/Buy-mdma-crystals.jpg","width":600,"height":600},{"@type":"BreadcrumbList","@id":"https:\/\/medicinasinc.com\/pt\/product\/comprar-mdma-cristais\/#breadcrumb","itemListElement":[{"@type":"ListItem","position":1,"name":"Comprar","item":"https:\/\/medicinasinc.com\/pt\/comprar\/"},{"@type":"ListItem","position":2,"name":"Compre cristais de mdma"}]},{"@type":"WebSite","@id":"https:\/\/medicinasinc.com\/pt\/#website","url":"https:\/\/medicinasinc.com\/pt\/","name":"Medicinas Inc","description":"Health Medical Clinic","potentialAction":[{"@type":"SearchAction","target":{"@type":"EntryPoint","urlTemplate":"https:\/\/medicinasinc.com\/pt\/?s={search_term_string}"},"query-input":{"@type":"PropertyValueSpecification","valueRequired":true,"valueName":"search_term_string"}}],"inLanguage":"pt-PT"}]}},"_links":{"self":[{"href":"https:\/\/medicinasinc.com\/pt\/wp-json\/wp\/v2\/product\/5710","targetHints":{"allow":["GET"]}}],"collection":[{"href":"https:\/\/medicinasinc.com\/pt\/wp-json\/wp\/v2\/product"}],"about":[{"href":"https:\/\/medicinasinc.com\/pt\/wp-json\/wp\/v2\/types\/product"}],"replies":[{"embeddable":true,"href":"https:\/\/medicinasinc.com\/pt\/wp-json\/wp\/v2\/comments?post=5710"}],"wp:featuredmedia":[{"embeddable":true,"href":"https:\/\/medicinasinc.com\/pt\/wp-json\/wp\/v2\/media\/5720"}],"wp:attachment":[{"href":"https:\/\/medicinasinc.com\/pt\/wp-json\/wp\/v2\/media?parent=5710"}],"wp:term":[{"taxonomy":"product_brand","embeddable":true,"href":"https:\/\/medicinasinc.com\/pt\/wp-json\/wp\/v2\/product_brand?post=5710"},{"taxonomy":"product_cat","embeddable":true,"href":"https:\/\/medicinasinc.com\/pt\/wp-json\/wp\/v2\/product_cat?post=5710"},{"taxonomy":"product_tag","embeddable":true,"href":"https:\/\/medicinasinc.com\/pt\/wp-json\/wp\/v2\/product_tag?post=5710"}],"curies":[{"name":"wp","href":"https:\/\/api.w.org\/{rel}","templated":true}]}}