{"id":5703,"date":"2022-02-22T04:29:46","date_gmt":"2022-02-22T04:29:46","guid":{"rendered":"https:\/\/medicinasinc.com\/pt\/?post_type=product&#038;p=5703"},"modified":"2022-07-05T22:58:28","modified_gmt":"2022-07-05T22:58:28","slug":"comprar-dimetiltriptamina-dmt","status":"publish","type":"product","link":"https:\/\/medicinasinc.com\/pt\/product\/comprar-dimetiltriptamina-dmt\/","title":{"rendered":"Compre Dimetiltriptamina DMT"},"content":{"rendered":"<p>H\u00e1 muitos lugares para comprar p\u00f3 de DMT online.<\/p>\n<p>O DMT existe h\u00e1 muito tempo. A droga foi usada muito ao longo dos anos para muitas coisas diferentes, at\u00e9 que foi vista pelo governo como uma droga que poderia ser perigosa se levada ao extremo. Voc\u00ea pode n\u00e3o conseguir comprar p\u00f3 de DMT online se n\u00e3o souber como faz\u00ea-lo. Finalmente, seu trabalho \u00e1rduo valeu a pena e voc\u00ea tem os resultados desejados. Bestglobalmeds \u00e9 um site onde voc\u00ea pode comprar DMT online por um \u00f3timo pre\u00e7o. Tem DMT puro e de alta qualidade.<\/p>\n<p>Uma resposta para a pergunta &#8220;O que \u00e9 DMT em p\u00f3?&#8221;<\/p>\n<p>DMT (N, N-dimetiltriptamina) \u00e9 uma triptamina psicod\u00e9lica natural que pode podem ser encontrados em plantas, animais e humanos. Faz parte do grupo das drogas psicod\u00e9licas (subst\u00e2ncias que o tornam mais consciente). As misturas de DMT feitas por Changa tamb\u00e9m s\u00e3o feitas dessa maneira. Eles podem ser transformados em p\u00f3 ou em p\u00f3.<\/p>\n<p>\u00c9 uma subst\u00e2ncia natural que pode ser encontrada em pequenas quantidades no c\u00e9rebro humano, onde sua fun\u00e7\u00e3o \u00e9 desconhecida. O DMT \u00e9 conhecido por seu poder. Se voc\u00ea fumar, a viagem psicod\u00e9lica dura apenas 5 a 30 minutos, mas o efeito \u00e9 poderoso e de longo prazo. Sentindo que ele ou ela foi enviado para um lugar completamente diferente, com sons e imagens que fazem voc\u00ea pensar em coisas k\u0430l\u0435d\u043e\u0441\u043e\u0440ic,<\/p>\n<p>cervejas de ayahuasca, que s\u00e3o feitas com casca de \u00e1rvore contendo DMT e outras plantas que cont\u00eam um produto qu\u00edmico chamado IMAO (inibidor da monoamina oxidase, para os verdadeiramente doentes). O IMAO faz o DMT durar muito mais em nossos corpos e prolonga a experi\u00eancia psiqui\u00e1trica por horas. O DMT \u00e9 usado em medicamentos tradicionais h\u00e1 muito tempo.<\/p>\n<p>Nos \u00faltimos anos, essa bebida se tornou mais popular devido \u00e0s suas propriedades curativas, inclusive como tratamento para abuso de subst\u00e2ncias. Em compara\u00e7\u00e3o com o &#8220;patriarca severo&#8221; de Sbog\u00e1ne, a &#8220;matriarca amorosa&#8221; da cura da Ayahuasca tem sido chamada de &#8220;matriarca amorosa&#8221;. Ele ajuda as pessoas a quebrar os mecanismos de defesa que podem ter constru\u00eddo que as impedem de se conectar com outras pessoas.<\/p>\n<p>Voc\u00ea sabe como \u00e9 o DMT?<br \/> Descreva como \u00e9 o DMT.<br \/> QUANDO \u00e9 puro, parece um p\u00f3 branco cristalizado ou qualquer outra coisa.<br \/> Al\u00e9m disso, quando n\u00e3o \u00e9 puro, parece um p\u00f3 ou l\u00edquido amarelo, laranja ou rosa. Isso \u00e9 mais comum, mas n\u00e3o \u00e9 a \u00fanica maneira de olhar para isso.<br \/> Uma mistura de ervas marrom\/vermelha, quando misturada com ervas, faz uma bebida chamada ayahuasca Licor marrom\/vermelho quando faz parte de uma ayahuasca bebida.<br \/> O DMT tem gosto e cheiro de qu\u00ea.<\/p>\n<p>N, N-dimetiltriptamina tem um cheiro e sabor muito fortes que muitas pessoas, incluindo nossos clientes, compararam a pl\u00e1stico queimado e sapatos novos.<\/p>\n<p>Como o DMT \u00e9 usado?<\/p>\n<p>Ao comprar o DMT online, lembre-se de que ele pode ser usado de tr\u00eas maneiras principais: batido, alterado e enrolado.<\/p>\n<p>O DMT \u00e9 defumado.<\/p>\n<p>As pessoas \u00e0s vezes misturam DMT com ervas, como ayahuasca, para fazer uma bebida chamada ch\u00e1ng\u0430. Isso ocorre porque o DMT \u00e9 perigoso e pode ser perigoso para fumar. Cada lote de ch\u0430nga \u00e9 diferente com base em quais ervas s\u00e3o usadas, ent\u00e3o a for\u00e7a de cada lote varia.<\/p>\n<p>As pessoas est\u00e3o b\u00eabadas com DMT<\/p>\n<p>Ch\u00e1cruna \u00e9 uma erva sul-americana que tem DMT em isto. \u00c0s vezes, \u00e9 misturado com a planta \u0430y\u0430huas\u0441\u0430 para fazer a po\u00e7\u00e3o xam\u00e2nica, \u0430y\u0430huas\u0441\u0430.<\/p>\n<p>Dar DMT a algu\u00e9m<\/p>\n<p>DMT pode ser preparado para ser injetado, e isso pode ser muito perigoso , tamb\u00e9m.<\/p>\n<p>O cheiro de DMT<\/p>\n<p>Para obter DMT, voc\u00ea pode esmag\u00e1-lo em p\u00f3 e cheirar.<\/p>\n<p>Dosagem<\/p>\n<p>DMT: fumou 15-60mg (apenas em um cachimbo de vidro), cheirou 20-50mg e bebeu de 30 a 150mg.<\/p>\n<p>Changa: tudo depende de quanto DMT est\u00e1 no compartilhamento.<\/p>\n<p>Contanto que haja DMT suficiente na mistura.<\/p>\n<p>O que acontecer\u00e1 se voc\u00ea tomar DMT?<br \/> Como voc\u00ea se sente sobre isso?<\/p>\n<p> O DMT \u00e9 conhecido por dar \u00e0s pessoas que o tomam um &#8220;trp&#8221; muito intenso, que \u00e9 o nome dado \u00e0 experi\u00eancia de tomar psicod\u00e9licos.<\/p>\n<p>Quando voc\u00ea toma DMT, o mundo parece muito diferente. Cores, sons, objetos e at\u00e9 o tempo podem parecem muito diferentes. Algumas pessoas t\u00eam experi\u00eancias fora do corpo enquanto tomam DMT.<\/p>\n<p>Pode fazer voc\u00ea:<\/p>\n<p>ver e ouvir coisas que n\u00e3o est\u00e3o l\u00e1 (alu\u0441nate), o que pode ser uma boa ou m\u00e1 experi\u00eancia. Sinta o tempo e o movimento acelerarem ou desacelerarem. Isso \u00e9 chamado de &#8220;visual&#8221;.<br \/> Como as pessoas agem?<\/p>\n<p>As pessoas podem agir de maneiras que n\u00e3o esperam quando est\u00e3o sob efeito de DMT, assim como com qualquer droga alucin\u00f3gena.<\/p>\n<p> p&gt; <\/p>\n<p>V\u00e1rios usu\u00e1rios dizem que se sentem como se estivessem passando por uma experi\u00eancia de quase morte e, como resultado, ficam muito quietos e olham para dentro.<\/p>\n<p>Algumas pessoas dizem que podem n\u00e3o se mova enquanto eles estiverem tomando DMT.<\/p>\n<p>Quando o DMT come\u00e7a a afetar voc\u00ea?<\/p>\n<p>Tudo depende de quanto voc\u00ea tomou, qu\u00e3o grande voc\u00ea \u00e9 , se voc\u00ea comeu e quais outras drogas voc\u00ea tomou.<\/p>\n<p>Esta palavra tamb\u00e9m \u00e9 conhecida como &#8220;k\u0441k&#8221;.<\/p>\n<p>Quando fumado, o DMT entra muito rapidamente. O efeito pode demorar muito para aparecer quando faz parte de uma cerim\u00f4nia de ayahuasca.<\/p>\n<p>Quanto tempo durou?<\/p>\n<p>Voc\u00ea pode ficar muito animado quando faz um DMT viagem, mas tamb\u00e9m duram muito rapidamente, \u00e0s vezes apenas alguns minutos. Como parte de uma cerim\u00f4nia de ayahuasca, uma viagem DMT pode durar v\u00e1rias horas, mas tamb\u00e9m pode ser muito curta.<\/p>\n<p>Por esses motivos, DMT era conhecido como a &#8220;viagem dos p\u00e3ezinhos&#8221; na d\u00e9cada de 1960 na Estados Unidos. Um usu\u00e1rio poderia obter toda a profundidade e alcance de uma experi\u00eancia com esta droga, que era mais r\u00e1pida do que com outras drogas, como LSD ou cogumelos m\u00e1gicos.<\/p>\n<p>DMT tem o que?<br \/> \u00c9 assim que a sa\u00fade f\u00edsica funciona:<\/p>\n<p>Muitas pessoas na Am\u00e9rica do Sul bebem ou comem bebidas ou alimentos que cont\u00eam DMT como parte de seu modo de vida. O exemplo mais conhecido s\u00e3o as cerim\u00f4nias de ayahuasca.<\/p>\n<p>H\u00e1 algumas pessoas que pensam que o DMT \u00e9 uma droga espiritual que tamb\u00e9m \u00e9 segura, mas ainda \u00e9 um alucin\u00f3geno qu\u00edmico.<\/p>\n<p>Ele pode:<\/p>\n<p> p&gt; <\/p>\n<p>\u00c9 hora de verificar sua press\u00e3o arterial.<br \/> se voc\u00ea tiver uma doen\u00e7a card\u00edaca pr\u00e9-existente, aumentar sua frequ\u00eancia card\u00edaca pode deix\u00e1-lo doente e fazer voc\u00ea querer sair. Isso ocorre porque seu corpo est\u00e1 recebendo muito veneno.<\/p>\n<p>Se voc\u00ea tomar DMT, pode ter muitos efeitos diferentes e \u00e0s vezes muito assustadores. Esses efeitos podem nem estar na cabe\u00e7a de uma pessoa.<\/p>\n<p>Pode ser muito confuso e assustador se uma pessoa entrar.<\/p>\n<p>Pode ajud\u00e1-lo: se voc\u00ea tomar uma droga como o DMT .<\/p>\n<p>Flashbacks acontecem quando uma parte de uma viagem \u00e9 revivida ap\u00f3s a original.<br \/> Fique de olho em algu\u00e9m que teve problemas de sa\u00fade mental no passado. Pode causar problemas para algu\u00e9m que n\u00e3o sabia que estava em risco de problemas de sa\u00fade mental.<br \/> Se a viagem for ruim, o usu\u00e1rio pode se machucar. Portanto, se voc\u00ea estiver de mau humor ou ansioso, talvez n\u00e3o queira tomar DMT.<br \/> Leva a efeitos desagrad\u00e1veis \u200b\u200be emocionais que podem durar dias depois de tomar o medicamento. Esses efeitos podem ser desagrad\u00e1veis \u200b\u200bou emocionais.<\/p>\n<div class=\"product-next-previous\">\n<div class=\"product-prev\"><\/div><\/div>\n","protected":false},"excerpt":{"rendered":"<p>Compre Dimetiltriptamina DMT \u00e0 venda no Reino Unido, Europa, AU. oferecemos a transa\u00e7\u00e3o mais confi\u00e1vel e vendemos a pre\u00e7os muito acess\u00edveis. Encomende o DMT agora aos melhores pre\u00e7os. Nossa Dimetiltriptamina \u00e9 uma das melhores do fornecedor mais confi\u00e1vel, entre em contato agora para encomendar sua Dimetiltriptamina DMT de qualidade pura para venda<\/p>\n<p><em>Dmt<\/em>\u00a0\u00e9 uma poderosa droga alucin\u00f3gena encontrada em v\u00e1rias plantas que podem ser fumado, cheirado ou misturado com ayahuasca. Pe\u00e7a\u00a0<em>DMT<\/em>\u00a0On-line.<\/p>\n","protected":false},"featured_media":5713,"comment_status":"open","ping_status":"closed","template":"","meta":[],"product_brand":[],"product_cat":[703,2014],"product_tag":[3615,3616,3617,3619,3620,3621,3630,3633,3618,3625,3626,3627,3632,3624,3631,3635,3639,3623,3634,3640,3622,3642,3643,3629,3641,3295,3636,3637,3628,3638],"class_list":{"0":"post-5703","1":"product","2":"type-product","3":"status-publish","4":"has-post-thumbnail","6":"product_cat-compre-drogas-psicodelicas","7":"product_cat-compre-produtos-quimicos-de-pesquisa","8":"product_tag-best-place-to-buy-dimethyltryptamine","9":"product_tag-buy-dimethyltryptamine","10":"product_tag-buy-dmt","11":"product_tag-bu-dmt","12":"product_tag-bu-psycheclic-drug","13":"product_tag-bu-pur-dmthltrtmn-dmt-onln","14":"product_tag-compra-de-dimetiltriptamina","15":"product_tag-dmt-comprar","16":"product_tag-comprar-puro-dmt","17":"product_tag-dimethyltryptamine-buy","18":"product_tag-dimethyltryptamine-dosage-for-pregnant-women","19":"product_tag-dimethyltryptamine-effect","20":"product_tag-dimethyltryptamine-review","21":"product_tag-dimetiltriptamina","22":"product_tag-dimetiltriptamina-reddit","23":"product_tag-dmt-for-sale","24":"product_tag-dmt-sales","25":"product_tag-droga-psicocclica-barata","26":"product_tag-efeito-dmt","27":"product_tag-ordem-dimetiltriptamina","28":"product_tag-bu-hl-droga-n-d1n","29":"product_tag-puro-dmt-para-venda","30":"product_tag-o-que--dmt-p","31":"product_tag-ordem-de-dimetiltriptamina","32":"product_tag-order-dmt","33":"product_tag-ordem-dmt","34":"product_tag-dmt-reddit","35":"product_tag-reviso-do-dmt","36":"product_tag-dimetiltriptamina-para-venda","37":"product_tag-dmt-venda","39":"first","40":"instock","41":"shipping-taxable","42":"purchasable","43":"product-type-variable","44":"has-default-attributes"},"yoast_head":"<!-- This site is optimized with the Yoast SEO plugin v27.3 - https:\/\/yoast.com\/product\/yoast-seo-wordpress\/ -->\n<title>Compre Dimetiltriptamina DMT - Dmt \u00e0 venda - Melhores medicamentos globais<\/title>\n<meta name=\"description\" content=\"Compre Dimetiltriptamina DMT para venda no Reino Unido, Europa, AU. oferecemos a transa\u00e7\u00e3o mais confi\u00e1vel e vendemos a pre\u00e7os muito acess\u00edveis. Encomende o DMT agora aos melhores pre\u00e7os\" \/>\n<meta name=\"robots\" content=\"index, follow, max-snippet:-1, max-image-preview:large, max-video-preview:-1\" \/>\n<link rel=\"canonical\" href=\"https:\/\/medicinasinc.com\/pt\/product\/comprar-dimetiltriptamina-dmt\/\" \/>\n<meta property=\"og:locale\" content=\"pt_PT\" \/>\n<meta property=\"og:type\" content=\"article\" \/>\n<meta property=\"og:title\" content=\"Compre Dimetiltriptamina DMT - Dmt \u00e0 venda - Melhores medicamentos globais\" \/>\n<meta property=\"og:description\" content=\"Compre Dimetiltriptamina DMT para venda no Reino Unido, Europa, AU. oferecemos a transa\u00e7\u00e3o mais confi\u00e1vel e vendemos a pre\u00e7os muito acess\u00edveis. Encomende o DMT agora aos melhores pre\u00e7os\" \/>\n<meta property=\"og:url\" content=\"https:\/\/medicinasinc.com\/pt\/product\/comprar-dimetiltriptamina-dmt\/\" \/>\n<meta property=\"og:site_name\" content=\"Medicinas Inc\" \/>\n<meta property=\"article:modified_time\" content=\"2022-07-05T22:58:28+00:00\" \/>\n<meta property=\"og:image\" content=\"https:\/\/medicinasinc.com\/pt\/wp-content\/uploads\/sites\/20\/2022\/02\/DMT-for-Sale.jpg\" \/>\n\t<meta property=\"og:image:width\" content=\"500\" \/>\n\t<meta property=\"og:image:height\" content=\"500\" \/>\n\t<meta property=\"og:image:type\" content=\"image\/jpeg\" \/>\n<meta name=\"twitter:card\" content=\"summary_large_image\" \/>\n<meta name=\"twitter:label1\" content=\"Tempo estimado de leitura\" \/>\n\t<meta name=\"twitter:data1\" content=\"6 minutos\" \/>\n<script type=\"application\/ld+json\" class=\"yoast-schema-graph\">{\"@context\":\"https:\\\/\\\/schema.org\",\"@graph\":[{\"@type\":\"WebPage\",\"@id\":\"https:\\\/\\\/medicinasinc.com\\\/pt\\\/product\\\/comprar-dimetiltriptamina-dmt\\\/\",\"url\":\"https:\\\/\\\/medicinasinc.com\\\/pt\\\/product\\\/comprar-dimetiltriptamina-dmt\\\/\",\"name\":\"Compre Dimetiltriptamina DMT - Dmt \u00e0 venda - Melhores medicamentos globais\",\"isPartOf\":{\"@id\":\"https:\\\/\\\/medicinasinc.com\\\/pt\\\/#website\"},\"primaryImageOfPage\":{\"@id\":\"https:\\\/\\\/medicinasinc.com\\\/pt\\\/product\\\/comprar-dimetiltriptamina-dmt\\\/#primaryimage\"},\"image\":{\"@id\":\"https:\\\/\\\/medicinasinc.com\\\/pt\\\/product\\\/comprar-dimetiltriptamina-dmt\\\/#primaryimage\"},\"thumbnailUrl\":\"https:\\\/\\\/medicinasinc.com\\\/pt\\\/wp-content\\\/uploads\\\/sites\\\/20\\\/2022\\\/02\\\/DMT-for-Sale.jpg\",\"datePublished\":\"2022-02-22T04:29:46+00:00\",\"dateModified\":\"2022-07-05T22:58:28+00:00\",\"description\":\"Compre Dimetiltriptamina DMT para venda no Reino Unido, Europa, AU. oferecemos a transa\u00e7\u00e3o mais confi\u00e1vel e vendemos a pre\u00e7os muito acess\u00edveis. Encomende o DMT agora aos melhores pre\u00e7os\",\"breadcrumb\":{\"@id\":\"https:\\\/\\\/medicinasinc.com\\\/pt\\\/product\\\/comprar-dimetiltriptamina-dmt\\\/#breadcrumb\"},\"inLanguage\":\"pt-PT\",\"potentialAction\":[{\"@type\":\"ReadAction\",\"target\":[\"https:\\\/\\\/medicinasinc.com\\\/pt\\\/product\\\/comprar-dimetiltriptamina-dmt\\\/\"]}]},{\"@type\":\"ImageObject\",\"inLanguage\":\"pt-PT\",\"@id\":\"https:\\\/\\\/medicinasinc.com\\\/pt\\\/product\\\/comprar-dimetiltriptamina-dmt\\\/#primaryimage\",\"url\":\"https:\\\/\\\/medicinasinc.com\\\/pt\\\/wp-content\\\/uploads\\\/sites\\\/20\\\/2022\\\/02\\\/DMT-for-Sale.jpg\",\"contentUrl\":\"https:\\\/\\\/medicinasinc.com\\\/pt\\\/wp-content\\\/uploads\\\/sites\\\/20\\\/2022\\\/02\\\/DMT-for-Sale.jpg\",\"width\":500,\"height\":500},{\"@type\":\"BreadcrumbList\",\"@id\":\"https:\\\/\\\/medicinasinc.com\\\/pt\\\/product\\\/comprar-dimetiltriptamina-dmt\\\/#breadcrumb\",\"itemListElement\":[{\"@type\":\"ListItem\",\"position\":1,\"name\":\"Comprar\",\"item\":\"https:\\\/\\\/medicinasinc.com\\\/pt\\\/comprar\\\/\"},{\"@type\":\"ListItem\",\"position\":2,\"name\":\"Compre Dimetiltriptamina DMT\"}]},{\"@type\":\"WebSite\",\"@id\":\"https:\\\/\\\/medicinasinc.com\\\/pt\\\/#website\",\"url\":\"https:\\\/\\\/medicinasinc.com\\\/pt\\\/\",\"name\":\"Medicinas Inc\",\"description\":\"Health Medical Clinic\",\"potentialAction\":[{\"@type\":\"SearchAction\",\"target\":{\"@type\":\"EntryPoint\",\"urlTemplate\":\"https:\\\/\\\/medicinasinc.com\\\/pt\\\/?s={search_term_string}\"},\"query-input\":{\"@type\":\"PropertyValueSpecification\",\"valueRequired\":true,\"valueName\":\"search_term_string\"}}],\"inLanguage\":\"pt-PT\"}]}<\/script>\n<!-- \/ Yoast SEO plugin. -->","yoast_head_json":{"title":"Compre Dimetiltriptamina DMT - Dmt \u00e0 venda - Melhores medicamentos globais","description":"Compre Dimetiltriptamina DMT para venda no Reino Unido, Europa, AU. oferecemos a transa\u00e7\u00e3o mais confi\u00e1vel e vendemos a pre\u00e7os muito acess\u00edveis. Encomende o DMT agora aos melhores pre\u00e7os","robots":{"index":"index","follow":"follow","max-snippet":"max-snippet:-1","max-image-preview":"max-image-preview:large","max-video-preview":"max-video-preview:-1"},"canonical":"https:\/\/medicinasinc.com\/pt\/product\/comprar-dimetiltriptamina-dmt\/","og_locale":"pt_PT","og_type":"article","og_title":"Compre Dimetiltriptamina DMT - Dmt \u00e0 venda - Melhores medicamentos globais","og_description":"Compre Dimetiltriptamina DMT para venda no Reino Unido, Europa, AU. oferecemos a transa\u00e7\u00e3o mais confi\u00e1vel e vendemos a pre\u00e7os muito acess\u00edveis. Encomende o DMT agora aos melhores pre\u00e7os","og_url":"https:\/\/medicinasinc.com\/pt\/product\/comprar-dimetiltriptamina-dmt\/","og_site_name":"Medicinas Inc","article_modified_time":"2022-07-05T22:58:28+00:00","og_image":[{"width":500,"height":500,"url":"https:\/\/medicinasinc.com\/pt\/wp-content\/uploads\/sites\/20\/2022\/02\/DMT-for-Sale.jpg","type":"image\/jpeg"}],"twitter_card":"summary_large_image","twitter_misc":{"Tempo estimado de leitura":"6 minutos"},"schema":{"@context":"https:\/\/schema.org","@graph":[{"@type":"WebPage","@id":"https:\/\/medicinasinc.com\/pt\/product\/comprar-dimetiltriptamina-dmt\/","url":"https:\/\/medicinasinc.com\/pt\/product\/comprar-dimetiltriptamina-dmt\/","name":"Compre Dimetiltriptamina DMT - Dmt \u00e0 venda - Melhores medicamentos globais","isPartOf":{"@id":"https:\/\/medicinasinc.com\/pt\/#website"},"primaryImageOfPage":{"@id":"https:\/\/medicinasinc.com\/pt\/product\/comprar-dimetiltriptamina-dmt\/#primaryimage"},"image":{"@id":"https:\/\/medicinasinc.com\/pt\/product\/comprar-dimetiltriptamina-dmt\/#primaryimage"},"thumbnailUrl":"https:\/\/medicinasinc.com\/pt\/wp-content\/uploads\/sites\/20\/2022\/02\/DMT-for-Sale.jpg","datePublished":"2022-02-22T04:29:46+00:00","dateModified":"2022-07-05T22:58:28+00:00","description":"Compre Dimetiltriptamina DMT para venda no Reino Unido, Europa, AU. oferecemos a transa\u00e7\u00e3o mais confi\u00e1vel e vendemos a pre\u00e7os muito acess\u00edveis. Encomende o DMT agora aos melhores pre\u00e7os","breadcrumb":{"@id":"https:\/\/medicinasinc.com\/pt\/product\/comprar-dimetiltriptamina-dmt\/#breadcrumb"},"inLanguage":"pt-PT","potentialAction":[{"@type":"ReadAction","target":["https:\/\/medicinasinc.com\/pt\/product\/comprar-dimetiltriptamina-dmt\/"]}]},{"@type":"ImageObject","inLanguage":"pt-PT","@id":"https:\/\/medicinasinc.com\/pt\/product\/comprar-dimetiltriptamina-dmt\/#primaryimage","url":"https:\/\/medicinasinc.com\/pt\/wp-content\/uploads\/sites\/20\/2022\/02\/DMT-for-Sale.jpg","contentUrl":"https:\/\/medicinasinc.com\/pt\/wp-content\/uploads\/sites\/20\/2022\/02\/DMT-for-Sale.jpg","width":500,"height":500},{"@type":"BreadcrumbList","@id":"https:\/\/medicinasinc.com\/pt\/product\/comprar-dimetiltriptamina-dmt\/#breadcrumb","itemListElement":[{"@type":"ListItem","position":1,"name":"Comprar","item":"https:\/\/medicinasinc.com\/pt\/comprar\/"},{"@type":"ListItem","position":2,"name":"Compre Dimetiltriptamina DMT"}]},{"@type":"WebSite","@id":"https:\/\/medicinasinc.com\/pt\/#website","url":"https:\/\/medicinasinc.com\/pt\/","name":"Medicinas Inc","description":"Health Medical Clinic","potentialAction":[{"@type":"SearchAction","target":{"@type":"EntryPoint","urlTemplate":"https:\/\/medicinasinc.com\/pt\/?s={search_term_string}"},"query-input":{"@type":"PropertyValueSpecification","valueRequired":true,"valueName":"search_term_string"}}],"inLanguage":"pt-PT"}]}},"_links":{"self":[{"href":"https:\/\/medicinasinc.com\/pt\/wp-json\/wp\/v2\/product\/5703","targetHints":{"allow":["GET"]}}],"collection":[{"href":"https:\/\/medicinasinc.com\/pt\/wp-json\/wp\/v2\/product"}],"about":[{"href":"https:\/\/medicinasinc.com\/pt\/wp-json\/wp\/v2\/types\/product"}],"replies":[{"embeddable":true,"href":"https:\/\/medicinasinc.com\/pt\/wp-json\/wp\/v2\/comments?post=5703"}],"wp:featuredmedia":[{"embeddable":true,"href":"https:\/\/medicinasinc.com\/pt\/wp-json\/wp\/v2\/media\/5713"}],"wp:attachment":[{"href":"https:\/\/medicinasinc.com\/pt\/wp-json\/wp\/v2\/media?parent=5703"}],"wp:term":[{"taxonomy":"product_brand","embeddable":true,"href":"https:\/\/medicinasinc.com\/pt\/wp-json\/wp\/v2\/product_brand?post=5703"},{"taxonomy":"product_cat","embeddable":true,"href":"https:\/\/medicinasinc.com\/pt\/wp-json\/wp\/v2\/product_cat?post=5703"},{"taxonomy":"product_tag","embeddable":true,"href":"https:\/\/medicinasinc.com\/pt\/wp-json\/wp\/v2\/product_tag?post=5703"}],"curies":[{"name":"wp","href":"https:\/\/api.w.org\/{rel}","templated":true}]}}