{"id":5696,"date":"2022-02-22T04:23:00","date_gmt":"2022-02-22T04:23:00","guid":{"rendered":"https:\/\/medicinasinc.com\/pt\/?post_type=product&#038;p=5696"},"modified":"2022-07-05T22:58:56","modified_gmt":"2022-07-05T22:58:56","slug":"comprar-efenidina-po","status":"publish","type":"product","link":"https:\/\/medicinasinc.com\/pt\/product\/comprar-efenidina-po\/","title":{"rendered":"Compre Efenidina em P\u00f3"},"content":{"rendered":"<p>Efenidina em p\u00f3: compre efenidina no Reino Unido, Europa, \u00c1sia, EUA, Austr\u00e1lia, China e no resto do mundo de efenidina em p\u00f3.<\/p>\n<p>Efenidina europeia \u00e0 venda, fornecedora de efenidina, por oferta. Os atacadistas de efenidina podem envi\u00e1-lo para a Europa.<\/p>\n<p>A efenidina, que tamb\u00e9m \u00e9 conhecida como NEDPA e EPE, \u00e9 um anest\u00e9sico dissociativo que faz parte da classe de drogas diariletilamina. Fisicamente, a efenidina \u00e9 semelhante \u00e0s diariletilaminas como a difenidina e a metoxfenidina, que tamb\u00e9m s\u00e3o chamadas de efenidina. Seda\u00e7\u00e3o, alucina\u00e7\u00f5es, anestesia e estados extracorp\u00f3reos, chamados de &#8220;anestesia dissociativa&#8221;, s\u00e3o alguns dos efeitos colaterais.<\/p>\n<p>Informa\u00e7\u00f5es detalhadas sobre este item:<\/p>\n<p>holand\u00eas, lituano , e americano<br \/> Seu nome \u00e9 p\u00f3 de efenidina.<br \/> EPE \u00e9 o nome IUPAC para N-Etil-1,2-difeniletilamina.<br \/> N\u00famero CAS: 60951-19-1<br \/> C16H19N \u00e9 o MF.<br \/> Mais de 99,5 por cento<br \/> \u00c9 assim que parece:<br \/> Saco de folha de alum\u00ednio ou saco pl\u00e1stico: Como embalar:<\/p>\n<p>As condi\u00e7\u00f5es de pagamento:<\/p>\n<p> p&gt; <\/p>\n<p>O valor m\u00ednimo do pedido: Pergunte sobre as condi\u00e7\u00f5es de pagamento: Bitcoin, Money Gram, Transfer\u00eancia Banc\u00e1ria e assim por diante.<\/p>\n<p>Regras de entrega e envio:<\/p>\n<p>1. Enviaremos as mercadorias em 1 dia ap\u00f3s o pagamento.<br \/> 2: Enviaremos as mercadorias por UPS, DHL, TNT ou FEDEX. Escolheremos o melhor correio para cada pa\u00eds e encontraremos a maneira mais segura de levar as mercadorias at\u00e9 voc\u00ea.<br \/> Demora cerca de tr\u00eas a cinco dias para receber o correio do EMS. DHL, UPS e FedEx levam de 4 a 5 dias.<br \/> 4. As alf\u00e2ndegas em pa\u00edses como R\u00fassia, Austr\u00e1lia e Canad\u00e1 s\u00e3o muito rigorosas, mas podemos garantir que entregamos 100% do tempo.<br \/> 5. Como regra, voc\u00ea deve receber as mercadorias em 4-5 dias. Se as mercadorias foram perdidas ou n\u00e3o chegaram por outros motivos, n\u00f3s as enviaremos novamente.<\/p>\n<p>O pre\u00e7o: por favor, pergunte.<\/p>\n<p>Observa\u00e7\u00e3o:<\/p>\n<p> Temos muitos clientes regulares em todo o mundo e esperamos trabalhar com voc\u00ea por um longo tempo. Para mais informa\u00e7\u00f5es, por favor, n\u00e3o hesite em entrar em contato conosco. Faremos o poss\u00edvel para atender \u00e0s suas necessidades. Obrigado!<\/p>\n","protected":false},"excerpt":{"rendered":"<div class=\"woocommerce-product-details__short-description\">\n<p>medicinasinc.com\/pt tem p\u00f3 de efenidina de alta pureza \u00e0 venda no Reino Unido, Europa e Austr\u00e1lia, e podemos envi\u00e1-lo para voc\u00ea em qualquer lugar do mundo. \u00c9 aqui que voc\u00ea pode comprar o melhor p\u00f3 de efenidina para encomendar.<\/p>\n<p>Compre o p\u00f3 de efenidina on-line e compre-o por um bom pre\u00e7o. Uma droga chamada efedrina \u00e9 um anest\u00e9sico dissociativo. Ele tamb\u00e9m bloqueia o receptor NMDA, o que torna menos prov\u00e1vel que a droga funcione.<\/p>\n<p>Compre p\u00f3 de efenidina puro e de alta qualidade online com Bitcoin \u2013 voc\u00ea pode fazer isso.<\/p>\n<p>Compre para drogas legais on-line, compre produtos qu\u00edmicos de pesquisa, p\u00f3s farmac\u00eauticos brutos e muito mais em uma loja.<\/p>\n<p>Efenidina em p\u00f3, intermedi\u00e1rios farmac\u00eauticos e p\u00f3s brutos s\u00e3o vendidos por esta empresa.<\/p>\n<p>Existem Comprimidos de efenidina para venda. China\u00a0fornecedor de efenidina. Exportador de\u00a0efenidina\u00a0por atacado<\/p>\n<p><em>Compre p\u00f3 de efenidina<\/em> por atacado on-line a granel agora. A efenidina \u00e9 um anest\u00e9sico dissociativo e atua como antagonista do NMDA.<\/p>\n<p>&nbsp;<\/p>\n<\/p><\/div>\n","protected":false},"featured_media":5707,"comment_status":"open","ping_status":"closed","template":"","meta":[],"product_brand":[],"product_cat":[2014],"product_tag":[3597,3591,3594,3609,3592,3593,3595,3596,3603,3599,3600,3608,3602,3601,3604,3606,3611,3612,3598,3607,3610,3614,3605,3613],"class_list":{"0":"post-5696","1":"product","2":"type-product","3":"status-publish","4":"has-post-thumbnail","6":"product_cat-compre-produtos-quimicos-de-pesquisa","7":"product_tag-anestsico-dissociativo","8":"product_tag-anesthetic","9":"product_tag-buy-ephenidine-powder-online","10":"product_tag-compra-de-p-de-mdma","11":"product_tag-comprar-efenidina-p","12":"product_tag-comprar-efenidina-p-europa","13":"product_tag-diariletilamina","14":"product_tag-dissociativo","15":"product_tag-efenidina-efeito-em-p","16":"product_tag-efenidina","17":"product_tag-efenidina-p-a-granel","18":"product_tag-efenidina-p-atacado","19":"product_tag-efenidina-p-china","20":"product_tag-efenidina-p-comprar","21":"product_tag-efenidina-p-para-venda","22":"product_tag-efenidina-p-reddit","23":"product_tag-ordem-efenidina-p","24":"product_tag-pedido-efenidina-p-online","25":"product_tag-epe","26":"product_tag-ephenidine-powder-supplier","27":"product_tag-no-toque","28":"product_tag-o-que--efenidina-p","29":"product_tag-ordem-de-p-de-efenidina","30":"product_tag-pure-ephenidine-powder","32":"first","33":"instock","34":"featured","35":"shipping-taxable","36":"purchasable","37":"product-type-variable","38":"has-default-attributes"},"yoast_head":"<!-- This site is optimized with the Yoast SEO plugin v27.3 - https:\/\/yoast.com\/product\/yoast-seo-wordpress\/ -->\n<title>Compre Efenidina em P\u00f3 - Efenidina em P\u00f3 Online - Melhores Medicamentos Globais<\/title>\n<meta name=\"description\" content=\"Compre p\u00f3 de efenidina de alta pureza \u00e0 venda no Reino Unido, Europa, AU em nossa loja online Bestglobalmeds.com com entrega r\u00e1pida em todo o mundo! O melhor P\u00f3 de Efenidina para pedir voc\u00ea encontra aqui!\" \/>\n<meta name=\"robots\" content=\"index, follow, max-snippet:-1, max-image-preview:large, max-video-preview:-1\" \/>\n<link rel=\"canonical\" href=\"https:\/\/medicinasinc.com\/pt\/product\/comprar-efenidina-po\/\" \/>\n<meta property=\"og:locale\" content=\"pt_PT\" \/>\n<meta property=\"og:type\" content=\"article\" \/>\n<meta property=\"og:title\" content=\"Compre Efenidina em P\u00f3 - Efenidina em P\u00f3 Online - Melhores Medicamentos Globais\" \/>\n<meta property=\"og:description\" content=\"Compre p\u00f3 de efenidina de alta pureza \u00e0 venda no Reino Unido, Europa, AU em nossa loja online Bestglobalmeds.com com entrega r\u00e1pida em todo o mundo! O melhor P\u00f3 de Efenidina para pedir voc\u00ea encontra aqui!\" \/>\n<meta property=\"og:url\" content=\"https:\/\/medicinasinc.com\/pt\/product\/comprar-efenidina-po\/\" \/>\n<meta property=\"og:site_name\" content=\"Medicinas Inc\" \/>\n<meta property=\"article:modified_time\" content=\"2022-07-05T22:58:56+00:00\" \/>\n<meta property=\"og:image\" content=\"https:\/\/medicinasinc.com\/pt\/wp-content\/uploads\/sites\/20\/2022\/02\/Buy-Ephenidine-Powder-1.jpg\" \/>\n\t<meta property=\"og:image:width\" content=\"1080\" \/>\n\t<meta property=\"og:image:height\" content=\"1166\" \/>\n\t<meta property=\"og:image:type\" content=\"image\/jpeg\" \/>\n<meta name=\"twitter:card\" content=\"summary_large_image\" \/>\n<meta name=\"twitter:label1\" content=\"Tempo estimado de leitura\" \/>\n\t<meta name=\"twitter:data1\" content=\"2 minutos\" \/>\n<script type=\"application\/ld+json\" class=\"yoast-schema-graph\">{\"@context\":\"https:\\\/\\\/schema.org\",\"@graph\":[{\"@type\":\"WebPage\",\"@id\":\"https:\\\/\\\/medicinasinc.com\\\/pt\\\/product\\\/comprar-efenidina-po\\\/\",\"url\":\"https:\\\/\\\/medicinasinc.com\\\/pt\\\/product\\\/comprar-efenidina-po\\\/\",\"name\":\"Compre Efenidina em P\u00f3 - Efenidina em P\u00f3 Online - Melhores Medicamentos Globais\",\"isPartOf\":{\"@id\":\"https:\\\/\\\/medicinasinc.com\\\/pt\\\/#website\"},\"primaryImageOfPage\":{\"@id\":\"https:\\\/\\\/medicinasinc.com\\\/pt\\\/product\\\/comprar-efenidina-po\\\/#primaryimage\"},\"image\":{\"@id\":\"https:\\\/\\\/medicinasinc.com\\\/pt\\\/product\\\/comprar-efenidina-po\\\/#primaryimage\"},\"thumbnailUrl\":\"https:\\\/\\\/medicinasinc.com\\\/pt\\\/wp-content\\\/uploads\\\/sites\\\/20\\\/2022\\\/02\\\/Buy-Ephenidine-Powder-1.jpg\",\"datePublished\":\"2022-02-22T04:23:00+00:00\",\"dateModified\":\"2022-07-05T22:58:56+00:00\",\"description\":\"Compre p\u00f3 de efenidina de alta pureza \u00e0 venda no Reino Unido, Europa, AU em nossa loja online Bestglobalmeds.com com entrega r\u00e1pida em todo o mundo! O melhor P\u00f3 de Efenidina para pedir voc\u00ea encontra aqui!\",\"breadcrumb\":{\"@id\":\"https:\\\/\\\/medicinasinc.com\\\/pt\\\/product\\\/comprar-efenidina-po\\\/#breadcrumb\"},\"inLanguage\":\"pt-PT\",\"potentialAction\":[{\"@type\":\"ReadAction\",\"target\":[\"https:\\\/\\\/medicinasinc.com\\\/pt\\\/product\\\/comprar-efenidina-po\\\/\"]}]},{\"@type\":\"ImageObject\",\"inLanguage\":\"pt-PT\",\"@id\":\"https:\\\/\\\/medicinasinc.com\\\/pt\\\/product\\\/comprar-efenidina-po\\\/#primaryimage\",\"url\":\"https:\\\/\\\/medicinasinc.com\\\/pt\\\/wp-content\\\/uploads\\\/sites\\\/20\\\/2022\\\/02\\\/Buy-Ephenidine-Powder-1.jpg\",\"contentUrl\":\"https:\\\/\\\/medicinasinc.com\\\/pt\\\/wp-content\\\/uploads\\\/sites\\\/20\\\/2022\\\/02\\\/Buy-Ephenidine-Powder-1.jpg\",\"width\":1080,\"height\":1166},{\"@type\":\"BreadcrumbList\",\"@id\":\"https:\\\/\\\/medicinasinc.com\\\/pt\\\/product\\\/comprar-efenidina-po\\\/#breadcrumb\",\"itemListElement\":[{\"@type\":\"ListItem\",\"position\":1,\"name\":\"Comprar\",\"item\":\"https:\\\/\\\/medicinasinc.com\\\/pt\\\/comprar\\\/\"},{\"@type\":\"ListItem\",\"position\":2,\"name\":\"Compre Efenidina em P\u00f3\"}]},{\"@type\":\"WebSite\",\"@id\":\"https:\\\/\\\/medicinasinc.com\\\/pt\\\/#website\",\"url\":\"https:\\\/\\\/medicinasinc.com\\\/pt\\\/\",\"name\":\"Medicinas Inc\",\"description\":\"Health Medical Clinic\",\"potentialAction\":[{\"@type\":\"SearchAction\",\"target\":{\"@type\":\"EntryPoint\",\"urlTemplate\":\"https:\\\/\\\/medicinasinc.com\\\/pt\\\/?s={search_term_string}\"},\"query-input\":{\"@type\":\"PropertyValueSpecification\",\"valueRequired\":true,\"valueName\":\"search_term_string\"}}],\"inLanguage\":\"pt-PT\"}]}<\/script>\n<!-- \/ Yoast SEO plugin. -->","yoast_head_json":{"title":"Compre Efenidina em P\u00f3 - Efenidina em P\u00f3 Online - Melhores Medicamentos Globais","description":"Compre p\u00f3 de efenidina de alta pureza \u00e0 venda no Reino Unido, Europa, AU em nossa loja online Bestglobalmeds.com com entrega r\u00e1pida em todo o mundo! O melhor P\u00f3 de Efenidina para pedir voc\u00ea encontra aqui!","robots":{"index":"index","follow":"follow","max-snippet":"max-snippet:-1","max-image-preview":"max-image-preview:large","max-video-preview":"max-video-preview:-1"},"canonical":"https:\/\/medicinasinc.com\/pt\/product\/comprar-efenidina-po\/","og_locale":"pt_PT","og_type":"article","og_title":"Compre Efenidina em P\u00f3 - Efenidina em P\u00f3 Online - Melhores Medicamentos Globais","og_description":"Compre p\u00f3 de efenidina de alta pureza \u00e0 venda no Reino Unido, Europa, AU em nossa loja online Bestglobalmeds.com com entrega r\u00e1pida em todo o mundo! O melhor P\u00f3 de Efenidina para pedir voc\u00ea encontra aqui!","og_url":"https:\/\/medicinasinc.com\/pt\/product\/comprar-efenidina-po\/","og_site_name":"Medicinas Inc","article_modified_time":"2022-07-05T22:58:56+00:00","og_image":[{"width":1080,"height":1166,"url":"https:\/\/medicinasinc.com\/pt\/wp-content\/uploads\/sites\/20\/2022\/02\/Buy-Ephenidine-Powder-1.jpg","type":"image\/jpeg"}],"twitter_card":"summary_large_image","twitter_misc":{"Tempo estimado de leitura":"2 minutos"},"schema":{"@context":"https:\/\/schema.org","@graph":[{"@type":"WebPage","@id":"https:\/\/medicinasinc.com\/pt\/product\/comprar-efenidina-po\/","url":"https:\/\/medicinasinc.com\/pt\/product\/comprar-efenidina-po\/","name":"Compre Efenidina em P\u00f3 - Efenidina em P\u00f3 Online - Melhores Medicamentos Globais","isPartOf":{"@id":"https:\/\/medicinasinc.com\/pt\/#website"},"primaryImageOfPage":{"@id":"https:\/\/medicinasinc.com\/pt\/product\/comprar-efenidina-po\/#primaryimage"},"image":{"@id":"https:\/\/medicinasinc.com\/pt\/product\/comprar-efenidina-po\/#primaryimage"},"thumbnailUrl":"https:\/\/medicinasinc.com\/pt\/wp-content\/uploads\/sites\/20\/2022\/02\/Buy-Ephenidine-Powder-1.jpg","datePublished":"2022-02-22T04:23:00+00:00","dateModified":"2022-07-05T22:58:56+00:00","description":"Compre p\u00f3 de efenidina de alta pureza \u00e0 venda no Reino Unido, Europa, AU em nossa loja online Bestglobalmeds.com com entrega r\u00e1pida em todo o mundo! O melhor P\u00f3 de Efenidina para pedir voc\u00ea encontra aqui!","breadcrumb":{"@id":"https:\/\/medicinasinc.com\/pt\/product\/comprar-efenidina-po\/#breadcrumb"},"inLanguage":"pt-PT","potentialAction":[{"@type":"ReadAction","target":["https:\/\/medicinasinc.com\/pt\/product\/comprar-efenidina-po\/"]}]},{"@type":"ImageObject","inLanguage":"pt-PT","@id":"https:\/\/medicinasinc.com\/pt\/product\/comprar-efenidina-po\/#primaryimage","url":"https:\/\/medicinasinc.com\/pt\/wp-content\/uploads\/sites\/20\/2022\/02\/Buy-Ephenidine-Powder-1.jpg","contentUrl":"https:\/\/medicinasinc.com\/pt\/wp-content\/uploads\/sites\/20\/2022\/02\/Buy-Ephenidine-Powder-1.jpg","width":1080,"height":1166},{"@type":"BreadcrumbList","@id":"https:\/\/medicinasinc.com\/pt\/product\/comprar-efenidina-po\/#breadcrumb","itemListElement":[{"@type":"ListItem","position":1,"name":"Comprar","item":"https:\/\/medicinasinc.com\/pt\/comprar\/"},{"@type":"ListItem","position":2,"name":"Compre Efenidina em P\u00f3"}]},{"@type":"WebSite","@id":"https:\/\/medicinasinc.com\/pt\/#website","url":"https:\/\/medicinasinc.com\/pt\/","name":"Medicinas Inc","description":"Health Medical Clinic","potentialAction":[{"@type":"SearchAction","target":{"@type":"EntryPoint","urlTemplate":"https:\/\/medicinasinc.com\/pt\/?s={search_term_string}"},"query-input":{"@type":"PropertyValueSpecification","valueRequired":true,"valueName":"search_term_string"}}],"inLanguage":"pt-PT"}]}},"_links":{"self":[{"href":"https:\/\/medicinasinc.com\/pt\/wp-json\/wp\/v2\/product\/5696","targetHints":{"allow":["GET"]}}],"collection":[{"href":"https:\/\/medicinasinc.com\/pt\/wp-json\/wp\/v2\/product"}],"about":[{"href":"https:\/\/medicinasinc.com\/pt\/wp-json\/wp\/v2\/types\/product"}],"replies":[{"embeddable":true,"href":"https:\/\/medicinasinc.com\/pt\/wp-json\/wp\/v2\/comments?post=5696"}],"wp:featuredmedia":[{"embeddable":true,"href":"https:\/\/medicinasinc.com\/pt\/wp-json\/wp\/v2\/media\/5707"}],"wp:attachment":[{"href":"https:\/\/medicinasinc.com\/pt\/wp-json\/wp\/v2\/media?parent=5696"}],"wp:term":[{"taxonomy":"product_brand","embeddable":true,"href":"https:\/\/medicinasinc.com\/pt\/wp-json\/wp\/v2\/product_brand?post=5696"},{"taxonomy":"product_cat","embeddable":true,"href":"https:\/\/medicinasinc.com\/pt\/wp-json\/wp\/v2\/product_cat?post=5696"},{"taxonomy":"product_tag","embeddable":true,"href":"https:\/\/medicinasinc.com\/pt\/wp-json\/wp\/v2\/product_tag?post=5696"}],"curies":[{"name":"wp","href":"https:\/\/api.w.org\/{rel}","templated":true}]}}