{"id":5686,"date":"2022-02-22T04:12:43","date_gmt":"2022-02-22T04:12:43","guid":{"rendered":"https:\/\/medicinasinc.com\/pt\/?post_type=product&#038;p=5686"},"modified":"2022-07-05T22:59:11","modified_gmt":"2022-07-05T22:59:11","slug":"comprar-ald-52-po","status":"publish","type":"product","link":"https:\/\/medicinasinc.com\/pt\/product\/comprar-ald-52-po\/","title":{"rendered":"Compre P\u00f3 ALD-52"},"content":{"rendered":"<p><a href=\"https:\/\/www.bestglobalmeds.com\/product\/research-chemicals\/buy-ald-52-powder\/\"><strong>ALD-52 P\u00f3<\/strong><\/a>. Atacadista e fornecedor de Pure\u00a0<em>ALD-52 Powder<\/em>\u00a0ao menor pre\u00e7o e v\u00e1rias mat\u00e9rias-primas farmac\u00eauticas com &gt;99% de pureza, produtos qu\u00edmicos para pesquisa e medicamentos gen\u00e9ricos. Embalagem segura e discreta com envio rastreado.<\/p>\n<p>ALD-52, tamb\u00e9m conhecido como 1-acetil-LSD, \u00e9 um an\u00e1logo qu\u00edmico da dietilamida do \u00e1cido lis\u00e9rgico (LSD). \u00c9 uma subst\u00e2ncia psicod\u00e9lica da classe lisergamida que produz efeitos psicod\u00e9licos semelhantes ao LSD quando administrado.<\/p>\n<p class=\"h2_style\">Detalhes r\u00e1pidos<\/p>\n<p>Nome do produto: <a href=\"https:\/\/www.bestglobalmeds.com\/product\/research-chemicals\/buy-ald-52-powder\/\">ALD-52<\/a><br \/> Sin\u00f4nimos: ALD-52, 1-acetil-LSD, 1A-LSD , 1A-LAD<br \/> CAS No.: 3270-02-8<br \/> F\u00f3rmula Molecular: C22H27N3O2<br \/> IUPAC: (6aR,9R)-4-Acetil-N,N-dietil-7-metil -4,6,6a,7,8,9-hexahidroindolo[4,3-fg]quinolina-9-carboxamida<br \/> Peso molecular: 365,477 g\/mol<br \/> Pureza: 99,6%<br \/> Apar\u00eancia : P\u00f3 cristalino branco\/p\u00f3 esbranqui\u00e7ado<\/p>\n<h2>Fornecedor de p\u00f3 ALD-52<\/h2>\n<p>Um dos principais fornecedores de mat\u00e9rias-primas farmac\u00eauticas da Europa, somos conhecidos pela excepcional variedade de produtos e nossa servi\u00e7os de entrega direta de medicamentos gen\u00e9ricos de qualidade. Sendo um atacadista de p\u00f3 ALD-52, nos esfor\u00e7amos para fornecer produtos de alta qualidade e econ\u00f4micos no mercado.<\/p>\n<div class=\"product-next-previous\">\n<div class=\"product-prev\"><\/div><\/div>\n","protected":false},"excerpt":{"rendered":"<p>O melhor lugar para comprar o ALD-52 Powder \u00e9 no Reino Unido. Voc\u00ea tamb\u00e9m pode compr\u00e1-lo da Europa, Austr\u00e1lia e UE por um pre\u00e7o barato. Compre ALD-52 Powder 2022, ALD-52 Powder Overnight Delivery, ALD-52 Powder Price.<\/p>\n<p>Uma das empresas que fabrica e vende ALD-52.<\/p>\n<p>loja online: buy ALD-52 on-line, ALD-52 \u00e0 venda, fornecedor de ALD-52, p\u00f3 de ALD-52, compre agora<\/p>\n<p>ALD-52\u00a0reddit. O frete \u00e9 gr\u00e1tis.<\/p>\n<p>Voc\u00ea pode comprar p\u00f3 puro com 10mg de ALD-52 para venda online.<\/p>\n<p>&nbsp;<\/p>\n<p><strong>25%<\/strong> &gt;\u00a0desativado para\u00a0<strong>40 mg\u00a0<\/strong>e acima. C\u00f3digo do cupom: bhobos2018z<\/p>\n<table class=\"table\">\n<tbody>\n<tr>\n<th><span style=\"font-weight: 400\">Quantidade m\u00ednima do pedido:<\/span><\/th>\n<td>10 g<\/td>\n<\/tr>\n<tr>\n<th><span style=\"font-weight: 400\">Capacidade de fornecimento:<\/span><\/th>\n<td>100 kg\/m\u00eas<\/td>\n<\/tr>\n<tr>\n<th><span style=\"font-weight: 400\">Porto:<\/span><\/th>\n<td>Vars\u00f3via, Holanda<\/td>\n<\/tr>\n<tr>\n<th><span style=\"font-weight: 400\">Condi\u00e7\u00f5es de pagamento:<\/span><\/th>\n<td>Transfer\u00eancia banc\u00e1ria, Bitcoin, WU\/MG, Outros<\/td>\n<\/tr>\n<tr>\n<th><span style=\"font-weight: 400\">Detalhes da embalagem:<\/span><\/th>\n<td>Conforme solicita\u00e7\u00e3o do cliente<\/td>\n<\/tr>\n<tr>\n<th><span style=\"font-weight: 400\">Detalhes da entrega:<\/span><\/th>\n<td>DPD, Frete Expresso, Pharma Courier EU<\/td>\n<\/tr>\n<\/tbody>\n<\/table>\n","protected":false},"featured_media":5699,"comment_status":"open","ping_status":"closed","template":"","meta":[],"product_brand":[],"product_cat":[2014],"product_tag":[3575,3578,3576,3577,3582,3585,3586,3584,3574,3587,3581,3583,3590,3579,3588,3589,3580],"class_list":{"0":"post-5686","1":"product","2":"type-product","3":"status-publish","4":"has-post-thumbnail","6":"product_cat-compre-produtos-quimicos-de-pesquisa","7":"product_tag-ald-52-para-venda","8":"product_tag-ald-52-p-venda","9":"product_tag-ald-52-powder","10":"product_tag-ald-52-powder-effect","11":"product_tag-ald-52-powder-wholesale","12":"product_tag-buy-ald-52-powder","13":"product_tag-buy-ald-52-powder-online","14":"product_tag-comprar-ald-52","15":"product_tag-ald-52-dosagem","16":"product_tag-ordem-ald-52-p","17":"product_tag-ald-52-p-fornecedor","18":"product_tag-melhor-lugar-para-pedir-ald-52","19":"product_tag-o-que--ald-52-p","20":"product_tag-ald-52-powder-order","21":"product_tag-puro-ald-52-p","22":"product_tag-pure-ald-52-p-google","23":"product_tag-ald-52-p-reddit","25":"first","26":"instock","27":"shipping-taxable","28":"purchasable","29":"product-type-simple"},"yoast_head":"<!-- This site is optimized with the Yoast SEO plugin v27.3 - https:\/\/yoast.com\/product\/yoast-seo-wordpress\/ -->\n<title>Compre ALD-52 Powder - ALD-52 Powder Online - Melhores Medicamentos Globais<\/title>\n<meta name=\"description\" content=\"Compre Comprar ALD-52 Powder para venda no Reino Unido, Europa, AU, UE, Pe\u00e7a barato\u00a0Compre ALD-52 Powder\u00a02022, Onde\u00a0Comprar\u00a0Alta qualidade\u00a0Compre ALD-52 Powder Overnight Delivery,\u00a0Ald-52 Powder\u00a0Pre\u00e7o.\" \/>\n<meta name=\"robots\" content=\"index, follow, max-snippet:-1, max-image-preview:large, max-video-preview:-1\" \/>\n<link rel=\"canonical\" href=\"https:\/\/medicinasinc.com\/pt\/product\/comprar-ald-52-po\/\" \/>\n<meta property=\"og:locale\" content=\"pt_PT\" \/>\n<meta property=\"og:type\" content=\"article\" \/>\n<meta property=\"og:title\" content=\"Compre ALD-52 Powder - ALD-52 Powder Online - Melhores Medicamentos Globais\" \/>\n<meta property=\"og:description\" content=\"Compre Comprar ALD-52 Powder para venda no Reino Unido, Europa, AU, UE, Pe\u00e7a barato\u00a0Compre ALD-52 Powder\u00a02022, Onde\u00a0Comprar\u00a0Alta qualidade\u00a0Compre ALD-52 Powder Overnight Delivery,\u00a0Ald-52 Powder\u00a0Pre\u00e7o.\" \/>\n<meta property=\"og:url\" content=\"https:\/\/medicinasinc.com\/pt\/product\/comprar-ald-52-po\/\" \/>\n<meta property=\"og:site_name\" content=\"Medicinas Inc\" \/>\n<meta property=\"article:modified_time\" content=\"2022-07-05T22:59:11+00:00\" \/>\n<meta property=\"og:image\" content=\"https:\/\/medicinasinc.com\/pt\/wp-content\/uploads\/sites\/20\/2022\/02\/Buy-ALD-52-Powder.jpg\" \/>\n\t<meta property=\"og:image:width\" content=\"1080\" \/>\n\t<meta property=\"og:image:height\" content=\"995\" \/>\n\t<meta property=\"og:image:type\" content=\"image\/jpeg\" \/>\n<meta name=\"twitter:card\" content=\"summary_large_image\" \/>\n<meta name=\"twitter:label1\" content=\"Tempo estimado de leitura\" \/>\n\t<meta name=\"twitter:data1\" content=\"1 minuto\" \/>\n<script type=\"application\/ld+json\" class=\"yoast-schema-graph\">{\"@context\":\"https:\\\/\\\/schema.org\",\"@graph\":[{\"@type\":\"WebPage\",\"@id\":\"https:\\\/\\\/medicinasinc.com\\\/pt\\\/product\\\/comprar-ald-52-po\\\/\",\"url\":\"https:\\\/\\\/medicinasinc.com\\\/pt\\\/product\\\/comprar-ald-52-po\\\/\",\"name\":\"Compre ALD-52 Powder - ALD-52 Powder Online - Melhores Medicamentos Globais\",\"isPartOf\":{\"@id\":\"https:\\\/\\\/medicinasinc.com\\\/pt\\\/#website\"},\"primaryImageOfPage\":{\"@id\":\"https:\\\/\\\/medicinasinc.com\\\/pt\\\/product\\\/comprar-ald-52-po\\\/#primaryimage\"},\"image\":{\"@id\":\"https:\\\/\\\/medicinasinc.com\\\/pt\\\/product\\\/comprar-ald-52-po\\\/#primaryimage\"},\"thumbnailUrl\":\"https:\\\/\\\/medicinasinc.com\\\/pt\\\/wp-content\\\/uploads\\\/sites\\\/20\\\/2022\\\/02\\\/Buy-ALD-52-Powder.jpg\",\"datePublished\":\"2022-02-22T04:12:43+00:00\",\"dateModified\":\"2022-07-05T22:59:11+00:00\",\"description\":\"Compre Comprar ALD-52 Powder para venda no Reino Unido, Europa, AU, UE, Pe\u00e7a barato\u00a0Compre ALD-52 Powder\u00a02022, Onde\u00a0Comprar\u00a0Alta qualidade\u00a0Compre ALD-52 Powder Overnight Delivery,\u00a0Ald-52 Powder\u00a0Pre\u00e7o.\",\"breadcrumb\":{\"@id\":\"https:\\\/\\\/medicinasinc.com\\\/pt\\\/product\\\/comprar-ald-52-po\\\/#breadcrumb\"},\"inLanguage\":\"pt-PT\",\"potentialAction\":[{\"@type\":\"ReadAction\",\"target\":[\"https:\\\/\\\/medicinasinc.com\\\/pt\\\/product\\\/comprar-ald-52-po\\\/\"]}]},{\"@type\":\"ImageObject\",\"inLanguage\":\"pt-PT\",\"@id\":\"https:\\\/\\\/medicinasinc.com\\\/pt\\\/product\\\/comprar-ald-52-po\\\/#primaryimage\",\"url\":\"https:\\\/\\\/medicinasinc.com\\\/pt\\\/wp-content\\\/uploads\\\/sites\\\/20\\\/2022\\\/02\\\/Buy-ALD-52-Powder.jpg\",\"contentUrl\":\"https:\\\/\\\/medicinasinc.com\\\/pt\\\/wp-content\\\/uploads\\\/sites\\\/20\\\/2022\\\/02\\\/Buy-ALD-52-Powder.jpg\",\"width\":1080,\"height\":995},{\"@type\":\"BreadcrumbList\",\"@id\":\"https:\\\/\\\/medicinasinc.com\\\/pt\\\/product\\\/comprar-ald-52-po\\\/#breadcrumb\",\"itemListElement\":[{\"@type\":\"ListItem\",\"position\":1,\"name\":\"Comprar\",\"item\":\"https:\\\/\\\/medicinasinc.com\\\/pt\\\/comprar\\\/\"},{\"@type\":\"ListItem\",\"position\":2,\"name\":\"Compre P\u00f3 ALD-52\"}]},{\"@type\":\"WebSite\",\"@id\":\"https:\\\/\\\/medicinasinc.com\\\/pt\\\/#website\",\"url\":\"https:\\\/\\\/medicinasinc.com\\\/pt\\\/\",\"name\":\"Medicinas Inc\",\"description\":\"Health Medical Clinic\",\"potentialAction\":[{\"@type\":\"SearchAction\",\"target\":{\"@type\":\"EntryPoint\",\"urlTemplate\":\"https:\\\/\\\/medicinasinc.com\\\/pt\\\/?s={search_term_string}\"},\"query-input\":{\"@type\":\"PropertyValueSpecification\",\"valueRequired\":true,\"valueName\":\"search_term_string\"}}],\"inLanguage\":\"pt-PT\"}]}<\/script>\n<!-- \/ Yoast SEO plugin. -->","yoast_head_json":{"title":"Compre ALD-52 Powder - ALD-52 Powder Online - Melhores Medicamentos Globais","description":"Compre Comprar ALD-52 Powder para venda no Reino Unido, Europa, AU, UE, Pe\u00e7a barato\u00a0Compre ALD-52 Powder\u00a02022, Onde\u00a0Comprar\u00a0Alta qualidade\u00a0Compre ALD-52 Powder Overnight Delivery,\u00a0Ald-52 Powder\u00a0Pre\u00e7o.","robots":{"index":"index","follow":"follow","max-snippet":"max-snippet:-1","max-image-preview":"max-image-preview:large","max-video-preview":"max-video-preview:-1"},"canonical":"https:\/\/medicinasinc.com\/pt\/product\/comprar-ald-52-po\/","og_locale":"pt_PT","og_type":"article","og_title":"Compre ALD-52 Powder - ALD-52 Powder Online - Melhores Medicamentos Globais","og_description":"Compre Comprar ALD-52 Powder para venda no Reino Unido, Europa, AU, UE, Pe\u00e7a barato\u00a0Compre ALD-52 Powder\u00a02022, Onde\u00a0Comprar\u00a0Alta qualidade\u00a0Compre ALD-52 Powder Overnight Delivery,\u00a0Ald-52 Powder\u00a0Pre\u00e7o.","og_url":"https:\/\/medicinasinc.com\/pt\/product\/comprar-ald-52-po\/","og_site_name":"Medicinas Inc","article_modified_time":"2022-07-05T22:59:11+00:00","og_image":[{"width":1080,"height":995,"url":"https:\/\/medicinasinc.com\/pt\/wp-content\/uploads\/sites\/20\/2022\/02\/Buy-ALD-52-Powder.jpg","type":"image\/jpeg"}],"twitter_card":"summary_large_image","twitter_misc":{"Tempo estimado de leitura":"1 minuto"},"schema":{"@context":"https:\/\/schema.org","@graph":[{"@type":"WebPage","@id":"https:\/\/medicinasinc.com\/pt\/product\/comprar-ald-52-po\/","url":"https:\/\/medicinasinc.com\/pt\/product\/comprar-ald-52-po\/","name":"Compre ALD-52 Powder - ALD-52 Powder Online - Melhores Medicamentos Globais","isPartOf":{"@id":"https:\/\/medicinasinc.com\/pt\/#website"},"primaryImageOfPage":{"@id":"https:\/\/medicinasinc.com\/pt\/product\/comprar-ald-52-po\/#primaryimage"},"image":{"@id":"https:\/\/medicinasinc.com\/pt\/product\/comprar-ald-52-po\/#primaryimage"},"thumbnailUrl":"https:\/\/medicinasinc.com\/pt\/wp-content\/uploads\/sites\/20\/2022\/02\/Buy-ALD-52-Powder.jpg","datePublished":"2022-02-22T04:12:43+00:00","dateModified":"2022-07-05T22:59:11+00:00","description":"Compre Comprar ALD-52 Powder para venda no Reino Unido, Europa, AU, UE, Pe\u00e7a barato\u00a0Compre ALD-52 Powder\u00a02022, Onde\u00a0Comprar\u00a0Alta qualidade\u00a0Compre ALD-52 Powder Overnight Delivery,\u00a0Ald-52 Powder\u00a0Pre\u00e7o.","breadcrumb":{"@id":"https:\/\/medicinasinc.com\/pt\/product\/comprar-ald-52-po\/#breadcrumb"},"inLanguage":"pt-PT","potentialAction":[{"@type":"ReadAction","target":["https:\/\/medicinasinc.com\/pt\/product\/comprar-ald-52-po\/"]}]},{"@type":"ImageObject","inLanguage":"pt-PT","@id":"https:\/\/medicinasinc.com\/pt\/product\/comprar-ald-52-po\/#primaryimage","url":"https:\/\/medicinasinc.com\/pt\/wp-content\/uploads\/sites\/20\/2022\/02\/Buy-ALD-52-Powder.jpg","contentUrl":"https:\/\/medicinasinc.com\/pt\/wp-content\/uploads\/sites\/20\/2022\/02\/Buy-ALD-52-Powder.jpg","width":1080,"height":995},{"@type":"BreadcrumbList","@id":"https:\/\/medicinasinc.com\/pt\/product\/comprar-ald-52-po\/#breadcrumb","itemListElement":[{"@type":"ListItem","position":1,"name":"Comprar","item":"https:\/\/medicinasinc.com\/pt\/comprar\/"},{"@type":"ListItem","position":2,"name":"Compre P\u00f3 ALD-52"}]},{"@type":"WebSite","@id":"https:\/\/medicinasinc.com\/pt\/#website","url":"https:\/\/medicinasinc.com\/pt\/","name":"Medicinas Inc","description":"Health Medical Clinic","potentialAction":[{"@type":"SearchAction","target":{"@type":"EntryPoint","urlTemplate":"https:\/\/medicinasinc.com\/pt\/?s={search_term_string}"},"query-input":{"@type":"PropertyValueSpecification","valueRequired":true,"valueName":"search_term_string"}}],"inLanguage":"pt-PT"}]}},"_links":{"self":[{"href":"https:\/\/medicinasinc.com\/pt\/wp-json\/wp\/v2\/product\/5686","targetHints":{"allow":["GET"]}}],"collection":[{"href":"https:\/\/medicinasinc.com\/pt\/wp-json\/wp\/v2\/product"}],"about":[{"href":"https:\/\/medicinasinc.com\/pt\/wp-json\/wp\/v2\/types\/product"}],"replies":[{"embeddable":true,"href":"https:\/\/medicinasinc.com\/pt\/wp-json\/wp\/v2\/comments?post=5686"}],"wp:featuredmedia":[{"embeddable":true,"href":"https:\/\/medicinasinc.com\/pt\/wp-json\/wp\/v2\/media\/5699"}],"wp:attachment":[{"href":"https:\/\/medicinasinc.com\/pt\/wp-json\/wp\/v2\/media?parent=5686"}],"wp:term":[{"taxonomy":"product_brand","embeddable":true,"href":"https:\/\/medicinasinc.com\/pt\/wp-json\/wp\/v2\/product_brand?post=5686"},{"taxonomy":"product_cat","embeddable":true,"href":"https:\/\/medicinasinc.com\/pt\/wp-json\/wp\/v2\/product_cat?post=5686"},{"taxonomy":"product_tag","embeddable":true,"href":"https:\/\/medicinasinc.com\/pt\/wp-json\/wp\/v2\/product_tag?post=5686"}],"curies":[{"name":"wp","href":"https:\/\/api.w.org\/{rel}","templated":true}]}}