{"id":5685,"date":"2022-02-22T04:11:15","date_gmt":"2022-02-22T04:11:15","guid":{"rendered":"https:\/\/medicinasinc.com\/pt\/?post_type=product&#038;p=5685"},"modified":"2022-07-05T22:59:25","modified_gmt":"2022-07-05T22:59:25","slug":"comprar-bomba-it-sal-de-banho","status":"publish","type":"product","link":"https:\/\/medicinasinc.com\/pt\/product\/comprar-bomba-it-sal-de-banho\/","title":{"rendered":"Compre o sal de banho Pump It"},"content":{"rendered":"<p>\u00c9 uma boa ideia comprar os sais de banho em p\u00f3 Pump-It<\/p>\n<p>Compre os sais de banho em p\u00f3 Pump-It de uma fonte confi\u00e1vel. Vendemos os melhores produtos de banho, como sais de banho. Os sais de banho dar\u00e3o um banho suave e sensual que o deixar\u00e1 com uma sensa\u00e7\u00e3o de limpeza depois de us\u00e1-los. No entanto, nossos clientes podem ter certeza de que obter\u00e3o os melhores produtos do mercado. No entanto, tamb\u00e9m vendemos e compramos outros sais de banho concentrados a bons pre\u00e7os.<\/p>\n<p>Os nossos sais de banho t\u00eam um cheiro forte.<\/p>\n<p>Os sais de banho em p\u00f3 Pump-It destinam-se a tornar a sua experi\u00eancia de banho ainda mais excitante, en\u00e9rgico e euf\u00f3rico. Uma pequena quantidade \u00e9 tudo o que \u00e9 necess\u00e1rio para fazer uma grande diferen\u00e7a. Voc\u00ea pode, no entanto, apenas adicionar uma pequena quantidade a um banho quente para suavizar naturalmente a \u00e1gua, o que far\u00e1 voc\u00ea se sentir muito energizado e feliz depois. No entanto, \u00e9 usado para se parecer com as fontes termais naturais do mar grego. Use Pump-It Powder com modera\u00e7\u00e3o no in\u00edcio, porque muito vai sujar a \u00e1gua do banho e deix\u00e1-lo infeliz. No entanto, se voc\u00ea usar o Pump-It Powder corretamente, ele pode ajud\u00e1-lo a chegar a lugares que voc\u00ea achava imposs\u00edveis.<\/p>\n<p>Itens relacionados:<br \/> Voc\u00ea pode ver alguns de nossos sais de banho originais na lista abaixo .<br \/> S\u00e3o 500mg de sais de banho concentrados da Rave On.<br \/> Eight Ballz Bath Salts tem 500mg deles.<br \/> Os sais de banho premium de Hollywood s\u00e3o 1 grama.<br \/> 500mg de DIAMOND DUST<br \/> Uma colher de sopa tem 500mg de p\u00f3.<br \/> O Black Diamond Novelty Powder \u00e9 feito de Black Diamond.<br \/> S\u00e3o 500mg de Pump-it Powder da Eight Ballz.<br \/> 500mg de White Rush Bath Sais<br \/> Os sais de banho Ivory Wave Ultra cont\u00eam 500mg deles.<br \/> Sal de banho Ivory Wave 500mg<br \/> Neste caso, 500mg de sais de banho Lady Bubbles est\u00e3o no pacote.<br \/> Cloud 9 Sais de Banho t\u00eam 500mg deles.<br \/> H\u00e1 500mg de Heavenly Soak Euphoric \u2013 Novidade em P\u00f3 neste frasco.<br \/> S\u00e3o 500mg de Heavenly Soak \u2013 Energy \u2013 Fun Powder.<br \/> 500mg de Sky \u2013 Divers\u00e3o P\u00f3<br \/> Existem 500mg de novidade pow der in Molly&#8217;s Blend \u2013<\/p>\n<p>&nbsp;<\/p>\n<p>Vanilla Sky Bath Salts 500mg, Fizz Concentrated Bath Salts 500mg, Bolivian Ivory Wave Recharge Bath Salts 500mg, White Girl Concentrated Bath Salts 500mg, Tranquility Concentrated Sais de banho 500mg, sais de banho X Rated 500mg<br \/> Ivory Smooth 500mg Sais de banho<br \/> 50mg de Blue Wave Sais de banho<br \/> Blue Silk \u00e9 500mg de sal de banho.<br \/> Neste caso, 500mg de Sais de Banho Bolivianos foram usados.<br \/> Sais de Banho de G Pheonix<\/p>\n<p>&nbsp;<\/p>\n<p>Neste caso, Sais de Banho Concentrados White Girl 500mg \u00e9 o que voc\u00ea precisa.<br \/> 500mg de Sais de Banho White Lady<br \/> Os Sais de Banho Concentrados Bliss t\u00eam 500mg de sal em cada saco.<br \/> Os Sais de Banho Snow Leopard t\u00eam 500mg deles em cada saco.<br \/> 500mg de sais de banho extra da Lunar Aceno. 500mg de sal de banho concentrado da White Horse.<br \/> 500mg de sais de banho revigorantes<br \/> 500mg de sal de banho Cloud 10<br \/> Blue Magic: 500mg sais de banho<br \/> O sal de banho com o nome Scarface tem 500mg disso.<br \/> Muito mais pessoas tamb\u00e9m.<\/p>\n","protected":false},"excerpt":{"rendered":"<p>Em nossa loja online medicinasinc.com\/pt, voc\u00ea pode comprar o Sal de Banho Pump It \u00e0 venda no Reino Unido, Europa e Austr\u00e1lia, e n\u00f3s o enviaremos imediatamente. Voc\u00ea pode comprar o melhor sal de banho Pump It aqui!<\/p>\n<p>\u00c9 seguro comprar o sal de banho Pump It Up da Global medicinas Bath Salts. Vendemos sais de banho K2 concentrados a pre\u00e7os baixos na internet.<\/p>\n<p>Ao melhor pre\u00e7o, voc\u00ea pode comprar o Sal de Banho Pump It online em uma loja. Prometemos envio seguro para todo o mundo.<\/p>\n<p>Onde voc\u00ea quer comprar &#8220;Sais de banho em p\u00f3 Pump-It&#8221;? Best Global Meds lhe d\u00e1 a chance de comprar sais de banho amplificados para venda online.<\/p>\n","protected":false},"featured_media":5697,"comment_status":"open","ping_status":"closed","template":"","meta":[],"product_brand":[],"product_cat":[2014],"product_tag":[3566,3565,3567,3571,3569,3568,3572,3573,3570],"class_list":{"0":"post-5685","1":"product","2":"type-product","3":"status-publish","4":"has-post-thumbnail","6":"product_cat-compre-produtos-quimicos-de-pesquisa","7":"product_tag-buy-pump-it-powder-bath-salts","8":"product_tag-comprar-bomba-it-sal-de-banho","9":"product_tag-order-pump-it-bath-salt","10":"product_tag-ordem-bomba-de-banho-sal","11":"product_tag-pump-it-bath-salt-effect","12":"product_tag-bomba-it-banho-sal-comprar","13":"product_tag-pump-it-bath-sal-pwder","14":"product_tag-pump-it-bath-salt-reddit","15":"product_tag-bomba-it-banho-sal-para-venda","17":"first","18":"instock","19":"featured","20":"shipping-taxable","21":"purchasable","22":"product-type-variable","23":"has-default-attributes"},"yoast_head":"<!-- This site is optimized with the Yoast SEO plugin v27.3 - https:\/\/yoast.com\/product\/yoast-seo-wordpress\/ -->\n<title>Compre o Sal de Banho Pump It - Sal de Banho Pump It - Melhores Medicamentos Globais<\/title>\n<meta name=\"description\" content=\"Compre Pump It Bath Salt \u00e0 venda no Reino Unido, Europa, AU em nossa loja online medicinasinc.com\/pt com entrega r\u00e1pida em todo o mundo! O melhor Sal de Banho Pump It para pedir voc\u00ea encontra aqui!\" \/>\n<meta name=\"robots\" content=\"index, follow, max-snippet:-1, max-image-preview:large, max-video-preview:-1\" \/>\n<link rel=\"canonical\" href=\"https:\/\/medicinasinc.com\/pt\/product\/comprar-bomba-it-sal-de-banho\/\" \/>\n<meta property=\"og:locale\" content=\"pt_PT\" \/>\n<meta property=\"og:type\" content=\"article\" \/>\n<meta property=\"og:title\" content=\"Compre o Sal de Banho Pump It - Sal de Banho Pump It - Melhores Medicamentos Globais\" \/>\n<meta property=\"og:description\" content=\"Compre Pump It Bath Salt \u00e0 venda no Reino Unido, Europa, AU em nossa loja online medicinasinc.com\/pt com entrega r\u00e1pida em todo o mundo! O melhor Sal de Banho Pump It para pedir voc\u00ea encontra aqui!\" \/>\n<meta property=\"og:url\" content=\"https:\/\/medicinasinc.com\/pt\/product\/comprar-bomba-it-sal-de-banho\/\" \/>\n<meta property=\"og:site_name\" content=\"Medicinas Inc\" \/>\n<meta property=\"article:modified_time\" content=\"2022-07-05T22:59:25+00:00\" \/>\n<meta property=\"og:image\" content=\"https:\/\/medicinasinc.com\/pt\/wp-content\/uploads\/sites\/20\/2022\/02\/Buy-Pump-It-Bath-Salt.jpg\" \/>\n\t<meta property=\"og:image:width\" content=\"600\" \/>\n\t<meta property=\"og:image:height\" content=\"600\" \/>\n\t<meta property=\"og:image:type\" content=\"image\/jpeg\" \/>\n<meta name=\"twitter:card\" content=\"summary_large_image\" \/>\n<meta name=\"twitter:label1\" content=\"Tempo estimado de leitura\" \/>\n\t<meta name=\"twitter:data1\" content=\"3 minutos\" \/>\n<script type=\"application\/ld+json\" class=\"yoast-schema-graph\">{\"@context\":\"https:\\\/\\\/schema.org\",\"@graph\":[{\"@type\":\"WebPage\",\"@id\":\"https:\\\/\\\/medicinasinc.com\\\/pt\\\/product\\\/comprar-bomba-it-sal-de-banho\\\/\",\"url\":\"https:\\\/\\\/medicinasinc.com\\\/pt\\\/product\\\/comprar-bomba-it-sal-de-banho\\\/\",\"name\":\"Compre o Sal de Banho Pump It - Sal de Banho Pump It - Melhores Medicamentos Globais\",\"isPartOf\":{\"@id\":\"https:\\\/\\\/medicinasinc.com\\\/pt\\\/#website\"},\"primaryImageOfPage\":{\"@id\":\"https:\\\/\\\/medicinasinc.com\\\/pt\\\/product\\\/comprar-bomba-it-sal-de-banho\\\/#primaryimage\"},\"image\":{\"@id\":\"https:\\\/\\\/medicinasinc.com\\\/pt\\\/product\\\/comprar-bomba-it-sal-de-banho\\\/#primaryimage\"},\"thumbnailUrl\":\"https:\\\/\\\/medicinasinc.com\\\/pt\\\/wp-content\\\/uploads\\\/sites\\\/20\\\/2022\\\/02\\\/Buy-Pump-It-Bath-Salt.jpg\",\"datePublished\":\"2022-02-22T04:11:15+00:00\",\"dateModified\":\"2022-07-05T22:59:25+00:00\",\"description\":\"Compre Pump It Bath Salt \u00e0 venda no Reino Unido, Europa, AU em nossa loja online medicinasinc.com\\\/pt com entrega r\u00e1pida em todo o mundo! O melhor Sal de Banho Pump It para pedir voc\u00ea encontra aqui!\",\"breadcrumb\":{\"@id\":\"https:\\\/\\\/medicinasinc.com\\\/pt\\\/product\\\/comprar-bomba-it-sal-de-banho\\\/#breadcrumb\"},\"inLanguage\":\"pt-PT\",\"potentialAction\":[{\"@type\":\"ReadAction\",\"target\":[\"https:\\\/\\\/medicinasinc.com\\\/pt\\\/product\\\/comprar-bomba-it-sal-de-banho\\\/\"]}]},{\"@type\":\"ImageObject\",\"inLanguage\":\"pt-PT\",\"@id\":\"https:\\\/\\\/medicinasinc.com\\\/pt\\\/product\\\/comprar-bomba-it-sal-de-banho\\\/#primaryimage\",\"url\":\"https:\\\/\\\/medicinasinc.com\\\/pt\\\/wp-content\\\/uploads\\\/sites\\\/20\\\/2022\\\/02\\\/Buy-Pump-It-Bath-Salt.jpg\",\"contentUrl\":\"https:\\\/\\\/medicinasinc.com\\\/pt\\\/wp-content\\\/uploads\\\/sites\\\/20\\\/2022\\\/02\\\/Buy-Pump-It-Bath-Salt.jpg\",\"width\":600,\"height\":600},{\"@type\":\"BreadcrumbList\",\"@id\":\"https:\\\/\\\/medicinasinc.com\\\/pt\\\/product\\\/comprar-bomba-it-sal-de-banho\\\/#breadcrumb\",\"itemListElement\":[{\"@type\":\"ListItem\",\"position\":1,\"name\":\"Comprar\",\"item\":\"https:\\\/\\\/medicinasinc.com\\\/pt\\\/comprar\\\/\"},{\"@type\":\"ListItem\",\"position\":2,\"name\":\"Compre o sal de banho Pump It\"}]},{\"@type\":\"WebSite\",\"@id\":\"https:\\\/\\\/medicinasinc.com\\\/pt\\\/#website\",\"url\":\"https:\\\/\\\/medicinasinc.com\\\/pt\\\/\",\"name\":\"Medicinas Inc\",\"description\":\"Health Medical Clinic\",\"potentialAction\":[{\"@type\":\"SearchAction\",\"target\":{\"@type\":\"EntryPoint\",\"urlTemplate\":\"https:\\\/\\\/medicinasinc.com\\\/pt\\\/?s={search_term_string}\"},\"query-input\":{\"@type\":\"PropertyValueSpecification\",\"valueRequired\":true,\"valueName\":\"search_term_string\"}}],\"inLanguage\":\"pt-PT\"}]}<\/script>\n<!-- \/ Yoast SEO plugin. -->","yoast_head_json":{"title":"Compre o Sal de Banho Pump It - Sal de Banho Pump It - Melhores Medicamentos Globais","description":"Compre Pump It Bath Salt \u00e0 venda no Reino Unido, Europa, AU em nossa loja online medicinasinc.com\/pt com entrega r\u00e1pida em todo o mundo! O melhor Sal de Banho Pump It para pedir voc\u00ea encontra aqui!","robots":{"index":"index","follow":"follow","max-snippet":"max-snippet:-1","max-image-preview":"max-image-preview:large","max-video-preview":"max-video-preview:-1"},"canonical":"https:\/\/medicinasinc.com\/pt\/product\/comprar-bomba-it-sal-de-banho\/","og_locale":"pt_PT","og_type":"article","og_title":"Compre o Sal de Banho Pump It - Sal de Banho Pump It - Melhores Medicamentos Globais","og_description":"Compre Pump It Bath Salt \u00e0 venda no Reino Unido, Europa, AU em nossa loja online medicinasinc.com\/pt com entrega r\u00e1pida em todo o mundo! O melhor Sal de Banho Pump It para pedir voc\u00ea encontra aqui!","og_url":"https:\/\/medicinasinc.com\/pt\/product\/comprar-bomba-it-sal-de-banho\/","og_site_name":"Medicinas Inc","article_modified_time":"2022-07-05T22:59:25+00:00","og_image":[{"width":600,"height":600,"url":"https:\/\/medicinasinc.com\/pt\/wp-content\/uploads\/sites\/20\/2022\/02\/Buy-Pump-It-Bath-Salt.jpg","type":"image\/jpeg"}],"twitter_card":"summary_large_image","twitter_misc":{"Tempo estimado de leitura":"3 minutos"},"schema":{"@context":"https:\/\/schema.org","@graph":[{"@type":"WebPage","@id":"https:\/\/medicinasinc.com\/pt\/product\/comprar-bomba-it-sal-de-banho\/","url":"https:\/\/medicinasinc.com\/pt\/product\/comprar-bomba-it-sal-de-banho\/","name":"Compre o Sal de Banho Pump It - Sal de Banho Pump It - Melhores Medicamentos Globais","isPartOf":{"@id":"https:\/\/medicinasinc.com\/pt\/#website"},"primaryImageOfPage":{"@id":"https:\/\/medicinasinc.com\/pt\/product\/comprar-bomba-it-sal-de-banho\/#primaryimage"},"image":{"@id":"https:\/\/medicinasinc.com\/pt\/product\/comprar-bomba-it-sal-de-banho\/#primaryimage"},"thumbnailUrl":"https:\/\/medicinasinc.com\/pt\/wp-content\/uploads\/sites\/20\/2022\/02\/Buy-Pump-It-Bath-Salt.jpg","datePublished":"2022-02-22T04:11:15+00:00","dateModified":"2022-07-05T22:59:25+00:00","description":"Compre Pump It Bath Salt \u00e0 venda no Reino Unido, Europa, AU em nossa loja online medicinasinc.com\/pt com entrega r\u00e1pida em todo o mundo! O melhor Sal de Banho Pump It para pedir voc\u00ea encontra aqui!","breadcrumb":{"@id":"https:\/\/medicinasinc.com\/pt\/product\/comprar-bomba-it-sal-de-banho\/#breadcrumb"},"inLanguage":"pt-PT","potentialAction":[{"@type":"ReadAction","target":["https:\/\/medicinasinc.com\/pt\/product\/comprar-bomba-it-sal-de-banho\/"]}]},{"@type":"ImageObject","inLanguage":"pt-PT","@id":"https:\/\/medicinasinc.com\/pt\/product\/comprar-bomba-it-sal-de-banho\/#primaryimage","url":"https:\/\/medicinasinc.com\/pt\/wp-content\/uploads\/sites\/20\/2022\/02\/Buy-Pump-It-Bath-Salt.jpg","contentUrl":"https:\/\/medicinasinc.com\/pt\/wp-content\/uploads\/sites\/20\/2022\/02\/Buy-Pump-It-Bath-Salt.jpg","width":600,"height":600},{"@type":"BreadcrumbList","@id":"https:\/\/medicinasinc.com\/pt\/product\/comprar-bomba-it-sal-de-banho\/#breadcrumb","itemListElement":[{"@type":"ListItem","position":1,"name":"Comprar","item":"https:\/\/medicinasinc.com\/pt\/comprar\/"},{"@type":"ListItem","position":2,"name":"Compre o sal de banho Pump It"}]},{"@type":"WebSite","@id":"https:\/\/medicinasinc.com\/pt\/#website","url":"https:\/\/medicinasinc.com\/pt\/","name":"Medicinas Inc","description":"Health Medical Clinic","potentialAction":[{"@type":"SearchAction","target":{"@type":"EntryPoint","urlTemplate":"https:\/\/medicinasinc.com\/pt\/?s={search_term_string}"},"query-input":{"@type":"PropertyValueSpecification","valueRequired":true,"valueName":"search_term_string"}}],"inLanguage":"pt-PT"}]}},"_links":{"self":[{"href":"https:\/\/medicinasinc.com\/pt\/wp-json\/wp\/v2\/product\/5685","targetHints":{"allow":["GET"]}}],"collection":[{"href":"https:\/\/medicinasinc.com\/pt\/wp-json\/wp\/v2\/product"}],"about":[{"href":"https:\/\/medicinasinc.com\/pt\/wp-json\/wp\/v2\/types\/product"}],"replies":[{"embeddable":true,"href":"https:\/\/medicinasinc.com\/pt\/wp-json\/wp\/v2\/comments?post=5685"}],"wp:featuredmedia":[{"embeddable":true,"href":"https:\/\/medicinasinc.com\/pt\/wp-json\/wp\/v2\/media\/5697"}],"wp:attachment":[{"href":"https:\/\/medicinasinc.com\/pt\/wp-json\/wp\/v2\/media?parent=5685"}],"wp:term":[{"taxonomy":"product_brand","embeddable":true,"href":"https:\/\/medicinasinc.com\/pt\/wp-json\/wp\/v2\/product_brand?post=5685"},{"taxonomy":"product_cat","embeddable":true,"href":"https:\/\/medicinasinc.com\/pt\/wp-json\/wp\/v2\/product_cat?post=5685"},{"taxonomy":"product_tag","embeddable":true,"href":"https:\/\/medicinasinc.com\/pt\/wp-json\/wp\/v2\/product_tag?post=5685"}],"curies":[{"name":"wp","href":"https:\/\/api.w.org\/{rel}","templated":true}]}}