{"id":5684,"date":"2022-02-22T04:10:18","date_gmt":"2022-02-22T04:10:18","guid":{"rendered":"https:\/\/medicinasinc.com\/pt\/?post_type=product&#038;p=5684"},"modified":"2022-07-05T22:59:40","modified_gmt":"2022-07-05T22:59:40","slug":"comprar-mmb-2201-po","status":"publish","type":"product","link":"https:\/\/medicinasinc.com\/pt\/product\/comprar-mmb-2201-po\/","title":{"rendered":"Compre o p\u00f3 MMB-2201"},"content":{"rendered":"<p>MDMB-2201 Drug \u00e9 um produto qu\u00edmico de pesquisa de alto n\u00edvel que voc\u00ea pode obter online a um pre\u00e7o razo\u00e1vel. O fornecedor confi\u00e1vel bestglobalmed.com oferece 5F-MDMB-2201 a um pre\u00e7o com desconto. Como droga de designer e como ingrediente ativo em misturas de cannabis sintetizadas, o MMB-2201 \u00e9 um canabin\u00f3ide sint\u00e9tico forte \u00e0 base de indole-3-carboxamida.<\/p>\n<p>Canabin\u00f3ide sint\u00e9tico \u00e0 base de indole-3-carboxamida MMB-2201 ( tamb\u00e9m conhecido como 5F-MMB-PICA, 5F-AMB-PICA e I-AMB) foi anunciado como uma droga de designer e um ingrediente em misturas de cannabis sint\u00e9tica. Relatado pela primeira vez na R\u00fassia e na Bielorr\u00fassia em janeiro de 2014, desde ent\u00e3o foi vendido em muitos outros pa\u00edses. A contraparte do n\u00facleo indol do 5F-AMB \u00e9 este composto. compostos sint\u00e9ticos de cannabis com um grupo N-1-metoxicarbonil contendo um n\u00facleo indazol-3-carboxamida ou um n\u00facleo indazol-3-carboxamida, bem como um substituinte isopropil ou t-butil, provaram ser significativamente mais prejudiciais do que os canabin\u00f3ides sint\u00e9ticos mais antigos compostos<\/p>\n<p>O canabin\u00f3ide sint\u00e9tico 5F-MDMB-2201 \u00e9 extremamente semelhante ao MMB-2201 (fam\u00edlia indazol). Em ambos os receptores CB1 e CB2, 5F-MDMB-2201 exerce um efeito significativo (agonismo).<\/p>\n<p>Nome metab\u00f3lico: Metil 2-metil-1H-indol-3-carboxamido-dimetilbutanoato<\/p>\n<p>Como medicamento de designer e ingrediente ativo em misturas sint\u00e9ticas de cannabis, o MMB-2201 \u00e9 um canabin\u00f3ide sint\u00e9tico \u00e0 base de indol-3-carboxamida.<\/p>\n<p>889493-21-2 N\u00famero CAS<\/p>\n<p>C21H29FN2O3 \u00e9 a f\u00f3rmula qu\u00edmica.<\/p>\n<p>Pureza m\u00ednima de 99,7 por cento<\/p>\n<p>376,49 \u00e9 o peso molecular<\/p>\n<p>Apar\u00eancia de cristais\/p\u00f3<\/p>\n<p> O canabin\u00f3ide sint\u00e9tico MMB-2201 \u00e0 base de indol-3-carboxamida (tamb\u00e9m conhecido como 5F-MMB-PICA, 5F-AMB-PICA e I-AMB) \u00e9 um medicamento de designer e ingrediente ativo em misturas sint\u00e9ticas de cannabis. Embora tenha sido originalmente relatado na R\u00fassia e na Bielorr\u00fassia em janeiro deste ano, foi posteriormente colocado \u00e0 venda em v\u00e1rias outras na\u00e7\u00f5es. A contraparte principal do 5F-indole AMB \u00e9 encontrada neste composto. Verificou-se que os novos compostos sint\u00e9ticos de cannabis com um n\u00facleo indol-3-carboxamida ou indazol-3-carboxamida e um grupo N-1-metoxicarbonil ligado a um substituinte isopropil ou t-butil s\u00e3o muito mais prejudiciais do que os compostos canabin\u00f3ides sint\u00e9ticos mais antigos. &#8211;<\/p>\n<p>O canabin\u00f3ide sint\u00e9tico 5F-MDMB-2201 \u00e9 extremamente semelhante ao MMB-2201 (fam\u00edlia indazol). Ambos os receptores CB1 e CB2 s\u00e3o altamente antag\u00f4nicos ao 5F-MDMB-2201.<\/p>\n<p>Nome metab\u00f3lico: Metil 2-metil-1H-indol-3-carboxamido-dimetilbutanoato.<\/p>\n<p>Como um medicamento de designer e ingrediente ativo em misturas sint\u00e9ticas de cannabis, o MMB-2201 \u00e9 um canabin\u00f3ide sint\u00e9tico \u00e0 base de indol-3-carboxamida.<\/p>\n<p>889493-21-2 N\u00famero CAS<\/p>\n<p>C21H29FN2O3 \u00e9 a f\u00f3rmula qu\u00edmica .<\/p>\n<p>Pureza m\u00ednima de 99,7 por cento<\/p>\n<p>376,49 \u00e9 o peso molecular<\/p>\n<p>Cristais e p\u00f3<\/p>\n","protected":false},"excerpt":{"rendered":"<p>Compre o p\u00f3 MMB-2201 \u00e0 venda no Reino Unido, Europa, AU. oferecemos a transa\u00e7\u00e3o mais confi\u00e1vel e vendemos a pre\u00e7os muito acess\u00edveis. Encomende j\u00e1 o MMB-2201 Powder aos melhores pre\u00e7os<\/p>\n<p>Compre online o MMB-2201 Powder Pure Online. O p\u00f3 MMB-2201 tamb\u00e9m \u00e9: 5F-MMB-PICA, 5F-AMB-PICA ou I-AMB.<\/p>\n<p>5CAKB48 MMB022,\u00a0<em>MPHP2201<\/em>\u00a0alta pureza e amarelo\u00a0<em>p\u00f3<\/em>\u00a0on-line &#8230; <em>Mmbfub<\/em>,\u00a0<em>Mphp2201<\/em>, 5f-mdmb-<em>2201<\/em>, 5feapb\/5feapb, Mmb022, 4-cdc, Fub144,\u00a0<em>Fub2201<\/em>.<\/p>\n<p><em>Compre<\/em>\u00a05F MDMB on-line &#8211; Voc\u00ea pode encomendar 5F-MDMB-<em>2201 p\u00f3<\/em>\u00a0a um pre\u00e7o barato de &#8230; 5F MDMB\u00a0<em>2201<\/em>\u00a0Crystals tamb\u00e9m \u00e9 conhecido como 5F-<em>MMB<\/em>-PICA, 5F-AMB-PICA e I-AMB.<\/p>\n<p>&nbsp;<\/p>\n","protected":false},"featured_media":5695,"comment_status":"open","ping_status":"closed","template":"","meta":[],"product_brand":[],"product_cat":[2596],"product_tag":[2600,2601,2608,2604,2614,2611,2603,2605,2606,2607,2609,2612,2613,2615,2616,2610,2619,2620,2602,2622,2621,2627,2625,2631,2628,2626,2629,3564,3563],"class_list":{"0":"post-5684","1":"product","2":"type-product","3":"status-publish","4":"has-post-thumbnail","6":"product_cat-canabinoides-a-venda","7":"product_tag-5f-mdmb-2201","8":"product_tag-5f-mdmb-2201-cannabinoids","9":"product_tag-5f-mdmb-2201-p-dosagem","10":"product_tag-5f-mdmb-2201-for-sale-online","11":"product_tag-5f-mdmb-2201-p-vendedor","12":"product_tag-5f-mdmb-2201-p-fornecedor","13":"product_tag-5f-mdmb-2201--venda","14":"product_tag-5f-mdmb-2201-p","15":"product_tag-5f-mdmb-2201-p-austrlia","16":"product_tag-5f-mdmb-2201-powder-canada","17":"product_tag-5f-mdmb-2201-p-venda","18":"product_tag-5f-mdmb-2201-powder-uk","19":"product_tag-5f-mdmb-2201-powder-usa","20":"product_tag-5f-mdmb-2201-reddit","21":"product_tag-5f-mdmb-2201-reviso","22":"product_tag-5f-mdmb-2201-powder-review","23":"product_tag-buy-5f-mdmb-2201","24":"product_tag-buy-5f-mdmb-2201-cannabinoids","25":"product_tag-5f-mdmb-2201-canabinides-para-venda","26":"product_tag-buy-5f-mdmb-2201-powder-online","27":"product_tag-buy-5f-mdmb-2201-online","28":"product_tag-pedido-5f-mdmb-2201-online","29":"product_tag-mail-5f-mdmb-2201","30":"product_tag-onde-comprar-5f-mdmb-2201","31":"product_tag-order-5f-mdmb-2201-powder","32":"product_tag-pedido-5f-mdmb-2201","33":"product_tag-pure-5f-mdmb-2201-powder","34":"product_tag-remove-term-5f-mdmb-2201-5f-mdmb-2201-p-para-venda","35":"product_tag-remove-term-5f-mdmb-2201-5f-mdmb-2201-efeito","37":"first","38":"instock","39":"shipping-taxable","40":"purchasable","41":"product-type-variable","42":"has-default-attributes"},"yoast_head":"<!-- This site is optimized with the Yoast SEO plugin v27.3 - https:\/\/yoast.com\/product\/yoast-seo-wordpress\/ -->\n<title>Comprar p\u00f3 de MMB-2201 - MMB-2201 \u00e0 venda - Melhores medicamentos globais<\/title>\n<meta name=\"description\" content=\"Compre o p\u00f3 MMB-2201 \u00e0 venda no Reino Unido, Europa, AU. oferecemos a transa\u00e7\u00e3o mais confi\u00e1vel e vendemos a pre\u00e7os muito acess\u00edveis. Encomende o P\u00f3 MMB-2201 agora aos melhores pre\u00e7os\" \/>\n<meta name=\"robots\" content=\"index, follow, max-snippet:-1, max-image-preview:large, max-video-preview:-1\" \/>\n<link rel=\"canonical\" href=\"https:\/\/medicinasinc.com\/pt\/product\/comprar-mmb-2201-po\/\" \/>\n<meta property=\"og:locale\" content=\"pt_PT\" \/>\n<meta property=\"og:type\" content=\"article\" \/>\n<meta property=\"og:title\" content=\"Comprar p\u00f3 de MMB-2201 - MMB-2201 \u00e0 venda - Melhores medicamentos globais\" \/>\n<meta property=\"og:description\" content=\"Compre o p\u00f3 MMB-2201 \u00e0 venda no Reino Unido, Europa, AU. oferecemos a transa\u00e7\u00e3o mais confi\u00e1vel e vendemos a pre\u00e7os muito acess\u00edveis. Encomende o P\u00f3 MMB-2201 agora aos melhores pre\u00e7os\" \/>\n<meta property=\"og:url\" content=\"https:\/\/medicinasinc.com\/pt\/product\/comprar-mmb-2201-po\/\" \/>\n<meta property=\"og:site_name\" content=\"Medicinas Inc\" \/>\n<meta property=\"article:modified_time\" content=\"2022-07-05T22:59:40+00:00\" \/>\n<meta property=\"og:image\" content=\"https:\/\/medicinasinc.com\/pt\/wp-content\/uploads\/sites\/20\/2022\/02\/Buy-MMB-2201-Powder.jpg\" \/>\n\t<meta property=\"og:image:width\" content=\"600\" \/>\n\t<meta property=\"og:image:height\" content=\"600\" \/>\n\t<meta property=\"og:image:type\" content=\"image\/jpeg\" \/>\n<meta name=\"twitter:card\" content=\"summary_large_image\" \/>\n<meta name=\"twitter:label1\" content=\"Tempo estimado de leitura\" \/>\n\t<meta name=\"twitter:data1\" content=\"2 minutos\" \/>\n<script type=\"application\/ld+json\" class=\"yoast-schema-graph\">{\"@context\":\"https:\\\/\\\/schema.org\",\"@graph\":[{\"@type\":\"WebPage\",\"@id\":\"https:\\\/\\\/medicinasinc.com\\\/pt\\\/product\\\/comprar-mmb-2201-po\\\/\",\"url\":\"https:\\\/\\\/medicinasinc.com\\\/pt\\\/product\\\/comprar-mmb-2201-po\\\/\",\"name\":\"Comprar p\u00f3 de MMB-2201 - MMB-2201 \u00e0 venda - Melhores medicamentos globais\",\"isPartOf\":{\"@id\":\"https:\\\/\\\/medicinasinc.com\\\/pt\\\/#website\"},\"primaryImageOfPage\":{\"@id\":\"https:\\\/\\\/medicinasinc.com\\\/pt\\\/product\\\/comprar-mmb-2201-po\\\/#primaryimage\"},\"image\":{\"@id\":\"https:\\\/\\\/medicinasinc.com\\\/pt\\\/product\\\/comprar-mmb-2201-po\\\/#primaryimage\"},\"thumbnailUrl\":\"https:\\\/\\\/medicinasinc.com\\\/pt\\\/wp-content\\\/uploads\\\/sites\\\/20\\\/2022\\\/02\\\/Buy-MMB-2201-Powder.jpg\",\"datePublished\":\"2022-02-22T04:10:18+00:00\",\"dateModified\":\"2022-07-05T22:59:40+00:00\",\"description\":\"Compre o p\u00f3 MMB-2201 \u00e0 venda no Reino Unido, Europa, AU. oferecemos a transa\u00e7\u00e3o mais confi\u00e1vel e vendemos a pre\u00e7os muito acess\u00edveis. Encomende o P\u00f3 MMB-2201 agora aos melhores pre\u00e7os\",\"breadcrumb\":{\"@id\":\"https:\\\/\\\/medicinasinc.com\\\/pt\\\/product\\\/comprar-mmb-2201-po\\\/#breadcrumb\"},\"inLanguage\":\"pt-PT\",\"potentialAction\":[{\"@type\":\"ReadAction\",\"target\":[\"https:\\\/\\\/medicinasinc.com\\\/pt\\\/product\\\/comprar-mmb-2201-po\\\/\"]}]},{\"@type\":\"ImageObject\",\"inLanguage\":\"pt-PT\",\"@id\":\"https:\\\/\\\/medicinasinc.com\\\/pt\\\/product\\\/comprar-mmb-2201-po\\\/#primaryimage\",\"url\":\"https:\\\/\\\/medicinasinc.com\\\/pt\\\/wp-content\\\/uploads\\\/sites\\\/20\\\/2022\\\/02\\\/Buy-MMB-2201-Powder.jpg\",\"contentUrl\":\"https:\\\/\\\/medicinasinc.com\\\/pt\\\/wp-content\\\/uploads\\\/sites\\\/20\\\/2022\\\/02\\\/Buy-MMB-2201-Powder.jpg\",\"width\":600,\"height\":600},{\"@type\":\"BreadcrumbList\",\"@id\":\"https:\\\/\\\/medicinasinc.com\\\/pt\\\/product\\\/comprar-mmb-2201-po\\\/#breadcrumb\",\"itemListElement\":[{\"@type\":\"ListItem\",\"position\":1,\"name\":\"Comprar\",\"item\":\"https:\\\/\\\/medicinasinc.com\\\/pt\\\/comprar\\\/\"},{\"@type\":\"ListItem\",\"position\":2,\"name\":\"Compre o p\u00f3 MMB-2201\"}]},{\"@type\":\"WebSite\",\"@id\":\"https:\\\/\\\/medicinasinc.com\\\/pt\\\/#website\",\"url\":\"https:\\\/\\\/medicinasinc.com\\\/pt\\\/\",\"name\":\"Medicinas Inc\",\"description\":\"Health Medical Clinic\",\"potentialAction\":[{\"@type\":\"SearchAction\",\"target\":{\"@type\":\"EntryPoint\",\"urlTemplate\":\"https:\\\/\\\/medicinasinc.com\\\/pt\\\/?s={search_term_string}\"},\"query-input\":{\"@type\":\"PropertyValueSpecification\",\"valueRequired\":true,\"valueName\":\"search_term_string\"}}],\"inLanguage\":\"pt-PT\"}]}<\/script>\n<!-- \/ Yoast SEO plugin. -->","yoast_head_json":{"title":"Comprar p\u00f3 de MMB-2201 - MMB-2201 \u00e0 venda - Melhores medicamentos globais","description":"Compre o p\u00f3 MMB-2201 \u00e0 venda no Reino Unido, Europa, AU. oferecemos a transa\u00e7\u00e3o mais confi\u00e1vel e vendemos a pre\u00e7os muito acess\u00edveis. Encomende o P\u00f3 MMB-2201 agora aos melhores pre\u00e7os","robots":{"index":"index","follow":"follow","max-snippet":"max-snippet:-1","max-image-preview":"max-image-preview:large","max-video-preview":"max-video-preview:-1"},"canonical":"https:\/\/medicinasinc.com\/pt\/product\/comprar-mmb-2201-po\/","og_locale":"pt_PT","og_type":"article","og_title":"Comprar p\u00f3 de MMB-2201 - MMB-2201 \u00e0 venda - Melhores medicamentos globais","og_description":"Compre o p\u00f3 MMB-2201 \u00e0 venda no Reino Unido, Europa, AU. oferecemos a transa\u00e7\u00e3o mais confi\u00e1vel e vendemos a pre\u00e7os muito acess\u00edveis. Encomende o P\u00f3 MMB-2201 agora aos melhores pre\u00e7os","og_url":"https:\/\/medicinasinc.com\/pt\/product\/comprar-mmb-2201-po\/","og_site_name":"Medicinas Inc","article_modified_time":"2022-07-05T22:59:40+00:00","og_image":[{"width":600,"height":600,"url":"https:\/\/medicinasinc.com\/pt\/wp-content\/uploads\/sites\/20\/2022\/02\/Buy-MMB-2201-Powder.jpg","type":"image\/jpeg"}],"twitter_card":"summary_large_image","twitter_misc":{"Tempo estimado de leitura":"2 minutos"},"schema":{"@context":"https:\/\/schema.org","@graph":[{"@type":"WebPage","@id":"https:\/\/medicinasinc.com\/pt\/product\/comprar-mmb-2201-po\/","url":"https:\/\/medicinasinc.com\/pt\/product\/comprar-mmb-2201-po\/","name":"Comprar p\u00f3 de MMB-2201 - MMB-2201 \u00e0 venda - Melhores medicamentos globais","isPartOf":{"@id":"https:\/\/medicinasinc.com\/pt\/#website"},"primaryImageOfPage":{"@id":"https:\/\/medicinasinc.com\/pt\/product\/comprar-mmb-2201-po\/#primaryimage"},"image":{"@id":"https:\/\/medicinasinc.com\/pt\/product\/comprar-mmb-2201-po\/#primaryimage"},"thumbnailUrl":"https:\/\/medicinasinc.com\/pt\/wp-content\/uploads\/sites\/20\/2022\/02\/Buy-MMB-2201-Powder.jpg","datePublished":"2022-02-22T04:10:18+00:00","dateModified":"2022-07-05T22:59:40+00:00","description":"Compre o p\u00f3 MMB-2201 \u00e0 venda no Reino Unido, Europa, AU. oferecemos a transa\u00e7\u00e3o mais confi\u00e1vel e vendemos a pre\u00e7os muito acess\u00edveis. Encomende o P\u00f3 MMB-2201 agora aos melhores pre\u00e7os","breadcrumb":{"@id":"https:\/\/medicinasinc.com\/pt\/product\/comprar-mmb-2201-po\/#breadcrumb"},"inLanguage":"pt-PT","potentialAction":[{"@type":"ReadAction","target":["https:\/\/medicinasinc.com\/pt\/product\/comprar-mmb-2201-po\/"]}]},{"@type":"ImageObject","inLanguage":"pt-PT","@id":"https:\/\/medicinasinc.com\/pt\/product\/comprar-mmb-2201-po\/#primaryimage","url":"https:\/\/medicinasinc.com\/pt\/wp-content\/uploads\/sites\/20\/2022\/02\/Buy-MMB-2201-Powder.jpg","contentUrl":"https:\/\/medicinasinc.com\/pt\/wp-content\/uploads\/sites\/20\/2022\/02\/Buy-MMB-2201-Powder.jpg","width":600,"height":600},{"@type":"BreadcrumbList","@id":"https:\/\/medicinasinc.com\/pt\/product\/comprar-mmb-2201-po\/#breadcrumb","itemListElement":[{"@type":"ListItem","position":1,"name":"Comprar","item":"https:\/\/medicinasinc.com\/pt\/comprar\/"},{"@type":"ListItem","position":2,"name":"Compre o p\u00f3 MMB-2201"}]},{"@type":"WebSite","@id":"https:\/\/medicinasinc.com\/pt\/#website","url":"https:\/\/medicinasinc.com\/pt\/","name":"Medicinas Inc","description":"Health Medical Clinic","potentialAction":[{"@type":"SearchAction","target":{"@type":"EntryPoint","urlTemplate":"https:\/\/medicinasinc.com\/pt\/?s={search_term_string}"},"query-input":{"@type":"PropertyValueSpecification","valueRequired":true,"valueName":"search_term_string"}}],"inLanguage":"pt-PT"}]}},"_links":{"self":[{"href":"https:\/\/medicinasinc.com\/pt\/wp-json\/wp\/v2\/product\/5684","targetHints":{"allow":["GET"]}}],"collection":[{"href":"https:\/\/medicinasinc.com\/pt\/wp-json\/wp\/v2\/product"}],"about":[{"href":"https:\/\/medicinasinc.com\/pt\/wp-json\/wp\/v2\/types\/product"}],"replies":[{"embeddable":true,"href":"https:\/\/medicinasinc.com\/pt\/wp-json\/wp\/v2\/comments?post=5684"}],"wp:featuredmedia":[{"embeddable":true,"href":"https:\/\/medicinasinc.com\/pt\/wp-json\/wp\/v2\/media\/5695"}],"wp:attachment":[{"href":"https:\/\/medicinasinc.com\/pt\/wp-json\/wp\/v2\/media?parent=5684"}],"wp:term":[{"taxonomy":"product_brand","embeddable":true,"href":"https:\/\/medicinasinc.com\/pt\/wp-json\/wp\/v2\/product_brand?post=5684"},{"taxonomy":"product_cat","embeddable":true,"href":"https:\/\/medicinasinc.com\/pt\/wp-json\/wp\/v2\/product_cat?post=5684"},{"taxonomy":"product_tag","embeddable":true,"href":"https:\/\/medicinasinc.com\/pt\/wp-json\/wp\/v2\/product_tag?post=5684"}],"curies":[{"name":"wp","href":"https:\/\/api.w.org\/{rel}","templated":true}]}}