{"id":5682,"date":"2022-02-22T04:07:27","date_gmt":"2022-02-22T04:07:27","guid":{"rendered":"https:\/\/medicinasinc.com\/pt\/?post_type=product&#038;p=5682"},"modified":"2022-07-05T23:00:00","modified_gmt":"2022-07-05T23:00:00","slug":"compre-no-bull-bath-sal","status":"publish","type":"product","link":"https:\/\/medicinasinc.com\/pt\/product\/compre-no-bull-bath-sal\/","title":{"rendered":"Compre sem sal de banho de touro"},"content":{"rendered":"<p>Abaste\u00e7a-se de sais de banho para aliviar o estresse<\/p>\n<p>Os sais de banho que n\u00e3o cont\u00eam touro est\u00e3o \u00e0 venda. Para garantir que voc\u00ea tenha um banho relaxante e sensual, fornecemos produtos de banho de alta qualidade, como sais de banho. Quando voc\u00ea compra sais de banho on-line conosco, pode ter certeza de que est\u00e1 obtendo o melhor produto poss\u00edvel. Outros concentrados de sais de banho est\u00e3o dispon\u00edveis para venda a custos razo\u00e1veis \u200b\u200batrav\u00e9s de nossas opera\u00e7\u00f5es de atacado e varejo.<\/p>\n<p>\u00c9 tudo sobre nossos produtos<\/p>\n<p>Um banho com sais de banho No-Bull vai deixar voc\u00ea revigorado , en\u00e9rgico e euf\u00f3rico. Um pouco modesto \u00e9 tudo o que \u00e9 necess\u00e1rio para ter um impacto significativo. Como alternativa, coloque uma pequena quantidade em seu banho quente e voc\u00ea se sentir\u00e1 rejuvenescido e em \u00eaxtase. Apesar disso, muitas pessoas o utilizam para imitar as verdadeiras fontes termais encontradas ao longo da costa grega. Tome nota: Nosso produto \u00e9 um potente sal de banho para medita\u00e7\u00e3o. No in\u00edcio, use apenas uma pequena quantidade para evitar que a \u00e1gua do banho fique muito turva. No entanto, se usado corretamente, os sais de banho No Bull podem ajud\u00e1-lo a conquistar alturas anteriormente intranspon\u00edveis.<\/p>\n<p>OUTRAS COISAS A TENTAR<br \/> Ivory Wave Recharge Sais de Banho 500mg, White Girl 500mg Sais de Banho Concentrados, Tranquility Concentrated Bath Sais de banho 500mg e sais de banho com classifica\u00e7\u00e3o X 500mg s\u00e3o alguns dos sais de banho que carregamos.<br \/> Sais de banho concentrado marfim suave 500mg<br \/> Sais de banho 50mg Blue Wave<br \/> Pure Bath Salt &#8211; Blue Silk, 500 mg <br \/> 500mg de sais de banho bolivianos<br \/> Rave On Bath Salt Tranquility 500mg de sais de banho concentrados de G Pheonix.<br \/> 500 miligramas de oito sais de banho Ballz.<br \/> SAIS DE TOILET, 1 GRAM, HOLLYWOOD<br \/> Diamond Dust \u2013 500 miligramas<br \/> 500 miligramas de Drone V Fun Powder<br \/> Novidade em p\u00f3 Black Diamond por Black Diamond<br \/> Novidade em p\u00f3 pump-it em p\u00f3 500mg Eight Ballz<br \/> 500mg of White Sais de Banho Rush.<br \/> 400g de Sais de Banho Puros Ivory Wave Ultra<br \/> Sais da Onda 500mg Ivory<br \/> 500mg de Lady Bubbles Sais de Banho.<br \/> 50 0mg de Sais de Banho Cloud 9<br \/> P\u00f3 500mg Heavenly Soak &#8211; Euphoric &#8211; Novidade<br \/> Energy &#8211; Novelty Powder 500mg de Heavenly Soak<br \/> The Sky &#8211; Novelty Powder &#8211; 500 mg<br \/> Novelty Powder 500mg, Mistura de Molly<\/p>\n","protected":false},"excerpt":{"rendered":"<p>Sal de banho concentrado de alta qualidade.<\/p>\n<p>100% legal em todo o mundo<\/p>\n<p><em>Compre<\/em>\u00a0White Girl\u00a0<em>sais de banho<\/em>\u00a0de fornecedor aprovado . Pureza de alto n\u00edvel, pre\u00e7os justos, entrega r\u00e1pida garantida, pol\u00edtica de reembolso\/devolu\u00e7\u00e3o, \u00f3timo atendimento ao cliente.<\/p>\n<p>Voc\u00ea est\u00e1 pagando demais por\u00a0<em>n\u00e3o<\/em>&#8211;<em>sais de banho de touro<\/em>\u00a0on-line? <em>N\u00e3o compre<\/em>&#8211;<em>sais de banho de touro<\/em> online na Best Global Meds. Conhe\u00e7a <em>saiba<\/em>\u00a0sobre\u00a0<em>n\u00e3o<\/em>&#8211;<em>sais de banho de touro<\/em>\u00a0para pre\u00e7os de venda.<\/p>\n<p><em>Compre No Bull Sal de banho<\/em>\u00a0On-line com o melhor pre\u00e7o. Garantimos o envio seguro para todo o mundo.<\/p>\n","protected":false},"featured_media":5693,"comment_status":"open","ping_status":"closed","template":"","meta":[],"product_brand":[],"product_cat":[2014],"product_tag":[3549,3550,3548,3561,3551,3555,3556,3557,3558,3562,3559,3560,3552,3554,3553],"class_list":{"0":"post-5682","1":"product","2":"type-product","3":"status-publish","4":"has-post-thumbnail","6":"product_cat-compre-produtos-quimicos-de-pesquisa","7":"product_tag-buy-no-bull-powder-cleaner-1000mg-bath-salt-online","8":"product_tag-buy-no-bull-bath-salts-online","9":"product_tag-compre-no-touro-banho-sal","10":"product_tag-ordem-no-bull-bath-salts-online","11":"product_tag-sem-touro-banho-sal-comprar","12":"product_tag-no-bull-bath-salt-reddit","13":"product_tag-no-bull-bath-salt-sales","14":"product_tag-no-bull-powder-cleaner-1000mg-bath-salt","15":"product_tag-no-bull-powder-cleaner-1000mg-bath-salt-online","16":"product_tag-onde-comprar-sais-de-banho-sem-touro","17":"product_tag-sais-de-banho-sem-touro","18":"product_tag-sais-de-banho-sem-touro-para-venda","19":"product_tag-efeito-sem-sal-de-banho-de-touro","20":"product_tag-sem-touro-banho-sal-ordem","21":"product_tag-no-bull-bath-sal-google","23":"first","24":"instock","25":"shipping-taxable","26":"purchasable","27":"product-type-variable","28":"has-default-attributes"},"yoast_head":"<!-- This site is optimized with the Yoast SEO plugin v27.3 - https:\/\/yoast.com\/product\/yoast-seo-wordpress\/ -->\n<title>Compre No Bull Bath Salt - No Bull Bath Salt Online - Melhores Medicamentos Globais<\/title>\n<meta name=\"description\" content=\"Compre No Bull Bath Salt para venda no Reino Unido, Europa, AU. oferecemos a transa\u00e7\u00e3o mais confi\u00e1vel e vendemos a pre\u00e7os muito acess\u00edveis. Encomende agora o sal de banho No Bull aos melhores pre\u00e7os\" \/>\n<meta name=\"robots\" content=\"index, follow, max-snippet:-1, max-image-preview:large, max-video-preview:-1\" \/>\n<link rel=\"canonical\" href=\"https:\/\/medicinasinc.com\/pt\/product\/compre-no-bull-bath-sal\/\" \/>\n<meta property=\"og:locale\" content=\"pt_PT\" \/>\n<meta property=\"og:type\" content=\"article\" \/>\n<meta property=\"og:title\" content=\"Compre No Bull Bath Salt - No Bull Bath Salt Online - Melhores Medicamentos Globais\" \/>\n<meta property=\"og:description\" content=\"Compre No Bull Bath Salt para venda no Reino Unido, Europa, AU. oferecemos a transa\u00e7\u00e3o mais confi\u00e1vel e vendemos a pre\u00e7os muito acess\u00edveis. Encomende agora o sal de banho No Bull aos melhores pre\u00e7os\" \/>\n<meta property=\"og:url\" content=\"https:\/\/medicinasinc.com\/pt\/product\/compre-no-bull-bath-sal\/\" \/>\n<meta property=\"og:site_name\" content=\"Medicinas Inc\" \/>\n<meta property=\"article:modified_time\" content=\"2022-07-05T23:00:00+00:00\" \/>\n<meta property=\"og:image\" content=\"https:\/\/medicinasinc.com\/pt\/wp-content\/uploads\/sites\/20\/2022\/02\/Buy-No-Bull-Bath-Salt.jpg\" \/>\n\t<meta property=\"og:image:width\" content=\"600\" \/>\n\t<meta property=\"og:image:height\" content=\"600\" \/>\n\t<meta property=\"og:image:type\" content=\"image\/jpeg\" \/>\n<meta name=\"twitter:card\" content=\"summary_large_image\" \/>\n<meta name=\"twitter:label1\" content=\"Tempo estimado de leitura\" \/>\n\t<meta name=\"twitter:data1\" content=\"2 minutos\" \/>\n<script type=\"application\/ld+json\" class=\"yoast-schema-graph\">{\"@context\":\"https:\\\/\\\/schema.org\",\"@graph\":[{\"@type\":\"WebPage\",\"@id\":\"https:\\\/\\\/medicinasinc.com\\\/pt\\\/product\\\/compre-no-bull-bath-sal\\\/\",\"url\":\"https:\\\/\\\/medicinasinc.com\\\/pt\\\/product\\\/compre-no-bull-bath-sal\\\/\",\"name\":\"Compre No Bull Bath Salt - No Bull Bath Salt Online - Melhores Medicamentos Globais\",\"isPartOf\":{\"@id\":\"https:\\\/\\\/medicinasinc.com\\\/pt\\\/#website\"},\"primaryImageOfPage\":{\"@id\":\"https:\\\/\\\/medicinasinc.com\\\/pt\\\/product\\\/compre-no-bull-bath-sal\\\/#primaryimage\"},\"image\":{\"@id\":\"https:\\\/\\\/medicinasinc.com\\\/pt\\\/product\\\/compre-no-bull-bath-sal\\\/#primaryimage\"},\"thumbnailUrl\":\"https:\\\/\\\/medicinasinc.com\\\/pt\\\/wp-content\\\/uploads\\\/sites\\\/20\\\/2022\\\/02\\\/Buy-No-Bull-Bath-Salt.jpg\",\"datePublished\":\"2022-02-22T04:07:27+00:00\",\"dateModified\":\"2022-07-05T23:00:00+00:00\",\"description\":\"Compre No Bull Bath Salt para venda no Reino Unido, Europa, AU. oferecemos a transa\u00e7\u00e3o mais confi\u00e1vel e vendemos a pre\u00e7os muito acess\u00edveis. Encomende agora o sal de banho No Bull aos melhores pre\u00e7os\",\"breadcrumb\":{\"@id\":\"https:\\\/\\\/medicinasinc.com\\\/pt\\\/product\\\/compre-no-bull-bath-sal\\\/#breadcrumb\"},\"inLanguage\":\"pt-PT\",\"potentialAction\":[{\"@type\":\"ReadAction\",\"target\":[\"https:\\\/\\\/medicinasinc.com\\\/pt\\\/product\\\/compre-no-bull-bath-sal\\\/\"]}]},{\"@type\":\"ImageObject\",\"inLanguage\":\"pt-PT\",\"@id\":\"https:\\\/\\\/medicinasinc.com\\\/pt\\\/product\\\/compre-no-bull-bath-sal\\\/#primaryimage\",\"url\":\"https:\\\/\\\/medicinasinc.com\\\/pt\\\/wp-content\\\/uploads\\\/sites\\\/20\\\/2022\\\/02\\\/Buy-No-Bull-Bath-Salt.jpg\",\"contentUrl\":\"https:\\\/\\\/medicinasinc.com\\\/pt\\\/wp-content\\\/uploads\\\/sites\\\/20\\\/2022\\\/02\\\/Buy-No-Bull-Bath-Salt.jpg\",\"width\":600,\"height\":600},{\"@type\":\"BreadcrumbList\",\"@id\":\"https:\\\/\\\/medicinasinc.com\\\/pt\\\/product\\\/compre-no-bull-bath-sal\\\/#breadcrumb\",\"itemListElement\":[{\"@type\":\"ListItem\",\"position\":1,\"name\":\"Comprar\",\"item\":\"https:\\\/\\\/medicinasinc.com\\\/pt\\\/comprar\\\/\"},{\"@type\":\"ListItem\",\"position\":2,\"name\":\"Compre sem sal de banho de touro\"}]},{\"@type\":\"WebSite\",\"@id\":\"https:\\\/\\\/medicinasinc.com\\\/pt\\\/#website\",\"url\":\"https:\\\/\\\/medicinasinc.com\\\/pt\\\/\",\"name\":\"Medicinas Inc\",\"description\":\"Health Medical Clinic\",\"potentialAction\":[{\"@type\":\"SearchAction\",\"target\":{\"@type\":\"EntryPoint\",\"urlTemplate\":\"https:\\\/\\\/medicinasinc.com\\\/pt\\\/?s={search_term_string}\"},\"query-input\":{\"@type\":\"PropertyValueSpecification\",\"valueRequired\":true,\"valueName\":\"search_term_string\"}}],\"inLanguage\":\"pt-PT\"}]}<\/script>\n<!-- \/ Yoast SEO plugin. -->","yoast_head_json":{"title":"Compre No Bull Bath Salt - No Bull Bath Salt Online - Melhores Medicamentos Globais","description":"Compre No Bull Bath Salt para venda no Reino Unido, Europa, AU. oferecemos a transa\u00e7\u00e3o mais confi\u00e1vel e vendemos a pre\u00e7os muito acess\u00edveis. Encomende agora o sal de banho No Bull aos melhores pre\u00e7os","robots":{"index":"index","follow":"follow","max-snippet":"max-snippet:-1","max-image-preview":"max-image-preview:large","max-video-preview":"max-video-preview:-1"},"canonical":"https:\/\/medicinasinc.com\/pt\/product\/compre-no-bull-bath-sal\/","og_locale":"pt_PT","og_type":"article","og_title":"Compre No Bull Bath Salt - No Bull Bath Salt Online - Melhores Medicamentos Globais","og_description":"Compre No Bull Bath Salt para venda no Reino Unido, Europa, AU. oferecemos a transa\u00e7\u00e3o mais confi\u00e1vel e vendemos a pre\u00e7os muito acess\u00edveis. Encomende agora o sal de banho No Bull aos melhores pre\u00e7os","og_url":"https:\/\/medicinasinc.com\/pt\/product\/compre-no-bull-bath-sal\/","og_site_name":"Medicinas Inc","article_modified_time":"2022-07-05T23:00:00+00:00","og_image":[{"width":600,"height":600,"url":"https:\/\/medicinasinc.com\/pt\/wp-content\/uploads\/sites\/20\/2022\/02\/Buy-No-Bull-Bath-Salt.jpg","type":"image\/jpeg"}],"twitter_card":"summary_large_image","twitter_misc":{"Tempo estimado de leitura":"2 minutos"},"schema":{"@context":"https:\/\/schema.org","@graph":[{"@type":"WebPage","@id":"https:\/\/medicinasinc.com\/pt\/product\/compre-no-bull-bath-sal\/","url":"https:\/\/medicinasinc.com\/pt\/product\/compre-no-bull-bath-sal\/","name":"Compre No Bull Bath Salt - No Bull Bath Salt Online - Melhores Medicamentos Globais","isPartOf":{"@id":"https:\/\/medicinasinc.com\/pt\/#website"},"primaryImageOfPage":{"@id":"https:\/\/medicinasinc.com\/pt\/product\/compre-no-bull-bath-sal\/#primaryimage"},"image":{"@id":"https:\/\/medicinasinc.com\/pt\/product\/compre-no-bull-bath-sal\/#primaryimage"},"thumbnailUrl":"https:\/\/medicinasinc.com\/pt\/wp-content\/uploads\/sites\/20\/2022\/02\/Buy-No-Bull-Bath-Salt.jpg","datePublished":"2022-02-22T04:07:27+00:00","dateModified":"2022-07-05T23:00:00+00:00","description":"Compre No Bull Bath Salt para venda no Reino Unido, Europa, AU. oferecemos a transa\u00e7\u00e3o mais confi\u00e1vel e vendemos a pre\u00e7os muito acess\u00edveis. Encomende agora o sal de banho No Bull aos melhores pre\u00e7os","breadcrumb":{"@id":"https:\/\/medicinasinc.com\/pt\/product\/compre-no-bull-bath-sal\/#breadcrumb"},"inLanguage":"pt-PT","potentialAction":[{"@type":"ReadAction","target":["https:\/\/medicinasinc.com\/pt\/product\/compre-no-bull-bath-sal\/"]}]},{"@type":"ImageObject","inLanguage":"pt-PT","@id":"https:\/\/medicinasinc.com\/pt\/product\/compre-no-bull-bath-sal\/#primaryimage","url":"https:\/\/medicinasinc.com\/pt\/wp-content\/uploads\/sites\/20\/2022\/02\/Buy-No-Bull-Bath-Salt.jpg","contentUrl":"https:\/\/medicinasinc.com\/pt\/wp-content\/uploads\/sites\/20\/2022\/02\/Buy-No-Bull-Bath-Salt.jpg","width":600,"height":600},{"@type":"BreadcrumbList","@id":"https:\/\/medicinasinc.com\/pt\/product\/compre-no-bull-bath-sal\/#breadcrumb","itemListElement":[{"@type":"ListItem","position":1,"name":"Comprar","item":"https:\/\/medicinasinc.com\/pt\/comprar\/"},{"@type":"ListItem","position":2,"name":"Compre sem sal de banho de touro"}]},{"@type":"WebSite","@id":"https:\/\/medicinasinc.com\/pt\/#website","url":"https:\/\/medicinasinc.com\/pt\/","name":"Medicinas Inc","description":"Health Medical Clinic","potentialAction":[{"@type":"SearchAction","target":{"@type":"EntryPoint","urlTemplate":"https:\/\/medicinasinc.com\/pt\/?s={search_term_string}"},"query-input":{"@type":"PropertyValueSpecification","valueRequired":true,"valueName":"search_term_string"}}],"inLanguage":"pt-PT"}]}},"_links":{"self":[{"href":"https:\/\/medicinasinc.com\/pt\/wp-json\/wp\/v2\/product\/5682","targetHints":{"allow":["GET"]}}],"collection":[{"href":"https:\/\/medicinasinc.com\/pt\/wp-json\/wp\/v2\/product"}],"about":[{"href":"https:\/\/medicinasinc.com\/pt\/wp-json\/wp\/v2\/types\/product"}],"replies":[{"embeddable":true,"href":"https:\/\/medicinasinc.com\/pt\/wp-json\/wp\/v2\/comments?post=5682"}],"wp:featuredmedia":[{"embeddable":true,"href":"https:\/\/medicinasinc.com\/pt\/wp-json\/wp\/v2\/media\/5693"}],"wp:attachment":[{"href":"https:\/\/medicinasinc.com\/pt\/wp-json\/wp\/v2\/media?parent=5682"}],"wp:term":[{"taxonomy":"product_brand","embeddable":true,"href":"https:\/\/medicinasinc.com\/pt\/wp-json\/wp\/v2\/product_brand?post=5682"},{"taxonomy":"product_cat","embeddable":true,"href":"https:\/\/medicinasinc.com\/pt\/wp-json\/wp\/v2\/product_cat?post=5682"},{"taxonomy":"product_tag","embeddable":true,"href":"https:\/\/medicinasinc.com\/pt\/wp-json\/wp\/v2\/product_tag?post=5682"}],"curies":[{"name":"wp","href":"https:\/\/api.w.org\/{rel}","templated":true}]}}