{"id":5677,"date":"2022-02-22T04:00:21","date_gmt":"2022-02-22T04:00:21","guid":{"rendered":"https:\/\/medicinasinc.com\/pt\/?post_type=product&#038;p=5677"},"modified":"2022-07-05T23:00:14","modified_gmt":"2022-07-05T23:00:14","slug":"comprar-metoxetamina","status":"publish","type":"product","link":"https:\/\/medicinasinc.com\/pt\/product\/comprar-metoxetamina\/","title":{"rendered":"Compre Metoxetamina"},"content":{"rendered":"<p>Methoxetamine MXE \u00e0 venda na Internet<\/p>\n<p>Voc\u00ea sabe o que \u00e9?<\/p>\n<p>Alucin\u00f3geno dissociativo Methoxetamine MXE Online, abreviado como MXE, foi vendido como uma droga de design. Dissociativos como a cetamina e a fenciclidina (PCP), destinados ao uso m\u00e9dico como anest\u00e9sico, foram criados para o mercado farmac\u00eautico. \u00c9 poss\u00edvel comprar metoxetamina online ou de fornecedores locais. \u00c0 venda est\u00e1 a Methoxetamine MXE em p\u00f3, que pode ser comprada por um pre\u00e7o baixo ou comprada a granel por um custo mais alto.<\/p>\n<p>Methoxetamine (MXE), um alucin\u00f3geno e anest\u00e9sico que atua como antagonista no receptor NMDA , est\u00e1 relacionado ao medicamento veterin\u00e1rio cetamina. Os efeitos da metoxetamina s\u00e3o considerados mais fortes e duradouros do que os da cetamina, tornando-a uma op\u00e7\u00e3o ideal para estudantes que realizam pesquisas sobre essa subst\u00e2ncia. A metoxetamina est\u00e1 dispon\u00edvel na BAC exclusivamente para fins de pesquisa. MXE Methoxetamine Online Sem Prescri\u00e7\u00e3o<\/p>\n<p>Methoxetamine \u00e9 uma droga popular, e muitas pessoas est\u00e3o procurando maneiras de colocar as m\u00e3os nela sem sair de casa. Como resultado, eles exigem op\u00e7\u00f5es de pagamento e entrega o mais simples poss\u00edvel. No entanto, eles est\u00e3o principalmente preocupados em n\u00e3o serem detectados. No entanto, voc\u00ea pode comprar metoxetamina anonimamente e com seguran\u00e7a aqui enviando dinheiro por cart\u00e3o de cr\u00e9dito. Enviar dinheiro usando Western Union ou Money Gram \u00e9 uma maneira simples de fazer isso. Podemos, no entanto, querer olhar para a discri\u00e7\u00e3o. Como resultado, acreditamos que o Bitcoin \u00e9 o meio de pagamento ideal. V\u00e1 em frente e fa\u00e7a seu pedido agora e envie-nos uma confirma\u00e7\u00e3o quando terminar.<\/p>\n<p>Metoxetamina MXE \u00e0 venda na Internet<\/p>\n<p>Como um fornecedor respeit\u00e1vel de produtos qu\u00edmicos e farmac\u00eauticos de pesquisa, nossa loja de produtos qu\u00edmicos foi enviada para quase todos os pa\u00edses do mundo. Para maior comodidade de nossos clientes, tamb\u00e9m aceitamos bitcoins e vales-presente. Listados abaixo est\u00e3o alguns dos nossos itens mais populares.<\/p>\n<p>MXE em p\u00f3 no mercado para venda<br \/> Compre 25 I-NBOMe online.<br \/> Cristais A-PVP podem ser adquiridos<br \/> Actavis prometazina com code\u00edna 32 oz est\u00e1 dispon\u00edvel para compra.<br \/> AB-PINACA pode ser comprado online.<br \/> Adderall online sem receita m\u00e9dica<br \/> Compre AK-B48<br \/> Compre anfetamina em p\u00f3.<br \/> Cristais de butilona para venda<\/p>\n","protected":false},"excerpt":{"rendered":"<p>Compre Methoxetamine MXE para venda no Reino Unido, Europa, AU. oferecemos a transa\u00e7\u00e3o mais confi\u00e1vel e vendemos a pre\u00e7os muito acess\u00edveis. Encomende Methoxetamine MXE agora aos melhores pre\u00e7os<\/p>\n<p>As pessoas podem comprar Methoxetamine MXE para venda no Reino Unido. As pessoas que compram conosco podem ter certeza de que receber\u00e3o o que pagaram. Methoxetamine MXE pode ser comprado agora com os melhores pre\u00e7os.<\/p>\n<p>Compre Methoxetamine Online, pe\u00e7a o melhor MXE 99% Pure Overnight Delivery e descubra onde voc\u00ea pode comprar Methoxetamine com cart\u00e3o de cr\u00e9dito. O pre\u00e7o MXE.<\/p>\n<p>Metoxetamina \u00e9 um medicamento usado para tratar a dor. Um alucin\u00f3geno chamado Methoxetamine MXE, ou MXE abreviado, foi vendido como uma &#8220;droga de grife.&#8221;<\/p>\n","protected":false},"featured_media":5687,"comment_status":"open","ping_status":"closed","template":"","meta":[],"product_brand":[],"product_cat":[2014],"product_tag":[3283,3526,3527,3528,3532,3545,3525,3536,3531,3530,3529,3538,3544,3539,3524,3533,3534,3540,3535,3537,3542,3541,3543,3547,3546],"class_list":{"0":"post-5677","1":"product","2":"type-product","3":"status-publish","4":"has-post-thumbnail","6":"product_cat-compre-produtos-quimicos-de-pesquisa","7":"product_tag-best-place-to-buy-mxe","8":"product_tag-buy-methoxetamine-mxe-online","9":"product_tag-buy-methoxetamine-online","10":"product_tag-buy-mxe-1g","11":"product_tag-buy-research-chemicals-methoxetamine","12":"product_tag-compra-metoxetamina","13":"product_tag-comprar-metoxetamina","14":"product_tag-mxe-buy","15":"product_tag-buy-mxe-united-states","16":"product_tag-buy-mxe-research-chemical","17":"product_tag-compre-mxe-online","18":"product_tag-mxe-droga-para-venda","19":"product_tag-encomendar-metoxetamina-online","20":"product_tag-mxe-droga-info","21":"product_tag-melhor-mxe-vendor","22":"product_tag-methoxetamine-for-sale","23":"product_tag-methoxetamine-online","24":"product_tag-mxe-para-venda","25":"product_tag-mxe","26":"product_tag-mxe-buy-online","27":"product_tag-mxe-methoxetamine-erowid","28":"product_tag-mxe-metoxetamina","29":"product_tag-mxe-vendor","30":"product_tag-onde-comprar-mxe-online","31":"product_tag-onde-posso-comprar-mxe","33":"first","34":"instock","35":"shipping-taxable","36":"purchasable","37":"product-type-variable","38":"has-default-attributes"},"yoast_head":"<!-- This site is optimized with the Yoast SEO plugin v27.3 - https:\/\/yoast.com\/product\/yoast-seo-wordpress\/ -->\n<title>Compre Methoxetamine - Methoxetamine - Best Global Meds<\/title>\n<meta name=\"description\" content=\"Compre Methoxetamine MXE para venda no Reino Unido, Europa, AU. oferecemos a transa\u00e7\u00e3o mais confi\u00e1vel e vendemos a pre\u00e7os muito acess\u00edveis. Encomende Methoxetamine MXE agora aos melhores pre\u00e7os\" \/>\n<meta name=\"robots\" content=\"index, follow, max-snippet:-1, max-image-preview:large, max-video-preview:-1\" \/>\n<link rel=\"canonical\" href=\"https:\/\/medicinasinc.com\/pt\/product\/comprar-metoxetamina\/\" \/>\n<meta property=\"og:locale\" content=\"pt_PT\" \/>\n<meta property=\"og:type\" content=\"article\" \/>\n<meta property=\"og:title\" content=\"Compre Methoxetamine - Methoxetamine - Best Global Meds\" \/>\n<meta property=\"og:description\" content=\"Compre Methoxetamine MXE para venda no Reino Unido, Europa, AU. oferecemos a transa\u00e7\u00e3o mais confi\u00e1vel e vendemos a pre\u00e7os muito acess\u00edveis. Encomende Methoxetamine MXE agora aos melhores pre\u00e7os\" \/>\n<meta property=\"og:url\" content=\"https:\/\/medicinasinc.com\/pt\/product\/comprar-metoxetamina\/\" \/>\n<meta property=\"og:site_name\" content=\"Medicinas Inc\" \/>\n<meta property=\"article:modified_time\" content=\"2022-07-05T23:00:14+00:00\" \/>\n<meta property=\"og:image\" content=\"https:\/\/medicinasinc.com\/pt\/wp-content\/uploads\/sites\/20\/2022\/02\/Buy-Methoxetamine.webp\" \/>\n\t<meta property=\"og:image:width\" content=\"750\" \/>\n\t<meta property=\"og:image:height\" content=\"461\" \/>\n\t<meta property=\"og:image:type\" content=\"image\/webp\" \/>\n<meta name=\"twitter:card\" content=\"summary_large_image\" \/>\n<meta name=\"twitter:label1\" content=\"Tempo estimado de leitura\" \/>\n\t<meta name=\"twitter:data1\" content=\"2 minutos\" \/>\n<script type=\"application\/ld+json\" class=\"yoast-schema-graph\">{\"@context\":\"https:\\\/\\\/schema.org\",\"@graph\":[{\"@type\":\"WebPage\",\"@id\":\"https:\\\/\\\/medicinasinc.com\\\/pt\\\/product\\\/comprar-metoxetamina\\\/\",\"url\":\"https:\\\/\\\/medicinasinc.com\\\/pt\\\/product\\\/comprar-metoxetamina\\\/\",\"name\":\"Compre Methoxetamine - Methoxetamine - Best Global Meds\",\"isPartOf\":{\"@id\":\"https:\\\/\\\/medicinasinc.com\\\/pt\\\/#website\"},\"primaryImageOfPage\":{\"@id\":\"https:\\\/\\\/medicinasinc.com\\\/pt\\\/product\\\/comprar-metoxetamina\\\/#primaryimage\"},\"image\":{\"@id\":\"https:\\\/\\\/medicinasinc.com\\\/pt\\\/product\\\/comprar-metoxetamina\\\/#primaryimage\"},\"thumbnailUrl\":\"https:\\\/\\\/medicinasinc.com\\\/pt\\\/wp-content\\\/uploads\\\/sites\\\/20\\\/2022\\\/02\\\/Buy-Methoxetamine.webp\",\"datePublished\":\"2022-02-22T04:00:21+00:00\",\"dateModified\":\"2022-07-05T23:00:14+00:00\",\"description\":\"Compre Methoxetamine MXE para venda no Reino Unido, Europa, AU. oferecemos a transa\u00e7\u00e3o mais confi\u00e1vel e vendemos a pre\u00e7os muito acess\u00edveis. Encomende Methoxetamine MXE agora aos melhores pre\u00e7os\",\"breadcrumb\":{\"@id\":\"https:\\\/\\\/medicinasinc.com\\\/pt\\\/product\\\/comprar-metoxetamina\\\/#breadcrumb\"},\"inLanguage\":\"pt-PT\",\"potentialAction\":[{\"@type\":\"ReadAction\",\"target\":[\"https:\\\/\\\/medicinasinc.com\\\/pt\\\/product\\\/comprar-metoxetamina\\\/\"]}]},{\"@type\":\"ImageObject\",\"inLanguage\":\"pt-PT\",\"@id\":\"https:\\\/\\\/medicinasinc.com\\\/pt\\\/product\\\/comprar-metoxetamina\\\/#primaryimage\",\"url\":\"https:\\\/\\\/medicinasinc.com\\\/pt\\\/wp-content\\\/uploads\\\/sites\\\/20\\\/2022\\\/02\\\/Buy-Methoxetamine.webp\",\"contentUrl\":\"https:\\\/\\\/medicinasinc.com\\\/pt\\\/wp-content\\\/uploads\\\/sites\\\/20\\\/2022\\\/02\\\/Buy-Methoxetamine.webp\",\"width\":750,\"height\":461},{\"@type\":\"BreadcrumbList\",\"@id\":\"https:\\\/\\\/medicinasinc.com\\\/pt\\\/product\\\/comprar-metoxetamina\\\/#breadcrumb\",\"itemListElement\":[{\"@type\":\"ListItem\",\"position\":1,\"name\":\"Comprar\",\"item\":\"https:\\\/\\\/medicinasinc.com\\\/pt\\\/comprar\\\/\"},{\"@type\":\"ListItem\",\"position\":2,\"name\":\"Compre Metoxetamina\"}]},{\"@type\":\"WebSite\",\"@id\":\"https:\\\/\\\/medicinasinc.com\\\/pt\\\/#website\",\"url\":\"https:\\\/\\\/medicinasinc.com\\\/pt\\\/\",\"name\":\"Medicinas Inc\",\"description\":\"Health Medical Clinic\",\"potentialAction\":[{\"@type\":\"SearchAction\",\"target\":{\"@type\":\"EntryPoint\",\"urlTemplate\":\"https:\\\/\\\/medicinasinc.com\\\/pt\\\/?s={search_term_string}\"},\"query-input\":{\"@type\":\"PropertyValueSpecification\",\"valueRequired\":true,\"valueName\":\"search_term_string\"}}],\"inLanguage\":\"pt-PT\"}]}<\/script>\n<!-- \/ Yoast SEO plugin. -->","yoast_head_json":{"title":"Compre Methoxetamine - Methoxetamine - Best Global Meds","description":"Compre Methoxetamine MXE para venda no Reino Unido, Europa, AU. oferecemos a transa\u00e7\u00e3o mais confi\u00e1vel e vendemos a pre\u00e7os muito acess\u00edveis. Encomende Methoxetamine MXE agora aos melhores pre\u00e7os","robots":{"index":"index","follow":"follow","max-snippet":"max-snippet:-1","max-image-preview":"max-image-preview:large","max-video-preview":"max-video-preview:-1"},"canonical":"https:\/\/medicinasinc.com\/pt\/product\/comprar-metoxetamina\/","og_locale":"pt_PT","og_type":"article","og_title":"Compre Methoxetamine - Methoxetamine - Best Global Meds","og_description":"Compre Methoxetamine MXE para venda no Reino Unido, Europa, AU. oferecemos a transa\u00e7\u00e3o mais confi\u00e1vel e vendemos a pre\u00e7os muito acess\u00edveis. Encomende Methoxetamine MXE agora aos melhores pre\u00e7os","og_url":"https:\/\/medicinasinc.com\/pt\/product\/comprar-metoxetamina\/","og_site_name":"Medicinas Inc","article_modified_time":"2022-07-05T23:00:14+00:00","og_image":[{"width":750,"height":461,"url":"https:\/\/medicinasinc.com\/pt\/wp-content\/uploads\/sites\/20\/2022\/02\/Buy-Methoxetamine.webp","type":"image\/webp"}],"twitter_card":"summary_large_image","twitter_misc":{"Tempo estimado de leitura":"2 minutos"},"schema":{"@context":"https:\/\/schema.org","@graph":[{"@type":"WebPage","@id":"https:\/\/medicinasinc.com\/pt\/product\/comprar-metoxetamina\/","url":"https:\/\/medicinasinc.com\/pt\/product\/comprar-metoxetamina\/","name":"Compre Methoxetamine - Methoxetamine - Best Global Meds","isPartOf":{"@id":"https:\/\/medicinasinc.com\/pt\/#website"},"primaryImageOfPage":{"@id":"https:\/\/medicinasinc.com\/pt\/product\/comprar-metoxetamina\/#primaryimage"},"image":{"@id":"https:\/\/medicinasinc.com\/pt\/product\/comprar-metoxetamina\/#primaryimage"},"thumbnailUrl":"https:\/\/medicinasinc.com\/pt\/wp-content\/uploads\/sites\/20\/2022\/02\/Buy-Methoxetamine.webp","datePublished":"2022-02-22T04:00:21+00:00","dateModified":"2022-07-05T23:00:14+00:00","description":"Compre Methoxetamine MXE para venda no Reino Unido, Europa, AU. oferecemos a transa\u00e7\u00e3o mais confi\u00e1vel e vendemos a pre\u00e7os muito acess\u00edveis. Encomende Methoxetamine MXE agora aos melhores pre\u00e7os","breadcrumb":{"@id":"https:\/\/medicinasinc.com\/pt\/product\/comprar-metoxetamina\/#breadcrumb"},"inLanguage":"pt-PT","potentialAction":[{"@type":"ReadAction","target":["https:\/\/medicinasinc.com\/pt\/product\/comprar-metoxetamina\/"]}]},{"@type":"ImageObject","inLanguage":"pt-PT","@id":"https:\/\/medicinasinc.com\/pt\/product\/comprar-metoxetamina\/#primaryimage","url":"https:\/\/medicinasinc.com\/pt\/wp-content\/uploads\/sites\/20\/2022\/02\/Buy-Methoxetamine.webp","contentUrl":"https:\/\/medicinasinc.com\/pt\/wp-content\/uploads\/sites\/20\/2022\/02\/Buy-Methoxetamine.webp","width":750,"height":461},{"@type":"BreadcrumbList","@id":"https:\/\/medicinasinc.com\/pt\/product\/comprar-metoxetamina\/#breadcrumb","itemListElement":[{"@type":"ListItem","position":1,"name":"Comprar","item":"https:\/\/medicinasinc.com\/pt\/comprar\/"},{"@type":"ListItem","position":2,"name":"Compre Metoxetamina"}]},{"@type":"WebSite","@id":"https:\/\/medicinasinc.com\/pt\/#website","url":"https:\/\/medicinasinc.com\/pt\/","name":"Medicinas Inc","description":"Health Medical Clinic","potentialAction":[{"@type":"SearchAction","target":{"@type":"EntryPoint","urlTemplate":"https:\/\/medicinasinc.com\/pt\/?s={search_term_string}"},"query-input":{"@type":"PropertyValueSpecification","valueRequired":true,"valueName":"search_term_string"}}],"inLanguage":"pt-PT"}]}},"_links":{"self":[{"href":"https:\/\/medicinasinc.com\/pt\/wp-json\/wp\/v2\/product\/5677","targetHints":{"allow":["GET"]}}],"collection":[{"href":"https:\/\/medicinasinc.com\/pt\/wp-json\/wp\/v2\/product"}],"about":[{"href":"https:\/\/medicinasinc.com\/pt\/wp-json\/wp\/v2\/types\/product"}],"replies":[{"embeddable":true,"href":"https:\/\/medicinasinc.com\/pt\/wp-json\/wp\/v2\/comments?post=5677"}],"wp:featuredmedia":[{"embeddable":true,"href":"https:\/\/medicinasinc.com\/pt\/wp-json\/wp\/v2\/media\/5687"}],"wp:attachment":[{"href":"https:\/\/medicinasinc.com\/pt\/wp-json\/wp\/v2\/media?parent=5677"}],"wp:term":[{"taxonomy":"product_brand","embeddable":true,"href":"https:\/\/medicinasinc.com\/pt\/wp-json\/wp\/v2\/product_brand?post=5677"},{"taxonomy":"product_cat","embeddable":true,"href":"https:\/\/medicinasinc.com\/pt\/wp-json\/wp\/v2\/product_cat?post=5677"},{"taxonomy":"product_tag","embeddable":true,"href":"https:\/\/medicinasinc.com\/pt\/wp-json\/wp\/v2\/product_tag?post=5677"}],"curies":[{"name":"wp","href":"https:\/\/api.w.org\/{rel}","templated":true}]}}