{"id":5673,"date":"2022-02-22T03:54:58","date_gmt":"2022-02-22T03:54:58","guid":{"rendered":"https:\/\/medicinasinc.com\/pt\/?post_type=product&#038;p=5673"},"modified":"2022-07-05T23:00:28","modified_gmt":"2022-07-05T23:00:28","slug":"comprar-alprox-2mg-pilulas-xanax","status":"publish","type":"product","link":"https:\/\/medicinasinc.com\/pt\/product\/comprar-alprox-2mg-pilulas-xanax\/","title":{"rendered":"Compre comprimidos de Alprox 2mg (Xanax)"},"content":{"rendered":"<p>As pessoas que querem comprar 2mg XANAX barato online devem procur\u00e1-los. Encomende XANAX 2mg da Global Home Med por um pre\u00e7o baixo e receba na sua casa!<\/p>\n<p>Alprazolam pode ser comprado no Reino Unido, ent\u00e3o voc\u00ea pode fazer isso Uma marca de Xanax chamada Alprazolam tem 2mg do droga nele. \u00c9 mais poderoso no Reino Unido tomar o comprimido de 2 mg deste bom rem\u00e9dio para ansiedade.<\/p>\n<p>As pessoas que querem comprar Xanax podem compr\u00e1-lo online. Barras de Xanax \u00e0 venda \u2013 Compre xanax 2mg online \u2013 compre xanax 1mg online \u2013<\/p>\n<p>Xanax pode fazer voc\u00ea se sentir sonolento e calmo, fazendo voc\u00ea se sentir relaxado e \u00e0 vontade.<\/p>\n<p>Compre Xanax 2Mg em o Reino Unido. Encomende o Xanax Overnight de uma forma que fa\u00e7a sentido. Fussy Wilburn detona sua oferta de sublima\u00e7\u00e3o do Reddit Comprar Xanax Online.<\/p>\n<p>As pessoas podem comprar Xanax barato sem um atestado m\u00e9dico. Quando voc\u00ea compra zoloft online, voc\u00ea pode encontr\u00e1-lo nas melhores farm\u00e1cias online. Voc\u00ea tamb\u00e9m pode comprar barato xanax e phentermine online. Nesta foto, voc\u00ea pode ver barras gen\u00e9ricas de Xanax 2mg que se parecem com a coisa real.<\/p>\n<p>Para tratar transtornos de p\u00e2nico e ansiedade, comprar Xanax 2mg Alprazolam 0,5mg, 1mg ou 2mg Tablet \u00e9 usado. As pessoas que est\u00e3o com medo e estressadas podem ficar com muito medo e estressadas. \u00c9 melhor come\u00e7ar com uma pequena quantidade e depois aumentar gradualmente a quantidade. N\u00e3o pare de tomar este medicamento imediatamente, pois pode causar sintomas de abstin\u00eancia, como convuls\u00f5es, comportamento agressivo, vis\u00e3o turva e muito mais, como quando voc\u00ea para de tom\u00e1-lo.<\/p>\n<p>Tome o comprimido de Alprazolam 0,5 MG com ou sem comida, mas n\u00e3o coma nada antes de tom\u00e1-la. N\u00e3o tome mais do que o m\u00e9dico lhe disse. Se voc\u00ea tiver algum efeito colateral ruim, consulte seu m\u00e9dico. Certifique-se de conversar com seu m\u00e9dico antes de parar de tomar o medicamento, pois isso pode fazer voc\u00ea se sentir mal.<\/p>\n<p>Como funciona<br \/> Este medicamento se liga aos canais de cloreto e permite que os \u00edons de cloreto fluam Isso faz com que a membrana do neur\u00f4nio fique mais est\u00e1vel e hiperpolarizada, o que impede a c\u00e9lula de ficar mais excitada.<\/p>\n","protected":false},"excerpt":{"rendered":"<p>Compre Alprox xanax 2mg comprimidos \u00e0 venda no Reino Unido, Europa. comprar Alprox online, comprar xanax online, comprar online alprox, comprar xanax, Alprox 2mg, onde posso comprar alprox online.<\/p>\n<p>Online, voc\u00ea pode comprar Alprox 2mg comprimidos \u00e0 venda a um pre\u00e7o baixo (Xanax). Nesse caso, voc\u00ea pode obter o Alprox online. Voc\u00ea tamb\u00e9m pode obt\u00ea-lo on-line, comprar Alprox on-line, obter xanax on-line e descobrir onde obt\u00ea-lo.<\/p>\n<p>Voc\u00ea pode comprar Alprazolam Xanax 2 mg comprimidos em nossa loja global de medicamentos e obt\u00ea-los rapidamente para qualquer pa\u00eds do mundo! Aqui, voc\u00ea encontrar\u00e1 o melhor Alprazolam 2 MG Tablet que voc\u00ea pode comprar.<\/p>\n<p>Comprar Xanax 2 MG Tablet \u00e9 usado para tratar transtornos de p\u00e2nico e ansiedade, como medo extremo s\u00fabito e estresse causado pelo estresse. \u00c9 melhor come\u00e7ar com uma pequena quantidade e depois aumentar gradualmente a quantidade. N\u00e3o pare de tomar este medicamento imediatamente, porque pode causar sintomas de abstin\u00eancia, como convuls\u00f5es, comportamento agressivo, vis\u00e3o turva e muito mais, se voc\u00ea parar de tom\u00e1-lo muito rapidamente.<\/p>\n","protected":false},"featured_media":5683,"comment_status":"open","ping_status":"closed","template":"","meta":[],"product_brand":[],"product_cat":[1117],"product_tag":[1143,3523,3505,3506,1182,1168,3504,3503,3519,1188,3507,3502,1192,1194,3508,1189,3509,3510,3515,3514,3511,3512,3516,3517,3518,3513,3521,3520,3522],"class_list":{"0":"post-5673","1":"product","2":"type-product","3":"status-publish","4":"has-post-thumbnail","6":"product_cat-compre-pilulas-para-dor-sono-e-sexo","7":"product_tag-alprazolam-para-venda","8":"product_tag-xanax-bar-para-venda","9":"product_tag-buy-xanax-2mg","10":"product_tag-buy-xanax-online","11":"product_tag-como-comprar-alprazolam-online","12":"product_tag-comprar-alprazolam-online","13":"product_tag-comprar-xanax-2-mg-uk","14":"product_tag-comprar-xanax-2-mg","15":"product_tag-xanax-2mg-efeito","16":"product_tag-encomendar-alprazolam-online","17":"product_tag-ordem-xanax-2-mg-uk","18":"product_tag-best-shop-xanax-2-mg-uk","19":"product_tag-o-melhor-lugar-para-comprar-alprazolam-online","20":"product_tag-onde-comprar-alprazolam-online","21":"product_tag-onde-comprar-xanax-2-mg-uk","22":"product_tag-purchase-alprazolam-online","23":"product_tag-xanax-2-mg-efeito","24":"product_tag-xanax-2-mg-europe","25":"product_tag-xanax-2-mg-mulher-grvida","26":"product_tag-xanax-2-mg-online-uk","27":"product_tag-xanax-2-mg-para-venda","28":"product_tag-xanax-2-mg-para-venda-uk","29":"product_tag-xanax-2-mg-reddit","30":"product_tag-xanax-2-mg-uk","31":"product_tag-xanax-2mg-comprar","32":"product_tag-xanax-2-mg-google","33":"product_tag-xanax-2mg-order","34":"product_tag-xanax-2mg-para-venda","35":"product_tag-xanax-2mg-reddit","37":"first","38":"instock","39":"shipping-taxable","40":"purchasable","41":"product-type-variable","42":"has-default-attributes"},"yoast_head":"<!-- This site is optimized with the Yoast SEO plugin v27.3 - https:\/\/yoast.com\/product\/yoast-seo-wordpress\/ -->\n<title>Compre Alprox 2mg comprimidos (Xanax) - Xanax 2 mg - Melhores Medicamentos Globais<\/title>\n<meta name=\"description\" content=\"Compre Alprox xanax 2mg comprimidos \u00e0 venda no Reino Unido, Europa. comprar Alprox online, comprar xanax online, comprar online alprox, comprar xanax, encomendar Alprox 2mg, onde posso comprar alprox online.\" \/>\n<meta name=\"robots\" content=\"index, follow, max-snippet:-1, max-image-preview:large, max-video-preview:-1\" \/>\n<link rel=\"canonical\" href=\"https:\/\/medicinasinc.com\/pt\/product\/comprar-alprox-2mg-pilulas-xanax\/\" \/>\n<meta property=\"og:locale\" content=\"pt_PT\" \/>\n<meta property=\"og:type\" content=\"article\" \/>\n<meta property=\"og:title\" content=\"Compre Alprox 2mg comprimidos (Xanax) - Xanax 2 mg - Melhores Medicamentos Globais\" \/>\n<meta property=\"og:description\" content=\"Compre Alprox xanax 2mg comprimidos \u00e0 venda no Reino Unido, Europa. comprar Alprox online, comprar xanax online, comprar online alprox, comprar xanax, encomendar Alprox 2mg, onde posso comprar alprox online.\" \/>\n<meta property=\"og:url\" content=\"https:\/\/medicinasinc.com\/pt\/product\/comprar-alprox-2mg-pilulas-xanax\/\" \/>\n<meta property=\"og:site_name\" content=\"Medicinas Inc\" \/>\n<meta property=\"article:modified_time\" content=\"2022-07-05T23:00:28+00:00\" \/>\n<meta property=\"og:image\" content=\"https:\/\/medicinasinc.com\/pt\/wp-content\/uploads\/sites\/20\/2022\/02\/Buy-xanax-2-mg.jpg\" \/>\n\t<meta property=\"og:image:width\" content=\"400\" \/>\n\t<meta property=\"og:image:height\" content=\"350\" \/>\n\t<meta property=\"og:image:type\" content=\"image\/jpeg\" \/>\n<meta name=\"twitter:card\" content=\"summary_large_image\" \/>\n<meta name=\"twitter:label1\" content=\"Tempo estimado de leitura\" \/>\n\t<meta name=\"twitter:data1\" content=\"2 minutos\" \/>\n<script type=\"application\/ld+json\" class=\"yoast-schema-graph\">{\"@context\":\"https:\\\/\\\/schema.org\",\"@graph\":[{\"@type\":\"WebPage\",\"@id\":\"https:\\\/\\\/medicinasinc.com\\\/pt\\\/product\\\/comprar-alprox-2mg-pilulas-xanax\\\/\",\"url\":\"https:\\\/\\\/medicinasinc.com\\\/pt\\\/product\\\/comprar-alprox-2mg-pilulas-xanax\\\/\",\"name\":\"Compre Alprox 2mg comprimidos (Xanax) - Xanax 2 mg - Melhores Medicamentos Globais\",\"isPartOf\":{\"@id\":\"https:\\\/\\\/medicinasinc.com\\\/pt\\\/#website\"},\"primaryImageOfPage\":{\"@id\":\"https:\\\/\\\/medicinasinc.com\\\/pt\\\/product\\\/comprar-alprox-2mg-pilulas-xanax\\\/#primaryimage\"},\"image\":{\"@id\":\"https:\\\/\\\/medicinasinc.com\\\/pt\\\/product\\\/comprar-alprox-2mg-pilulas-xanax\\\/#primaryimage\"},\"thumbnailUrl\":\"https:\\\/\\\/medicinasinc.com\\\/pt\\\/wp-content\\\/uploads\\\/sites\\\/20\\\/2022\\\/02\\\/Buy-xanax-2-mg.jpg\",\"datePublished\":\"2022-02-22T03:54:58+00:00\",\"dateModified\":\"2022-07-05T23:00:28+00:00\",\"description\":\"Compre Alprox xanax 2mg comprimidos \u00e0 venda no Reino Unido, Europa. comprar Alprox online, comprar xanax online, comprar online alprox, comprar xanax, encomendar Alprox 2mg, onde posso comprar alprox online.\",\"breadcrumb\":{\"@id\":\"https:\\\/\\\/medicinasinc.com\\\/pt\\\/product\\\/comprar-alprox-2mg-pilulas-xanax\\\/#breadcrumb\"},\"inLanguage\":\"pt-PT\",\"potentialAction\":[{\"@type\":\"ReadAction\",\"target\":[\"https:\\\/\\\/medicinasinc.com\\\/pt\\\/product\\\/comprar-alprox-2mg-pilulas-xanax\\\/\"]}]},{\"@type\":\"ImageObject\",\"inLanguage\":\"pt-PT\",\"@id\":\"https:\\\/\\\/medicinasinc.com\\\/pt\\\/product\\\/comprar-alprox-2mg-pilulas-xanax\\\/#primaryimage\",\"url\":\"https:\\\/\\\/medicinasinc.com\\\/pt\\\/wp-content\\\/uploads\\\/sites\\\/20\\\/2022\\\/02\\\/Buy-xanax-2-mg.jpg\",\"contentUrl\":\"https:\\\/\\\/medicinasinc.com\\\/pt\\\/wp-content\\\/uploads\\\/sites\\\/20\\\/2022\\\/02\\\/Buy-xanax-2-mg.jpg\",\"width\":400,\"height\":350},{\"@type\":\"BreadcrumbList\",\"@id\":\"https:\\\/\\\/medicinasinc.com\\\/pt\\\/product\\\/comprar-alprox-2mg-pilulas-xanax\\\/#breadcrumb\",\"itemListElement\":[{\"@type\":\"ListItem\",\"position\":1,\"name\":\"Comprar\",\"item\":\"https:\\\/\\\/medicinasinc.com\\\/pt\\\/comprar\\\/\"},{\"@type\":\"ListItem\",\"position\":2,\"name\":\"Compre comprimidos de Alprox 2mg (Xanax)\"}]},{\"@type\":\"WebSite\",\"@id\":\"https:\\\/\\\/medicinasinc.com\\\/pt\\\/#website\",\"url\":\"https:\\\/\\\/medicinasinc.com\\\/pt\\\/\",\"name\":\"Medicinas Inc\",\"description\":\"Health Medical Clinic\",\"potentialAction\":[{\"@type\":\"SearchAction\",\"target\":{\"@type\":\"EntryPoint\",\"urlTemplate\":\"https:\\\/\\\/medicinasinc.com\\\/pt\\\/?s={search_term_string}\"},\"query-input\":{\"@type\":\"PropertyValueSpecification\",\"valueRequired\":true,\"valueName\":\"search_term_string\"}}],\"inLanguage\":\"pt-PT\"}]}<\/script>\n<!-- \/ Yoast SEO plugin. -->","yoast_head_json":{"title":"Compre Alprox 2mg comprimidos (Xanax) - Xanax 2 mg - Melhores Medicamentos Globais","description":"Compre Alprox xanax 2mg comprimidos \u00e0 venda no Reino Unido, Europa. comprar Alprox online, comprar xanax online, comprar online alprox, comprar xanax, encomendar Alprox 2mg, onde posso comprar alprox online.","robots":{"index":"index","follow":"follow","max-snippet":"max-snippet:-1","max-image-preview":"max-image-preview:large","max-video-preview":"max-video-preview:-1"},"canonical":"https:\/\/medicinasinc.com\/pt\/product\/comprar-alprox-2mg-pilulas-xanax\/","og_locale":"pt_PT","og_type":"article","og_title":"Compre Alprox 2mg comprimidos (Xanax) - Xanax 2 mg - Melhores Medicamentos Globais","og_description":"Compre Alprox xanax 2mg comprimidos \u00e0 venda no Reino Unido, Europa. comprar Alprox online, comprar xanax online, comprar online alprox, comprar xanax, encomendar Alprox 2mg, onde posso comprar alprox online.","og_url":"https:\/\/medicinasinc.com\/pt\/product\/comprar-alprox-2mg-pilulas-xanax\/","og_site_name":"Medicinas Inc","article_modified_time":"2022-07-05T23:00:28+00:00","og_image":[{"width":400,"height":350,"url":"https:\/\/medicinasinc.com\/pt\/wp-content\/uploads\/sites\/20\/2022\/02\/Buy-xanax-2-mg.jpg","type":"image\/jpeg"}],"twitter_card":"summary_large_image","twitter_misc":{"Tempo estimado de leitura":"2 minutos"},"schema":{"@context":"https:\/\/schema.org","@graph":[{"@type":"WebPage","@id":"https:\/\/medicinasinc.com\/pt\/product\/comprar-alprox-2mg-pilulas-xanax\/","url":"https:\/\/medicinasinc.com\/pt\/product\/comprar-alprox-2mg-pilulas-xanax\/","name":"Compre Alprox 2mg comprimidos (Xanax) - Xanax 2 mg - Melhores Medicamentos Globais","isPartOf":{"@id":"https:\/\/medicinasinc.com\/pt\/#website"},"primaryImageOfPage":{"@id":"https:\/\/medicinasinc.com\/pt\/product\/comprar-alprox-2mg-pilulas-xanax\/#primaryimage"},"image":{"@id":"https:\/\/medicinasinc.com\/pt\/product\/comprar-alprox-2mg-pilulas-xanax\/#primaryimage"},"thumbnailUrl":"https:\/\/medicinasinc.com\/pt\/wp-content\/uploads\/sites\/20\/2022\/02\/Buy-xanax-2-mg.jpg","datePublished":"2022-02-22T03:54:58+00:00","dateModified":"2022-07-05T23:00:28+00:00","description":"Compre Alprox xanax 2mg comprimidos \u00e0 venda no Reino Unido, Europa. comprar Alprox online, comprar xanax online, comprar online alprox, comprar xanax, encomendar Alprox 2mg, onde posso comprar alprox online.","breadcrumb":{"@id":"https:\/\/medicinasinc.com\/pt\/product\/comprar-alprox-2mg-pilulas-xanax\/#breadcrumb"},"inLanguage":"pt-PT","potentialAction":[{"@type":"ReadAction","target":["https:\/\/medicinasinc.com\/pt\/product\/comprar-alprox-2mg-pilulas-xanax\/"]}]},{"@type":"ImageObject","inLanguage":"pt-PT","@id":"https:\/\/medicinasinc.com\/pt\/product\/comprar-alprox-2mg-pilulas-xanax\/#primaryimage","url":"https:\/\/medicinasinc.com\/pt\/wp-content\/uploads\/sites\/20\/2022\/02\/Buy-xanax-2-mg.jpg","contentUrl":"https:\/\/medicinasinc.com\/pt\/wp-content\/uploads\/sites\/20\/2022\/02\/Buy-xanax-2-mg.jpg","width":400,"height":350},{"@type":"BreadcrumbList","@id":"https:\/\/medicinasinc.com\/pt\/product\/comprar-alprox-2mg-pilulas-xanax\/#breadcrumb","itemListElement":[{"@type":"ListItem","position":1,"name":"Comprar","item":"https:\/\/medicinasinc.com\/pt\/comprar\/"},{"@type":"ListItem","position":2,"name":"Compre comprimidos de Alprox 2mg (Xanax)"}]},{"@type":"WebSite","@id":"https:\/\/medicinasinc.com\/pt\/#website","url":"https:\/\/medicinasinc.com\/pt\/","name":"Medicinas Inc","description":"Health Medical Clinic","potentialAction":[{"@type":"SearchAction","target":{"@type":"EntryPoint","urlTemplate":"https:\/\/medicinasinc.com\/pt\/?s={search_term_string}"},"query-input":{"@type":"PropertyValueSpecification","valueRequired":true,"valueName":"search_term_string"}}],"inLanguage":"pt-PT"}]}},"_links":{"self":[{"href":"https:\/\/medicinasinc.com\/pt\/wp-json\/wp\/v2\/product\/5673","targetHints":{"allow":["GET"]}}],"collection":[{"href":"https:\/\/medicinasinc.com\/pt\/wp-json\/wp\/v2\/product"}],"about":[{"href":"https:\/\/medicinasinc.com\/pt\/wp-json\/wp\/v2\/types\/product"}],"replies":[{"embeddable":true,"href":"https:\/\/medicinasinc.com\/pt\/wp-json\/wp\/v2\/comments?post=5673"}],"wp:featuredmedia":[{"embeddable":true,"href":"https:\/\/medicinasinc.com\/pt\/wp-json\/wp\/v2\/media\/5683"}],"wp:attachment":[{"href":"https:\/\/medicinasinc.com\/pt\/wp-json\/wp\/v2\/media?parent=5673"}],"wp:term":[{"taxonomy":"product_brand","embeddable":true,"href":"https:\/\/medicinasinc.com\/pt\/wp-json\/wp\/v2\/product_brand?post=5673"},{"taxonomy":"product_cat","embeddable":true,"href":"https:\/\/medicinasinc.com\/pt\/wp-json\/wp\/v2\/product_cat?post=5673"},{"taxonomy":"product_tag","embeddable":true,"href":"https:\/\/medicinasinc.com\/pt\/wp-json\/wp\/v2\/product_tag?post=5673"}],"curies":[{"name":"wp","href":"https:\/\/api.w.org\/{rel}","templated":true}]}}