{"id":5667,"date":"2022-02-22T03:49:11","date_gmt":"2022-02-22T03:49:11","guid":{"rendered":"https:\/\/medicinasinc.com\/pt\/?post_type=product&#038;p=5667"},"modified":"2022-07-05T23:00:42","modified_gmt":"2022-07-05T23:00:42","slug":"comprar-rock-on-bath-sal","status":"publish","type":"product","link":"https:\/\/medicinasinc.com\/pt\/product\/comprar-rock-on-bath-sal\/","title":{"rendered":"Compre Rock On Bath Salt"},"content":{"rendered":"<p><strong>Nesse caso, voc\u00ea pode comprar Rock On Bath Salt na web.<\/strong><\/p>\n<p>Compre Rock On Bath Salt \u00e0 venda no Reino Unido, Europa e AU por um bom pre\u00e7o pre\u00e7o. As pessoas que compram conosco podem ter certeza de que receber\u00e3o o que pagaram. Este Rock On Bath Salt est\u00e1 agora com os melhores pre\u00e7os.<\/p>\n","protected":false},"excerpt":{"rendered":"<div class=\"woocommerce-product-details__short-description\">\n<p><strong>O pre\u00e7o do produto \u00e9 de 10 gramas<\/strong><\/p>\n<p>Compre Rock On Bath Salt \u00e0 venda no Reino Unido, Europa, AU. oferecemos a transa\u00e7\u00e3o mais confi\u00e1vel e vendemos a pre\u00e7os muito acess\u00edveis. Rock On Bath Salt agora aos melhores pre\u00e7os<\/p>\n<\/p><\/div>\n","protected":false},"featured_media":5676,"comment_status":"open","ping_status":"closed","template":"","meta":[],"product_brand":[],"product_cat":[2014],"product_tag":[3433,3437,3438,3439,3440,3441,3443,3444,3445,3446,3447,3456,3458,3467,3471,3455,3097,3452,3451,3457,3488,3449,3450,3448,3454,3501,3453,3466,3434,3483,3484,3486,3487,3485,3475,3476,3478,3494,3489,3482,3496,3474,3497,3499,3498,3479,3473,3095,3470,3472,3495,3083,3481,3480,3477,3165,3442,3436,3435,3469,3468],"class_list":{"0":"post-5667","1":"product","2":"type-product","3":"status-publish","4":"has-post-thumbnail","6":"product_cat-compre-produtos-quimicos-de-pesquisa","7":"product_tag-bath-salts-drug","8":"product_tag-bath-salts-for-sale-online-with-credit-card","9":"product_tag-bath-salts-online-store","10":"product_tag-bath-salts-sales-online","11":"product_tag-bathsalts","12":"product_tag-best-bath-salts","13":"product_tag-buy-amped-novelty-powder-500mg","14":"product_tag-buy-bath-salts-cod","15":"product_tag-buy-bath-salts-drug-online","16":"product_tag-buy-bath-salts-online","17":"product_tag-buy-bath-salts-online-legal","18":"product_tag-buy-k2-bath-salts-online","19":"product_tag-buy-pump-it-bath-salt-1000mg","20":"product_tag-buy-synthetic-bath-salts-online","21":"product_tag-cloud-9-bath-salt","22":"product_tag-comprar-marfim-onda-para-venda-online","23":"product_tag-comprar-sais-de-banho","24":"product_tag-comprar-sais-de-banho-barato-pedir-sais-de-banho-droga-online","25":"product_tag-comprar-sais-de-banho-com-paypal-online","26":"product_tag-comprar-mefedrona-sais-de-banho-online-com-carto-de-crdito","27":"product_tag-comprar-sais-de-banho-online","28":"product_tag-comprar-sais-de-banho-online-com-carto-de-crdito","29":"product_tag-comprar-sais-de-banho-online-com-cartes-de-crdito","30":"product_tag-comprar-sais-de-banho-online-onde-posso-comprar-sais-de-banho-online","31":"product_tag-comprar-marfim-ondas-banho-sal-1000mg","32":"product_tag-comprar-rock-on-bath-salt-online","33":"product_tag-buy-eight-ballz-sais-de-banho-online","34":"product_tag-comprar-sextacy-sais-de-banho-online","35":"product_tag-sais-de-banho-droga-para-venda-online","36":"product_tag-encomendar-sais-de-banho-droga-online","37":"product_tag-encomendar-sais-de-banho-online","38":"product_tag-encomendar-sais-de-banho-online-cod","39":"product_tag-encomendar-sais-de-banho-online-com-carto-de-crdito","40":"product_tag-encomendar-sais-de-banho-online-sais-de-banho-atacado","41":"product_tag-encontre-fornecedores-de-sais-de-banho-legtimos-online","42":"product_tag-ivory-wave","43":"product_tag-legit-bath-salts-suppliers-online","44":"product_tag-os-sais-de-banho-mais-seguros-para-comprar-na-loja-online","45":"product_tag-qualidade-sais-de-banho-droga-para-venda-online","46":"product_tag-mefedrona","47":"product_tag-o-que-fazer-sais-de-banho-fazer","48":"product_tag-oito-ballz-sal-de-banho-para-venda-online","49":"product_tag-onde-posso-comprar-sais-de-banho-online","50":"product_tag-where-can-i-order-mdpv-bath-salts-online","51":"product_tag-onde-posso-obter-sais-de-banho","52":"product_tag-procurando-comprar-sal-banho-sonline","53":"product_tag-revendedores-de-sais-de-banho-discretos-online","54":"product_tag-sais-de-banho-para-venda","55":"product_tag-sais-de-banho-baratos","56":"product_tag-sais-de-banho-concentrados","57":"product_tag-sais-de-banho-de-baunilha-cu-para-venda","58":"product_tag-sais-de-banho-de-marfim","59":"product_tag-mefedrona-sais-de-banho-onde-comprar","60":"product_tag-sais-de-banho-de-mefedrona-para-venda","61":"product_tag-sais-de-banho-legais-para-venda-online","62":"product_tag-mdpv-sais-de-banho-para-venda","63":"product_tag-sais-de-banho-online-de-melhor-qualidade","64":"product_tag-sais-de-banho-para-venda-online","65":"product_tag-sais-de-banho-venda-de-drogas-online","66":"product_tag-voc-ainda-pode-comprar-sais-de-banho","67":"product_tag-voc-pode-comprar-sais-de-banho-nas-lojas","69":"first","70":"instock","71":"shipping-taxable","72":"purchasable","73":"product-type-variable"},"yoast_head":"<!-- This site is optimized with the Yoast SEO plugin v27.3 - https:\/\/yoast.com\/product\/yoast-seo-wordpress\/ -->\n<title>Compre Rock On Bath Salt Online - Rock On Bath Salt - Melhores Medicamentos Globais<\/title>\n<meta name=\"description\" content=\"Compre Rock On Bath Salt para venda no Reino Unido, Europa, AU. oferecemos a transa\u00e7\u00e3o mais confi\u00e1vel e vendemos a pre\u00e7os muito acess\u00edveis. Rock On Bath Salt agora aos melhores pre\u00e7os\" \/>\n<meta name=\"robots\" content=\"index, follow, max-snippet:-1, max-image-preview:large, max-video-preview:-1\" \/>\n<link rel=\"canonical\" href=\"https:\/\/medicinasinc.com\/pt\/product\/comprar-rock-on-bath-sal\/\" \/>\n<meta property=\"og:locale\" content=\"pt_PT\" \/>\n<meta property=\"og:type\" content=\"article\" \/>\n<meta property=\"og:title\" content=\"Compre Rock On Bath Salt Online - Rock On Bath Salt - Melhores Medicamentos Globais\" \/>\n<meta property=\"og:description\" content=\"Compre Rock On Bath Salt para venda no Reino Unido, Europa, AU. oferecemos a transa\u00e7\u00e3o mais confi\u00e1vel e vendemos a pre\u00e7os muito acess\u00edveis. Rock On Bath Salt agora aos melhores pre\u00e7os\" \/>\n<meta property=\"og:url\" content=\"https:\/\/medicinasinc.com\/pt\/product\/comprar-rock-on-bath-sal\/\" \/>\n<meta property=\"og:site_name\" content=\"Medicinas Inc\" \/>\n<meta property=\"article:modified_time\" content=\"2022-07-05T23:00:42+00:00\" \/>\n<meta property=\"og:image\" content=\"https:\/\/medicinasinc.com\/pt\/wp-content\/uploads\/sites\/20\/2022\/02\/Buy-Rock-On-Bath-Salt.jpeg\" \/>\n\t<meta property=\"og:image:width\" content=\"640\" \/>\n\t<meta property=\"og:image:height\" content=\"428\" \/>\n\t<meta property=\"og:image:type\" content=\"image\/jpeg\" \/>\n<meta name=\"twitter:card\" content=\"summary_large_image\" \/>\n<meta name=\"twitter:label1\" content=\"Tempo estimado de leitura\" \/>\n\t<meta name=\"twitter:data1\" content=\"1 minuto\" \/>\n<script type=\"application\/ld+json\" class=\"yoast-schema-graph\">{\"@context\":\"https:\\\/\\\/schema.org\",\"@graph\":[{\"@type\":\"WebPage\",\"@id\":\"https:\\\/\\\/medicinasinc.com\\\/pt\\\/product\\\/comprar-rock-on-bath-sal\\\/\",\"url\":\"https:\\\/\\\/medicinasinc.com\\\/pt\\\/product\\\/comprar-rock-on-bath-sal\\\/\",\"name\":\"Compre Rock On Bath Salt Online - Rock On Bath Salt - Melhores Medicamentos Globais\",\"isPartOf\":{\"@id\":\"https:\\\/\\\/medicinasinc.com\\\/pt\\\/#website\"},\"primaryImageOfPage\":{\"@id\":\"https:\\\/\\\/medicinasinc.com\\\/pt\\\/product\\\/comprar-rock-on-bath-sal\\\/#primaryimage\"},\"image\":{\"@id\":\"https:\\\/\\\/medicinasinc.com\\\/pt\\\/product\\\/comprar-rock-on-bath-sal\\\/#primaryimage\"},\"thumbnailUrl\":\"https:\\\/\\\/medicinasinc.com\\\/pt\\\/wp-content\\\/uploads\\\/sites\\\/20\\\/2022\\\/02\\\/Buy-Rock-On-Bath-Salt.jpeg\",\"datePublished\":\"2022-02-22T03:49:11+00:00\",\"dateModified\":\"2022-07-05T23:00:42+00:00\",\"description\":\"Compre Rock On Bath Salt para venda no Reino Unido, Europa, AU. oferecemos a transa\u00e7\u00e3o mais confi\u00e1vel e vendemos a pre\u00e7os muito acess\u00edveis. Rock On Bath Salt agora aos melhores pre\u00e7os\",\"breadcrumb\":{\"@id\":\"https:\\\/\\\/medicinasinc.com\\\/pt\\\/product\\\/comprar-rock-on-bath-sal\\\/#breadcrumb\"},\"inLanguage\":\"pt-PT\",\"potentialAction\":[{\"@type\":\"ReadAction\",\"target\":[\"https:\\\/\\\/medicinasinc.com\\\/pt\\\/product\\\/comprar-rock-on-bath-sal\\\/\"]}]},{\"@type\":\"ImageObject\",\"inLanguage\":\"pt-PT\",\"@id\":\"https:\\\/\\\/medicinasinc.com\\\/pt\\\/product\\\/comprar-rock-on-bath-sal\\\/#primaryimage\",\"url\":\"https:\\\/\\\/medicinasinc.com\\\/pt\\\/wp-content\\\/uploads\\\/sites\\\/20\\\/2022\\\/02\\\/Buy-Rock-On-Bath-Salt.jpeg\",\"contentUrl\":\"https:\\\/\\\/medicinasinc.com\\\/pt\\\/wp-content\\\/uploads\\\/sites\\\/20\\\/2022\\\/02\\\/Buy-Rock-On-Bath-Salt.jpeg\",\"width\":640,\"height\":428},{\"@type\":\"BreadcrumbList\",\"@id\":\"https:\\\/\\\/medicinasinc.com\\\/pt\\\/product\\\/comprar-rock-on-bath-sal\\\/#breadcrumb\",\"itemListElement\":[{\"@type\":\"ListItem\",\"position\":1,\"name\":\"Comprar\",\"item\":\"https:\\\/\\\/medicinasinc.com\\\/pt\\\/comprar\\\/\"},{\"@type\":\"ListItem\",\"position\":2,\"name\":\"Compre Rock On Bath Salt\"}]},{\"@type\":\"WebSite\",\"@id\":\"https:\\\/\\\/medicinasinc.com\\\/pt\\\/#website\",\"url\":\"https:\\\/\\\/medicinasinc.com\\\/pt\\\/\",\"name\":\"Medicinas Inc\",\"description\":\"Health Medical Clinic\",\"potentialAction\":[{\"@type\":\"SearchAction\",\"target\":{\"@type\":\"EntryPoint\",\"urlTemplate\":\"https:\\\/\\\/medicinasinc.com\\\/pt\\\/?s={search_term_string}\"},\"query-input\":{\"@type\":\"PropertyValueSpecification\",\"valueRequired\":true,\"valueName\":\"search_term_string\"}}],\"inLanguage\":\"pt-PT\"}]}<\/script>\n<!-- \/ Yoast SEO plugin. -->","yoast_head_json":{"title":"Compre Rock On Bath Salt Online - Rock On Bath Salt - Melhores Medicamentos Globais","description":"Compre Rock On Bath Salt para venda no Reino Unido, Europa, AU. oferecemos a transa\u00e7\u00e3o mais confi\u00e1vel e vendemos a pre\u00e7os muito acess\u00edveis. Rock On Bath Salt agora aos melhores pre\u00e7os","robots":{"index":"index","follow":"follow","max-snippet":"max-snippet:-1","max-image-preview":"max-image-preview:large","max-video-preview":"max-video-preview:-1"},"canonical":"https:\/\/medicinasinc.com\/pt\/product\/comprar-rock-on-bath-sal\/","og_locale":"pt_PT","og_type":"article","og_title":"Compre Rock On Bath Salt Online - Rock On Bath Salt - Melhores Medicamentos Globais","og_description":"Compre Rock On Bath Salt para venda no Reino Unido, Europa, AU. oferecemos a transa\u00e7\u00e3o mais confi\u00e1vel e vendemos a pre\u00e7os muito acess\u00edveis. Rock On Bath Salt agora aos melhores pre\u00e7os","og_url":"https:\/\/medicinasinc.com\/pt\/product\/comprar-rock-on-bath-sal\/","og_site_name":"Medicinas Inc","article_modified_time":"2022-07-05T23:00:42+00:00","og_image":[{"width":640,"height":428,"url":"https:\/\/medicinasinc.com\/pt\/wp-content\/uploads\/sites\/20\/2022\/02\/Buy-Rock-On-Bath-Salt.jpeg","type":"image\/jpeg"}],"twitter_card":"summary_large_image","twitter_misc":{"Tempo estimado de leitura":"1 minuto"},"schema":{"@context":"https:\/\/schema.org","@graph":[{"@type":"WebPage","@id":"https:\/\/medicinasinc.com\/pt\/product\/comprar-rock-on-bath-sal\/","url":"https:\/\/medicinasinc.com\/pt\/product\/comprar-rock-on-bath-sal\/","name":"Compre Rock On Bath Salt Online - Rock On Bath Salt - Melhores Medicamentos Globais","isPartOf":{"@id":"https:\/\/medicinasinc.com\/pt\/#website"},"primaryImageOfPage":{"@id":"https:\/\/medicinasinc.com\/pt\/product\/comprar-rock-on-bath-sal\/#primaryimage"},"image":{"@id":"https:\/\/medicinasinc.com\/pt\/product\/comprar-rock-on-bath-sal\/#primaryimage"},"thumbnailUrl":"https:\/\/medicinasinc.com\/pt\/wp-content\/uploads\/sites\/20\/2022\/02\/Buy-Rock-On-Bath-Salt.jpeg","datePublished":"2022-02-22T03:49:11+00:00","dateModified":"2022-07-05T23:00:42+00:00","description":"Compre Rock On Bath Salt para venda no Reino Unido, Europa, AU. oferecemos a transa\u00e7\u00e3o mais confi\u00e1vel e vendemos a pre\u00e7os muito acess\u00edveis. Rock On Bath Salt agora aos melhores pre\u00e7os","breadcrumb":{"@id":"https:\/\/medicinasinc.com\/pt\/product\/comprar-rock-on-bath-sal\/#breadcrumb"},"inLanguage":"pt-PT","potentialAction":[{"@type":"ReadAction","target":["https:\/\/medicinasinc.com\/pt\/product\/comprar-rock-on-bath-sal\/"]}]},{"@type":"ImageObject","inLanguage":"pt-PT","@id":"https:\/\/medicinasinc.com\/pt\/product\/comprar-rock-on-bath-sal\/#primaryimage","url":"https:\/\/medicinasinc.com\/pt\/wp-content\/uploads\/sites\/20\/2022\/02\/Buy-Rock-On-Bath-Salt.jpeg","contentUrl":"https:\/\/medicinasinc.com\/pt\/wp-content\/uploads\/sites\/20\/2022\/02\/Buy-Rock-On-Bath-Salt.jpeg","width":640,"height":428},{"@type":"BreadcrumbList","@id":"https:\/\/medicinasinc.com\/pt\/product\/comprar-rock-on-bath-sal\/#breadcrumb","itemListElement":[{"@type":"ListItem","position":1,"name":"Comprar","item":"https:\/\/medicinasinc.com\/pt\/comprar\/"},{"@type":"ListItem","position":2,"name":"Compre Rock On Bath Salt"}]},{"@type":"WebSite","@id":"https:\/\/medicinasinc.com\/pt\/#website","url":"https:\/\/medicinasinc.com\/pt\/","name":"Medicinas Inc","description":"Health Medical Clinic","potentialAction":[{"@type":"SearchAction","target":{"@type":"EntryPoint","urlTemplate":"https:\/\/medicinasinc.com\/pt\/?s={search_term_string}"},"query-input":{"@type":"PropertyValueSpecification","valueRequired":true,"valueName":"search_term_string"}}],"inLanguage":"pt-PT"}]}},"_links":{"self":[{"href":"https:\/\/medicinasinc.com\/pt\/wp-json\/wp\/v2\/product\/5667","targetHints":{"allow":["GET"]}}],"collection":[{"href":"https:\/\/medicinasinc.com\/pt\/wp-json\/wp\/v2\/product"}],"about":[{"href":"https:\/\/medicinasinc.com\/pt\/wp-json\/wp\/v2\/types\/product"}],"replies":[{"embeddable":true,"href":"https:\/\/medicinasinc.com\/pt\/wp-json\/wp\/v2\/comments?post=5667"}],"wp:featuredmedia":[{"embeddable":true,"href":"https:\/\/medicinasinc.com\/pt\/wp-json\/wp\/v2\/media\/5676"}],"wp:attachment":[{"href":"https:\/\/medicinasinc.com\/pt\/wp-json\/wp\/v2\/media?parent=5667"}],"wp:term":[{"taxonomy":"product_brand","embeddable":true,"href":"https:\/\/medicinasinc.com\/pt\/wp-json\/wp\/v2\/product_brand?post=5667"},{"taxonomy":"product_cat","embeddable":true,"href":"https:\/\/medicinasinc.com\/pt\/wp-json\/wp\/v2\/product_cat?post=5667"},{"taxonomy":"product_tag","embeddable":true,"href":"https:\/\/medicinasinc.com\/pt\/wp-json\/wp\/v2\/product_tag?post=5667"}],"curies":[{"name":"wp","href":"https:\/\/api.w.org\/{rel}","templated":true}]}}