{"id":5653,"date":"2022-02-22T03:27:38","date_gmt":"2022-02-22T03:27:38","guid":{"rendered":"https:\/\/medicinasinc.com\/pt\/?post_type=product&#038;p=5653"},"modified":"2022-07-05T23:00:58","modified_gmt":"2022-07-05T23:00:58","slug":"comprar-3-mmc-po","status":"publish","type":"product","link":"https:\/\/medicinasinc.com\/pt\/product\/comprar-3-mmc-po\/","title":{"rendered":"Compre p\u00f3 de 3 mmc"},"content":{"rendered":"<p>O melhor lugar para comprar p\u00f3 de 3-MMC online \u00e9 medicinasinc.com\/pt, que \u00e9 o melhor lugar para comprar p\u00f3 de 3-MMC de um fornecedor de produtos qu\u00edmicos na Europa.<\/p>\n<p>Transfer\u00eancia banc\u00e1ria ou pagamentos em bitcoin ? Confira os detalhes no check-out.<br \/> Observe que voc\u00ea s\u00f3 est\u00e1 coberto por perdas em um servi\u00e7o rastreado e segurado. Se o seu pacote for perdido, voc\u00ea receber\u00e1 um reenvio gratuito ap\u00f3s 30 dias. Se seu pacote for perdido, voc\u00ea n\u00e3o receber\u00e1 um reenvio gratuito.<br \/> Pedidos de Bitcoin feitos antes das 15h30 ser\u00e3o enviados no mesmo dia.<br \/> Compre cart\u00f5es 3MMC.<\/p>\n<p>Voc\u00ea pode comprar Chemical 3-MMC em p\u00f3 de www.bestglobalmeds.com a granel por um pre\u00e7o barato.<\/p>\n<p>3-Metilmetcatinona, ou 3-MMC, \u00e9 um exemplo de uma mol\u00e9cula na classe das catinonas que foram adicionadas a eles . Eles s\u00e3o um tipo de anfetamina que possui um anel fenil que est\u00e1 ligado a um grupo amino (NH2) atrav\u00e9s de uma cadeia etil e uma substitui\u00e7\u00e3o extra de metil em R.<\/p>\n<p>3-MMC e outras catinonas s\u00e3o diferentes entre si outros porque eles t\u00eam substitui\u00e7\u00f5es de cetona no carbono beta do esqueleto da anfetamina, o que os torna -ceto-anfetaminas. substitui\u00e7\u00f5es de metila: o 3-MMC tem duas em sua estrutura de catinona, uma em R3 do grupo fenila e uma no grupo nitrog\u00eanio RN, que \u00e9 para onde vai o grupo metila. O 3-MMC \u00e9 semelhante \u00e0 mefedrona, exceto por uma coisa: o grupo metil \u00e9 colocado em R3 em vez de R4.<\/p>\n<p>Existem muitas maneiras diferentes de usar o 3-MMC em p\u00f3, mas \u00e9 apenas para ser usado para pesquisas. Ele n\u00e3o pode ser usado para nenhuma dessas outras coisas.<\/p>\n<p>Antes de comprar produtos qu\u00edmicos de pesquisa, certifique-se de ter as ferramentas certas e que sua \u00e1rea de trabalho seja bem ventilada.<\/p>\n<p> Voc\u00ea deve ter pelo menos 18 anos para comprar este item.<\/p>\n<p>O 3-MMC Powder \u00e9 legal em nosso pa\u00eds de origem, onde moramos. Cabe a voc\u00ea conhecer e seguir as leis do seu pa\u00eds, munic\u00edpio, regi\u00e3o, estado ou cidade. N\u00e3o somos respons\u00e1veis \u200b\u200bpelo que voc\u00ea faz ou pelo que acontece ap\u00f3s o pedido.<\/p>\n","protected":false},"excerpt":{"rendered":"<p>3-Metilmetcatinona, tamb\u00e9m conhecida como 3-MMC ou metafedrona[1], \u00e9 uma nova droga. O sal cloridrato de 3-MMC \u00e9 um p\u00f3 branco que se parece com flocos.<\/p>\n<p>Onde posso comprar p\u00f3 de 3 mmc \u00e0 venda no Reino Unido e na Europa? Na forma de cristal, pellet e p\u00f3, temos 3-MMC de alta qualidade para venda. Voc\u00ea pode compr\u00e1-lo conosco na Best Global Meds.<\/p>\n<p>\u00c9 f\u00e1cil comprar p\u00f3 de 3-MMC on-line de uma empresa chamada medicinasinc.com\/pt, que \u00e9 um dos melhores fornecedores de produtos qu\u00edmicos em Europa. Transfer\u00eancia banc\u00e1ria ou pagamentos em bitcoin s\u00e3o duas maneiras de pagar por coisas.<\/p>\n","protected":false},"featured_media":5664,"comment_status":"open","ping_status":"closed","template":"","meta":[],"product_brand":[],"product_cat":[2014],"product_tag":[2324,2101,2205,2102,2206,2103,2105,2144,2130,2132,2210,2365,2104,2208,2107,2110,2108,2112,2140,2141,2142,2113,2114,2115,2116,2124,2117,2118,2119,2120,2121,2122,2123,2126,2127,2128,2131,2136,2137,2138,2111,2139,2143,2145,2152,2146,2153,2151,2150,2155,2156,2213,2207,2209,2212,2372,2157,2158,2334,2159,2160,2161,2162,2163,2164,2166,2167,2168,2169,2170,2172,2173,2174,2175,2176,2177,2179,2180,2181,2183,2184,2189,2190,2191,2192,2197,2198,2394,2409,2410,2400,2186,2185,2187,2284,2272,2289,2194,2307,2286,2285,2361,2308,2196,2447,2188,2193,2195,2106,2295,2476,2347,2214,2215,2219,2220,2221,2222,2223,2225,2226,2232,2233,2234,2238,2239,2240,2245,2248,2249,2250,2251,2253,2178,2265,2432,2254,2256,2323,2433,2255,2267,2252,2413,2468,2384,2227,2243,2421,2422,2244,2258,2423,2247,2425,2424,2246,2229,2261,2428,2429,2389,2171,2427,2414,2434,2426,2228,2235,2430,2431,2236,2182,2211,2165,2354,2330,2303,2469,2313,2257,2259,2260,2262,2263,2264,2266,2309,2268,2269,2270,2271,2273,2275,2276,2278,2274,2297,2298,2301,2279,2216,2280,2281,2282,2283,2287,2288,2290,2291,2218,2293,2462,2294,2217,2419,2277,2292,2299,2300,2304,2305,2306,2310,2311,2314,2315,2312,2317,2318,2319,2320,2316,2321,2322,2379,2408,2380,2412,2411,2415,2387,2402,2388,2403,2417,2364,2366,2331,2392,2368,2406,2416,2418,2373,2391,2374,2326,2327,2332,2333,2335,2337,2338,2339,2340,2344,2345,2346,2199,2200,2201,2202,2203,2204,2348,2349,2350,2351,2352,2353,2355,2356,2357,2358,2359,2360,2370,2420,2362,2363,2367,2369,2371,2302,2134,2125,2329,3500,2133,2129,2135,2325,2328,2342,2336,2341,2343,2381,2382,2383,2385,2386,2390,2395,2399,2396,2397,2398,2401,2404,2405,2407,2441,2439,2436,2443,2444,2445,2435,2437,2438,2440,2442,2446,2449,2450,2451,2452,2453,2454,2455,2456,2457,2458,2459,2460,2461,2463,2464,2465,2466,2467,2470,2471,2472,2473,2474,2475],"class_list":{"0":"post-5653","1":"product","2":"type-product","3":"status-publish","4":"has-post-thumbnail","6":"product_cat-compre-produtos-quimicos-de-pesquisa","7":"product_tag-revista-2-fdck","8":"product_tag-2-fdck","9":"product_tag-bulk-2-fdck","10":"product_tag-2-mmc","11":"product_tag-bulk-2-mmc","12":"product_tag-3-cm","13":"product_tag-3-mmc","14":"product_tag-3-mmc-atacado","15":"product_tag-3-mmc-p-granel","16":"product_tag-3-mmc-p-para-venda","17":"product_tag-bulk-3-mmc-pellets","18":"product_tag-loja-3-mma","19":"product_tag-3-mm","20":"product_tag-bulk-3-mma","21":"product_tag-3-mmc-bulgria","22":"product_tag-3-mmc-chipre","23":"product_tag-3-mmc-croatia","24":"product_tag-3-mmc-dinamarca","25":"product_tag-3-mmc-eslovquia","26":"product_tag-3-mmc-eslovnia","27":"product_tag-3-mmc-espanha","28":"product_tag-3-mmc-estonia","29":"product_tag-3-mmc-finlndia","30":"product_tag-3-mmc-frana","31":"product_tag-3-mmc-grcia","32":"product_tag-3-mmc-holanda","33":"product_tag-3-mmc-hungria","34":"product_tag-3-mmc-irlanda","35":"product_tag-3-mmc-itlia","36":"product_tag-3-mmc-letnia","37":"product_tag-3-mmc-litunia","38":"product_tag-3-mmc-luxemburgo","39":"product_tag-3-mmc-malta","40":"product_tag-3-mmc-pills","41":"product_tag-3-mmc-polnia","42":"product_tag-3-mmc-portugal","43":"product_tag-3-mmc-powder-effect","44":"product_tag-3-mmc-powder-sale","45":"product_tag-3-mmc-powder-sales","46":"product_tag-3-mmc-powder-wholesale","47":"product_tag-3-mmc-tcheco","48":"product_tag-3-mmc-romnia","49":"product_tag-3-mmc-sucia","50":"product_tag-3mmc","51":"product_tag-3mmc-atacado","52":"product_tag-3mmc-belgium","53":"product_tag-3mmc-com-bitcoin","54":"product_tag-3mmc-espanha","55":"product_tag-3mmc-romnia","56":"product_tag-4-cm","57":"product_tag-5-mmpa","58":"product_tag-bulk-5-mmpa","59":"product_tag-bulk-3-cmc","60":"product_tag-bulk-3-mmc","61":"product_tag-bulk-4-cmc","62":"product_tag-comprar-em-pihp","63":"product_tag-a-php","64":"product_tag-a-pihp","65":"product_tag-revista-pihp","66":"product_tag-acheter-2-fdck","67":"product_tag-acheter-2-mmc","68":"product_tag-acheter-3-cmc","69":"product_tag-acheter-3-mma","70":"product_tag-acheter-3-mmc","71":"product_tag-acheter-3-mmc-pellets","72":"product_tag-acheter-4-cmc","73":"product_tag-acheter-5-mmpa","74":"product_tag-acheter-a-php","75":"product_tag-acheter-a-pihp","76":"product_tag-acheter-eutylone","77":"product_tag-acquista-2-fdck","78":"product_tag-acquista-2-mmc","79":"product_tag-acquista-3-cmc","80":"product_tag-acquista-3-mma","81":"product_tag-acquista-3-mmc","82":"product_tag-acquista-3-mmc-pellets","83":"product_tag-acquista-4-cmc","84":"product_tag-acquista-5-mmpa","85":"product_tag-acquista-a-php","86":"product_tag-acquista-eutylone","87":"product_tag-acquista-hexen","88":"product_tag-al-por-mayor-3-mmc","89":"product_tag-al-por-mayor-3-mmc-pellets","90":"product_tag-al-por-mayor-3-mmc-pills","91":"product_tag-al-por-mayor-4-cmc","92":"product_tag-al-por-mayor-hexedrone","93":"product_tag-al-por-mayor-hexen","94":"product_tag-store-2-fdck","95":"product_tag-uzlet-2-mmc","96":"product_tag-decolagem-3-cmc","97":"product_tag-store-3-mmc-plulas","98":"product_tag-atacado-2-mmc","99":"product_tag-atacado-2-fdck","100":"product_tag-atacado-3-cmc","101":"product_tag-atacado-3-mmc","102":"product_tag-atacado-4-cmc","103":"product_tag-atacado-a-php","104":"product_tag-atacado-para-php","105":"product_tag-atacado-a-pihp","106":"product_tag-groothandel-3-mmc-plulas","107":"product_tag-atacado-3-mmc-pellets","108":"product_tag-hexeno-atacado","109":"product_tag-ingrosso-eutylone","110":"product_tag-atacado-eutylone","111":"product_tag-vente-en-gros-hexen","112":"product_tag-atacado-3-mma","113":"product_tag-atacado-5-mmpa","114":"product_tag-atacado-para-pihp","115":"product_tag-3-mmc-bitcoin","116":"product_tag-bruxas","117":"product_tag-bruxas-angulares","118":"product_tag-bruxas-de-revista","119":"product_tag-bulk-a-php","120":"product_tag-bulk-a-pihp","121":"product_tag-buy-2-fdck","122":"product_tag-buy-2-mmc","123":"product_tag-buy-3-cmc","124":"product_tag-buy-3-mma","125":"product_tag-buy-3-mmc","126":"product_tag-buy-3-mmc-pellets","127":"product_tag-buy-3-mmc-pills","128":"product_tag-buy-3mmc-powder","129":"product_tag-buy-4-cmc","130":"product_tag-buy-5-mmpa","131":"product_tag-buy-eutylone","132":"product_tag-buy-hexedrone","133":"product_tag-buy-hexen","134":"product_tag-comprar-3-cmc","135":"product_tag-comprar-3-mmc-pellets","136":"product_tag-comprar-3-mmc-pills","137":"product_tag-comprar-4-cmc","138":"product_tag-comprar-5-mmpa","139":"product_tag-comprar-a-pihp","140":"product_tag-compra-3-mmc-plulas","141":"product_tag-compre-eutilona","142":"product_tag-vasarold-meg-eutylone","143":"product_tag-comprar-eutylone","144":"product_tag-comprar-hexgono","145":"product_tag-comprar-hexgonos","146":"product_tag-ferro-solve-hexedrona","147":"product_tag-comprar-hexedrona","148":"product_tag-comprar-hexeno","149":"product_tag-comprar-para-php","150":"product_tag-uzlet-3-mmc-pellets","151":"product_tag-store-3-mmc-pellets","152":"product_tag-shop-3-mmc-pellets","153":"product_tag-buy-3-mmc-powder-europe","154":"product_tag-comprar-2-fdck","155":"product_tag-ferro-resolver-2-fdck","156":"product_tag-iron-solve-2-mmc","157":"product_tag-comprar-2-mmc","158":"product_tag-comprar-3-cm3","159":"product_tag-iron-solve-3-cmc","160":"product_tag-comprar-3-mmc","161":"product_tag-ferro-solve-3-mmc","162":"product_tag-ferro-resolver-3-mma","163":"product_tag-comprar-3-mma","164":"product_tag-comprar-3mmc","165":"product_tag-comprar-4-cm3","166":"product_tag-iron-solve-4-cmc","167":"product_tag-iron-solve-5-mmpa","168":"product_tag-compre-a-pihp","169":"product_tag-acheter-hexen","170":"product_tag-ferro-solve-3-mmc-comprimidos","171":"product_tag-uzlet-3-mmc-plulas","172":"product_tag-ferro-solve-hexeno","173":"product_tag-ferro-solve-3-mmc-pellets","174":"product_tag-comprar-3-mmc-p-uk","175":"product_tag-compre-a-php","176":"product_tag-ferro-resolve-o-php","177":"product_tag-ferro-e-o-pihp","178":"product_tag-compre-um-pihp","179":"product_tag-compre-em-pihp","180":"product_tag-plulas-de-3-mmc-bulk","181":"product_tag-acheter-3-mmc-plulas","182":"product_tag-atacado-3-mmc-plulas","183":"product_tag-revista-3-mmc-plulas","184":"product_tag-ingrosso-3-mmc-plulas","185":"product_tag-plulas-de-winkel-3-mmc","186":"product_tag-copo-3-me","187":"product_tag-cumpara-2-fdck","188":"product_tag-cumpara-3-mma","189":"product_tag-cumpara-3-mmc","190":"product_tag-cumpara-5-mmpa","191":"product_tag-cumpara-a-php","192":"product_tag-cumpara-a-pihp","193":"product_tag-cumpara-hexedrone","194":"product_tag-ingrosso-bruxas","195":"product_tag-en-gros-2-fdck","196":"product_tag-en-gros-3-cmc","197":"product_tag-en-gros-3-mma","198":"product_tag-en-gros-3-mmc","199":"product_tag-en-gros-5-mmpa","200":"product_tag-en-gros-a-pihp","201":"product_tag-en-gros-eutylone","202":"product_tag-en-gros-hexen","203":"product_tag-en-gros-para-php","204":"product_tag-ingrosso-2-fdck","205":"product_tag-ingrosso-2-mmc","206":"product_tag-ingrosso-3-mmc","207":"product_tag-eutilona","208":"product_tag-bulk-eutylone","209":"product_tag-groothandel-2-fdck","210":"product_tag-groothandel-2-mmc","211":"product_tag-groothandel-3-cmc","212":"product_tag-groothandel-3-mma","213":"product_tag-groothandel-4-cmc","214":"product_tag-groothandel-5-mmpa","215":"product_tag-groothandel-a-pihp","216":"product_tag-groothandel-eutylone","217":"product_tag-bulk-hexen","218":"product_tag-hexgonos-por-atacado","219":"product_tag-atacado-hexen","220":"product_tag-hexedrona","221":"product_tag-hexedrona-a-granel","222":"product_tag-decolagem-hexedrona","223":"product_tag-atacado-hexedrona","224":"product_tag-hexedrona-por-atacado","225":"product_tag-ingrosso-3-cmc","226":"product_tag-ingrosso-3-mma","227":"product_tag-ingrosso-4-cmc","228":"product_tag-ingrosso-5-mmpa","229":"product_tag-ingrosso-a-php","230":"product_tag-koop-2-fdck","231":"product_tag-koop-2-mmc","232":"product_tag-koop-3-mmc","233":"product_tag-koop-3-mmc-pellets","234":"product_tag-koop-3-cmc","235":"product_tag-koop-4-cmc","236":"product_tag-koop-5-mmpa","237":"product_tag-koop-a-php","238":"product_tag-koop-a-pihp","239":"product_tag-koop-3-mmc-plulas","240":"product_tag-koop-eutylone","241":"product_tag-koop-hexedrone","242":"product_tag-shop-2-fdck","243":"product_tag-decolagem-2-fdck","244":"product_tag-loja-2-mmc","245":"product_tag-uzlet-3-mmc","246":"product_tag-uzlet-3-mma","247":"product_tag-decolagem-4-cmc","248":"product_tag-shop-5-mmpa","249":"product_tag-store-5-mmpa","250":"product_tag-shop-a-php","251":"product_tag-loja-para-php","252":"product_tag-take-off-a-pihp","253":"product_tag-loja-3-cmc","254":"product_tag-loja-3-mmc","255":"product_tag-loja-4-cmc","256":"product_tag-loja-de-bruxas","257":"product_tag-shop-3-mmc-plulas","258":"product_tag-loja-de-hexedrona","259":"product_tag-uzlet-a-php","260":"product_tag-decolagem-eutilona","261":"product_tag-loja-eutylone","262":"product_tag-loja-hexedrona","263":"product_tag-loja-hexen","264":"product_tag-magasin-3-cmc","265":"product_tag-magasin-3-mma","266":"product_tag-magasin-5-mmpa","267":"product_tag-magasin-a-php","268":"product_tag-magasin-eutylone","269":"product_tag-magazin-2-fdck","270":"product_tag-magazin-3-cmc","271":"product_tag-magazin-3-mma","272":"product_tag-magazin-3-mmc","273":"product_tag-magazin-a-pihp","274":"product_tag-magazin-eutylone","275":"product_tag-magazin-hexedrone","276":"product_tag-melhor-3-cmc","277":"product_tag-melhor-3-mmc","278":"product_tag-melhor-4-cmc","279":"product_tag-melhor-a-pihp","280":"product_tag-melhor-hexedrona","281":"product_tag-melhores-bruxas","282":"product_tag-nagykereskedelem-2-fdck","283":"product_tag-nagykereskedelem-2-mmc","284":"product_tag-nagykereskedelem-3-cmc","285":"product_tag-nagykereskedelem-3-mma","286":"product_tag-nagykereskedelem-3-mmc","287":"product_tag-nagykereskedelem-3-mmc-pellets","288":"product_tag-nagykereskedelem-4-cmc","289":"product_tag-nagykereskedelem-5-mmpa","290":"product_tag-nagykereskedelem-a-php","291":"product_tag-nagykereskedelem-a-pihp","292":"product_tag-nagykereskedelem-eutylone","293":"product_tag-nagykereskedelem-hexedrone","294":"product_tag-business-5-mmpa","295":"product_tag-uzlet-hexeno","296":"product_tag-negozio-2-fdck","297":"product_tag-negozio-2-mmc","298":"product_tag-negozio-3-mmc-pellets","299":"product_tag-negozio-4-cmc","300":"product_tag-negozio-a-php","301":"product_tag-ingrosso-3-mmc-pellets","302":"product_tag-ordem-de-p-c3-b3-de-3-mmc","303":"product_tag-pelotas-de-3-mmc","304":"product_tag-magasin-3-mmc-pellets","305":"product_tag-pesquisa-qumico-3-mmc-p","306":"product_tag-3-mmc-p-on-line","307":"product_tag-p-de-3-mmc","308":"product_tag-3-mmc-p-reddit","309":"product_tag-revista-2-mmc","310":"product_tag-revista-3-mmc","311":"product_tag-revista-5-mmpa","312":"product_tag-bruxas-magasin","313":"product_tag-revista-4-cmc","314":"product_tag-revista-para-php","315":"product_tag-shop-3-cmc","316":"product_tag-shop-3-mma","317":"product_tag-shop-3-mmc","318":"product_tag-shop-3-mmc-pills","319":"product_tag-shop-4-cmc","320":"product_tag-shop-eutylone","321":"product_tag-tienda-2-mmc","322":"product_tag-tienda-3-mmc-pellets","323":"product_tag-tienda-3-cmc","324":"product_tag-tienda-3-mma","325":"product_tag-tienda-3-mmc","326":"product_tag-tienda-4-cmc","327":"product_tag-tienda-a-pihp","328":"product_tag-tienda-eutylone","329":"product_tag-tienda-hexen","330":"product_tag-vente-en-gros-3-mmc-plulas","331":"product_tag-venda-em-gros-3-mmc","332":"product_tag-venda-em-gros-2-mmc","333":"product_tag-sell-in-gros-5-mmpa","334":"product_tag-vente-en-gros-a-php","335":"product_tag-vem-em-gros-a-pihp","336":"product_tag-vente-en-gros-2-fdck","337":"product_tag-vente-en-gros-3-cmc","338":"product_tag-vente-en-gros-3-mma","339":"product_tag-vente-en-gros-3-mmc-pellets","340":"product_tag-vente-en-gros-4-cmc","341":"product_tag-vente-en-gros-eutylone","342":"product_tag-wholesale-2-fdck","343":"product_tag-wholesale-2-mmc","344":"product_tag-wholesale-3-cmc","345":"product_tag-wholesale-3-mma","346":"product_tag-wholesale-3-mmc","347":"product_tag-wholesale-3-mmc-pellets","348":"product_tag-wholesale-3-mmc-pills","349":"product_tag-wholesale-4-cmc","350":"product_tag-wholesale-5-mmpa","351":"product_tag-wholesale-a-php","352":"product_tag-wholesale-a-pihp","353":"product_tag-wholesale-eutylone","354":"product_tag-wholesale-hexedrone","355":"product_tag-winkel-2-fdck","356":"product_tag-winkel-2-mmc","357":"product_tag-winkel-3-cmc","358":"product_tag-winkel-3-mma","359":"product_tag-winkel-3-mmc","360":"product_tag-winkel-4-cmc","361":"product_tag-winkel-5-mmpa","362":"product_tag-winkel-a-php","363":"product_tag-winkel-a-pihp","364":"product_tag-winkel-eutylone","365":"product_tag-winkel-hexedrona","367":"first","368":"instock","369":"shipping-taxable","370":"purchasable","371":"product-type-variable","372":"has-default-attributes"},"yoast_head":"<!-- This site is optimized with the Yoast SEO plugin v27.3 - https:\/\/yoast.com\/product\/yoast-seo-wordpress\/ -->\n<title>Compre p\u00f3 de 3 mmc - p\u00f3 de 3 mmc \u00e0 venda - Best Global Meds<\/title>\n<meta name=\"description\" content=\"Onde\u00a0comprar p\u00f3 de 3 mmc \u00e0 venda no Reino Unido, Europa? Aqui na Best Global Meds, temos p\u00f3 de 3-MMC de alta qualidade dispon\u00edvel para venda em forma de cristal, pellet e p\u00f3.\" \/>\n<meta name=\"robots\" content=\"index, follow, max-snippet:-1, max-image-preview:large, max-video-preview:-1\" \/>\n<link rel=\"canonical\" href=\"https:\/\/medicinasinc.com\/pt\/product\/comprar-3-mmc-po\/\" \/>\n<meta property=\"og:locale\" content=\"pt_PT\" \/>\n<meta property=\"og:type\" content=\"article\" \/>\n<meta property=\"og:title\" content=\"Compre p\u00f3 de 3 mmc - p\u00f3 de 3 mmc \u00e0 venda - Best Global Meds\" \/>\n<meta property=\"og:description\" content=\"Onde\u00a0comprar p\u00f3 de 3 mmc \u00e0 venda no Reino Unido, Europa? Aqui na Best Global Meds, temos p\u00f3 de 3-MMC de alta qualidade dispon\u00edvel para venda em forma de cristal, pellet e p\u00f3.\" \/>\n<meta property=\"og:url\" content=\"https:\/\/medicinasinc.com\/pt\/product\/comprar-3-mmc-po\/\" \/>\n<meta property=\"og:site_name\" content=\"Medicinas Inc\" \/>\n<meta property=\"article:modified_time\" content=\"2022-07-05T23:00:58+00:00\" \/>\n<meta property=\"og:image\" content=\"https:\/\/medicinasinc.com\/pt\/wp-content\/uploads\/sites\/20\/2022\/02\/3-MMC-powder.jpg\" \/>\n\t<meta property=\"og:image:width\" content=\"350\" \/>\n\t<meta property=\"og:image:height\" content=\"350\" \/>\n\t<meta property=\"og:image:type\" content=\"image\/jpeg\" \/>\n<meta name=\"twitter:card\" content=\"summary_large_image\" \/>\n<meta name=\"twitter:label1\" content=\"Tempo estimado de leitura\" \/>\n\t<meta name=\"twitter:data1\" content=\"2 minutos\" \/>\n<script type=\"application\/ld+json\" class=\"yoast-schema-graph\">{\"@context\":\"https:\\\/\\\/schema.org\",\"@graph\":[{\"@type\":\"WebPage\",\"@id\":\"https:\\\/\\\/medicinasinc.com\\\/pt\\\/product\\\/comprar-3-mmc-po\\\/\",\"url\":\"https:\\\/\\\/medicinasinc.com\\\/pt\\\/product\\\/comprar-3-mmc-po\\\/\",\"name\":\"Compre p\u00f3 de 3 mmc - p\u00f3 de 3 mmc \u00e0 venda - Best Global Meds\",\"isPartOf\":{\"@id\":\"https:\\\/\\\/medicinasinc.com\\\/pt\\\/#website\"},\"primaryImageOfPage\":{\"@id\":\"https:\\\/\\\/medicinasinc.com\\\/pt\\\/product\\\/comprar-3-mmc-po\\\/#primaryimage\"},\"image\":{\"@id\":\"https:\\\/\\\/medicinasinc.com\\\/pt\\\/product\\\/comprar-3-mmc-po\\\/#primaryimage\"},\"thumbnailUrl\":\"https:\\\/\\\/medicinasinc.com\\\/pt\\\/wp-content\\\/uploads\\\/sites\\\/20\\\/2022\\\/02\\\/3-MMC-powder.jpg\",\"datePublished\":\"2022-02-22T03:27:38+00:00\",\"dateModified\":\"2022-07-05T23:00:58+00:00\",\"description\":\"Onde\u00a0comprar p\u00f3 de 3 mmc \u00e0 venda no Reino Unido, Europa? Aqui na Best Global Meds, temos p\u00f3 de 3-MMC de alta qualidade dispon\u00edvel para venda em forma de cristal, pellet e p\u00f3.\",\"breadcrumb\":{\"@id\":\"https:\\\/\\\/medicinasinc.com\\\/pt\\\/product\\\/comprar-3-mmc-po\\\/#breadcrumb\"},\"inLanguage\":\"pt-PT\",\"potentialAction\":[{\"@type\":\"ReadAction\",\"target\":[\"https:\\\/\\\/medicinasinc.com\\\/pt\\\/product\\\/comprar-3-mmc-po\\\/\"]}]},{\"@type\":\"ImageObject\",\"inLanguage\":\"pt-PT\",\"@id\":\"https:\\\/\\\/medicinasinc.com\\\/pt\\\/product\\\/comprar-3-mmc-po\\\/#primaryimage\",\"url\":\"https:\\\/\\\/medicinasinc.com\\\/pt\\\/wp-content\\\/uploads\\\/sites\\\/20\\\/2022\\\/02\\\/3-MMC-powder.jpg\",\"contentUrl\":\"https:\\\/\\\/medicinasinc.com\\\/pt\\\/wp-content\\\/uploads\\\/sites\\\/20\\\/2022\\\/02\\\/3-MMC-powder.jpg\",\"width\":350,\"height\":350},{\"@type\":\"BreadcrumbList\",\"@id\":\"https:\\\/\\\/medicinasinc.com\\\/pt\\\/product\\\/comprar-3-mmc-po\\\/#breadcrumb\",\"itemListElement\":[{\"@type\":\"ListItem\",\"position\":1,\"name\":\"Comprar\",\"item\":\"https:\\\/\\\/medicinasinc.com\\\/pt\\\/comprar\\\/\"},{\"@type\":\"ListItem\",\"position\":2,\"name\":\"Compre p\u00f3 de 3 mmc\"}]},{\"@type\":\"WebSite\",\"@id\":\"https:\\\/\\\/medicinasinc.com\\\/pt\\\/#website\",\"url\":\"https:\\\/\\\/medicinasinc.com\\\/pt\\\/\",\"name\":\"Medicinas Inc\",\"description\":\"Health Medical Clinic\",\"potentialAction\":[{\"@type\":\"SearchAction\",\"target\":{\"@type\":\"EntryPoint\",\"urlTemplate\":\"https:\\\/\\\/medicinasinc.com\\\/pt\\\/?s={search_term_string}\"},\"query-input\":{\"@type\":\"PropertyValueSpecification\",\"valueRequired\":true,\"valueName\":\"search_term_string\"}}],\"inLanguage\":\"pt-PT\"}]}<\/script>\n<!-- \/ Yoast SEO plugin. -->","yoast_head_json":{"title":"Compre p\u00f3 de 3 mmc - p\u00f3 de 3 mmc \u00e0 venda - Best Global Meds","description":"Onde\u00a0comprar p\u00f3 de 3 mmc \u00e0 venda no Reino Unido, Europa? Aqui na Best Global Meds, temos p\u00f3 de 3-MMC de alta qualidade dispon\u00edvel para venda em forma de cristal, pellet e p\u00f3.","robots":{"index":"index","follow":"follow","max-snippet":"max-snippet:-1","max-image-preview":"max-image-preview:large","max-video-preview":"max-video-preview:-1"},"canonical":"https:\/\/medicinasinc.com\/pt\/product\/comprar-3-mmc-po\/","og_locale":"pt_PT","og_type":"article","og_title":"Compre p\u00f3 de 3 mmc - p\u00f3 de 3 mmc \u00e0 venda - Best Global Meds","og_description":"Onde\u00a0comprar p\u00f3 de 3 mmc \u00e0 venda no Reino Unido, Europa? Aqui na Best Global Meds, temos p\u00f3 de 3-MMC de alta qualidade dispon\u00edvel para venda em forma de cristal, pellet e p\u00f3.","og_url":"https:\/\/medicinasinc.com\/pt\/product\/comprar-3-mmc-po\/","og_site_name":"Medicinas Inc","article_modified_time":"2022-07-05T23:00:58+00:00","og_image":[{"width":350,"height":350,"url":"https:\/\/medicinasinc.com\/pt\/wp-content\/uploads\/sites\/20\/2022\/02\/3-MMC-powder.jpg","type":"image\/jpeg"}],"twitter_card":"summary_large_image","twitter_misc":{"Tempo estimado de leitura":"2 minutos"},"schema":{"@context":"https:\/\/schema.org","@graph":[{"@type":"WebPage","@id":"https:\/\/medicinasinc.com\/pt\/product\/comprar-3-mmc-po\/","url":"https:\/\/medicinasinc.com\/pt\/product\/comprar-3-mmc-po\/","name":"Compre p\u00f3 de 3 mmc - p\u00f3 de 3 mmc \u00e0 venda - Best Global Meds","isPartOf":{"@id":"https:\/\/medicinasinc.com\/pt\/#website"},"primaryImageOfPage":{"@id":"https:\/\/medicinasinc.com\/pt\/product\/comprar-3-mmc-po\/#primaryimage"},"image":{"@id":"https:\/\/medicinasinc.com\/pt\/product\/comprar-3-mmc-po\/#primaryimage"},"thumbnailUrl":"https:\/\/medicinasinc.com\/pt\/wp-content\/uploads\/sites\/20\/2022\/02\/3-MMC-powder.jpg","datePublished":"2022-02-22T03:27:38+00:00","dateModified":"2022-07-05T23:00:58+00:00","description":"Onde\u00a0comprar p\u00f3 de 3 mmc \u00e0 venda no Reino Unido, Europa? Aqui na Best Global Meds, temos p\u00f3 de 3-MMC de alta qualidade dispon\u00edvel para venda em forma de cristal, pellet e p\u00f3.","breadcrumb":{"@id":"https:\/\/medicinasinc.com\/pt\/product\/comprar-3-mmc-po\/#breadcrumb"},"inLanguage":"pt-PT","potentialAction":[{"@type":"ReadAction","target":["https:\/\/medicinasinc.com\/pt\/product\/comprar-3-mmc-po\/"]}]},{"@type":"ImageObject","inLanguage":"pt-PT","@id":"https:\/\/medicinasinc.com\/pt\/product\/comprar-3-mmc-po\/#primaryimage","url":"https:\/\/medicinasinc.com\/pt\/wp-content\/uploads\/sites\/20\/2022\/02\/3-MMC-powder.jpg","contentUrl":"https:\/\/medicinasinc.com\/pt\/wp-content\/uploads\/sites\/20\/2022\/02\/3-MMC-powder.jpg","width":350,"height":350},{"@type":"BreadcrumbList","@id":"https:\/\/medicinasinc.com\/pt\/product\/comprar-3-mmc-po\/#breadcrumb","itemListElement":[{"@type":"ListItem","position":1,"name":"Comprar","item":"https:\/\/medicinasinc.com\/pt\/comprar\/"},{"@type":"ListItem","position":2,"name":"Compre p\u00f3 de 3 mmc"}]},{"@type":"WebSite","@id":"https:\/\/medicinasinc.com\/pt\/#website","url":"https:\/\/medicinasinc.com\/pt\/","name":"Medicinas Inc","description":"Health Medical Clinic","potentialAction":[{"@type":"SearchAction","target":{"@type":"EntryPoint","urlTemplate":"https:\/\/medicinasinc.com\/pt\/?s={search_term_string}"},"query-input":{"@type":"PropertyValueSpecification","valueRequired":true,"valueName":"search_term_string"}}],"inLanguage":"pt-PT"}]}},"_links":{"self":[{"href":"https:\/\/medicinasinc.com\/pt\/wp-json\/wp\/v2\/product\/5653","targetHints":{"allow":["GET"]}}],"collection":[{"href":"https:\/\/medicinasinc.com\/pt\/wp-json\/wp\/v2\/product"}],"about":[{"href":"https:\/\/medicinasinc.com\/pt\/wp-json\/wp\/v2\/types\/product"}],"replies":[{"embeddable":true,"href":"https:\/\/medicinasinc.com\/pt\/wp-json\/wp\/v2\/comments?post=5653"}],"wp:featuredmedia":[{"embeddable":true,"href":"https:\/\/medicinasinc.com\/pt\/wp-json\/wp\/v2\/media\/5664"}],"wp:attachment":[{"href":"https:\/\/medicinasinc.com\/pt\/wp-json\/wp\/v2\/media?parent=5653"}],"wp:term":[{"taxonomy":"product_brand","embeddable":true,"href":"https:\/\/medicinasinc.com\/pt\/wp-json\/wp\/v2\/product_brand?post=5653"},{"taxonomy":"product_cat","embeddable":true,"href":"https:\/\/medicinasinc.com\/pt\/wp-json\/wp\/v2\/product_cat?post=5653"},{"taxonomy":"product_tag","embeddable":true,"href":"https:\/\/medicinasinc.com\/pt\/wp-json\/wp\/v2\/product_tag?post=5653"}],"curies":[{"name":"wp","href":"https:\/\/api.w.org\/{rel}","templated":true}]}}