{"id":5652,"date":"2022-02-22T03:24:25","date_gmt":"2022-02-22T03:24:25","guid":{"rendered":"https:\/\/medicinasinc.com\/pt\/?post_type=product&#038;p=5652"},"modified":"2022-07-05T23:01:12","modified_gmt":"2022-07-05T23:01:12","slug":"comprar-quicksilver-bath-sal","status":"publish","type":"product","link":"https:\/\/medicinasinc.com\/pt\/product\/comprar-quicksilver-bath-sal\/","title":{"rendered":"Compre o sal de banho Merc\u00fario"},"content":{"rendered":"<p><strong>Voc\u00ea pode comprar Quick Silver Bath Salt na Internet.<\/strong><\/p>\n<p>No Reino Unido, Europa e Austr\u00e1lia, voc\u00ea pode comprar Quicksilver Bath Salt por muito dinheiro. As pessoas que compram conosco podem ter certeza de que receber\u00e3o o que pagaram. Agora \u00e9 a melhor hora para comprar Sal de Banho Quicksilver com os melhores pre\u00e7os.<\/p>\n<div class=\"product-next-previous\">\n<div class=\"product-prev\"><\/div><\/div>\n","protected":false},"excerpt":{"rendered":"<div class=\"woocommerce-product-details__short-description\">\n<p>Sal de banho concentrado das melhores marcas. metilaminopropano: Metiopropamina \u00e9 1-tiofen-2-il 2-metilaminopropano.<\/p>\n<p>Com o melhor pre\u00e7o, voc\u00ea pode comprar o Sal de Banho QuickSilver online. Prometemos envio seguro para todo o mundo.<\/p>\n<p>Compre 1000mg de Sal de Banho QuickSilver online. Sal de banho concentrado das melhores marcas. 1-(tiofen-2-il)-2-metilaminopropano \u00e9 chamado de metiopropamina.<\/p>\n<\/p><\/div>\n","protected":false},"featured_media":5662,"comment_status":"open","ping_status":"closed","template":"","meta":[],"product_brand":[],"product_cat":[2014],"product_tag":[3432,3433,3437,3438,3439,3440,3441,3443,3444,3445,3446,3447,3456,3458,3462,3463,3464,3467,3471,3455,3465,3097,3452,3451,3457,3488,3449,3450,3448,3454,3453,3459,3461,3466,3460,3434,3483,3484,3486,3487,3485,3475,3476,3478,3494,3489,3482,3496,3474,3497,3499,3498,3479,3493,3473,3095,3470,3472,3495,3083,3481,3480,3490,3477,3165,3442,3436,3492,3491,3435,3469,3468],"class_list":{"0":"post-5652","1":"product","2":"type-product","3":"status-publish","4":"has-post-thumbnail","6":"product_cat-compre-produtos-quimicos-de-pesquisa","7":"product_tag-bath-salts","8":"product_tag-bath-salts-drug","9":"product_tag-bath-salts-for-sale-online-with-credit-card","10":"product_tag-bath-salts-online-store","11":"product_tag-bath-salts-sales-online","12":"product_tag-bathsalts","13":"product_tag-best-bath-salts","14":"product_tag-buy-amped-novelty-powder-500mg","15":"product_tag-buy-bath-salts-cod","16":"product_tag-buy-bath-salts-drug-online","17":"product_tag-buy-bath-salts-online","18":"product_tag-buy-bath-salts-online-legal","19":"product_tag-buy-k2-bath-salts-online","20":"product_tag-buy-pump-it-bath-salt-1000mg","21":"product_tag-buy-quick-silver-bath-salts-canada","22":"product_tag-buy-quick-silver-bath-salts-online","23":"product_tag-buy-quick-silver-bath-salts-usa","24":"product_tag-buy-synthetic-bath-salts-online","25":"product_tag-cloud-9-bath-salt","26":"product_tag-comprar-marfim-onda-para-venda-online","27":"product_tag-comprar-pesquisa-produtos-qumicos-pedido","28":"product_tag-comprar-sais-de-banho","29":"product_tag-comprar-sais-de-banho-barato-pedir-sais-de-banho-droga-online","30":"product_tag-comprar-sais-de-banho-com-paypal-online","31":"product_tag-comprar-mefedrona-sais-de-banho-online-com-carto-de-crdito","32":"product_tag-comprar-sais-de-banho-online","33":"product_tag-comprar-sais-de-banho-online-com-carto-de-crdito","34":"product_tag-comprar-sais-de-banho-online-com-cartes-de-crdito","35":"product_tag-comprar-sais-de-banho-online-onde-posso-comprar-sais-de-banho-online","36":"product_tag-comprar-marfim-ondas-banho-sal-1000mg","37":"product_tag-buy-eight-ballz-sais-de-banho-online","38":"product_tag-comprar-prata-rpido","39":"product_tag-buy-quick-silver-sais-de-banho-austrlia","40":"product_tag-comprar-sextacy-sais-de-banho-online","41":"product_tag-comprar-rpido-prata-banho-sal-online","42":"product_tag-sais-de-banho-droga-para-venda-online","43":"product_tag-encomendar-sais-de-banho-droga-online","44":"product_tag-encomendar-sais-de-banho-online","45":"product_tag-encomendar-sais-de-banho-online-cod","46":"product_tag-encomendar-sais-de-banho-online-com-carto-de-crdito","47":"product_tag-encomendar-sais-de-banho-online-sais-de-banho-atacado","48":"product_tag-encontre-fornecedores-de-sais-de-banho-legtimos-online","49":"product_tag-ivory-wave","50":"product_tag-legit-bath-salts-suppliers-online","51":"product_tag-os-sais-de-banho-mais-seguros-para-comprar-na-loja-online","52":"product_tag-qualidade-sais-de-banho-droga-para-venda-online","53":"product_tag-mefedrona","54":"product_tag-o-que-fazer-sais-de-banho-fazer","55":"product_tag-oito-ballz-sal-de-banho-para-venda-online","56":"product_tag-onde-posso-comprar-sais-de-banho-online","57":"product_tag-where-can-i-order-mdpv-bath-salts-online","58":"product_tag-onde-posso-obter-sais-de-banho","59":"product_tag-procurando-comprar-sal-banho-sonline","60":"product_tag-quick-silver-bath-salts-vendor-research-chemicals","61":"product_tag-revendedores-de-sais-de-banho-discretos-online","62":"product_tag-sais-de-banho-para-venda","63":"product_tag-sais-de-banho-baratos","64":"product_tag-sais-de-banho-concentrados","65":"product_tag-sais-de-banho-de-baunilha-cu-para-venda","66":"product_tag-sais-de-banho-de-marfim","67":"product_tag-mefedrona-sais-de-banho-onde-comprar","68":"product_tag-sais-de-banho-de-mefedrona-para-venda","69":"product_tag-sais-de-banho-de-prata-rpida","70":"product_tag-sais-de-banho-legais-para-venda-online","71":"product_tag-mdpv-sais-de-banho-para-venda","72":"product_tag-sais-de-banho-online-de-melhor-qualidade","73":"product_tag-sais-de-banho-para-venda-online","74":"product_tag-sais-de-banho-de-prata-rpida-online","75":"product_tag-sais-de-banho-de-prata-rpida-para-venda","76":"product_tag-sais-de-banho-venda-de-drogas-online","77":"product_tag-voc-ainda-pode-comprar-sais-de-banho","78":"product_tag-voc-pode-comprar-sais-de-banho-nas-lojas","80":"first","81":"instock","82":"shipping-taxable","83":"purchasable","84":"product-type-variable","85":"has-default-attributes"},"yoast_head":"<!-- This site is optimized with the Yoast SEO plugin v27.3 - https:\/\/yoast.com\/product\/yoast-seo-wordpress\/ -->\n<title>Compre Quick Silver Bath Salt - Quick Silver Bath Salt - Best Global Meds<\/title>\n<meta name=\"description\" content=\"Compre Quicksilver Bath Salt para venda no Reino Unido, Europa, AU. oferecemos a transa\u00e7\u00e3o mais confi\u00e1vel e vendemos a pre\u00e7os muito acess\u00edveis. Encomende agora o Sal de Banho Quicksilver aos melhores pre\u00e7os\" \/>\n<meta name=\"robots\" content=\"index, follow, max-snippet:-1, max-image-preview:large, max-video-preview:-1\" \/>\n<link rel=\"canonical\" href=\"https:\/\/medicinasinc.com\/pt\/product\/comprar-quicksilver-bath-sal\/\" \/>\n<meta property=\"og:locale\" content=\"pt_PT\" \/>\n<meta property=\"og:type\" content=\"article\" \/>\n<meta property=\"og:title\" content=\"Compre Quick Silver Bath Salt - Quick Silver Bath Salt - Best Global Meds\" \/>\n<meta property=\"og:description\" content=\"Compre Quicksilver Bath Salt para venda no Reino Unido, Europa, AU. oferecemos a transa\u00e7\u00e3o mais confi\u00e1vel e vendemos a pre\u00e7os muito acess\u00edveis. Encomende agora o Sal de Banho Quicksilver aos melhores pre\u00e7os\" \/>\n<meta property=\"og:url\" content=\"https:\/\/medicinasinc.com\/pt\/product\/comprar-quicksilver-bath-sal\/\" \/>\n<meta property=\"og:site_name\" content=\"Medicinas Inc\" \/>\n<meta property=\"article:modified_time\" content=\"2022-07-05T23:01:12+00:00\" \/>\n<meta property=\"og:image\" content=\"https:\/\/medicinasinc.com\/pt\/wp-content\/uploads\/sites\/20\/2022\/02\/Buy-Quicksilver-Bath-Salt.jpg\" \/>\n\t<meta property=\"og:image:width\" content=\"600\" \/>\n\t<meta property=\"og:image:height\" content=\"599\" \/>\n\t<meta property=\"og:image:type\" content=\"image\/jpeg\" \/>\n<meta name=\"twitter:card\" content=\"summary_large_image\" \/>\n<meta name=\"twitter:label1\" content=\"Tempo estimado de leitura\" \/>\n\t<meta name=\"twitter:data1\" content=\"1 minuto\" \/>\n<script type=\"application\/ld+json\" class=\"yoast-schema-graph\">{\"@context\":\"https:\\\/\\\/schema.org\",\"@graph\":[{\"@type\":\"WebPage\",\"@id\":\"https:\\\/\\\/medicinasinc.com\\\/pt\\\/product\\\/comprar-quicksilver-bath-sal\\\/\",\"url\":\"https:\\\/\\\/medicinasinc.com\\\/pt\\\/product\\\/comprar-quicksilver-bath-sal\\\/\",\"name\":\"Compre Quick Silver Bath Salt - Quick Silver Bath Salt - Best Global Meds\",\"isPartOf\":{\"@id\":\"https:\\\/\\\/medicinasinc.com\\\/pt\\\/#website\"},\"primaryImageOfPage\":{\"@id\":\"https:\\\/\\\/medicinasinc.com\\\/pt\\\/product\\\/comprar-quicksilver-bath-sal\\\/#primaryimage\"},\"image\":{\"@id\":\"https:\\\/\\\/medicinasinc.com\\\/pt\\\/product\\\/comprar-quicksilver-bath-sal\\\/#primaryimage\"},\"thumbnailUrl\":\"https:\\\/\\\/medicinasinc.com\\\/pt\\\/wp-content\\\/uploads\\\/sites\\\/20\\\/2022\\\/02\\\/Buy-Quicksilver-Bath-Salt.jpg\",\"datePublished\":\"2022-02-22T03:24:25+00:00\",\"dateModified\":\"2022-07-05T23:01:12+00:00\",\"description\":\"Compre Quicksilver Bath Salt para venda no Reino Unido, Europa, AU. oferecemos a transa\u00e7\u00e3o mais confi\u00e1vel e vendemos a pre\u00e7os muito acess\u00edveis. Encomende agora o Sal de Banho Quicksilver aos melhores pre\u00e7os\",\"breadcrumb\":{\"@id\":\"https:\\\/\\\/medicinasinc.com\\\/pt\\\/product\\\/comprar-quicksilver-bath-sal\\\/#breadcrumb\"},\"inLanguage\":\"pt-PT\",\"potentialAction\":[{\"@type\":\"ReadAction\",\"target\":[\"https:\\\/\\\/medicinasinc.com\\\/pt\\\/product\\\/comprar-quicksilver-bath-sal\\\/\"]}]},{\"@type\":\"ImageObject\",\"inLanguage\":\"pt-PT\",\"@id\":\"https:\\\/\\\/medicinasinc.com\\\/pt\\\/product\\\/comprar-quicksilver-bath-sal\\\/#primaryimage\",\"url\":\"https:\\\/\\\/medicinasinc.com\\\/pt\\\/wp-content\\\/uploads\\\/sites\\\/20\\\/2022\\\/02\\\/Buy-Quicksilver-Bath-Salt.jpg\",\"contentUrl\":\"https:\\\/\\\/medicinasinc.com\\\/pt\\\/wp-content\\\/uploads\\\/sites\\\/20\\\/2022\\\/02\\\/Buy-Quicksilver-Bath-Salt.jpg\",\"width\":600,\"height\":599},{\"@type\":\"BreadcrumbList\",\"@id\":\"https:\\\/\\\/medicinasinc.com\\\/pt\\\/product\\\/comprar-quicksilver-bath-sal\\\/#breadcrumb\",\"itemListElement\":[{\"@type\":\"ListItem\",\"position\":1,\"name\":\"Comprar\",\"item\":\"https:\\\/\\\/medicinasinc.com\\\/pt\\\/comprar\\\/\"},{\"@type\":\"ListItem\",\"position\":2,\"name\":\"Compre o sal de banho Merc\u00fario\"}]},{\"@type\":\"WebSite\",\"@id\":\"https:\\\/\\\/medicinasinc.com\\\/pt\\\/#website\",\"url\":\"https:\\\/\\\/medicinasinc.com\\\/pt\\\/\",\"name\":\"Medicinas Inc\",\"description\":\"Health Medical Clinic\",\"potentialAction\":[{\"@type\":\"SearchAction\",\"target\":{\"@type\":\"EntryPoint\",\"urlTemplate\":\"https:\\\/\\\/medicinasinc.com\\\/pt\\\/?s={search_term_string}\"},\"query-input\":{\"@type\":\"PropertyValueSpecification\",\"valueRequired\":true,\"valueName\":\"search_term_string\"}}],\"inLanguage\":\"pt-PT\"}]}<\/script>\n<!-- \/ Yoast SEO plugin. -->","yoast_head_json":{"title":"Compre Quick Silver Bath Salt - Quick Silver Bath Salt - Best Global Meds","description":"Compre Quicksilver Bath Salt para venda no Reino Unido, Europa, AU. oferecemos a transa\u00e7\u00e3o mais confi\u00e1vel e vendemos a pre\u00e7os muito acess\u00edveis. Encomende agora o Sal de Banho Quicksilver aos melhores pre\u00e7os","robots":{"index":"index","follow":"follow","max-snippet":"max-snippet:-1","max-image-preview":"max-image-preview:large","max-video-preview":"max-video-preview:-1"},"canonical":"https:\/\/medicinasinc.com\/pt\/product\/comprar-quicksilver-bath-sal\/","og_locale":"pt_PT","og_type":"article","og_title":"Compre Quick Silver Bath Salt - Quick Silver Bath Salt - Best Global Meds","og_description":"Compre Quicksilver Bath Salt para venda no Reino Unido, Europa, AU. oferecemos a transa\u00e7\u00e3o mais confi\u00e1vel e vendemos a pre\u00e7os muito acess\u00edveis. Encomende agora o Sal de Banho Quicksilver aos melhores pre\u00e7os","og_url":"https:\/\/medicinasinc.com\/pt\/product\/comprar-quicksilver-bath-sal\/","og_site_name":"Medicinas Inc","article_modified_time":"2022-07-05T23:01:12+00:00","og_image":[{"width":600,"height":599,"url":"https:\/\/medicinasinc.com\/pt\/wp-content\/uploads\/sites\/20\/2022\/02\/Buy-Quicksilver-Bath-Salt.jpg","type":"image\/jpeg"}],"twitter_card":"summary_large_image","twitter_misc":{"Tempo estimado de leitura":"1 minuto"},"schema":{"@context":"https:\/\/schema.org","@graph":[{"@type":"WebPage","@id":"https:\/\/medicinasinc.com\/pt\/product\/comprar-quicksilver-bath-sal\/","url":"https:\/\/medicinasinc.com\/pt\/product\/comprar-quicksilver-bath-sal\/","name":"Compre Quick Silver Bath Salt - Quick Silver Bath Salt - Best Global Meds","isPartOf":{"@id":"https:\/\/medicinasinc.com\/pt\/#website"},"primaryImageOfPage":{"@id":"https:\/\/medicinasinc.com\/pt\/product\/comprar-quicksilver-bath-sal\/#primaryimage"},"image":{"@id":"https:\/\/medicinasinc.com\/pt\/product\/comprar-quicksilver-bath-sal\/#primaryimage"},"thumbnailUrl":"https:\/\/medicinasinc.com\/pt\/wp-content\/uploads\/sites\/20\/2022\/02\/Buy-Quicksilver-Bath-Salt.jpg","datePublished":"2022-02-22T03:24:25+00:00","dateModified":"2022-07-05T23:01:12+00:00","description":"Compre Quicksilver Bath Salt para venda no Reino Unido, Europa, AU. oferecemos a transa\u00e7\u00e3o mais confi\u00e1vel e vendemos a pre\u00e7os muito acess\u00edveis. Encomende agora o Sal de Banho Quicksilver aos melhores pre\u00e7os","breadcrumb":{"@id":"https:\/\/medicinasinc.com\/pt\/product\/comprar-quicksilver-bath-sal\/#breadcrumb"},"inLanguage":"pt-PT","potentialAction":[{"@type":"ReadAction","target":["https:\/\/medicinasinc.com\/pt\/product\/comprar-quicksilver-bath-sal\/"]}]},{"@type":"ImageObject","inLanguage":"pt-PT","@id":"https:\/\/medicinasinc.com\/pt\/product\/comprar-quicksilver-bath-sal\/#primaryimage","url":"https:\/\/medicinasinc.com\/pt\/wp-content\/uploads\/sites\/20\/2022\/02\/Buy-Quicksilver-Bath-Salt.jpg","contentUrl":"https:\/\/medicinasinc.com\/pt\/wp-content\/uploads\/sites\/20\/2022\/02\/Buy-Quicksilver-Bath-Salt.jpg","width":600,"height":599},{"@type":"BreadcrumbList","@id":"https:\/\/medicinasinc.com\/pt\/product\/comprar-quicksilver-bath-sal\/#breadcrumb","itemListElement":[{"@type":"ListItem","position":1,"name":"Comprar","item":"https:\/\/medicinasinc.com\/pt\/comprar\/"},{"@type":"ListItem","position":2,"name":"Compre o sal de banho Merc\u00fario"}]},{"@type":"WebSite","@id":"https:\/\/medicinasinc.com\/pt\/#website","url":"https:\/\/medicinasinc.com\/pt\/","name":"Medicinas Inc","description":"Health Medical Clinic","potentialAction":[{"@type":"SearchAction","target":{"@type":"EntryPoint","urlTemplate":"https:\/\/medicinasinc.com\/pt\/?s={search_term_string}"},"query-input":{"@type":"PropertyValueSpecification","valueRequired":true,"valueName":"search_term_string"}}],"inLanguage":"pt-PT"}]}},"_links":{"self":[{"href":"https:\/\/medicinasinc.com\/pt\/wp-json\/wp\/v2\/product\/5652","targetHints":{"allow":["GET"]}}],"collection":[{"href":"https:\/\/medicinasinc.com\/pt\/wp-json\/wp\/v2\/product"}],"about":[{"href":"https:\/\/medicinasinc.com\/pt\/wp-json\/wp\/v2\/types\/product"}],"replies":[{"embeddable":true,"href":"https:\/\/medicinasinc.com\/pt\/wp-json\/wp\/v2\/comments?post=5652"}],"wp:featuredmedia":[{"embeddable":true,"href":"https:\/\/medicinasinc.com\/pt\/wp-json\/wp\/v2\/media\/5662"}],"wp:attachment":[{"href":"https:\/\/medicinasinc.com\/pt\/wp-json\/wp\/v2\/media?parent=5652"}],"wp:term":[{"taxonomy":"product_brand","embeddable":true,"href":"https:\/\/medicinasinc.com\/pt\/wp-json\/wp\/v2\/product_brand?post=5652"},{"taxonomy":"product_cat","embeddable":true,"href":"https:\/\/medicinasinc.com\/pt\/wp-json\/wp\/v2\/product_cat?post=5652"},{"taxonomy":"product_tag","embeddable":true,"href":"https:\/\/medicinasinc.com\/pt\/wp-json\/wp\/v2\/product_tag?post=5652"}],"curies":[{"name":"wp","href":"https:\/\/api.w.org\/{rel}","templated":true}]}}