{"id":5651,"date":"2022-02-22T03:22:57","date_gmt":"2022-02-22T03:22:57","guid":{"rendered":"https:\/\/medicinasinc.com\/pt\/?post_type=product&#038;p=5651"},"modified":"2022-07-05T23:01:26","modified_gmt":"2022-07-05T23:01:26","slug":"comprar-oxicodona-po","status":"publish","type":"product","link":"https:\/\/medicinasinc.com\/pt\/product\/comprar-oxicodona-po\/","title":{"rendered":"Compre p\u00f3 de oxicodona"},"content":{"rendered":"<p>Voc\u00ea pode comprar p\u00f3 de oxicodona de alta qualidade em um site como este:<br \/> O p\u00f3 de oxicodona \u00e0 venda pode ajud\u00e1-lo a acabar com sua dor e melhorar.<\/p>\n<p>A oxicodona est\u00e1 em um grupo de medicamentos chamado analg\u00e9sicos narc\u00f3ticos. \u00c9 usado para tratar a dor cr\u00f4nica que \u00e9 muito ruim quando outros tratamentos n\u00e3o funcionam bem o suficiente. Os formul\u00e1rios de prescri\u00e7\u00e3o deste medicamento destinam-se a ajudar as pessoas que t\u00eam artrite, c\u00e2ncer ou outros problemas f\u00edsicos durante todo o dia. A maneira como funciona \u00e9 semelhante \u00e0 forma como outros opi\u00e1ceos funcionam. Ele se liga a receptores no c\u00e9rebro e muda a forma como o c\u00e9rebro responde \u00e0 dor.<\/p>\n<p>O p\u00f3 de oxicodona \u00e0 venda \u00e9 um ingrediente poderoso em uma variedade de analg\u00e9sicos que v\u00eam em diferentes formas e tamanhos. Geralmente \u00e9 administrado com ibuprofeno e aspirina, mas tamb\u00e9m pode ser administrado sozinho.<\/p>\n<p>O p\u00f3 de oxicodona pode ser comprado on-line na loja mais conhecida dos Estados Unidos.<\/p>\n<p>Bestgoalmeds. com\u00a0Shop \u00e9 uma empresa de valor que vende os melhores medicamentos h\u00e1 mais de 15 anos. Em nossa loja, voc\u00ea pode comprar p\u00f3 de oxicodona cuja qualidade foi verificada em um laborat\u00f3rio licenciado. Dos EUA \u00e0 \u00c1sia, atendemos clientes de todo o mundo. \u00c9 f\u00e1cil comprar nossos produtos porque eles s\u00e3o legais e voc\u00ea n\u00e3o precisa se preocupar com nada. Quando se trata de n\u00f3s, mantemos tudo privado porque valorizamos sua privacidade. Entre em contato conosco se tiver alguma d\u00favida ou preocupa\u00e7\u00e3o!<\/p>\n","protected":false},"excerpt":{"rendered":"<div class=\"woocommerce-product-details__short-description\">\n<p>Compre o p\u00f3 de oxicodona no Reino Unido e na Europa em medicinasinc.com\/pt, onde voc\u00ea pode obt\u00ea-lo rapidamente de todo o mundo. \u00c9 aqui que voc\u00ea pode comprar o melhor p\u00f3 de oxicodona que encontrar.<\/p>\n<p>Voc\u00ea pode comprar p\u00f3 de oxicodona de alta qualidade on-line para dores moderadas a intensas quando precisar ficar sem dor o dia todo e a noite por um longo tempo.<\/p>\n<p>Voc\u00ea pode comprar p\u00f3 de oxicodona na internet pelo melhor pre\u00e7o. A USpharma Shop \u00e9 uma conhecida farm\u00e1cia online que vende medicamentos legais. Encomende on-line e economize tempo e dinheiro.<\/p>\n<p>Oxicodona (a granel) \u00e9 100% em p\u00f3. Oxicodona \u00e9 o nome gen\u00e9rico (em massa). Veja o cupom gr\u00e1tis. Nesta se\u00e7\u00e3o, voc\u00ea aprender\u00e1 como usar, o que ela faz, o que pode fazer e como evit\u00e1-la.<\/p>\n<p>Um dos muitos alcal\u00f3ides da papoula persa \u00e9 chamado teba\u00edna, e o p\u00f3 de oxicodona \u00e9 feito a partir deste alcal\u00f3ide. O p\u00f3 de oxicodona \u00e9 um p\u00f3 cristalino branco, inodoro, feito deste alcal\u00f3ide. O cloridrato de oxicodona se dissolve em \u00e1gua (1 g em 6 a 7 mL) e \u00e9 um pouco sol\u00favel em \u00e1lcool, mas n\u00e3o muito (o coeficiente de parti\u00e7\u00e3o da \u00e1gua octanol \u00e9 0,7).<\/p>\n<p>O cloridrato de oxicodona \u00e9 composto de 4 , cloridrato de 5a-epoxi-14-hidroxi-3-metoxi-17-metilmorfinan-6-ona, que \u00e9 o nome qu\u00edmico.<\/p>\n<p>Um analg\u00e9sico opi\u00f3ide semi-sint\u00e9tico chamado p\u00f3 de oxicodona \u00e9 usado para tratar moderada a dor forte. O p\u00f3 de oxicodona \u00e9 geralmente usado para tratar a dor moderada a grave. Quando a oxicodona foi produzida na Alemanha em 1917, ela fazia parte de um grupo de opioides semi-sint\u00e9ticos que foram feitos para melhorar os opioides existentes.<\/p>\n<\/p><\/div>\n","protected":false},"featured_media":5660,"comment_status":"open","ping_status":"closed","template":"","meta":[],"product_brand":[],"product_cat":[2014],"product_tag":[3416,3417,3415,3431,3423,3420,3421,3418,3419,3424,3429,3430,3425,3427,3428,3426,3422],"class_list":{"0":"post-5651","1":"product","2":"type-product","3":"status-publish","4":"has-post-thumbnail","6":"product_cat-compre-produtos-quimicos-de-pesquisa","7":"product_tag-buy-oxycodone-powder","8":"product_tag-ordem-oxicodona-p","9":"product_tag-melhor-lugar-para-comprar-oxicodona-p","10":"product_tag-onde-comprar-oxicodona-em-p","11":"product_tag-oxicodona-p-alemanha","12":"product_tag-oxicodona-p-europa","13":"product_tag-p-de-oxicodona--venda","14":"product_tag-oxycodone-powder-buy","15":"product_tag-oxycodone-powder-effect","16":"product_tag-oxycodone-powder-mail","17":"product_tag-oxycodone-powder-reddit","18":"product_tag-oxycodone-powder-sale","19":"product_tag-oxicodona-p-pedido-correio","20":"product_tag-ordem-de-p-de-oxicodona","21":"product_tag-oxicodona-p-c3-b3-ordem-uk","22":"product_tag-p-de-oxicodona-on-line","23":"product_tag-oxicodona-p-venda-uk","25":"first","26":"instock","27":"shipping-taxable","28":"purchasable","29":"product-type-variable","30":"has-default-attributes"},"yoast_head":"<!-- This site is optimized with the Yoast SEO plugin v27.3 - https:\/\/yoast.com\/product\/yoast-seo-wordpress\/ -->\n<title>Comprar p\u00f3 de oxicodona - p\u00f3 de oxicodona - Best Global Meds<\/title>\n<meta name=\"description\" content=\"Compre p\u00f3 de oxicodona Reino Unido, Europa na nossa loja online medicinasinc.com\/pt com entrega r\u00e1pida em todo o mundo! O melhor p\u00f3 de oxicodona para pedir voc\u00ea encontra aqui!\" \/>\n<meta name=\"robots\" content=\"index, follow, max-snippet:-1, max-image-preview:large, max-video-preview:-1\" \/>\n<link rel=\"canonical\" href=\"https:\/\/medicinasinc.com\/pt\/product\/comprar-oxicodona-po\/\" \/>\n<meta property=\"og:locale\" content=\"pt_PT\" \/>\n<meta property=\"og:type\" content=\"article\" \/>\n<meta property=\"og:title\" content=\"Comprar p\u00f3 de oxicodona - p\u00f3 de oxicodona - Best Global Meds\" \/>\n<meta property=\"og:description\" content=\"Compre p\u00f3 de oxicodona Reino Unido, Europa na nossa loja online medicinasinc.com\/pt com entrega r\u00e1pida em todo o mundo! O melhor p\u00f3 de oxicodona para pedir voc\u00ea encontra aqui!\" \/>\n<meta property=\"og:url\" content=\"https:\/\/medicinasinc.com\/pt\/product\/comprar-oxicodona-po\/\" \/>\n<meta property=\"og:site_name\" content=\"Medicinas Inc\" \/>\n<meta property=\"article:modified_time\" content=\"2022-07-05T23:01:26+00:00\" \/>\n<meta property=\"og:image\" content=\"https:\/\/medicinasinc.com\/pt\/wp-content\/uploads\/sites\/20\/2022\/02\/Buy-oxycodone-powder.jpeg\" \/>\n\t<meta property=\"og:image:width\" content=\"510\" \/>\n\t<meta property=\"og:image:height\" content=\"389\" \/>\n\t<meta property=\"og:image:type\" content=\"image\/jpeg\" \/>\n<meta name=\"twitter:card\" content=\"summary_large_image\" \/>\n<meta name=\"twitter:label1\" content=\"Tempo estimado de leitura\" \/>\n\t<meta name=\"twitter:data1\" content=\"2 minutos\" \/>\n<script type=\"application\/ld+json\" class=\"yoast-schema-graph\">{\"@context\":\"https:\\\/\\\/schema.org\",\"@graph\":[{\"@type\":\"WebPage\",\"@id\":\"https:\\\/\\\/medicinasinc.com\\\/pt\\\/product\\\/comprar-oxicodona-po\\\/\",\"url\":\"https:\\\/\\\/medicinasinc.com\\\/pt\\\/product\\\/comprar-oxicodona-po\\\/\",\"name\":\"Comprar p\u00f3 de oxicodona - p\u00f3 de oxicodona - Best Global Meds\",\"isPartOf\":{\"@id\":\"https:\\\/\\\/medicinasinc.com\\\/pt\\\/#website\"},\"primaryImageOfPage\":{\"@id\":\"https:\\\/\\\/medicinasinc.com\\\/pt\\\/product\\\/comprar-oxicodona-po\\\/#primaryimage\"},\"image\":{\"@id\":\"https:\\\/\\\/medicinasinc.com\\\/pt\\\/product\\\/comprar-oxicodona-po\\\/#primaryimage\"},\"thumbnailUrl\":\"https:\\\/\\\/medicinasinc.com\\\/pt\\\/wp-content\\\/uploads\\\/sites\\\/20\\\/2022\\\/02\\\/Buy-oxycodone-powder.jpeg\",\"datePublished\":\"2022-02-22T03:22:57+00:00\",\"dateModified\":\"2022-07-05T23:01:26+00:00\",\"description\":\"Compre p\u00f3 de oxicodona Reino Unido, Europa na nossa loja online medicinasinc.com\\\/pt com entrega r\u00e1pida em todo o mundo! O melhor p\u00f3 de oxicodona para pedir voc\u00ea encontra aqui!\",\"breadcrumb\":{\"@id\":\"https:\\\/\\\/medicinasinc.com\\\/pt\\\/product\\\/comprar-oxicodona-po\\\/#breadcrumb\"},\"inLanguage\":\"pt-PT\",\"potentialAction\":[{\"@type\":\"ReadAction\",\"target\":[\"https:\\\/\\\/medicinasinc.com\\\/pt\\\/product\\\/comprar-oxicodona-po\\\/\"]}]},{\"@type\":\"ImageObject\",\"inLanguage\":\"pt-PT\",\"@id\":\"https:\\\/\\\/medicinasinc.com\\\/pt\\\/product\\\/comprar-oxicodona-po\\\/#primaryimage\",\"url\":\"https:\\\/\\\/medicinasinc.com\\\/pt\\\/wp-content\\\/uploads\\\/sites\\\/20\\\/2022\\\/02\\\/Buy-oxycodone-powder.jpeg\",\"contentUrl\":\"https:\\\/\\\/medicinasinc.com\\\/pt\\\/wp-content\\\/uploads\\\/sites\\\/20\\\/2022\\\/02\\\/Buy-oxycodone-powder.jpeg\",\"width\":510,\"height\":389},{\"@type\":\"BreadcrumbList\",\"@id\":\"https:\\\/\\\/medicinasinc.com\\\/pt\\\/product\\\/comprar-oxicodona-po\\\/#breadcrumb\",\"itemListElement\":[{\"@type\":\"ListItem\",\"position\":1,\"name\":\"Comprar\",\"item\":\"https:\\\/\\\/medicinasinc.com\\\/pt\\\/comprar\\\/\"},{\"@type\":\"ListItem\",\"position\":2,\"name\":\"Compre p\u00f3 de oxicodona\"}]},{\"@type\":\"WebSite\",\"@id\":\"https:\\\/\\\/medicinasinc.com\\\/pt\\\/#website\",\"url\":\"https:\\\/\\\/medicinasinc.com\\\/pt\\\/\",\"name\":\"Medicinas Inc\",\"description\":\"Health Medical Clinic\",\"potentialAction\":[{\"@type\":\"SearchAction\",\"target\":{\"@type\":\"EntryPoint\",\"urlTemplate\":\"https:\\\/\\\/medicinasinc.com\\\/pt\\\/?s={search_term_string}\"},\"query-input\":{\"@type\":\"PropertyValueSpecification\",\"valueRequired\":true,\"valueName\":\"search_term_string\"}}],\"inLanguage\":\"pt-PT\"}]}<\/script>\n<!-- \/ Yoast SEO plugin. -->","yoast_head_json":{"title":"Comprar p\u00f3 de oxicodona - p\u00f3 de oxicodona - Best Global Meds","description":"Compre p\u00f3 de oxicodona Reino Unido, Europa na nossa loja online medicinasinc.com\/pt com entrega r\u00e1pida em todo o mundo! O melhor p\u00f3 de oxicodona para pedir voc\u00ea encontra aqui!","robots":{"index":"index","follow":"follow","max-snippet":"max-snippet:-1","max-image-preview":"max-image-preview:large","max-video-preview":"max-video-preview:-1"},"canonical":"https:\/\/medicinasinc.com\/pt\/product\/comprar-oxicodona-po\/","og_locale":"pt_PT","og_type":"article","og_title":"Comprar p\u00f3 de oxicodona - p\u00f3 de oxicodona - Best Global Meds","og_description":"Compre p\u00f3 de oxicodona Reino Unido, Europa na nossa loja online medicinasinc.com\/pt com entrega r\u00e1pida em todo o mundo! O melhor p\u00f3 de oxicodona para pedir voc\u00ea encontra aqui!","og_url":"https:\/\/medicinasinc.com\/pt\/product\/comprar-oxicodona-po\/","og_site_name":"Medicinas Inc","article_modified_time":"2022-07-05T23:01:26+00:00","og_image":[{"width":510,"height":389,"url":"https:\/\/medicinasinc.com\/pt\/wp-content\/uploads\/sites\/20\/2022\/02\/Buy-oxycodone-powder.jpeg","type":"image\/jpeg"}],"twitter_card":"summary_large_image","twitter_misc":{"Tempo estimado de leitura":"2 minutos"},"schema":{"@context":"https:\/\/schema.org","@graph":[{"@type":"WebPage","@id":"https:\/\/medicinasinc.com\/pt\/product\/comprar-oxicodona-po\/","url":"https:\/\/medicinasinc.com\/pt\/product\/comprar-oxicodona-po\/","name":"Comprar p\u00f3 de oxicodona - p\u00f3 de oxicodona - Best Global Meds","isPartOf":{"@id":"https:\/\/medicinasinc.com\/pt\/#website"},"primaryImageOfPage":{"@id":"https:\/\/medicinasinc.com\/pt\/product\/comprar-oxicodona-po\/#primaryimage"},"image":{"@id":"https:\/\/medicinasinc.com\/pt\/product\/comprar-oxicodona-po\/#primaryimage"},"thumbnailUrl":"https:\/\/medicinasinc.com\/pt\/wp-content\/uploads\/sites\/20\/2022\/02\/Buy-oxycodone-powder.jpeg","datePublished":"2022-02-22T03:22:57+00:00","dateModified":"2022-07-05T23:01:26+00:00","description":"Compre p\u00f3 de oxicodona Reino Unido, Europa na nossa loja online medicinasinc.com\/pt com entrega r\u00e1pida em todo o mundo! O melhor p\u00f3 de oxicodona para pedir voc\u00ea encontra aqui!","breadcrumb":{"@id":"https:\/\/medicinasinc.com\/pt\/product\/comprar-oxicodona-po\/#breadcrumb"},"inLanguage":"pt-PT","potentialAction":[{"@type":"ReadAction","target":["https:\/\/medicinasinc.com\/pt\/product\/comprar-oxicodona-po\/"]}]},{"@type":"ImageObject","inLanguage":"pt-PT","@id":"https:\/\/medicinasinc.com\/pt\/product\/comprar-oxicodona-po\/#primaryimage","url":"https:\/\/medicinasinc.com\/pt\/wp-content\/uploads\/sites\/20\/2022\/02\/Buy-oxycodone-powder.jpeg","contentUrl":"https:\/\/medicinasinc.com\/pt\/wp-content\/uploads\/sites\/20\/2022\/02\/Buy-oxycodone-powder.jpeg","width":510,"height":389},{"@type":"BreadcrumbList","@id":"https:\/\/medicinasinc.com\/pt\/product\/comprar-oxicodona-po\/#breadcrumb","itemListElement":[{"@type":"ListItem","position":1,"name":"Comprar","item":"https:\/\/medicinasinc.com\/pt\/comprar\/"},{"@type":"ListItem","position":2,"name":"Compre p\u00f3 de oxicodona"}]},{"@type":"WebSite","@id":"https:\/\/medicinasinc.com\/pt\/#website","url":"https:\/\/medicinasinc.com\/pt\/","name":"Medicinas Inc","description":"Health Medical Clinic","potentialAction":[{"@type":"SearchAction","target":{"@type":"EntryPoint","urlTemplate":"https:\/\/medicinasinc.com\/pt\/?s={search_term_string}"},"query-input":{"@type":"PropertyValueSpecification","valueRequired":true,"valueName":"search_term_string"}}],"inLanguage":"pt-PT"}]}},"_links":{"self":[{"href":"https:\/\/medicinasinc.com\/pt\/wp-json\/wp\/v2\/product\/5651","targetHints":{"allow":["GET"]}}],"collection":[{"href":"https:\/\/medicinasinc.com\/pt\/wp-json\/wp\/v2\/product"}],"about":[{"href":"https:\/\/medicinasinc.com\/pt\/wp-json\/wp\/v2\/types\/product"}],"replies":[{"embeddable":true,"href":"https:\/\/medicinasinc.com\/pt\/wp-json\/wp\/v2\/comments?post=5651"}],"wp:featuredmedia":[{"embeddable":true,"href":"https:\/\/medicinasinc.com\/pt\/wp-json\/wp\/v2\/media\/5660"}],"wp:attachment":[{"href":"https:\/\/medicinasinc.com\/pt\/wp-json\/wp\/v2\/media?parent=5651"}],"wp:term":[{"taxonomy":"product_brand","embeddable":true,"href":"https:\/\/medicinasinc.com\/pt\/wp-json\/wp\/v2\/product_brand?post=5651"},{"taxonomy":"product_cat","embeddable":true,"href":"https:\/\/medicinasinc.com\/pt\/wp-json\/wp\/v2\/product_cat?post=5651"},{"taxonomy":"product_tag","embeddable":true,"href":"https:\/\/medicinasinc.com\/pt\/wp-json\/wp\/v2\/product_tag?post=5651"}],"curies":[{"name":"wp","href":"https:\/\/api.w.org\/{rel}","templated":true}]}}