{"id":5638,"date":"2022-02-22T03:11:29","date_gmt":"2022-02-22T03:11:29","guid":{"rendered":"https:\/\/medicinasinc.com\/pt\/?post_type=product&#038;p=5638"},"modified":"2022-07-05T23:01:42","modified_gmt":"2022-07-05T23:01:42","slug":"comprar-sextacia-sal-de-banho","status":"publish","type":"product","link":"https:\/\/medicinasinc.com\/pt\/product\/comprar-sextacia-sal-de-banho\/","title":{"rendered":"Compre o sal de banho Sextacy"},"content":{"rendered":"<p>Compre o Sal de Banho Sextacy em uma loja online como esta:<br \/> Compre alguns Sais de Banho Sextacy para usar no banho.<\/p>\n<p>Este \u00e9 um sal de banho concentrado. No entanto, voc\u00ea ainda pode relaxar e deixar Sextacy tirar sua mente das coisas por um tempo. Tome um banho quente e adicione o conte\u00fado. Isso suavizar\u00e1 a \u00e1gua naturalmente, o que far\u00e1 voc\u00ea se sentir muito calmo e tranquilo.<\/p>\n<p>\u00c9 muito importante que voc\u00ea comece com uma quantidade muito pequena de sal de banho Sextacy para ver como seu corpo reage. Como o Sextacy Ultimate \u00e9 t\u00e3o forte, voc\u00ea pode precisar usar mais dele em seu banho para obter o relaxamento completo que deseja.<\/p>\n<p>Sextacy \u00e9 um grande neg\u00f3cio.<\/p>\n<p>No teste de MP , o que aconteceu foi o seguinte:<\/p>\n<p>Se o Ivory Wave n\u00e3o for suficiente para voc\u00ea, esta \u00e9 a vers\u00e3o mais forte de um produto excelente e sofisticado. \u00c9 muito semelhante ao Ivory Wave, mas tem alguns ingredientes extras que o tornam ainda melhor. No entanto, deixa voc\u00ea com muito tes\u00e3o e faz voc\u00ea se sentir como se estivesse em um sonho no meio do banho. Ser\u00e1 muito forte e voc\u00ea deve ter cuidado ao us\u00e1-lo. Vai fazer seu banho muito r\u00e1pido. Comece com muito pouco. Por 6 a 9 horas, chega em cerca de 10 minutos e dura tanto tempo. No entanto, o sal de banho Sextacy \u00e9 muito semelhante ao Ivory Ultra, mas ainda tem seu pr\u00f3prio toque m\u00e1gico LOL. No entanto, este \u00e9 um \u00f3timo produto, ent\u00e3o eu o recomendaria com cautela e continuaria com o feedback! Um must-have!<\/p>\n<p>Bicarbonato de s\u00f3dio, cloreto de s\u00f3dio, sal marinho profundo, minerais e outros oligoelementos naturais s\u00e3o alguns dos ingredientes.<\/p>\n<p>Legalidade: Este produto \u00e9 legal em todos os pa\u00edses porque \u00e9 feito com ervas.<\/p>\n<p>Neste caso, os Sais de Banho Concentrados White Girl 500mg s\u00e3o o que voc\u00ea precisa.<br \/> 500mg de Sais de Banho White Lady<br \/> Os Sais de Banho Concentrados Bliss t\u00eam 500mg de sal em cada saco.<br \/> Os Sais de Banho Snow Leopard t\u00eam 500mg deles em cada saco.<br \/> 500mg de sais de banho extra da Lunar Wave. 500mg de sal de banho concentrado da White Horse.<br \/> 500mg de sais de banho revigorantes<br \/> 500mg de sal de banho Cloud 10<br \/> Blue Magic: 500mg sais de banho<br \/> O sal de banho com o nome Scarface tem 500mg disso.<br \/> Muito mais pessoas tamb\u00e9m.<\/p>\n","protected":false},"excerpt":{"rendered":"<div class=\"woocommerce-product-details__short-description\">\n<p>\u00c9 f\u00e1cil comprar o Sal de Banho Sextacy online na nossa loja medicinasinc.com\/pt e receb\u00ea-lo rapidamente em sua casa na Europa e no Reino Unido . O melhor lugar para comprar o Sal de Banho Sextacy \u00e9 aqui!<\/p>\n<p>Compre 50 pacotes de sal de banho Sextacy concentrado na internet. Sextacy concentrado: 10 pacotes de 10 Compre sextacy concentrado 20 pacotes de sal de banho na internet.<\/p>\n<p>Existem muitos sites onde voc\u00ea pode comprar muitos sais de banho por muito dinheiro.<\/p>\n<p>Online, voc\u00ea pode comprar sais de banho sextacy da Global Medicine. Sal de banho sextacy para pre\u00e7os de venda podem ser encontrados lendo este texto<\/p>\n<\/p><\/div>\n","protected":false},"featured_media":5650,"comment_status":"open","ping_status":"closed","template":"","meta":[],"product_brand":[],"product_cat":[2014],"product_tag":[3397,3398,3399,3406,3410,3400,3413,3396,3405,3401,3404,3402,3414,3409,3408,3411,3403,3407,3412],"class_list":{"0":"post-5638","1":"product","2":"type-product","3":"status-publish","4":"has-post-thumbnail","6":"product_cat-compre-produtos-quimicos-de-pesquisa","7":"product_tag-best-sextacy-bath-salt","8":"product_tag-buy-sextacy-bath-salt","9":"product_tag-comprar-sextacy-sais-de-banho-uk","10":"product_tag-efeito-de-sal-de-banho-de-sextacia","11":"product_tag-sextacia-banho-sal-ordem","12":"product_tag-ordem-sextacia-sal-de-banho","13":"product_tag-sextacy-bath-sal-fornecedor","14":"product_tag-melhor-lugar-para-comprar-sextacy-bath-sal","15":"product_tag-sextacy-banho-sal-china","16":"product_tag-revender-sextacia-sal-de-banho","17":"product_tag-sextacy-banho-sal-comprar","18":"product_tag-sal-de-banho-sextacia","19":"product_tag-sextacy-banho-sal-atacado","20":"product_tag-sextacy-bath-salt-online","21":"product_tag-sal-de-banho-sextacy-para-venda","22":"product_tag-sextacy-bath-sal-reddit","23":"product_tag-sextacy-bath-sal-alibaba","24":"product_tag-sextacy-bath-salt-europe","25":"product_tag-sextacy-banho-sal-venda","27":"first","28":"instock","29":"shipping-taxable","30":"purchasable","31":"product-type-variable"},"yoast_head":"<!-- This site is optimized with the Yoast SEO plugin v27.3 - https:\/\/yoast.com\/product\/yoast-seo-wordpress\/ -->\n<title>Compre Sextacy Bath Salt - Sextacy Bath Salt - Best Global Meds<\/title>\n<meta name=\"description\" content=\"Compre o Sal de Banho Sextacy \u00e0 venda no Reino Unido, Europa na nossa loja online medicinasinc.com\/pt com entrega r\u00e1pida em todo o mundo! O melhor Sal de Banho Sextacy para encomendar voc\u00ea encontra!\" \/>\n<meta name=\"robots\" content=\"index, follow, max-snippet:-1, max-image-preview:large, max-video-preview:-1\" \/>\n<link rel=\"canonical\" href=\"https:\/\/medicinasinc.com\/pt\/product\/comprar-sextacia-sal-de-banho\/\" \/>\n<meta property=\"og:locale\" content=\"pt_PT\" \/>\n<meta property=\"og:type\" content=\"article\" \/>\n<meta property=\"og:title\" content=\"Compre Sextacy Bath Salt - Sextacy Bath Salt - Best Global Meds\" \/>\n<meta property=\"og:description\" content=\"Compre o Sal de Banho Sextacy \u00e0 venda no Reino Unido, Europa na nossa loja online medicinasinc.com\/pt com entrega r\u00e1pida em todo o mundo! O melhor Sal de Banho Sextacy para encomendar voc\u00ea encontra!\" \/>\n<meta property=\"og:url\" content=\"https:\/\/medicinasinc.com\/pt\/product\/comprar-sextacia-sal-de-banho\/\" \/>\n<meta property=\"og:site_name\" content=\"Medicinas Inc\" \/>\n<meta property=\"article:modified_time\" content=\"2022-07-05T23:01:42+00:00\" \/>\n<meta property=\"og:image\" content=\"https:\/\/medicinasinc.com\/pt\/wp-content\/uploads\/sites\/20\/2022\/02\/Buy-Sextacy-Bath-Salt.jpg\" \/>\n\t<meta property=\"og:image:width\" content=\"600\" \/>\n\t<meta property=\"og:image:height\" content=\"600\" \/>\n\t<meta property=\"og:image:type\" content=\"image\/jpeg\" \/>\n<meta name=\"twitter:card\" content=\"summary_large_image\" \/>\n<meta name=\"twitter:label1\" content=\"Tempo estimado de leitura\" \/>\n\t<meta name=\"twitter:data1\" content=\"2 minutos\" \/>\n<script type=\"application\/ld+json\" class=\"yoast-schema-graph\">{\"@context\":\"https:\\\/\\\/schema.org\",\"@graph\":[{\"@type\":\"WebPage\",\"@id\":\"https:\\\/\\\/medicinasinc.com\\\/pt\\\/product\\\/comprar-sextacia-sal-de-banho\\\/\",\"url\":\"https:\\\/\\\/medicinasinc.com\\\/pt\\\/product\\\/comprar-sextacia-sal-de-banho\\\/\",\"name\":\"Compre Sextacy Bath Salt - Sextacy Bath Salt - Best Global Meds\",\"isPartOf\":{\"@id\":\"https:\\\/\\\/medicinasinc.com\\\/pt\\\/#website\"},\"primaryImageOfPage\":{\"@id\":\"https:\\\/\\\/medicinasinc.com\\\/pt\\\/product\\\/comprar-sextacia-sal-de-banho\\\/#primaryimage\"},\"image\":{\"@id\":\"https:\\\/\\\/medicinasinc.com\\\/pt\\\/product\\\/comprar-sextacia-sal-de-banho\\\/#primaryimage\"},\"thumbnailUrl\":\"https:\\\/\\\/medicinasinc.com\\\/pt\\\/wp-content\\\/uploads\\\/sites\\\/20\\\/2022\\\/02\\\/Buy-Sextacy-Bath-Salt.jpg\",\"datePublished\":\"2022-02-22T03:11:29+00:00\",\"dateModified\":\"2022-07-05T23:01:42+00:00\",\"description\":\"Compre o Sal de Banho Sextacy \u00e0 venda no Reino Unido, Europa na nossa loja online medicinasinc.com\\\/pt com entrega r\u00e1pida em todo o mundo! O melhor Sal de Banho Sextacy para encomendar voc\u00ea encontra!\",\"breadcrumb\":{\"@id\":\"https:\\\/\\\/medicinasinc.com\\\/pt\\\/product\\\/comprar-sextacia-sal-de-banho\\\/#breadcrumb\"},\"inLanguage\":\"pt-PT\",\"potentialAction\":[{\"@type\":\"ReadAction\",\"target\":[\"https:\\\/\\\/medicinasinc.com\\\/pt\\\/product\\\/comprar-sextacia-sal-de-banho\\\/\"]}]},{\"@type\":\"ImageObject\",\"inLanguage\":\"pt-PT\",\"@id\":\"https:\\\/\\\/medicinasinc.com\\\/pt\\\/product\\\/comprar-sextacia-sal-de-banho\\\/#primaryimage\",\"url\":\"https:\\\/\\\/medicinasinc.com\\\/pt\\\/wp-content\\\/uploads\\\/sites\\\/20\\\/2022\\\/02\\\/Buy-Sextacy-Bath-Salt.jpg\",\"contentUrl\":\"https:\\\/\\\/medicinasinc.com\\\/pt\\\/wp-content\\\/uploads\\\/sites\\\/20\\\/2022\\\/02\\\/Buy-Sextacy-Bath-Salt.jpg\",\"width\":600,\"height\":600},{\"@type\":\"BreadcrumbList\",\"@id\":\"https:\\\/\\\/medicinasinc.com\\\/pt\\\/product\\\/comprar-sextacia-sal-de-banho\\\/#breadcrumb\",\"itemListElement\":[{\"@type\":\"ListItem\",\"position\":1,\"name\":\"Comprar\",\"item\":\"https:\\\/\\\/medicinasinc.com\\\/pt\\\/comprar\\\/\"},{\"@type\":\"ListItem\",\"position\":2,\"name\":\"Compre o sal de banho Sextacy\"}]},{\"@type\":\"WebSite\",\"@id\":\"https:\\\/\\\/medicinasinc.com\\\/pt\\\/#website\",\"url\":\"https:\\\/\\\/medicinasinc.com\\\/pt\\\/\",\"name\":\"Medicinas Inc\",\"description\":\"Health Medical Clinic\",\"potentialAction\":[{\"@type\":\"SearchAction\",\"target\":{\"@type\":\"EntryPoint\",\"urlTemplate\":\"https:\\\/\\\/medicinasinc.com\\\/pt\\\/?s={search_term_string}\"},\"query-input\":{\"@type\":\"PropertyValueSpecification\",\"valueRequired\":true,\"valueName\":\"search_term_string\"}}],\"inLanguage\":\"pt-PT\"}]}<\/script>\n<!-- \/ Yoast SEO plugin. -->","yoast_head_json":{"title":"Compre Sextacy Bath Salt - Sextacy Bath Salt - Best Global Meds","description":"Compre o Sal de Banho Sextacy \u00e0 venda no Reino Unido, Europa na nossa loja online medicinasinc.com\/pt com entrega r\u00e1pida em todo o mundo! O melhor Sal de Banho Sextacy para encomendar voc\u00ea encontra!","robots":{"index":"index","follow":"follow","max-snippet":"max-snippet:-1","max-image-preview":"max-image-preview:large","max-video-preview":"max-video-preview:-1"},"canonical":"https:\/\/medicinasinc.com\/pt\/product\/comprar-sextacia-sal-de-banho\/","og_locale":"pt_PT","og_type":"article","og_title":"Compre Sextacy Bath Salt - Sextacy Bath Salt - Best Global Meds","og_description":"Compre o Sal de Banho Sextacy \u00e0 venda no Reino Unido, Europa na nossa loja online medicinasinc.com\/pt com entrega r\u00e1pida em todo o mundo! O melhor Sal de Banho Sextacy para encomendar voc\u00ea encontra!","og_url":"https:\/\/medicinasinc.com\/pt\/product\/comprar-sextacia-sal-de-banho\/","og_site_name":"Medicinas Inc","article_modified_time":"2022-07-05T23:01:42+00:00","og_image":[{"width":600,"height":600,"url":"https:\/\/medicinasinc.com\/pt\/wp-content\/uploads\/sites\/20\/2022\/02\/Buy-Sextacy-Bath-Salt.jpg","type":"image\/jpeg"}],"twitter_card":"summary_large_image","twitter_misc":{"Tempo estimado de leitura":"2 minutos"},"schema":{"@context":"https:\/\/schema.org","@graph":[{"@type":"WebPage","@id":"https:\/\/medicinasinc.com\/pt\/product\/comprar-sextacia-sal-de-banho\/","url":"https:\/\/medicinasinc.com\/pt\/product\/comprar-sextacia-sal-de-banho\/","name":"Compre Sextacy Bath Salt - Sextacy Bath Salt - Best Global Meds","isPartOf":{"@id":"https:\/\/medicinasinc.com\/pt\/#website"},"primaryImageOfPage":{"@id":"https:\/\/medicinasinc.com\/pt\/product\/comprar-sextacia-sal-de-banho\/#primaryimage"},"image":{"@id":"https:\/\/medicinasinc.com\/pt\/product\/comprar-sextacia-sal-de-banho\/#primaryimage"},"thumbnailUrl":"https:\/\/medicinasinc.com\/pt\/wp-content\/uploads\/sites\/20\/2022\/02\/Buy-Sextacy-Bath-Salt.jpg","datePublished":"2022-02-22T03:11:29+00:00","dateModified":"2022-07-05T23:01:42+00:00","description":"Compre o Sal de Banho Sextacy \u00e0 venda no Reino Unido, Europa na nossa loja online medicinasinc.com\/pt com entrega r\u00e1pida em todo o mundo! O melhor Sal de Banho Sextacy para encomendar voc\u00ea encontra!","breadcrumb":{"@id":"https:\/\/medicinasinc.com\/pt\/product\/comprar-sextacia-sal-de-banho\/#breadcrumb"},"inLanguage":"pt-PT","potentialAction":[{"@type":"ReadAction","target":["https:\/\/medicinasinc.com\/pt\/product\/comprar-sextacia-sal-de-banho\/"]}]},{"@type":"ImageObject","inLanguage":"pt-PT","@id":"https:\/\/medicinasinc.com\/pt\/product\/comprar-sextacia-sal-de-banho\/#primaryimage","url":"https:\/\/medicinasinc.com\/pt\/wp-content\/uploads\/sites\/20\/2022\/02\/Buy-Sextacy-Bath-Salt.jpg","contentUrl":"https:\/\/medicinasinc.com\/pt\/wp-content\/uploads\/sites\/20\/2022\/02\/Buy-Sextacy-Bath-Salt.jpg","width":600,"height":600},{"@type":"BreadcrumbList","@id":"https:\/\/medicinasinc.com\/pt\/product\/comprar-sextacia-sal-de-banho\/#breadcrumb","itemListElement":[{"@type":"ListItem","position":1,"name":"Comprar","item":"https:\/\/medicinasinc.com\/pt\/comprar\/"},{"@type":"ListItem","position":2,"name":"Compre o sal de banho Sextacy"}]},{"@type":"WebSite","@id":"https:\/\/medicinasinc.com\/pt\/#website","url":"https:\/\/medicinasinc.com\/pt\/","name":"Medicinas Inc","description":"Health Medical Clinic","potentialAction":[{"@type":"SearchAction","target":{"@type":"EntryPoint","urlTemplate":"https:\/\/medicinasinc.com\/pt\/?s={search_term_string}"},"query-input":{"@type":"PropertyValueSpecification","valueRequired":true,"valueName":"search_term_string"}}],"inLanguage":"pt-PT"}]}},"_links":{"self":[{"href":"https:\/\/medicinasinc.com\/pt\/wp-json\/wp\/v2\/product\/5638","targetHints":{"allow":["GET"]}}],"collection":[{"href":"https:\/\/medicinasinc.com\/pt\/wp-json\/wp\/v2\/product"}],"about":[{"href":"https:\/\/medicinasinc.com\/pt\/wp-json\/wp\/v2\/types\/product"}],"replies":[{"embeddable":true,"href":"https:\/\/medicinasinc.com\/pt\/wp-json\/wp\/v2\/comments?post=5638"}],"wp:featuredmedia":[{"embeddable":true,"href":"https:\/\/medicinasinc.com\/pt\/wp-json\/wp\/v2\/media\/5650"}],"wp:attachment":[{"href":"https:\/\/medicinasinc.com\/pt\/wp-json\/wp\/v2\/media?parent=5638"}],"wp:term":[{"taxonomy":"product_brand","embeddable":true,"href":"https:\/\/medicinasinc.com\/pt\/wp-json\/wp\/v2\/product_brand?post=5638"},{"taxonomy":"product_cat","embeddable":true,"href":"https:\/\/medicinasinc.com\/pt\/wp-json\/wp\/v2\/product_cat?post=5638"},{"taxonomy":"product_tag","embeddable":true,"href":"https:\/\/medicinasinc.com\/pt\/wp-json\/wp\/v2\/product_tag?post=5638"}],"curies":[{"name":"wp","href":"https:\/\/api.w.org\/{rel}","templated":true}]}}