{"id":5637,"date":"2022-02-22T03:10:06","date_gmt":"2022-02-22T03:10:06","guid":{"rendered":"https:\/\/medicinasinc.com\/pt\/?post_type=product&#038;p=5637"},"modified":"2022-07-05T23:01:57","modified_gmt":"2022-07-05T23:01:57","slug":"comprar-brilho-sal-de-banho","status":"publish","type":"product","link":"https:\/\/medicinasinc.com\/pt\/product\/comprar-brilho-sal-de-banho\/","title":{"rendered":"Compre sal de banho brilhante"},"content":{"rendered":"<p>Detalhes sobre o produto<\/p>\n<p>Ao usar nossos SAIS DE BANHO ESPUMANTES, voc\u00ea pode tornar seu tempo na banheira mais agrad\u00e1vel. Este aditivo de banho premium tem sais do mar morto e sais de epsom que ajudam o corpo a se livrar de toxinas. Leite de coco em p\u00f3, prote\u00edna de aveia e argila de caulim suavizam e nutrem a pele. Os \u00f3leos de eucalipto, zimbro e lavanda ajudam as pessoas a relaxar, dormir melhor e ter benef\u00edcios de aromaterapia.<\/p>\n<p>SAIS DE BANHO ESPUMANTES v\u00eam em uma jarra de vidro personalizada de 10 on\u00e7as que \u00e9 envolta em ervas marinhas. O interior da tampa \u00e9 usado para medir os sais.<\/p>\n<p>A BOLSA ZERO WASTE REFILL \u00e9 feita de papel que pode ser compostado em casa. \u00c9 a nossa resposta aos sacos de sal de banho de pl\u00e1stico descart\u00e1veis \u200b\u200bque costum\u00e1vamos fazer antes. Se uma bolsa tiver a certifica\u00e7\u00e3o OK HOME da \u00c1ustria, isso significa que ela se decompor\u00e1 completamente na pilha de compostagem do seu jardim. A bolsa ZERO WASTE REFILL cont\u00e9m 10 on\u00e7as de sal.<\/p>\n<p>Como usar<\/p>\n<p>Despeje 2-3 a tr\u00eas tampinhas em um copo de \u00e1gua morna com a tampa no interior da a colher. Voc\u00ea pode dizer quando \u00e9 hora de entrar no corpo pelas bolhas suaves e um pouco de brilho.<\/p>\n<p>Ap\u00f3s o banho, n\u00e3o h\u00e1 necessidade de enxaguar. Voc\u00ea pode dar um tapinha no corpo com uma toalha. Siga com \u00f3leo corporal para manter a umidade.<\/p>\n<p>Ingredientes<\/p>\n<p>Sulfato de magn\u00e9sio, extrato de Cocos Nucifera, argila de caulim, p\u00f3 de mica e s\u00f3dio de s\u00f3dio s\u00e3o alguns dos ingredientes do Maris Sal , que tamb\u00e9m \u00e9 conhecido como Sal do Mar Morto ou Sal Marinho.<\/p>\n<p>Prote\u00edna de Aveia Hidratada (Prote\u00edna de Aveia) e Bicarbonato<\/p>\n<p>P\u00d3: Prata Coloidal, Extrato de frutas Vaccinium angustifolium (extrato de mirtilo), Coco-Glucoside, \u00f3leo de folha de Eucalyptus globulus, \u00f3leo de flor de Lavandula angustifolia, \u00f3leo de madeira de Juniperus communis e \u00f3leo de flor de Lavandula angustifolia (\u00f3leo essencial de zimbro)<\/p>\n<div class=\"product-next-previous\">\n<div class=\" product-prev\"><\/div><\/div>\n","protected":false},"excerpt":{"rendered":"<p>Voc\u00ea pode comprar sal de banho brilhante \u00e0 venda no Reino Unido, na UE e na Austr\u00e1lia. As pessoas que compram conosco podem ter certeza de que receber\u00e3o o que pagaram. Com os melhores pre\u00e7os, compre agora o Sal de Banho Sparkle!<\/p>\n<p>Certifique-se de comprar JENAM LIVE LOVE SPARKLE BATH SALT CUP ao melhor pre\u00e7o online na Holanda e nos EUA. Compre algo da Best Global Meds agora. Eles t\u00eam \u00f3timos pre\u00e7os!<\/p>\n<p>Sal de banho concentrado das melhores marcas. Um must-have para qualquer stargazer. Voc\u00ea se sentir\u00e1 t\u00e3o brilhante quanto as estrelas.<\/p>\n","protected":false},"featured_media":5648,"comment_status":"open","ping_status":"closed","template":"","meta":[],"product_brand":[],"product_cat":[610,2014],"product_tag":[3390,3380,3381,3382,3388,3383,3394,3395,3384,3387,3391,3386,3385,3389,3393,3392],"class_list":{"0":"post-5637","1":"product","2":"type-product","3":"status-publish","4":"has-post-thumbnail","6":"product_cat-comprar-haxixe-haxixe","7":"product_cat-compre-produtos-quimicos-de-pesquisa","8":"product_tag-brilho-banho-sal-compra","9":"product_tag-comprar-brilho-sal-de-banho","10":"product_tag-buy-sparkle-bath-salt-europe","11":"product_tag-buy-sparkle-bath-salt-uk","12":"product_tag-sparkle-bath-salt-order","13":"product_tag-ordem-brilho-sal-de-banho","14":"product_tag-onde-comprar-sal-de-banho-cintilante","15":"product_tag-onde-pedir-sal-de-banho-brilhante","16":"product_tag-brilho-banho-sal-comprar","17":"product_tag-sparkle-bath-salt-online","18":"product_tag-brilho-banho-sal-reddit","19":"product_tag-brilho-banho-sal-alemanha","20":"product_tag-sparkle-bath-salt-effect","21":"product_tag-brilho-banho-sal-polnia","22":"product_tag-brilho-banho-sal-sucia","23":"product_tag-brilho-banho-sal-venda","25":"first","26":"instock","27":"shipping-taxable","28":"purchasable","29":"product-type-variable","30":"has-default-attributes"},"yoast_head":"<!-- This site is optimized with the Yoast SEO plugin v27.3 - https:\/\/yoast.com\/product\/yoast-seo-wordpress\/ -->\n<title>Compre Sparkle Bath Salt - Sparkle Bath Salt - Best Global Meds<\/title>\n<meta name=\"description\" content=\"Compre Sparkle Bath Salt para venda no Reino Unido, Europa, AU. oferecemos a transa\u00e7\u00e3o mais confi\u00e1vel e vendemos a pre\u00e7os muito acess\u00edveis. Encomende agora o Sparkle Bath Salt aos melhores pre\u00e7os\" \/>\n<meta name=\"robots\" content=\"index, follow, max-snippet:-1, max-image-preview:large, max-video-preview:-1\" \/>\n<link rel=\"canonical\" href=\"https:\/\/medicinasinc.com\/pt\/product\/comprar-brilho-sal-de-banho\/\" \/>\n<meta property=\"og:locale\" content=\"pt_PT\" \/>\n<meta property=\"og:type\" content=\"article\" \/>\n<meta property=\"og:title\" content=\"Compre Sparkle Bath Salt - Sparkle Bath Salt - Best Global Meds\" \/>\n<meta property=\"og:description\" content=\"Compre Sparkle Bath Salt para venda no Reino Unido, Europa, AU. oferecemos a transa\u00e7\u00e3o mais confi\u00e1vel e vendemos a pre\u00e7os muito acess\u00edveis. Encomende agora o Sparkle Bath Salt aos melhores pre\u00e7os\" \/>\n<meta property=\"og:url\" content=\"https:\/\/medicinasinc.com\/pt\/product\/comprar-brilho-sal-de-banho\/\" \/>\n<meta property=\"og:site_name\" content=\"Medicinas Inc\" \/>\n<meta property=\"article:modified_time\" content=\"2022-07-05T23:01:57+00:00\" \/>\n<meta property=\"og:image\" content=\"https:\/\/medicinasinc.com\/pt\/wp-content\/uploads\/sites\/20\/2022\/02\/Buy-Sparkle-Bath-Salt.jpg\" \/>\n\t<meta property=\"og:image:width\" content=\"750\" \/>\n\t<meta property=\"og:image:height\" content=\"750\" \/>\n\t<meta property=\"og:image:type\" content=\"image\/jpeg\" \/>\n<meta name=\"twitter:card\" content=\"summary_large_image\" \/>\n<meta name=\"twitter:label1\" content=\"Tempo estimado de leitura\" \/>\n\t<meta name=\"twitter:data1\" content=\"2 minutos\" \/>\n<script type=\"application\/ld+json\" class=\"yoast-schema-graph\">{\"@context\":\"https:\\\/\\\/schema.org\",\"@graph\":[{\"@type\":\"WebPage\",\"@id\":\"https:\\\/\\\/medicinasinc.com\\\/pt\\\/product\\\/comprar-brilho-sal-de-banho\\\/\",\"url\":\"https:\\\/\\\/medicinasinc.com\\\/pt\\\/product\\\/comprar-brilho-sal-de-banho\\\/\",\"name\":\"Compre Sparkle Bath Salt - Sparkle Bath Salt - Best Global Meds\",\"isPartOf\":{\"@id\":\"https:\\\/\\\/medicinasinc.com\\\/pt\\\/#website\"},\"primaryImageOfPage\":{\"@id\":\"https:\\\/\\\/medicinasinc.com\\\/pt\\\/product\\\/comprar-brilho-sal-de-banho\\\/#primaryimage\"},\"image\":{\"@id\":\"https:\\\/\\\/medicinasinc.com\\\/pt\\\/product\\\/comprar-brilho-sal-de-banho\\\/#primaryimage\"},\"thumbnailUrl\":\"https:\\\/\\\/medicinasinc.com\\\/pt\\\/wp-content\\\/uploads\\\/sites\\\/20\\\/2022\\\/02\\\/Buy-Sparkle-Bath-Salt.jpg\",\"datePublished\":\"2022-02-22T03:10:06+00:00\",\"dateModified\":\"2022-07-05T23:01:57+00:00\",\"description\":\"Compre Sparkle Bath Salt para venda no Reino Unido, Europa, AU. oferecemos a transa\u00e7\u00e3o mais confi\u00e1vel e vendemos a pre\u00e7os muito acess\u00edveis. Encomende agora o Sparkle Bath Salt aos melhores pre\u00e7os\",\"breadcrumb\":{\"@id\":\"https:\\\/\\\/medicinasinc.com\\\/pt\\\/product\\\/comprar-brilho-sal-de-banho\\\/#breadcrumb\"},\"inLanguage\":\"pt-PT\",\"potentialAction\":[{\"@type\":\"ReadAction\",\"target\":[\"https:\\\/\\\/medicinasinc.com\\\/pt\\\/product\\\/comprar-brilho-sal-de-banho\\\/\"]}]},{\"@type\":\"ImageObject\",\"inLanguage\":\"pt-PT\",\"@id\":\"https:\\\/\\\/medicinasinc.com\\\/pt\\\/product\\\/comprar-brilho-sal-de-banho\\\/#primaryimage\",\"url\":\"https:\\\/\\\/medicinasinc.com\\\/pt\\\/wp-content\\\/uploads\\\/sites\\\/20\\\/2022\\\/02\\\/Buy-Sparkle-Bath-Salt.jpg\",\"contentUrl\":\"https:\\\/\\\/medicinasinc.com\\\/pt\\\/wp-content\\\/uploads\\\/sites\\\/20\\\/2022\\\/02\\\/Buy-Sparkle-Bath-Salt.jpg\",\"width\":750,\"height\":750},{\"@type\":\"BreadcrumbList\",\"@id\":\"https:\\\/\\\/medicinasinc.com\\\/pt\\\/product\\\/comprar-brilho-sal-de-banho\\\/#breadcrumb\",\"itemListElement\":[{\"@type\":\"ListItem\",\"position\":1,\"name\":\"Comprar\",\"item\":\"https:\\\/\\\/medicinasinc.com\\\/pt\\\/comprar\\\/\"},{\"@type\":\"ListItem\",\"position\":2,\"name\":\"Compre sal de banho brilhante\"}]},{\"@type\":\"WebSite\",\"@id\":\"https:\\\/\\\/medicinasinc.com\\\/pt\\\/#website\",\"url\":\"https:\\\/\\\/medicinasinc.com\\\/pt\\\/\",\"name\":\"Medicinas Inc\",\"description\":\"Health Medical Clinic\",\"potentialAction\":[{\"@type\":\"SearchAction\",\"target\":{\"@type\":\"EntryPoint\",\"urlTemplate\":\"https:\\\/\\\/medicinasinc.com\\\/pt\\\/?s={search_term_string}\"},\"query-input\":{\"@type\":\"PropertyValueSpecification\",\"valueRequired\":true,\"valueName\":\"search_term_string\"}}],\"inLanguage\":\"pt-PT\"}]}<\/script>\n<!-- \/ Yoast SEO plugin. -->","yoast_head_json":{"title":"Compre Sparkle Bath Salt - Sparkle Bath Salt - Best Global Meds","description":"Compre Sparkle Bath Salt para venda no Reino Unido, Europa, AU. oferecemos a transa\u00e7\u00e3o mais confi\u00e1vel e vendemos a pre\u00e7os muito acess\u00edveis. Encomende agora o Sparkle Bath Salt aos melhores pre\u00e7os","robots":{"index":"index","follow":"follow","max-snippet":"max-snippet:-1","max-image-preview":"max-image-preview:large","max-video-preview":"max-video-preview:-1"},"canonical":"https:\/\/medicinasinc.com\/pt\/product\/comprar-brilho-sal-de-banho\/","og_locale":"pt_PT","og_type":"article","og_title":"Compre Sparkle Bath Salt - Sparkle Bath Salt - Best Global Meds","og_description":"Compre Sparkle Bath Salt para venda no Reino Unido, Europa, AU. oferecemos a transa\u00e7\u00e3o mais confi\u00e1vel e vendemos a pre\u00e7os muito acess\u00edveis. Encomende agora o Sparkle Bath Salt aos melhores pre\u00e7os","og_url":"https:\/\/medicinasinc.com\/pt\/product\/comprar-brilho-sal-de-banho\/","og_site_name":"Medicinas Inc","article_modified_time":"2022-07-05T23:01:57+00:00","og_image":[{"width":750,"height":750,"url":"https:\/\/medicinasinc.com\/pt\/wp-content\/uploads\/sites\/20\/2022\/02\/Buy-Sparkle-Bath-Salt.jpg","type":"image\/jpeg"}],"twitter_card":"summary_large_image","twitter_misc":{"Tempo estimado de leitura":"2 minutos"},"schema":{"@context":"https:\/\/schema.org","@graph":[{"@type":"WebPage","@id":"https:\/\/medicinasinc.com\/pt\/product\/comprar-brilho-sal-de-banho\/","url":"https:\/\/medicinasinc.com\/pt\/product\/comprar-brilho-sal-de-banho\/","name":"Compre Sparkle Bath Salt - Sparkle Bath Salt - Best Global Meds","isPartOf":{"@id":"https:\/\/medicinasinc.com\/pt\/#website"},"primaryImageOfPage":{"@id":"https:\/\/medicinasinc.com\/pt\/product\/comprar-brilho-sal-de-banho\/#primaryimage"},"image":{"@id":"https:\/\/medicinasinc.com\/pt\/product\/comprar-brilho-sal-de-banho\/#primaryimage"},"thumbnailUrl":"https:\/\/medicinasinc.com\/pt\/wp-content\/uploads\/sites\/20\/2022\/02\/Buy-Sparkle-Bath-Salt.jpg","datePublished":"2022-02-22T03:10:06+00:00","dateModified":"2022-07-05T23:01:57+00:00","description":"Compre Sparkle Bath Salt para venda no Reino Unido, Europa, AU. oferecemos a transa\u00e7\u00e3o mais confi\u00e1vel e vendemos a pre\u00e7os muito acess\u00edveis. Encomende agora o Sparkle Bath Salt aos melhores pre\u00e7os","breadcrumb":{"@id":"https:\/\/medicinasinc.com\/pt\/product\/comprar-brilho-sal-de-banho\/#breadcrumb"},"inLanguage":"pt-PT","potentialAction":[{"@type":"ReadAction","target":["https:\/\/medicinasinc.com\/pt\/product\/comprar-brilho-sal-de-banho\/"]}]},{"@type":"ImageObject","inLanguage":"pt-PT","@id":"https:\/\/medicinasinc.com\/pt\/product\/comprar-brilho-sal-de-banho\/#primaryimage","url":"https:\/\/medicinasinc.com\/pt\/wp-content\/uploads\/sites\/20\/2022\/02\/Buy-Sparkle-Bath-Salt.jpg","contentUrl":"https:\/\/medicinasinc.com\/pt\/wp-content\/uploads\/sites\/20\/2022\/02\/Buy-Sparkle-Bath-Salt.jpg","width":750,"height":750},{"@type":"BreadcrumbList","@id":"https:\/\/medicinasinc.com\/pt\/product\/comprar-brilho-sal-de-banho\/#breadcrumb","itemListElement":[{"@type":"ListItem","position":1,"name":"Comprar","item":"https:\/\/medicinasinc.com\/pt\/comprar\/"},{"@type":"ListItem","position":2,"name":"Compre sal de banho brilhante"}]},{"@type":"WebSite","@id":"https:\/\/medicinasinc.com\/pt\/#website","url":"https:\/\/medicinasinc.com\/pt\/","name":"Medicinas Inc","description":"Health Medical Clinic","potentialAction":[{"@type":"SearchAction","target":{"@type":"EntryPoint","urlTemplate":"https:\/\/medicinasinc.com\/pt\/?s={search_term_string}"},"query-input":{"@type":"PropertyValueSpecification","valueRequired":true,"valueName":"search_term_string"}}],"inLanguage":"pt-PT"}]}},"_links":{"self":[{"href":"https:\/\/medicinasinc.com\/pt\/wp-json\/wp\/v2\/product\/5637","targetHints":{"allow":["GET"]}}],"collection":[{"href":"https:\/\/medicinasinc.com\/pt\/wp-json\/wp\/v2\/product"}],"about":[{"href":"https:\/\/medicinasinc.com\/pt\/wp-json\/wp\/v2\/types\/product"}],"replies":[{"embeddable":true,"href":"https:\/\/medicinasinc.com\/pt\/wp-json\/wp\/v2\/comments?post=5637"}],"wp:featuredmedia":[{"embeddable":true,"href":"https:\/\/medicinasinc.com\/pt\/wp-json\/wp\/v2\/media\/5648"}],"wp:attachment":[{"href":"https:\/\/medicinasinc.com\/pt\/wp-json\/wp\/v2\/media?parent=5637"}],"wp:term":[{"taxonomy":"product_brand","embeddable":true,"href":"https:\/\/medicinasinc.com\/pt\/wp-json\/wp\/v2\/product_brand?post=5637"},{"taxonomy":"product_cat","embeddable":true,"href":"https:\/\/medicinasinc.com\/pt\/wp-json\/wp\/v2\/product_cat?post=5637"},{"taxonomy":"product_tag","embeddable":true,"href":"https:\/\/medicinasinc.com\/pt\/wp-json\/wp\/v2\/product_tag?post=5637"}],"curies":[{"name":"wp","href":"https:\/\/api.w.org\/{rel}","templated":true}]}}