{"id":5636,"date":"2022-02-22T03:08:33","date_gmt":"2022-02-22T03:08:33","guid":{"rendered":"https:\/\/medicinasinc.com\/pt\/?post_type=product&#038;p=5636"},"modified":"2022-07-05T23:02:10","modified_gmt":"2022-07-05T23:02:10","slug":"comprar-sintacaina-po","status":"publish","type":"product","link":"https:\/\/medicinasinc.com\/pt\/product\/comprar-sintacaina-po\/","title":{"rendered":"Compre Sintaca\u00edna em P\u00f3"},"content":{"rendered":"<p>COMPRE P\u00d3 DE SYNTHACAINE PARA USAR<br \/> Synthacaine Powder \u00e9 um produto qu\u00edmico de pesquisa que \u00e9 vendido por um atacadista.<br \/> Ao finalizar a compra, voc\u00ea pode optar por pagar com transfer\u00eancia banc\u00e1ria ou com bitcoins.<br \/> \/&gt; Observe que voc\u00ea s\u00f3 est\u00e1 coberto se o seu pacote for perdido. Se voc\u00ea usar um servi\u00e7o de Segurado Rastreado e seu pacote for perdido, n\u00f3s o enviaremos de volta para voc\u00ea gratuitamente.<br \/> Verifique as leis do seu pa\u00eds sobre importa\u00e7\u00e3o de produtos qu\u00edmicos.<br \/> Pedidos de bitcoins que s\u00e3o feitos de segunda a sexta-feira at\u00e9 as 15h30 ser\u00e3o enviados no mesmo dia em que forem colocados.<\/p>\n<p>Quando a Synthacaine foi usada pela primeira vez na pesquisa, tinha uma m\u00e1 reputa\u00e7\u00e3o. Isso ocorre principalmente porque muitas empresas estavam vendendo amostras de baixa qualidade. Mas n\u00e3o aqui no Highstore.net!<\/p>\n<p>Trabalhamos com um bom laborat\u00f3rio para garantir que toda a sintaca\u00edna que produzimos seja pelo menos 98% pura. N\u00f3s n\u00e3o damos a receita exata para este produto porque \u00e9 uma mistura secreta.<\/p>\n<p>H\u00e1 uma boa reputa\u00e7\u00e3o para a sintaca\u00edna Gr8 Research Chems. Estamos felizes em dizer que nosso estoque vem da mesma fonte.<\/p>\n<p>Ainda h\u00e1 muito que n\u00e3o sabemos sobre esse produto qu\u00edmico, mas at\u00e9 agora, os testes mostram que ele pode fazer as pessoas se sentirem felizes muito rapidamente .<\/p>\n<p>Tamb\u00e9m pode ser um estimulante, por isso \u00e9 importante que os pesquisadores tomem medidas para se manterem longe dele e testem apenas dois lotes de cada vez.<\/p>\n<p>Os produtos qu\u00edmicos que vendemos n\u00e3o s\u00e3o aprovados para nenhum tipo de pesquisa in vivo (ou seja, n\u00e3o em humanos ou animais) ou ensaios cl\u00ednicos, portanto, se forem ingeridos acidentalmente, voc\u00ea deve obter ajuda m\u00e9dica imediatamente. Isso \u00e9 verdade para todos os produtos qu\u00edmicos que vendemos. Siga as regras padr\u00e3o de seguran\u00e7a do laborat\u00f3rio, como usar a prote\u00e7\u00e3o certa para a pele, os olhos e as roupas.<\/p>\n<p>Se voc\u00ea comer, deve procurar ajuda m\u00e9dica imediatamente.<\/p>\n<p>As pessoas podem comprar este produto em quantidades de 500mg e 1 grama. Eles tamb\u00e9m podem compr\u00e1-lo em quantidades de 500mg e 2 gramas.<\/p>\n<p>Deve ter mais de 18 anos e n\u00e3o deve ser consumido por humanos.<\/p>\n","protected":false},"excerpt":{"rendered":"<div class=\"woocommerce-product-details__short-description\">\n<p>Voc\u00ea pode comprar Synthacaine Powder em nossa loja online Best Global Meds no Reino Unido, Europa, \u00c1sia, China e receber rapidamente em todo o mundo! \u00c9 aqui que voc\u00ea encontrar\u00e1 a melhor Synthacaine para comprar.<\/p>\n<p>Synthacaine Powder: Compre Synthacaine Powder, Synthacaine Powder Research Chemical Wholesaler. Ao fazer o check-out, voc\u00ea pode optar por pagar com transfer\u00eancia banc\u00e1ria ou com bitcoins.<\/p>\n<p>Sintaca\u00edna para comprar online A synthacaine pode ser comprada em lojas de produtos qu\u00edmicos online. Voc\u00ea pode encontr\u00e1-los. As lojas de produtos qu\u00edmicos on-line s\u00e3o o melhor lugar para comprar produtos qu\u00edmicos de pesquisa, porque voc\u00ea pode obt\u00ea-los l\u00e1.<\/p>\n<p>O que \u00e9 a sintaca\u00edna? Onde eu posso comprar? Best Global Meds \u00e9 um dos melhores lugares para comprar Synthacaine online. \u00c0 venda: Temos Synthacaine de alta qualidade \u00e0 venda.<\/p>\n<p>Compre Synthacaine Powder por um pre\u00e7o baixo online.<\/p>\n<p>A Synthacaine \u00e9 99,8% pura. A sintaca\u00edna \u00e9 usada em pesquisas. Com 100mgs, \u00e9 muito forte.<\/p>\n<\/p><\/div>\n","protected":false},"featured_media":5646,"comment_status":"open","ping_status":"closed","template":"","meta":[],"product_brand":[],"product_cat":[2014],"product_tag":[3361,3362,3370,3359,3360,3371,3363,3379,3374,3365,3366,3364,3368,3373,3367,3369,3375,3378,3376,3372,3377],"class_list":{"0":"post-5636","1":"product","2":"type-product","3":"status-publish","4":"has-post-thumbnail","6":"product_cat-compre-produtos-quimicos-de-pesquisa","7":"product_tag-buy-synthacaine-powder","8":"product_tag-buy-synthacaine-powder-uk","9":"product_tag-sintacana-p-china","10":"product_tag-comprar-pesquisa-qumica-sintacana-p","11":"product_tag-comprar-pesquisa-qumica-sintacana-p-online","12":"product_tag-sintacana-efeito-p","13":"product_tag-ordem-sintacana-p-europa","14":"product_tag-onde-comprar-sintacana-p","15":"product_tag-sintacana-p-ordem","16":"product_tag-pesquisa-qumico-novo-lanamento-sintacana-p","17":"product_tag-pesquisa-qumico-sintacana-p","18":"product_tag-pesquisa-quim-sintacana-p","19":"product_tag-sintacana-em-p","20":"product_tag-sintacana-p-online","21":"product_tag-pesquisa-qumicos-online","22":"product_tag-sintacana-p-comprar","23":"product_tag-sintacana-p-reddit","24":"product_tag-sintacana-p-atacado","25":"product_tag-synthacaine-powder-research-chemical","26":"product_tag-sintacana-p-venda","27":"product_tag-venda-de-p-de-sintacana","29":"first","30":"instock","31":"shipping-taxable","32":"purchasable","33":"product-type-variable","34":"has-default-attributes"},"yoast_head":"<!-- This site is optimized with the Yoast SEO plugin v27.3 - https:\/\/yoast.com\/product\/yoast-seo-wordpress\/ -->\n<title>Compre Synthacaine Powder - Synthacaine Powder - Best Global Meds<\/title>\n<meta name=\"description\" content=\"Compre Synthacaine Powder UK, Europa, \u00c1sia, China em nossa loja online Best Global Meds com entrega r\u00e1pida em todo o mundo! A melhor Synthaca\u00edna para pedir voc\u00ea encontra aqui!\" \/>\n<meta name=\"robots\" content=\"index, follow, max-snippet:-1, max-image-preview:large, max-video-preview:-1\" \/>\n<link rel=\"canonical\" href=\"https:\/\/medicinasinc.com\/pt\/product\/comprar-sintacaina-po\/\" \/>\n<meta property=\"og:locale\" content=\"pt_PT\" \/>\n<meta property=\"og:type\" content=\"article\" \/>\n<meta property=\"og:title\" content=\"Compre Synthacaine Powder - Synthacaine Powder - Best Global Meds\" \/>\n<meta property=\"og:description\" content=\"Compre Synthacaine Powder UK, Europa, \u00c1sia, China em nossa loja online Best Global Meds com entrega r\u00e1pida em todo o mundo! A melhor Synthaca\u00edna para pedir voc\u00ea encontra aqui!\" \/>\n<meta property=\"og:url\" content=\"https:\/\/medicinasinc.com\/pt\/product\/comprar-sintacaina-po\/\" \/>\n<meta property=\"og:site_name\" content=\"Medicinas Inc\" \/>\n<meta property=\"article:modified_time\" content=\"2022-07-05T23:02:10+00:00\" \/>\n<meta property=\"og:image\" content=\"https:\/\/medicinasinc.com\/pt\/wp-content\/uploads\/sites\/20\/2022\/02\/Buy-Synthacaine-Powder.jpg\" \/>\n\t<meta property=\"og:image:width\" content=\"600\" \/>\n\t<meta property=\"og:image:height\" content=\"600\" \/>\n\t<meta property=\"og:image:type\" content=\"image\/jpeg\" \/>\n<meta name=\"twitter:card\" content=\"summary_large_image\" \/>\n<meta name=\"twitter:label1\" content=\"Tempo estimado de leitura\" \/>\n\t<meta name=\"twitter:data1\" content=\"2 minutos\" \/>\n<script type=\"application\/ld+json\" class=\"yoast-schema-graph\">{\"@context\":\"https:\\\/\\\/schema.org\",\"@graph\":[{\"@type\":\"WebPage\",\"@id\":\"https:\\\/\\\/medicinasinc.com\\\/pt\\\/product\\\/comprar-sintacaina-po\\\/\",\"url\":\"https:\\\/\\\/medicinasinc.com\\\/pt\\\/product\\\/comprar-sintacaina-po\\\/\",\"name\":\"Compre Synthacaine Powder - Synthacaine Powder - Best Global Meds\",\"isPartOf\":{\"@id\":\"https:\\\/\\\/medicinasinc.com\\\/pt\\\/#website\"},\"primaryImageOfPage\":{\"@id\":\"https:\\\/\\\/medicinasinc.com\\\/pt\\\/product\\\/comprar-sintacaina-po\\\/#primaryimage\"},\"image\":{\"@id\":\"https:\\\/\\\/medicinasinc.com\\\/pt\\\/product\\\/comprar-sintacaina-po\\\/#primaryimage\"},\"thumbnailUrl\":\"https:\\\/\\\/medicinasinc.com\\\/pt\\\/wp-content\\\/uploads\\\/sites\\\/20\\\/2022\\\/02\\\/Buy-Synthacaine-Powder.jpg\",\"datePublished\":\"2022-02-22T03:08:33+00:00\",\"dateModified\":\"2022-07-05T23:02:10+00:00\",\"description\":\"Compre Synthacaine Powder UK, Europa, \u00c1sia, China em nossa loja online Best Global Meds com entrega r\u00e1pida em todo o mundo! A melhor Synthaca\u00edna para pedir voc\u00ea encontra aqui!\",\"breadcrumb\":{\"@id\":\"https:\\\/\\\/medicinasinc.com\\\/pt\\\/product\\\/comprar-sintacaina-po\\\/#breadcrumb\"},\"inLanguage\":\"pt-PT\",\"potentialAction\":[{\"@type\":\"ReadAction\",\"target\":[\"https:\\\/\\\/medicinasinc.com\\\/pt\\\/product\\\/comprar-sintacaina-po\\\/\"]}]},{\"@type\":\"ImageObject\",\"inLanguage\":\"pt-PT\",\"@id\":\"https:\\\/\\\/medicinasinc.com\\\/pt\\\/product\\\/comprar-sintacaina-po\\\/#primaryimage\",\"url\":\"https:\\\/\\\/medicinasinc.com\\\/pt\\\/wp-content\\\/uploads\\\/sites\\\/20\\\/2022\\\/02\\\/Buy-Synthacaine-Powder.jpg\",\"contentUrl\":\"https:\\\/\\\/medicinasinc.com\\\/pt\\\/wp-content\\\/uploads\\\/sites\\\/20\\\/2022\\\/02\\\/Buy-Synthacaine-Powder.jpg\",\"width\":600,\"height\":600},{\"@type\":\"BreadcrumbList\",\"@id\":\"https:\\\/\\\/medicinasinc.com\\\/pt\\\/product\\\/comprar-sintacaina-po\\\/#breadcrumb\",\"itemListElement\":[{\"@type\":\"ListItem\",\"position\":1,\"name\":\"Comprar\",\"item\":\"https:\\\/\\\/medicinasinc.com\\\/pt\\\/comprar\\\/\"},{\"@type\":\"ListItem\",\"position\":2,\"name\":\"Compre Sintaca\u00edna em P\u00f3\"}]},{\"@type\":\"WebSite\",\"@id\":\"https:\\\/\\\/medicinasinc.com\\\/pt\\\/#website\",\"url\":\"https:\\\/\\\/medicinasinc.com\\\/pt\\\/\",\"name\":\"Medicinas Inc\",\"description\":\"Health Medical Clinic\",\"potentialAction\":[{\"@type\":\"SearchAction\",\"target\":{\"@type\":\"EntryPoint\",\"urlTemplate\":\"https:\\\/\\\/medicinasinc.com\\\/pt\\\/?s={search_term_string}\"},\"query-input\":{\"@type\":\"PropertyValueSpecification\",\"valueRequired\":true,\"valueName\":\"search_term_string\"}}],\"inLanguage\":\"pt-PT\"}]}<\/script>\n<!-- \/ Yoast SEO plugin. -->","yoast_head_json":{"title":"Compre Synthacaine Powder - Synthacaine Powder - Best Global Meds","description":"Compre Synthacaine Powder UK, Europa, \u00c1sia, China em nossa loja online Best Global Meds com entrega r\u00e1pida em todo o mundo! A melhor Synthaca\u00edna para pedir voc\u00ea encontra aqui!","robots":{"index":"index","follow":"follow","max-snippet":"max-snippet:-1","max-image-preview":"max-image-preview:large","max-video-preview":"max-video-preview:-1"},"canonical":"https:\/\/medicinasinc.com\/pt\/product\/comprar-sintacaina-po\/","og_locale":"pt_PT","og_type":"article","og_title":"Compre Synthacaine Powder - Synthacaine Powder - Best Global Meds","og_description":"Compre Synthacaine Powder UK, Europa, \u00c1sia, China em nossa loja online Best Global Meds com entrega r\u00e1pida em todo o mundo! A melhor Synthaca\u00edna para pedir voc\u00ea encontra aqui!","og_url":"https:\/\/medicinasinc.com\/pt\/product\/comprar-sintacaina-po\/","og_site_name":"Medicinas Inc","article_modified_time":"2022-07-05T23:02:10+00:00","og_image":[{"width":600,"height":600,"url":"https:\/\/medicinasinc.com\/pt\/wp-content\/uploads\/sites\/20\/2022\/02\/Buy-Synthacaine-Powder.jpg","type":"image\/jpeg"}],"twitter_card":"summary_large_image","twitter_misc":{"Tempo estimado de leitura":"2 minutos"},"schema":{"@context":"https:\/\/schema.org","@graph":[{"@type":"WebPage","@id":"https:\/\/medicinasinc.com\/pt\/product\/comprar-sintacaina-po\/","url":"https:\/\/medicinasinc.com\/pt\/product\/comprar-sintacaina-po\/","name":"Compre Synthacaine Powder - Synthacaine Powder - Best Global Meds","isPartOf":{"@id":"https:\/\/medicinasinc.com\/pt\/#website"},"primaryImageOfPage":{"@id":"https:\/\/medicinasinc.com\/pt\/product\/comprar-sintacaina-po\/#primaryimage"},"image":{"@id":"https:\/\/medicinasinc.com\/pt\/product\/comprar-sintacaina-po\/#primaryimage"},"thumbnailUrl":"https:\/\/medicinasinc.com\/pt\/wp-content\/uploads\/sites\/20\/2022\/02\/Buy-Synthacaine-Powder.jpg","datePublished":"2022-02-22T03:08:33+00:00","dateModified":"2022-07-05T23:02:10+00:00","description":"Compre Synthacaine Powder UK, Europa, \u00c1sia, China em nossa loja online Best Global Meds com entrega r\u00e1pida em todo o mundo! A melhor Synthaca\u00edna para pedir voc\u00ea encontra aqui!","breadcrumb":{"@id":"https:\/\/medicinasinc.com\/pt\/product\/comprar-sintacaina-po\/#breadcrumb"},"inLanguage":"pt-PT","potentialAction":[{"@type":"ReadAction","target":["https:\/\/medicinasinc.com\/pt\/product\/comprar-sintacaina-po\/"]}]},{"@type":"ImageObject","inLanguage":"pt-PT","@id":"https:\/\/medicinasinc.com\/pt\/product\/comprar-sintacaina-po\/#primaryimage","url":"https:\/\/medicinasinc.com\/pt\/wp-content\/uploads\/sites\/20\/2022\/02\/Buy-Synthacaine-Powder.jpg","contentUrl":"https:\/\/medicinasinc.com\/pt\/wp-content\/uploads\/sites\/20\/2022\/02\/Buy-Synthacaine-Powder.jpg","width":600,"height":600},{"@type":"BreadcrumbList","@id":"https:\/\/medicinasinc.com\/pt\/product\/comprar-sintacaina-po\/#breadcrumb","itemListElement":[{"@type":"ListItem","position":1,"name":"Comprar","item":"https:\/\/medicinasinc.com\/pt\/comprar\/"},{"@type":"ListItem","position":2,"name":"Compre Sintaca\u00edna em P\u00f3"}]},{"@type":"WebSite","@id":"https:\/\/medicinasinc.com\/pt\/#website","url":"https:\/\/medicinasinc.com\/pt\/","name":"Medicinas Inc","description":"Health Medical Clinic","potentialAction":[{"@type":"SearchAction","target":{"@type":"EntryPoint","urlTemplate":"https:\/\/medicinasinc.com\/pt\/?s={search_term_string}"},"query-input":{"@type":"PropertyValueSpecification","valueRequired":true,"valueName":"search_term_string"}}],"inLanguage":"pt-PT"}]}},"_links":{"self":[{"href":"https:\/\/medicinasinc.com\/pt\/wp-json\/wp\/v2\/product\/5636","targetHints":{"allow":["GET"]}}],"collection":[{"href":"https:\/\/medicinasinc.com\/pt\/wp-json\/wp\/v2\/product"}],"about":[{"href":"https:\/\/medicinasinc.com\/pt\/wp-json\/wp\/v2\/types\/product"}],"replies":[{"embeddable":true,"href":"https:\/\/medicinasinc.com\/pt\/wp-json\/wp\/v2\/comments?post=5636"}],"wp:featuredmedia":[{"embeddable":true,"href":"https:\/\/medicinasinc.com\/pt\/wp-json\/wp\/v2\/media\/5646"}],"wp:attachment":[{"href":"https:\/\/medicinasinc.com\/pt\/wp-json\/wp\/v2\/media?parent=5636"}],"wp:term":[{"taxonomy":"product_brand","embeddable":true,"href":"https:\/\/medicinasinc.com\/pt\/wp-json\/wp\/v2\/product_brand?post=5636"},{"taxonomy":"product_cat","embeddable":true,"href":"https:\/\/medicinasinc.com\/pt\/wp-json\/wp\/v2\/product_cat?post=5636"},{"taxonomy":"product_tag","embeddable":true,"href":"https:\/\/medicinasinc.com\/pt\/wp-json\/wp\/v2\/product_tag?post=5636"}],"curies":[{"name":"wp","href":"https:\/\/api.w.org\/{rel}","templated":true}]}}