{"id":5617,"date":"2022-02-22T02:48:56","date_gmt":"2022-02-22T02:48:56","guid":{"rendered":"https:\/\/medicinasinc.com\/pt\/?post_type=product&#038;p=5617"},"modified":"2022-07-05T23:02:38","modified_gmt":"2022-07-05T23:02:38","slug":"buy-u-47700-po","status":"publish","type":"product","link":"https:\/\/medicinasinc.com\/pt\/product\/buy-u-47700-po\/","title":{"rendered":"Compre o p\u00f3 U-47700"},"content":{"rendered":"<p>Online, voc\u00ea pode comprar p\u00f3 U-47700 por um pre\u00e7o muito baixo.<\/p>\n<p>Compre U-47700 em bestglobalmeds.com.<br \/> Um analg\u00e9sico chamado U-47700 faz parte do opi\u00f3ide fam\u00edlia. Foi feito pela primeira vez por Upjohn cerca de 40 anos atr\u00e1s. Foi feito de AH-7921, que \u00e9 um opi\u00f3ide semelhante. O U-47700 foi importante no desenvolvimento desta classe de opi\u00f3ides, mas n\u00e3o foi testado em humanos ou animais.<\/p>\n<p>Farmacologia: O U-47700 \u00e9 muito bom em atingir o receptor -opi\u00f3ide. Acredita-se que seja 7 a 8 vezes mais potente do que a morfina dose-por-dose. Acredita-se que seja um forte agonista kappa, o que significa que n\u00e3o deve causar muita disforia ou outros problemas.<\/p>\n<p>Pessoas que fabricam os mesmos tipos de produtos qu\u00edmicos<\/p>\n<p>U-50488<br \/> AH-7921<br \/> U-69.593<br \/> A Su\u00e9cia baniu o U-47700 desde janeiro de 2016, mas nenhum outro grande pa\u00eds fez o mesmo.<\/p>\n<p>U-47700, como a maioria opi\u00f3ides e seus derivados, n\u00e3o \u00e9 seguro para as pessoas comerem. Ele \u00e9 vendido apenas para pesquisadores qu\u00edmicos e pessoas que trabalham em laborat\u00f3rios.<\/p>\n","protected":false},"excerpt":{"rendered":"<div class=\"woocommerce-product-details__short-description\">\n<p>\u00c9 f\u00e1cil comprar o U-47700 Powder online na nossa loja medicinasinc.com\/pt e receber rapidamente em qualquer pa\u00eds do mundo! O melhor p\u00f3 U-47700 que voc\u00ea pode comprar est\u00e1 aqui!<\/p>\n<p>Compre o p\u00f3 u-47700 online. Este p\u00f3 marrom \u00e9 muito puro. 99,8% das vezes, \u00e9 natural.<\/p>\n<p>On-line, voc\u00ea pode comprar 1 oz de p\u00f3 U-47700 barato. Uma dose t\u00edpica \u00e9 de alguns miligramas. Confira no que voc\u00ea est\u00e1 se metendo.<\/p>\n<div class=\"char\">ESPECIFICA\u00c7\u00c3O<\/div>\n<div class=\"specification\">\n<div class=\"sprow\"><span class=\"spname \">Nome do produto:<\/span><span class=\"sptext\">U-47700<\/span><\/div>\n<div class=\"sprow\"><span class=\"spname\">Nome IUPAC:<\/span><span class=\"sptext\">trans-3,4-dicloro-N-(2-(dimetilamino)ciclohexil)-N-metilbenzamida<\/span><\/div>\n<div class=\"sprow\"><span class=\"spname\">Outros nomes:<\/span><span class=\"sptext\">Rosa, Pinky, U-47700<\/span><\/div>\n<div class=\"sprow\"><span class=\"spname\">N\u00famero Cas:<\/span><span class=\"sptext\">121348-98-9<\/span><\/div>\n<div class=\"sprow\"><span class=\"spname\">F\u00f3rmula molecular:<\/span><span class=\"sptext\">C16H22Cl2N2O<\/span><\/div>\n<div class=\"sprow\"><span class=\"spname\">Massa Molar:<\/span><span class=\"sptext\"> 329,265 g\/mol<\/span><\/div>\n<div class=\"sprow\"><span class=\"spname\">Efeito:<\/span><span class=\"sptext\">sedativo<\/span><\/div>\n<div class=\"sprow\"><span class=\"spname\">Pureza da subst\u00e2ncia:<\/span><span class=\"sptext\"> 99,9%<\/span><\/div>\n<div class=\"sprow\"><span class=\"spname\">Propriedades f\u00edsicas:<\/span><span class=\"sptext\">P\u00f3 cristalino<\/span><\/div>\n<\/p><\/div>\n<\/p><\/div>\n","protected":false},"featured_media":5629,"comment_status":"open","ping_status":"closed","template":"","meta":[],"product_brand":[],"product_cat":[2014],"product_tag":[3343,3323,3325,3324,3326,3322,3342,3339,3328,3329,3338,3332,3333,3337,3330,3334,3331,3335,3336,3340,3341,3327],"class_list":{"0":"post-5617","1":"product","2":"type-product","3":"status-publish","4":"has-post-thumbnail","6":"product_cat-compre-produtos-quimicos-de-pesquisa","7":"product_tag-atacado-u-47700-p","8":"product_tag-buy-u-47700-powder","9":"product_tag-buy-u-47700-powder-uk","10":"product_tag-buy-u-47700-powder-europe","11":"product_tag-ordem-u-47700-p","12":"product_tag-melhor-lugar-para-comprar-u-47700-p","13":"product_tag-onde-comprar-u-47700-p","14":"product_tag-u-47700-pedido-de-p","15":"product_tag-u-47700-p-comprar","16":"product_tag-u-47700-p-comprar-uk","17":"product_tag-u-47700-p-online","18":"product_tag-u-47700-p-venda","19":"product_tag-u-47700-p-venda-online","20":"product_tag-u-47700-p-perto-de-mim","21":"product_tag-u-47700-efeito-em-p","22":"product_tag-u-47700-p-alemanha","23":"product_tag-u-47700-powder-europe","24":"product_tag-u-47700-p-google","25":"product_tag-u-47700-p-litunia","26":"product_tag-u-47700-p-reddit","27":"product_tag-u-47700-powder-sale","28":"product_tag-varejo-u-47700-p-c3-b3","30":"first","31":"instock","32":"shipping-taxable","33":"purchasable","34":"product-type-variable","35":"has-default-attributes"},"yoast_head":"<!-- This site is optimized with the Yoast SEO plugin v27.3 - https:\/\/yoast.com\/product\/yoast-seo-wordpress\/ -->\n<title>Compre U-47700 Powder - U-47700 Powder Online - Melhores Medicamentos Globais<\/title>\n<meta name=\"description\" content=\"Compre U-47700 Powder Reino Unido, Europa, \u00c1sia, China em nossa loja online medicinasinc.com\/pt com entrega r\u00e1pida em todo o mundo! O melhor P\u00f3 U-47700 para encomenda voc\u00ea encontra aqui!\" \/>\n<meta name=\"robots\" content=\"index, follow, max-snippet:-1, max-image-preview:large, max-video-preview:-1\" \/>\n<link rel=\"canonical\" href=\"https:\/\/medicinasinc.com\/pt\/product\/buy-u-47700-po\/\" \/>\n<meta property=\"og:locale\" content=\"pt_PT\" \/>\n<meta property=\"og:type\" content=\"article\" \/>\n<meta property=\"og:title\" content=\"Compre U-47700 Powder - U-47700 Powder Online - Melhores Medicamentos Globais\" \/>\n<meta property=\"og:description\" content=\"Compre U-47700 Powder Reino Unido, Europa, \u00c1sia, China em nossa loja online medicinasinc.com\/pt com entrega r\u00e1pida em todo o mundo! O melhor P\u00f3 U-47700 para encomenda voc\u00ea encontra aqui!\" \/>\n<meta property=\"og:url\" content=\"https:\/\/medicinasinc.com\/pt\/product\/buy-u-47700-po\/\" \/>\n<meta property=\"og:site_name\" content=\"Medicinas Inc\" \/>\n<meta property=\"article:modified_time\" content=\"2022-07-05T23:02:38+00:00\" \/>\n<meta property=\"og:image\" content=\"https:\/\/medicinasinc.com\/pt\/wp-content\/uploads\/sites\/20\/2022\/02\/Buy-U-47700-POWDER.jpg\" \/>\n\t<meta property=\"og:image:width\" content=\"600\" \/>\n\t<meta property=\"og:image:height\" content=\"600\" \/>\n\t<meta property=\"og:image:type\" content=\"image\/jpeg\" \/>\n<meta name=\"twitter:card\" content=\"summary_large_image\" \/>\n<meta name=\"twitter:label1\" content=\"Tempo estimado de leitura\" \/>\n\t<meta name=\"twitter:data1\" content=\"1 minuto\" \/>\n<script type=\"application\/ld+json\" class=\"yoast-schema-graph\">{\"@context\":\"https:\\\/\\\/schema.org\",\"@graph\":[{\"@type\":\"WebPage\",\"@id\":\"https:\\\/\\\/medicinasinc.com\\\/pt\\\/product\\\/buy-u-47700-po\\\/\",\"url\":\"https:\\\/\\\/medicinasinc.com\\\/pt\\\/product\\\/buy-u-47700-po\\\/\",\"name\":\"Compre U-47700 Powder - U-47700 Powder Online - Melhores Medicamentos Globais\",\"isPartOf\":{\"@id\":\"https:\\\/\\\/medicinasinc.com\\\/pt\\\/#website\"},\"primaryImageOfPage\":{\"@id\":\"https:\\\/\\\/medicinasinc.com\\\/pt\\\/product\\\/buy-u-47700-po\\\/#primaryimage\"},\"image\":{\"@id\":\"https:\\\/\\\/medicinasinc.com\\\/pt\\\/product\\\/buy-u-47700-po\\\/#primaryimage\"},\"thumbnailUrl\":\"https:\\\/\\\/medicinasinc.com\\\/pt\\\/wp-content\\\/uploads\\\/sites\\\/20\\\/2022\\\/02\\\/Buy-U-47700-POWDER.jpg\",\"datePublished\":\"2022-02-22T02:48:56+00:00\",\"dateModified\":\"2022-07-05T23:02:38+00:00\",\"description\":\"Compre U-47700 Powder Reino Unido, Europa, \u00c1sia, China em nossa loja online medicinasinc.com\\\/pt com entrega r\u00e1pida em todo o mundo! O melhor P\u00f3 U-47700 para encomenda voc\u00ea encontra aqui!\",\"breadcrumb\":{\"@id\":\"https:\\\/\\\/medicinasinc.com\\\/pt\\\/product\\\/buy-u-47700-po\\\/#breadcrumb\"},\"inLanguage\":\"pt-PT\",\"potentialAction\":[{\"@type\":\"ReadAction\",\"target\":[\"https:\\\/\\\/medicinasinc.com\\\/pt\\\/product\\\/buy-u-47700-po\\\/\"]}]},{\"@type\":\"ImageObject\",\"inLanguage\":\"pt-PT\",\"@id\":\"https:\\\/\\\/medicinasinc.com\\\/pt\\\/product\\\/buy-u-47700-po\\\/#primaryimage\",\"url\":\"https:\\\/\\\/medicinasinc.com\\\/pt\\\/wp-content\\\/uploads\\\/sites\\\/20\\\/2022\\\/02\\\/Buy-U-47700-POWDER.jpg\",\"contentUrl\":\"https:\\\/\\\/medicinasinc.com\\\/pt\\\/wp-content\\\/uploads\\\/sites\\\/20\\\/2022\\\/02\\\/Buy-U-47700-POWDER.jpg\",\"width\":600,\"height\":600},{\"@type\":\"BreadcrumbList\",\"@id\":\"https:\\\/\\\/medicinasinc.com\\\/pt\\\/product\\\/buy-u-47700-po\\\/#breadcrumb\",\"itemListElement\":[{\"@type\":\"ListItem\",\"position\":1,\"name\":\"Comprar\",\"item\":\"https:\\\/\\\/medicinasinc.com\\\/pt\\\/comprar\\\/\"},{\"@type\":\"ListItem\",\"position\":2,\"name\":\"Compre o p\u00f3 U-47700\"}]},{\"@type\":\"WebSite\",\"@id\":\"https:\\\/\\\/medicinasinc.com\\\/pt\\\/#website\",\"url\":\"https:\\\/\\\/medicinasinc.com\\\/pt\\\/\",\"name\":\"Medicinas Inc\",\"description\":\"Health Medical Clinic\",\"potentialAction\":[{\"@type\":\"SearchAction\",\"target\":{\"@type\":\"EntryPoint\",\"urlTemplate\":\"https:\\\/\\\/medicinasinc.com\\\/pt\\\/?s={search_term_string}\"},\"query-input\":{\"@type\":\"PropertyValueSpecification\",\"valueRequired\":true,\"valueName\":\"search_term_string\"}}],\"inLanguage\":\"pt-PT\"}]}<\/script>\n<!-- \/ Yoast SEO plugin. -->","yoast_head_json":{"title":"Compre U-47700 Powder - U-47700 Powder Online - Melhores Medicamentos Globais","description":"Compre U-47700 Powder Reino Unido, Europa, \u00c1sia, China em nossa loja online medicinasinc.com\/pt com entrega r\u00e1pida em todo o mundo! O melhor P\u00f3 U-47700 para encomenda voc\u00ea encontra aqui!","robots":{"index":"index","follow":"follow","max-snippet":"max-snippet:-1","max-image-preview":"max-image-preview:large","max-video-preview":"max-video-preview:-1"},"canonical":"https:\/\/medicinasinc.com\/pt\/product\/buy-u-47700-po\/","og_locale":"pt_PT","og_type":"article","og_title":"Compre U-47700 Powder - U-47700 Powder Online - Melhores Medicamentos Globais","og_description":"Compre U-47700 Powder Reino Unido, Europa, \u00c1sia, China em nossa loja online medicinasinc.com\/pt com entrega r\u00e1pida em todo o mundo! O melhor P\u00f3 U-47700 para encomenda voc\u00ea encontra aqui!","og_url":"https:\/\/medicinasinc.com\/pt\/product\/buy-u-47700-po\/","og_site_name":"Medicinas Inc","article_modified_time":"2022-07-05T23:02:38+00:00","og_image":[{"width":600,"height":600,"url":"https:\/\/medicinasinc.com\/pt\/wp-content\/uploads\/sites\/20\/2022\/02\/Buy-U-47700-POWDER.jpg","type":"image\/jpeg"}],"twitter_card":"summary_large_image","twitter_misc":{"Tempo estimado de leitura":"1 minuto"},"schema":{"@context":"https:\/\/schema.org","@graph":[{"@type":"WebPage","@id":"https:\/\/medicinasinc.com\/pt\/product\/buy-u-47700-po\/","url":"https:\/\/medicinasinc.com\/pt\/product\/buy-u-47700-po\/","name":"Compre U-47700 Powder - U-47700 Powder Online - Melhores Medicamentos Globais","isPartOf":{"@id":"https:\/\/medicinasinc.com\/pt\/#website"},"primaryImageOfPage":{"@id":"https:\/\/medicinasinc.com\/pt\/product\/buy-u-47700-po\/#primaryimage"},"image":{"@id":"https:\/\/medicinasinc.com\/pt\/product\/buy-u-47700-po\/#primaryimage"},"thumbnailUrl":"https:\/\/medicinasinc.com\/pt\/wp-content\/uploads\/sites\/20\/2022\/02\/Buy-U-47700-POWDER.jpg","datePublished":"2022-02-22T02:48:56+00:00","dateModified":"2022-07-05T23:02:38+00:00","description":"Compre U-47700 Powder Reino Unido, Europa, \u00c1sia, China em nossa loja online medicinasinc.com\/pt com entrega r\u00e1pida em todo o mundo! O melhor P\u00f3 U-47700 para encomenda voc\u00ea encontra aqui!","breadcrumb":{"@id":"https:\/\/medicinasinc.com\/pt\/product\/buy-u-47700-po\/#breadcrumb"},"inLanguage":"pt-PT","potentialAction":[{"@type":"ReadAction","target":["https:\/\/medicinasinc.com\/pt\/product\/buy-u-47700-po\/"]}]},{"@type":"ImageObject","inLanguage":"pt-PT","@id":"https:\/\/medicinasinc.com\/pt\/product\/buy-u-47700-po\/#primaryimage","url":"https:\/\/medicinasinc.com\/pt\/wp-content\/uploads\/sites\/20\/2022\/02\/Buy-U-47700-POWDER.jpg","contentUrl":"https:\/\/medicinasinc.com\/pt\/wp-content\/uploads\/sites\/20\/2022\/02\/Buy-U-47700-POWDER.jpg","width":600,"height":600},{"@type":"BreadcrumbList","@id":"https:\/\/medicinasinc.com\/pt\/product\/buy-u-47700-po\/#breadcrumb","itemListElement":[{"@type":"ListItem","position":1,"name":"Comprar","item":"https:\/\/medicinasinc.com\/pt\/comprar\/"},{"@type":"ListItem","position":2,"name":"Compre o p\u00f3 U-47700"}]},{"@type":"WebSite","@id":"https:\/\/medicinasinc.com\/pt\/#website","url":"https:\/\/medicinasinc.com\/pt\/","name":"Medicinas Inc","description":"Health Medical Clinic","potentialAction":[{"@type":"SearchAction","target":{"@type":"EntryPoint","urlTemplate":"https:\/\/medicinasinc.com\/pt\/?s={search_term_string}"},"query-input":{"@type":"PropertyValueSpecification","valueRequired":true,"valueName":"search_term_string"}}],"inLanguage":"pt-PT"}]}},"_links":{"self":[{"href":"https:\/\/medicinasinc.com\/pt\/wp-json\/wp\/v2\/product\/5617","targetHints":{"allow":["GET"]}}],"collection":[{"href":"https:\/\/medicinasinc.com\/pt\/wp-json\/wp\/v2\/product"}],"about":[{"href":"https:\/\/medicinasinc.com\/pt\/wp-json\/wp\/v2\/types\/product"}],"replies":[{"embeddable":true,"href":"https:\/\/medicinasinc.com\/pt\/wp-json\/wp\/v2\/comments?post=5617"}],"wp:featuredmedia":[{"embeddable":true,"href":"https:\/\/medicinasinc.com\/pt\/wp-json\/wp\/v2\/media\/5629"}],"wp:attachment":[{"href":"https:\/\/medicinasinc.com\/pt\/wp-json\/wp\/v2\/media?parent=5617"}],"wp:term":[{"taxonomy":"product_brand","embeddable":true,"href":"https:\/\/medicinasinc.com\/pt\/wp-json\/wp\/v2\/product_brand?post=5617"},{"taxonomy":"product_cat","embeddable":true,"href":"https:\/\/medicinasinc.com\/pt\/wp-json\/wp\/v2\/product_cat?post=5617"},{"taxonomy":"product_tag","embeddable":true,"href":"https:\/\/medicinasinc.com\/pt\/wp-json\/wp\/v2\/product_tag?post=5617"}],"curies":[{"name":"wp","href":"https:\/\/api.w.org\/{rel}","templated":true}]}}