{"id":5616,"date":"2022-02-22T02:47:20","date_gmt":"2022-02-22T02:47:20","guid":{"rendered":"https:\/\/medicinasinc.com\/pt\/?post_type=product&#038;p=5616"},"modified":"2022-07-05T23:03:01","modified_gmt":"2022-07-05T23:03:01","slug":"comprar-w-18-pilulas","status":"publish","type":"product","link":"https:\/\/medicinasinc.com\/pt\/product\/comprar-w-18-pilulas\/","title":{"rendered":"Compre p\u00edlulas W-18"},"content":{"rendered":"<p>Os comprimidos W-18 podem ser comprados.<\/p>\n<p>Compre os comprimidos W-18 aqui. Este \u00e9 um produto qu\u00edmico que n\u00e3o deve ser usado por pessoas.<\/p>\n<p>Caracter\u00edsticas<br \/> Este item foi feito e testado para atender aos padr\u00f5es ISO17025:2005 e Guide 34:2009.<br \/> Este item destina-se a ser usado como um padr\u00e3o de refer\u00eancia anal\u00edtica.<br \/> H\u00e1 muito material dispon\u00edvel para pesquisa acad\u00eamica em determinadas institui\u00e7\u00f5es. Entre em contato com nosso departamento de vendas para obter pre\u00e7os.<br \/> W-18 (item n\u00ba 15480) \u00e9 um material que pode ser usado para testes. Por causa disso, pode ser muito eficaz no al\u00edvio da dor. No ensaio de contor\u00e7\u00f5es de fenilquinona em camundongos, descobriu-se que \u00e9 muito eficaz no al\u00edvio da dor. 1 Quando se trata de humanos, n\u00e3o sabemos como essa subst\u00e2ncia afeta seus corpos ou como pode machuc\u00e1-los. Este \u00e9 um produto que pode ser usado para fins forenses e de pesquisa.<\/p>\n","protected":false},"excerpt":{"rendered":"<div class=\"woocommerce-product-details__short-description\">\n<p>Compre W-18 Comprimidos \u00e0 venda no Reino Unido, Europa Online Nosso custo de envio e entrega \u00e9 100% seguro e conveniente. fa\u00e7a seu pedido de p\u00edlulas W-18 e obtenha uma qualidade incr\u00edvel de n\u00f3s<\/p>\n<p>W-18 \u00e0 venda | Compre W-18 online | Onde comprar W-18 online- Onde comprar p\u00edlulas W-18 online. Este produto foi fabricado e testado para atender \u00e0s diretrizes ISO17025:2005 e Guide 34:2009<\/p>\n<\/p><\/div>\n","protected":false},"featured_media":5627,"comment_status":"open","ping_status":"closed","template":"","meta":[],"product_brand":[],"product_cat":[1117],"product_tag":[3307,3308,3309,3317,3311,3312,3318,3313,3319,3316,3321,3310,3320,3315,3314],"class_list":{"0":"post-5616","1":"product","2":"type-product","3":"status-publish","4":"has-post-thumbnail","6":"product_cat-compre-pilulas-para-dor-sono-e-sexo","7":"product_tag-buy-w-18","8":"product_tag-buy-w-18-drugs","9":"product_tag-comprar-w-18-plulas","10":"product_tag-w-18-plulas-comprar","11":"product_tag-w-18-drogas","12":"product_tag-w-18-drogas-para-venda","13":"product_tag-w-18-plulas-efeito","14":"product_tag-w-18-efeito","15":"product_tag-w-18-comprimidos-pedido","16":"product_tag-w-18-ordem","17":"product_tag-w-18-reddit","18":"product_tag-w-18-comprar","19":"product_tag-w-18-plulas-atacado","20":"product_tag-w-18-online","21":"product_tag-w-18-c3-a0-venda","23":"first","24":"instock","25":"shipping-taxable","26":"purchasable","27":"product-type-variable"},"yoast_head":"<!-- This site is optimized with the Yoast SEO plugin v27.3 - https:\/\/yoast.com\/product\/yoast-seo-wordpress\/ -->\n<title>Compre W-18 Comprimidos - Comprimidos W-18 para venda - Melhores Medicamentos Globais<\/title>\n<meta name=\"description\" content=\"Compre W-18 Comprimidos \u00e0 venda no Reino Unido, Europa Online Nosso custo de envio e entrega \u00e9 100% seguro e conveniente. fa\u00e7a seu pedido de p\u00edlulas W-18 e obtenha uma qualidade incr\u00edvel de n\u00f3s\" \/>\n<meta name=\"robots\" content=\"index, follow, max-snippet:-1, max-image-preview:large, max-video-preview:-1\" \/>\n<link rel=\"canonical\" href=\"https:\/\/medicinasinc.com\/pt\/product\/comprar-w-18-pilulas\/\" \/>\n<meta property=\"og:locale\" content=\"pt_PT\" \/>\n<meta property=\"og:type\" content=\"article\" \/>\n<meta property=\"og:title\" content=\"Compre W-18 Comprimidos - Comprimidos W-18 para venda - Melhores Medicamentos Globais\" \/>\n<meta property=\"og:description\" content=\"Compre W-18 Comprimidos \u00e0 venda no Reino Unido, Europa Online Nosso custo de envio e entrega \u00e9 100% seguro e conveniente. fa\u00e7a seu pedido de p\u00edlulas W-18 e obtenha uma qualidade incr\u00edvel de n\u00f3s\" \/>\n<meta property=\"og:url\" content=\"https:\/\/medicinasinc.com\/pt\/product\/comprar-w-18-pilulas\/\" \/>\n<meta property=\"og:site_name\" content=\"Medicinas Inc\" \/>\n<meta property=\"article:modified_time\" content=\"2022-07-05T23:03:01+00:00\" \/>\n<meta property=\"og:image\" content=\"https:\/\/medicinasinc.com\/pt\/wp-content\/uploads\/sites\/20\/2022\/02\/Buy-W-18-Pills.jpg\" \/>\n\t<meta property=\"og:image:width\" content=\"840\" \/>\n\t<meta property=\"og:image:height\" content=\"781\" \/>\n\t<meta property=\"og:image:type\" content=\"image\/jpeg\" \/>\n<meta name=\"twitter:card\" content=\"summary_large_image\" \/>\n<meta name=\"twitter:label1\" content=\"Tempo estimado de leitura\" \/>\n\t<meta name=\"twitter:data1\" content=\"1 minuto\" \/>\n<script type=\"application\/ld+json\" class=\"yoast-schema-graph\">{\"@context\":\"https:\\\/\\\/schema.org\",\"@graph\":[{\"@type\":\"WebPage\",\"@id\":\"https:\\\/\\\/medicinasinc.com\\\/pt\\\/product\\\/comprar-w-18-pilulas\\\/\",\"url\":\"https:\\\/\\\/medicinasinc.com\\\/pt\\\/product\\\/comprar-w-18-pilulas\\\/\",\"name\":\"Compre W-18 Comprimidos - Comprimidos W-18 para venda - Melhores Medicamentos Globais\",\"isPartOf\":{\"@id\":\"https:\\\/\\\/medicinasinc.com\\\/pt\\\/#website\"},\"primaryImageOfPage\":{\"@id\":\"https:\\\/\\\/medicinasinc.com\\\/pt\\\/product\\\/comprar-w-18-pilulas\\\/#primaryimage\"},\"image\":{\"@id\":\"https:\\\/\\\/medicinasinc.com\\\/pt\\\/product\\\/comprar-w-18-pilulas\\\/#primaryimage\"},\"thumbnailUrl\":\"https:\\\/\\\/medicinasinc.com\\\/pt\\\/wp-content\\\/uploads\\\/sites\\\/20\\\/2022\\\/02\\\/Buy-W-18-Pills.jpg\",\"datePublished\":\"2022-02-22T02:47:20+00:00\",\"dateModified\":\"2022-07-05T23:03:01+00:00\",\"description\":\"Compre W-18 Comprimidos \u00e0 venda no Reino Unido, Europa Online Nosso custo de envio e entrega \u00e9 100% seguro e conveniente. fa\u00e7a seu pedido de p\u00edlulas W-18 e obtenha uma qualidade incr\u00edvel de n\u00f3s\",\"breadcrumb\":{\"@id\":\"https:\\\/\\\/medicinasinc.com\\\/pt\\\/product\\\/comprar-w-18-pilulas\\\/#breadcrumb\"},\"inLanguage\":\"pt-PT\",\"potentialAction\":[{\"@type\":\"ReadAction\",\"target\":[\"https:\\\/\\\/medicinasinc.com\\\/pt\\\/product\\\/comprar-w-18-pilulas\\\/\"]}]},{\"@type\":\"ImageObject\",\"inLanguage\":\"pt-PT\",\"@id\":\"https:\\\/\\\/medicinasinc.com\\\/pt\\\/product\\\/comprar-w-18-pilulas\\\/#primaryimage\",\"url\":\"https:\\\/\\\/medicinasinc.com\\\/pt\\\/wp-content\\\/uploads\\\/sites\\\/20\\\/2022\\\/02\\\/Buy-W-18-Pills.jpg\",\"contentUrl\":\"https:\\\/\\\/medicinasinc.com\\\/pt\\\/wp-content\\\/uploads\\\/sites\\\/20\\\/2022\\\/02\\\/Buy-W-18-Pills.jpg\",\"width\":840,\"height\":781},{\"@type\":\"BreadcrumbList\",\"@id\":\"https:\\\/\\\/medicinasinc.com\\\/pt\\\/product\\\/comprar-w-18-pilulas\\\/#breadcrumb\",\"itemListElement\":[{\"@type\":\"ListItem\",\"position\":1,\"name\":\"Comprar\",\"item\":\"https:\\\/\\\/medicinasinc.com\\\/pt\\\/comprar\\\/\"},{\"@type\":\"ListItem\",\"position\":2,\"name\":\"Compre p\u00edlulas W-18\"}]},{\"@type\":\"WebSite\",\"@id\":\"https:\\\/\\\/medicinasinc.com\\\/pt\\\/#website\",\"url\":\"https:\\\/\\\/medicinasinc.com\\\/pt\\\/\",\"name\":\"Medicinas Inc\",\"description\":\"Health Medical Clinic\",\"potentialAction\":[{\"@type\":\"SearchAction\",\"target\":{\"@type\":\"EntryPoint\",\"urlTemplate\":\"https:\\\/\\\/medicinasinc.com\\\/pt\\\/?s={search_term_string}\"},\"query-input\":{\"@type\":\"PropertyValueSpecification\",\"valueRequired\":true,\"valueName\":\"search_term_string\"}}],\"inLanguage\":\"pt-PT\"}]}<\/script>\n<!-- \/ Yoast SEO plugin. -->","yoast_head_json":{"title":"Compre W-18 Comprimidos - Comprimidos W-18 para venda - Melhores Medicamentos Globais","description":"Compre W-18 Comprimidos \u00e0 venda no Reino Unido, Europa Online Nosso custo de envio e entrega \u00e9 100% seguro e conveniente. fa\u00e7a seu pedido de p\u00edlulas W-18 e obtenha uma qualidade incr\u00edvel de n\u00f3s","robots":{"index":"index","follow":"follow","max-snippet":"max-snippet:-1","max-image-preview":"max-image-preview:large","max-video-preview":"max-video-preview:-1"},"canonical":"https:\/\/medicinasinc.com\/pt\/product\/comprar-w-18-pilulas\/","og_locale":"pt_PT","og_type":"article","og_title":"Compre W-18 Comprimidos - Comprimidos W-18 para venda - Melhores Medicamentos Globais","og_description":"Compre W-18 Comprimidos \u00e0 venda no Reino Unido, Europa Online Nosso custo de envio e entrega \u00e9 100% seguro e conveniente. fa\u00e7a seu pedido de p\u00edlulas W-18 e obtenha uma qualidade incr\u00edvel de n\u00f3s","og_url":"https:\/\/medicinasinc.com\/pt\/product\/comprar-w-18-pilulas\/","og_site_name":"Medicinas Inc","article_modified_time":"2022-07-05T23:03:01+00:00","og_image":[{"width":840,"height":781,"url":"https:\/\/medicinasinc.com\/pt\/wp-content\/uploads\/sites\/20\/2022\/02\/Buy-W-18-Pills.jpg","type":"image\/jpeg"}],"twitter_card":"summary_large_image","twitter_misc":{"Tempo estimado de leitura":"1 minuto"},"schema":{"@context":"https:\/\/schema.org","@graph":[{"@type":"WebPage","@id":"https:\/\/medicinasinc.com\/pt\/product\/comprar-w-18-pilulas\/","url":"https:\/\/medicinasinc.com\/pt\/product\/comprar-w-18-pilulas\/","name":"Compre W-18 Comprimidos - Comprimidos W-18 para venda - Melhores Medicamentos Globais","isPartOf":{"@id":"https:\/\/medicinasinc.com\/pt\/#website"},"primaryImageOfPage":{"@id":"https:\/\/medicinasinc.com\/pt\/product\/comprar-w-18-pilulas\/#primaryimage"},"image":{"@id":"https:\/\/medicinasinc.com\/pt\/product\/comprar-w-18-pilulas\/#primaryimage"},"thumbnailUrl":"https:\/\/medicinasinc.com\/pt\/wp-content\/uploads\/sites\/20\/2022\/02\/Buy-W-18-Pills.jpg","datePublished":"2022-02-22T02:47:20+00:00","dateModified":"2022-07-05T23:03:01+00:00","description":"Compre W-18 Comprimidos \u00e0 venda no Reino Unido, Europa Online Nosso custo de envio e entrega \u00e9 100% seguro e conveniente. fa\u00e7a seu pedido de p\u00edlulas W-18 e obtenha uma qualidade incr\u00edvel de n\u00f3s","breadcrumb":{"@id":"https:\/\/medicinasinc.com\/pt\/product\/comprar-w-18-pilulas\/#breadcrumb"},"inLanguage":"pt-PT","potentialAction":[{"@type":"ReadAction","target":["https:\/\/medicinasinc.com\/pt\/product\/comprar-w-18-pilulas\/"]}]},{"@type":"ImageObject","inLanguage":"pt-PT","@id":"https:\/\/medicinasinc.com\/pt\/product\/comprar-w-18-pilulas\/#primaryimage","url":"https:\/\/medicinasinc.com\/pt\/wp-content\/uploads\/sites\/20\/2022\/02\/Buy-W-18-Pills.jpg","contentUrl":"https:\/\/medicinasinc.com\/pt\/wp-content\/uploads\/sites\/20\/2022\/02\/Buy-W-18-Pills.jpg","width":840,"height":781},{"@type":"BreadcrumbList","@id":"https:\/\/medicinasinc.com\/pt\/product\/comprar-w-18-pilulas\/#breadcrumb","itemListElement":[{"@type":"ListItem","position":1,"name":"Comprar","item":"https:\/\/medicinasinc.com\/pt\/comprar\/"},{"@type":"ListItem","position":2,"name":"Compre p\u00edlulas W-18"}]},{"@type":"WebSite","@id":"https:\/\/medicinasinc.com\/pt\/#website","url":"https:\/\/medicinasinc.com\/pt\/","name":"Medicinas Inc","description":"Health Medical Clinic","potentialAction":[{"@type":"SearchAction","target":{"@type":"EntryPoint","urlTemplate":"https:\/\/medicinasinc.com\/pt\/?s={search_term_string}"},"query-input":{"@type":"PropertyValueSpecification","valueRequired":true,"valueName":"search_term_string"}}],"inLanguage":"pt-PT"}]}},"_links":{"self":[{"href":"https:\/\/medicinasinc.com\/pt\/wp-json\/wp\/v2\/product\/5616","targetHints":{"allow":["GET"]}}],"collection":[{"href":"https:\/\/medicinasinc.com\/pt\/wp-json\/wp\/v2\/product"}],"about":[{"href":"https:\/\/medicinasinc.com\/pt\/wp-json\/wp\/v2\/types\/product"}],"replies":[{"embeddable":true,"href":"https:\/\/medicinasinc.com\/pt\/wp-json\/wp\/v2\/comments?post=5616"}],"wp:featuredmedia":[{"embeddable":true,"href":"https:\/\/medicinasinc.com\/pt\/wp-json\/wp\/v2\/media\/5627"}],"wp:attachment":[{"href":"https:\/\/medicinasinc.com\/pt\/wp-json\/wp\/v2\/media?parent=5616"}],"wp:term":[{"taxonomy":"product_brand","embeddable":true,"href":"https:\/\/medicinasinc.com\/pt\/wp-json\/wp\/v2\/product_brand?post=5616"},{"taxonomy":"product_cat","embeddable":true,"href":"https:\/\/medicinasinc.com\/pt\/wp-json\/wp\/v2\/product_cat?post=5616"},{"taxonomy":"product_tag","embeddable":true,"href":"https:\/\/medicinasinc.com\/pt\/wp-json\/wp\/v2\/product_tag?post=5616"}],"curies":[{"name":"wp","href":"https:\/\/api.w.org\/{rel}","templated":true}]}}