{"id":5615,"date":"2022-02-22T02:46:09","date_gmt":"2022-02-22T02:46:09","guid":{"rendered":"https:\/\/medicinasinc.com\/pt\/?post_type=product&#038;p=5615"},"modified":"2022-07-05T23:03:18","modified_gmt":"2022-07-05T23:03:18","slug":"comprar-menina-branca-sal-de-banho","status":"publish","type":"product","link":"https:\/\/medicinasinc.com\/pt\/product\/comprar-menina-branca-sal-de-banho\/","title":{"rendered":"Compre o sal de banho White Girl"},"content":{"rendered":"<p>Voc\u00ea pode comprar o sal de banho White Girl na web.<br \/> Os sais de banho White Girl podem ser comprados online. Como fa\u00e7o para compr\u00e1-los?<\/p>\n<p>Onde voc\u00ea quer comprar sais de banho para meninas brancas? N\u00e3o h\u00e1 aborrecimentos ou constrangimentos quando voc\u00ea compra sais de banho para meninas brancas da Best Global Meds. Para garantir que voc\u00ea economize dinheiro ao comprar sais de banho para meninas brancas em nossa farm\u00e1cia on-line, trabalhamos duro. Quando voc\u00ea compra algo do Chemicals Lab, queremos que voc\u00ea pague menos e receba mais.<\/p>\n<p>Compre alguns sais de banho da White Girl.<\/p>\n<p>De uma fonte leg\u00edtima, voc\u00ea pode comprar o White Girl Bath Sais online. Vendemos os melhores produtos de banho, como sais de banho. Os sais de banho dar\u00e3o um banho suave e sensual que o deixar\u00e1 com uma sensa\u00e7\u00e3o de limpeza depois de us\u00e1-los. No entanto, nossos clientes podem ter certeza de que obter\u00e3o os melhores produtos do mercado. No entanto, tamb\u00e9m vendemos e compramos outros sais de banho concentrados a bons pre\u00e7os.<\/p>\n<p>Nossos sais de banho t\u00eam um cheiro forte.<\/p>\n<p>Existem muitos tipos diferentes de sais de banho White Girl, e destinam-se a tornar a sua experi\u00eancia de banho ainda melhor. Uma pequena quantidade \u00e9 tudo o que \u00e9 necess\u00e1rio para fazer uma grande diferen\u00e7a. Voc\u00ea pode, no entanto, apenas adicionar uma pequena quantidade a um banho quente para suavizar naturalmente a \u00e1gua, o que far\u00e1 voc\u00ea se sentir muito energizado e feliz depois. No entanto, \u00e9 usado para se parecer com as fontes termais naturais do mar grego. No in\u00edcio, use muito pouco sal de banho White Girl, porque muito vai sujar a \u00e1gua do seu banho e deix\u00e1-lo infeliz. Os sais de banho White Girl, por outro lado, podem ajud\u00e1-lo a chegar a lugares que voc\u00ea achava imposs\u00edveis.<\/p>\n","protected":false},"excerpt":{"rendered":"<p>A nossa loja medicinasinc.com\/pt vende o White Girl Bath Salt para venda no Reino Unido, Europa e em todo o mundo! Voc\u00ea pode comprar o melhor sal de banho de menina branca aqui!<\/p>\n<p>O pre\u00e7o dos sais de banho de menina branca na Internet pode ser muito alto.<\/p>\n<p>Na Best global meds, voc\u00ea pode comprar menina branca sais de banho no conforto da sua casa. Sais de banho White Girl est\u00e3o \u00e0 venda.<\/p>\n<p>Neste caso, voc\u00ea pode comprar sais de banho na internet White Girl 500mg Bath Salt<\/p>\n<p>Best Global Meds vende sais de banho de alta qualidade que ir\u00e3o dar-lhe um banho suave e sensual que vai deixar voc\u00ea se sentindo limpo.<\/p>\n<p>Quando voc\u00ea compra sais de banho para meninas brancas online de n\u00f3s, voc\u00ea pode ter certeza de que eles ser\u00e3o os melhores que voc\u00ea pode obter. Vendemos e compramos outros sais de banho concentrados a bons pre\u00e7os.<\/p>\n<p>Nossos sais de banho t\u00eam um cheiro forte.<\/p>\n<div class=\"product-next-previous\">\n<div class=\"product- anterior\"><\/div>\n<\/p><\/div>\n","protected":false},"featured_media":5625,"comment_status":"open","ping_status":"closed","template":"","meta":[],"product_brand":[],"product_cat":[2014],"product_tag":[3299,3300,3302,3303,3301,3305,3306,3304],"class_list":{"0":"post-5615","1":"product","2":"type-product","3":"status-publish","4":"has-post-thumbnail","6":"product_cat-compre-produtos-quimicos-de-pesquisa","7":"product_tag-buy-concentrated-white-girl-500mg-bath-salt-online","8":"product_tag-buy-white-girl-bath-salts-online","9":"product_tag-encomendar-branca-menina-sais-de-banho-online","10":"product_tag-onde-comprar-sais-de-banho-menina-branca","11":"product_tag-concentrado-branco-menina-500mg-sais-de-banho","12":"product_tag-sais-de-banho-menina-branca","13":"product_tag-sais-de-banho-menina-branca-para-venda","14":"product_tag-white-girl-500mg-bath-salt-online","16":"first","17":"instock","18":"shipping-taxable","19":"purchasable","20":"product-type-variable","21":"has-default-attributes"},"yoast_head":"<!-- This site is optimized with the Yoast SEO plugin v27.3 - https:\/\/yoast.com\/product\/yoast-seo-wordpress\/ -->\n<title>Comprar sal de banho White Girl - sal de banho para venda - Best Global Meds<\/title>\n<meta name=\"description\" content=\"procurando comprar sal de banho White Girl para venda no Reino Unido, Europa em nossa loja medicinasinc.com\/pt com envio r\u00e1pido para todo o mundo! O melhor Sal de Banho White Girl para encomendar voc\u00ea encontra aqui!\" \/>\n<meta name=\"robots\" content=\"index, follow, max-snippet:-1, max-image-preview:large, max-video-preview:-1\" \/>\n<link rel=\"canonical\" href=\"https:\/\/medicinasinc.com\/pt\/product\/comprar-menina-branca-sal-de-banho\/\" \/>\n<meta property=\"og:locale\" content=\"pt_PT\" \/>\n<meta property=\"og:type\" content=\"article\" \/>\n<meta property=\"og:title\" content=\"Comprar sal de banho White Girl - sal de banho para venda - Best Global Meds\" \/>\n<meta property=\"og:description\" content=\"procurando comprar sal de banho White Girl para venda no Reino Unido, Europa em nossa loja medicinasinc.com\/pt com envio r\u00e1pido para todo o mundo! O melhor Sal de Banho White Girl para encomendar voc\u00ea encontra aqui!\" \/>\n<meta property=\"og:url\" content=\"https:\/\/medicinasinc.com\/pt\/product\/comprar-menina-branca-sal-de-banho\/\" \/>\n<meta property=\"og:site_name\" content=\"Medicinas Inc\" \/>\n<meta property=\"article:modified_time\" content=\"2022-07-05T23:03:18+00:00\" \/>\n<meta property=\"og:image\" content=\"https:\/\/medicinasinc.com\/pt\/wp-content\/uploads\/sites\/20\/2022\/02\/Buy-White-Girl-Bath-Salt.jpg\" \/>\n\t<meta property=\"og:image:width\" content=\"600\" \/>\n\t<meta property=\"og:image:height\" content=\"600\" \/>\n\t<meta property=\"og:image:type\" content=\"image\/jpeg\" \/>\n<meta name=\"twitter:card\" content=\"summary_large_image\" \/>\n<meta name=\"twitter:label1\" content=\"Tempo estimado de leitura\" \/>\n\t<meta name=\"twitter:data1\" content=\"2 minutos\" \/>\n<script type=\"application\/ld+json\" class=\"yoast-schema-graph\">{\"@context\":\"https:\\\/\\\/schema.org\",\"@graph\":[{\"@type\":\"WebPage\",\"@id\":\"https:\\\/\\\/medicinasinc.com\\\/pt\\\/product\\\/comprar-menina-branca-sal-de-banho\\\/\",\"url\":\"https:\\\/\\\/medicinasinc.com\\\/pt\\\/product\\\/comprar-menina-branca-sal-de-banho\\\/\",\"name\":\"Comprar sal de banho White Girl - sal de banho para venda - Best Global Meds\",\"isPartOf\":{\"@id\":\"https:\\\/\\\/medicinasinc.com\\\/pt\\\/#website\"},\"primaryImageOfPage\":{\"@id\":\"https:\\\/\\\/medicinasinc.com\\\/pt\\\/product\\\/comprar-menina-branca-sal-de-banho\\\/#primaryimage\"},\"image\":{\"@id\":\"https:\\\/\\\/medicinasinc.com\\\/pt\\\/product\\\/comprar-menina-branca-sal-de-banho\\\/#primaryimage\"},\"thumbnailUrl\":\"https:\\\/\\\/medicinasinc.com\\\/pt\\\/wp-content\\\/uploads\\\/sites\\\/20\\\/2022\\\/02\\\/Buy-White-Girl-Bath-Salt.jpg\",\"datePublished\":\"2022-02-22T02:46:09+00:00\",\"dateModified\":\"2022-07-05T23:03:18+00:00\",\"description\":\"procurando comprar sal de banho White Girl para venda no Reino Unido, Europa em nossa loja medicinasinc.com\\\/pt com envio r\u00e1pido para todo o mundo! O melhor Sal de Banho White Girl para encomendar voc\u00ea encontra aqui!\",\"breadcrumb\":{\"@id\":\"https:\\\/\\\/medicinasinc.com\\\/pt\\\/product\\\/comprar-menina-branca-sal-de-banho\\\/#breadcrumb\"},\"inLanguage\":\"pt-PT\",\"potentialAction\":[{\"@type\":\"ReadAction\",\"target\":[\"https:\\\/\\\/medicinasinc.com\\\/pt\\\/product\\\/comprar-menina-branca-sal-de-banho\\\/\"]}]},{\"@type\":\"ImageObject\",\"inLanguage\":\"pt-PT\",\"@id\":\"https:\\\/\\\/medicinasinc.com\\\/pt\\\/product\\\/comprar-menina-branca-sal-de-banho\\\/#primaryimage\",\"url\":\"https:\\\/\\\/medicinasinc.com\\\/pt\\\/wp-content\\\/uploads\\\/sites\\\/20\\\/2022\\\/02\\\/Buy-White-Girl-Bath-Salt.jpg\",\"contentUrl\":\"https:\\\/\\\/medicinasinc.com\\\/pt\\\/wp-content\\\/uploads\\\/sites\\\/20\\\/2022\\\/02\\\/Buy-White-Girl-Bath-Salt.jpg\",\"width\":600,\"height\":600},{\"@type\":\"BreadcrumbList\",\"@id\":\"https:\\\/\\\/medicinasinc.com\\\/pt\\\/product\\\/comprar-menina-branca-sal-de-banho\\\/#breadcrumb\",\"itemListElement\":[{\"@type\":\"ListItem\",\"position\":1,\"name\":\"Comprar\",\"item\":\"https:\\\/\\\/medicinasinc.com\\\/pt\\\/comprar\\\/\"},{\"@type\":\"ListItem\",\"position\":2,\"name\":\"Compre o sal de banho White Girl\"}]},{\"@type\":\"WebSite\",\"@id\":\"https:\\\/\\\/medicinasinc.com\\\/pt\\\/#website\",\"url\":\"https:\\\/\\\/medicinasinc.com\\\/pt\\\/\",\"name\":\"Medicinas Inc\",\"description\":\"Health Medical Clinic\",\"potentialAction\":[{\"@type\":\"SearchAction\",\"target\":{\"@type\":\"EntryPoint\",\"urlTemplate\":\"https:\\\/\\\/medicinasinc.com\\\/pt\\\/?s={search_term_string}\"},\"query-input\":{\"@type\":\"PropertyValueSpecification\",\"valueRequired\":true,\"valueName\":\"search_term_string\"}}],\"inLanguage\":\"pt-PT\"}]}<\/script>\n<!-- \/ Yoast SEO plugin. -->","yoast_head_json":{"title":"Comprar sal de banho White Girl - sal de banho para venda - Best Global Meds","description":"procurando comprar sal de banho White Girl para venda no Reino Unido, Europa em nossa loja medicinasinc.com\/pt com envio r\u00e1pido para todo o mundo! O melhor Sal de Banho White Girl para encomendar voc\u00ea encontra aqui!","robots":{"index":"index","follow":"follow","max-snippet":"max-snippet:-1","max-image-preview":"max-image-preview:large","max-video-preview":"max-video-preview:-1"},"canonical":"https:\/\/medicinasinc.com\/pt\/product\/comprar-menina-branca-sal-de-banho\/","og_locale":"pt_PT","og_type":"article","og_title":"Comprar sal de banho White Girl - sal de banho para venda - Best Global Meds","og_description":"procurando comprar sal de banho White Girl para venda no Reino Unido, Europa em nossa loja medicinasinc.com\/pt com envio r\u00e1pido para todo o mundo! O melhor Sal de Banho White Girl para encomendar voc\u00ea encontra aqui!","og_url":"https:\/\/medicinasinc.com\/pt\/product\/comprar-menina-branca-sal-de-banho\/","og_site_name":"Medicinas Inc","article_modified_time":"2022-07-05T23:03:18+00:00","og_image":[{"width":600,"height":600,"url":"https:\/\/medicinasinc.com\/pt\/wp-content\/uploads\/sites\/20\/2022\/02\/Buy-White-Girl-Bath-Salt.jpg","type":"image\/jpeg"}],"twitter_card":"summary_large_image","twitter_misc":{"Tempo estimado de leitura":"2 minutos"},"schema":{"@context":"https:\/\/schema.org","@graph":[{"@type":"WebPage","@id":"https:\/\/medicinasinc.com\/pt\/product\/comprar-menina-branca-sal-de-banho\/","url":"https:\/\/medicinasinc.com\/pt\/product\/comprar-menina-branca-sal-de-banho\/","name":"Comprar sal de banho White Girl - sal de banho para venda - Best Global Meds","isPartOf":{"@id":"https:\/\/medicinasinc.com\/pt\/#website"},"primaryImageOfPage":{"@id":"https:\/\/medicinasinc.com\/pt\/product\/comprar-menina-branca-sal-de-banho\/#primaryimage"},"image":{"@id":"https:\/\/medicinasinc.com\/pt\/product\/comprar-menina-branca-sal-de-banho\/#primaryimage"},"thumbnailUrl":"https:\/\/medicinasinc.com\/pt\/wp-content\/uploads\/sites\/20\/2022\/02\/Buy-White-Girl-Bath-Salt.jpg","datePublished":"2022-02-22T02:46:09+00:00","dateModified":"2022-07-05T23:03:18+00:00","description":"procurando comprar sal de banho White Girl para venda no Reino Unido, Europa em nossa loja medicinasinc.com\/pt com envio r\u00e1pido para todo o mundo! O melhor Sal de Banho White Girl para encomendar voc\u00ea encontra aqui!","breadcrumb":{"@id":"https:\/\/medicinasinc.com\/pt\/product\/comprar-menina-branca-sal-de-banho\/#breadcrumb"},"inLanguage":"pt-PT","potentialAction":[{"@type":"ReadAction","target":["https:\/\/medicinasinc.com\/pt\/product\/comprar-menina-branca-sal-de-banho\/"]}]},{"@type":"ImageObject","inLanguage":"pt-PT","@id":"https:\/\/medicinasinc.com\/pt\/product\/comprar-menina-branca-sal-de-banho\/#primaryimage","url":"https:\/\/medicinasinc.com\/pt\/wp-content\/uploads\/sites\/20\/2022\/02\/Buy-White-Girl-Bath-Salt.jpg","contentUrl":"https:\/\/medicinasinc.com\/pt\/wp-content\/uploads\/sites\/20\/2022\/02\/Buy-White-Girl-Bath-Salt.jpg","width":600,"height":600},{"@type":"BreadcrumbList","@id":"https:\/\/medicinasinc.com\/pt\/product\/comprar-menina-branca-sal-de-banho\/#breadcrumb","itemListElement":[{"@type":"ListItem","position":1,"name":"Comprar","item":"https:\/\/medicinasinc.com\/pt\/comprar\/"},{"@type":"ListItem","position":2,"name":"Compre o sal de banho White Girl"}]},{"@type":"WebSite","@id":"https:\/\/medicinasinc.com\/pt\/#website","url":"https:\/\/medicinasinc.com\/pt\/","name":"Medicinas Inc","description":"Health Medical Clinic","potentialAction":[{"@type":"SearchAction","target":{"@type":"EntryPoint","urlTemplate":"https:\/\/medicinasinc.com\/pt\/?s={search_term_string}"},"query-input":{"@type":"PropertyValueSpecification","valueRequired":true,"valueName":"search_term_string"}}],"inLanguage":"pt-PT"}]}},"_links":{"self":[{"href":"https:\/\/medicinasinc.com\/pt\/wp-json\/wp\/v2\/product\/5615","targetHints":{"allow":["GET"]}}],"collection":[{"href":"https:\/\/medicinasinc.com\/pt\/wp-json\/wp\/v2\/product"}],"about":[{"href":"https:\/\/medicinasinc.com\/pt\/wp-json\/wp\/v2\/types\/product"}],"replies":[{"embeddable":true,"href":"https:\/\/medicinasinc.com\/pt\/wp-json\/wp\/v2\/comments?post=5615"}],"wp:featuredmedia":[{"embeddable":true,"href":"https:\/\/medicinasinc.com\/pt\/wp-json\/wp\/v2\/media\/5625"}],"wp:attachment":[{"href":"https:\/\/medicinasinc.com\/pt\/wp-json\/wp\/v2\/media?parent=5615"}],"wp:term":[{"taxonomy":"product_brand","embeddable":true,"href":"https:\/\/medicinasinc.com\/pt\/wp-json\/wp\/v2\/product_brand?post=5615"},{"taxonomy":"product_cat","embeddable":true,"href":"https:\/\/medicinasinc.com\/pt\/wp-json\/wp\/v2\/product_cat?post=5615"},{"taxonomy":"product_tag","embeddable":true,"href":"https:\/\/medicinasinc.com\/pt\/wp-json\/wp\/v2\/product_tag?post=5615"}],"curies":[{"name":"wp","href":"https:\/\/api.w.org\/{rel}","templated":true}]}}