{"id":5614,"date":"2022-02-22T02:44:39","date_gmt":"2022-02-22T02:44:39","guid":{"rendered":"https:\/\/medicinasinc.com\/pt\/?post_type=product&#038;p=5614"},"modified":"2022-07-05T23:03:35","modified_gmt":"2022-07-05T23:03:35","slug":"comprar-bk-etil-k-cristais","status":"publish","type":"product","link":"https:\/\/medicinasinc.com\/pt\/product\/comprar-bk-etil-k-cristais\/","title":{"rendered":"Compre cristais bk-etil-K"},"content":{"rendered":"<p>Compre bk-Ethyl-K Chemical on-line de um atacadista.<\/p>\n<p>O bk-Ethyl-K Chemical pode ser comprado a granel.<\/p>\n<p>BKK-ethyl-k<\/p>\n<p>Tamb\u00e9m \u00e9 conhecido como Etilona, \u200b\u200bque \u00e9 um energizador entatog\u00eanico. \u00c9 frequentemente chamado de 3,4-metilenodioxi-N-etilcatinona, mas esse nem sempre \u00e9 o nome correto. A etilona \u00e9 chamada de 1-(1,3-Benzodioxol-5-il)-2-(metilamino)-1-propanona porque tem um nome \u00fatil. F\u00f3rmula: C12H15NO3 tem uma massa normal de 221,251999 Da e uma massa monoisot\u00f3pica de 221,104996 Da. Esta \u00e9 a f\u00f3rmula subnuclear. O melhor lugar para comprar etileno \u00e9 a China. Ethylone \u00e9 uma pedra valiosa que pode ser comprada. Compre pedras et\u00edlicas que s\u00e3o valiosas. Fornecedor de Etilona. Compre etileno com desconto. rebate Ethylone<\/p>\n<p>O novo estimulante bk-Ethyl-K \u00e9 uma droga feita por um designer. \u00c9 um an\u00e1logo da anfetamina. N\u00e3o h\u00e1 problemas na alf\u00e2ndega com a nova f\u00f3rmula.<\/p>\n<table class=\"t1\" cellspacing=\"0\" cellpadding=\"0\">\n<tbody>\n<tr>\n<td class=\"td1\" valign=\"top \">\n<p class=\"p3\"><span class=\"s1\"><b>Sin\u00f4nimos<\/b><\/span><\/p>\n<\/td>\n<td class=\"td2\" valign=\"top\">\n<p class=\"p3\"><a href=\"https:\/\/medicinasinc.com\/pt\/product\/research-chemicals\/buy-bk-ethyl-k-crystals\/\"><span class=\"s1\"> bk-Etil-K<\/span><\/a><\/p>\n<\/td>\n<\/tr>\n<tr>\n<td class=\"td3\" valign=\"top\">\n<p class=\"p3\"><span class=\"s1\"><b>IUPAC<\/b><\/span><\/p>\n<\/td>\n<td class=\"td4\" valign=\"top\">\n<p class=\"p3\"><span class=\"s1\">1-(benzo[d][1,3]dioxol-5-il)-2-(etilamino)pentan-1-ona<\/span><\/p>\n<\/td>\n<\/tr>\n<tr>\n<td class=\"td1\" valign=\"top\">\n<p class=\"p3\"><span class=\"s1\"><b>F\u00f3rmula<\/b><\/span><\/p>\n<\/td>\n<td class=\"td2\" valign=\"top\">\n<p class=\"p3\"><span class=\"s1\">N\u00e3o<\/span><\/p>\n<\/td>\n<\/tr>\n<tr>\n<td class=\"td3\" valign=\"top\">\n<p class=\"p3\"><span class=\"s1\"><b>Peso molecular<\/b><\/span><\/p>\n<\/td>\n<td class=\"td4\" valign=\"top\">\n<p class=\"p3\"><span class=\"s1\">N\u00e3o<\/p>\n<\/td>\n<\/tr>\n<tr>\n<td class=\"td1\" valign=\"top\">\n<p class=\"p3\"><span class=\"s1\"><b>CAS <\/b><\/span><\/p>\n<\/td>\n<td class=\"td2\" valign=\"top\">\n<p class=\"p3\"><span class=\"s1\">N\u00e3o<\/span> <\/p>\n<\/td>\n<\/tr>\n<tr>\n<td class=\"td3\" valign=\"top\">\n<p class=\"p3\"><span class=\"s1\"><b>Apar\u00eancia<\/b><\/span><\/p>\n<\/td>\n<td class=\"td4\" valign=\"top\">\n<p class=\"p3\"><span class=\"s1\">N\u00e3o<\/span><\/p>\n<\/td>\n<\/tr>\n<tr>\n<td class=\"td1\" valign=\"top\">\n<p class=\"p3\"><span class=\"s1\"><b>Pureza<\/b> <\/span><\/p>\n<\/td>\n<td class=\"td2\" valign=\"top\">\n<p class=\"p3\"><span class=\"s1\">\u2265 99%<\/span><\/p>\n<\/td>\n<\/tr>\n<\/tbody>\n<\/table>\n<p><img loading=\"lazy\" decoding=\"async\" class=\"alignnone wp-image-923 size-full lazyloaded\" style=\"border: 0px;vertical-align: middle;height: auto;max-width: 100%\" src=\"https:\/\/i2.wp.com\/chemspro.com\/wp-content\/uploads\/sites\/20\/2017\/04\/bk-ethyl-k-e1570866136196. jpg?resize=260%2C185&amp;ssl=1\" alt=\"bk-Ethyl-K \" width=\"260\" height=\"185\" data-attachment-id=\"923\" data-permalink=\"https:\/\/chemspro .com\/stimulants\/bk-ethyl-k-crystals.html\/at tachment\/bk-ethyl-k\" data-orig-file=\"https:\/\/i2.wp.com\/chemspro.com\/wp-content\/uploads\/sites\/20\/2017\/04\/bk-ethyl-k-e1570866136196 .jpg?fit=260%2C185&amp;ssl=1\" data-orig-size=\"260,185\" data-comments-opened=\"1\" data-image-title=\"bk-ethyl-k\" data-image-description=\"&lt;p&gt;bk-Ethyl-K &lt;\/p&gt; \" data-image-caption=\"\" data-medium-file=\"https:\/\/i2.wp.com\/chemspro.com\/wp-content\/uploads\/sites\/20\/2017\/04\/bk-ethyl-k- e1570866136196.jpg?fit=300%2C213&amp;ssl=1\" data-large-file=\"https:\/\/i2.wp.com\/chemspro.com\/wp-content\/uploads\/sites\/20\/2017\/04\/bk -ethyl-k-e1570866136196.jpg?fit=260%2C185&amp;ssl=1\" data-recalc-dims=\"1\" data-src=\"https:\/\/i2.wp.com\/chemspro.com\/wp-content \/uploads\/sites\/20\/2017\/04\/bk-ethyl-k-e1570866136196.jpg?resize=260%2C185&amp;ssl=1\" \/><\/p>\n<p>Pessoas que compram Bk-Ethyl-K deste site deve us\u00e1-lo para pesquisa e forense. Bk- O Etil-K faz parte das fam\u00edlias qu\u00edmicas das catinonas e anfetaminas. Este \u00e9 o peso da f\u00f3rmula: 285,8 g-mol<\/p>\n<p>Ningu\u00e9m sabe o que acontecer\u00e1 com voc\u00ea depois de tomar bk-Ethyl-K, mas pode haver alguns.<\/p>\n<p>O total nome qu\u00edmico \u00e9 bk-Etil-K: 1- (benzo [d] [1,3] dioxol-5-il) -2- (etilamino) pentan-1-ona \u00e9 o primeiro.<\/p>\n<p> Armazenamento: em local fresco e seco. Os termos bk-Ethyl-K podem durar at\u00e9 dois anos se forem armazenados da maneira correta.<\/p>\n","protected":false},"excerpt":{"rendered":"<div class=\"woocommerce-product-details__short-description\">\n<p>Na nossa loja medicinasinc.com\/pt, voc\u00ea pode comprar cristais bk-Ethyl-K baratos para venda no Reino Unido, Europa e em todo o mundo! Aqui \u00e9 onde voc\u00ea pode comprar os melhores cristais bk-Ethyl-K para encomendar.<\/p>\n<p>Compre bk-Ethyl-K Chemical Online de um atacadista. produtos qu\u00edmicos de pesquisa baratos que t\u00eam a melhor pureza para pesquisa<\/p>\n<p>.<\/p>\n<\/p><\/div>\n","protected":false},"featured_media":5623,"comment_status":"open","ping_status":"closed","template":"","meta":[],"product_brand":[],"product_cat":[2014],"product_tag":[3281,3282,3283,3284,3289,3290,3291,3292,3293,3294,3285,3286,3288,3298,3297,3287,3296,3295],"class_list":{"0":"post-5614","1":"product","2":"type-product","3":"status-publish","4":"has-post-thumbnail","6":"product_cat-compre-produtos-quimicos-de-pesquisa","7":"product_tag-best-bk-ethyl-k-crystals-wholesale","8":"product_tag-best-place-to-buy-bk-ethyl-k-crystals","9":"product_tag-best-place-to-buy-mxe","10":"product_tag-bk-ethyl-k-crystals","11":"product_tag-bk-ethyl-k-crystals-kufen","12":"product_tag-bk-ethyl-k-crystals-order","13":"product_tag-bk-ethyl-k-crystals-reddit","14":"product_tag-buy-bk-ethyl-k-crystals","15":"product_tag-buy-bk-ethyl-k-crystals-europe","16":"product_tag-buy-bk-ethyl-k-crystals-uk","17":"product_tag-bk-etil-k-cristais-comprar","18":"product_tag-bk-etil-k-cristais-comprar-europa","19":"product_tag-bk-etil-k-cristais-para-venda","20":"product_tag-atacado-bk-etil-k-cristais","21":"product_tag-varejo-bk-etil-k-cristais","22":"product_tag-efeito-bk-etil-k-cristais","23":"product_tag-ordem-bk-etil-k-cristais-uk","24":"product_tag-ordem-dmt","26":"first","27":"instock","28":"shipping-taxable","29":"purchasable","30":"product-type-variable","31":"has-default-attributes"},"yoast_head":"<!-- This site is optimized with the Yoast SEO plugin v27.3 - https:\/\/yoast.com\/product\/yoast-seo-wordpress\/ -->\n<title>Compre cristais bk-Ethyl-K - bk-Ethyl-K Online- Melhores Medicamentos Globais<\/title>\n<meta name=\"description\" content=\"procurando comprar Cristais de bk-Ethyl-K baratos para venda no Reino Unido, Europa em nossa loja medicinasinc.com\/pt com envio r\u00e1pido para todo o mundo! Os melhores Cristais bk-Ethyl-K para encomenda voc\u00ea encontra aqui!\" \/>\n<meta name=\"robots\" content=\"index, follow, max-snippet:-1, max-image-preview:large, max-video-preview:-1\" \/>\n<link rel=\"canonical\" href=\"https:\/\/medicinasinc.com\/pt\/product\/comprar-bk-etil-k-cristais\/\" \/>\n<meta property=\"og:locale\" content=\"pt_PT\" \/>\n<meta property=\"og:type\" content=\"article\" \/>\n<meta property=\"og:title\" content=\"Compre cristais bk-Ethyl-K - bk-Ethyl-K Online- Melhores Medicamentos Globais\" \/>\n<meta property=\"og:description\" content=\"procurando comprar Cristais de bk-Ethyl-K baratos para venda no Reino Unido, Europa em nossa loja medicinasinc.com\/pt com envio r\u00e1pido para todo o mundo! Os melhores Cristais bk-Ethyl-K para encomenda voc\u00ea encontra aqui!\" \/>\n<meta property=\"og:url\" content=\"https:\/\/medicinasinc.com\/pt\/product\/comprar-bk-etil-k-cristais\/\" \/>\n<meta property=\"og:site_name\" content=\"Medicinas Inc\" \/>\n<meta property=\"article:modified_time\" content=\"2022-07-05T23:03:35+00:00\" \/>\n<meta property=\"og:image\" content=\"https:\/\/medicinasinc.com\/pt\/wp-content\/uploads\/sites\/20\/2022\/02\/Buy-bk-Ethyl-K-Crystals.jpg\" \/>\n\t<meta property=\"og:image:width\" content=\"600\" \/>\n\t<meta property=\"og:image:height\" content=\"600\" \/>\n\t<meta property=\"og:image:type\" content=\"image\/jpeg\" \/>\n<meta name=\"twitter:card\" content=\"summary_large_image\" \/>\n<meta name=\"twitter:label1\" content=\"Tempo estimado de leitura\" \/>\n\t<meta name=\"twitter:data1\" content=\"2 minutos\" \/>\n<script type=\"application\/ld+json\" class=\"yoast-schema-graph\">{\"@context\":\"https:\\\/\\\/schema.org\",\"@graph\":[{\"@type\":\"WebPage\",\"@id\":\"https:\\\/\\\/medicinasinc.com\\\/pt\\\/product\\\/comprar-bk-etil-k-cristais\\\/\",\"url\":\"https:\\\/\\\/medicinasinc.com\\\/pt\\\/product\\\/comprar-bk-etil-k-cristais\\\/\",\"name\":\"Compre cristais bk-Ethyl-K - bk-Ethyl-K Online- Melhores Medicamentos Globais\",\"isPartOf\":{\"@id\":\"https:\\\/\\\/medicinasinc.com\\\/pt\\\/#website\"},\"primaryImageOfPage\":{\"@id\":\"https:\\\/\\\/medicinasinc.com\\\/pt\\\/product\\\/comprar-bk-etil-k-cristais\\\/#primaryimage\"},\"image\":{\"@id\":\"https:\\\/\\\/medicinasinc.com\\\/pt\\\/product\\\/comprar-bk-etil-k-cristais\\\/#primaryimage\"},\"thumbnailUrl\":\"https:\\\/\\\/medicinasinc.com\\\/pt\\\/wp-content\\\/uploads\\\/sites\\\/20\\\/2022\\\/02\\\/Buy-bk-Ethyl-K-Crystals.jpg\",\"datePublished\":\"2022-02-22T02:44:39+00:00\",\"dateModified\":\"2022-07-05T23:03:35+00:00\",\"description\":\"procurando comprar Cristais de bk-Ethyl-K baratos para venda no Reino Unido, Europa em nossa loja medicinasinc.com\\\/pt com envio r\u00e1pido para todo o mundo! Os melhores Cristais bk-Ethyl-K para encomenda voc\u00ea encontra aqui!\",\"breadcrumb\":{\"@id\":\"https:\\\/\\\/medicinasinc.com\\\/pt\\\/product\\\/comprar-bk-etil-k-cristais\\\/#breadcrumb\"},\"inLanguage\":\"pt-PT\",\"potentialAction\":[{\"@type\":\"ReadAction\",\"target\":[\"https:\\\/\\\/medicinasinc.com\\\/pt\\\/product\\\/comprar-bk-etil-k-cristais\\\/\"]}]},{\"@type\":\"ImageObject\",\"inLanguage\":\"pt-PT\",\"@id\":\"https:\\\/\\\/medicinasinc.com\\\/pt\\\/product\\\/comprar-bk-etil-k-cristais\\\/#primaryimage\",\"url\":\"https:\\\/\\\/medicinasinc.com\\\/pt\\\/wp-content\\\/uploads\\\/sites\\\/20\\\/2022\\\/02\\\/Buy-bk-Ethyl-K-Crystals.jpg\",\"contentUrl\":\"https:\\\/\\\/medicinasinc.com\\\/pt\\\/wp-content\\\/uploads\\\/sites\\\/20\\\/2022\\\/02\\\/Buy-bk-Ethyl-K-Crystals.jpg\",\"width\":600,\"height\":600},{\"@type\":\"BreadcrumbList\",\"@id\":\"https:\\\/\\\/medicinasinc.com\\\/pt\\\/product\\\/comprar-bk-etil-k-cristais\\\/#breadcrumb\",\"itemListElement\":[{\"@type\":\"ListItem\",\"position\":1,\"name\":\"Comprar\",\"item\":\"https:\\\/\\\/medicinasinc.com\\\/pt\\\/comprar\\\/\"},{\"@type\":\"ListItem\",\"position\":2,\"name\":\"Compre cristais bk-etil-K\"}]},{\"@type\":\"WebSite\",\"@id\":\"https:\\\/\\\/medicinasinc.com\\\/pt\\\/#website\",\"url\":\"https:\\\/\\\/medicinasinc.com\\\/pt\\\/\",\"name\":\"Medicinas Inc\",\"description\":\"Health Medical Clinic\",\"potentialAction\":[{\"@type\":\"SearchAction\",\"target\":{\"@type\":\"EntryPoint\",\"urlTemplate\":\"https:\\\/\\\/medicinasinc.com\\\/pt\\\/?s={search_term_string}\"},\"query-input\":{\"@type\":\"PropertyValueSpecification\",\"valueRequired\":true,\"valueName\":\"search_term_string\"}}],\"inLanguage\":\"pt-PT\"}]}<\/script>\n<!-- \/ Yoast SEO plugin. -->","yoast_head_json":{"title":"Compre cristais bk-Ethyl-K - bk-Ethyl-K Online- Melhores Medicamentos Globais","description":"procurando comprar Cristais de bk-Ethyl-K baratos para venda no Reino Unido, Europa em nossa loja medicinasinc.com\/pt com envio r\u00e1pido para todo o mundo! Os melhores Cristais bk-Ethyl-K para encomenda voc\u00ea encontra aqui!","robots":{"index":"index","follow":"follow","max-snippet":"max-snippet:-1","max-image-preview":"max-image-preview:large","max-video-preview":"max-video-preview:-1"},"canonical":"https:\/\/medicinasinc.com\/pt\/product\/comprar-bk-etil-k-cristais\/","og_locale":"pt_PT","og_type":"article","og_title":"Compre cristais bk-Ethyl-K - bk-Ethyl-K Online- Melhores Medicamentos Globais","og_description":"procurando comprar Cristais de bk-Ethyl-K baratos para venda no Reino Unido, Europa em nossa loja medicinasinc.com\/pt com envio r\u00e1pido para todo o mundo! Os melhores Cristais bk-Ethyl-K para encomenda voc\u00ea encontra aqui!","og_url":"https:\/\/medicinasinc.com\/pt\/product\/comprar-bk-etil-k-cristais\/","og_site_name":"Medicinas Inc","article_modified_time":"2022-07-05T23:03:35+00:00","og_image":[{"width":600,"height":600,"url":"https:\/\/medicinasinc.com\/pt\/wp-content\/uploads\/sites\/20\/2022\/02\/Buy-bk-Ethyl-K-Crystals.jpg","type":"image\/jpeg"}],"twitter_card":"summary_large_image","twitter_misc":{"Tempo estimado de leitura":"2 minutos"},"schema":{"@context":"https:\/\/schema.org","@graph":[{"@type":"WebPage","@id":"https:\/\/medicinasinc.com\/pt\/product\/comprar-bk-etil-k-cristais\/","url":"https:\/\/medicinasinc.com\/pt\/product\/comprar-bk-etil-k-cristais\/","name":"Compre cristais bk-Ethyl-K - bk-Ethyl-K Online- Melhores Medicamentos Globais","isPartOf":{"@id":"https:\/\/medicinasinc.com\/pt\/#website"},"primaryImageOfPage":{"@id":"https:\/\/medicinasinc.com\/pt\/product\/comprar-bk-etil-k-cristais\/#primaryimage"},"image":{"@id":"https:\/\/medicinasinc.com\/pt\/product\/comprar-bk-etil-k-cristais\/#primaryimage"},"thumbnailUrl":"https:\/\/medicinasinc.com\/pt\/wp-content\/uploads\/sites\/20\/2022\/02\/Buy-bk-Ethyl-K-Crystals.jpg","datePublished":"2022-02-22T02:44:39+00:00","dateModified":"2022-07-05T23:03:35+00:00","description":"procurando comprar Cristais de bk-Ethyl-K baratos para venda no Reino Unido, Europa em nossa loja medicinasinc.com\/pt com envio r\u00e1pido para todo o mundo! Os melhores Cristais bk-Ethyl-K para encomenda voc\u00ea encontra aqui!","breadcrumb":{"@id":"https:\/\/medicinasinc.com\/pt\/product\/comprar-bk-etil-k-cristais\/#breadcrumb"},"inLanguage":"pt-PT","potentialAction":[{"@type":"ReadAction","target":["https:\/\/medicinasinc.com\/pt\/product\/comprar-bk-etil-k-cristais\/"]}]},{"@type":"ImageObject","inLanguage":"pt-PT","@id":"https:\/\/medicinasinc.com\/pt\/product\/comprar-bk-etil-k-cristais\/#primaryimage","url":"https:\/\/medicinasinc.com\/pt\/wp-content\/uploads\/sites\/20\/2022\/02\/Buy-bk-Ethyl-K-Crystals.jpg","contentUrl":"https:\/\/medicinasinc.com\/pt\/wp-content\/uploads\/sites\/20\/2022\/02\/Buy-bk-Ethyl-K-Crystals.jpg","width":600,"height":600},{"@type":"BreadcrumbList","@id":"https:\/\/medicinasinc.com\/pt\/product\/comprar-bk-etil-k-cristais\/#breadcrumb","itemListElement":[{"@type":"ListItem","position":1,"name":"Comprar","item":"https:\/\/medicinasinc.com\/pt\/comprar\/"},{"@type":"ListItem","position":2,"name":"Compre cristais bk-etil-K"}]},{"@type":"WebSite","@id":"https:\/\/medicinasinc.com\/pt\/#website","url":"https:\/\/medicinasinc.com\/pt\/","name":"Medicinas Inc","description":"Health Medical Clinic","potentialAction":[{"@type":"SearchAction","target":{"@type":"EntryPoint","urlTemplate":"https:\/\/medicinasinc.com\/pt\/?s={search_term_string}"},"query-input":{"@type":"PropertyValueSpecification","valueRequired":true,"valueName":"search_term_string"}}],"inLanguage":"pt-PT"}]}},"_links":{"self":[{"href":"https:\/\/medicinasinc.com\/pt\/wp-json\/wp\/v2\/product\/5614","targetHints":{"allow":["GET"]}}],"collection":[{"href":"https:\/\/medicinasinc.com\/pt\/wp-json\/wp\/v2\/product"}],"about":[{"href":"https:\/\/medicinasinc.com\/pt\/wp-json\/wp\/v2\/types\/product"}],"replies":[{"embeddable":true,"href":"https:\/\/medicinasinc.com\/pt\/wp-json\/wp\/v2\/comments?post=5614"}],"wp:featuredmedia":[{"embeddable":true,"href":"https:\/\/medicinasinc.com\/pt\/wp-json\/wp\/v2\/media\/5623"}],"wp:attachment":[{"href":"https:\/\/medicinasinc.com\/pt\/wp-json\/wp\/v2\/media?parent=5614"}],"wp:term":[{"taxonomy":"product_brand","embeddable":true,"href":"https:\/\/medicinasinc.com\/pt\/wp-json\/wp\/v2\/product_brand?post=5614"},{"taxonomy":"product_cat","embeddable":true,"href":"https:\/\/medicinasinc.com\/pt\/wp-json\/wp\/v2\/product_cat?post=5614"},{"taxonomy":"product_tag","embeddable":true,"href":"https:\/\/medicinasinc.com\/pt\/wp-json\/wp\/v2\/product_tag?post=5614"}],"curies":[{"name":"wp","href":"https:\/\/api.w.org\/{rel}","templated":true}]}}