{"id":5592,"date":"2022-02-22T02:23:26","date_gmt":"2022-02-22T02:23:26","guid":{"rendered":"https:\/\/medicinasinc.com\/pt\/?post_type=product&#038;p=5592"},"modified":"2022-07-05T23:03:58","modified_gmt":"2022-07-05T23:03:58","slug":"buy-eth-lad-po","status":"publish","type":"product","link":"https:\/\/medicinasinc.com\/pt\/product\/buy-eth-lad-po\/","title":{"rendered":"Compre ETH-LAD P\u00f3"},"content":{"rendered":"<p>Uma fonte para obter p\u00f3 ETH-LAD, ETH-LAD para venda<\/p>\n<p>Fabricante de p\u00f3 ETH-LAD na China. Fornecedores e atacadistas de P\u00f3 ETH-LAD. Produtos qu\u00edmicos de pesquisa na China \u00e0 venda: ETH-LAD Powder<\/p>\n<p>Ladd, tamb\u00e9m conhecido como ETH-LAD, \u00e9 um tetrahidroindol c\u00edclico (tamb\u00e9m conhecido como ETH-LAD ou ETH-LAD).<\/p>\n<p> Quinolina-9-carboxamida, membro da fam\u00edlia da lisergamida. ETH-LAD \u00e9 um an\u00e1logo do LSD que s\u00f3 recentemente est\u00e1 dispon\u00edvel para a comunidade de pesquisa, abrindo uma infinidade de possibilidades para estudar seus efeitos. Conforme detalhado no livro TiHKAL de Alexander Shulgin na d\u00e9cada de 1970, o ETH-LAD foi sintetizado por um grupo de pesquisa japon\u00eas na d\u00e9cada de 1970.<\/p>\n<p>Descri\u00e7\u00e3o do produto:<\/p>\n<p>Counties of Origin: China; Holanda; Litu\u00e2nia; Estados Unidos da Am\u00e9rica<br \/> ETH-LAD Powder \u00e9 seu nome oficial.<br \/> MF: Nenhum neste momento.<br \/> pureza: maior ou igual a 99,5 por cento<br \/> Borr\u00f5es na apar\u00eancia<br \/> \/&gt; Saco de pl\u00e1stico ou folha de alum\u00ednio para embalagem<\/p>\n<p>Condi\u00e7\u00f5es de pagamento:<\/p>\n<p>A quantidade m\u00ednima do pedido \u00e9 de dez unidades. Pague com Bitcoin, Money Gram, Transfer\u00eancia Banc\u00e1ria ou qualquer m\u00e9todo que desejar.<\/p>\n<p>Amostras est\u00e3o dispon\u00edveis gratuitamente.<\/p>\n<p>Amostras de b\u00f4nus gr\u00e1tis est\u00e3o sempre inclu\u00eddas em cada pedido. Cinco itens distintos, cada um pesando 2 gramas.<br \/> Um conjunto de amostra de 10 ou mais produtos, pesando de 5 a 10 gramas cada, custa US$ 400 e inclui entrega. Entre em contato conosco para fazer um pedido.<\/p>\n<p>Termos de entrega e envio:<\/p>\n<p>Ap\u00f3s receber o pagamento, os produtos ser\u00e3o enviados dentro de um dia \u00fatil.<br \/> UPS, EMS, DHL, TNT ou FEDEX ser\u00e3o usados \u200b\u200bpara enviar os itens. Para cada pa\u00eds, selecionaremos o melhor correio e o m\u00e9todo de envio mais seguro para voc\u00ea.<br \/> 5.-14 dias para o tempo de entrega do EMS. 4-7 dias para DHL, UPS e FedEx.<br \/> R\u00fassia, Austr\u00e1lia e Canad\u00e1 t\u00eam regulamentos alfandeg\u00e1rios severos com os quais podemos ajud\u00e1-lo.<br \/> Na maioria dos casos, voc\u00ea receber\u00e1 seu pedido em quatro a sete dias. Os itens ser\u00e3o reenviados se forem perdidos ou n\u00e3o recebidos por qualquer motivo.<\/p>\n<p>Entre em contato conosco se precisar de outras informa\u00e7\u00f5es.<\/p>\n<p>Observa\u00e7\u00e3o:<\/p>\n<p>N\u00f3s t\u00eam uma grande base global de clientes e est\u00e3o ansiosos para trabalhar com voc\u00ea a longo prazo. Para mais informa\u00e7\u00f5es, n\u00e3o hesite em contactar-nos. Faremos tudo o que pudermos para ajud\u00e1-lo. Muito obrigado!<\/p>\n","protected":false},"excerpt":{"rendered":"<div class=\"g\">\n<div data-hveid=\"CAUQAA\" data-ved=\"2ahUKEwiXmcfFl6nzAhVLQEEAHXkQAPMQFSgAegQIBRAA\">\n<div class=\"tF2Cxc\">\n<div class=\"IsZvec\">\n<div>\n<p>Nossa medicinasinc. com\/pt online oferece entrega r\u00e1pida em todo o mundo do p\u00f3 ETH-LAD, fabricado na Europa e no Reino Unido. Encontre o melhor p\u00f3 ETH-LAD do mercado aqui.<br \/> Distribuidor de intermedi\u00e1rios farmac\u00eauticos e produtos qu\u00edmicos de pesquisa do fornecedor de p\u00f3 ETH-LAD da China<br \/> Voc\u00ea pode comprar o p\u00f3 ETH-LAD neste site. <br \/> Fornecedor europeu de p\u00f3 ETH-LAD.<br \/> Um an\u00e1logo do LSD chamado ETH-LAD Powder pode ser adquirido online.<br \/> Semelhante ao LSD, o ETH-LAD \u00e9 uma subst\u00e2ncia alucin\u00f3gena.<\/p>\n<p>LSD anal\u00f3gico ETH-LAD em p\u00f3. A dose ativa de ETH-LAD, uma droga psicod\u00e9lica com uma faixa de pot\u00eancias entre 20 e 150 microgramas, \u00e9 compar\u00e1vel \u00e0 do LSD.<\/p>\n<p>ETH-LAD Powder est\u00e1 dispon\u00edvel para compra.<\/p>\n<p>A dietilamida do \u00e1cido 6-etil-6-nor-lis\u00e9rgico IUPAC \u00e9 ETH-LAD Powder<\/p>\n<p>Os pedidos ser\u00e3o enviados dos seguintes pa\u00edses: Fran\u00e7a, Alemanha, Reino Unido e Su\u00e9cia.<\/p>\n<\/p><\/div>\n<\/p><\/div>\n<\/p><\/div>\n<\/p><\/div>\n<\/p><\/div>\n","protected":false},"featured_media":5604,"comment_status":"open","ping_status":"closed","template":"","meta":[],"product_brand":[],"product_cat":[2014],"product_tag":[3263,3264,3266,3279,3265,3269,3270,3275,3276,3277,3278,3280,3267,3268,3274,3271,3273,3272],"class_list":{"0":"post-5592","1":"product","2":"type-product","3":"status-publish","4":"has-post-thumbnail","6":"product_cat-compre-produtos-quimicos-de-pesquisa","7":"product_tag-buy-eth-lad-powder","8":"product_tag-buy-eth-lad-powder-uk","9":"product_tag-efeito-eth-lad","10":"product_tag-ordem-eth-lad-p","11":"product_tag-eth-lad-buy","12":"product_tag-eth-lad-powder-effect","13":"product_tag-eth-lad-powder-europe","14":"product_tag-eth-lad-reddit","15":"product_tag-eth-lad-retails","16":"product_tag-eth-lad-review","17":"product_tag-eth-lad-wholesale","18":"product_tag-onde-comprar-eth-lad-p","19":"product_tag-eth-lad-order","20":"product_tag-eth-lad-p","21":"product_tag-eth-lad-p-atacou","22":"product_tag-eth-lad-p-venda","23":"product_tag-eth-lad-powder-uk","24":"product_tag-eth-lad-p-varejo","26":"first","27":"instock","28":"shipping-taxable","29":"purchasable","30":"product-type-variable","31":"has-default-attributes"},"yoast_head":"<!-- This site is optimized with the Yoast SEO plugin v27.3 - https:\/\/yoast.com\/product\/yoast-seo-wordpress\/ -->\n<title>Compre ETH-LAD em p\u00f3 - ETH-LAD Powder Online - Melhores Medicamentos Globais<\/title>\n<meta name=\"description\" content=\"Compre p\u00f3 ETH-LAD Europa, Reino Unido Online na nossa loja online Bestglobalmeds com entrega r\u00e1pida em todo o mundo! O melhor p\u00f3 ETH-LAD para encomenda voc\u00ea encontra aqui!\" \/>\n<meta name=\"robots\" content=\"index, follow, max-snippet:-1, max-image-preview:large, max-video-preview:-1\" \/>\n<link rel=\"canonical\" href=\"https:\/\/medicinasinc.com\/pt\/product\/buy-eth-lad-po\/\" \/>\n<meta property=\"og:locale\" content=\"pt_PT\" \/>\n<meta property=\"og:type\" content=\"article\" \/>\n<meta property=\"og:title\" content=\"Compre ETH-LAD em p\u00f3 - ETH-LAD Powder Online - Melhores Medicamentos Globais\" \/>\n<meta property=\"og:description\" content=\"Compre p\u00f3 ETH-LAD Europa, Reino Unido Online na nossa loja online Bestglobalmeds com entrega r\u00e1pida em todo o mundo! O melhor p\u00f3 ETH-LAD para encomenda voc\u00ea encontra aqui!\" \/>\n<meta property=\"og:url\" content=\"https:\/\/medicinasinc.com\/pt\/product\/buy-eth-lad-po\/\" \/>\n<meta property=\"og:site_name\" content=\"Medicinas Inc\" \/>\n<meta property=\"article:modified_time\" content=\"2022-07-05T23:03:58+00:00\" \/>\n<meta property=\"og:image\" content=\"https:\/\/medicinasinc.com\/pt\/wp-content\/uploads\/sites\/20\/2022\/02\/Buy-ETH-LAD-Powder.jpg\" \/>\n\t<meta property=\"og:image:width\" content=\"600\" \/>\n\t<meta property=\"og:image:height\" content=\"600\" \/>\n\t<meta property=\"og:image:type\" content=\"image\/jpeg\" \/>\n<meta name=\"twitter:card\" content=\"summary_large_image\" \/>\n<meta name=\"twitter:label1\" content=\"Tempo estimado de leitura\" \/>\n\t<meta name=\"twitter:data1\" content=\"2 minutos\" \/>\n<script type=\"application\/ld+json\" class=\"yoast-schema-graph\">{\"@context\":\"https:\\\/\\\/schema.org\",\"@graph\":[{\"@type\":\"WebPage\",\"@id\":\"https:\\\/\\\/medicinasinc.com\\\/pt\\\/product\\\/buy-eth-lad-po\\\/\",\"url\":\"https:\\\/\\\/medicinasinc.com\\\/pt\\\/product\\\/buy-eth-lad-po\\\/\",\"name\":\"Compre ETH-LAD em p\u00f3 - ETH-LAD Powder Online - Melhores Medicamentos Globais\",\"isPartOf\":{\"@id\":\"https:\\\/\\\/medicinasinc.com\\\/pt\\\/#website\"},\"primaryImageOfPage\":{\"@id\":\"https:\\\/\\\/medicinasinc.com\\\/pt\\\/product\\\/buy-eth-lad-po\\\/#primaryimage\"},\"image\":{\"@id\":\"https:\\\/\\\/medicinasinc.com\\\/pt\\\/product\\\/buy-eth-lad-po\\\/#primaryimage\"},\"thumbnailUrl\":\"https:\\\/\\\/medicinasinc.com\\\/pt\\\/wp-content\\\/uploads\\\/sites\\\/20\\\/2022\\\/02\\\/Buy-ETH-LAD-Powder.jpg\",\"datePublished\":\"2022-02-22T02:23:26+00:00\",\"dateModified\":\"2022-07-05T23:03:58+00:00\",\"description\":\"Compre p\u00f3 ETH-LAD Europa, Reino Unido Online na nossa loja online Bestglobalmeds com entrega r\u00e1pida em todo o mundo! O melhor p\u00f3 ETH-LAD para encomenda voc\u00ea encontra aqui!\",\"breadcrumb\":{\"@id\":\"https:\\\/\\\/medicinasinc.com\\\/pt\\\/product\\\/buy-eth-lad-po\\\/#breadcrumb\"},\"inLanguage\":\"pt-PT\",\"potentialAction\":[{\"@type\":\"ReadAction\",\"target\":[\"https:\\\/\\\/medicinasinc.com\\\/pt\\\/product\\\/buy-eth-lad-po\\\/\"]}]},{\"@type\":\"ImageObject\",\"inLanguage\":\"pt-PT\",\"@id\":\"https:\\\/\\\/medicinasinc.com\\\/pt\\\/product\\\/buy-eth-lad-po\\\/#primaryimage\",\"url\":\"https:\\\/\\\/medicinasinc.com\\\/pt\\\/wp-content\\\/uploads\\\/sites\\\/20\\\/2022\\\/02\\\/Buy-ETH-LAD-Powder.jpg\",\"contentUrl\":\"https:\\\/\\\/medicinasinc.com\\\/pt\\\/wp-content\\\/uploads\\\/sites\\\/20\\\/2022\\\/02\\\/Buy-ETH-LAD-Powder.jpg\",\"width\":600,\"height\":600},{\"@type\":\"BreadcrumbList\",\"@id\":\"https:\\\/\\\/medicinasinc.com\\\/pt\\\/product\\\/buy-eth-lad-po\\\/#breadcrumb\",\"itemListElement\":[{\"@type\":\"ListItem\",\"position\":1,\"name\":\"Comprar\",\"item\":\"https:\\\/\\\/medicinasinc.com\\\/pt\\\/comprar\\\/\"},{\"@type\":\"ListItem\",\"position\":2,\"name\":\"Compre ETH-LAD P\u00f3\"}]},{\"@type\":\"WebSite\",\"@id\":\"https:\\\/\\\/medicinasinc.com\\\/pt\\\/#website\",\"url\":\"https:\\\/\\\/medicinasinc.com\\\/pt\\\/\",\"name\":\"Medicinas Inc\",\"description\":\"Health Medical Clinic\",\"potentialAction\":[{\"@type\":\"SearchAction\",\"target\":{\"@type\":\"EntryPoint\",\"urlTemplate\":\"https:\\\/\\\/medicinasinc.com\\\/pt\\\/?s={search_term_string}\"},\"query-input\":{\"@type\":\"PropertyValueSpecification\",\"valueRequired\":true,\"valueName\":\"search_term_string\"}}],\"inLanguage\":\"pt-PT\"}]}<\/script>\n<!-- \/ Yoast SEO plugin. -->","yoast_head_json":{"title":"Compre ETH-LAD em p\u00f3 - ETH-LAD Powder Online - Melhores Medicamentos Globais","description":"Compre p\u00f3 ETH-LAD Europa, Reino Unido Online na nossa loja online Bestglobalmeds com entrega r\u00e1pida em todo o mundo! O melhor p\u00f3 ETH-LAD para encomenda voc\u00ea encontra aqui!","robots":{"index":"index","follow":"follow","max-snippet":"max-snippet:-1","max-image-preview":"max-image-preview:large","max-video-preview":"max-video-preview:-1"},"canonical":"https:\/\/medicinasinc.com\/pt\/product\/buy-eth-lad-po\/","og_locale":"pt_PT","og_type":"article","og_title":"Compre ETH-LAD em p\u00f3 - ETH-LAD Powder Online - Melhores Medicamentos Globais","og_description":"Compre p\u00f3 ETH-LAD Europa, Reino Unido Online na nossa loja online Bestglobalmeds com entrega r\u00e1pida em todo o mundo! O melhor p\u00f3 ETH-LAD para encomenda voc\u00ea encontra aqui!","og_url":"https:\/\/medicinasinc.com\/pt\/product\/buy-eth-lad-po\/","og_site_name":"Medicinas Inc","article_modified_time":"2022-07-05T23:03:58+00:00","og_image":[{"width":600,"height":600,"url":"https:\/\/medicinasinc.com\/pt\/wp-content\/uploads\/sites\/20\/2022\/02\/Buy-ETH-LAD-Powder.jpg","type":"image\/jpeg"}],"twitter_card":"summary_large_image","twitter_misc":{"Tempo estimado de leitura":"2 minutos"},"schema":{"@context":"https:\/\/schema.org","@graph":[{"@type":"WebPage","@id":"https:\/\/medicinasinc.com\/pt\/product\/buy-eth-lad-po\/","url":"https:\/\/medicinasinc.com\/pt\/product\/buy-eth-lad-po\/","name":"Compre ETH-LAD em p\u00f3 - ETH-LAD Powder Online - Melhores Medicamentos Globais","isPartOf":{"@id":"https:\/\/medicinasinc.com\/pt\/#website"},"primaryImageOfPage":{"@id":"https:\/\/medicinasinc.com\/pt\/product\/buy-eth-lad-po\/#primaryimage"},"image":{"@id":"https:\/\/medicinasinc.com\/pt\/product\/buy-eth-lad-po\/#primaryimage"},"thumbnailUrl":"https:\/\/medicinasinc.com\/pt\/wp-content\/uploads\/sites\/20\/2022\/02\/Buy-ETH-LAD-Powder.jpg","datePublished":"2022-02-22T02:23:26+00:00","dateModified":"2022-07-05T23:03:58+00:00","description":"Compre p\u00f3 ETH-LAD Europa, Reino Unido Online na nossa loja online Bestglobalmeds com entrega r\u00e1pida em todo o mundo! O melhor p\u00f3 ETH-LAD para encomenda voc\u00ea encontra aqui!","breadcrumb":{"@id":"https:\/\/medicinasinc.com\/pt\/product\/buy-eth-lad-po\/#breadcrumb"},"inLanguage":"pt-PT","potentialAction":[{"@type":"ReadAction","target":["https:\/\/medicinasinc.com\/pt\/product\/buy-eth-lad-po\/"]}]},{"@type":"ImageObject","inLanguage":"pt-PT","@id":"https:\/\/medicinasinc.com\/pt\/product\/buy-eth-lad-po\/#primaryimage","url":"https:\/\/medicinasinc.com\/pt\/wp-content\/uploads\/sites\/20\/2022\/02\/Buy-ETH-LAD-Powder.jpg","contentUrl":"https:\/\/medicinasinc.com\/pt\/wp-content\/uploads\/sites\/20\/2022\/02\/Buy-ETH-LAD-Powder.jpg","width":600,"height":600},{"@type":"BreadcrumbList","@id":"https:\/\/medicinasinc.com\/pt\/product\/buy-eth-lad-po\/#breadcrumb","itemListElement":[{"@type":"ListItem","position":1,"name":"Comprar","item":"https:\/\/medicinasinc.com\/pt\/comprar\/"},{"@type":"ListItem","position":2,"name":"Compre ETH-LAD P\u00f3"}]},{"@type":"WebSite","@id":"https:\/\/medicinasinc.com\/pt\/#website","url":"https:\/\/medicinasinc.com\/pt\/","name":"Medicinas Inc","description":"Health Medical Clinic","potentialAction":[{"@type":"SearchAction","target":{"@type":"EntryPoint","urlTemplate":"https:\/\/medicinasinc.com\/pt\/?s={search_term_string}"},"query-input":{"@type":"PropertyValueSpecification","valueRequired":true,"valueName":"search_term_string"}}],"inLanguage":"pt-PT"}]}},"_links":{"self":[{"href":"https:\/\/medicinasinc.com\/pt\/wp-json\/wp\/v2\/product\/5592","targetHints":{"allow":["GET"]}}],"collection":[{"href":"https:\/\/medicinasinc.com\/pt\/wp-json\/wp\/v2\/product"}],"about":[{"href":"https:\/\/medicinasinc.com\/pt\/wp-json\/wp\/v2\/types\/product"}],"replies":[{"embeddable":true,"href":"https:\/\/medicinasinc.com\/pt\/wp-json\/wp\/v2\/comments?post=5592"}],"wp:featuredmedia":[{"embeddable":true,"href":"https:\/\/medicinasinc.com\/pt\/wp-json\/wp\/v2\/media\/5604"}],"wp:attachment":[{"href":"https:\/\/medicinasinc.com\/pt\/wp-json\/wp\/v2\/media?parent=5592"}],"wp:term":[{"taxonomy":"product_brand","embeddable":true,"href":"https:\/\/medicinasinc.com\/pt\/wp-json\/wp\/v2\/product_brand?post=5592"},{"taxonomy":"product_cat","embeddable":true,"href":"https:\/\/medicinasinc.com\/pt\/wp-json\/wp\/v2\/product_cat?post=5592"},{"taxonomy":"product_tag","embeddable":true,"href":"https:\/\/medicinasinc.com\/pt\/wp-json\/wp\/v2\/product_tag?post=5592"}],"curies":[{"name":"wp","href":"https:\/\/api.w.org\/{rel}","templated":true}]}}